{"id":938,"date":"2010-06-14T12:52:14","date_gmt":"2010-06-14T11:52:14","guid":{"rendered":"http:\/\/www.skip.cz\/milan\/?page_id=938"},"modified":"2010-06-14T12:52:14","modified_gmt":"2010-06-14T11:52:14","slug":"kutna-horni-lyseciny-2010","status":"publish","type":"page","link":"https:\/\/www.slim2009.cz\/wordpress\/archivalie\/archiv-crnci\/kutna-horni-lyseciny-2010\/","title":{"rendered":"Kutn\u00e1-H.Lyse\u010diny 2010"},"content":{"rendered":"<p>Prvn\u00ed tr\u00e9ninkov\u00e1 d\u00e1vka na K1A je za n\u00e1mi. V\u00fdsledek je celkem pot\u011b\u0161uj\u00edc\u00ed. Na ten kopec se d\u00e1 vyjet! Z\u00e1kladn\u00ed \u010das je stanoven, te\u010f u\u017e<a href=\"http:\/\/www.slim2009.cz\/wordpress\/wp-content\/uploads\/2010\/06\/IMG_7733.jpg\" target=\"_blank\" rel=\"noopener\"><img loading=\"lazy\" decoding=\"async\" class=\"alignright wp-image-973\" title=\"IMG_7733\" src=\"http:\/\/www.slim2009.cz\/wordpress\/wp-content\/uploads\/2010\/06\/IMG_7733.jpg\" alt=\"\" width=\"221\" height=\"147\" \/><\/a> nezb\u00fdv\u00e1, ne\u017e se\u00a0v\u00fdkonostn\u011b zlep\u0161ovat. Pravda peloton nebyl z nejv\u011bt\u0161\u00edch,\u00a0\u00a0nebo\u0165 se v tu samou dobu konalo n\u011bkolik osv\u011btov\u00fdch podnik\u016f.\u00a0Nejv\u00fdznam\u011bj\u0161\u00ed z nich &#8222;Trutnovsk\u00fd Pivofest&#8220;\u00a0n\u011bkter\u00e9 potenci\u00e1ln\u00ed \u00fa\u010dastn\u00edky\u00a0zl\u00e1kal, tak\u017ee se omluvili no a jin\u00ed\u00a0nep\u0159ijeli na start. Aspo\u0148 mi nikdo do m\u00e9ho tempa nekecal. Trasa vedla pod\u00e9l Zlat\u00e9ho potoka do Byst\u0159ice, kde se napojila na cyklostezku \u010d\u00edslo 26, vedouc\u00ed p\u0159\u00edmo na vrchol Kutn\u00e1. Prvn\u00edch \u010dty\u0159i a p\u016fl\u00a0kilometr\u016f je to brnka\u010dka. Nejprve dva kil\u00e1sky asfaltu, pak lesn\u00ed\u00a0cesta\u00a0do Byst\u0159ice, dvakr\u00e1t p\u0159es Zlat\u00fd potok.\u00a0B\u00fdval\u00e1 obec Byst\u0159ice sest\u00e1v\u00e1 z posledn\u00edch dvou bar\u00e1k\u016f, bo\u017e\u00edch muk, polorozpadl\u00e9 kapli\u010dky a jedn\u00e9 novodob\u00e9 chaty. Hned za Byst\u0159ic\u00ed\u00a0trasa naposledy p\u0159ekro\u010d\u00ed Zlat\u00fd potok a napoj\u00ed se na cyklotrasu s \u010d\u00edslem 26. Mal\u00e1 zast\u00e1vka u kamen\u00e9ho mostku a pak u\u017e za\u010d\u00edn\u00e1 t\u00e1hl\u00e9 stoupan\u00ed do vy\u0161\u0161\u00edch pater r\u00fdchor. V\u00a0 lev\u00e9 vrace\u010dce, se rovina zprudka naklon\u00ed a za\u010d\u00edn\u00e1 ub\u00fdvat vduch. Trasa \u010d.26 je na\u0161t\u011bst\u00ed zat\u00edm asfaltov\u00e1 a tak to jak\u0161tak\u0161 jde. Netrv\u00e1 to ani dlouho a doch\u00e1zej\u00ed mi p\u0159evody a chv\u00edli na to i vzduch. Vytrv\u00e1v\u00e1m v jak\u00e9msi tempu, kdy\u017e v tom se oz\u00fdvaj\u00ed z b\u00e1gl\u00edku p\u00edpac\u00ed zvuky, <a href=\"http:\/\/www.slim2009.cz\/wordpress\/wp-content\/uploads\/2010\/06\/IMG_7742.jpg\" target=\"_blank\" rel=\"noopener\"><img loading=\"lazy\" decoding=\"async\" class=\"alignleft wp-image-975\" title=\"IMG_7742\" src=\"http:\/\/www.slim2009.cz\/wordpress\/wp-content\/uploads\/2010\/06\/IMG_7742.jpg\" alt=\"\" width=\"221\" height=\"147\" \/><\/a>jako kdy\u017e telefon ztr\u00e1c\u00ed sign\u00e1l. Jen\u017ee s ka\u017ed\u00fdm \u0161l\u00e1pnut\u00edm dal\u0161\u00ed p\u00edp. Rad\u0161i lezu z kola, vytahuju ru\u010dn\u00edk, fo\u0165\u00e1k a futr\u00e1l s telefonem. Ejhle, z\u00e1dama se mi poda\u0159ilo aktivovat p\u0159\u00edstroj a vy\u0165uk\u00e1vat p\u0159\u00edkazy. Konstatuji, \u017ee bude l\u00edp telefon vypnout, abych snad nedej p\u0159\u00edrodo,\u00a0si n\u011bco vymazal. Pak ut\u0159\u00edt \u010delo, v\u0161echno nacpat zp\u00e1tky do b\u00e1gl\u00edku a do sedla. Okam\u017eit\u011b konstatuji, \u017ee rovina je st\u00e1le p\u0159\u00edli\u0161 naklon\u011bn\u00e1 a tak nezb\u00fdv\u00e1, ne\u017e &#8222;ka\u0161p\u00e1rek&#8220; ( n\u00e1zvoslov\u00ed p\u0159evzato od <a href=\"http:\/\/www.negri.cz\" target=\"_blank\" rel=\"noopener\">www.negri.cz<\/a>\u00a0). Celkem jich bylo a\u017e na Kutnou, t\u0159i. Po dv\u011bst\u011b metrech se naklon\u011bn\u00e1 rovina skoro narovnala, tak tedy kone\u010dn\u011b do sedla. Prozat\u00edm se nikde neobjevil ani \u017eiv\u00e1\u010dek. U\u017e to vypadalo, \u017ee jsem na <a href=\"http:\/\/www.slim2009.cz\/wordpress\/wp-content\/uploads\/2010\/06\/IMG_7749.jpg\" target=\"_blank\" rel=\"noopener\"><img loading=\"lazy\" decoding=\"async\" class=\"alignright wp-image-977\" title=\"IMG_7749\" src=\"http:\/\/www.slim2009.cz\/wordpress\/wp-content\/uploads\/2010\/06\/IMG_7749.jpg\" alt=\"\" width=\"221\" height=\"147\" \/><\/a>cel\u00fdch hor\u00e1ch jenom j\u00e1 a R\u00fcbezahl, ale v tom se kolem prohnali bajke\u0159i. T\u011bm se to\u00a0jede, pomyslel jsem si a d\u00e1l si \u0161lapu svou. Asi tak po p\u016fl kilometru se bl\u00ed\u017e\u00edm ke dv\u011bma ro\u0161t\u011bnk\u00e1m, kter\u00e9 bezradn\u011b stoj\u00ed uprost\u0159ed cesty. Jak se tak bl\u00ed\u017e\u00edm, zasunuju vanu, p\u0159id\u00e1v\u00e1m na tempu, dejch\u00e1m jako bych jel po rovin\u011b, aby vid\u011bli vrcholov\u00e9ho sportovce v rozpuku a abych taky\u00a0jako zanechal dojem.\u00a0\u00da\u010dinek\u00a0byl ur\u010dit\u011b ohromuj\u00edc\u00ed. V tom jedna ro\u0161t\u011bnka vypustila ot\u00e1zku. Nevid\u011bl jste proj\u00ed\u017ed\u011bt \u0144\u00e1k\u00fd kluky na kolech? J\u00f3, ti u\u017e jsou d\u00f3le, ods\u00fdpal jsem z posledn\u00edm dechem. D\u011bkujeme, sly\u0161el jsem je\u0161t\u011b ale pak u\u017e jsem vysunul vanu, p\u0159ehodil na vy\u0161\u0161\u00ed stup\u011b\u0148 a sna\u017eil se popadnout dech, abych se n\u011bj\u00e1k srovnal. Jakmile byli z <a href=\"http:\/\/www.slim2009.cz\/wordpress\/wp-content\/uploads\/2010\/06\/IMG_7757.jpg\" target=\"_blank\" rel=\"noopener\"><img loading=\"lazy\" decoding=\"async\" class=\"alignleft wp-image-978\" title=\"IMG_7757\" src=\"http:\/\/www.slim2009.cz\/wordpress\/wp-content\/uploads\/2010\/06\/IMG_7757.jpg\" alt=\"\" width=\"221\" height=\"147\" \/><\/a>dohledu, do\u0161el mi dech i s\u00edla a tak do\u0161lo na dal\u0161\u00edho ka\u0161p\u00e1rka. Jak se mi dech srovnal, hups na kolo, ale jen se rozjedu, otev\u00edr\u00e1 se p\u0159edemnou lou\u010dka a v jej\u00edm vzd\u00e1len\u00e9m kout\u011b stoj\u00ed &#8222;Schutzkappele&#8220; \u010desky ochrann\u00e1 kaple. Tak hezky z kola d\u00f3lu a ud\u011blat fote\u010dku, ut\u0159\u00edt \u010delo, nap\u00edt se a za chvilku zase do sedla. Podle sm\u011brn\u00edku by to m\u011blo b\u00fdt je\u0161t\u011b 4,5km. Pomalu se sunu d\u00e1l do vrchu. Zat\u00edm vedla cesta pouze lesem. Za kapl\u00ed se na chvilinku otev\u0159ely v\u00fdhledy sm\u011brem na Zvi\u010dinu. Cesta\u00a0op\u011bt za\u010d\u00edn\u00e1 stoupat v\u00edce n\u011b\u017e je zdr\u00e1vo ale jen kr\u00e1tce. Zat\u00edm po\u0159\u00e1d \u0161lapu. Za zat\u00e1\u010dkou jedu dokonce z kope\u010dka. To netrv\u00e1 moc dlouho a za dal\u0161\u00ed zat\u00e1\u010dkou po p\u0159ekro\u010den\u00ed potoka Kaln\u00e1, za\u010d\u00edn\u00e1 p\u011bknej hank. N\u011bkolik stovek metr\u016f to s vyp\u011bt\u00edm sil\u00a0\u0161lo ale na dohled chaty <a href=\"http:\/\/www.slim2009.cz\/wordpress\/wp-content\/uploads\/2010\/06\/IMG_7769.jpg\" target=\"_blank\" rel=\"noopener\"><img loading=\"lazy\" decoding=\"async\" class=\"alignright wp-image-980\" title=\"IMG_7769\" src=\"http:\/\/www.slim2009.cz\/wordpress\/wp-content\/uploads\/2010\/06\/IMG_7769.jpg\" alt=\"\" width=\"221\" height=\"147\" \/><\/a>Pa\u0161ovka byl se silama amen. Stejn\u011b se \u00fadajn\u011b na kole zkracujou \u0161lachy, tak si je zase prodlou\u017e\u00edm. Ejhle! Od Pa\u0161ovky se odpoutal vl\u010d\u00e1k a druhej ho sleduje z verandy. Asi sme\u010dka divok\u00fdch krvela\u010dn\u00fdch vlk\u016f a jde po m\u011b. Ne\u0161la. Kdosi vydal povel, vl\u010d\u00e1k se zastavil a nechal m\u011b proj\u00edt kolem s kolem. Po fote\u010dce znovu nased\u00e1m. Rozcestn\u00edk hl\u00e1s\u00ed posledn\u00ed dva kil\u00e1sky. Asfaltka se m\u011bn\u00ed v p\u0159\u00edrodn\u00ed cestu, stoup\u00e1n\u00ed u\u017e nen\u00ed tak stm\u00fd, m\u00edj\u00edm cedulku II. z\u00f3na n\u00e1rodn\u00edho parku a v z\u00e1p\u011bt\u00ed I.z\u00f3na. Stoup\u00e1n\u00ed se narovn\u00e1v\u00e1, les \u0159\u00eddne a u\u017e je tady vrchol. Jsem na Kutn\u00fd. Odhazuju kolo, sund\u00e1v\u00e1m b\u00e1gl\u00edk a ot\u00edr\u00e1m si zpocenou hlavu. Co te\u010f? Pojedu zp\u00e1tky nebo pojedu d\u00e1l. Vlastn\u011b to nebylo tak\u00a0hrozn\u00fd, vyjet na Kutnou. Z vrcholu pos\u00edl\u00e1m oslavn\u00e9 esemesky, co\u017e nebylo jen tak, proto\u017ee sign\u00e1l se co chv\u00edli vytr\u00e1cel. Po odpo\u010dinku pokra\u010duju d\u00e1l sm\u011brem na Albe\u0159ice s malou zast\u00e1vkou u &#8222;n\u00e1horn\u00edho skotu&#8220;. Trochu m\u011b d\u011bsila p\u0159edstava, \u017ee sjedu dol\u016f do Albe\u0159ic a pak budu muset vyjet na Horn\u00ed Lyse\u010diny. Tak do\u0161lo na zm\u011bnu a vydal <a href=\"http:\/\/www.slim2009.cz\/wordpress\/wp-content\/uploads\/2010\/06\/IMG_7776.jpg\" target=\"_blank\" rel=\"noopener\"><img loading=\"lazy\" decoding=\"async\" class=\"alignleft wp-image-982\" title=\"IMG_7776\" src=\"http:\/\/www.slim2009.cz\/wordpress\/wp-content\/uploads\/2010\/06\/IMG_7776.jpg\" alt=\"\" width=\"221\" height=\"147\" \/><\/a>jsem se pod\u00e9l hranice, \u00a0jsa p\u0159esv\u011bd\u010den, \u017ee tady nejsou krkolomn\u00e1 stoup\u00e1n\u00ed. Stezka\u00a0se v n\u011bkter\u00fdch \u010d\u00e1stech klikat\u00ed a rovn\u00e1 rozhodn\u011b nen\u00ed, nav\u00edc je tudy zak\u00e1z\u00e1no jezdit na kole. To ale neznamen\u00e1, \u017ee aut\u016fm a motork\u00e1m se j\u00edzda zakazuje. Podle \u010detn\u00fdch stop tudy docela \u010dasto n\u011bco proj\u00ed\u017ed\u00ed, ov\u0161em j\u00e1 celou dva kilometry dlouhou stezku tla\u010dil. Stezka vede lesem a a\u017e na malou vyj\u00edmku nen\u00ed\u00a0kam koukat, proto\u017ee se \u017e\u00e1dn\u00e9 v\u00fdhledy nekonaj\u00ed. Posledn\u00ed kilometr k Lyse\u010dinsk\u00fd Boud\u011b vede asfaltkou, nejprve kousek do kopce ale pak u\u017e jen sjezd k Lyse\u010dinsk\u00fd a u z\u00e1vory vlevo dol\u016f k pan\u00ed a panu Kobelkov\u00fdm. Za chv\u00edli u\u017e klepu na ok\u00e9nko\u00a0sv\u011btnice. P\u0159iv\u00edtali m\u011b a pozvali na kus \u0159e\u010di. P\u0159ipili jsme si na zdrav\u00ed \u010derven\u00fdm v\u00ednem, n\u011bco m\u00e1lo k tomu zakousli. Pohovo\u0159ili jsme o cestov\u00e1n\u00ed, vy\u0159e\u0161ili probl\u00e9m s webkamerou ale to u\u017e byl \u010das na n\u00e1vrat.\u00a0Venku se pov\u00e1\u017eliv\u011b zatahovalo, tak\u017ee jsem zvolil nejrychlej\u0161\u00ed cestu dol\u016f po K1B do Horn\u00edho Mar\u0161ova, po silnici p\u0159es Svobodu nad \u00dapou a Mlad\u00e9 Buky dom\u016f. Ale nejd\u0159\u00edv zalejt zeleninu na zahr\u00e1dce, to kdyby p\u0159eci jenom nesprchlo, proto\u017ee zat\u00edm sv\u00edt\u00ed zapadaj\u00edc\u00ed slunce. No a pak u\u017e byla jenom kr\u00e1sn\u00e1 a teplou vodou napln\u011bn\u00e1 vana. D\u00e9\u0161\u0165 p\u0159i\u0161el se soumrakem a dokonce p\u00e1rkr\u00e1t zah\u0159m\u011blo. Tak dobrou.<\/p>\n<p>Fotky jsou<strong> <span style=\"color: #ff0000;\"><a href=\"http:\/\/www.slim2009.cz\/photo\/#\/shared_space\/folder\/229?_k=12yfhe\" target=\"_blank\" rel=\"noopener\"><span style=\"color: #ff0000;\">tady<\/span><\/a><\/span><\/strong> a v\u00fdsledn\u00fd statistick\u00fd graf <a href=\"http:\/\/www.slim2009.cz\/Prilohy\/Lyseciny.pdf\" target=\"_blank\" rel=\"noopener\"><span style=\"color: #ff0000;\"><strong>zde<\/strong><\/span><\/a>.<\/p>\n<p><a href=\"http:\/\/www.slim2009.cz\/wordpress\/wp-content\/uploads\/2010\/06\/1.Lyseciny2010.jpg\" target=\"_blank\" rel=\"noopener\"><img loading=\"lazy\" decoding=\"async\" class=\"alignleft wp-image-984\" title=\"1.Lyseciny2010\" src=\"http:\/\/www.slim2009.cz\/wordpress\/wp-content\/uploads\/2010\/06\/1.Lyseciny2010.jpg\" alt=\"\" width=\"273\" height=\"182\" \/><\/a><\/p>\n","protected":false},"excerpt":{"rendered":"<p>Prvn\u00ed tr\u00e9ninkov\u00e1 d\u00e1vka na K1A je za n\u00e1mi. V\u00fdsledek je celkem pot\u011b\u0161uj\u00edc\u00ed. Na ten kopec se d\u00e1 vyjet! Z\u00e1kladn\u00ed \u010das je stanoven, te\u010f u\u017e nezb\u00fdv\u00e1, ne\u017e se\u00a0v\u00fdkonostn\u011b zlep\u0161ovat. Pravda peloton nebyl z nejv\u011bt\u0161\u00edch,\u00a0\u00a0nebo\u0165 se v tu samou dobu konalo n\u011bkolik &hellip; <a href=\"https:\/\/www.slim2009.cz\/wordpress\/archivalie\/archiv-crnci\/kutna-horni-lyseciny-2010\/\">Cel\u00fd p\u0159\u00edsp\u011bvek <span class=\"meta-nav\">&rarr;<\/span><\/a><\/p>\n","protected":false},"author":1,"featured_media":0,"parent":5066,"menu_order":2,"comment_status":"closed","ping_status":"closed","template":"","meta":{"footnotes":""},"class_list":["post-938","page","type-page","status-publish","hentry"],"_links":{"self":[{"href":"https:\/\/www.slim2009.cz\/wordpress\/wp-json\/wp\/v2\/pages\/938","targetHints":{"allow":["GET"]}}],"collection":[{"href":"https:\/\/www.slim2009.cz\/wordpress\/wp-json\/wp\/v2\/pages"}],"about":[{"href":"https:\/\/www.slim2009.cz\/wordpress\/wp-json\/wp\/v2\/types\/page"}],"author":[{"embeddable":true,"href":"https:\/\/www.slim2009.cz\/wordpress\/wp-json\/wp\/v2\/users\/1"}],"replies":[{"embeddable":true,"href":"https:\/\/www.slim2009.cz\/wordpress\/wp-json\/wp\/v2\/comments?post=938"}],"version-history":[{"count":0,"href":"https:\/\/www.slim2009.cz\/wordpress\/wp-json\/wp\/v2\/pages\/938\/revisions"}],"up":[{"embeddable":true,"href":"https:\/\/www.slim2009.cz\/wordpress\/wp-json\/wp\/v2\/pages\/5066"}],"wp:attachment":[{"href":"https:\/\/www.slim2009.cz\/wordpress\/wp-json\/wp\/v2\/media?parent=938"}],"curies":[{"name":"wp","href":"https:\/\/api.w.org\/{rel}","templated":true}]}}