{"id":850,"date":"2010-05-31T11:55:04","date_gmt":"2010-05-31T10:55:04","guid":{"rendered":"http:\/\/www.skip.cz\/milan\/?page_id=850"},"modified":"2010-05-31T11:55:04","modified_gmt":"2010-05-31T10:55:04","slug":"ceske-stredohori-2010","status":"publish","type":"page","link":"https:\/\/www.slim2009.cz\/wordpress\/archivalie\/archiv-vandry\/ceske-stredohori-2010\/","title":{"rendered":"\u010cesk\u00e9 St\u0159edoho\u0159\u00ed 2010"},"content":{"rendered":"<p>Krajina \u010cesk\u00e9ho St\u0159edoho\u0159\u00ed p\u0159ipom\u00edn\u00e1 ostrovy s des\u00edtkou sope\u010dn\u00fdch ku\u017eel\u016f, kter\u00e9 jakoby vyr\u016fstaly z roviny st\u0159edn\u00edch \u010dech. Jejich <a href=\"http:\/\/www.slim2009.cz\/wordpress\/wp-content\/uploads\/2010\/05\/IMG_7289.jpg\" target=\"_blank\" rel=\"noopener\"><img loading=\"lazy\" decoding=\"async\" class=\"alignleft wp-image-883\" title=\"IMG_7289\" src=\"http:\/\/www.slim2009.cz\/wordpress\/wp-content\/uploads\/2010\/05\/IMG_7289.jpg\" alt=\"\" width=\"384\" height=\"104\" \/><\/a>p\u016fvod sah\u00e1 do mlad\u0161\u00edch t\u0159etihor, kdy se v mioc\u00e9nu za\u010daly vyzdvihovat z p\u00edskovcov\u00e9ho podlo\u017e\u00ed mohutn\u00e9 ku\u017eely slo\u017een\u00e9 p\u0159ev\u00e1\u017en\u011b z \u010dedi\u010de a zn\u011blce. Mohutnost jednotliv\u00fdch ku\u017eel\u016f vynikne nejv\u00edce, stoj\u00edte-li u \u00fapat\u00ed a chyst\u00e1te se zdolat\u00a0vrchol. P\u0159ev\u00fd\u0161en\u00ed, kter\u00e9 budete cht\u00edt zdolat,\u00a0\u00a0m\u016f\u017ee b\u00fdt\u00a0 i 440m nap\u0159\u00edklad Lovo\u0161 nebo Mile\u0161ovka a proto vedou k vrcholu\u00a0p\u0159ev\u00e1\u017en\u011b \u00a0\u00fazk\u00e9 a strm\u00e9 turistick\u00e9 chodn\u00edky. Vrcholky m\u016f\u017eou tak\u00e9 halit t\u011b\u017ek\u00e1 mra\u010dna vodn\u00edch par a kdy\u017e je t\u0159eba de\u0161tiv\u00fd\u00a0kv\u011bten, m\u016f\u017ee se zd\u00e1t, \u017ee jste v ml\u017en\u00fdch hor\u00e1ch n\u011bkde na Nov\u00e9m Z\u00e9land\u011b nebo Kordilli\u00e9rach (tak\u00e9 vznikly ve t\u0159etihor\u00e1ch). Rozd\u00edl tady ov\u0161em je. Tak\u0159ka na ka\u017ed\u00e9m vrcholku na\u0161ich kopc\u016f stoj\u00ed bu\u010f z\u0159icenina hradu nebo rozhledna. Tak se tedy jednoho kv\u011btnov\u00fdho dne stalo, \u017ee n\u00e1s vlak vyplivnul\u00a0ve stanici\u00a0Lovosice m\u011bsto kde za\u010dalo pr\u0161et. Na\u0161t\u011bst\u00ed u\u017e v\u00edme, \u017ee do hospody nepr\u0161\u00ed a tak n\u00e1s to vcuclo hned dovnit\u0159,\u00a0tak tak \u017ee jsme\u00a0neporazili dva pracuj\u00edc\u00ed meta\u0159e minoritn\u00edho vzev\u0159en\u00ed. Stejn\u011b byl \u010das ob\u011bda a ty kopce jsou tady u\u017e p\u00e1r mili\u00f3nu let n\u00e9?\u00a0 Posiln\u011bni j\u00eddlem a vyhn\u00e1n\u00ed ochotn\u00fdm person\u00e1lem, minuli jsme\u00a0pracuj\u00edc\u00ed a vydali se na prvn\u00ed z vrchol\u016f p\u011btsetsedmdes\u00e1t metr\u016f vysok\u00fd Lovo\u0161. Vrcholek byl v mrac\u00edch, ze kter\u00fdch co chv\u00edli zapr\u0161elo ale n\u011bkter\u00fdm to bylo stejn\u011b jedno, proto\u017ee d\u00e9\u0161\u0165 a pot nen\u00ed to nejhor\u0161\u00ed. Nedostatek kysl\u00edku to je probl\u00e9m se kter\u00fdm se bojuje nejh\u016f\u0159. Pomalu stoup\u00e1\u0161 krok za krokem, metr za metrem, ve sp\u00e1nc\u00edch ti bu\u0161\u00ed, nem\u016f\u017ee\u0161 popadnout dech, b\u00e1gl t\u011b pomalu stahuje k zemi. Ne! Te\u010f to nesm\u00ed\u0161\u00a0vzd\u00e1t! Je\u0161t\u011b kousek a pak dal\u0161\u00ed a dal\u0161\u00ed a\u017e na vcholek, kde si m\u016f\u017ee\u0161 chv\u00edli odpo\u010dinout, ne\u017e se vyd\u00e1me dol\u016f zase k dal\u0161\u00edmu vrcholu ( Takhle n\u011bj\u00e1k to asi za\u017e\u00edval Mesner nebo Rakoncaj v Him\u00e1laji,\u00a0jen\u017ee oni byli o p\u00e1r metr\u016f v\u00fd\u0161). Tak Lovo\u0161 je zte\u010den! A bez kysl\u00edkov\u00fdch pom\u016fcek! Naho\u0159e pr\u0161\u00ed, fouk\u00e1 v\u00edtr a\u017e de\u0161tn\u00edky obrac\u00ed a st\u00e1nek K\u010cT m\u00e1 je\u0161t\u011b zav\u0159\u00edno, v\u017edy\u0165 je teprve kv\u011bten. Rozhledy n\u00e1dhern\u00fd, kdy\u017e se mraky na p\u00e1r chvil rozejdou. Vym\u011bnit tri\u010dko, vydechnout a vz\u016fru dol\u016f na hrad Op\u00e1rno. Dol\u016f z p\u011btsetsedmdes\u00e1ti do dv\u011bst\u011bpades\u00e1ti metr\u016f, to jde o pozn\u00e1n\u00ed l\u00edp. P\u0159estalo i pr\u0161et, jen sem tam spadne kapka. Na hrad se d\u00e1 doj\u00edt\u00a0skrze stejnojmenou vesnici kde na ostrohu stoj\u00ed z\u0159\u00edcenina.\u00a0Hrad byl zalo\u017een roku1344 a slou\u017eil sv\u00e9mu \u00fa\u010delu a\u017e do roku 1502. Jedn\u00e1 se o pom\u011brn\u011b zachovalou z\u0159\u00edceninu hradu s pl\u00e1\u0161\u0165ovou zd\u00ed, lze vid\u011bt<a href=\"http:\/\/www.slim2009.cz\/wordpress\/wp-content\/uploads\/2010\/05\/IMG_7336.jpg\" target=\"_blank\" rel=\"noopener\"><img loading=\"lazy\" decoding=\"async\" class=\"alignright wp-image-886\" title=\"IMG_7336\" src=\"http:\/\/www.slim2009.cz\/wordpress\/wp-content\/uploads\/2010\/05\/IMG_7336.jpg\" alt=\"\" width=\"230\" height=\"154\" \/><\/a> zbytky\u00a0hradn\u00edho pal\u00e1ce, poz\u016fstatky hradeb\u00a0v\u010detn\u011b p\u0159\u00edkop\u016f a val\u016f, pom\u011brn\u011b zachoval\u00e9 jsou zde sklepy. Vyj\u00edme\u010dnost m\u00edsta s v\u00fdhledem k Lovo\u0161i z jedn\u00e9 strany a k Mile\u0161ovce na stran\u011b druh\u00e9, vyvolala u n\u011bkter\u00fdch hlad a tak do\u0161lo na trochu z\u00e1sob. Ani n\u00e1hl\u00fd d\u00e9\u0161\u0165 nemohl pokazit tu hostinu. &#8222;Nikdo m\u011b nebude vyh\u00e1n\u011bt od j\u00eddla!&#8220; zah\u0159\u00edmal jsem na adresu po\u010das\u00ed a v klidu\u00a0dojedl chleba s pa\u0161tikou zat\u00edm co k zemi padal d\u00e9\u0161\u0165. Ale v\u0161echno kr\u00e1sn\u00fd jednou kon\u010d\u00ed a tak zas d\u00e1l. \u010cesk\u00fdm St\u0159edoho\u0159\u00edm projede f\u016fra n\u00e1kla\u010f\u00e1k\u016f\u00a0do N\u011bmec ale\u00a0i zp\u00e1tky do \u010cechec, tak\u017ee se nen\u00ed co divit, \u017ee se stav\u00ed d\u00e1lnice a s n\u00ed mosty. Dokonce most, kterej\u00a0vypad\u00e1 p\u011bkn\u011b. Za chv\u00edli u\u017e ale budeme v obci Velem\u00edn, c\u00edli dne\u0161n\u00edho dne. Te\u010f nade\u0161la chv\u00edle abych vyjmenoval jednotliv\u00e9 vandr\u00e1ky. Jeza, Vitam\u00edn, Jura, Ma\u0159\u00edk, Slim\u00e1k, Marcel a \u0160us\u0165a. \u0160us\u0165a ale doraz\u00ed teprve kolem jednadvac\u00e1t\u00e9 hodiny a pozd\u011bji uk\u00e1\u017ee n\u011bco zatrolen\u011b trolovsk\u00e9ho. Pan\u00ed majitelov\u00e1 n\u00e1s nechala d\u00edky t\u011bmto kousk\u016fm p\u0159espat v pr\u016fjezdu hospody a dvora.<\/p>\n<p><a href=\"http:\/\/www.slim2009.cz\/wordpress\/wp-content\/uploads\/2010\/05\/IMG_7342.jpg\" target=\"_blank\" rel=\"noopener\"><img loading=\"lazy\" decoding=\"async\" class=\"alignleft wp-image-887\" title=\"IMG_7342\" src=\"http:\/\/www.slim2009.cz\/wordpress\/wp-content\/uploads\/2010\/05\/IMG_7342.jpg\" alt=\"\" width=\"230\" height=\"154\" \/><\/a>Den druh\u00fd n\u00e1s p\u0159iv\u00edtal zamra\u010den\u00fdm umolousan\u00fdm po\u010das\u00edm a bud\u00ed\u010dek provedlo n\u011bkolik dodavatel\u016f zbo\u017e\u00ed pro &#8222;Hosp\u016fdku u Mare\u0161\u016f&#8220;. Ti n\u00e1s museli p\u0159ekro\u010dit a tak si neodpustili n\u011bkolik slov. Po ran\u00ed hygien\u011b, lehk\u00e9 sn\u00eddani a rozlou\u010den\u00ed s majiteli se vrh\u00e1me k dal\u0161\u00edm v\u00fdstup\u016fm. Hned v \u00favodu dne lehce kufrujeme ale zkratkou mezi poli se vrac\u00edme do spr\u00e1vn\u00e9ho kurzu. P\u0159ed nejvy\u0161\u0161\u00ed horou st\u0159edoho\u0159\u00ed si d\u00e1me zah\u0159\u00edvac\u00ed vrcholek &#8222;Ostr\u00fd&#8220; 553m. Mraky le\u017e\u00ed tak n\u00edzko, \u017ee jsme v nich. Fouk\u00e1 studen\u00fd v\u00edtr, padaj\u00ed drobn\u00e9 kapi\u010dky vody, kter\u00e9 se sr\u00e1\u017eej\u00ed na st\u00e9blech <a href=\"http:\/\/www.slim2009.cz\/wordpress\/wp-content\/uploads\/2010\/05\/IMG_7352.jpg\" target=\"_blank\" rel=\"noopener\"><img loading=\"lazy\" decoding=\"async\" class=\"alignright wp-image-891\" title=\"IMG_7352\" src=\"http:\/\/www.slim2009.cz\/wordpress\/wp-content\/uploads\/2010\/05\/IMG_7352.jpg\" alt=\"\" width=\"138\" height=\"208\" \/><\/a>tr\u00e1vy a na pavu\u010d\u00edn\u00e1ch vytv\u00e1\u0159ej\u00ed n\u00e1dhern\u00e9 leskl\u00e9 kor\u00e1lky, jako z jabloneck\u00e9 bi\u017eut\u00e9rie. Chv\u00edlemi nen\u00ed vid\u011bt ani Mile\u0161ovka, nato\u017e obec Mile\u0161ov pod n\u00ed. Douf\u00e1me, \u017ee v Mile\u0161ov\u011b bude otev\u0159en\u00e1 n\u011bj\u00e1k\u00e1 restaurace, kde si d\u00e1me ob\u00eddek a promysl\u00edme jestli, p\u016fjdeme na Mile\u0161ovku, kdy\u017e je u\u017e druh\u00fd den v mrac\u00edch. Bohu\u017eel ob\u011b hospody maj\u00ed otev\u0159eno a\u017e po \u0161estn\u00e1ct\u00e9 hodin\u011b. Kdo ale otev\u0159eno m\u00e1, a\u010d kolem je mrtvo a pusto, je pan a pan\u00ed &#8222;Nguyen van Ghoc&#8220; a jejich pom\u00edchan\u00e9 zbo\u017e\u00ed r\u016fzn\u00e9ho st\u00e1\u0159\u00ed i p\u016fvodu. Rohl\u00ed\u010dky jsou obzvl\u00e1\u0161t\u011b vype\u010den\u00e9 a tak si ka\u017ed\u00fd d\u00e1 co libo a sezen\u00ed v autobusov\u00e9 zast\u00e1vce lehce nahrad\u00ed luxusn\u00ed putyku. Po j\u00eddle nastala debata o tom j\u00edt, \u010di nej\u00edt na Mile\u0161ovku. Dohodnuto! \u010c\u00e1st p\u016fjde nahoru, zbytek to obejde a po\u010dk\u00e1 v Kostomlatech. Co se ale nestane? Ve chv\u00edli rozlou\u010den\u00ed se ud\u011blalo najednou l\u00edp a vrcholek Mile\u0161e vykouknul z pozaopony a tak jdeme nahoru spole\u010dn\u011b. Od r\u00e1na m\u00e1me natr\u00e9nov\u00e1no, tak\u017ee vystoupat 400metr\u016f do nadmo\u0159sk\u00e9 v\u00fd\u0161ky 836metr\u016f je te\u010fka hra\u010dka. Na rozcest\u00ed turistick\u00fdch zna\u010dek\u00a0ve 3\/4tin\u011b kopce schov\u00e1v\u00e1me b\u00e1gly a zbytek kopce si jdeme jako p\u00e1ni. Neuv\u011b\u0159iteln\u00fd na Mile\u0161ovce je bezv\u011bt\u0159\u00ed i bezmra\u010d\u00ed! Zazvonily jsme si na str\u00e1\u017ece maj\u00e1ku, p\u0159ipravili obolus a u\u017e n\u00e1s &#8222;akademik&#8220; t\u00e1hne do\u00a0v\u011b\u017ee. Zasv\u011bcen\u011b hovo\u0159\u00ed o po\u010das\u00ed a jak se v zim\u011b t\u011b\u017ece dost\u00e1vaj\u00ed na stanici, kdy\u017e je cesta omrzl\u00e1 tak, \u017ee je jako sklo. V tom se za\u010d\u00edn\u00e1 zatahovat kolem dokola opona mrak\u016f a je po panor\u00e1matech. Nezb\u00fdv\u00e1 ne\u017e pokra\u010dovat z kopce sm\u011brem na Kostomlaty pod Mile\u0161ovkou, tam je c\u00edl dne\u0161n\u00edho dne. Je zvl\u00e1\u0161tn\u00ed, \u017ee ve zdej\u0161\u00edm kraji se v hospod\u00e1ch moc neva\u0159\u00ed a to, ani kdy\u017e je tam kuchyn\u011b. V jedn\u00fd maj jenom p\u00edvo a v druh\u00fd alespo\u0148 oh\u0159\u00e1tou klob\u00e1su s chlebem.<\/p>\n<p><a href=\"http:\/\/www.slim2009.cz\/wordpress\/wp-content\/uploads\/2010\/05\/DSC09983.jpg\" target=\"_blank\" rel=\"noopener\"><img loading=\"lazy\" decoding=\"async\" class=\"alignleft wp-image-893\" title=\"DSC09983\" src=\"http:\/\/www.slim2009.cz\/wordpress\/wp-content\/uploads\/2010\/05\/DSC09983.jpg\" alt=\"\" width=\"230\" height=\"145\" \/><\/a>T\u0159et\u00ed den se probouz\u00edme na n\u00e1dvo\u0159\u00ed hradu Sukoslav, kam se v\u00fdprava ve\u010der vydr\u00e1pala po opojn\u00e9m v\u00edt\u011bzstv\u00ed v hockeji. Jihov\u00fdchodn\u011b od vsi Kostomlaty pod Mile\u0161ovkou st\u00e1val na kopci hrad, jeho\u017e zbytky se dochovaly dodnes. Ves se p\u0159ipom\u00edn\u00e1 poprv\u00e9 v\u00a0r. 1333 jako p\u0159\u00edslu\u0161enstv\u00ed oseck\u00e9ho panstv\u00ed. Podle pov\u011bsti bloud\u00ed o\u00a0p\u016flnoci rozvalinami duch proradn\u00e9ho Jakoubka s\u00a0\u010dernou skvrnou v\u00a0podob\u011b kalicha na \u010dele. Tuhle pov\u011bst nem\u016f\u017eeme potvrdit, jsa unaveni spali jsme a\u017e do kurop\u011bn\u00ed, ale hrad je to p\u011bknej. Tentokr\u00e1t byla sn\u00eddan\u011b p\u0159ipraven\u00e1 na oh\u00fdnku.\u00a0Bu\u0159t\u00edky nebo oh\u0159\u00e1t\u00e1 konzerva, no prost\u011b par\u00e1da. Pak op\u011bt na cestu. Vol\u00edme obchvat kopce Pa\u0159ez 736m a hned za n\u00edm se chceme napojit na modrou zna\u010dku a doj\u00edt do mal\u00e9 obce \u0160t\u011bp\u00e1nov. Obchvat vypadal slibn\u011b ale pak n\u011bkoho napadlo, \u017ee do kopce nep\u016fjdeme a cesta, kter\u00e1 odbo\u010duje vpravo, taky m\u00ed\u0159\u00ed do \u0160t\u011bp\u00e1nova ale nen\u00ed do kopce a \u017ee to vyjde nastejno. Z lesn\u00ed cesty se pomalu st\u00e1val chodn\u00edk, pak p\u011b\u0161ina, cesti\u010dka, vy\u0161lapan\u00e9 cosi, kde co chv\u00edli bylo nutn\u00fd n\u011bco obej\u00edt, podl\u00edzt, p\u0159ekro\u010dit a\u017e kouk\u00e1m a nikoho nevid\u00edm a vid\u00edm, \u017ee jsem ztracen a s\u00e1m. Nevad\u00ed p\u016fjdu podle<a href=\"http:\/\/www.slim2009.cz\/wordpress\/wp-content\/uploads\/2010\/05\/IMG_7401.jpg\" target=\"_blank\" rel=\"noopener\"><img loading=\"lazy\" decoding=\"async\" class=\"alignright wp-image-895\" title=\"IMG_7401\" src=\"http:\/\/www.slim2009.cz\/wordpress\/wp-content\/uploads\/2010\/05\/IMG_7401.jpg\" alt=\"\" width=\"230\" height=\"161\" \/><\/a> stop a bude. A bylo. Stopy se pomalu ztr\u00e1cely v krp\u00e1lu, p\u0159ipom\u00ednaj\u00edc\u00edm kamzi\u010d\u00ed stezky. Na\u0161t\u011bst\u00ed m\u00e1me telef\u00f3ny a tak n\u00e1s Marcel svolal, \u017ee prej stoj\u00ed na cest\u011b, kousek pod svahem. Tak jsme se zase na\u0161li a mohli se vklidu brodit bahnem po cest\u011b\u00a0 rozryt\u00fd divo\u010d\u00e1kama. Ka\u017ed\u00e1 legrace jednou skon\u010d\u00ed, tak jsme po dvou kilometrech nakonec tu modrou na\u0161li. Pak jsme trochu utahan\u00fd na\u0161li i \u0160t\u011bp\u00e1nov s opu\u0161t\u011bnou hospodou za kterou se proh\u00e1n\u011bli v m\u00edstn\u00ed n\u00e1dr\u017ei nutrie. Ani se n\u00e1m necht\u011blo j\u00edt na Hradi\u0161\u0165any, tak\u017ee jsme prosvi\u0161t\u011bli po silnici kolem, sm\u011br hr\u00e1dek Olt\u00e1\u0159\u00edk. Pozd\u011bji n\u00e1m v Sutomi \u0159ekl jeden domorodec, \u017ee\u00a0nej\u00edt na kopec Hradi\u0161\u0165any\u00a0byla chyba, proto\u017ee na\u00a0 t\u00e9hle lokalit\u011b se nach\u00e1z\u00ed zbytky hradi\u0161t\u011b z doby bronzov\u00e9.\u00a0Z\u0159\u00edcenina hr\u00e1dku Olt\u00e1\u0159\u00edk\u00a0nen\u00ed nejv\u011bt\u0161\u00ed ale v\u00fdhled je odsud n\u00e1dhern\u00fd, obvzl\u00e1\u0161t\u011b kdy\u017e se odpoledne vyjasnilo. Pod\u00e9l hradeb poletovali n\u00e1dhern\u00ed\u00a0mot\u00fdli Otak\u00e1rka feniklov\u00e9ho.\u00a0Dali jsme si sva\u010dinu, odpo\u010dinuli si\u00a0a vydali se\u00a0 k c\u00edli dne, ve Vlastislavi. Pod Olt\u00e1\u0159\u00edkem v mal\u00e9 osad\u011b D\u011bkovka, vyv\u011br\u00e1 z nerezov\u00e9 trubky ledov\u00e1 \u010dist\u00e1 voda, tak dva odv\u00e1\u017en\u00ed provedli osobn\u00ed hygienu. Po nenad\u00e1l\u00e9m osv\u011b\u017een\u00ed se vyd\u00e1v\u00e1me pomal\u00fdm kles\u00e1n\u00edm p\u0159es dal\u0161\u00ed osadu Chrastn\u00e1 do Vlastislavi, kde zji\u0161\u0165ujeme, \u017ee m\u00edstn\u00ed hospoda, vyroben\u00e1 z b\u00fdval\u00e9ho sm\u00ed\u0161en\u00e9ho zbo\u017e\u00ed, otev\u00edr\u00e1 po 16t\u00e9 hodin\u011b. Zat\u00edm se vyd\u00e1v\u00e1me k v\u00e1lcov\u00e9 v\u011b\u017ei b\u00fdval\u00e9ho hr\u00e1dku Skalka. Tady se dozv\u00edd\u00e1me od m\u00edstn\u00edch, \u017ee v bl\u00edzk\u00e9 Sutomi maj\u00ed n\u011bco jako hospodu a kr\u00e1mek a nav\u00edc otev\u0159enou. Je to kil\u00e1sek a na\u0161\u00edm sm\u011brem, tak jdeme. Opravdu v\u0161echno sed\u011blo. Kr\u00e1mek m\u011bl otev\u0159eno, hospoda v b\u00fdval\u00e9 gar\u00e1\u017ei taky. K j\u00eddlu va\u0159en\u00e1 klob\u00e1sa nebo ovar. Ve\u010der p\u0159i\u0161li stavba\u0159i na pivko a dva znich pivko prolo\u017eili zelenou v cen\u011b 700k\u00e1. Zelen\u00e1 se jim vrazila do nohou\u00a0a\u017e sotva chodili a zrovna v m\u00edstech kde by sme si m\u011bli ustlat. N\u011bkte\u0159\u00ed neunesli tuhle situaci a odkr\u00e1\u010del jsem\u00a0sm\u011br les. V noci pr\u0161elo a tak p\u0159i\u0161el ke slovu ilegalit i de\u0161tn\u00edk.<\/p>\n<p>\u010ctvrt\u00fd den r\u00e1no je sice po de\u0161ti, ale p\u0159i balen\u00ed do\u0161lo k mal\u00e9 chybi\u010dce. Voda nachytan\u00e1 igelitem se mus\u00ed vyl\u00edt stranou a n\u00e9 do spac\u00e1ku. Na\u0161t\u011bst\u00ed na hrad\u011b Ko\u0161\u0165\u00e1lov je \u010das i po\u010das\u00ed na usu\u0161en\u00ed mokr\u00fdch v\u011bc\u00ed. \u00a0Ne\u017e se zase sejdeme, d\u00e1m si sn\u00eddani usu\u0161\u00edm mokr\u00fd v\u011bci a prohl\u00eddnu si hrad.\u00a0P\u0159ed des\u00e1tou jsme zase komplet a po prohl\u00eddce hradu se pomalu vyd\u00e1v\u00e1me za dal\u0161\u00edm dobrodru\u017estv\u00edm. T\u0159ebenice <a href=\"http:\/\/www.slim2009.cz\/wordpress\/wp-content\/uploads\/2010\/05\/IMG_7576.jpg\" target=\"_blank\" rel=\"noopener\"><img loading=\"lazy\" decoding=\"async\" class=\"alignleft wp-image-896\" title=\"IMG_7576\" src=\"http:\/\/www.slim2009.cz\/wordpress\/wp-content\/uploads\/2010\/05\/IMG_7576.jpg\" alt=\"\" width=\"384\" height=\"256\" \/><\/a>dosahujeme v obdob\u00ed ob\u011bda, nezb\u00fdv\u00e1 ne\u017e si naj\u00edt dobrou v\u00fdva\u0159ovnu. M\u00edstn\u00ed n\u00e1s sm\u011b\u0159uj\u00ed do prej vyhl\u00e1\u0161en\u00e9ho Pensi\u00f3nu &#8222;U Havl\u016f&#8220;. V\u00fdb\u011br slu\u0161nej av\u0161ak zd\u00e1 se, \u017ee va\u0159ej\u00ed z polotovar\u016f . N\u011bkte\u0159\u00ed maj\u00ed v mase poti\u0161t\u011bn\u00fd pap\u00edr a jin\u00ed prazvl\u00e1\u0161tn\u011b chutnaj\u00edc\u00ed pln\u011bn\u00fd knedl\u00edky to\u010den\u00fdm sal\u00e1mem. Napojeni a nasyceni svi\u0161t\u00edme d\u00e1l k H\u00e1zumburku. Bohu\u017eel n\u00e1s opustili \u0160us\u0165a a Jeza, nebo\u0165\u00a0 p\u016fvodn\u011b m\u011bl vandr trvat do soboty ale hlavn\u00ed pl\u00e1nova\u010d Sam spr\u00e1vn\u011b usoudil, \u017ee jsme vym\u011bkl\u00ed a posunul den odjezdu o jeden den d\u00e1l na ned\u011bli. \u0160us\u0165a a Jeza ukon\u010dili v souladu s p\u016fvodn\u00edm pl\u00e1nem vandr a vr\u00e1tili se do l\u016fna civilizace. N\u00e1m nezbylo ne\u017e se co nejrychleji dostat k nejbli\u017e\u0161\u00ed televizi a skouknout semifin\u00e1le hockeje \u010cESKO-\u0160V\u00c9DSKO.\u00a0 Cesta vedla\u00a0kolem\u00a0Luck\u00e9ho ml\u00fdna do Sedlece, kde je ve dvo\u0159e domu m\u00edstn\u00ed v\u00fd\u010dep &#8222;Hostinec u Mirky&#8220;. Tady se kone\u010dn\u011b sportu chtiv\u00ed vandrovn\u00ed do\u010dkali sv\u00e9ho semifin\u00e1le. G\u00f3\u00f3\u00f3\u00f3\u00f3\u00f3\u00f3l \u0159vali jak lev, jakmile se puk dostal do branky soupe\u0159e. Je\u0161t\u011b, \u017ee nejsou pades\u00e1t\u00fd l\u00e9ta to by zas byla na po\u010dest v\u00edt\u011bzstv\u00ed na\u0159\u00edzena mimo\u0159\u00e1dn\u00e1 sm\u011bna. Co naplat po slavn\u00e9m v\u00edt\u011bzstv\u00ed mus\u00edme d\u00e1l na hrad Hazmburk, posledn\u00ed z kopc\u016f na kter\u00fd chceme vyl\u00e9zt. V 18hodn stoj\u00edme u br\u00e1ny. Pan\u00ed st\u00e1tn\u00ed kasa\u0159ka se tv\u00e1\u0159\u00ed kysele a spolu se vstupenkou n\u00e1m d\u00e1v\u00e1 15minut na prohl\u00eddku ruiny. Na\u0161t\u011bst\u00ed ruin nen\u00ed mnoho, tak\u017ee ne\u017e zal\u00edgrovali br\u00e1nu d\u00e1v\u00e1me si pod hradem sva\u010dinu, n\u011bkdo i ve\u010de\u0159i. Posledn\u00ed ve\u010der str\u00e1v\u00edme v obci Klap\u00fd a jejich socialistickorealistick\u00e9m dom\u011b &#8222;Spole\u010densk\u00fd d\u016fm&#8220;. Ratejna, hodn\u00e1 krajsk\u00e9ho m\u011bsta, je v\u0161echno jen n\u00e9 \u00fatuln\u00e1, ale lep\u0161\u00ed ne\u017e z\u016fstat na suchu. P\u0159isedli k n\u00e1m soudruzi Wa\u00a0a Kwa spolu s \u00a0Tchu, dali si p\u00edvo a t\u011b\u017ece vyd\u011blan\u00e9 mince nah\u00e1zeli za ve\u010der do kulif\u00f3nu ( \u010dti automatu ). Je\u0161t\u011b kdy\u017e n\u00e1s lifrovali pry\u010d, se marn\u011b sna\u017eili obehr\u00e1t bezruk\u00e9ho banditu. To u\u017e jsme se ale ukl\u00e1dali pod H\u00e1zmburkem do hajan.<a href=\"http:\/\/www.slim2009.cz\/wordpress\/wp-content\/uploads\/2010\/05\/IMG_7625.jpg\" target=\"_blank\" rel=\"noopener\"><img loading=\"lazy\" decoding=\"async\" class=\"alignright wp-image-898\" title=\"IMG_7625\" src=\"http:\/\/www.slim2009.cz\/wordpress\/wp-content\/uploads\/2010\/05\/IMG_7625.jpg\" alt=\"\" width=\"230\" height=\"154\" \/><\/a><\/p>\n<p>P\u00e1tej den n\u00e1s \u010dekal p\u0159esun k vlaku do Libochovic m\u011bsto. Je to pouze zast\u00e1vka ale vlak kterej\u00a0n\u00e1m zastavil, z\u016fstal st\u00e1t\u00a0a an\u00ed\u017e se cokoliv stalo z\u00e1va\u017en\u00fdho po\u00a0dvaceti minut\u00e1ch nastartoval\u00a0 a pokra\u010doval k na\u0161emu \u00fadivu v cest\u011b do Lovosic. Pak u\u017e n\u00e1s \u010dekal rychl\u00edk do Pr\u00e1glu, kde se\u00a0po n\u00e1v\u0161t\u011bv\u011b V\u00e1clav\u00e1ku\u00a0odd\u011blila skupina do Ti\u0161nova a j\u00e1 se vydal taky dom\u016f.<\/p>\n<p>A to je v\u0161e p\u0159\u00e1tel\u00e9. T\u00e1dy,d\u00e1dy.<\/p>\n<p>Fotky naleznete <a href=\"http:\/\/www.slim2009.cz\/photo\/#\/shared_space\/folder\/413?_k=yj4u85\" target=\"_blank\" rel=\"noopener\">tady<\/a>.<\/p>\n<p>Kilometr\u00e1\u017e a v\u00fd\u0161kov\u00fd profil si m\u016f\u017eete prohl\u00eddnout <a href=\"http:\/\/www.slim2009.cz\/Prilohy\/CeskeStredohori2010.pdf\" target=\"_blank\" rel=\"noopener\">tady<\/a>.<a href=\"http:\/\/www.slim2009.cz\/wordpress\/wp-content\/uploads\/2010\/05\/19-23.5.2010.jpg\" target=\"_blank\" rel=\"noopener\"><img decoding=\"async\" class=\"alignright wp-image-899\" title=\"19-23.5.2010\" src=\"http:\/\/www.slim2009.cz\/wordpress\/wp-content\/uploads\/2010\/05\/19-23.5.2010.jpg\" alt=\"\" \/><\/a><\/p>\n","protected":false},"excerpt":{"rendered":"<p>Krajina \u010cesk\u00e9ho St\u0159edoho\u0159\u00ed p\u0159ipom\u00edn\u00e1 ostrovy s des\u00edtkou sope\u010dn\u00fdch ku\u017eel\u016f, kter\u00e9 jakoby vyr\u016fstaly z roviny st\u0159edn\u00edch \u010dech. Jejich p\u016fvod sah\u00e1 do mlad\u0161\u00edch t\u0159etihor, kdy se v mioc\u00e9nu za\u010daly vyzdvihovat z p\u00edskovcov\u00e9ho podlo\u017e\u00ed mohutn\u00e9 ku\u017eely slo\u017een\u00e9 p\u0159ev\u00e1\u017en\u011b z \u010dedi\u010de a zn\u011blce. Mohutnost &hellip; <a href=\"https:\/\/www.slim2009.cz\/wordpress\/archivalie\/archiv-vandry\/ceske-stredohori-2010\/\">Cel\u00fd p\u0159\u00edsp\u011bvek <span class=\"meta-nav\">&rarr;<\/span><\/a><\/p>\n","protected":false},"author":1,"featured_media":0,"parent":5048,"menu_order":4,"comment_status":"closed","ping_status":"closed","template":"","meta":{"footnotes":""},"class_list":["post-850","page","type-page","status-publish","hentry"],"_links":{"self":[{"href":"https:\/\/www.slim2009.cz\/wordpress\/wp-json\/wp\/v2\/pages\/850","targetHints":{"allow":["GET"]}}],"collection":[{"href":"https:\/\/www.slim2009.cz\/wordpress\/wp-json\/wp\/v2\/pages"}],"about":[{"href":"https:\/\/www.slim2009.cz\/wordpress\/wp-json\/wp\/v2\/types\/page"}],"author":[{"embeddable":true,"href":"https:\/\/www.slim2009.cz\/wordpress\/wp-json\/wp\/v2\/users\/1"}],"replies":[{"embeddable":true,"href":"https:\/\/www.slim2009.cz\/wordpress\/wp-json\/wp\/v2\/comments?post=850"}],"version-history":[{"count":0,"href":"https:\/\/www.slim2009.cz\/wordpress\/wp-json\/wp\/v2\/pages\/850\/revisions"}],"up":[{"embeddable":true,"href":"https:\/\/www.slim2009.cz\/wordpress\/wp-json\/wp\/v2\/pages\/5048"}],"wp:attachment":[{"href":"https:\/\/www.slim2009.cz\/wordpress\/wp-json\/wp\/v2\/media?parent=850"}],"curies":[{"name":"wp","href":"https:\/\/api.w.org\/{rel}","templated":true}]}}