{"id":828,"date":"2010-04-24T21:40:16","date_gmt":"2010-04-24T20:40:16","guid":{"rendered":"http:\/\/www.skip.cz\/milan\/?page_id=828"},"modified":"2010-04-24T21:40:16","modified_gmt":"2010-04-24T20:40:16","slug":"24-4-2010-babicino-udoli","status":"publish","type":"page","link":"https:\/\/www.slim2009.cz\/wordpress\/archivalie\/archiv-vylety\/24-4-2010-babicino-udoli\/","title":{"rendered":"Babi\u010dino \u00fadol\u00ed 2010"},"content":{"rendered":"<p><a href=\"http:\/\/www.slim2009.cz\/wordpress\/wp-content\/uploads\/2010\/04\/IMG_7143.jpg\" target=\"_blank\" rel=\"noopener\"><img loading=\"lazy\" decoding=\"async\" class=\"alignleft wp-image-833\" title=\"IMG_7143\" src=\"http:\/\/www.slim2009.cz\/wordpress\/wp-content\/uploads\/2010\/04\/IMG_7143.jpg\" alt=\"\" width=\"368\" height=\"245\" \/><\/a><\/p>\n<p>\u00davodem chci vzk\u00e1zat v\u0161em co nedorazili. Maj recht, st\u00e1lo to za starou\u00a0Bla\u017ekovou. Kytky smrd\u011bly, pt\u00e1ci \u0159valy, slunce p\u00e1lilo a silnice \u010dern\u00e1 jako z asfaltu. Jak \u0159\u00edk\u00e1m: &#8222;Za starou Bla\u017ekovou&#8220;. No a te\u010f, jak to bylo v tu sobotu. Pravideln\u00fd odjezd se n\u00e1m trochu opozdil, proto\u017ee namontovat dr\u017e\u00e1ky kol hned na prvn\u00ed pokus, um\u00ed na jedni\u010dku pan \u0159editel, na dvojku mistr odporn\u00e9ho v\u00fdcviku a j\u00e1 se sotva t\u011bma prackama naj\u00edm. Ale pak to hned na druhej pokus dopadlo a tak se zpo\u017ed\u011bn\u00ed ust\u00e1lilo na slu\u0161n\u00fdch patn\u00e1cti minut\u00e1ch. Jen pro zaj\u00edmavost p\u00e1r dat pro ilustraci \u010dasosledu. V 5.30hodin m\u011b n\u011bco siln\u011bj\u0161\u00edho ne\u017e j\u00e1 vyhnalo z postele. 5.35 a\u017e 6.15 chod\u00edm kolem Bert\u00ed (n\u00e1\u0161 pes) boudy. Bert nejev\u00ed zn\u00e1mky vst\u00e1v\u00e1n\u00ed. 6.16 strk\u00e1m ruku do boudy, nic se nehejbe ale m\u00e1m pocit \u017ee pes h\u0159eje a v klidu sp\u00ed d\u00e1l. 6.35 obl\u00edk\u00e1m se a chci odej\u00ed montovat dr\u017e\u00e1ky. Beru kl\u00ed\u010de, chci odej\u00edt a hele \u0161kr\u00e1b\u00e1n\u00ed na dve\u0159e. Jak\u00e9 p\u0159ekvapen\u00ed! Pes nebyl v\u016fbec v boud\u011b ale celou dobu byl u pani\u010dky pod pe\u0159inou! A sakra, situace se m\u011bn\u00ed ka\u017ed\u00fdm okam\u017eikem, nejd\u0159\u00edv se p\u016fjdeme vyven\u010dit. 6.40 a\u017e 7.10 se ven\u010d\u00edme. 7.12 a\u017e 7.15 Bert vr\u010d\u00ed,\u00a0 nechce sko\u010dit do vany. Pak si d\u00e1 \u0159\u00edct a sko\u010d\u00ed do\u0148, na\u010de\u017e si nech\u00e1 opl\u00e1chnout v\u0161echny pazoury. 7.20 kone\u010dn\u011b odch\u00e1z\u00edm nasadit dr\u017e\u00e1ky a kola. 7.25 a\u017e 7.50 pokus \u010d\u00edslo jedna. Prvn\u00ed dr\u017e\u00e1k je na m\u00edst\u011b ale nedr\u017e\u00ed. 8.00 p\u0159i\u0161el jsem na to, pro\u010d to nedr\u017e\u00ed. Mus\u00edm vym\u011bnit \u0161rouby. Do na\u0161ich p\u0159\u00ed\u010dn\u00edk\u016f pat\u0159\u00ed ty druh\u00fd \u0161rouby se \u010dtverhranou\u00a0hlavou. V 8hodin 15minut jsou dr\u017e\u00e1ky na sv\u00e9m m\u00edst\u011b a p\u0159id\u011bl\u00e1v\u00e1m kola. V osumt\u0159icet jdu dom\u016f na sn\u00eddani ale to byl \u010das odjezdu. Zbytek cyklov\u00fdletu u\u017e byla brnka\u010dka a nem\u00e1 cenu popisovat ty davy na Star\u00fdm b\u011blidle, kde byla oslava ke &#8222;dni Zem\u011b&#8220; i z Tebe. Ve Zli\u010di ob\u011bd s n\u00e1zvem ba\u0161ta ale zapom\u011bli \u0159\u00edct, \u017ee je to studen\u00e1 kuchyn\u011b a \u017ee n\u011bkte\u0159\u00ed dostanou steh\u00fdnko ale bez masa. Jo a kola se \u0161lapkama ( nic sprost\u00fdho nehledat ), ka\u017ed\u00fd kolo m\u00e1 \u0159id\u00edtka, sedlo, r\u00e1m ( bez obrazu ) a \u0161lapky. Pozn\u00e1mka: Kdy\u017e n\u011bkdo chce, tak m\u016f\u017ee m\u00edt i bez \u0161lapek. Nap\u0159\u00edklad kdy\u017e si to man\u017eelka nep\u0159eje. A to je pro dne\u0161ek v\u0161ecko.<\/p>\n<p>Fotky\u00a0jsou tady. Teda <a href=\"http:\/\/www.slim2009.cz\/photo\/#\/shared_space\/folder\/238?_k=zawdju\" target=\"_blank\" rel=\"noopener\">ZDE<\/a>.\u00a0 Trasa <a href=\"http:\/\/www.slim2009.cz\/Prilohy\/BabicinoUdoli2010.pdf\" target=\"_blank\" rel=\"noopener\">TADY<\/a>.<\/p>\n<p><a href=\"http:\/\/www.slim2009.cz\/wordpress\/wp-content\/uploads\/2010\/04\/BabicinoUdoli2010.jpg\" target=\"_blank\" rel=\"noopener\"><img loading=\"lazy\" decoding=\"async\" class=\"alignleft wp-image-846\" title=\"BabicinoUdoli2010\" src=\"http:\/\/www.slim2009.cz\/wordpress\/wp-content\/uploads\/2010\/04\/BabicinoUdoli2010.jpg\" alt=\"\" width=\"392\" height=\"270\" \/><\/a><\/p>\n<p>&nbsp;<\/p>\n","protected":false},"excerpt":{"rendered":"<p>\u00davodem chci vzk\u00e1zat v\u0161em co nedorazili. Maj recht, st\u00e1lo to za starou\u00a0Bla\u017ekovou. Kytky smrd\u011bly, pt\u00e1ci \u0159valy, slunce p\u00e1lilo a silnice \u010dern\u00e1 jako z asfaltu. Jak \u0159\u00edk\u00e1m: &#8222;Za starou Bla\u017ekovou&#8220;. No a te\u010f, jak to bylo v tu sobotu. Pravideln\u00fd odjezd &hellip; <a href=\"https:\/\/www.slim2009.cz\/wordpress\/archivalie\/archiv-vylety\/24-4-2010-babicino-udoli\/\">Cel\u00fd p\u0159\u00edsp\u011bvek <span class=\"meta-nav\">&rarr;<\/span><\/a><\/p>\n","protected":false},"author":1,"featured_media":0,"parent":5050,"menu_order":6,"comment_status":"closed","ping_status":"closed","template":"","meta":{"footnotes":""},"class_list":["post-828","page","type-page","status-publish","hentry"],"_links":{"self":[{"href":"https:\/\/www.slim2009.cz\/wordpress\/wp-json\/wp\/v2\/pages\/828","targetHints":{"allow":["GET"]}}],"collection":[{"href":"https:\/\/www.slim2009.cz\/wordpress\/wp-json\/wp\/v2\/pages"}],"about":[{"href":"https:\/\/www.slim2009.cz\/wordpress\/wp-json\/wp\/v2\/types\/page"}],"author":[{"embeddable":true,"href":"https:\/\/www.slim2009.cz\/wordpress\/wp-json\/wp\/v2\/users\/1"}],"replies":[{"embeddable":true,"href":"https:\/\/www.slim2009.cz\/wordpress\/wp-json\/wp\/v2\/comments?post=828"}],"version-history":[{"count":0,"href":"https:\/\/www.slim2009.cz\/wordpress\/wp-json\/wp\/v2\/pages\/828\/revisions"}],"up":[{"embeddable":true,"href":"https:\/\/www.slim2009.cz\/wordpress\/wp-json\/wp\/v2\/pages\/5050"}],"wp:attachment":[{"href":"https:\/\/www.slim2009.cz\/wordpress\/wp-json\/wp\/v2\/media?parent=828"}],"curies":[{"name":"wp","href":"https:\/\/api.w.org\/{rel}","templated":true}]}}