{"id":780,"date":"2010-04-10T20:11:11","date_gmt":"2010-04-10T19:11:11","guid":{"rendered":"http:\/\/www.skip.cz\/milan\/?page_id=780"},"modified":"2010-04-10T20:11:11","modified_gmt":"2010-04-10T19:11:11","slug":"moravsky-blanik","status":"publish","type":"page","link":"https:\/\/www.slim2009.cz\/wordpress\/archivalie\/archiv-vandry\/moravsky-blanik\/","title":{"rendered":"Moravsk\u00fd Blan\u00edk"},"content":{"rendered":"<h4>Jak jsme cht\u011bli na Blan\u00edk a pro\u010d to neklaplo.<\/h4>\n<p>To bylo jednoho brzk\u00e9ho r\u00e1na v p\u00e1tek 2.4.2010. Hned jak jsem vstal, bylo jasn\u00fd, \u017ee n\u011bco nen\u00ed v po\u0159\u00e1dku. To co nebylo v po\u0159\u00e1dku, byl sn\u00edh.<a href=\"http:\/\/www.slim2009.cz\/wordpress\/wp-content\/uploads\/2010\/04\/IMG_6601.jpg\" target=\"_blank\" rel=\"noopener\"><img loading=\"lazy\" decoding=\"async\" class=\" wp-image-795 alignright\" title=\"IMG_6601\" src=\"http:\/\/www.slim2009.cz\/wordpress\/wp-content\/uploads\/2010\/04\/IMG_6601.jpg\" alt=\"\" width=\"221\" height=\"147\" \/><\/a> Ani n\u00e9 tak barva, jako \u017ee padal. Na\u0161t\u011bst\u00ed z p\u011bti centimetr\u016f se je\u0161t\u011b nikdy kalamita neuva\u0159ila. Jestli\u017ee je v Trutnov\u011b p\u011bt to bude ve Starko\u010di prdla\u010dka , v Jarom\u011b\u0159i mrholen\u00ed a d\u00e1l bude\u00a0l\u00e9to. Kdo by \u010dekal, \u017ee Elni\u0148o zas\u00e1hne st\u0159edn\u00ed Evropu. Ani Va\u0161ek, toho \u010dasu druh\u00fd, na hrad\u011b by neuv\u011b\u0159il, co n\u00e1m to glob\u00e1ln\u00ed ozimov\u00e1n\u00ed provede. Vlak si to svi\u0161t\u011bl krajinou, sem tam \u0161lehla v\u011btev do okna ale sn\u011bhu neub\u00fdvalo. V Jarom\u011b\u0159i jako v Trutnov\u011b . Snad se to v dobr\u00fd obr\u00e1t\u00ed. Opravdu obr\u00e1tilo. V Hradci Kr\u00e1lov\u00e9 po sn\u011bhu ani pam\u00e1tky. Jen\u017ee ta radost netrvala dlouho. U\u017e v T\u0159ebechovic\u00edch pod Orebem za\u010dalo sn\u011bhu tro\u0161inku p\u0159ib\u00fdvat a co kilometr, to centimetr. Tou dobou se za\u010dal vlakem potloukat pr\u016fvod\u010d\u00ed a po\u0159\u00e1d si n\u011bco mumlal pod fousy, a\u010d byl holobr\u00e1dek. &#8222;Jenom do Doudleb, jenom do Doudleb&#8220; v\u00edc z n\u011bho nelezlo. V jak\u00e9si stanici si \u0161el pr\u016fvod\u010d\u00ed popov\u00eddat s obsluhou vechtrovny. Kdy\u017e se vr\u00e1til, mimochodem zna\u010dn\u011b \u0161ediv\u00fd, \u0159knul: &#8220; Vod \u0161esti nejelo nic z druh\u00fd strany&#8220;. &#8222;A proto m\u011bli na zast\u00e1vk\u00e1ch\u00a0hejly na nosech ti \u010dekaj\u00edc\u00ed&#8220; pomyslil jsem si. Jenom\u017ee ne\u017e jsem domyslel, byly tady Doudleby. Nejd\u0159\u00edv to bylo jako v ka\u017ed\u00fd stanici ale kdy\u017e u\u017e to trvalo patn\u00e1ct minut a nic se ned\u011blo, za\u010dalo to b\u00fdt podez\u0159el\u00fd. Podez\u0159elost skon\u010dila p\u0159\u00edchodem \u0161templl\u00edstka a realita se stala re\u00e1lnou. Vystupujte, vypadn\u011bte, t\u00e1hn\u011bte, d\u00e1l to nejede, globalisti nasypali na koleje sn\u00edh a mus\u00edte si po\u010dkat na n\u011bkoho jin\u00fdho. My se vrac\u00edme do Hradce. Je\u0161t\u011b ne\u017e <a href=\"http:\/\/www.slim2009.cz\/wordpress\/wp-content\/uploads\/2010\/04\/IMG_6653.jpg\" target=\"_blank\" rel=\"noopener\"><img loading=\"lazy\" decoding=\"async\" class=\"alignleft wp-image-797\" title=\"IMG_6653\" src=\"http:\/\/www.slim2009.cz\/wordpress\/wp-content\/uploads\/2010\/04\/IMG_6653.jpg\" alt=\"\" width=\"221\" height=\"147\" \/><\/a>n\u00e1s \u00fapln\u011b vystrnadil z vlaku, dal v\u0161em nad\u011bji, \u017ee p\u0159ijede n\u00e1hradn\u00ed doprava do p\u016fl hodiny. Opravdu ne\u017e \u0159ekli n\u00e1dra\u017e\u00e1ci \u0161vec, byl tady autobus. Chv\u00edli si \u0159idi\u010d vym\u011b\u0148oval s v\u00fdprav\u010d\u00edm jak\u00e9si pokyny a pak u\u017e se jelo. Do Letohradu je to n\u011bj\u00e1k\u00fdch dvacetp\u011bt kilometr\u016f, kr\u00e1t dvacet centimetr\u016f sn\u011bhu, to m\u00e1me s\u00ednus \u00e1 na druhou plus druh\u00e1 odmocnina ze dvou kvadrant\u016f autobusov\u00fdkonu. V\u00fdsledek n\u00e1sob\u00edme nekone\u010dnou trp\u011blivost\u00ed a d\u011bl\u00edme samoob\u011btavost\u00ed \u0159idi\u010de. To m\u00e1\u00e1\u00e1me, sumasum\u00e1rum hodina a p\u016fl v prdce. To u\u017e ale stoj\u00edm v Letohrad\u011b na n\u00e1dra\u017e\u00ed. A sp\u00ed\u0161 ne\u017e z \u00fast se mi z huby derou nepublikovateln\u00fd slova obdivu k dr\u00e1ze a jejich schopnostem m\u011b dostat do Hanu\u0161ovic. Jesli je pravda co p\u00ed\u0161ou na t\u011bch sv\u011btelnejch cedul\u00edch, tak zpo\u017ed\u011bn\u00ed naroste na \u00factyhodn\u00fdch 6hodin. V n\u00e1dra\u017en\u00ed pokladn\u011b mi jednodu\u0161e \u0159ekli a\u0165 jedu jin\u00fdm sm\u011brem a tak jsem poslechl. Prvn\u00ed vlak byl rychl\u00edk do \u00dast\u00ed nad Orlic\u00ed. Tady jsem m\u011bl podle pokyn\u016f po\u010dkat na dal\u0161\u00ed rychl\u00edk s n\u00e1zvem &#8222;Emil Z\u00e1topek&#8220;. Jenom\u017ee bych musel \u010dekat celou hodinu. <a href=\"http:\/\/www.slim2009.cz\/wordpress\/wp-content\/uploads\/2010\/04\/IMG_6699.jpg\" target=\"_blank\" rel=\"noopener\"><img loading=\"lazy\" decoding=\"async\" class=\"alignright wp-image-799\" title=\"IMG_6699\" src=\"http:\/\/www.slim2009.cz\/wordpress\/wp-content\/uploads\/2010\/04\/IMG_6699.jpg\" alt=\"\" width=\"221\" height=\"147\" \/><\/a>Na prvn\u00edm pra\u017esk\u00fdm n\u00e1stupi\u0161ti st\u00e1l osob\u00e1k do \u010cesk\u00e9 T\u0159ebov\u00e9 a tam stav\u00ed i EC nebo IC vlaky. T\u00edm p\u00e1dem\u00a0by se dalo dojet do Hanu\u0161ovic o n\u011bco d\u0159\u00edv. Celou dobu ne\u017e jsem dojel do \u010cesk\u00e9 T\u0159ebov\u00e9 mi nikdo necht\u011bl d\u00e1t pap\u00edr na to, \u017ee p\u016fvodn\u00ed trasa byla nepr\u016fjezdn\u00e1. No co tak se budu h\u00e1dat! Na\u0161t\u011bst\u00ed se mi poda\u0159ilo ukecat obsluhu kasy v t\u0159ebov\u00fd, ta otev\u0159ela knihu s evidenc\u00ed jizdy obklikou a vystavila doklad oprav\u0148uj\u00edc\u00ed dojet \u010d\u00edmkoli do c\u00edle. Prvn\u00ed vlak moj\u00edm sm\u011brem byl EuroCity &#8222;Vsacan&#8220;. Pr\u016fvod\u010d\u00ed tohohle vlaku, jakmile uvid\u011bl j\u00edzdn\u00ed doklad se hluboce uklonil a tak\u0159ka na kolenou m\u011b poprosil za odpu\u0161t\u011bn\u00ed. Nezbylo ne\u017e odpustit a pohodln\u011b se uvelebit\u00a0hned vedle hajzl\u00edku. Pak u\u017e \u0161lo v\u0161echno jako na dr\u00e1tk\u00e1ch Z\u00e1b\u0159eh, Bludov, Hanu\u0161ovice. Celkov\u00e9 zpo\u017ed\u011bn\u00ed 3hodiny, tj. p\u0159epo\u010dteno na pivohodiny = osum piv, to si pak jedno nebo dv\u011b nedej. D\u00edky takov\u00e9hle \u0161lamastyce se nedalo na Blan\u00edk dorazit. Vandr jsme zakon\u010dili na hrad\u011b Brn\u00ed\u010dko a odtud se vydali do Z\u00e1b\u0159ehu na vlak.<\/p>\n<p>Fotky <a href=\"http:\/\/www.slim2009.cz\/photo\/#\/shared_space\/folder\/414?_k=bm46ri\" target=\"_blank\" rel=\"noopener\">zde<\/a>\u00a0\u00a0\u00a0 a\u00a0\u00a0 profil vandru<a href=\"http:\/\/www.slim2009.cz\/Prilohy\/Blanik.pdf\" target=\"_blank\" rel=\"noopener\"> tady<\/a>.<\/p>\n<p>Den prvn\u00ed: Hanu\u0161ovice &#8211; Rejchartice<a href=\"http:\/\/www.slim2009.cz\/wordpress\/wp-content\/uploads\/2010\/04\/Den01.jpg\" target=\"_blank\" rel=\"noopener\"><img decoding=\"async\" class=\"alignleft wp-image-802\" title=\"Den01\" src=\"http:\/\/www.slim2009.cz\/wordpress\/wp-content\/uploads\/2010\/04\/Den01-150x150.jpg\" alt=\"\" \/><\/a><\/p>\n<p><span style=\"color: #ffffff;\">.<\/span><\/p>\n<p><span style=\"color: #ffffff;\">.<\/span><\/p>\n<p><span style=\"color: #ffffff;\">.<\/span><\/p>\n<p>&nbsp;<\/p>\n<p><span style=\"color: #ffffff;\">.<\/span><\/p>\n<p><span style=\"color: #ffffff;\">.<\/span><\/p>\n<p>Den druh\u00fd: Rejchartice &#8211; Brn\u00ed\u010dko<a href=\"http:\/\/www.slim2009.cz\/wordpress\/wp-content\/uploads\/2010\/04\/Den02a.jpg\" target=\"_blank\" rel=\"noopener\"><img decoding=\"async\" class=\"alignleft wp-image-804\" title=\"Den02a\" src=\"http:\/\/www.slim2009.cz\/wordpress\/wp-content\/uploads\/2010\/04\/Den02a-150x150.jpg\" alt=\"\" \/><br \/>\n<\/a><\/p>\n<p>&nbsp;<\/p>\n<p>&nbsp;<\/p>\n<p>&nbsp;<\/p>\n<p>&nbsp;<\/p>\n<p>&nbsp;<\/p>\n<p>&nbsp;<\/p>\n<p><a href=\"http:\/\/www.slim2009.cz\/wordpress\/wp-content\/uploads\/2010\/04\/Den02b.jpg\" target=\"_blank\" rel=\"noopener\"><img decoding=\"async\" class=\" wp-image-806 alignleft\" title=\"Den02b\" src=\"http:\/\/www.slim2009.cz\/wordpress\/wp-content\/uploads\/2010\/04\/Den02b-150x150.jpg\" alt=\"\" \/><\/a><\/p>\n<p style=\"text-align: center;\"><span style=\"color: #ffffff;\">\u00a0.<\/span><\/p>\n<p>&nbsp;<\/p>\n<p>&nbsp;<\/p>\n<p>&nbsp;<\/p>\n<p>&nbsp;<\/p>\n<p>&nbsp;<\/p>\n<p>&nbsp;<\/p>\n<p>Den t\u0159et\u00ed: Brn\u00ed\u010dko &#8211; Z\u00e1b\u0159eh na Morav\u011b<\/p>\n<p><a href=\"http:\/\/www.slim2009.cz\/wordpress\/wp-content\/uploads\/2010\/04\/Den03.jpg\" target=\"_blank\" rel=\"noopener\"><img decoding=\"async\" class=\" wp-image-807 alignleft\" title=\"Den03\" src=\"http:\/\/www.slim2009.cz\/wordpress\/wp-content\/uploads\/2010\/04\/Den03-150x150.jpg\" alt=\"\" \/><\/a><\/p>\n","protected":false},"excerpt":{"rendered":"<p>Jak jsme cht\u011bli na Blan\u00edk a pro\u010d to neklaplo. To bylo jednoho brzk\u00e9ho r\u00e1na v p\u00e1tek 2.4.2010. Hned jak jsem vstal, bylo jasn\u00fd, \u017ee n\u011bco nen\u00ed v po\u0159\u00e1dku. To co nebylo v po\u0159\u00e1dku, byl sn\u00edh. Ani n\u00e9 tak barva, jako &hellip; <a href=\"https:\/\/www.slim2009.cz\/wordpress\/archivalie\/archiv-vandry\/moravsky-blanik\/\">Cel\u00fd p\u0159\u00edsp\u011bvek <span class=\"meta-nav\">&rarr;<\/span><\/a><\/p>\n","protected":false},"author":1,"featured_media":0,"parent":5048,"menu_order":3,"comment_status":"closed","ping_status":"closed","template":"","meta":{"footnotes":""},"class_list":["post-780","page","type-page","status-publish","hentry"],"_links":{"self":[{"href":"https:\/\/www.slim2009.cz\/wordpress\/wp-json\/wp\/v2\/pages\/780","targetHints":{"allow":["GET"]}}],"collection":[{"href":"https:\/\/www.slim2009.cz\/wordpress\/wp-json\/wp\/v2\/pages"}],"about":[{"href":"https:\/\/www.slim2009.cz\/wordpress\/wp-json\/wp\/v2\/types\/page"}],"author":[{"embeddable":true,"href":"https:\/\/www.slim2009.cz\/wordpress\/wp-json\/wp\/v2\/users\/1"}],"replies":[{"embeddable":true,"href":"https:\/\/www.slim2009.cz\/wordpress\/wp-json\/wp\/v2\/comments?post=780"}],"version-history":[{"count":0,"href":"https:\/\/www.slim2009.cz\/wordpress\/wp-json\/wp\/v2\/pages\/780\/revisions"}],"up":[{"embeddable":true,"href":"https:\/\/www.slim2009.cz\/wordpress\/wp-json\/wp\/v2\/pages\/5048"}],"wp:attachment":[{"href":"https:\/\/www.slim2009.cz\/wordpress\/wp-json\/wp\/v2\/media?parent=780"}],"curies":[{"name":"wp","href":"https:\/\/api.w.org\/{rel}","templated":true}]}}