{"id":73,"date":"2009-03-12T16:06:32","date_gmt":"2009-03-12T15:06:32","guid":{"rendered":"http:\/\/www.skip.cz\/milan\/?page_id=73"},"modified":"2009-03-12T16:06:32","modified_gmt":"2009-03-12T15:06:32","slug":"reklama","status":"publish","type":"page","link":"https:\/\/www.slim2009.cz\/wordpress\/reklama\/","title":{"rendered":"Reklama"},"content":{"rendered":"<p>klikni na obr\u00e1zku<\/p>\n<p><a href=\"http:\/\/www.slim2009.cz\/photo\/#\/shared_space\/folder\/251\/item_27873?_k=kl6cnd\" target=\"_blank\" rel=\"noopener\">Reklama<\/a><a href=\"http:\/\/www.slim2009.cz\/photo\/#\/shared_space\/folder\/251\/item_27873?_k=kl6cnd\" target=\"_blank\" rel=\"noopener\"><img loading=\"lazy\" decoding=\"async\" class=\"alignleft wp-image-191\" title=\"t603\" src=\"http:\/\/www.slim2009.cz\/wordpress\/wp-content\/uploads\/2009\/03\/t603.jpg\" alt=\"t603\" width=\"94\" height=\"132\" \/><\/a><\/p>\n<p><a href=\"http:\/\/www.slim2009.cz\/photo\/#\/shared_space\/folder\/251\/item_27872?_k=heusk5\" target=\"_blank\" rel=\"noopener\"><img loading=\"lazy\" decoding=\"async\" class=\"alignleft wp-image-264\" title=\"moped-stadion\" src=\"http:\/\/www.slim2009.cz\/wordpress\/wp-content\/uploads\/2009\/03\/moped-stadion.jpg\" alt=\"moped-stadion\" width=\"213\" height=\"85\" \/><\/a><\/p>\n<p><a href=\"http:\/\/www.slim2009.cz\/photo\/#\/shared_space\/folder\/251\/item_27872?_k=heusk5\" target=\"_blank\" rel=\"noopener\">\u00a0Reklama<\/a><\/p>\n<p><a href=\"http:\/\/www.slim2009.cz\/photo\/#\/shared_space\/folder\/251\/item_27875?_k=khm6ad\" target=\"_blank\" rel=\"noopener\"><img loading=\"lazy\" decoding=\"async\" class=\"alignleft wp-image-271\" title=\"trabant60121\" src=\"http:\/\/www.slim2009.cz\/wordpress\/wp-content\/uploads\/2009\/03\/trabant60121.jpg\" alt=\"trabant60121\" width=\"158\" height=\"105\" \/><\/a><\/p>\n<p><a href=\"http:\/\/www.slim2009.cz\/photo\/#\/shared_space\/folder\/251\/item_27875?_k=khm6ad\" target=\"_blank\" rel=\"noopener\">\u00a0Reklama<\/a><\/p>\n<p><a href=\"http:\/\/www.slim2009.cz\/photo\/#\/shared_space\/folder\/251\/item_27874?_k=us7axg\" target=\"_blank\" rel=\"noopener\"><img loading=\"lazy\" decoding=\"async\" class=\"alignleft wp-image-273\" title=\"jednota_logo_denik_rubrika_flash\" src=\"http:\/\/www.slim2009.cz\/wordpress\/wp-content\/uploads\/2009\/03\/jednota_logo_denik_rubrika_flash.jpg\" alt=\"jednota_logo_denik_rubrika_flash\" width=\"140\" height=\"104\" \/><\/a><\/p>\n<p><a href=\"http:\/\/www.slim2009.cz\/photo\/#\/shared_space\/folder\/251\/item_27874?_k=us7axg\" target=\"_blank\" rel=\"noopener\">Reklama<\/a><\/p>\n<p>&nbsp;<\/p>\n<p>&nbsp;<\/p>\n<p>&nbsp;<\/p>\n<p>&nbsp;<\/p>\n<p>&nbsp;<\/p>\n<p><a href=\"http:\/\/www.slim2009.cz\/Prilohy\/Moped11.pdf\" target=\"_blank\" rel=\"noopener\">Technick\u00fd list (seznam sou\u010d\u00e1st\u00ed Moped 11)<\/a><\/p>\n<p>&nbsp;<\/p>\n","protected":false},"excerpt":{"rendered":"<p>klikni na obr\u00e1zku Reklama \u00a0Reklama \u00a0Reklama Reklama &nbsp; &nbsp; &nbsp; &nbsp; &nbsp; Technick\u00fd list (seznam sou\u010d\u00e1st\u00ed Moped 11) &nbsp;<\/p>\n","protected":false},"author":1,"featured_media":0,"parent":0,"menu_order":7,"comment_status":"closed","ping_status":"closed","template":"","meta":{"footnotes":""},"class_list":["post-73","page","type-page","status-publish","hentry"],"_links":{"self":[{"href":"https:\/\/www.slim2009.cz\/wordpress\/wp-json\/wp\/v2\/pages\/73","targetHints":{"allow":["GET"]}}],"collection":[{"href":"https:\/\/www.slim2009.cz\/wordpress\/wp-json\/wp\/v2\/pages"}],"about":[{"href":"https:\/\/www.slim2009.cz\/wordpress\/wp-json\/wp\/v2\/types\/page"}],"author":[{"embeddable":true,"href":"https:\/\/www.slim2009.cz\/wordpress\/wp-json\/wp\/v2\/users\/1"}],"replies":[{"embeddable":true,"href":"https:\/\/www.slim2009.cz\/wordpress\/wp-json\/wp\/v2\/comments?post=73"}],"version-history":[{"count":0,"href":"https:\/\/www.slim2009.cz\/wordpress\/wp-json\/wp\/v2\/pages\/73\/revisions"}],"wp:attachment":[{"href":"https:\/\/www.slim2009.cz\/wordpress\/wp-json\/wp\/v2\/media?parent=73"}],"curies":[{"name":"wp","href":"https:\/\/api.w.org\/{rel}","templated":true}]}}