{"id":611,"date":"2009-10-21T12:26:11","date_gmt":"2009-10-21T11:26:11","guid":{"rendered":"http:\/\/www.skip.cz\/milan\/?page_id=611"},"modified":"2009-10-21T12:26:11","modified_gmt":"2009-10-21T11:26:11","slug":"adrspach-2009","status":"publish","type":"page","link":"https:\/\/www.slim2009.cz\/wordpress\/archivalie\/archiv-vylety\/adrspach-2009\/","title":{"rendered":"Adr\u0161pach 2009"},"content":{"rendered":"<p><a href=\"http:\/\/www.slim2009.cz\/wordpress\/wp-content\/uploads\/2009\/10\/Ard2009..jpg\" target=\"_blank\" rel=\"noopener\"><img loading=\"lazy\" decoding=\"async\" class=\"alignleft wp-image-617\" title=\"Ard2009.\" src=\"http:\/\/www.slim2009.cz\/wordpress\/wp-content\/uploads\/2009\/10\/Ard2009..jpg\" alt=\"Ard2009.\" width=\"83\" height=\"125\" \/><\/a>Nedlouho po skon\u010den\u00ed cvi\u010den\u00ed vojensk\u00fdch z\u00e1loh a rodinn\u00fdch p\u0159\u00edslu\u0161n\u00edk\u016f &#8222;Schneekoppe 2009&#8220;, se realiza\u010dn\u00ed t\u00fdm rozhodl d\u00e1t je\u0161t\u011b jednu \u0161anci v\u0161em, kte\u0159\u00ed se nemohli a nebo &#8222;z\u0159ejm\u011b&#8220; necht\u011bli z\u00fa\u010dastnit cvi\u010den\u00ed. Byly proto aktivizov\u00e1ny z\u00e1lo\u017en\u00ed z\u00e1lohy a za nemal\u00e9 pozornosti nemnoh\u00fdch, byla nast\u00edn\u011bna\u00a0 jednoduch\u00e1 trasa. Po ur\u010dit\u00e9 kr\u00e1tk\u00e9 dob\u011b, pak byla nast\u00edn\u011bn\u00e1 trasa pevn\u011b ukotvena jak v \u010dase, tak prostoru. Z\u00e1rove\u0148\u00a0byla rozesl\u00e1na<span style=\"text-decoration: underline;\"> ne\u0161ifrovan\u00e1<\/span> zpr\u00e1va. Po netrp\u011bliv\u00e9m o\u010dek\u00e1v\u00e1n\u00ed odpov\u011bd\u00ed od p\u0159\u00edrodychtiv\u00fdch \u00fa\u010dastn\u00edk\u016f, p\u0159i\u0161la sprcha. Tolik odpov\u011bd\u00ed snad nikdo ne\u010dekal. Jenom zaryt\u00fd optimista si dok\u00e1\u017ee p\u0159edstavit tolik z\u00e1porn\u00fdch odpov\u011bd\u00ed. A to odpov\u00eddali p\u0159edev\u0161\u00edm slu\u0161n\u00ed vzd\u00e1len\u00ed nez\u00fa\u010dastn\u011bn\u00ed. Ale i oni reagovali sm\u011b\u0161n\u00fdmi argumenty, jako: &#8222;M\u00e1m z\u00e1va\u017enou nemoc Mexick\u00e9ho p\u016fvodu, &#8220; nebo tak\u00e9 takto: &#8220; S man\u017eelkou u\u017e m\u00e1me n\u011bco jin\u00e9ho.&#8220; A j\u00e1 se pt\u00e1m: &#8220; Jak\u00e1 smy\u0161len\u00e1 nemoc to asi je a\u00a0co m\u016f\u017ee m\u00edt mlad\u00fd ekolog s man\u017eelkou, \u017ee se nedok\u00e1\u017ee z\u00fa\u010dastnit jedn\u00e9, jak\u00e9koli volno\u010dasov\u00e9 aktivity!&#8220; Je to snad sex v sedmhodin a osm minut? Je nutn\u00e9 podotknout, \u017ee valn\u00e1 v\u011bt\u0161ina obeslan\u00fdch se ani neodv\u00e1\u017eila poslat negativn\u00ed odpov\u011b\u010f na pozv\u00e1nku. V\u011bdomi si skute\u010dnosti, \u017ee cosi dlu\u017e\u00ed na\u0161\u00ed p\u0159\u00edrod\u011b a cht\u011bje se tak vyhnout konfrontaci s organiz\u00e1tory, doufaje, \u017ee si snad ani nev\u0161imnou jejich ne\u00fa\u010dasti. Ba pr\u00e1v\u011b naopak! Byli v\u0161imnuti a byli za\u0159azeni na index, ze kter\u00e9ho se jen tak nedostanou i kdyby na kolenou byli. Od\u010dinit takov\u00fdto skutek toti\u017e,\u00a0nen\u00ed nikterak jednoduch\u00e9.<\/p>\n<p>Ale te\u010f u\u017e k samotn\u00e9 cest\u011b. Mohlo by se zd\u00e1t, \u017ee oby\u010dejn\u00e1 cesta k Adr\u0161pa\u0161sk\u00fdm skal\u00e1m bude nuda a\u017e banalita, av\u0161ak to by v t\u00e9to bohem zapomenut\u00e9 zemi nesm\u011bla v\u00e9st dr\u00e1ha s velk\u00fdm \u010d\u00e9. Vynech\u00e1m sn\u011bhovou kalamitu, kter\u00e1 se\u00a0p\u0159ehnala jinudy a n\u00e1mi nav\u0161t\u00edvenou oblast tak\u0159\u00edkaj\u00edc l\u00edzla. R\u00e1no jsme se na n\u00e1dra\u017e\u00ed potkali dva, co\u017e nen\u00ed hojn\u00e1 \u00fa\u010dast ani kdy\u017e zav\u0159u v\u0161echny o\u010di. D\u00edky tomuto mno\u017estv\u00ed \u00fa\u010dastn\u00edk\u016f bylo mo\u017en\u00e9 zapomenout na mno\u017estevn\u00ed slevu na j\u00edzdn\u00e9m. Je\u0161t\u011b \u017ee m\u00e1m z\u00e1kaznickou kartu a tak jsem \u017e\u00e1dal z\u00e1kaznick\u00e9 j\u00edzdn\u00e9 a u\u017e dop\u0159edu se radoval jak u\u0161et\u0159\u00edm. A opravdu, norm\u00e1ln\u00ed j\u00edzn\u00e9 je 42K\u010d a moje z\u00e1kaznick\u00e9 pouh\u00fdch 32. <a href=\"http:\/\/www.slim2009.cz\/wordpress\/wp-content\/uploads\/2009\/10\/IMG_5650.JPG\" target=\"_blank\" rel=\"noopener\"><img loading=\"lazy\" decoding=\"async\" class=\"alignleft wp-image-637\" title=\"IMG_5650\" src=\"http:\/\/www.slim2009.cz\/wordpress\/wp-content\/uploads\/2009\/10\/IMG_5650.JPG\" alt=\"IMG_5650\" width=\"133\" height=\"77\" \/><\/a>J\u00edzdenky m\u00e1me a tak\u00a0 hrr do vag\u00f3nu. Bohu\u017eel dr\u00e1ha opravuje tra\u0165\u00a0a zavedla n\u00e1hradn\u00ed autobusouvou dopravu z\u00a0 Trutnova do Janovic. P\u0159ed n\u00e1dra\u017en\u00ed budovu dorazil n\u00e1dhern\u00fd antabus od firmy TAD (Trutnovsk\u00e1 Autobusov\u00e1 Doprava).\u00a0Do n\u011bj jsme se nakvart\u00fdrovali ale je\u0161t\u011b ne\u017e jsme se usadili p\u0159i\u0161la pr\u016fvod\u010d\u00ed a zeptala se \u0159idi\u010de jestli v\u00ed, kde jsou n\u00e1hradn\u00ed zast\u00e1vky, \u017ee\u00a0jede tuhle v\u00fdluku poprv\u00e9. \u0158idi\u010d se lehce usm\u00e1l, ale jen <a href=\"http:\/\/www.slim2009.cz\/wordpress\/wp-content\/uploads\/2009\/10\/IMG_5651.JPG\" target=\"_blank\" rel=\"noopener\"><img loading=\"lazy\" decoding=\"async\" class=\"alignright wp-image-641\" title=\"IMG_5651\" src=\"http:\/\/www.slim2009.cz\/wordpress\/wp-content\/uploads\/2009\/10\/IMG_5651.JPG\" alt=\"IMG_5651\" width=\"221\" height=\"106\" \/><\/a>malounko, optal se cestuj\u00edc\u00edch jestli n\u00e1hodou nev\u00edme kde ty zast\u00e1vky jsou, \u017ee i on tudy jede poprv\u00e9. Na\u0161t\u011bst\u00ed ka\u017ed\u00fd v\u011bd\u011bl kde chce vystupovat,\u00a0tak\u017ee se jelo. Nikde a\u017e na Chvale\u010d nikdo nenastupoval a tak jsme zast\u00e1vky pouze proj\u00ed\u017ed\u011bli. \u010cim v\u00fd\u0161 se n\u00e1\u0161 bus dost\u00e1val, tim v\u00edc sn\u011bhu bylo. Chv\u00edlema se i zd\u00e1lo, \u017ee mlha pad\u00e1 a mohlo by b\u00fdt slune\u010dno.\u00a0 V Janovic\u00edch p\u0159ifr\u010del n\u00e1\u0161 vlak, tak se stalo, \u017ee jsme se svezli alespo\u0148 dv\u011b zast\u00e1vky. Po\u010das\u00ed\u00a0st\u00e1le vypadalo nad\u011bjn\u011b, ale byla to jen \u0161alba a mam. Vzhledem k v\u00fdvoji po\u010das\u00ed posledn\u00edch dn\u00ed nebylo ve skal\u00e1ch p\u0159\u00edli\u0161 turist\u016f. Dalo by se s jistotou \u0159\u00edct, \u017ee tam nebyl nikdo ale to by byla le\u017e, proto\u017ee my tam byli. Cesta se jevila lehce zasn\u011b\u017een\u00e1 a tud\u00ed\u017e p\u0159\u00edstupn\u00e1. P\u0159esn\u011b podle pl\u00e1nu, se n\u00e1m poda\u0159ilo vystoupat na hrad a rozhl\u00e9dnout se po okol\u00ed, zdali u\u017e domorodci n\u011bco d\u011blaj\u00ed. Kde\u017ee, spali jako ko\u0165ata. To se pozn\u00e1 podle toho, jestli\u00a0se u\u017e\u00a0kou\u0159\u00ed z kom\u00edm\u016f. A ono se nekou\u0159ilo.\u00a0Lidupr\u00e1zdnou krajinou jsme se pak\u00a0pomalinku dostali nad Janovice. <a href=\"http:\/\/www.slim2009.cz\/wordpress\/wp-content\/uploads\/2009\/10\/IMG_5717.JPG\" target=\"_blank\" rel=\"noopener\"><img loading=\"lazy\" decoding=\"async\" class=\"alignleft wp-image-644\" title=\"IMG_5717\" src=\"http:\/\/www.slim2009.cz\/wordpress\/wp-content\/uploads\/2009\/10\/IMG_5717.JPG\" alt=\"IMG_5717\" width=\"221\" height=\"147\" \/><\/a>V zanikl\u00e9 osad\u011b Z\u00e1bo\u0159, m\u011bl v \u00fadol\u00ed\u010dku\u00a0u zadn\u00edho vstupu do Teplick\u00fdch skal \u010dekat Rad\u00fdsek s kamar\u00e1dy sk\u00e1lolezci. V chaloupce postaven\u00e9 z trosek jak\u00e9si stodoly n\u00e1s p\u0159iv\u00edtali, pohostili, napojili rumem\u00a0a vyprovodili. \u0160t\u011bst\u00ed je, \u017ee se po pol\u00edch v okol\u00ed proh\u00e1n\u011bj\u00ed ochran\u00e1\u0159i v OFFroadech a vyjezdili koleje, proto\u017ee chv\u00edlema bylo sn\u011bhu\u00a0nav\u00e1to i t\u011bsn\u011b pod kolena\u00a0a ve vyjet\u00fdch kolej\u00edch se dalo j\u00edt p\u0159eci jen o trochu l\u00e9pe. Po okoln\u00edch\u00a0pol\u00edch se ob\u010das proh\u00e1n\u011bli i\u00a0&#8222;sn\u011b\u017en\u00ed kon\u011b&#8220;, no oni vlastn\u011b st\u00e1li jako p\u0159imra\u017een\u00fd a jenom se tak za n\u00e1ma oto\u010dili jestli je snad nezachr\u00e1n\u00edme z t\u00fd led\u00e1rny. Ale my m\u011bli jin\u00e9 c\u00edle, ne\u017e zah\u0159\u00edv\u00e1n\u00ed kon\u00ed a to. doj\u00edt na<a href=\"http:\/\/www.bischofstein.cz\" target=\"_blank\" rel=\"noopener\"> Bischofstejn <\/a>a d\u00e1t si ob\u00eddek. Polema to bylo trochu nekone\u010dn\u00fd, a\u017e unavuj\u00edc\u00ed, av\u0161ak jakmile jsme se dostali do lesa, hned se \u0161lo l\u00e9pe a radostn\u011bji, proto\u017ee sn\u00edh se dr\u017eel v list\u00ed na stromech a dole ho bylo znateln\u011b m\u00ed\u0148. Bi\u0161\u00edk, kone\u010dn\u011b Bi\u0161\u00e1k! Vzh\u016fru dovnit\u0159! To bylo v\u00edt\u00e1n\u00ed, to bylo radosti.\u00a0 Pavel se skoro neudr\u017eel a tak, tak, \u017ee zam\u00e1\u010dkl slzu dojet\u00ed. Tolik\u00a0se t\u011b\u0161il, \u017ee p\u0159\u00edjdeme. I v jeho hlase\u00a0bylo zn\u00e1t jak se t\u011b\u0161il. Tak kr\u00e1sn\u011b n\u00e1s p\u0159iv\u00edtal, to<a href=\"http:\/\/www.slim2009.cz\/wordpress\/wp-content\/uploads\/2009\/10\/IMG_5745.JPG\" target=\"_blank\" rel=\"noopener\"><img loading=\"lazy\" decoding=\"async\" class=\"alignright wp-image-647\" title=\"IMG_5745\" src=\"http:\/\/www.slim2009.cz\/wordpress\/wp-content\/uploads\/2009\/10\/IMG_5745.JPG\" alt=\"IMG_5745\" width=\"294\" height=\"196\" \/><\/a> jeho:&#8220; No nazdar!&#8220;, bylo tak vrouc\u00ed. &#8222;M\u00e1me hlad a \u017e\u00edze\u0148, jako polskej z\u00e1jezd&#8220; zazn\u011blo po uv\u00edtac\u00edm ceremoni\u00e1lu. &#8222;Jdete pozd\u011b, ten u\u017e tady je&#8220; \u0159ekl Pavel. Opravdu, v\u0161ude kam oko dohl\u00e9dlo a ucho doslechlo, jadrn\u00e1 pol\u0161tina. Koldokol v\u017e, v\u0161, p\u0161. &#8222;Cholera&#8220; pomysleli jsme si, ale to u\u017e n\u00e1s Pavel usazoval do \u0161\u00e1mbrsepar\u00e9, kde jsme sed\u011bli skoro sami spolu se z\u00e1jezdem z PLR. Ne\u017e bys \u0159ekl polsky \u0161vec, u\u017e tady bylo p\u00edvo. N\u00e1sledovala opulentn\u00ed hostina o n\u011bkolika chodech, jmenovit\u011b byla brambora\u010dka s pe\u010divem a\u00a0mlad\u00fd bojl\u00e9r s bramb\u016frkem,\u00a0na\u010de\u017e n\u00e1sledoval i jeden odchod ale a\u017e po dal\u0161\u00edm pivenku. Moc se n\u00e1m necht\u011blo odch\u00e1zet, av\u0161ak \u010das kvapil a tak d\u00e1le od hradu d\u00e1le. Rozlou\u010dili jsme se, pod\u011bkovali a vyrazili. Proto\u017ee u\u017e nebylo nutn\u00e9 dr\u017eet se p\u016fvodn\u011b napl\u00e1novan\u00e9 cesty, oto\u010dili jsme se o stoosmdes\u00e1t stup\u0148\u016f a vyrazili sm\u011brem na Mal\u00e9 Svato\u0148ovice. Cesta z\u00a0Bi\u0161\u00edku <a href=\"http:\/\/www.slim2009.cz\/wordpress\/wp-content\/uploads\/2009\/10\/IMG_1856.JPG\" target=\"_blank\" rel=\"noopener\"><img loading=\"lazy\" decoding=\"async\" class=\"alignleft wp-image-648\" title=\"IMG_1856\" src=\"http:\/\/www.slim2009.cz\/wordpress\/wp-content\/uploads\/2009\/10\/IMG_1856.JPG\" alt=\"IMG_1856\" width=\"166\" height=\"221\" \/><\/a>klesala do Studnice. Ka\u017ed\u00fdm metrem kles\u00e1n\u00ed ub\u00fdval sn\u00edh a p\u0159ib\u00fdvala voda. Mezi Studnic\u00ed a Vern\u00e9\u0159ovicemi u\u017e ze strom\u016f padal\u00a0sn\u00edh s vodou. Cesta ub\u00edhala v poklidu a ne\u017e jsme se dostali pod Jest\u0159eb\u00ed hory minuli jsme Konstrukce J\u00edvka a pod nimi obe\u0161li &#8222;Kuprovku&#8220;, co\u017e jsou b\u00fdval\u00e9 sedimenta\u010dn\u00ed n\u00e1dr\u017ee po b\u00fdval\u00fdch dolech na m\u011b\u010f z pades\u00e1t\u00fdch let minul\u00e9ho stolet\u00ed.\u00a0Z\u00e1v\u011bre\u010dn\u00e9 stoup\u00e1n\u00ed p\u0159es Jest\u0159ebky dalo n\u011bkter\u00fdm pon\u011bkud zabrat ale proto\u017ee to bylo posledn\u00ed stoup\u00e1n\u00ed toho dne, dalo se to vydr\u017eet. Z kope\u010dka na Petrovice se u kapli\u010dky stalo mali\u010dkat\u00e9 kufr\u00e9 ale G\u00e9P\u00e9eSka n\u00e1s okam\u017eit\u011b vr\u00e1tila na trasu. Neb\u00fdt rozfl\u00e1kan\u00fdho statku v Petrovic\u00edch a srnek na okraji Svato\u0148ovic byla by zbytek cesty nuda. P\u0159ekvapen\u00ed ale \u010dekalo a\u017e \u00fapln\u011b dole na n\u00e1dra\u017e\u00ed. P\u0159ich\u00e1z\u00edme ke kolej\u00edm a ejhle vlak. Takhle by to nenapl\u00e1noval ani superman. Sta\u010dilo nastoupit a u\u017e to jelo k domovu. Co na tom, \u017ee s pokutou (manipula\u010dn\u00edm poplatkem) to bylo za 60s\u00e1t pen\u011bz. Lep\u0161\u00ed ne\u017e \u010dekat na dal\u0161\u00ed vlak dv\u011b hodiny. A\u00a0 doma \u010dekala vana s teplou vodou.<\/p>\n<p>To jsme si zase u\u017eili sv\u011bta.<\/p>\n<p><strong>Fotky z akce <\/strong><a href=\"http:\/\/www.slim2009.cz\/photo\/#\/shared_space\/folder\/342?_k=0ab3i3\" target=\"_blank\" rel=\"noopener\"><strong>zde<\/strong><\/a>\u00a0\u00a0\u00a0\u00a0\u00a0\u00a0\u00a0\u00a0\u00a0\u00a0\u00a0\u00a0\u00a0\u00a0\u00a0\u00a0 <strong>profil trasy <\/strong><a href=\"http:\/\/www.slim2009.cz\/Prilohy\/Adrspach2009.pdf\" target=\"_blank\" rel=\"noopener\"><strong>tu<\/strong><\/a><\/p>\n","protected":false},"excerpt":{"rendered":"<p>Nedlouho po skon\u010den\u00ed cvi\u010den\u00ed vojensk\u00fdch z\u00e1loh a rodinn\u00fdch p\u0159\u00edslu\u0161n\u00edk\u016f &#8222;Schneekoppe 2009&#8220;, se realiza\u010dn\u00ed t\u00fdm rozhodl d\u00e1t je\u0161t\u011b jednu \u0161anci v\u0161em, kte\u0159\u00ed se nemohli a nebo &#8222;z\u0159ejm\u011b&#8220; necht\u011bli z\u00fa\u010dastnit cvi\u010den\u00ed. Byly proto aktivizov\u00e1ny z\u00e1lo\u017en\u00ed z\u00e1lohy a za nemal\u00e9 pozornosti nemnoh\u00fdch, byla &hellip; <a href=\"https:\/\/www.slim2009.cz\/wordpress\/archivalie\/archiv-vylety\/adrspach-2009\/\">Cel\u00fd p\u0159\u00edsp\u011bvek <span class=\"meta-nav\">&rarr;<\/span><\/a><\/p>\n","protected":false},"author":1,"featured_media":0,"parent":5050,"menu_order":3,"comment_status":"closed","ping_status":"closed","template":"","meta":{"footnotes":""},"class_list":["post-611","page","type-page","status-publish","hentry"],"_links":{"self":[{"href":"https:\/\/www.slim2009.cz\/wordpress\/wp-json\/wp\/v2\/pages\/611","targetHints":{"allow":["GET"]}}],"collection":[{"href":"https:\/\/www.slim2009.cz\/wordpress\/wp-json\/wp\/v2\/pages"}],"about":[{"href":"https:\/\/www.slim2009.cz\/wordpress\/wp-json\/wp\/v2\/types\/page"}],"author":[{"embeddable":true,"href":"https:\/\/www.slim2009.cz\/wordpress\/wp-json\/wp\/v2\/users\/1"}],"replies":[{"embeddable":true,"href":"https:\/\/www.slim2009.cz\/wordpress\/wp-json\/wp\/v2\/comments?post=611"}],"version-history":[{"count":0,"href":"https:\/\/www.slim2009.cz\/wordpress\/wp-json\/wp\/v2\/pages\/611\/revisions"}],"up":[{"embeddable":true,"href":"https:\/\/www.slim2009.cz\/wordpress\/wp-json\/wp\/v2\/pages\/5050"}],"wp:attachment":[{"href":"https:\/\/www.slim2009.cz\/wordpress\/wp-json\/wp\/v2\/media?parent=611"}],"curies":[{"name":"wp","href":"https:\/\/api.w.org\/{rel}","templated":true}]}}