{"id":61,"date":"2009-03-12T15:29:20","date_gmt":"2009-03-12T14:29:20","guid":{"rendered":"http:\/\/www.skip.cz\/milan\/?page_id=61"},"modified":"2009-03-12T15:29:20","modified_gmt":"2009-03-12T14:29:20","slug":"admin-doporucuje","status":"publish","type":"page","link":"https:\/\/www.slim2009.cz\/wordpress\/archivalie\/archiv-bulvar\/admin-doporucuje\/","title":{"rendered":"Kalensk\u00e1 3ojka"},"content":{"rendered":"<h1 style=\"text-align: center;\"><span style=\"color: #ff0000;\"><img loading=\"lazy\" decoding=\"async\" class=\"aligncenter wp-image-68\" title=\"kalna01\" src=\"http:\/\/www.slim2009.cz\/wordpress\/wp-content\/uploads\/2009\/03\/kalna01.jpg\" alt=\"kalna01\" width=\"300\" height=\"208\" \/><\/span><\/h1>\n<h1 style=\"text-align: center;\"><span style=\"color: #ff0000;\">Restaurace pod Farou &#8211; <\/span><span style=\"color: #ff0000;\">Doln\u00ed Kaln\u00e1<\/span><\/h1>\n<p><span style=\"color: #ff0000;\"><span style=\"color: #ff0000;\"><a href=\"http:\/\/www.slim2009.cz\/wordpress\/wp-content\/uploads\/2009\/03\/44.jpg\" target=\"_blank\" rel=\"noopener\"><img loading=\"lazy\" decoding=\"async\" class=\"alignright wp-image-119\" title=\"44\" src=\"http:\/\/www.slim2009.cz\/wordpress\/wp-content\/uploads\/2009\/03\/44-251x300.jpg\" alt=\"44\" width=\"151\" height=\"180\" \/><\/a><\/span><\/span><\/p>\n<p style=\"text-align: center;\"><strong>Dne 10.8.2002 se uskute\u010dnila &#8222;Kalensk\u00e1 3ojka&#8220;. Kl\u00e1n\u00ed\u00a0ly\u017ea\u0159sk\u00fdch Es v d\u00e1lkov\u00e9m sjezdu od sv\u011btozn\u00e1m\u00e9ho pensionu<\/strong><strong>\u00a0&#8222;Pod Farou&#8220;<\/strong><strong>\u00a0do ly\u017ea\u0159sk\u00e9ho skialpinistick\u00e9ho are\u00e1lu pod <\/strong><strong>&#8222;Motorestem v zat\u00e1\u010dce&#8220;.<\/strong><\/p>\n<p style=\"text-align: center;\"><span style=\"color: #ccffff;\"><strong>Fotografie z tohoto kl\u00e1n\u00ed oblet\u011bli tenkr\u00e1t cel\u00fd zn\u00e1m\u00fd sv\u011bt.<\/strong><\/span><\/p>\n<h2><\/h2>\n<h2><\/h2>\n<h2 style=\"text-align: center;\">\u00a0\u00a0\u00a0\u00a0\u00a0\u00a0\u00a0\u00a0\u00a0 \u00a0\u00a0\u00a0\u00a0\u00a0 \u00a0\u00a0 \u00a0\u00a0<span style=\"color: #ccffff;\">Nyn\u00ed je m\u016f\u017eete vid\u011bt op\u011bt v cel\u00e9 kr\u00e1se!<\/span><\/h2>\n<h2 style=\"text-align: center;\"><span style=\"color: #ccffff;\"><a href=\"http:\/\/www.slim2009.cz\/photo\/#\/shared_space\/folder\/36?_k=o7t63k\" target=\"_blank\" rel=\"noopener\"><img loading=\"lazy\" decoding=\"async\" class=\"aligncenter wp-image-148\" title=\"102\" src=\"http:\/\/www.slim2009.cz\/wordpress\/wp-content\/uploads\/2009\/03\/102-1024x751.jpg\" alt=\"102\" width=\"614\" height=\"451\" \/><\/a><\/span><\/h2>\n<h2 style=\"text-align: center;\"><span style=\"color: #ccffff;\">Fotogalerie -&gt;<\/span>\u00a0 <span style=\"color: #000000;\"><a class=\"wpGallery\" href=\"http:\/\/www.slim2009.cz\/photo\/#\/shared_space\/folder\/36?_k=o7t63k\" target=\"_blank\" rel=\"noopener\">Kalensk\u00e1 3ojka<\/a><\/span><\/h2>\n<p>&nbsp;<\/p>\n<p>Foto by Slim<\/p>\n","protected":false},"excerpt":{"rendered":"<p>Restaurace pod Farou &#8211; Doln\u00ed Kaln\u00e1 Dne 10.8.2002 se uskute\u010dnila &#8222;Kalensk\u00e1 3ojka&#8220;. Kl\u00e1n\u00ed\u00a0ly\u017ea\u0159sk\u00fdch Es v d\u00e1lkov\u00e9m sjezdu od sv\u011btozn\u00e1m\u00e9ho pensionu\u00a0&#8222;Pod Farou&#8220;\u00a0do ly\u017ea\u0159sk\u00e9ho skialpinistick\u00e9ho are\u00e1lu pod &#8222;Motorestem v zat\u00e1\u010dce&#8220;. Fotografie z tohoto kl\u00e1n\u00ed oblet\u011bli tenkr\u00e1t cel\u00fd zn\u00e1m\u00fd sv\u011bt. \u00a0\u00a0\u00a0\u00a0\u00a0\u00a0\u00a0\u00a0\u00a0 \u00a0\u00a0\u00a0\u00a0\u00a0 \u00a0\u00a0 &hellip; <a href=\"https:\/\/www.slim2009.cz\/wordpress\/archivalie\/archiv-bulvar\/admin-doporucuje\/\">Cel\u00fd p\u0159\u00edsp\u011bvek <span class=\"meta-nav\">&rarr;<\/span><\/a><\/p>\n","protected":false},"author":1,"featured_media":0,"parent":5086,"menu_order":1,"comment_status":"closed","ping_status":"closed","template":"","meta":{"footnotes":""},"class_list":["post-61","page","type-page","status-publish","hentry"],"_links":{"self":[{"href":"https:\/\/www.slim2009.cz\/wordpress\/wp-json\/wp\/v2\/pages\/61","targetHints":{"allow":["GET"]}}],"collection":[{"href":"https:\/\/www.slim2009.cz\/wordpress\/wp-json\/wp\/v2\/pages"}],"about":[{"href":"https:\/\/www.slim2009.cz\/wordpress\/wp-json\/wp\/v2\/types\/page"}],"author":[{"embeddable":true,"href":"https:\/\/www.slim2009.cz\/wordpress\/wp-json\/wp\/v2\/users\/1"}],"replies":[{"embeddable":true,"href":"https:\/\/www.slim2009.cz\/wordpress\/wp-json\/wp\/v2\/comments?post=61"}],"version-history":[{"count":0,"href":"https:\/\/www.slim2009.cz\/wordpress\/wp-json\/wp\/v2\/pages\/61\/revisions"}],"up":[{"embeddable":true,"href":"https:\/\/www.slim2009.cz\/wordpress\/wp-json\/wp\/v2\/pages\/5086"}],"wp:attachment":[{"href":"https:\/\/www.slim2009.cz\/wordpress\/wp-json\/wp\/v2\/media?parent=61"}],"curies":[{"name":"wp","href":"https:\/\/api.w.org\/{rel}","templated":true}]}}