{"id":5769,"date":"2025-06-30T20:06:24","date_gmt":"2025-06-30T18:06:24","guid":{"rendered":"http:\/\/www.slim2009.cz\/wordpress\/?page_id=5769"},"modified":"2025-06-30T20:06:24","modified_gmt":"2025-06-30T18:06:24","slug":"endurance-2025","status":"publish","type":"page","link":"https:\/\/www.slim2009.cz\/wordpress\/crnci\/endurance-2025\/","title":{"rendered":"Endurance 2025"},"content":{"rendered":"<p>Leto\u0161n\u00ed Endurance m\u011bla posunutej term\u00edn z dubna na kv\u011bten, aby si cukrou\u0161i nemohli<a href=\"http:\/\/www.slim2009.cz\/wordpress\/wp-content\/uploads\/2025\/07\/IMG_20250524_091649-scaled.jpg\" target=\"_blank\" rel=\"noopener\"><img loading=\"lazy\" decoding=\"async\" class=\"alignright wp-image-5782 size-medium\" src=\"http:\/\/www.slim2009.cz\/wordpress\/wp-content\/uploads\/2025\/07\/IMG_20250524_091649-300x169.jpg\" alt=\"\" width=\"300\" height=\"169\" \/><\/a> st\u011b\u017eovat na nep\u0159\u00edzniv\u00fd po\u010das\u00ed, jako by d\u00e9\u0161\u0165 a sn\u011bhov\u00fd vlo\u010dky kazily dojem z bajkov\u00e1n\u00ed. Lo\u0148sk\u00e1 trasa se m\u011bnit nemusela, proto\u017ee ji znali jen t\u0159i Neg\u0159i. Do\u0161lo jen na n\u011bkolik m\u00e1lo \u00faprav, kter\u00fd jsme vlastn\u011b nevyu\u017eili, nebo\u0165 op\u011bt nebylo v na\u0161ich sil\u00e1ch celou trasu projet. V sobotu 24.5.2025 se velmi po\u010detn\u00e1 skupina Negr\u016f sjela u zim\u00e1ku v Trutnov\u011b. \u00daderem dev\u00e1t\u00fd vyr\u00e1\u017e\u00edme Endurancovat a je n\u00e1s deset. U\u017e po p\u00e1r stech metrech n\u00e1s zastavujou \u0161ra\u0148ky u kterejch l\u00e1k\u00e1me jak\u00e9hosi bajkera na skl\u00e1da\u010dce, a\u0165 se k n\u00e1m p\u0159id\u00e1. Nep\u0159idal. Za projed\u0161\u00edm \u0160iskanzenem jdou z\u00e1vory nahoru a pou\u0161t\u00ed n\u00e1s d\u00e1l. Odbo\u010dujeme do Dra\u010d\u00ed rokle, pry\u010d z m\u011bsta. Ve stoup\u00e1n\u00ed na Bu\u010dinu, daleko p\u0159ed V\u00e9brovkou do\u0161lo v kilometru 2 a 1\/2 k prvn\u00ed poru\u0161e. B\u00e1rtovi se klacek dostal do p\u0159evod\u016f a v kazet\u011b ohnul n\u011bkolik zub\u016f, tak\u017ee nemohl pokra\u010dovat. Zavolal dom\u016f a nechal se odt\u00e1hnou. Mezi t\u00edm se \u010delo skupiny dostalo o kilometr d\u00e1l a \u010dekalo na opo-zdilce.Zpr\u00e1va o prvn\u00ed mrtvole se k n\u011bmu dostala s mnohaminutov\u00fdm zpo\u017ed\u011bn\u00edm. Ochuzeni o B\u00e1rta se jedeme rozhl\u00eddnout ze skaln\u00ed vyhl\u00eddky nedaleko V\u00e9brovky. Vyfocen\u00fd, rozhl\u00eddnut\u00fd stoup\u00e1me na Z\u00e1meckej vrch 635mnm. Prvn\u00edch 200metru vej\u0161kovejch m\u00e1me za sebou. Rolandova vyhl\u00eddka, odbo\u010dit ke Stachelbergu, projet nad Bab\u00edm pod vrcholem Baba a u st\u0159elnice odbo\u010dit na lesn\u00ed cestu vedouc\u00ed na louky pod Stachlem. Za loukama znova do lesa. Lesn\u00ed cesty n\u00e1s prudce svezly<a href=\"http:\/\/www.slim2009.cz\/wordpress\/wp-content\/uploads\/2025\/07\/IMG_20250524_204620-scaled.jpg\" target=\"_blank\" rel=\"noopener\"><img loading=\"lazy\" decoding=\"async\" class=\"alignright wp-image-5784 size-medium\" src=\"http:\/\/www.slim2009.cz\/wordpress\/wp-content\/uploads\/2025\/07\/IMG_20250524_204620-169x300.jpg\" alt=\"\" width=\"169\" height=\"300\" \/><\/a> do \u00fadol\u00ed potoka Li\u010dn\u00e1, bl\u00edzko K\u0159enova. V K\u0159enov\u011b jsme op\u011bt o 200 metr\u016f n\u00ed\u017e. Asfaltkou jedeme k Bernartic\u00edm, kde se obdivujeme budouc\u00edm d\u00e1lni\u010dn\u00edm mostem, prozat\u00edm vypadaj\u00edc\u00ed jako dv\u011b mostn\u00ed opory \u010dn\u00edc\u00ed a\u017e do vej\u0161ky 15ti metr\u016f nade dno \u00fadol\u00ed. M\u00edj\u00edme pracuj\u00edc\u00ed mosta\u0159e, pochv\u00edli odbo\u010dujeme do Lampertic a u domova d\u016fchodc\u016f miz\u00edme z asfaltu do l\u016fna p\u0159\u00edrody. Teda aspo\u0148 na dobu ne\u017e vystoup\u00e1me do osady Dvorky, za nimi\u017e prot\u00edn\u00e1me D11, kde se nehne stavba\u0159sk\u00fd kolo. V\u017edy\u0165 je sobota a zpo\u017ed\u011bn\u00ed 35let se stejn\u011b ned\u00e1 dohnat. Jsme v Kr\u00e1loveck\u00fdm sedle. Pod\u00e9l kolej\u00ed si to \u0161lapeme a\u017e za n\u00e1dra\u017e\u00ed Kr\u00e1lovec a po silnici \u010d.16 m\u00ed\u0159\u00edme ke hranici. Je\u0161t\u011b p\u0159ed n\u00ed se n\u00e1m u Obecn\u00edho \u00da\u0159adu stav\u00ed do cesty &#8222;SKLEP&#8220; s v\u00fd\u010depem a liz\u00e1ky malinove. Ach jak t\u011b\u017ek\u00fd bylo odolat Tamboru! V noh\u00e1ch 20km a tekutiny budou pot\u0159eba, proto\u017ee u\u017e za p\u00e1r kilometr\u016f za\u010dne stoupac\u00ed peklo. Prot\u00edn\u00e1me st\u00e1tn\u00ed hranici, Przelecz Lubawska 516mnm. Obj\u00ed\u017ed\u00edme Sepia G\u00f3ra, No\u0159\u00edme se do Krucza Dolina, nad n\u00e1mi Krucza Skala a tady za\u010d\u00edn\u00e1me stoupat a stoupat. Tak\u0159ka se dot\u00fdk\u00e1me vrcholu B\u00f3gdat ve vej\u0161ce 747m, ale state\u010dn\u011b ho obkru\u017eujeme. Stoup\u00e1n\u00ed pokra\u010duje. Pl\u00e1n byl vyvrcholit na Mraven\u010d\u00edm vrchu 831mnm, ov\u0161em polsk\u00fd zna\u010den\u00ed je mizern\u00fd a tak se na &#8222;h\u0159ebenovce&#8220; objevujeme o kilometr a p\u016fl jinde v prostoru za lomem pod k\u00f3tou Glazica 795mnm. Stejn\u011b jako loni jsme h\u00f3\u00f3\u00f3dn\u011b pomal\u00ed. Se\u0161up do sedla Wiazowna, vytla\u010dit a popojet na Jaworowa 786mnm. Kalen m\u00e1 probl\u00e9m: upadl mu kryt baterky a to netu\u0161\u00ed co bude p\u0159\u00ed\u0161t\u011b. Pokra\u010dujeme h\u0159ebenovkou p\u0159es Dlouhou str\u00e1\u0148 nad Be\u010dkovskej vodop\u00e1d k m\u00edstu Bogoria. Kone\u010dn\u011b m\u016f\u017eeme posva\u010dit bu\u0159ty ope\u010den\u00fd na ohni, mistrn\u011b rozd\u011blan\u00fdmu Tomem a Danem. Odpo\u010d\u00edv\u00e1me p\u0159i pivku, Vlasta lehce chrupe na lavi\u010dce. Zji\u0161\u0165ujeme dvouhodinov\u00fd zpo\u017ed\u011bn\u00ed, vynech\u00e1v\u00e1me tak stejn\u011b jako loni J\u00e1nskej vrch<a href=\"http:\/\/www.slim2009.cz\/wordpress\/wp-content\/uploads\/2025\/07\/IMG_20250524_114038-scaled.jpg\" target=\"_blank\" rel=\"noopener\"><img loading=\"lazy\" decoding=\"async\" class=\"alignright wp-image-5783 size-medium\" src=\"http:\/\/www.slim2009.cz\/wordpress\/wp-content\/uploads\/2025\/07\/IMG_20250524_114038-300x169.jpg\" alt=\"\" width=\"300\" height=\"169\" \/><\/a> a odpo\u010dat\u00ed se spou\u0161t\u00edme do Uniemy\u0161lu. Tom si jede vyfotit kostel sv.Mateusza, my pokra\u010dujeme k hrani\u010dn\u00edm skal\u00e1m na jejich\u017e h\u0159ebeni pojedeme od serpentin do Libn\u00fd. Tom n\u00e1s doj\u00ed\u017ed\u00ed a spole\u010dn\u011b stoup\u00e1me k z\u00e1v\u011bre\u010dn\u00fd \u010d\u00e1sti kterou mus\u00edme vytla\u010dit. P\u0159i tla\u010den\u00ed na vrcholek h\u0159ebene se opo\u017e\u010fuju. Sna\u017e\u00edm se ostatn\u00ed dohnat, ale kdy\u017e se dost\u00e1v\u00e1m k serpent\u00fdn\u00e1m nikde nikdo!? \u017de by ne\u010dekali, no nic jedu a\u0165 je dostihnu. Jen\u017ee to bylo jinak. Tom vzal v\u0161echny zkratkou a jedinej j\u00e1 si tak vychutnal hrani\u010dn\u00ed balvany na vrcholu. Ze sedla u silnice jedeme zase spole\u010dn\u011b. Nahoru, d\u00f3lu, ko\u0159eny, kameny, nahoru, bl\u00e1t\u00ed\u010dko, slun\u00ed\u010dko, pomalu po uzou\u010dk\u00fd cesti\u010dce. Vlevo Polsko, sk\u00e1ly, pr\u016frvy. Vpravo les. Trochu z kope\u010dka, pak zas nahoru, vyhnout se spadl\u00fdmu stromu, ko\u0159eny v odvratu a na nich pad\u00e1 Petr Kallen. Na\u0161t\u011bst\u00ed to bylo nevysoko a je jen lehce potlu\u010denej. A furt netu\u0161\u00ed co se stane u Radvanic. Kdy\u017e u\u017e se tak n\u011bj\u00e1kou dobu hrk\u00e1me k Libn\u00fd, objevuje se stezka vrace\u010dka. Je to zkratka do Horn\u00edho \u00c1dru. \u010casov\u011b na tom jsme b\u00eddn\u011b nest\u00edh\u00e1me. Tak to to\u010d\u00edme k domovu. Vrace\u010dkou jedeme do \u00c1dru. P\u011b\u0161ina se roz\u0161\u00ed\u0159ila na lesn\u00ed cestu a hezky z kope\u010dka n\u00e1s dovedla k prvn\u00ed chalup\u011b nad Horn\u00edm \u00c1drem. Cesta se zasfaltila a bez \u0161l\u00e1pnut\u00ed za chv\u00edli stoj\u00edme u bejval\u00fd p\u0159\u00e1delny, n\u00e1sledn\u011b Autopalu a te\u010f Cont\u00edku. Jedeme do J\u00edvky na velmi pozdn\u00ed ob\u011bd. Po silnici nejd\u0159\u00edv stoup\u00e1me 2km nad Hodkovice. Pon\u011bkud udejchanej<a href=\"http:\/\/www.slim2009.cz\/wordpress\/wp-content\/uploads\/2025\/07\/IMG_0219-scaled.jpeg\" target=\"_blank\" rel=\"noopener\"><img loading=\"lazy\" decoding=\"async\" class=\"alignright wp-image-5781 size-medium\" src=\"http:\/\/www.slim2009.cz\/wordpress\/wp-content\/uploads\/2025\/07\/IMG_0219-300x225.jpeg\" alt=\"\" width=\"300\" height=\"225\" \/><\/a> p\u0159ej\u00ed\u017ed\u00edm \u017eelezni\u010dn\u00ed p\u0159ejezd za horizontem, to u\u017e jsou v\u0161ichni U Ty\u0161er\u016f, kam p\u0159ij\u00ed\u017ed\u00edm unaven posledn\u00ed. Objedn\u00e1v\u00e1me si j\u00eddlo a pit\u00ed. Jsme vyprahlej jako pou\u0161\u0165, tak leju kofolu za kofolou, ostatn\u00ed v\u011bt\u0161inou p\u00edvo. Najeden\u00ed a zavla\u017een\u00ed nased\u00e1me a jedeme d\u00e1l. Kousek je\u0161t\u011b z kope\u010dka, ale za \u010dp. 373 odbo\u010dujeme na cestu vedenou loukou do kopce k vys\u00edla\u010di, kde se napojujeme na \u010dervenou zna\u010dku a o zlom vaz mast\u00edme do Radvanic. Za p\u0159ejezdem trati v Temn\u00fdm lese se uji\u0161\u0165uju, jsme-li v\u0161ichni a vypad\u00e1 to \u017ee jo. V Radvanic\u00edch u silnice se nem\u016f\u017eeme do\u010dkat t\u0159\u00ed Negr\u016f. Vrac\u00edm se, zat\u00edm co ostatn\u00ed jedou do Restaurace Radvanice. Po kilometru zp\u00e1tky do kopce je potk\u00e1v\u00e1m. Jedou v\u0161ichni, ale jen proto\u017ee je to z kopce. Doj\u00ed\u017ed\u00edme na asfaltku u chalup a tam u\u017e to v\u00edd\u00edm. Kallen m\u00e1 zkalen\u00fd obli\u010dej. Nejprve mu upadl kryt baterky, pak upadl on a te\u010f odpadl kus p\u0159ehazova\u010dky, bez kter\u00fd nem\u00e1 \u0159et\u011bz kudy \u0159et\u011bzovat. Vytahuju roz\u0161\u00edva\u010dku, zkracujeme \u0159et\u011bz a pokus o dal\u0161\u00ed j\u00edzdu, kon\u010d\u00ed po kilometru u Restaurace, kde se ostatn\u00ed osv\u011b\u017eujou. P\u0159ivol\u00e1n\u00ed rodinn\u00e9 pomoci se Kallenovi neda\u0159\u00ed. Beru to do sv\u00fdch rukou, vytahuju mobil, vol\u00e1m \u0161v\u00e1rovi do Chval\u010de a ten jen n\u011bco dod\u011blal na zahrad\u011b, p\u0159ijel, nalo\u017eil ne\u0161\u0165astn\u00edka Kaliho i s kolem a odvezl dom\u016f. Zbytek v\u00fdpravy plat\u00ed a pak vyr\u00e1\u017e\u00edme p\u0159es Slav\u011bt\u00edn a posledn\u00ed vrchol dne u p\u011bchotn\u00edho srubu T-S-43, p\u0159es Bezd\u011bkov a Lhotu\u00a0 do Trutnova. Ve Lhot\u011b se odpojuje Janko Tla\u010di\u010d But, nalodit se do auta. Ostatn\u00ed jedeme pod\u00e9l<a href=\"http:\/\/www.slim2009.cz\/wordpress\/wp-content\/uploads\/2025\/07\/Obrazek-WhatsApp-2025-05-25-v-12.53.41_f23239cf-scaled.jpg\" target=\"_blank\" rel=\"noopener\"><img loading=\"lazy\" decoding=\"async\" class=\"alignright wp-image-5785 size-medium\" src=\"http:\/\/www.slim2009.cz\/wordpress\/wp-content\/uploads\/2025\/07\/Obrazek-WhatsApp-2025-05-25-v-12.53.41_f23239cf-300x225.jpg\" alt=\"\" width=\"300\" height=\"225\" \/><\/a> \u00dapy a\u017e k zim\u00e1ku, kde se rozpou\u0161t\u00edme. N\u011bkdo jede autem, n\u011bkdo za sv\u00fd do DK a nebo Ra\u0161plnau. My dva z TU to m\u00e1me nejrychlejc k rodin\u00e1m a do vany. A to je z Endurance 2025 v\u0161echno.<\/p>\n<p><a href=\"http:\/\/slim2009.cz\/photo\/#\/shared_space\/folder\/806\" target=\"_blank\" rel=\"noopener\">Fotky zde.<\/a><\/p>\n","protected":false},"excerpt":{"rendered":"<p>Leto\u0161n\u00ed Endurance m\u011bla posunutej term\u00edn z dubna na kv\u011bten, aby si cukrou\u0161i nemohli st\u011b\u017eovat na nep\u0159\u00edzniv\u00fd po\u010das\u00ed, jako by d\u00e9\u0161\u0165 a sn\u011bhov\u00fd vlo\u010dky kazily dojem z bajkov\u00e1n\u00ed. Lo\u0148sk\u00e1 trasa se m\u011bnit nemusela, proto\u017ee ji znali jen t\u0159i Neg\u0159i. Do\u0161lo jen &hellip; <a href=\"https:\/\/www.slim2009.cz\/wordpress\/crnci\/endurance-2025\/\">Cel\u00fd p\u0159\u00edsp\u011bvek <span class=\"meta-nav\">&rarr;<\/span><\/a><\/p>\n","protected":false},"author":1,"featured_media":0,"parent":4493,"menu_order":27,"comment_status":"closed","ping_status":"closed","template":"","meta":{"footnotes":""},"class_list":["post-5769","page","type-page","status-publish","hentry"],"_links":{"self":[{"href":"https:\/\/www.slim2009.cz\/wordpress\/wp-json\/wp\/v2\/pages\/5769","targetHints":{"allow":["GET"]}}],"collection":[{"href":"https:\/\/www.slim2009.cz\/wordpress\/wp-json\/wp\/v2\/pages"}],"about":[{"href":"https:\/\/www.slim2009.cz\/wordpress\/wp-json\/wp\/v2\/types\/page"}],"author":[{"embeddable":true,"href":"https:\/\/www.slim2009.cz\/wordpress\/wp-json\/wp\/v2\/users\/1"}],"replies":[{"embeddable":true,"href":"https:\/\/www.slim2009.cz\/wordpress\/wp-json\/wp\/v2\/comments?post=5769"}],"version-history":[{"count":0,"href":"https:\/\/www.slim2009.cz\/wordpress\/wp-json\/wp\/v2\/pages\/5769\/revisions"}],"up":[{"embeddable":true,"href":"https:\/\/www.slim2009.cz\/wordpress\/wp-json\/wp\/v2\/pages\/4493"}],"wp:attachment":[{"href":"https:\/\/www.slim2009.cz\/wordpress\/wp-json\/wp\/v2\/media?parent=5769"}],"curies":[{"name":"wp","href":"https:\/\/api.w.org\/{rel}","templated":true}]}}