{"id":5735,"date":"2025-01-20T21:23:18","date_gmt":"2025-01-20T20:23:18","guid":{"rendered":"http:\/\/www.slim2009.cz\/wordpress\/?page_id=5735"},"modified":"2025-01-20T21:23:18","modified_gmt":"2025-01-20T20:23:18","slug":"5735-2","status":"publish","type":"page","link":"https:\/\/www.slim2009.cz\/wordpress\/videa\/5735-2\/","title":{"rendered":"Crnci videa"},"content":{"rendered":"<p><span style=\"color: #ff0000;\">Bike Fiction<a href=\"http:\/\/www.slim2009.cz\/wordpress\/wp-content\/uploads\/2025\/01\/Obrazek-WhatsApp-2025-01-19-v-10.05.55_f838d513.jpg\" target=\"_blank\" rel=\"noopener\"><img loading=\"lazy\" decoding=\"async\" class=\"alignright wp-image-5732\" src=\"http:\/\/www.slim2009.cz\/wordpress\/wp-content\/uploads\/2025\/01\/Obrazek-WhatsApp-2025-01-19-v-10.05.55_f838d513-169x300.jpg\" alt=\"\" width=\"95\" height=\"169\" \/><\/a><br \/>\n<\/span><a href=\"http:\/\/www.slim2009.cz\/Prilohy\/Videa\/Bike_Fiction\/Trailer_BF_2.mp4\" target=\"_blank\" rel=\"noopener\">Pozv\u00e1nka na BF<\/a><span style=\"color: #ff0000;\"><br \/>\n<\/span><a href=\"http:\/\/www.slim2009.cz\/Prilohy\/Videa\/Bike_Fiction\/Trailer_BF_1.mp4\" target=\"_blank\" rel=\"noopener\">Trailer<\/a><br \/>\n<a href=\"http:\/\/www.slim2009.cz\/Prilohy\/Videa\/Bike_Fiction\/4K\/01_bikefiction_koksak_4K.mp4\" target=\"_blank\" rel=\"noopener\">1 Koks\u00e1k<\/a><br \/>\n<a href=\"http:\/\/www.slim2009.cz\/Prilohy\/Videa\/Bike_Fiction\/4K\/02_bikefiction_4K.mp4\" target=\"_blank\" rel=\"noopener\">2 Bike Fiction<\/a><br \/>\n<a href=\"http:\/\/www.slim2009.cz\/Prilohy\/Videa\/Bike_Fiction\/4K\/03_bikefiction_bonus01_4K.mp4\" target=\"_blank\" rel=\"noopener\">3 Bonus (Pekl\u00e1k)<\/a><\/p>\n","protected":false},"excerpt":{"rendered":"<p>Bike Fiction Pozv\u00e1nka na BF Trailer 1 Koks\u00e1k 2 Bike Fiction 3 Bonus (Pekl\u00e1k)<\/p>\n","protected":false},"author":1,"featured_media":0,"parent":3856,"menu_order":3,"comment_status":"closed","ping_status":"closed","template":"","meta":{"footnotes":""},"class_list":["post-5735","page","type-page","status-publish","hentry"],"_links":{"self":[{"href":"https:\/\/www.slim2009.cz\/wordpress\/wp-json\/wp\/v2\/pages\/5735","targetHints":{"allow":["GET"]}}],"collection":[{"href":"https:\/\/www.slim2009.cz\/wordpress\/wp-json\/wp\/v2\/pages"}],"about":[{"href":"https:\/\/www.slim2009.cz\/wordpress\/wp-json\/wp\/v2\/types\/page"}],"author":[{"embeddable":true,"href":"https:\/\/www.slim2009.cz\/wordpress\/wp-json\/wp\/v2\/users\/1"}],"replies":[{"embeddable":true,"href":"https:\/\/www.slim2009.cz\/wordpress\/wp-json\/wp\/v2\/comments?post=5735"}],"version-history":[{"count":0,"href":"https:\/\/www.slim2009.cz\/wordpress\/wp-json\/wp\/v2\/pages\/5735\/revisions"}],"up":[{"embeddable":true,"href":"https:\/\/www.slim2009.cz\/wordpress\/wp-json\/wp\/v2\/pages\/3856"}],"wp:attachment":[{"href":"https:\/\/www.slim2009.cz\/wordpress\/wp-json\/wp\/v2\/media?parent=5735"}],"curies":[{"name":"wp","href":"https:\/\/api.w.org\/{rel}","templated":true}]}}