{"id":5709,"date":"2025-01-19T09:50:12","date_gmt":"2025-01-19T08:50:12","guid":{"rendered":"http:\/\/www.slim2009.cz\/wordpress\/?page_id=5709"},"modified":"2025-01-19T09:50:12","modified_gmt":"2025-01-19T08:50:12","slug":"bike-fiction-premiera","status":"publish","type":"page","link":"https:\/\/www.slim2009.cz\/wordpress\/crnci\/bike-fiction-premiera\/","title":{"rendered":"Bike Fiction Premiera"},"content":{"rendered":"<p>Dne 18.1.2025 v 18hodin, prob\u011bhla dlouho o\u010dek\u00e1van\u00e1 premi\u00e9ra filmu Bike Fiction, na kterou dorazilo nepo\u010d\u00edtan\u011b Negr\u016f, obvykle s celou rodinou. Akce se uskute\u010dnila ve vytopen\u00e9m s\u00e1le kulturn\u00edho za\u0159\u00edzen\u00ed &#8222;U Silvera&#8220; v Z\u00e1bo\u0159\u00ed u Dvora Kr\u00e1lov\u00e9. Setk\u00e1n\u00ed SB a PN (Sdru\u017een\u00ed Bajker\u016f a P\u0159\u00e1tel Negr\u016f) prob\u011bhlo v p\u0159\u00e1telsk\u00e9 atmosf\u00e9\u0159e. Film pln\u00fd vzpom\u00ednek a laskav\u00e9ho humoru sestaven\u00fd z dochovan\u00fdch fotografi\u00ed i filmov\u00fdch z\u00e1b\u011br\u016f, ukazuje tak\u0159ka <a href=\"http:\/\/www.slim2009.cz\/wordpress\/wp-content\/uploads\/2025\/01\/BikeFiction2025.jpg\" target=\"_blank\" rel=\"noopener\"><img loading=\"lazy\" decoding=\"async\" class=\"alignleft wp-image-5707 size-medium\" src=\"http:\/\/www.slim2009.cz\/wordpress\/wp-content\/uploads\/2025\/01\/BikeFiction2025-300x176.jpg\" alt=\"\" width=\"300\" height=\"176\" \/><\/a>pravou tv\u00e1\u0159 bajker\u016f &#8222;Negr\u016f&#8220;. Man\u017eelky a d\u011bti, tak kone\u010dn\u011b mohli vid\u011bt \u010deho jsou jejich t\u00e1tov\u00e9 a man\u017eel\u00e9 schopni, ale hlavn\u011b:&#8220; \u017de se nemus\u00ed ob\u00e1vat je vypustit na po\u0159\u00e1dan\u00e9 bajkersk\u00e9 akce, nebo\u0165 se chovaj\u00ed spo\u0159\u00e1dan\u011b.&#8220; Po skon\u010den\u00ed filmu do\u0161lo i na ocen\u011bn\u00ed a p\u0159ed\u00e1n\u00ed zlat\u00e9ho Oskara a kasy za co\u017e d\u011bkuji. Obzvl\u00e1\u0161t\u011b d\u011bkuju za plnou kasu, kterou jsem si u\u017e jako d\u00edt\u011b p\u0159\u00e1l. Obsah pou\u017eijeme v obdob\u00ed 11-15.6.2025, bu\u010f na n\u00e1kup lopaty a krump\u00e1\u010de, plastickou operaci prdele, anestetika nebo leteckou p\u0159epravu dom\u016f.<br \/>\nAbyste si mohli filmov\u00fd z\u00e1\u017eitek neust\u00e1le opakovat, tak p\u0159ipojuji odkazy na Bike Fiction.<\/p>\n<p><span style=\"color: #ff0000;\"><strong>Bike Fiction <\/strong><\/span><br \/>\n<a href=\"https:\/\/youtu.be\/-H2ly7Ctkcs\" target=\"_blank\" rel=\"noopener\">1 \u00davod (koks\u00e1k)<\/a><br \/>\n<a href=\"https:\/\/youtu.be\/SSZjRhzBG4E\" target=\"_blank\" rel=\"noopener\">2 Bike Fiction<\/a><br \/>\n<a href=\"https:\/\/youtu.be\/yB9p42pM_kQ\" target=\"_blank\" rel=\"noopener\">3 Bonus (Pekl\u00e1k)<\/a><\/p>\n<p><a href=\"https:\/\/youtu.be\/ysh5eTh1-ec\" target=\"_blank\" rel=\"noopener\">Trailer\u00a0 Bike Fiction<\/a>\u00a0 \u00a0 \u00a0 \u00a0 \u00a0 \u00a0 \u00a0 \u00a0 <a href=\"https:\/\/youtu.be\/t2J5mEw3Rtk\" target=\"_blank\" rel=\"noopener\">Pozv\u00e1nka na BF<\/a><\/p>\n<p><a href=\"http:\/\/www.slim2009.cz\/wordpress\/wp-content\/uploads\/2025\/01\/Obrazek-WhatsApp-2025-01-19-v-10.05.55_e50b18c9.jpg\"><img loading=\"lazy\" decoding=\"async\" class=\"alignleft size-medium wp-image-5731\" src=\"http:\/\/www.slim2009.cz\/wordpress\/wp-content\/uploads\/2025\/01\/Obrazek-WhatsApp-2025-01-19-v-10.05.55_e50b18c9-190x300.jpg\" alt=\"\" width=\"190\" height=\"300\" \/><\/a><a href=\"http:\/\/www.slim2009.cz\/wordpress\/wp-content\/uploads\/2025\/01\/Obrazek-WhatsApp-2025-01-19-v-10.05.55_f838d513.jpg\" target=\"_blank\" rel=\"noopener\"><img loading=\"lazy\" decoding=\"async\" class=\"alignleft wp-image-5732 size-medium\" src=\"http:\/\/www.slim2009.cz\/wordpress\/wp-content\/uploads\/2025\/01\/Obrazek-WhatsApp-2025-01-19-v-10.05.55_f838d513-169x300.jpg\" alt=\"\" width=\"169\" height=\"300\" \/><\/a><\/p>\n","protected":false},"excerpt":{"rendered":"<p>Dne 18.1.2025 v 18hodin, prob\u011bhla dlouho o\u010dek\u00e1van\u00e1 premi\u00e9ra filmu Bike Fiction, na kterou dorazilo nepo\u010d\u00edtan\u011b Negr\u016f, obvykle s celou rodinou. Akce se uskute\u010dnila ve vytopen\u00e9m s\u00e1le kulturn\u00edho za\u0159\u00edzen\u00ed &#8222;U Silvera&#8220; v Z\u00e1bo\u0159\u00ed u Dvora Kr\u00e1lov\u00e9. Setk\u00e1n\u00ed SB a PN (Sdru\u017een\u00ed &hellip; <a href=\"https:\/\/www.slim2009.cz\/wordpress\/crnci\/bike-fiction-premiera\/\">Cel\u00fd p\u0159\u00edsp\u011bvek <span class=\"meta-nav\">&rarr;<\/span><\/a><\/p>\n","protected":false},"author":1,"featured_media":0,"parent":4493,"menu_order":26,"comment_status":"closed","ping_status":"closed","template":"","meta":{"footnotes":""},"class_list":["post-5709","page","type-page","status-publish","hentry"],"_links":{"self":[{"href":"https:\/\/www.slim2009.cz\/wordpress\/wp-json\/wp\/v2\/pages\/5709","targetHints":{"allow":["GET"]}}],"collection":[{"href":"https:\/\/www.slim2009.cz\/wordpress\/wp-json\/wp\/v2\/pages"}],"about":[{"href":"https:\/\/www.slim2009.cz\/wordpress\/wp-json\/wp\/v2\/types\/page"}],"author":[{"embeddable":true,"href":"https:\/\/www.slim2009.cz\/wordpress\/wp-json\/wp\/v2\/users\/1"}],"replies":[{"embeddable":true,"href":"https:\/\/www.slim2009.cz\/wordpress\/wp-json\/wp\/v2\/comments?post=5709"}],"version-history":[{"count":0,"href":"https:\/\/www.slim2009.cz\/wordpress\/wp-json\/wp\/v2\/pages\/5709\/revisions"}],"up":[{"embeddable":true,"href":"https:\/\/www.slim2009.cz\/wordpress\/wp-json\/wp\/v2\/pages\/4493"}],"wp:attachment":[{"href":"https:\/\/www.slim2009.cz\/wordpress\/wp-json\/wp\/v2\/media?parent=5709"}],"curies":[{"name":"wp","href":"https:\/\/api.w.org\/{rel}","templated":true}]}}