{"id":5606,"date":"2024-07-26T21:55:43","date_gmt":"2024-07-26T19:55:43","guid":{"rendered":"http:\/\/www.slim2009.cz\/wordpress\/?page_id=5606"},"modified":"2024-07-26T21:55:43","modified_gmt":"2024-07-26T19:55:43","slug":"935nad-a-15pod","status":"publish","type":"page","link":"https:\/\/www.slim2009.cz\/wordpress\/crnci\/935nad-a-15pod\/","title":{"rendered":"93,5nad a 1,5pod"},"content":{"rendered":"<p>Je\u0161t\u011b ne\u017e se uskute\u010dnila celonegersk\u00e1 akce 1000brod\u016f, bylo pot\u0159eba se stmelit a vyladit formu. 8m\u00fdho 6t\u00fd v 8 r\u00e1no se dostavilo v\u00edce ne\u017e p\u00e1r Negr\u016f k ot\u00e1\u010dce MHD u Lhoty, pod parkovi\u0161t\u011bm TrutnovTrails. P\u0159esnost je sice v\u00fdsada kr\u00e1l\u016f, jen\u017ee to se k Negr\u016fm je\u0161t\u011b<a href=\"http:\/\/www.slim2009.cz\/wordpress\/wp-content\/uploads\/2024\/07\/03.jpg\" target=\"_blank\" rel=\"noopener\"><img loading=\"lazy\" decoding=\"async\" class=\"alignright wp-image-5609 size-medium\" src=\"http:\/\/www.slim2009.cz\/wordpress\/wp-content\/uploads\/2024\/07\/03-300x225.jpg\" alt=\"\" width=\"300\" height=\"225\" \/><\/a> nedoneslo, tak\u017ee u\u017e v 8:10 se zjevuj\u00ed posledn\u00ed opo-zdilci. Spole\u010dn\u00fd foto a m\u016f\u017eeme! \u010cek\u00e1 n\u00e1s 93,5nad a taky 1,5pod. Tento tajupln\u00fd n\u00e1zev akce, bude rozlu\u0161t\u011bn a\u017e cestou. Sebou si m\u011bl \u00fa\u010dastn\u00edk vz\u00edt \u0161pek\u00e1\u010dek, baterku a p\u00edvo. Po\u0159adatel teda j\u00e1, sliboval, \u017ee cestou bude i Crex. 5 Negr\u016f zabralo z pln\u00fdch sil, dva jen zpola, nebo\u0165 jeli na e-bajku. Jmenovit\u011b to byli Slim a Vlasta na e-bajku. Hrnec, B\u00e1rt, Zdenda, Ponki\u010d a Borek na celo \u010d\u00ed polop\u00e9rech hnan\u00fdch vlasn\u00ed silou, skrze Pet\u0159\u00edkovice okolo klubovny \u201eU Toma\u201c ke hranic\u00edm a do Polska. Hrani\u010dn\u00ed z\u00e1voru ladn\u011b obj\u00ed\u017ed\u00edme, t\u00edm se dot\u00e1v\u00e1me do zahrani\u010d\u00ed. Tam se za les\u00edkem rozkl\u00e1d\u00e1 Okrzesyn, d\u0159\u00edve Albendorf. Kdysi tu byla textilka, pivovar, lihovar a taky \u010dernouheln\u00fd d\u016fl. Te\u010f je tu celkem prd. Svi\u017en\u011b proj\u00ed\u017ed\u00edme skrz a na konci vsi odbo\u010dujeme prudce doleva, kde vyj\u00ed\u017ed\u00edme na pe\u0161u\u0148k bejval\u00fd \u017eelezni\u010dn\u00ed trati z roku 1889, Landeshut-Albendorf dnes Kamenna G\u00f3ra \u2013 Okrzesyn. Sezn\u00e1men\u00fd s histori\u00ed trati jedeme d\u00e1l po pe\u0161unku k zast\u00e1vce Uniemy\u0161l. 200metr\u016f za zast\u00e1vkou je zrovna \u010das na Crex, av\u0161ak Hrnc\u016fv halas neumo\u017enil, aby se mohl projevit. Tenhle kr\u00e1tkok\u0159\u00eddl\u00fd pt\u00e1k vyd\u00e1vaj\u00edc\u00ed typick\u00fd zvuk se \u2013 plachej. Ch\u0159\u00e1stal poln\u00ed byl nahrazen ch\u0159\u00e1st\u00e1n\u00edm Hrncov\u00fdm taky proto, \u017ee bylo r\u00e1no a Crex ch\u0159\u00e1st\u00e1 obvykle za soumraku. Po\u010das\u00ed n\u00e1m p\u0159\u00e1lo, nebe vymeten\u00fd a tak jsme pokra\u010dovali te\u010f u\u017e v\u00edc rozfl\u00e1kan\u00fdm pe\u0161u\u0148kem d\u00e1l ke Chelmsku Slaskie. N\u011bj\u00e1k\u00fdch 800metr\u016f a p\u0159ekon\u00e1v\u00e1me rozvod\u00ed Severn\u00edho a Baltick\u00fdho mo\u0159e, co\u017e je okam\u017eit\u011b zn\u00e1t, proto\u017ee do Chelmska bejval\u00e1<a href=\"http:\/\/www.slim2009.cz\/wordpress\/wp-content\/uploads\/2024\/07\/IMG_20240608_092923-scaled.jpg\" target=\"_blank\" rel=\"noopener\"><img loading=\"lazy\" decoding=\"async\" class=\"alignright wp-image-5611 size-medium\" src=\"http:\/\/www.slim2009.cz\/wordpress\/wp-content\/uploads\/2024\/07\/IMG_20240608_092923-300x135.jpg\" alt=\"\" width=\"300\" height=\"135\" \/><\/a> tra\u0165 kles\u00e1. Na stezce nach\u00e1z\u00edm sv\u016fj p\u0159edn\u00ed blatn\u00edk, ztracenej p\u0159ed p\u00e1r dny. Jirka Ponko mi ho zapichuje do b\u00e1glu a pokra\u010dujeme v j\u00edzd\u011b. V Chelmsku opou\u0161t\u00edme t\u011bleso dr\u00e1hy, m\u00ed\u0159\u00edc na to\u010den\u00fd do \u017dabky doplnit tekutiny. Na to\u010den\u00fd do \u017dabky znamen\u00e1, \u017ee si Ponko, Hrnec, B\u00e1rt a Borek koup\u00ed ka\u017edej jin\u00fdho lahv\u00e1\u010de a to\u010d\u00ed si je mezi sebou tak dlouho ne\u017e dojde, p\u0159i\u010dem\u017e je spoza nich pozoruje abstinent Zden\u00e1nek. Jak k p\u00edvu, tak do dal\u0161\u00edch kilometr\u016f: \u201echut\u011b\u201c a nejl\u00edp Sudeckou cestou sv. Jakuba, tu opou\u0161t\u00edme pod rezervac\u00ed Kr\u00e1snoludkow, jedeme do Gorzesz\u00f3wa. U sk\u00e1ly s podivn\u00fdm n\u00e1zvem Czarcia Maczuga si d\u011bl\u00e1me foto a pokra\u010dujeme stoupaj\u00edc\u00ed zarostlou pol\u0148a\u010dkou po zelen\u00fd zna\u010dce k vrcholu Przelecz Zlob. Sjezd rozbahn\u011bnou rozje\u017ed\u011bnou lesn\u00ed cestou nebyl dlouhej, hned za rybn\u00edkem je obec Grzedy. Nech\u00e1v\u00e1me je kde jsou, odbo\u010dujeme v pravo a po dal\u0161\u00edm 1\/2kilometru odbo\u010dujeme do leva pry\u010d z asfaltky k lesn\u00edmu rybn\u00edku. Je teplo, prozat\u00edm nesp\u011bch\u00e1me, tak se usazujeme na b\u0159ehu a d\u00e1v\u00e1me si rast. Zdenda s Vlastou odhazuj\u00ed svr\u0161ek, spodek, kr\u00e1l i eso, na\u010de\u017e se zcela naz\u00ed no\u0159\u00ed do vod rybn\u00edka. Jejich p\u0159edkov\u00e9, mo\u017en\u00e1 zadkov\u00e9 byly tu\u010dn\u011bj\u00e1ci, tak\u017ee to bez omrzlin p\u0159e\u017eili. Ov\u0161em n\u00e1s ostatn\u00ed neo\u0161\u00e1lili. Kra na hladin\u011b a Titanic na dn\u011b jasn\u011b ukazovaly teplotu vody a slunec na nebi byl jen \u0161alba a mam. Osv\u011b\u017eeni odpo\u010dinkem jsme se jali zabloudit na<a href=\"http:\/\/www.slim2009.cz\/wordpress\/wp-content\/uploads\/2024\/07\/IMG_20240608_110346-scaled.jpg\" target=\"_blank\" rel=\"noopener\"><img loading=\"lazy\" decoding=\"async\" class=\"alignright wp-image-5612 size-medium\" src=\"http:\/\/www.slim2009.cz\/wordpress\/wp-content\/uploads\/2024\/07\/IMG_20240608_110346-300x135.jpg\" alt=\"\" width=\"300\" height=\"135\" \/><\/a> Dzikowiec. Polsk\u00fd zna\u010den\u00ed turisty\u010dne je mizern\u00fd, to sme v\u011bd\u011bli, ale \u017ee a\u017e tak, tak to n\u00e1m do\u0161lo kdesi uprost\u0159ed lesa. Pracn\u011b jsme vy\u0161lapali a\u017e sem, tak se nebudeme p\u0159eci vracet. Vezmeme to p\u0159es Dzikowiec Maly a na vrchol Dzikowiec si trochu zajedeme no! D\u011bli sme. No, \u0161\u0165astnej n\u00e1pad to zrovna nebyl, jak se uk\u00e1zalo. A\u017e na p\u00e1r set metr\u016f vrstevnice, to bylo bu\u010f do kopce, nebo do je\u0161t\u011b v\u011bt\u0161\u00edho pr\u010f\u00e1ku, kde i e-bajk dobajkoval. Je\u0161t\u011b k tomu pod vrcholem obj\u00ed\u017e\u010fka :-(. Sm\u011ble jsme ji ignorovali a dotla\u010dili se k vrcholu, kde se cosi pomoc\u00ed stroj\u016f kutilo. Na\u0161t\u011bst\u00ed v tuhle sobotu u\u017e nikdo nic ned\u011blal. Sna\u017eil jsem se naj\u00edt cyklotrasu, ale ona se z n\u00ed vyklubala tra\u0165 D\u00e9H\u00e1\u010dka Dzikovec, veden\u00e1 u\u017e nekolikset metr\u016f pod\u00e9l na\u0161eho tla\u010den\u00ed. Jak sme se tak motali po stavb\u011b, ozvalo se z ampli\u00f3nu cosi polsky. M\u00e1m za to, \u017ee to bylo n\u011bco takov\u00fddle ho: \u201eOpus\u0165te sledovan\u00fd prostor, nebo za\u010dneme st\u0159\u00edlet!\u201c Sp\u011b\u0161n\u011b se spou\u0161t\u00edme zp\u00e1tky, klouzaj\u00edc po \u0161t\u011brku. Kdy\u017e se k n\u00e1m lajna dostate\u010dn\u011b p\u0159ibl\u00ed\u017eila, jdeme na v\u011bc. State\u010dn\u011b, \u010d\u00e1ste\u010dn\u011b popoj\u00ed\u017ed\u00edme, \u010d\u00e1ste\u010dn\u011b sn\u00e1\u0161\u00edme bajky potrati DH. V posledn\u00ed sekci jsme k neudr\u017een\u00ed. Hrnec p\u0159eskakuje dropuj\u00edc\u00edho B\u00e1rta i s Borkem, ladn\u011b dopad\u00e1 do \u0161t\u011brkov\u00fd lajny a v\u00edt\u011bz\u00ed na cel\u00fd \u010d\u00e1\u0159e. Zden\u00e1nek dropnul tak mocn\u011b, \u017ee se ztratil v porostu za cestou a shled\u00e1v\u00e1me se s n\u00edm a\u017e u n\u00e1dra\u017e\u00ed Bogusz\u00f3w-Gorce Dzikowiec. \u0160\u0165astn\u011b shledan\u00fd a cel\u00fd<a href=\"http:\/\/www.slim2009.cz\/wordpress\/wp-content\/uploads\/2024\/07\/IMG_20240608_143725.jpg\" target=\"_blank\" rel=\"noopener\"><img loading=\"lazy\" decoding=\"async\" class=\"alignright wp-image-5613 size-medium\" src=\"http:\/\/www.slim2009.cz\/wordpress\/wp-content\/uploads\/2024\/07\/IMG_20240608_143725-261x300.jpg\" alt=\"\" width=\"261\" height=\"300\" \/><\/a> pokra\u010dujeme do Ku\u017enice Poludniowe. I kdy\u017e je d\u00e1vno po \u00bd jedn\u00fd, nen\u00ed tu ani mrtv\u00e1\u010dka, nato\u017e cokoliv otev\u0159en\u00fdho. Cyklotrasou \u201eWok\u00f3l Walbrzycha\u201c jedeme pry\u010d. Jak u\u017e bylo p\u0159edesl\u00e1no, poledne bylo pry\u010d a hlad tu. Zastavujeme pod 600metr\u016f vysokou Kamennou Horou a zakl\u00e1d\u00e1me \u201eJ\u00eddeln\u00ed t\u00e1bor\u201c. Z b\u00e1glu jsem sundal gril, rozp\u00e1lil ho, na ro\u0161t jsme si dali ugrilovat uzeniny, tak\u017ee se po chv\u00edli za\u010dala lesem linout v\u016fn\u011b a oz\u00fdvat mlask\u00e1n\u00ed, p\u0159eru\u0161ovan\u00fd ch\u0159\u00e1st\u00e1n\u00edm nejen p\u00e1n\u011b Hrne\u010dka. Nepot\u0159ebnej, ale furt \u017ehnouc\u00ed gril byl asistenty z po\u017e\u00e1rn\u00edho dru\u017estva vzat na klacky a uha\u0161en v nedalek\u00fd lou\u017ei. Po zahlazen\u00ed stop ho\u0159en\u00ed, dopit\u00ed piv se pakujeme pry\u010d. N\u011bj\u00e1kou dobu jedeme lesem, a\u017e se ocit\u00e1me u silnice. Ta ale m\u011bla bejt po prav\u00fd ruce, jen\u017ee je po lev\u00fd. Znova se projevilo polsk\u00fd zna\u010den\u00ed, kter\u00fd n\u00e1m n\u011bkam zmizlo. Opravujeme kurz, lev\u00edme se a po asfaltce se vrac\u00edme na trasu. Sj\u00ed\u017ed\u00edme do obce Nowy Glinik, kde zastavujeme. Mysl\u00edm, \u017ee to byl Borek, kterej projevil p\u0159\u00e1n\u00ed si n\u011bco n\u011bkde koupit k pit\u00ed a k n\u011bmu se p\u0159idali dal\u0161\u00ed \u017e\u00edznivci. Navrhujou sjet do Waldenburgu. Zastavuju je v rozletu,a t\u00e1\u010d\u00edm jejich hlavy v zad, nebo\u0165 pr\u00e1v\u011b stoj\u00edme u mal\u00fdho kr\u00e1mku. Souk\u00e1me se dovnit\u0159, vypl\u0148ujeme ve\u0161kerej prostor mezi pultem osobnosti a dve\u0159ima. Kupujeme si vodu, pivo, pepsinu a tak podobn\u011b. Napojen\u00ed jedem d\u00e1l. N\u011bkde u zast\u00e1vky autobusu m\u00e1me odbo\u010dovat, av\u0161ak o5 m\u00edj\u00edme bod odbo\u010den\u00ed. Na v\u00fdb\u011br m\u00e1me je\u0161t\u011b jednu odbo\u010dku n\u00ed\u017ee a tu u\u017e trefujeme. Okolo st\u0159elnice, lokomotivn\u00edho depa, n\u00e1dra\u017e\u00ed Walbrzych Gl\u00f3wny se dost\u00e1v\u00e1me do p\u0159edm\u011bst\u00ed Waldenburgu, Podg\u00f3rze. 100metr\u016f po hlavn\u00ed silnici a p\u0159ed \u017eezni\u010dn\u00edm viaduktem odbo\u010dujeme do ulice Podzamcze a Nowy dom, kter\u00e1 n\u00e1s p\u0159iv\u00e1d\u00ed k hlavn\u00ed atrakci tohohle dne. Stoj\u00edme u port\u00e1lu nepou\u017e\u00edvan\u00fdho tunelu trati Kladsko-Walb\u0159ich. Tunel byl<a href=\"http:\/\/www.slim2009.cz\/wordpress\/wp-content\/uploads\/2024\/07\/28.jpg\" target=\"_blank\" rel=\"noopener\"><img loading=\"lazy\" decoding=\"async\" class=\"alignright wp-image-5610 size-medium\" src=\"http:\/\/www.slim2009.cz\/wordpress\/wp-content\/uploads\/2024\/07\/28-225x300.jpg\" alt=\"\" width=\"225\" height=\"300\" \/><\/a> vybudov\u00e1n v letech 1876 a\u017e 1879. Provoz na cel\u00fd trati byl zah\u00e1jen 15.10.1880. V roce 1909 byla zah\u00e1jena stavba paraleln\u00edho tunelu, kde je provoz zachov\u00e1n. Na konci 2WW byl \u00fadajn\u011b v jednom z tunel\u016f u Jedliny schovan\u00fd \u201ezlat\u00fd\u201c vlak s cenostmi. Av\u0161ak informace o tom, kde vlak opravdu skon\u010dil se rozch\u00e1zej\u00ed. Na\u0161e skromn\u00e1 v\u00fdprava k odhalen\u00ed tajemstv\u00ed nep\u0159isp\u011bla, pouze u Waldenbursk\u00fdho port\u00e1lu ud\u011blala dokumenta\u010dn\u00ed foto a pak 1560m dlouhej tunel projela. V tm\u00e1ch se \u017e\u00e1dnej poklad, krom \u017eiv\u00fd vody kapaj\u00edc\u00ed na hlavy, neobjevil. Po projet\u00ed tunelu do zast\u00e1vky Jedlina- Zdr\u00f3j Borowa, bylo u\u017e celkem jasn\u00fd co ukrejval tejemnej n\u00e1zev akce. 93,5 nad zem\u00ed a 1,5 pod zem\u00ed. Polovina trasy byla \u00fasp\u011b\u0161n\u011b za n\u00e1ma, oto\u010dili jsme bajky a zam\u00ed\u0159ili k domovu. Nadjet tra\u0165, prudce vystoupat pod Wolowiec, po jeho \u00fabo\u010d\u00ed nastoupat do \u201eKoz\u00edho Sedla\u201c, odtud lesn\u00edma cestama\u00a0 dojet nad Kamionku, kam sj\u00ed\u017ed\u00edme a v nenad\u00e1le se objevyv\u0161\u00ed restauraci, kter\u00e1 nen\u00ed v mapy.cz se osv\u011b\u017eujeme. Region\u00e1ln\u00ed pivo Sowiec, nic moc. Abstinent Zden\u00e1nek k jeho vzhledu poznamenal:\u201c Takov\u00fd bych V\u00e1m dok\u00e1zal taky na\u010depovat!\u201c V tom p\u0159\u00edpad\u011b je \u201eSowie\u201c naprosto super a hlavn\u011b studen\u00fd :-). Zdenda si dal d\u017eus z \u010dern\u00fdho ryb\u00edzu a kafe. Krom m\u011b nikdo nejedl, ale proto\u017ee dr\u017e\u00edm jedlovku, tak jsem si dal \u017dur, vydatnou \u017eitnou pol\u00edvku ve vydlaban\u00fdm chleb\u011b. Na m\u011b tro\u0161ku ostr\u00e1 a ko\u0159en\u011bn\u00e1, chut\u00ed podobn\u00e1 na\u0161\u00ed brambora\u010dce. Vlasta si pro sichr nechal trochu dob\u00edt baterku. P\u0159eci jenom jeho FullPower e-bike \u017eere v\u00edc. J\u00e1 na tom byl se sv\u00fdm SuperLight furt dob\u0159e, \u0148\u00e1k\u00fdch 70% baterky. Co \u0161lo jel sem za sv\u00fd a to narozd\u00ed od FP u SL jde. Napojen\u00fd, najeden\u00fd jedeme. Bylo toti\u017e u\u017e 1\/2\u010dtvrt\u00fd a do TU to bylo dobr\u00fdch 40kil\u00e1sk\u016f. P\u0159ed sebou p\u0159edposledn\u00ed v\u00fdjezd, stoup\u00e1n\u00ed\u010dko pod Walig\u00f3ru do sedla \u201eT\u0159i Doliny\u201c. Od restaurace v<a href=\"http:\/\/www.slim2009.cz\/wordpress\/wp-content\/uploads\/2024\/07\/21.jpg\" target=\"_blank\" rel=\"noopener\"><img loading=\"lazy\" decoding=\"async\" class=\"alignright wp-image-5616 size-medium\" src=\"http:\/\/www.slim2009.cz\/wordpress\/wp-content\/uploads\/2024\/07\/21-300x225.jpg\" alt=\"\" width=\"300\" height=\"225\" \/><\/a> 650ti metrech do 800set m v sedle. Stoup\u00e1n\u00ed za\u010d\u00edn\u00e1 na konci vsi Rybni\u010dn\u00ed, pod bazaltov\u00fdm lomem. T\u011b\u017een\u00e1 hornina se zde v Polsku naz\u00fdv\u00e1 \u201eMelafir\u201c. To pranic nezaj\u00edm\u00e1 unaven\u00fd bajkery, kte\u0159\u00ed maj\u00ed jin\u00fd starosti. Zapnul jsem p\u0159\u00edpomoc \u010d.2, kochal se Kopalnijou Melafiru a tak. Na rozcest\u00ed v sedle T\u0159\u00ed Dolin u restaurace Andrzej\u00f3wka na sebe \u010dek\u00e1me. Do Sokolowska svi\u0161t\u00edme z kopce cel\u00fd 4km. Zastavujeme u Sanatoria Grunwald, vypadaj\u00edc\u00ed jako kl\u00e1\u0161ter. Budova z re\u017en\u00fdho zdiva je ale \u201eSanatorium zvuku.\u201c Okolo budovy odj\u00ed\u017ed\u00edme do ticha lesa, nastoupat n\u011bj\u00e1kej ten vej\u0161kovej metr. Ponky\u010dovi pad\u00e1 \u00fanavou \u0159et\u011bz, zastavuje a nasazuje. My se stoup\u00e1me a pokra\u010dujeme. Za k\u0159i\u017eovatkou lesn\u00edch cest mi to ned\u00e1, vrac\u00edm se, aby snad nejel jin\u00e1m ne\u017e ostatn\u00ed. Nejel. Doj\u00ed\u017ed\u00edme pelot\u00f3n, je\u0161t\u011b sme trochu pojezdili po lesn\u00edch cest\u00e1ch a pak \u0161up z kope\u010dka do Kowalowa na asfaltku do Mierosz\u00f3wa. Na n\u00e1m\u011bst\u00ed si v mal\u00fdm kr\u00e1mku kupujeme p\u00ed\u0165o, pivo nebo j\u00e1 pepsinu. V pozdn\u00edm odpoledni se sna\u017e\u00edme relaxovat a nabrat s\u00edlu do posledn\u00edch 30ti kilometr\u016f. Pak jsme vyrazili ke hranici, jen\u017ee stoup\u00e1n\u00ed bere s\u00edly. Od hranice kr\u00e1tk\u00fd 1 a 1\/2km vydechnut\u00ed, odbo\u010den\u00ed z asfaltu a op\u011bt v\u00fdjezd. Jeli sme do bejval\u00fd obce Libn\u00e1, kam je to sice do m\u00edrn\u00fdho, ale do kope\u010dka a\u017e k hranici. Znovu se spou\u0161t\u00edme z kopce a p\u0159es Polsko k Trutnovu. Je\u0161t\u011b n\u011bkolikr\u00e1t nahoru, dolu, nahoru, dolu ale p\u0159ev\u00e1\u017en\u011b dolu do Ok\u0159e\u0161\u00edna. Opustit PLR a\u2026 Zdenda! Chyb\u00ed n\u00e1m Zden\u00e1nek. Pod pet\u0159\u00edkovickou sjezdovkou \u010dek\u00e1me a \u010dek\u00e1me. Kdy\u017e u\u017e se ot\u00e1\u010d\u00edm, \u017ee se pojedu pod\u00edvat kde<a href=\"http:\/\/www.slim2009.cz\/wordpress\/wp-content\/uploads\/2024\/07\/35.jpg\" target=\"_blank\" rel=\"noopener\"><img loading=\"lazy\" decoding=\"async\" class=\"alignright wp-image-5617 size-medium\" src=\"http:\/\/www.slim2009.cz\/wordpress\/wp-content\/uploads\/2024\/07\/35-225x300.jpg\" alt=\"\" width=\"225\" height=\"300\" \/><\/a> je, objevuje se v zat\u00e1\u010dce. Usm\u00edv\u00e1 se sice, ale evidentn\u011b ho opustily nohy. Motaj se v kruz\u00edch \u010di elips\u00e1ch a ne a ne po\u0159\u00e1dn\u011b zabrat. U\u017e jen n\u011bkolik posledn\u00edch kilometr\u016f a gratulujeme si k fenomen\u00e1ln\u00edmu \u00fasp\u011bchu. Povedlo se, jsme cel\u00ed a n\u011bkte\u0159\u00ed maj v\u00edc ne\u017e slibovan\u00fdch 93,5nad, ale 1,5pod m\u00e1me v\u0161ichni. Padla i \u0148\u00e1k\u00e1 ta 100vka. Tak Bajk!!! A \u010cus.<\/p>\n<p>Fotky <a href=\"http:\/\/slim2009.cz\/photo\/#\/shared_space\/folder\/774\" target=\"_blank\" rel=\"noopener\">jsou zde.<\/a><\/p>\n<p>pozn. Pokud chcete fotky prohl\u00ed\u017eet tak jak vznikly.<br \/>\n<a href=\"http:\/\/www.slim2009.cz\/Prilohy\/razeni_snimku.jpg\" target=\"_blank\" rel=\"noopener\">zde je n\u00e1vod<\/a>.<\/p>\n","protected":false},"excerpt":{"rendered":"<p>Je\u0161t\u011b ne\u017e se uskute\u010dnila celonegersk\u00e1 akce 1000brod\u016f, bylo pot\u0159eba se stmelit a vyladit formu. 8m\u00fdho 6t\u00fd v 8 r\u00e1no se dostavilo v\u00edce ne\u017e p\u00e1r Negr\u016f k ot\u00e1\u010dce MHD u Lhoty, pod parkovi\u0161t\u011bm TrutnovTrails. P\u0159esnost je sice v\u00fdsada kr\u00e1l\u016f, jen\u017ee to &hellip; <a href=\"https:\/\/www.slim2009.cz\/wordpress\/crnci\/935nad-a-15pod\/\">Cel\u00fd p\u0159\u00edsp\u011bvek <span class=\"meta-nav\">&rarr;<\/span><\/a><\/p>\n","protected":false},"author":1,"featured_media":0,"parent":4493,"menu_order":24,"comment_status":"closed","ping_status":"closed","template":"","meta":{"footnotes":""},"class_list":["post-5606","page","type-page","status-publish","hentry"],"_links":{"self":[{"href":"https:\/\/www.slim2009.cz\/wordpress\/wp-json\/wp\/v2\/pages\/5606","targetHints":{"allow":["GET"]}}],"collection":[{"href":"https:\/\/www.slim2009.cz\/wordpress\/wp-json\/wp\/v2\/pages"}],"about":[{"href":"https:\/\/www.slim2009.cz\/wordpress\/wp-json\/wp\/v2\/types\/page"}],"author":[{"embeddable":true,"href":"https:\/\/www.slim2009.cz\/wordpress\/wp-json\/wp\/v2\/users\/1"}],"replies":[{"embeddable":true,"href":"https:\/\/www.slim2009.cz\/wordpress\/wp-json\/wp\/v2\/comments?post=5606"}],"version-history":[{"count":0,"href":"https:\/\/www.slim2009.cz\/wordpress\/wp-json\/wp\/v2\/pages\/5606\/revisions"}],"up":[{"embeddable":true,"href":"https:\/\/www.slim2009.cz\/wordpress\/wp-json\/wp\/v2\/pages\/4493"}],"wp:attachment":[{"href":"https:\/\/www.slim2009.cz\/wordpress\/wp-json\/wp\/v2\/media?parent=5606"}],"curies":[{"name":"wp","href":"https:\/\/api.w.org\/{rel}","templated":true}]}}