{"id":5597,"date":"2024-05-19T19:51:00","date_gmt":"2024-05-19T17:51:00","guid":{"rendered":"http:\/\/www.slim2009.cz\/wordpress\/?page_id=5597"},"modified":"2024-05-19T19:51:00","modified_gmt":"2024-05-19T17:51:00","slug":"endurance-2024","status":"publish","type":"page","link":"https:\/\/www.slim2009.cz\/wordpress\/crnci\/endurance-2024\/","title":{"rendered":"Endurance 2024"},"content":{"rendered":"<p>Endurance se letos 20.4.2024 z\u00fa\u010dastnilo pouze n\u011bkolik, slovy t\u0159i Neg\u0159i. Ostatn\u00ed m\u011bli probl\u00e9m s po\u010das\u00edm. Ostatn\u011b i zem\u011bd\u011blci a silni\u010d\u00e1\u0159i maj\u00ed neust\u00e1le n\u011bj\u00e1k\u00fd ten probl\u00e9m a vad\u00ed jim \u010dtvero ro\u010dn\u00edch obdob\u00ed, jako je Jaro, L\u00e9to, Podzim a Zima. Pokud jim nevad\u00ed tyhle \u010dtyry obdob\u00ed, vad\u00ed moc sucha, v\u011btru, slunce \u010di vody. Prost\u011b furt \u0148\u00e1k\u00fd ty objektivn\u00ed p\u0159\u00ed\u010diny. <a href=\"http:\/\/www.slim2009.cz\/wordpress\/wp-content\/uploads\/2024\/05\/IMG20240420-04.jpg\" target=\"_blank\" rel=\"noopener\"><img loading=\"lazy\" decoding=\"async\" class=\"alignright wp-image-5599 size-medium\" src=\"http:\/\/www.slim2009.cz\/wordpress\/wp-content\/uploads\/2024\/05\/IMG20240420-04-300x135.jpg\" alt=\"\" width=\"300\" height=\"135\" \/><\/a>Mus\u00edm p\u0159iznat, \u017ee letos, oproti lo\u0148sku mi po\u010das\u00ed moc ne\u0161lo, ale na takov\u00fd blbiny v\u00e1\u017en\u011b nen\u00ed \u010das. Countdown syndrom mi zastavit nejde a tak jedu i bez kec\u016f p\u00e1n\u011b Hrne\u010dka, Jend\u00e1\u010de, Ponki\u010de, Lukase a i dal\u0161\u00edch kverulant\u016f, netu\u0161\u00edc\u00edch, \u017ee po\u010das\u00ed bylo a bude zcela nep\u0159edv\u00eddateln\u00e9 a nezastaviteln\u00e9. 24hodin p\u0159ed startem se na WhatsApp objevil palec pouze od Dejva a Toma. Druhej den r\u00e1no p\u0159esn\u011b v dev\u011bt vyr\u00e1\u017e\u00edme od parkovi\u0161t\u011b TrutnovTrails endurancovat. Okolo odkali\u0161t\u011b jedeme pasekou okolo n\u00e1dra\u017e\u00ed Libe\u010d a libe\u010dsk\u00fdma lukama pod\u00e9l Li\u010dn\u00fd m\u00ed\u0159\u00edme na K\u0159enov k Bernartic\u00edm. Na k\u0159i\u017eovatce silnic v\u0161ak\u00a0 odbo\u010dujeme do Lampertic. U domova d\u016fchodc\u016f p\u0159ich\u00e1z\u00ed prvn\u00ed stoup\u00e1n\u00ed. M\u00e1lo pou\u017e\u00edvanou lesn\u00ed cestou stoup\u00e1me do osady Dvorky, p\u0159ed kterou si fot\u00edme Mraven\u010d\u00ed Vrch zahalen\u00fd ml\u017en\u00fdm oparem. Prozat\u00edm se po\u010das\u00ed zmohlo jen na drobn\u00fd kap\u00e1n\u00ed, \u010di ml\u017een\u00ed. Potom se asfaltkou vyd\u00e1v\u00e1me do Kr\u00e1lovce, omrknout kam a\u017e to za rok dot\u00e1hla na\u0161e slavn\u00e1 \u0158SD a op\u011bt vid\u00edme, \u017ee D\u00e1l nic. Vrh\u00e1me se p\u0159es hranici do Polska. Jedeme t\u0159i, to u\u017e v\u00edte. Tom, David a j\u00e1 se za hran\u00edc\u00ed, nejen nev\u0161edn\u00edho dne, vrh\u00e1me k Vran\u00edm hor\u00e1m. Stoup\u00e1me na Mraven\u010d\u00ed vrch, pror\u00e1\u017e\u00edme mraky ostr\u00fdm k\u0161iltem na\u0161ich helem a okolo dvan\u00e1ct\u00fd ob\u011bdv\u00e1me na hrani\u010dn\u00edm patn\u00edku. Ob\u010das padne vlo\u010dka, ob\u010das vysvitne slunec. Po ob\u010derstven\u00ed vyr\u00e1\u017e\u00edme d\u00e1l h\u0159ebenovkou po hranici. Nad lomem se kone\u010dn\u011b cesta zlomila dol\u016f. V Mal\u00fdm sedle m\u011bn\u00edme trasu a kv\u016fli bezpe\u010dnosti m\u00edsto na Be\u010dkov jedeme rovnou do Uniemy\u0161le. Vran\u00ed hory m\u00e1me zasebou Hrani\u010dn\u00ed h\u0159bet stoj\u00ed p\u0159ed n\u00e1mi a za\u010d\u00edn\u00e1 trochu v\u00edc cedit. Lesn\u00edma cestama stoup\u00e1me k serpent\u00fdn\u00e1m nad Chvale\u010d. Na <a href=\"http:\/\/www.slim2009.cz\/wordpress\/wp-content\/uploads\/2024\/05\/IMG20240420-14.jpg\" target=\"_blank\" rel=\"noopener\"><img loading=\"lazy\" decoding=\"async\" class=\"alignright wp-image-5600 size-medium\" src=\"http:\/\/www.slim2009.cz\/wordpress\/wp-content\/uploads\/2024\/05\/IMG20240420-14-300x135.jpg\" alt=\"\" width=\"300\" height=\"135\" \/><\/a>Hrani\u010dn\u00edm h\u0159bet\u011b dost nep\u0159\u00edjemn\u011b fouk\u00e1. Dop\u00edj\u00edme \u010daj z termosky, David si d\u00e1v\u00e1 posiluj\u00edc\u00ed ty\u010dku a v\u0161ichni obl\u00edk\u00e1me nepromokav\u00fd oteplou\u0161e. Znova m\u011bn\u00edme pl\u00e1n, kon\u010d\u00edme s endurancov\u00e1n\u00edm a silnic\u00ed se vyd\u00e1v\u00e1me zp\u00e1tky do Trutnova. Na m\u00edsto sjezdu serpentin, jedeme zkratkou lesem kolem vyrabovan\u00fd k\u0159\u00ed\u017eov\u00fd cesty. Na asfalt se dost\u00e1v\u00e1me znova u spodn\u00ed serpent\u00fdny. U trutnovsk\u00fdho stadi\u00f3nu zastavujeme na jedno a\u017e dv\u011b. Negr\u016fm pos\u00edl\u00e1me emotivn\u00ed vzkaz, dop\u00edj\u00edme kozla, lou\u010d\u00edme se. David jel ze Dvora po ose a m\u00e1 p\u0159ed sebou je\u0161t\u011b p\u00e1r stovek \u0161l\u00e1pnut\u00ed, to my dva, Tom a j\u00e1 u\u017e jsme doma. Opl\u00e1chnout bajk, nah\u00e1zet hadry do pra\u010dky, ud\u011blat varh\u00e1nky na pazour\u00e1ch a odpo\u010d\u00edvat v pokoji. Tak zas n\u011bkdy na \u0161trece.<\/p>\n<p>N\u011bkolik fotek <a href=\"http:\/\/slim2009.cz\/photo\/#\/shared_space\/folder\/773\" target=\"_blank\" rel=\"noopener\">zde.<\/a>\u00a0 \u00a0 \u00a0 \u00a0 \u00a0 \u00a0 \u00a0 \u00a0 \u00a0 \u00a0 \u00a0 \u00a0Kr\u00e1tk\u00fd video <a href=\"http:\/\/www.slim2009.cz\/Prilohy\/Videa\/Endurance2024.mp4\" target=\"_blank\" rel=\"noopener\">tady.<\/a><\/p>\n","protected":false},"excerpt":{"rendered":"<p>Endurance se letos 20.4.2024 z\u00fa\u010dastnilo pouze n\u011bkolik, slovy t\u0159i Neg\u0159i. Ostatn\u00ed m\u011bli probl\u00e9m s po\u010das\u00edm. Ostatn\u011b i zem\u011bd\u011blci a silni\u010d\u00e1\u0159i maj\u00ed neust\u00e1le n\u011bj\u00e1k\u00fd ten probl\u00e9m a vad\u00ed jim \u010dtvero ro\u010dn\u00edch obdob\u00ed, jako je Jaro, L\u00e9to, Podzim a Zima. Pokud jim &hellip; <a href=\"https:\/\/www.slim2009.cz\/wordpress\/crnci\/endurance-2024\/\">Cel\u00fd p\u0159\u00edsp\u011bvek <span class=\"meta-nav\">&rarr;<\/span><\/a><\/p>\n","protected":false},"author":1,"featured_media":0,"parent":4493,"menu_order":23,"comment_status":"closed","ping_status":"closed","template":"","meta":{"footnotes":""},"class_list":["post-5597","page","type-page","status-publish","hentry"],"_links":{"self":[{"href":"https:\/\/www.slim2009.cz\/wordpress\/wp-json\/wp\/v2\/pages\/5597","targetHints":{"allow":["GET"]}}],"collection":[{"href":"https:\/\/www.slim2009.cz\/wordpress\/wp-json\/wp\/v2\/pages"}],"about":[{"href":"https:\/\/www.slim2009.cz\/wordpress\/wp-json\/wp\/v2\/types\/page"}],"author":[{"embeddable":true,"href":"https:\/\/www.slim2009.cz\/wordpress\/wp-json\/wp\/v2\/users\/1"}],"replies":[{"embeddable":true,"href":"https:\/\/www.slim2009.cz\/wordpress\/wp-json\/wp\/v2\/comments?post=5597"}],"version-history":[{"count":0,"href":"https:\/\/www.slim2009.cz\/wordpress\/wp-json\/wp\/v2\/pages\/5597\/revisions"}],"up":[{"embeddable":true,"href":"https:\/\/www.slim2009.cz\/wordpress\/wp-json\/wp\/v2\/pages\/4493"}],"wp:attachment":[{"href":"https:\/\/www.slim2009.cz\/wordpress\/wp-json\/wp\/v2\/media?parent=5597"}],"curies":[{"name":"wp","href":"https:\/\/api.w.org\/{rel}","templated":true}]}}