{"id":5424,"date":"2009-03-11T13:50:46","date_gmt":"2009-03-11T12:50:46","guid":{"rendered":"http:\/\/www.skip.cz\/milan\/?page_id=2"},"modified":"2009-03-11T13:50:46","modified_gmt":"2009-03-11T12:50:46","slug":"o-webu","status":"publish","type":"page","link":"https:\/\/www.slim2009.cz\/wordpress\/o-webu\/","title":{"rendered":"O webu"},"content":{"rendered":"<h3 style=\"text-align: center;\">Jsou fotografov\u00e9 zn\u00e1m\u00ed, slavn\u00ed, v\u00fdborn\u00ed a pak&#8230; ano J\u00c1!!! Fotografick\u00e9 nebe dlouho \u010dekalo na n\u011bco takov\u00fdho. Kde kdo m\u00e1 talent, ale j\u00e1 m\u00e1m fo\u0165\u00e1k a pravej ukazov\u00e1\u010dek. Rychlej ukazov\u00e1\u010dek. Velikost fotografa nen\u00ed ve velikosti fotek ale v mno\u017estv\u00ed kter\u00fdm zaplav\u00ed WWW. Tak DELEjTE.<a href=\"http:\/\/www.slim2009.cz\/wordpress\/wp-content\/uploads\/2009\/03\/p1000147.jpg\" target=\"_blank\" rel=\"noopener\"><img loading=\"lazy\" decoding=\"async\" class=\"alignright  wp-image-90\" title=\"p1000147\" src=\"http:\/\/www.slim2009.cz\/wordpress\/wp-content\/uploads\/2009\/03\/p1000147.jpg\" alt=\"p1000147\" width=\"637\" height=\"384\" \/><\/a><\/h3>\n<p style=\"text-align: center;\">\u00a0<\/p>\n<p style=\"text-align: center;\">\u00a0<\/p>\n<p style=\"text-align: center;\">\u00a0<\/p>\n<p style=\"text-align: center;\">\u00a0<\/p>\n<p style=\"text-align: center;\">\u00a0<\/p>\n<p style=\"text-align: center;\">\u00a0<\/p>\n<p style=\"text-align: center;\">\u00a0<\/p>\n<p style=\"text-align: center;\">\u00a0<\/p>\n<p style=\"text-align: center;\">\u00a0<\/p>\n<p style=\"text-align: center;\">\u00a0<\/p>\n<p style=\"text-align: center;\">\u00a0<\/p>\n<p style=\"text-align: center;\">\u00a0<\/p>\n<p style=\"text-align: center;\">\u00a0<\/p>\n<p style=\"text-align: center;\">\u00a0<\/p>\n<p style=\"text-align: center;\">\u00a0<\/p>\n<p style=\"text-align: center;\">\u00a0<\/p>\n<p style=\"text-align: center;\">\u00a0<\/p>\n<p style=\"text-align: center;\">\u00a0<\/p>\n<p style=\"text-align: center;\">\u00a0<\/p>\n<p style=\"text-align: center;\">\u00a0<\/p>\n<p style=\"text-align: center;\">\u00a0<\/p>\n<p style=\"text-align: center;\">\u00a0<\/p>\n<p style=\"text-align: center;\">\u00a0<\/p>\n<p style=\"text-align: center;\">\u00a0<\/p>\n<p style=\"text-align: center;\">\u00a0<\/p>\n<p style=\"text-align: center;\">\u00a0<\/p>\n<p style=\"text-align: center;\">\u00a0<\/p>\n<p style=\"text-align: center;\">\u00a0<\/p>\n","protected":false},"excerpt":{"rendered":"<p>Jsou fotografov\u00e9 zn\u00e1m\u00ed, slavn\u00ed, v\u00fdborn\u00ed a pak&#8230; ano J\u00c1!!! Fotografick\u00e9 nebe dlouho \u010dekalo na n\u011bco takov\u00fdho. Kde kdo m\u00e1 talent, ale j\u00e1 m\u00e1m fo\u0165\u00e1k a pravej ukazov\u00e1\u010dek. Rychlej ukazov\u00e1\u010dek. Velikost fotografa nen\u00ed ve velikosti fotek ale v mno\u017estv\u00ed kter\u00fdm zaplav\u00ed &hellip; <a href=\"https:\/\/www.slim2009.cz\/wordpress\/o-webu\/\">Cel\u00fd p\u0159\u00edsp\u011bvek <span class=\"meta-nav\">&rarr;<\/span><\/a><\/p>\n","protected":false},"author":1,"featured_media":0,"parent":0,"menu_order":0,"comment_status":"closed","ping_status":"closed","template":"","meta":{"footnotes":""},"class_list":["post-5424","page","type-page","status-publish","hentry"],"_links":{"self":[{"href":"https:\/\/www.slim2009.cz\/wordpress\/wp-json\/wp\/v2\/pages\/5424","targetHints":{"allow":["GET"]}}],"collection":[{"href":"https:\/\/www.slim2009.cz\/wordpress\/wp-json\/wp\/v2\/pages"}],"about":[{"href":"https:\/\/www.slim2009.cz\/wordpress\/wp-json\/wp\/v2\/types\/page"}],"author":[{"embeddable":true,"href":"https:\/\/www.slim2009.cz\/wordpress\/wp-json\/wp\/v2\/users\/1"}],"replies":[{"embeddable":true,"href":"https:\/\/www.slim2009.cz\/wordpress\/wp-json\/wp\/v2\/comments?post=5424"}],"version-history":[{"count":0,"href":"https:\/\/www.slim2009.cz\/wordpress\/wp-json\/wp\/v2\/pages\/5424\/revisions"}],"wp:attachment":[{"href":"https:\/\/www.slim2009.cz\/wordpress\/wp-json\/wp\/v2\/media?parent=5424"}],"curies":[{"name":"wp","href":"https:\/\/api.w.org\/{rel}","templated":true}]}}