{"id":5351,"date":"2023-04-29T10:01:50","date_gmt":"2023-04-29T09:01:50","guid":{"rendered":"http:\/\/188.120.214.195\/?page_id=5351"},"modified":"2023-04-29T10:01:50","modified_gmt":"2023-04-29T09:01:50","slug":"endurance-2023","status":"publish","type":"page","link":"https:\/\/www.slim2009.cz\/wordpress\/crnci\/endurance-2023\/","title":{"rendered":"Endurance 2023"},"content":{"rendered":"<p><a href=\"http:\/\/www.slim2009.cz\/wordpress\/wp-content\/uploads\/2023\/04\/Endurance_2023_9-scaled-2.jpg\" target=\"_blank\" rel=\"noopener\"><img loading=\"lazy\" decoding=\"async\" class=\"alignleft wp-image-5353 size-medium\" src=\"http:\/\/188.120.214.195\/wordpress\/wp-content\/uploads\/2023\/04\/Endurance_2023_9-300x169.jpg\" alt=\"\" width=\"300\" height=\"169\" \/><\/a>Po lo\u0148sk\u00fdm \u00fap\u011bchu a taky proto\u017ee jsme letos cht\u011bli sjet vloni vynechanou kr\u00e1snou p\u0159\u00edrodn\u00ed lajnu nad Chval\u010d\u00ed, tak proto se uskute\u010dnil druhej ro\u010dn\u00edk Endurance. Zav\u010das, 14t\u00fdho b\u0159ezna nadhazuju tohle t\u00e9ma. Jako obvykle nejrychlej\u0161\u00edm Negrem je Hrnec a m\u00e1 palec nahoru. Ostatn\u00ed ml\u010d\u00ed a musim je trochu popostr\u010dit. Vytahuju trumfov\u00fd eso a p\u0159eb\u00edj\u00edm v\u0161echny nevy\u0159\u010den\u00fd argumenty:\u00a0 \u201eTrasa obsahuje v\u0161echny povrchy, v\u0161echny mysliteln\u00fd obt\u00ed\u017enosti, Freeride, D\u00e9H\u00e1\u010dko, Enduro a taky obj\u00ed\u017e\u010fky. Na sv\u00fd si p\u0159ijde i AL kohol\u00edk, nebo\u0165 cestou jsou ob\u010derstvovac\u00ed stanice v historizuj\u00edc\u00edm slohu. Technicky vzd\u011blan\u00fd bajke\u0159i ocen\u011bn\u00ed pr\u016fjezd technickou pam\u00e1tkou R11, kterou p\u0159ipravuje \u0158editelstv\u00ed Silnic a D\u00e1l nic. Prost\u011b volejte sl\u00e1va a t\u0159i dny se radujte!\u201c P\u0159ihazuju dva termity 22 nebo 29t\u00fdho dubence a o termitu rozhodne losova\u010dka zalo\u017een\u00e1 Zden\u00e1nkem. Ledy se pohnuly, neg\u0159i se rozhlasovali a v\u00fdhercem se st\u00e1v\u00e1 sobota 22t\u00fdho dubna. Prakticky celej m\u011bs\u00edc do startu mrhol\u00ed a\u017e leje, teploty do 10ti, ledovej v\u00edtr to jist\u00ed. 14dn\u00ed p\u0159ed startem Tom rozv\u00ed\u0159il stojat\u00e9 vody startovn\u00edho pole nab\u00eddkou pou\u017eit\u00ed klubovny v\u00a0Pet\u0159\u00edkovic\u00edch. Moje trumfy trumfnul ubytov\u00e1n\u00edm, gul\u00e1\u0161em p\u0159ipravovan\u00fdm na vohni a oslavou jeho velikosti \u010d.45. Teprve te\u010f se u\u010d\u00e1stn\u00edkometr m\u00e1lem utrhnul z\u00a0virtu\u00e1ln\u00ed zdi n\u00e1\u0159k\u016f a zastavil se na \u010d\u00edsle 13n\u00e1ct. Je\u0161t\u011b trochu potr\u00e9novat a m\u016f\u017ee to vypuknout. D\u00e1v\u00e1m si L\u00e1nsk\u00fd J\u00e1zn\u011b, Hoffmannky, \u010cernej D\u016fl, Horn\u00ed L\u00e1nov, Prost\u0159edn\u00ed L\u00e1nov, Doln\u00ed L\u00e1nov, Hostinn\u00fd a dom\u016f. Ale celou cestu na Hoffmannky mysl\u00edm na m\u00ednusovej p\u00f3l baterky. Samoz\u0159ejm\u011b i na plusovej a jak by mi asi slu\u0161el, kdyby m\u011b poh\u00e1n\u011bl vp\u0159ed, kdybych takovej baterkovej bajk m\u011bl. V\u00edc ne\u017e 50ti kilometrovej tr\u00e9nink mi formu sp\u00ed\u0161 rozladil. A dotoho to dubencov\u00fd po\u010das\u00ed &#8211; furt kosa a p\u0159eh\u00e1\u0148ky. \u010cty\u0159i dny p\u0159ed startem d\u00e1v\u00e1m blb\u00fdmu po\u010das\u00ed den, maxim\u00e1ln\u011b dva a pak ani \u0165uk, teda k\u00e1p. Trocha toho indi\u00e1nsk\u00fdho \u010darov\u00e1n\u00ed, kou\u0159ovej tanec okolo bajku, zp\u011bv huj\u00e1, huj\u00e1, aj\u00e1 hajaj\u00e1 a kouzlo se povedlo. V\u00a0sobotu r\u00e1no je nebe vyluxovan\u00fd, jako <a href=\"http:\/\/www.slim2009.cz\/wordpress\/wp-content\/uploads\/2023\/04\/Endurance_2023_28-2.jpg\" target=\"_blank\" rel=\"noopener\"><img loading=\"lazy\" decoding=\"async\" class=\"alignleft wp-image-5354 size-medium\" src=\"http:\/\/www.slim2009.cz\/wordpress\/wp-content\/uploads\/2023\/04\/Endurance_2023_28-2-225x300.jpg\" alt=\"\" width=\"225\" height=\"300\" \/><\/a>moje pen\u011b\u017eenka. U\u017e od ve\u010dera maj hydrometeorologov\u00e9 plnou hubu tepla, ale v \u0161est r\u00e1no to prozat\u00edm na progn\u00f3zovan\u00fdch 22 nevypad\u00e1. V osum n\u011bco, m\u011b u panel\u00e1ku nab\u00edr\u00e1 Borek do sv\u00e9 jarn\u011b kvetouc\u00ed WolksVany a odv\u00e1\u017e\u00ed ke klubovn\u011b. Mezit\u00edm se n\u011bkolik odv\u00e1\u017en\u00fdch negroid\u016f Hrnec, David, P\u00e9Bar a fedu\u00e1ln\u00ed vl\u00e1dce kolob\u011b\u017eka 1. Tom Kr\u00e1l, pohybujou kdesi mezi DK a Pet\u0159\u00edkovicema na sv\u00fdch bajc\u00edch. Zbytek, Lukas, \u0160otek, Bu\u0165\u00e1k, \u0160t\u011bpka a Dan se ma\u010dkaj v gumokolech. Tom\u00edk n\u00e1s usilovn\u011b vyhl\u00ed\u017e\u00ed na z\u00e1kladn\u011b, kde se postupn\u011b zjevujeme. Slunec vyv\u00e1d\u00ed jak divej, vsl\u00edk\u00e1 n\u00e1s z oteplou\u0161\u016f do dres\u016f a nut\u00ed vystr\u010dit b\u00edl\u00fd kolena z pod kra\u0165as. J\u00f3 po\u010das\u00ed, to prost\u011b um\u00edm! A taky trasu, ta m\u011b jde taky! V 9hodin vel\u00edm: \u201eOdj\u00e9\u00e9\u00e9zd!\u201c Jako jeden mu\u017e a \u0160otek vyr\u00e1\u017e\u00edme k \u201eMoravsk\u00fdmu traverzu\u201c, podj\u00ed\u017ed\u00edme \u017eeleznou dr\u00e1hu propustkem a vzh\u016fru nahoru! Nejprve pozvolna aby se za brodem bezejmen\u00fdho potoka traverz naklonil je\u0161t\u011b o n\u011bkolik stup\u0148\u016f. Kdo se nerozcvi\u010dil a nerozt\u00e1hl si hrudn\u00ed ko\u0161\u00ed\u010dek ten sotva popad\u00e1 dech, v\u010detn\u011b m\u011b. Dobr\u00e1 polovina tla\u010d\u00ed. Tla\u010d\u00ed i Janko Tla\u010di\u010d. Na odbo\u010dce u krmelce \u010dek\u00e1me, ne\u017e jsme v\u0161ichni. Sl\u00e1va prvn\u00edch 1,5kil\u00e1ku a 150metr\u016f vej\u0161kovejch m\u00e1me zasebou. U\u017e jenom 55kilometr\u016f, tis\u00edc-sto vej\u0161kovejch a bude to :-). Krati\u010dk\u00fd rovinat\u00fd intermezzo aby stoup\u00e1n\u00ed a\u010d n\u00e9 tak agresivn\u00ed mohlo pokra\u010dovat. Po dal\u0161\u00edch dvou kil\u00e1c\u00edch jsme na prvn\u00edm vrcholu dne. Znovu se \u0161ikujeme a odj\u00ed\u017ed\u00edme dolu, nahoru, dolu, nahoru teda houpa\u010dkama k bunkr\u016fm T-S 44 Na pahorku a T-S 43 Pod lesem. Mezi ob\u011bma bunkrama na rozcest\u00ed pod markou\u0161ovickou rozhlednou se zjevila bajkersk\u00e1 v\u00edla v pln\u00fd zbroji a m\u00e1lem obloudila nejednoho \u00fa\u010dasn\u00edka. Sta\u010dilo m\u00e1lo a bylo po Endurancov\u00e1n\u00ed. Na\u0161t\u011bst\u00ed jsme se od t\u00fd kr\u00e1sy odtrhli a mast\u00edme do Slav\u011bt\u00edna \u0161usem o zlom vaz po pastvin\u011b na spojovac\u00ed cestu. Zastavujeme u zrekonstruovan\u00fdho kostela sv. Josefa, kde se na schodech fot\u00edme do alba. Kousek se mot\u00e1me po asfaltu a pak hups na \u0161otolinku, zadem kolem sjezdovky do Radvanic k hospod\u011b na ob\u010derstven\u00ed. Nejd\u0159\u00edv se ozvalo trochu toho brbl\u00e1n\u00ed, \u017ee je to brzo, ale kdy\u017e jsem Hrnce p\u0159esv\u011bd\u010dil, \u017ee dal\u0161\u00ed bude a\u017e po 25kilometrech, voda bude jen v lou\u017e\u00edch, okam\u017eit\u011b vym\u011bk, p\u0159i\u010dem\u017e objednal 11n\u00e1ct piv a malinovku. Proto\u017ee beerbak m\u011bli v\u0161ichni pr\u00e1znej, naplnili si ho n\u011bkte\u0159\u00ed druh\u00fdm kouskem, aby cestou nevyschli. Platba, do sedel a jedeme silnic\u00ed vzh\u016fru k n\u00e1dra\u017e\u00ed. U glajz \u010dek\u00e1me na opozdilce, kte\u0159\u00ed nep\u0159ij\u00ed\u017ed\u011bj. Na odpadnut\u00ed je je\u0161t\u011b brzo, to se asi n\u011bco d\u011bje. Zat\u00edm co si n\u011bkte\u0159\u00ed tr\u00e9nuj\u00ed skoky z panelky do makadamu, jedeme se s Tomem mrknout zp\u00e1tky co se d\u011bje. U silnice stoj\u00ed Lukas nad Bu\u0165\u00e1kem ot\u00edraj\u00edc\u00edm si pazoury upatlan\u00fd od \u0161m\u00edru. \u0158et\u011bz mi spadnul, ale u\u017e je to spraven\u00fd. Vyzved\u00e1v\u00e1me skokany a vzh\u016fru, jen vzh\u016fru nad n\u00e1dra\u017e\u00ed do l\u016fna CHKO Broumovsko, okolo Zadn\u00edho Ra\u010de pod P\u0159edn\u00edm Hradi\u0161t\u011bm. Jsme zase v 650metrech nad mo\u0159em a u h\u00e1jovny m\u00e1me v noh\u00e1ch 15kil\u00e1k\u016f. Opou\u0161t\u00edme nedlouh\u00fd makadamov\u00fd peklo a znova stoup\u00e1me, te\u010f ale lesn\u00ed cestou ke Krupn\u00fd ho\u0159e do sedla silnice Chvale\u010d-Horn\u00ed \u00c1dr. Za h\u00e1jovnou p\u0159ekon\u00e1v\u00e1me bahnit\u00fd mok\u0159iny, za nimi\u017e se cesta zu\u017euje a postupn\u011b v\u00edc nakl\u00e1n\u00ed. Peloton se zase trh\u00e1 na n\u011bkolik \u010d\u00e1st\u00ed. Prudk\u00fd stoup\u00e1n\u00ed je dlouh\u00fd necel\u00fdch 400m. Kousek potla\u010dit a pak u\u017e se zase d\u00e1 jet. Polovina grupy je u\u017e nad serpent\u00fdnama, kde \u010dek\u00e1me na zbytek, kterej se n\u011bkde flajz\u00e1. To \u017ee Janko tla\u010d\u00ed, Lukas tla\u010d\u00ed a i jin\u00ed, by n\u00e1s nep\u0159ekvapilo, jenom\u017ee te\u010f s n\u00e1ma na vrcholu druh\u00fdho kopce nen\u00ed Tom\u00edk to n\u00e1s teda m\u00e1tlo. Hodnou dobu nikdo nep\u0159ij\u00ed\u017ed\u00ed, na telefonn\u00ed vyzv\u00e1n\u011bn\u00ed chyb\u011bj\u00edc\u00ed nereagujou, proto\u017ee sign\u00e1l je tady <a href=\"http:\/\/www.slim2009.cz\/wordpress\/wp-content\/uploads\/2023\/04\/Endurance_2023_45-2.jpg\" target=\"_blank\" rel=\"noopener\"><img loading=\"lazy\" decoding=\"async\" class=\"alignleft wp-image-5355 size-medium\" src=\"http:\/\/www.slim2009.cz\/wordpress\/wp-content\/uploads\/2023\/04\/Endurance_2023_45-2-300x226.jpg\" alt=\"\" width=\"300\" height=\"226\" \/><\/a>mizernej. Po dost dlouh\u00fd dob\u011b se objevuje skupina spolu s Tomem. Tom n\u00e1m oznamuje, \u017ee m\u00e1 kliku, ov\u0161em u\u017e dvakr\u00e1t upadnutou. No to je teda dobr\u00fd. Jeho a jeho bajk obklopuje tlupa oprav\u00e1\u0159\u016f, kter\u00fdm rad\u00ed \u0161koln\u00edk. To je probl\u00e9m s tis\u00edcihranem. Vem \u0161utr\u00e1k, kus stromu a natlu\u010d to zp\u00e1tky. Na\u0161t\u011bst\u00ed jsou mezi n\u00e1ma i oprav\u00e1\u0159i s imbusem a uvoln\u011bnou kliku dotahujou ke st\u0159edov\u00fd ose, aby se Tom nemusel vr\u00e1tit na z\u00e1kladnu. Oprava, jak se zd\u00e1 se poda\u0159ila a to je opravdov\u00e1 klika. J\u00e1 si nasazuju \u010dum\u00e1k na helmu a kolenn\u00ed chr\u00e1ni\u010de. \u010cek\u00e1 n\u00e1s D\u00e9H\u00e1\u010dko-Endurovej se\u0161up, kterej sme loni tla\u010dili nahoru a p\u0159\u00edsahali si spolu s Oldou \u0158\u00edhou, \u017ee \u201eN\u011bkdy p\u0159\u00ed\u0161t\u011b\u201c. Tak teda Katapult a dol\u016f. Nejd\u0159\u00edv se propl\u00edst okolo padlejch strom\u016f a\u017e k hran\u011b sjezdu. Cesti\u010dka endurov\u00e1 zn\u00e1m\u011b se vine. Je p\u011bkn\u00e1 kr\u00e1sn\u011bj\u0161\u00ed, ne\u017e v\u0161echny jin\u00e9. Nejprve je to lehkej trail\u00edk, co ob\u010das poposko\u010d\u00ed. Jakmile vyjedem na paseku, trail\u00edk se prudce se sklon\u00ed do D\u00e9H\u00e1 profilu a f\u00ed\u00ed\u00ed\u00ed! Prvn\u00ed drop rad\u0161i m\u00edj\u00edm a v\u00edc u\u017e to nekontroluju ob\u010das to posko\u010d\u00ed, minout haluz jako ruka, druhej drop dropnout a je tu z\u00e1v\u011br D\u00e9H\u00e1\u010dka s posledn\u00edm ko\u0159en\u011bn\u00fdm drop\u00edkem. Spolu s Hrncem se radujeme jako mal\u00ed kluci. \u010cek\u00e1me na ostatn\u00ed. Dev\u011bt-deset\u2026 t\u0159in\u00e1ct, jsme v\u0161ichni a hur\u00e1 dal\u0161\u00ed sekce. Tentokr\u00e1t rychl\u00e1 end\u016fro lajna vymletou lesn\u00ed cestou. Radost a\u017e na kost, jak to let\u00ed. St\u0159edn\u00ed \u010d\u00e1st je poset\u00e1 popadan\u00fdma klackama, kter\u00fd sta\u010d\u00ed v rychlosti p\u0159eskakovat. Hned za klackama je vorani\u0161t\u011b od \u010du\u0148\u00e1k\u016f do kter\u00fdho vl\u00edtnu na brzd\u00e1ch. Ratata a u\u017e zase let\u00edme. Na k\u0159i\u017eovatce asi po kil\u00e1ku se znova p\u0159epo\u010d\u00edt\u00e1v\u00e1me. Chyb\u00ed \u0160otek! Kdy\u017e se objevil, vel\u00edm nach rechts a jedeme lesem k posledn\u00ed sekci. U hrani\u010dn\u00ed cedule se znova p\u0159epo\u010d\u00edt\u00e1v\u00e1me. Znova chyb\u00ed \u0160otek. \u010cek\u00e1me, kdy se objev\u00ed. Za chv\u00edli se vyno\u0159uje z hloubi lesa, tla\u010d\u00edc sv\u016fj bajk. Kdy\u017e se kone\u010dn\u011b dostal a\u017e k n\u00e1m, sd\u011bluje, \u017ee m\u00e1 probl\u00e9m. Hmmm, co pa to asi je? Nejde mi \u0161lapat, neto\u010d\u00ed se kliky! Hrnec mu sd\u011bluje: To se ani to\u010dit nem\u016f\u017ee, proto\u017ee je to hol\u010d\u00ed\u010d\u00ed r\u016f\u017eov\u00fd kolo od F\u00e1ny. Ostatn\u00ed se zase m\u011bn\u00ed v servismany a rad\u011bj o 100\u0161est. Okem odborn\u00edka vid\u00edm p\u0159\u00ed\u010dinu. Patka je vohnut\u00e1 o dobr\u00fdch 25 stup\u0148\u016f, ale to nevysv\u011btluje pro\u010d nejde to\u010dit klikama. V\u00edc vo\u010d\u00ed v\u00edc vid\u00ed. \u0147\u00e1k\u00fd voko vid\u00ed pro\u010d a jeho rychl\u00e1 ruka odblokovala p\u0159esm\u00fdka\u010d a u\u017e se to zase to\u010d\u00ed. Te\u010f se pokusit narovnat patku. Fedu\u00e1l Tom druh\u00fd, Kr\u00e1l kolob\u011b\u017eka prvn\u00ed vytahuje p\u0159\u00edru\u010dn\u00ed, asi desetikilov\u00fd set n\u00e1\u0159ad\u00ed a pod\u00e1v\u00e1 imbus\u016fv \u0161roubov\u00e1k. Lehk\u00fd zatla\u010den\u00ed + siln\u00fd tah a prd! Patka m\u00e1 trhlinu ale furt je na sv\u00fdm m\u00edst\u011b. Bejt to ponorka jde \u0160otek ke dnu. Proto\u010dit, pomodlit se a m\u016f\u017eeme vyrazit do posledn\u00ed sekce, lesn\u00ed cestou a\u017e na pastvinu. Jsme v\u0161ichni. Tom <a href=\"http:\/\/www.slim2009.cz\/wordpress\/wp-content\/uploads\/2023\/04\/Endurance_2023_81-scaled-2.jpg\" target=\"_blank\" rel=\"noopener\"><img loading=\"lazy\" decoding=\"async\" class=\"alignleft wp-image-5356 size-medium\" src=\"http:\/\/188.120.214.195\/wordpress\/wp-content\/uploads\/2023\/04\/Endurance_2023_81-300x169.jpg\" alt=\"\" width=\"300\" height=\"169\" \/><\/a>m\u00e1 kliku, \u017ee m\u00e1 furt ob\u011b kliky, \u0160otek m\u00e1 taky kliku, \u017ee m\u00e1 jen natrhlou patku, ale v\u0161ichni zat\u00edm jedeme. No co se je\u0161t\u011b m\u016f\u017ee st\u00e1t. Hrnec hl\u00e1s\u00ed, \u017ee mu n\u011bco cvak\u00e1 na kazet\u011b. Asi vzp\u0159\u00ed\u010denej bordel. Ignorujeme p\u0159\u00edznaky budouc\u00edch probl\u00e9m\u016f a p\u0159ej\u00ed\u017ed\u00edme pastvinu ke hranici s Polandem. Hned je jinej luft. N\u011bkolik kli\u010dek po lesn\u00edch rozmidlen\u00fdch bahnit\u00fdch cest\u00e1ch a sj\u00ed\u017ed\u00edme ke Ko\u015bci\u00f3\u0142u Narodzenia Naj\u015bwi\u0119tszej Maryi Panny w Okrzeszynie. Sundat chr\u00e1ni\u010de a m\u016f\u017eeme pokra\u010dovat. Prozat\u00edm m\u00e1me za sebou tak 20cet kil\u00e1k\u016f a slunce p\u00e1l\u00ed. Kilometrovej asfalt, odbo\u010dit mezi bar\u00e1ky a vzh\u016fru na \u0160pi\u010d\u00e1k, p\u0159es Kobyla G\u00f3ra, pod Mraven\u010d\u00edm vrchem. V\u00a0Ok\u0159e\u0161\u00edn\u011b to bylo 480metr\u016f\/nm. Kobyla je 742metr\u016f. Dva kil\u00e1ky a budeme o 260metr\u016f vej\u0161. Dv\u011b t\u0159etiny sta\u010d\u00edm spolu s\u00a0Hrncem sledovat z\u00e1da Tom\u00edka kterej se lehkou jakoby vzn\u00e1\u0161ej\u00edc\u00ed j\u00edzdou vzd\u00e1lil a hned za n\u00edm zmizela za horizontem i Kr\u00e1lovsk\u00e1 skupina. Sme se narodili jako mrz\u00e1ci, m\u00e1me ne\u017e dv\u011b pl\u00edce, kter\u00fd tady nehodl\u00e1me vyplivnout, konstatujeme spolu s\u00a0Hrncem a asi sto metr\u016f tla\u010d\u00edme. N\u011bkde vzadu tla\u010d\u00ed Tla\u010di\u010d, Ponki\u010d, Luki\u010d, Davidovi\u010d a \u0160otki\u010d. Na Kobyle \u010dek\u00e1me a\u017e n\u00e1s je zase t\u0159in\u00e1ct. Vrcholovka od Kobyly a\u017e ke hranici je pohodov\u00e1. Rychl\u00fd sjezd\u00edk z\u00a0Mraven\u010d\u00e1ku k\u00a0odbo\u010dce do sedla pod \u0160pi\u010d\u00e1kem a te\u010f rozhodova\u010dka. Nahoru na \u0160pi\u010d\u00e1k nebo n\u00e9\u00e9. Tom m\u00e1 jasno. Jede. Srtrh\u00e1v\u00e1 s\u00a0sebou dal\u0161\u00edch sedum state\u010dn\u00fdch. Strhnout se rozhodn\u011b nedal David, Ponko, Luk\u00e1\u0161, Bu\u0165\u00e1k a \u0160otek, kte\u0159\u00ed jedou rovnou d\u00f3lu do Kr\u00e1lovce ke Kohoutovi. Osum state\u010dn\u00fdch Tom\u00edk, Borek, Dan, \u0160t\u011bpka, Kr\u00e1l, PeBa, Hrnec a J\u00e1, stoup\u00e1me k\u00a0vrcholu. Vzduch znova \u0159\u00eddne a ob\u010das mi i unikne net\u011bsn\u00fdm otvorem. Ano nedok\u00e1\u017eu zav\u0159\u00edt hubu mezi n\u00e1dechem a v\u00fddechem, proto slejz\u00e1m a tla\u010d\u00edm. P\u0159esto je to osob\u00e1k, tak rychle jsem naho\u0159e je\u0161t\u011b nebyl. Vrchol je pln\u00fd d\u011bvuch z\u00a0PLR. Tom\u00edk je naho\u0159e prvn\u00ed a d\u011bl\u00e1 si s\u00a0holkama self\u00ed\u010dko. Na n\u00e1s u\u017e se nedostalo, mus\u00edme si vysta\u010dit sami. Okouknut\u00fd nased\u00e1me a pr\u010fobr\u010fo to pou\u0161t\u00edme do \u00fadol\u00ed na ob\u011bd. Jsou t\u0159i hodiny odpoledne a u <a href=\"http:\/\/www.slim2009.cz\/wordpress\/wp-content\/uploads\/2023\/04\/Endurance_2023_93-scaled-2.jpg\" target=\"_blank\" rel=\"noopener\"><img loading=\"lazy\" decoding=\"async\" class=\"alignleft wp-image-5357 size-medium\" src=\"http:\/\/188.120.214.195\/wordpress\/wp-content\/uploads\/2023\/04\/Endurance_2023_93-300x169.jpg\" alt=\"\" width=\"300\" height=\"169\" \/><\/a>Kr\u00e1loveck\u00fdho Kohouta n\u00e1s \u010dek\u00e1 zaslou\u017eenej ob\u011bd. Ka\u017ed\u00fdmu co libo. \u010cesne\u010dka, gul\u00e1\u0161ek, sma\u017e\u00e1k, ku\u0159ec\u00ed \u0161p\u00edz. P\u00edvo a kofola te\u010de proudem. Odfrknou si, zaplatit a zase do sedel. Je\u0161t\u011b p\u011btadvacet a budeme u klubovny. Jedeme p\u0159es osadu \u010cern\u00e1 Voda a a\u010d je to pom\u011brn\u011b rovinat\u00e1 cesta, obvykle to tady fouk\u00e1 nep\u0159\u00edjemn\u011b do gezichtu, stejn\u011b jako dneska. Slab\u0161\u00ed kusy tak z\u016fstavaj pozadu. U Burgu se zcelujeme, aby nedo\u0161lo ke ztracen\u00ed jedinc\u016f. \u017dacl\u00e9\u0159 mineme tak, \u017ee jedeme okolo bejval\u00fdho dolu Jan \u0160verma. Kdy\u017e ho mineme, slibuju utrm\u00e1cen\u00fdm, \u017ee te\u010f pojedeme dobrejch 12kil\u00e1k\u016f z\u00a0kope\u010dka. A to byla pravda. Nejd\u0159\u00edv prudce lesem kolem kozince do Lampertic, pak asfaltem do K\u0159enova a libe\u010dskejma lukama, pod\u00e9l Li\u010dn\u00fd do Lib\u010de. Te\u010f posledn\u00ed kopec dne, kolem Libe\u010dsk\u00fd vlakov\u00fd zast\u00e1vky, a\u017e na pop\u00edlk\u00e1\u010d. Zase se trh\u00e1me, tla\u010di\u010di tla\u010dej, ale proto\u017ee u\u017e nen\u00ed kde zabloudit tak se nikde ne\u010dek\u00e1. P\u016fvodn\u011b m\u011bl bejt je\u0161t\u011b v\u00fdjezd na Wiesnerovy louky kolem mojeho v\u010del\u00edna, m\u00e1me v\u0161ak n\u011bkolikahodinov\u00fd zpo\u017ed\u011bn\u00ed, tak val\u00edme okolo TT\u010dkov\u00fdho parkovi\u0161t\u011b do klubovny. Je\u0161t\u011b si d\u00e1v\u00e1me Trubka trail a pak po silnici rychle a honem. Nikdo se neztratil, nic dal\u0161\u00edho nikomu neupadlo, m\u016f\u017eeme se pobavit. Jdu umejt Valentu, obl\u00edknout such\u00fd v\u011bci a m\u016f\u017eu zp\u00e1tky do kolektivu. Sud Bernarda je nara\u017eenej, ohe\u0148 pl\u00e1pol\u00e1. Ne\u017e se s\u00a0n\u00e1ma rozlou\u010d\u00ed p\u00e1r jedinc\u016f, co jedou dom\u016f, gratulujeme Tom\u00edkovi k\u00a0jeho \u010dty\u0159icetip\u00e1tin\u00e1m a p\u0159ed\u00e1v\u00e1me hodnotn\u00fd dar. \u0160koda, \u017ee cibule na gul\u00e1\u0161 u\u017e je nakr\u00e1jen\u00e1. Mohl si vyzkou\u0161et \u201eMeggajvr\u00e1k\u201c jak kr\u00e1j\u00ed, sek\u00e1, \u0161roubuje a utahuje. Vrac\u00edme Tom\u00edka k\u00a0plotn\u011b, aby nep\u0159ip\u00e1lil kozla a vypr\u00e1v\u00edme si neuv\u011b\u0159iteln\u00fd historky kter\u00fd se opravdu, ale opravdu staly. Po n\u011bkolika pivech, pohasnut\u00ed slunce se zved\u00e1 jeho v\u00fdsost i jeho suita, na\u010de\u017e se val\u00ed do D\u00e9K\u00e1. My z\u016fst\u00e1v\u00e1me a val\u00edme si vz\u00e1jemn\u011b kl\u00edny, ov\u0161em ty nejv\u011bt\u0161\u00ed n\u00e1m val\u00ed Hrnec. V\u011b\u0159\u00edme mu ka\u017ed\u00fd slovo, v\u017edy\u0165 <a href=\"http:\/\/www.slim2009.cz\/wordpress\/wp-content\/uploads\/2023\/04\/Endurance_2023_102-2.jpg\" target=\"_blank\" rel=\"noopener\"><img loading=\"lazy\" decoding=\"async\" class=\"alignleft wp-image-5358 size-medium\" src=\"http:\/\/www.slim2009.cz\/wordpress\/wp-content\/uploads\/2023\/04\/Endurance_2023_102-2-225x300.jpg\" alt=\"\" width=\"225\" height=\"300\" \/><\/a>je to \u0161koln\u00edk a ti jsou v\u00edc ne\u017e \u0159editel s\u00a0ukl\u00edze\u010dkou dohromady. Je to prost\u011b Anglikanec. A hlavn\u011b v\u00ed, jak vypad\u00e1 ta\u0161ka s\u00a0VHS kazetou &#8211; P\u011bsti v\u00a0\u0159iti. Tom\u00edk mezi t\u00edm vy\u010daroval v\u00a0kotl\u00edku n\u011bco naprosto, naprosto \u00fa\u017easn\u00fdho. Gul\u00e1\u0161 zahu\u0161t\u011bnej zeleninou na \u010den\u00fdm kozlovi. Na chv\u00edli ale opravdu na chv\u00edli bylo ticho jako v\u00a0kostele, jenom se \u00fadol\u00edm neslo mlask\u00e1n\u00ed, jako by kaloni jedli ban\u00e1n. Kotl\u00edk byl v\u00a0cukuletu pr\u00e1znej. Z\u00e1bava mohla pokra\u010dovat. Tom\u00edk rozv\u00e1\u0161nil um\u011blou inteligenci a zadal j\u00ed n\u011bkolik \u00fakol\u016f. P\u0159edkl\u00e1d\u00e1m jeden ze zachovan\u00fdch\u00a0v\u00fdsledk\u016f: \u201eJanko Tla\u010di\u010d je opravdov\u00fd multisportovec! Ten chlap\u00edk dok\u00e1\u017ee b\u011bhat, plavat, jezdit na kole a je\u0161t\u011b k tomu st\u00edhat koukat na televizi a pop\u00edjet pivo. Jeho v\u00fdkony na z\u00e1vodech jsou obdivuhodn\u00e9, ale co se t\u00fd\u010de jeho z\u00e1vodnick\u00e9ho stylu, to je n\u011bco, na co budou lid\u00e9 je\u0161t\u011b dlouho vzpom\u00ednat. Pokud byste ho vid\u011bli b\u011bhat, mohli byste si myslet, \u017ee se n\u011bjak\u00fdm zp\u016fsobem sna\u017e\u00ed zapojit do ka\u017ed\u00e9ho pohybu cel\u00e9 t\u011blo a ka\u017edou svalovou skupinu. Pokud byste ho vid\u011bli plavat, mohli byste si myslet, \u017ee se sna\u017e\u00ed vytvo\u0159it nov\u00fd druh plaveck\u00e9ho stylu. A pokud byste ho vid\u011bli jezdit na kole, mohli byste si myslet, \u017ee se sna\u017e\u00ed rozb\u00edt v\u0161echny z\u00e1vodn\u00edky na trati. Janko je tak nadan\u00fd, \u017ee by dok\u00e1zal b\u00fdt vynikaj\u00edc\u00edm sportovcem v kter\u00e9koliv discipl\u00edn\u011b &#8211; kdyby se mu necht\u011blo b\u011bhat, plavat nebo jezdit na kole, mohl by se st\u00e1t dokonce i profesion\u00e1ln\u00edm div\u00e1kem sportovn\u00edch z\u00e1pas\u016f!\u201c Kr\u00e1tce po um\u011bl\u00fd inteligenci odpad\u00e1 Janko zcela \u201eupraven\u201c do vozdla, odkud se vyprost\u00ed a\u017e r\u00e1no.\u00a0 A\u010d by se dalo dlouho pa\u0159it, nebylo n\u00e1m d\u00e1no. Zima ale p\u0159edev\u0161\u00edm pr\u00e1zdnej sud v\u0161echno ukon\u010dil. Jdeme sp\u00e1t. Ne\u017e se sta\u010d\u00edm odstrojit, na mnou vyhl\u00eddnut\u00fdm kanapi se uvelebil Hrnec. Nevad\u00ed, lehnu si vedle n\u011bj, je to kanape pro dva. Us\u00edn\u00e1m, av\u0161ak n\u011bkolikr\u00e1t se v\u00a0noci probouz\u00edm. Nejd\u0159\u00edv vid\u00edm Toma, jak s\u00a0baterkou obch\u00e1z\u00ed staven\u00ed, pozd\u011bjc se na m\u011b lep\u00ed Hrnec. R\u00e1no se bud\u00edm na m\u011b nezvykle pozd\u011b, okolo sedm\u00fd. V\u00a0z\u00e1p\u011bt\u00ed se prob\u00edr\u00e1 Hrnec a z\u00a0horn\u00edho patra se u\u017e taky \u0161trachaj. Nete\u010de voda, tak vynech\u00e1v\u00e1m hygienu. Tom\u00e1\u0161 krou\u017e\u00ed po pozemku a je \u0148\u00e1k zasmu\u0161ilej. Hled\u00e1 p\u0159\u00ed\u010dinu poruchy. U venkovn\u00edho sezen\u00ed se v\u0161ichni slejz\u00e1me a va\u0159\u00edme si \u010daje a kafata. Hrnec v\u0161em vykl\u00e1d\u00e1, jak jsem mu celou noc foukal na krk a \u017ee kdyby to v\u011bd\u011bl, \u017ee by si vzal n\u00e1kr\u010dn\u00edk. Op\u00e1\u010dil jsem, \u017ee kdyby se nema\u010dkal, nedofouknul bych. Sn\u00edd\u00e1me, trochu ukl\u00edz\u00edme a bal\u00edme. Z\u00a0pl\u00e1novan\u00fdch trail\u016f nic nebude. Jednak toho m\u00e1me po v\u010derej\u0161ku v\u00edc ne\u017e dost, ale taky Hrnec m\u00e1 opravdu n\u011bco s\u00a0bajkem. Cosi mu v\u00a0n\u011bm cvak\u00e1 a p\u0159eskakuje v\u00a0oblasti kazety. Typuju, \u017ee kazeta je sjet\u00e1. A\u017e v servisu se uk\u00e1zalo, \u017ee je vadnej o\u0159ech a n\u00e1ba. To m\u00e1me t\u0159i z\u00e1vady za jednu vyj\u00ed\u017e\u010fku. Dobrej v\u00fdsledek. No lou\u010d\u00edme se, ti co jedou po vlastn\u00ed ose odj\u00ed\u017ed\u011bj, ostatn\u00ed nakl\u00e1daj v\u011bci do gumokol\u016f a p\u0159edj\u00ed\u017ed\u011bj n\u00e1s p\u0159ed Trutnovem. S\u00a0Davidem a Hrne\u010dkem se lou\u010d\u00edm u kina. Tak jako j\u00e1 jsem vy\u010daroval po\u010das\u00ed a trasu, Tom\u00edk vytvo\u0159il delikatesu a pozval n\u00e1s do jeho na\u0161\u00ed klubovny, tak v\u0161ichni \u00fa\u010dastn\u00edci vytvo\u0159ili neopakovatelnou atmosf\u00e9ru, kterou bysme mohli zase n\u011bkdy zopakovat. Vlastn\u011b za m\u011bs\u00edc a kousek budou Kokostezky. Tak je\u0161t\u011b jednou D\u00edk V\u00e1m v\u0161em. Hlavn\u011b t\u011bm tady v\u00a0levo dole.<\/p>\n<p>But, Borek, Ponko, David, Luk\u00e1\u0161, Tom\u00e1\u0161, Hrnec, Petr Barto\u0161, Tom Kr\u00e1l, \u0160otek, Dan, \u0160t\u011bp\u00e1n, Slim.<\/p>\n<p>&nbsp;<\/p>\n<p>Fotky <a href=\"http:\/\/slim2009.cz\/photo\/#\/shared_space\/folder\/715?_k=a7pf93\" target=\"_blank\" rel=\"noopener\">jsou zde.<\/a><\/p>\n","protected":false},"excerpt":{"rendered":"<p>Po lo\u0148sk\u00fdm \u00fap\u011bchu a taky proto\u017ee jsme letos cht\u011bli sjet vloni vynechanou kr\u00e1snou p\u0159\u00edrodn\u00ed lajnu nad Chval\u010d\u00ed, tak proto se uskute\u010dnil druhej ro\u010dn\u00edk Endurance. Zav\u010das, 14t\u00fdho b\u0159ezna nadhazuju tohle t\u00e9ma. Jako obvykle nejrychlej\u0161\u00edm Negrem je Hrnec a m\u00e1 palec nahoru. &hellip; <a href=\"https:\/\/www.slim2009.cz\/wordpress\/crnci\/endurance-2023\/\">Cel\u00fd p\u0159\u00edsp\u011bvek <span class=\"meta-nav\">&rarr;<\/span><\/a><\/p>\n","protected":false},"author":1,"featured_media":0,"parent":4493,"menu_order":19,"comment_status":"closed","ping_status":"closed","template":"","meta":{"footnotes":""},"class_list":["post-5351","page","type-page","status-publish","hentry"],"_links":{"self":[{"href":"https:\/\/www.slim2009.cz\/wordpress\/wp-json\/wp\/v2\/pages\/5351","targetHints":{"allow":["GET"]}}],"collection":[{"href":"https:\/\/www.slim2009.cz\/wordpress\/wp-json\/wp\/v2\/pages"}],"about":[{"href":"https:\/\/www.slim2009.cz\/wordpress\/wp-json\/wp\/v2\/types\/page"}],"author":[{"embeddable":true,"href":"https:\/\/www.slim2009.cz\/wordpress\/wp-json\/wp\/v2\/users\/1"}],"replies":[{"embeddable":true,"href":"https:\/\/www.slim2009.cz\/wordpress\/wp-json\/wp\/v2\/comments?post=5351"}],"version-history":[{"count":0,"href":"https:\/\/www.slim2009.cz\/wordpress\/wp-json\/wp\/v2\/pages\/5351\/revisions"}],"up":[{"embeddable":true,"href":"https:\/\/www.slim2009.cz\/wordpress\/wp-json\/wp\/v2\/pages\/4493"}],"wp:attachment":[{"href":"https:\/\/www.slim2009.cz\/wordpress\/wp-json\/wp\/v2\/media?parent=5351"}],"curies":[{"name":"wp","href":"https:\/\/api.w.org\/{rel}","templated":true}]}}