{"id":5331,"date":"2023-01-02T21:50:26","date_gmt":"2023-01-02T20:50:26","guid":{"rendered":"http:\/\/188.120.214.195\/?page_id=5331"},"modified":"2025-10-28T09:37:45","modified_gmt":"2025-10-28T08:37:45","slug":"silvestr-bajk-2022","status":"publish","type":"page","link":"https:\/\/www.slim2009.cz\/wordpress\/archivalie\/archiv-crnci\/silvestr-bajk-2022\/","title":{"rendered":"Silvestr bajk 2022"},"content":{"rendered":"<p>Na posledn\u00ed bajk roku, jsem vyrazil za tmy v 7hodin r\u00e1no. Po\u010das\u00ed hned na za\u010d\u00e1tku j\u00edzdy slibovalo nev\u0161edn\u00ed z\u00e1\u017eitek a d\u011blalo co mohlo.<a href=\"http:\/\/www.slim2009.cz\/wordpress\/wp-content\/uploads\/2023\/01\/IMG-20221231-WA0005-2.jpg\" target=\"_blank\" rel=\"noopener\"><img loading=\"lazy\" decoding=\"async\" class=\"alignright wp-image-5332 size-medium\" src=\"http:\/\/www.slim2009.cz\/wordpress\/wp-content\/uploads\/2023\/01\/IMG-20221231-WA0005-2-300x225.jpg\" alt=\"\" width=\"300\" height=\"225\" \/><\/a> Mrholen\u00ed, mlha, teplota okolo \u0161esti stup\u0148\u016f. Po rozedn\u011bn\u00ed mrhol\u00ed tak \u0148\u00e1k veseleji. V osum d\u00e1v\u00e1m v\u011bd\u011bt do DKnL, \u017ee jedu. V tu dobu Hrnec sn\u00edd\u00e1 a je pozitivn\u011b nalad\u011bn. Ji\u0159\u00ed Ponko doporu\u010duje se nejd\u0159\u00edv ustrojit a a\u017e pak se pod\u00edvat ven, jak tam je, proto\u017ee jestli\u017ee to ud\u011bl\u00e1m opa\u010dn\u011b pak u\u017e by se mi nemuselo cht\u00edt&#8230; Mus\u00edm uznat, \u017ee m\u00e1 pravdu jen \u010d\u00e1ste\u010dn\u011b. V osumdvacet stoj\u00edm v Kocl\u00ed\u0159ov\u011b, mokv\u00e1m a jsem pozitivn\u011b namo\u010den. 20kil\u00e1k\u016f za mnou, sjezd do DK p\u0159ede mnou. U h\u0159bitova ani nek\u00e1pne. Sl\u00e1va, mo\u017en\u00e1 uschnu. 8:40 J\u00ed\u0159a slibuje \u010daj s rumem. 8:42 Rum nen\u00ed, slivovice je n\u00e1vykov\u00e1, \u010daj bude s medem. 8:49 dr\u017e\u00edm \u010daj a p\u0159ij\u00ed\u017ed\u011bj dal\u0161\u00ed neg\u0159i. V d\u011bv\u011bt vyr\u00e1\u017e\u00edme k Lipnici vyzvednou Horejse a mo\u017en\u00e1 i Kubajze. Kone\u010dn\u00e1 sestava je Dejf, Ponko, Tom Kr\u00e1l, Borek, Dan, Horejs, Hrnec a j\u00e1. Cel\u00e1 sestava se proplejt\u00e1 lesama p\u0159es \u010certovy kameny a Z\u00e1tluky. Pod Dehtovem absolvujeme bahenn\u00ed koupele ale i tak se do B\u00edl\u00fd T\u0159eme\u0161n\u00fd dost\u00e1v\u00e1me. Zden\u00e1nek n\u00e1s marn\u011b vyhl\u00ed\u017e\u00ed z vrcholu Zvi\u010diny. Potk\u00e1v\u00e1me ho za B\u0159ezinou pod Kozlem a se psem , prej mu naho\u0159e byla zima. Tou dobou se nejlep\u0161\u00ed silvestrovskej kajak\u00e1\u0159, Lukas, r\u00e1ch\u00e1 s modrou ponorkou po Labi, co\u017e je dvorsk\u00fd mo\u0159e. O mnoho pozd\u011bji se je\u0161t\u011b dozv\u00edd\u00e1me, \u017ee Lukas\u016fv d\u011bd m\u011bl pod Kozlem kamenolom a jen d\u00edky soudruh\u016fm, kter\u00fd mu ho zabavili, se Zvi\u010dina zachovala a\u017e dodnes. N\u00e1hradou za ukradenej lom dostal Lukas kus lesa, jen\u017ee zlej brouk Pytl\u00edk mu ho se\u017eral, tak maj zase prdlajs a\u017e na p\u00e1r rezavejch bitkojn\u016f. Okolo l\u00e1zn\u00ed se pohodlnou cestou dost\u00e1v\u00e1me na vrchol taky. Opravdu tady fun\u00ed. U st\u00e1nku si d\u00e1v\u00e1me plze\u0148sk\u00fd a na dal\u0161\u00ed se schov\u00e1v\u00e1me na chodbu Raisovy chaty. M\u00edsta k sezen\u00ed v restauraci jsou reserv\u00e9. Za n\u011bkolik piv jedeme dol\u016f. Sjezdovkou na prvn\u00ed cestu a potom \u010dervenou turistickou d\u00f3lu k l\u00e1zn\u00edm. Turisti uskakujou, bl\u00e1to st\u0159\u00edk\u00e1 na v\u0161echny a strany. V T\u0159eme\u0161n\u00fd u \u0160m\u00edd\u016f dal\u0161\u00ed \u017eejdl\u00edk. Tady se lou\u010d\u00edm a spolu s Borkem jedeme cestou necestou p\u0159es Doln\u00ed Brusnici, Souvra\u0165 k P\u0159edn\u00edmu Mostku hledat \u017elutou zna\u010dku vedouc\u00ed k Debrn\u00fdmu. Prov\u00e1d\u00edme experiment\u00e1ln\u00ed kole\u010dko dokola kolem a pak se do Debrn\u00fdho dost\u00e1v\u00e1me po silnici. U posledn\u00edho debrnsk\u00fdho domku, bydli\u0161t\u011b Borka, mejeme bah\u0148\u00e1ky, dost\u00e1v\u00e1m \u010daj a cukrov\u00ed. Pak m\u011b je\u0161t\u011b Borek doprov\u00e1z\u00ed do Ra\u0161plnau k n\u00e1dra\u017e\u00ed. Tady se za soumraku lou\u010d\u00edme a jedeme definit\u00edvn\u011b dom\u016f. Okolo 1\/2\u0161est\u00fd meju bl\u00e1tul\u00e1ka a t\u00edm i Valentu. Kone\u010dn\u011b teplo domova. A holit se nebude\u0161? Tak kolik si toho ujel?! Asi tak 83km. No, tak to je\u0161t\u011b p\u00e1r metr\u016f zvl\u00e1dne\u0161, ne?! Je\u0161t\u011b te\u010f m\u011b bolej haksny z t\u00fd j\u00edzdy. Jak na novej rok, tak po celej rok! To teda Ponkovi a Hrncovi v\u016fbec nez\u00e1vid\u00edm. Jeden furt v Praze a druhej u Silvera.<\/p>\n<p>Fotky <a href=\"http:\/\/slim2009.cz\/photo\/#\/shared_space\/folder\/633?_k=m363dt\" target=\"_blank\" rel=\"noopener\">jsou tady.<\/a><\/p>\n<p>pozn. Aby se galerie zobrazila korektn\u011b je nutn\u00fd se p\u0159ihl\u00e1sit \ud83d\ude42 .<br \/>\nU\u017eivatelsk\u00e9 jm\u00e9no : user<br \/>\nHeslo: (\u017e\u00e1dn\u00fd nen\u00ed)<\/p>\n","protected":false},"excerpt":{"rendered":"<p>Na posledn\u00ed bajk roku, jsem vyrazil za tmy v 7hodin r\u00e1no. Po\u010das\u00ed hned na za\u010d\u00e1tku j\u00edzdy slibovalo nev\u0161edn\u00ed z\u00e1\u017eitek a d\u011blalo co mohlo. Mrholen\u00ed, mlha, teplota okolo \u0161esti stup\u0148\u016f. Po rozedn\u011bn\u00ed mrhol\u00ed tak \u0148\u00e1k veseleji. V osum d\u00e1v\u00e1m v\u011bd\u011bt do &hellip; <a href=\"https:\/\/www.slim2009.cz\/wordpress\/archivalie\/archiv-crnci\/silvestr-bajk-2022\/\">Cel\u00fd p\u0159\u00edsp\u011bvek <span class=\"meta-nav\">&rarr;<\/span><\/a><\/p>\n","protected":false},"author":1,"featured_media":0,"parent":5066,"menu_order":18,"comment_status":"closed","ping_status":"closed","template":"","meta":{"footnotes":""},"class_list":["post-5331","page","type-page","status-publish","hentry"],"_links":{"self":[{"href":"https:\/\/www.slim2009.cz\/wordpress\/wp-json\/wp\/v2\/pages\/5331","targetHints":{"allow":["GET"]}}],"collection":[{"href":"https:\/\/www.slim2009.cz\/wordpress\/wp-json\/wp\/v2\/pages"}],"about":[{"href":"https:\/\/www.slim2009.cz\/wordpress\/wp-json\/wp\/v2\/types\/page"}],"author":[{"embeddable":true,"href":"https:\/\/www.slim2009.cz\/wordpress\/wp-json\/wp\/v2\/users\/1"}],"replies":[{"embeddable":true,"href":"https:\/\/www.slim2009.cz\/wordpress\/wp-json\/wp\/v2\/comments?post=5331"}],"version-history":[{"count":1,"href":"https:\/\/www.slim2009.cz\/wordpress\/wp-json\/wp\/v2\/pages\/5331\/revisions"}],"predecessor-version":[{"id":6356,"href":"https:\/\/www.slim2009.cz\/wordpress\/wp-json\/wp\/v2\/pages\/5331\/revisions\/6356"}],"up":[{"embeddable":true,"href":"https:\/\/www.slim2009.cz\/wordpress\/wp-json\/wp\/v2\/pages\/5066"}],"wp:attachment":[{"href":"https:\/\/www.slim2009.cz\/wordpress\/wp-json\/wp\/v2\/media?parent=5331"}],"curies":[{"name":"wp","href":"https:\/\/api.w.org\/{rel}","templated":true}]}}