{"id":5265,"date":"2022-10-26T20:21:08","date_gmt":"2022-10-26T19:21:08","guid":{"rendered":"http:\/\/188.120.214.195\/?page_id=5265"},"modified":"2025-10-28T09:35:13","modified_gmt":"2025-10-28T08:35:13","slug":"za-rampusakem","status":"publish","type":"page","link":"https:\/\/www.slim2009.cz\/wordpress\/archivalie\/archiv-crnci\/za-rampusakem\/","title":{"rendered":"Za Rampu\u0161\u00e1kem"},"content":{"rendered":"<p>O tom jak se mi v\u00a0Dobru\u0161ce neud\u011blalo dob\u0159e.<a href=\"http:\/\/www.slim2009.cz\/wordpress\/wp-content\/uploads\/2022\/10\/IMG-20221015-09-2.jpg\" target=\"_blank\" rel=\"noopener\"><img loading=\"lazy\" decoding=\"async\" class=\"alignright wp-image-5266 size-medium\" src=\"http:\/\/www.slim2009.cz\/wordpress\/wp-content\/uploads\/2022\/10\/IMG-20221015-09-2-225x300.jpg\" alt=\"\" width=\"225\" height=\"300\" \/><\/a><br \/>\nZa\u010d\u00e1tkem \u0159\u00edjna, p\u0159i n\u00e1hodn\u00fdm rozhovoru s\u00a0Tomem, se mu sv\u011b\u0159uju s\u00a0n\u00e1padem vyvolat sobotn\u00ed negerskou vyj\u00ed\u017e\u010fku v\u00a0term\u00ednu 15.10. Na tenhle term\u00edn u\u017e n\u011bco m\u00e1m s\u00a0partou z\u00a0BScom, ale jestli by ses cht\u011bl z\u00fa\u010dastnit, po\u0161lu ti info, odv\u011btil Tom. V\u00a0pozdn\u00ed odpoledne u\u017e studuju trasu a do minuty souhlas\u00edm. Obzvl\u00e1\u0161t\u011b pozn\u00e1mka o tom, \u017ee pojedeme pouze s\u00a0v\u00fdhledem dobr\u00fdho po\u010das\u00ed, mi vyhovovala. A po\u010das\u00ed se mohlo p\u0159etrhnout, aby bylo dobr\u00fd, \u010deho\u017e vyu\u017e\u00edv\u00e1m k\u00a0p\u0159\u00edprav\u011b a jezd\u00edm. \u010cty\u0159i dny p\u0159ed v\u00fdjezdem dost\u00e1v\u00e1m fin\u00e1ln\u00ed informace o \u00fa\u010dastn\u00edc\u00edch a zast\u00e1vk\u00e1ch na trase. Pojede 7 BScom\u016f a 4-5 zp\u0159\u00e1telen\u00fdch p\u0159\u00e1tel. T\u0159i dny p\u0159ed dnem D se dotazuju na skladbu bicykl\u016f, abych si zvolil jestli pojedu na kostit\u0159asu nebo celop\u00e9ru. \u017d\u00e1dn\u00fd p\u00e9ro nejede, jen n\u011bkolik polop\u00e9r a gravel\u016f. Nu co\u017e, jedu kosti\u0159as aliaz Sirus X gen.2. Dva dny p\u0159ed m\u00e1m natr\u00e9novan\u00fdch okolo 120ti kil\u00e1k\u016f, tud\u00ed\u017e jsem p\u0159ipraven. To se ov\u0161em ned\u00e1 \u0159\u00edct o po\u010das\u00ed. Je mo\u017en\u00fd, \u017ee n\u00e1s nem\u00e1 b\u016fh bajkov\u00e1n\u00ed r\u00e1d, proto\u017ee nad Biskajsk\u00fdm z\u00e1livem vytvo\u0159il tlakovou n\u00ed\u017ei, kter\u00e1 ovliv\u0148uje po\u010das\u00ed se st\u0159edem nad Trutnovem a sobotn\u00edm okol\u00ed. No to asi pojedeme s\u00a0de\u0161tn\u00edkama. Tom pos\u00edl\u00e1 tlakovou n\u00ed\u017ei do.. Norska, tak\u017ee se mi hnedle l\u00edp pakuje a us\u00edn\u00e1. R\u00e1no po probuzen\u00ed mu mus\u00edm d\u00e1t za pravdu, proto\u017ee ty n\u00edzko usazen\u00fd mraky z\u0159ejm\u011b odplouvaj do Norska. Bohu\u017eel vedlej\u0161\u00ed produkt odplouv\u00e1n\u00ed je drobn\u00fd m\u017een\u00ed, objevuj\u00edc\u00ed se ihned co opou\u0161t\u00edm OberAltStadt. U ekonomky stoj\u00ed osamocenej Tom, ke kter\u00fdmu se p\u0159id\u00e1v\u00e1m. P\u0159esn\u011b v\u00a0dev\u011bt u\u017e n\u00e1s je p\u011bt. Tom, J\u00e1, Dan, Olda a Martin. Spole\u010dn\u011b odj\u00ed\u017ed\u00edme pod\u00e9l proudu \u00dapy k\u00a0elektr\u00e1rn\u011b, kterou mistrn\u011b, velk\u00fdm obloukem obj\u00ed\u017ed\u00edme a skrz Lhotu stoup\u00e1me k\u00a0prvn\u00ed n\u00edzkohorsk\u00fd pr\u00e9mii. Od Lhotsk\u00fd hospody vytrvale stoup\u00e1me, mrholen\u00ed mrhol\u00ed, peloton se trh\u00e1, naklon\u011bn\u00e1 rovina se sem tam naklon\u00ed je\u0161t\u011b v\u00edc. Za Bezd\u011bkovsk\u00fdm spritzenhausem skon\u010dilo asfaltov\u00fd peklo, aby za\u010dala betonov\u00e1 ag\u00f3nie s\u00a0nejnaklon\u011bn\u011bj\u0161\u00ed naklon\u011bnou rovinou. Je\u0161t\u011b \u0161t\u011bst\u00ed \u017ee se mrholen\u00ed zm\u011bnilo v\u00a0t\u011b\u017ekou mlhu lep\u00edc\u00ed se na v\u0161echno v\u010detn\u011b vnit\u0159ku brejl\u00ed, jinak nev\u00edm nev\u00edm, jak by se to dalo vyjet. V\u00a0sedle pod Pahorkem kon\u010d\u00ed betonovka. To nejstrm\u011bj\u0161\u00ed m\u00e1me zasebou. Po se\u0161ikov\u00e1n\u00ed, vypu\u0161t\u011bn\u00ed p\u0159ebyte\u010dn\u00fdho odpadu, po vyfocen\u00ed h\u0159ibovit\u00fd houby znovu used\u00e1me na trubky a ml\u017en\u00fdm lesem pokra\u010dujeme ve stoup\u00e1n\u00ed cestou bl\u00e1tivou a kamenitou. Tady poprv\u00e9 si gratuluju k\u00a0blatn\u00edk\u016fm (bla, bla, blatn\u00edky, viz. Mototechna), d\u00edky nim z\u016fst\u00e1v\u00e1m \u010dist\u0161\u00ed o n\u011bkolik okam\u017eik\u016f d\u00fdl. Mlha je na paseck\u00fdch louk\u00e1ch dopln\u011bn\u00e1\u00a0siln\u00fdm mrholen\u00edm. \u0158eha\u010dku m\u00edj\u00edme a n\u011bkde nad n\u00ed jsme pro dne\u0161ek nejvej\u0161 a to v\u00a0725metrech. P\u00e1r kil\u00e1k\u016f vrcholov\u00fdch houpa\u010dek a u\u017e sj\u00ed\u017ed\u00edme do Odolova k\u00a0Lotrandovi, kde na n\u00e1s \u010dekaj\u00ed Tom\u00e1\u0161 toho \u010d\u00edsla dv\u011b a jeden nejmenovanej ruku nepod\u00e1vaj\u00edc\u00ed, bezejmenej, bezhelmovej vlas\u00e1\u010d, oba z\u00a0DK nebo kdov\u00ed odka\u010f. Nen\u00ed na co \u010dekat, beztak u\u017e v\u00edc pr\u0161\u00ed, ne\u017e mrhol\u00ed. Nasazuju \u010depici, drez, \u017ed\u00edmu rukavice a jedeme Panskou cestou k\u00a0V\u011btr\u00e1ku a na Krkav\u010dinu. U Krkav\u010diny jsme zp\u00e1tky na asfaltu. Prudce to vohejb\u00e1me vlevo a jedeme okolo Maternice. Sj\u00ed\u017ed\u00edme skrz l\u00ednii lehk\u00fdho i t\u011b\u017ek\u00fdho opevn\u011bn\u00ed, mezi sruby T-S-19 \u201eTurov\u201c a T-S-20 \u201ePl\u00e1\u0148\u201c. Bunkry vid\u011bt nejsou nejen kv\u016fli po\u010das\u00ed, ale hlavn\u011b proto, \u017ee jsou v\u00a0lese. Z\u00a0kopce n\u00e1m to svi\u0161t\u00ed a\u017e voda c\u00e1k\u00e1. Rychle skrz Rokytn\u00edk do D\u0159ev\u00ed\u010de. Ml\u017enej les m\u00e1me za sebou jsme v\u00a0Hronovsk\u00fd n\u00ed\u017ein\u011b, tak je pochopiteln\u00fd, \u017ee p\u0159est\u00e1v\u00e1 ml\u017eit. Hronov n\u00e1s v\u00edt\u00e1 po 30ti kilometrech svou otev\u0159enou n\u00e1ru\u010d\u00ed a hned jak n\u00e1s m\u00edstn\u00ed domorodkyn\u011b<a href=\"http:\/\/www.slim2009.cz\/wordpress\/wp-content\/uploads\/2022\/10\/IMG-20221015-13A-scaled-2.jpg\" target=\"_blank\" rel=\"noopener\"><img loading=\"lazy\" decoding=\"async\" class=\"alignright wp-image-5267 size-medium\" src=\"http:\/\/188.120.214.195\/wordpress\/wp-content\/uploads\/2022\/10\/IMG-20221015-13A-300x169.jpg\" alt=\"\" width=\"300\" height=\"169\" \/><\/a> nasm\u011bruje, tak i otev\u0159enou hospodou \u201eU Pilouse\u201c. M\u00e1me \u0161t\u011bst\u00ed, n\u011bkolik voln\u00fdch m\u00edst na n\u00e1s zbylo. D\u00e1v\u00e1me si k\u00a0j\u00eddlu co libo a pivo. Moc jsme neuschnuli, ale proto\u017ee u\u017e nepr\u0161\u00ed tak se vysu\u0161\u00edme j\u00edzdou. U Pilouse jsme se usnesli, \u017ee budeme zkracovat. Z\u00a0p\u016fvodn\u011b 80ti kil\u00e1k\u016f \u010d\u00e1st vynech\u00e1me, aby sme se dostali v\u010das do c\u00edle. Polsko teda jenom l\u00edzneme. Nased\u00e1me a jedeme Velk\u00fd Po\u0159\u00ed\u010d\u00ed, Homolka, granica panstwa, Slone. P\u0159ekon\u00e1v\u00e1me silnici E67, stoup\u00e1me do posledn\u00ed Polsk\u00fd vsi Brzozowie cesta se postupn\u011b nakl\u00e1n\u00ed. Hrani\u010dn\u00ed sloupky a jsme zase u n\u00e1s v\u00a0\u010cesk\u00fd \u010cermn\u00fd. U po\u0161ty, rybn\u00ed\u010dku a\u00a0d\u0159ev\u011bnky se sat\u00edkem se op\u011bt \u0161ikujeme. A\u017e na propocen\u00fd hadry a st\u00e9kaj\u00edc\u00ed pot jsme celkem such\u00fd. Za \u010cermnou mezi poli stoup\u00e1n\u00ed kon\u010d\u00ed, ale zato fouk\u00e1 a nejen to. Po poli se proh\u00e1n\u00ed traktory s vle\u010d\u0148\u00e1ky a metaj\u00ed a metaj\u00ed, no zkr\u00e1tka \u201eHovnostroj\u201c maj p\u0159ipojenej. V\u00edtr n\u00e1m kaz\u00ed pohled na pr\u00e1ci druh\u00fdch, rad\u0161i pokra\u010dujeme k\u00a0Agentovi. Skrze Borovou do Dlouh\u00e9 a z\u00a0kope\u010dka k\u00a0Zelinkovu mlejnu. Mal\u00e1 odbo\u010dka a u\u017e stoj\u00edme u pivovaru Agent. Uvazujeme \u0161em\u00edky do stojan\u016f a vstupujeme. Ka\u017edej si nech\u00e1v\u00e1 na\u010depovat dle chuti. Maj\u00ed r\u016fzn\u00fd druhy piv. Od 0-Zero a\u017e po 17tku a to svrchn\u011b i spodn\u011b kva\u0161en\u00fd. D\u00e1l nab\u00edzej lepenku IPA asi to\u010denou ALE v\u016fbec netu\u0161\u00edm pro\u010d maj ty stavebniny v\u00a0pivovaru J. Jak si tak sed\u00edme, venku za\u010dalo znova cedit, pozd\u011bji i lehce potemn\u011blo. O Dana s\u00a0Oldou se pokou\u0161\u00ed spiritus d\u00e9mon v\u00a0podob\u011b fernetu. Na\u0161t\u011bst\u00ed sme se z\u00a0osidel poku\u0161en\u00ed vymanili a ve slu\u0161n\u00fdm de\u0161t\u00edku jedeme skrze Rzy, pak odbo\u010dujeme kolem Tisk\u00fdho kopce do Sn\u011b\u017en\u00fdho, kde odbo\u010dujeme do Janova. Za Janovem u rybn\u00edka p\u00e1r metr\u016f kufrujeme. Na\u0161t\u011bst\u00ed jen 50metr\u016f, a to d\u00edky mokru a prudk\u00fdmu krp\u00e1lu. Vzniklej omyl napravujeme sklouznut\u00edm zp\u00e1tky k\u00a0rybn\u00edku a odbo\u010den\u00edm vlevo cestou vedouc\u00ed pod\u00e9l Janovsk\u00fdho potoku. Cesta je to kr\u00e1sn\u00e1 v\u00a0tuhle dobu vlhk\u00e1, kde list\u00edm zasypan\u00fd kamen\u00ed trochu h\u00e1z\u00ed, ale: \u201eZa trochu smyk\u016f, jel bych sv\u011bta kraj, jel z\u00a0hlavou bez helmy, jel bych mokr\u00fd, ale v\u00a0du\u0161i v\u011b\u010dn\u00fd trail, jel vych\u0159ic\u00ed \u2013 v\u0161ak sly\u0161el hu\u010det gumy.\u201c Ne\u017e p\u0159eb\u00e1sn\u00edm Vrchlick\u00fdho je tu Ohni\u0161ov a asfaltka. V\u00a0Ohni\u0161ovsk\u00fdm obcho\u010f\u00e1ku si Tom\u00e1\u0161 \u010d.2 kupuje za v\u00fdhodnou cenu c\u00edga a pak se sna\u017e\u00edme trefit do Dobru\u0161ky a hned na druhej pokus stoj\u00edc v\u00a0pol\u00edch u kopce Roso\u0161ky, se to d\u00edky Tomovy navigaci da\u0159\u00ed. Od Rozso\u0161ky to mast\u00edme skrze Val p\u0159es K\u0159ovice k\u00a0c\u00edli. A je to tady, vys\u00e1t kobere\u010dky u pumpy a m\u016f\u017eeme jet naj\u00edt pivovarskou hospodu. Za malinkou chvilinku u\u017e stoj\u00edme p\u0159ed<a href=\"http:\/\/www.slim2009.cz\/wordpress\/wp-content\/uploads\/2022\/10\/IMG-20221015-23-2.jpg\" target=\"_blank\" rel=\"noopener\"><img loading=\"lazy\" decoding=\"async\" class=\"alignright wp-image-5268 size-medium\" src=\"http:\/\/www.slim2009.cz\/wordpress\/wp-content\/uploads\/2022\/10\/IMG-20221015-23-2-169x300.jpg\" alt=\"\" width=\"169\" height=\"300\" \/><\/a> vchodem. Tom jde upozornit na n\u00e1\u0161 p\u0159\u00edjezd. Za\u010d\u00edn\u00e1 se pomalu stm\u00edvat, je skoro \u0161est a jsme r\u00e1di, \u017ee to po sedmdes\u00e1tidvou kilometrech m\u00e1me zasebou. Kola strk\u00e1me na chodbu ubytovny, rozd\u011blujeme si pokoje, vsl\u00edk\u00e1me se z\u00a0mokr\u00fdch hader, kter\u00fd rozv\u011b\u0161ujeme na ram\u00ednk\u00e1ch, kam se d\u00e1. Spr\u0161\u00edme se a vyfiknut\u00fd jdeme n\u011bkolik krok\u016f do knajpy, kde m\u00e1me zamluvenej st\u016fl. Jsme v\u00a0pivovarsk\u00fd hospod\u011b pivovaru Rampu\u0161\u00e1k, tak sem s\u00a0t\u00edm p\u00edvem. Moc j\u00eddel tu neva\u0159\u00ed, ale na\u0161t\u011bst\u00ed n\u011bco tepl\u00fdho maj\u00ed. Nap\u0159\u00edklad Klob\u00e1ska nebo t\u0159eba Tortilla s\u00a0ku\u0159ec\u00edm. Z\u00e1bava se postupn\u011b rozproudila, vesel\u00fd historky z\u00a0Bobru i odjinud, pivo, v\u00edno, hru\u0161ka. Odv\u00e1\u017en\u00ed gemble\u0159i si puj\u010dujou bowlingovou dr\u00e1hu a sr\u00e1\u017eej jednu ku\u017eelku za druhou. V\u00a0pozad\u00ed hraje kytarovej virtu\u00f3z jednu pecku za peckou, ne\u017e mu n\u011bkdo s\u00a0absolutn\u00edm hluchem rozladil n\u00e1stroj. A zase runda hru\u0161ky, i kdy\u017e teda n\u00e9 v\u0161ichni. Okolo jeden\u00e1ct\u00fd si p\u016fj\u010duje Olda geni\u00e1ln\u00edho kytaristu. Ten hned jak naladil, n\u00e1m ozn\u00e1mil, \u017ee hraje skoro nezn\u00e1m\u00fd Krylovy skladby. A opravdu, to co p\u0159edvedl, by nejsp\u00ed\u0161 nepoznal ani Karel. O p\u016flnoci plat\u00edme. N\u011bkte\u0159\u00ed si kupujou p\u00edvo v\u00a0igelitce, jin\u00ed si d\u00e1vaj koks\u00e1k,.t\u0159eba j\u00e1 s\u00a0Tomem. Obsluha n\u00e1s vy\u0161oupla ven za dve\u0159e, kde se velice dob\u0159e bav\u00edme. Up\u00edj\u00edme z\u00a0igelitky, prob\u00edhaj hasebn\u00ed pr\u00e1ce, obvzvl\u00e1\u0161t\u011b pr\u00e1ce s\u00a0hadic\u00ed, kter\u00e1 se pod tlakem cukala se vyda\u0159ila. Ani nev\u00edm jak se to stalo a u\u017e i j\u00e1 dr\u017e\u00edm a \u0161lukuju c\u00edgo. N\u011bkdy okolo jedn\u00fd do\u0161lo i na p\u0159ed\u00e1n\u00ed tri\u010dek s\u00a0Bobrem a pak klap, v\u00fdloha jako Dobru\u0161ka. Blik! Chci si lehnout, ale n\u011bkdo mi to\u010d\u00ed postelej, to asi za\u010dal kosmickej v\u00fdcvik. Blik! Tma. Blik! Sv\u00edt\u00e1. Blik! Je sv\u011btlo. N\u011bco mi stla\u010duje hlavu a z\u0159ejm\u011b malinkatej datel se chce dostat ven. Kou\u0161u do chleba se sal\u00e1mem, ale evidentn\u011b to nen\u00ed dobrej n\u00e1pad. V\u016fbec mi to neud\u011blalo dob\u0159e. O des\u00e1t\u00fd jsme vypakovan\u00fd venku p\u0159ed Rampu\u0161\u00e1ckou hospodou a jedeme k\u00a0Lidlu na sn\u00eddani. J\u00edzda samotn\u00e1 je v\u00a0pohod\u011b, hor\u0161\u00ed je to s\u00a0oby\u010dejn\u00fd post\u00e1v\u00e1n\u00edm. N\u011bkdo lehce hejb\u00e1 zem\u011bkoul\u00ed. Zat\u00edm co si ostatn\u00ed kupujou a pak konzumujou sn\u00eddani, j\u00e1 lehce trp\u00edm. Po sn\u00eddani odj\u00ed\u017ed\u00edme k\u00a0domovu. Nejd\u0159\u00edv zp\u00e1tky na n\u00e1m\u011bst\u00ed, pak vlevo po trase \u010d\u00edslo 222. Za n\u00e1dra\u017e\u00edm odbo\u010dujeme na 4060 do Pulice a Poho\u0159\u00ed, mimochodem rodi\u0161t\u011b v\u00fdznamn\u00fdho zakladatele divadla JDC Milon\u011b \u010cepelky. Proj\u00ed\u017ed\u00edme skrz Bohuslavice nad Metuj\u00ed, za kterejma se odd\u011bluje dvou\u010dlenn\u00e1 skupina z\u00a0DK a to Tom\u00e1\u0161 \u010d.2 a \u201eTen co si nepod\u00e1v\u00e1 ruku a \u0159\u00edk\u00e1: Jako by se stalo.\u201c Jedou k\u00a0Jarom\u011b\u0159i a my ve slo\u017een\u00ed Tom, J\u00e1, Dan, Olda a Martin jedeme na opa\u010dnou stranu, m\u00edjice \u010cern\u010dice. \u0160trejchneme\u00a0Naho\u0159any, Lhotu, \u0161lapeme pod\u00e9l leti\u0161t\u011b, proj\u00ed\u017ed\u00edme Provodov-\u0160onov a p\u0159ich\u00e1z\u00ed Rozko\u0161. Ov\u0161em jak pro koho. Monkey bibi u\u017e sice odch\u00e1z\u00ed, ale jen zvolna. Te\u010f jedeme na dohled vodn\u00ed plochy. \u00a0Proj\u00ed\u017ed\u00edme skrz Se\u0159e\u010d, Kleny, P\u0159ekon\u00e1v\u00e1me E67, nevynech\u00e1me ani dubenskou oboru a je tady Zli\u010d, velk\u00e1 zast\u00e1vka na ob\u011bd v Hotelu Holzbecher. Sed\u00e1me si na zahr\u00e1dku, proto\u017ee je kupodivu pom\u011brn\u011b teplo. Objedn\u00e1v\u00e1me si j\u00eddlo a pit\u00ed. D\u016fle\u017eit\u00fd je, \u017ee maj\u00ed v\u00fdvar. Je to l\u00e9k a taky tak funguje. Sice mi n\u011bkdo t\u0159ese rukou a l\u00e9\u010divo mi brynd\u00e1 zp\u00e1tky do misky, ale nakonec to d\u00e1v\u00e1m. Najeden\u00fd a odpo\u010dinut\u00fd se vyd\u00e1v\u00e1me d\u00e1l skrze Babi\u010d\u010dino \u00fadol\u00ed. U pomn\u00edku se nech\u00e1v\u00e1me vyfotit s\u00a0bab\u010dou, Barkou, Sult\u00e1nem a Tyrlem. \u00dadol\u00ed je trochu v\u00edc rozbahn\u011bn\u00fd, ale n\u00e1\u0161 postup to nem\u016f\u017ee zastavit. B\u00edlej most, \u010cervenej most, Slatinskej mlejn, Pod Bou\u0161\u00ednem a po 13ti kilometrech jsme v\u00a0Havlovic\u00edch u Ameriky. Bohu\u017eel maj soukromou akci. Na\u0161t\u011bst\u00ed n\u00e1m hospodsk\u00e1 p\u0159in\u00e1\u0161\u00ed p\u00edvo a kofolu ven. Sed\u00e1me si v\u00a0par\u010d\u00edku u vodotrysk\u00e1n\u00ed a odpo\u010d\u00edv\u00e1me. Nab\u00edr\u00e1me s\u00edly do posledn\u00ed etapy, ve kter\u00fd n\u00e1s sprdnou silni\u010d\u00e1\u0159i a pojedeme bomby. Odevzd\u00e1v\u00e1me p\u016fllitry, nased\u00e1me a odj\u00ed\u017ed\u00edme k\u00a0\u00dapici. Provoz na silnici je malej a\u017e minim\u00e1ln\u00ed. Na Veselce pozn\u00e1v\u00e1me pro\u010d. Silnice je zatarasen\u00e1 a hl\u00eddan\u00e1 partou silni\u010d\u00e1\u0159\u016f, kter\u00fd na n\u00e1s volaj, a\u0165<a href=\"http:\/\/www.slim2009.cz\/wordpress\/wp-content\/uploads\/2022\/10\/IMG-20221015-54-2.jpg\" target=\"_blank\" rel=\"noopener\"><img loading=\"lazy\" decoding=\"async\" class=\"alignright wp-image-5271 size-medium\" src=\"http:\/\/www.slim2009.cz\/wordpress\/wp-content\/uploads\/2022\/10\/IMG-20221015-54-2-300x225.jpg\" alt=\"\" width=\"300\" height=\"225\" \/><\/a> jedeme p\u0159es l\u00e1vku a pak po chodn\u00edku. L\u00e1vku p\u0159ej\u00ed\u017ed\u00edme, av\u0161ak z\u00e1hy n\u00e1s to vrac\u00ed zp\u00e1tky do Suchovr\u0161ic na novej asfalt. Za restauracej \u201eU R\u00e1\u017e\u016f\u201c v\u00a0zat\u00e1\u010dce nar\u00e1\u017e\u00edme na fini\u0161\u00e9r a nasran\u00fdho silni\u010d\u00e1\u0159e \u0159vouc\u00edho a nap\u0159ahuj\u00edc\u00edho se sm\u011brem k\u00a0n\u00e1m: \u201e z\u00e1kaz plat\u00ed pro f\u0161echny i pro v\u00e1s, do pr..le!\u201c rychle se proplejt\u00e1me okolo a miz\u00edme ne\u017e si vezme lopatu a p\u0159et\u00e1hne n\u00e1s s n\u00ed. P\u0159ed Lhotkou je\u0161t\u011b \u010dek\u00e1me ne\u017e \u201ek\u016frovci\u201c naberou d\u0159\u00edv\u00ed. Pak u\u017e n\u00e1s nic nebrzd\u00ed, ne\u017e rychlost ka\u017ed\u00fdho z\u00a0n\u00e1s. Tom a Dan jdou do trh\u00e1ku. J\u00e1 se jich sna\u017e\u00edm dr\u017eet, ale v\u00a0Adamov\u011b jejich tempu nesta\u010d\u00edm. N\u011bkde za mnou jede Olda a vzadu Martin. V\u00a0Bohuslavic\u00edch u h\u0159i\u0161t\u011b na sebe \u010dek\u00e1me, aby hned na to za\u010dala dal\u0161\u00ed rychlosn\u00ed zkou\u0161ka. Po\u0159ad\u00ed jezdc\u016f je stejn\u00fd. Dal\u0161\u00ed zast\u00e1vka u elektr\u00e1rny. Martin p\u0159ij\u00ed\u017ed\u00ed o dost pozd\u011bji a ihned pokra\u010duje d\u00e1l pod\u00e9l \u00dapy k\u00a0zim\u00e1ku, kde se lou\u010d\u00ed. Tady se lou\u010d\u00ed i Tom. My t\u0159i jedeme a\u017e k\u00a0ekonomce, kde se lou\u010d\u00edm s\u00a0Danem a Oldou slovy: \u201e P\u0159\u00ed\u0161t\u011b m\u00ed\u0148 kou\u0159it,\u201c a Olda odpov\u00edd\u00e1: \u201e a v\u00edc chlastat\u201c. S\u00a0t\u011bmihle slovy se jedou vyspr\u0161it do BScomu, aby odjeli na Bobersk\u00fd pl\u00e1n\u011b. M\u011b zbejvaj tak t\u0159i kil\u00e1ky, ne\u017e budu moct sko\u010dit plac\u00e1ka do vany a pak do pelechu. Tak se skon\u010dil slavnej vejlet do Dobru\u0161ky, kde se mi neud\u011blalo volno.<\/p>\n<p><a href=\"http:\/\/slim2009.cz\/photo\/#\/shared_space\/folder\/627?_k=i6vn4k\" target=\"_blank\" rel=\"noopener\">Fotky zde.<\/a><\/p>\n<p>pozn. Aby se galerie zobrazila korektn\u011b je nutn\u00fd se p\u0159ihl\u00e1sit\u00a0\ud83d\ude42\u00a0.<br \/>\nU\u017eivatelsk\u00e9 jm\u00e9no : user<br \/>\nHeslo: (\u017e\u00e1dn\u00fd nen\u00ed)<\/p>\n","protected":false},"excerpt":{"rendered":"<p>O tom jak se mi v\u00a0Dobru\u0161ce neud\u011blalo dob\u0159e. Za\u010d\u00e1tkem \u0159\u00edjna, p\u0159i n\u00e1hodn\u00fdm rozhovoru s\u00a0Tomem, se mu sv\u011b\u0159uju s\u00a0n\u00e1padem vyvolat sobotn\u00ed negerskou vyj\u00ed\u017e\u010fku v\u00a0term\u00ednu 15.10. Na tenhle term\u00edn u\u017e n\u011bco m\u00e1m s\u00a0partou z\u00a0BScom, ale jestli by ses cht\u011bl z\u00fa\u010dastnit, po\u0161lu ti &hellip; <a href=\"https:\/\/www.slim2009.cz\/wordpress\/archivalie\/archiv-crnci\/za-rampusakem\/\">Cel\u00fd p\u0159\u00edsp\u011bvek <span class=\"meta-nav\">&rarr;<\/span><\/a><\/p>\n","protected":false},"author":1,"featured_media":0,"parent":5066,"menu_order":16,"comment_status":"closed","ping_status":"closed","template":"","meta":{"footnotes":""},"class_list":["post-5265","page","type-page","status-publish","hentry"],"_links":{"self":[{"href":"https:\/\/www.slim2009.cz\/wordpress\/wp-json\/wp\/v2\/pages\/5265","targetHints":{"allow":["GET"]}}],"collection":[{"href":"https:\/\/www.slim2009.cz\/wordpress\/wp-json\/wp\/v2\/pages"}],"about":[{"href":"https:\/\/www.slim2009.cz\/wordpress\/wp-json\/wp\/v2\/types\/page"}],"author":[{"embeddable":true,"href":"https:\/\/www.slim2009.cz\/wordpress\/wp-json\/wp\/v2\/users\/1"}],"replies":[{"embeddable":true,"href":"https:\/\/www.slim2009.cz\/wordpress\/wp-json\/wp\/v2\/comments?post=5265"}],"version-history":[{"count":1,"href":"https:\/\/www.slim2009.cz\/wordpress\/wp-json\/wp\/v2\/pages\/5265\/revisions"}],"predecessor-version":[{"id":6354,"href":"https:\/\/www.slim2009.cz\/wordpress\/wp-json\/wp\/v2\/pages\/5265\/revisions\/6354"}],"up":[{"embeddable":true,"href":"https:\/\/www.slim2009.cz\/wordpress\/wp-json\/wp\/v2\/pages\/5066"}],"wp:attachment":[{"href":"https:\/\/www.slim2009.cz\/wordpress\/wp-json\/wp\/v2\/media?parent=5265"}],"curies":[{"name":"wp","href":"https:\/\/api.w.org\/{rel}","templated":true}]}}