{"id":5197,"date":"2022-07-07T20:02:57","date_gmt":"2022-07-07T19:02:57","guid":{"rendered":"http:\/\/188.120.214.195\/?page_id=5197"},"modified":"2022-07-07T20:02:57","modified_gmt":"2022-07-07T19:02:57","slug":"po-hradech-a-hradistich-2022","status":"publish","type":"page","link":"https:\/\/www.slim2009.cz\/wordpress\/vandry-2\/po-hradech-a-hradistich-2022\/","title":{"rendered":"Po hradech a hradi\u0161t\u00edch 2022"},"content":{"rendered":"<p><a href=\"http:\/\/www.slim2009.cz\/wordpress\/wp-content\/uploads\/2022\/07\/IMG_0910-scaled-2.jpg\" target=\"_blank\" rel=\"noopener\"><img loading=\"lazy\" decoding=\"async\" class=\"alignleft wp-image-5199 size-medium\" src=\"http:\/\/188.120.214.195\/wordpress\/wp-content\/uploads\/2022\/07\/IMG_0910-300x200.jpg\" alt=\"\" width=\"300\" height=\"200\" \/><\/a>\u017d\u00e1dnej nev\u00ed, co sou Doma\u017elice, \u017e\u00e1dnej nev\u00ed co je to Taus. Aby sme to zjistili, vyr\u00e1\u017e\u00edme ve st\u0159edu 18t\u00fdho kv\u011btna na jihoz\u00e1pad. Sraz m\u00e1me v\u00a0Praze na Wilso\u0148\u00e1ku, kam se dost\u00e1v\u00e1m z\u00a0Trutnova autobusem a z\u00a0\u010cer\u0148\u00e1ku krtkem. Jura, Pe\u0165a a \u0160us\u0165a jedou z\u00a0Ti\u0161nova osob\u00e1kem do \u017d\u010f\u00e1ru a do Prahy rychl\u00edkem R990 Vyso\u010dina. Nev\u00edm jak kuc\u00ed moravsk\u00fd, ale j\u00e1 m\u011bl v\u00a0autobuse Hru\u0161ku \u201eKr\u00e1le kutil\u016f, r\u00e1dce a lidov\u00fdho koum\u00e1ka\u201c. Nastoupil v\u00a0M\u011bstci Kr\u00e1lov\u00e9, uk\u00e1zkov\u011b vychytal m\u00edsto vzadu a splynul s\u00a0davem. S\u00a0n\u00e1ma do Tausu evidentn\u011b nejede, proto\u017ee ho po vystoupen\u00ed z\u00a0autobusu nikde nevid\u00edm a ani na Wilso\u0148\u00e1ku nen\u00ed, kdy\u017e se potk\u00e1v\u00e1m s\u00a0klukama. N\u00e1dra\u017e\u00ed je jako obvykle pln\u00fd \u010dekaj\u00edc\u00edch na odjezd. Jakmile se na tabuli objevilo \u010d\u00edslo n\u00e1stupi\u0161t\u011b pro Z\u00e1padn\u00ed Expres, odlepila se dobr\u00e1 polovina \u010dekaj\u00edc\u00edch z\u00a0pozic a za\u010dala se p\u0159esouvat k\u00a0n\u00e1stupi\u0161ti \u010d\u00edslo jedna jih. Expres do N\u011bmec je plnej sotva zastavil. M\u00e1me \u0161t\u011bst\u00ed, sed\u00edme. Jak\u00e1si anglicky mluv\u00edc\u00ed pasa\u017e\u00e9rka se n\u00e1m sna\u017e\u00ed cosi nazna\u010dit, jen\u017ee to m\u00e1 marn\u00fd. \u017d\u00e1dnej z\u00a0n\u00e1s nem\u00e1 takov\u00fd v\u011bdomosti, aby j\u00ed mohl rozum\u011bt. A ona cht\u011bla jen hodit kufr do bag\u00e1\u017e boxu. Vlak mezi t\u00edm za\u010dal rozr\u00e1\u017eet luft sm\u011brem k\u00a0Tausu, kam p\u0159ij\u00ed\u017ed\u00edme v\u010das a bez dal\u0161\u00edch jazykov\u00fdch komplikac\u00ed. P\u0159ed n\u00e1dra\u017en\u00ed budovou je socialisticky vyhl\u00ed\u017eej\u00edc\u00ed autobus\u00e1k, na kter\u00fdm hled\u00e1me n\u00e1stupi\u0161t\u011b osum, odkud n\u00e1m to pojede do Hradi\u0161t\u011b u Doma\u017elic. Spole\u010dn\u011b s\u00a0n\u00e1ma hledal spr\u00e1vnej odjezdovej flek pes s\u00a0H\u016flkou. No j\u00f3\u00f3 opravdu Dan je to on. P\u00e1\u010d m\u00e1 b\u00e1gl a taky toho psa s\u00a0H\u016flkou, zdrav\u00edm ho vandr\u00e1ck\u00fdm Ahoj! Trochu kouk\u00e1 a nejist\u011b, ale p\u0159ece op\u00e1\u010d\u00ed stejn\u011b. Nach\u00e1z\u00edme spr\u00e1vn\u00fd n\u00e1stupi\u0161t\u011b a \u010dek\u00e1me na p\u0159\u00edjezd busu. Pes s\u00a0H\u016flkou s\u00a0n\u00e1ma taky nejede, asi m\u00e1 jinej program s\u00a0Hru\u0161kouJ. P\u0159ij\u00ed\u017ed\u00ed n\u00e1m autobus, nastupujeme a nech\u00e1me se odv\u00e9zt do Hradi\u0161t\u011b. Pe\u0165a n\u011bkolikr\u00e1t poprosil \u0159idi\u010dku, aby vydr\u017eela na zast\u00e1vce, ne\u017e si vyfot\u00ed pomn\u00edk 1. v\u00e1lky. Po dvaceti minut\u00e1ch j\u00edzdy a v \u00bd jedn\u00fd odpoledne vystupujeme na n\u00e1vsi v\u00a0Hradi\u0161ti u Doma\u017elic. Fot\u00edme si bejvalej koloni\u00e1l i pomn\u00edk padl\u00fdm v\u00a01.v\u00e1lce, stoj\u00edc\u00ed vedle. U jednoho z\u00a0dom\u016f se pohybuj\u00ed domorodci, kter\u00e9 pros\u00edme o napln\u011bn\u00ed \u010dutor vodou a vyzv\u00edd\u00e1me, zdali je za rohem u baz\u00e9nu otev\u0159en\u00e1 hospoda. Nev\u011bd\u00ed, ale stejn\u011b jdeme kolem, tak uvid\u00edme. Hospoda je ve skute\u010dnosti Obecn\u00ed ou\u0159ad a kulturn\u00ed m\u00edstnost v\u00a0jednom a m\u00e1 otev\u0159\u00edno a\u017e v\u00a0p\u011bt. Na\u0161t\u011bst\u00ed je pergola p\u0159\u00edstupn\u00e1 imrv\u00e9re, tak si d\u00e1v\u00e1me n\u011bco z\u00a0vlastn\u00edch z\u00e1sob. U\u017e bylo na\u010dase, jin\u00e1\u010d bych <a href=\"http:\/\/www.slim2009.cz\/wordpress\/wp-content\/uploads\/2022\/07\/IMG_0949_panorama-scaled-2.jpg\" target=\"_blank\" rel=\"noopener\"><img loading=\"lazy\" decoding=\"async\" class=\"alignleft wp-image-5200 size-medium\" src=\"http:\/\/188.120.214.195\/wordpress\/wp-content\/uploads\/2022\/07\/IMG_0949_panorama-300x248.jpg\" alt=\"\" width=\"300\" height=\"248\" \/><\/a>padnul hlady. Rozd\u00e1v\u00e1m d\u00e1rky kamar\u00e1d\u016fm. Je to \u0161tr\u016fdl srolovanej v\u00a0cuc\u00e1tku v\u00fdrobek firmy Expres menu. Po j\u00eddle nasazujeme b\u00e1gly a jdeme dob\u00fdt hrady, ale nejd\u0159\u00edv se po dvou kilometrech zastavujeme u kaple Sv. Petra. Teplo se zd\u00e1 bejt velk\u00fd a taky je, proto\u017ee se ros\u00edm o sto \u0161est. Pe\u0165a se nech\u00e1v\u00e1 vyfotit u kamene Sv. Petra a pak jdeme na z\u0159\u00edceninu Net\u0159eb. Je to dva kil\u00e1ky do kopce, naho\u0159e jsou ruiny pravd\u011bpodobn\u011b ze 14t\u00fdho stolet\u00ed i chr\u00e1n\u011bn\u00fd tisy \u010derven\u00fd. Po obhl\u00eddnut\u00ed hradu stoup\u00e1me h\u0159ebenovkou na Vl\u010d\u00ed j\u00e1my a do \u00dal\u00edkova. Samoz\u0159ejm\u011b d\u011bl\u00e1me bezpe\u010dnostn\u00ed p\u0159est\u00e1vky, kv\u016fliv\u00e1 p\u0159eh\u0159\u00e1t\u00ed. Na\u0161t\u011bst\u00ed ob\u010das foukne v\u00edtr do toho tepla. Z\u00a0\u00dal\u00edkova kles\u00e1me a\u017e ke koupali\u0161ti u Prudic. K\u00a0dne\u0161n\u00edmu c\u00edli sta\u010d\u00ed jen vystoupat a doj\u00edt ke Kreslov\u011b stud\u00e1nce. Jura z\u016fst\u00e1v\u00e1 pozadu, \u0160us\u0165a s\u00a0Pe\u0165ou jdou nap\u0159ed naj\u00edt ten pramen a j\u00e1 upocenej, \u010dek\u00e1m u odbo\u010dky na Juru. Homolk\u00e1\u010di se domlovaj \u0159van\u00edm na lesy, kde jako ten pramen je. Po chv\u00edli u\u017e to v\u00ed ka\u017edej zaj\u00edc i srnka a dokonce i j\u00e1 s\u00a0p\u0159\u00edchoz\u00edm Jurou. Obch\u00e1z\u00edme ml\u00e1z\u00ed a po p\u0159esko\u010den\u00ed ba\u017einky jsme po 13ti kilometrech u p\u0159\u00edst\u0159e\u0161ku s\u00a0ohni\u0161t\u011bm a pramenem lahodn\u00fd vody. Super skryt\u00fd m\u00edsto, jen tu nen\u00ed flek na span\u00ed. Kolem jsou hou\u0161tiny a vlhko. To na span\u00ed moc nen\u00ed. Vyd\u00e1v\u00e1me se naj\u00edt kus rovn\u00fdho m\u00edsta na span\u00ed a hned na druhej pokus, nebo\u0165 prvn\u00ed skon\u010dil odkryt\u00edm mraveni\u0161t\u011b, nach\u00e1z\u00edme, teda j\u00e1, jak\u0161 tak\u0161 p\u0159\u00edhodn\u00fd m\u00edsto. Te\u010f u\u017e rozd\u011blat ohe\u0148, osmahnout \u0161pek\u00e1\u010dky, uva\u0159it \u010daj a ne\u017e se \u00fapln\u011b smrkne, rozbalit si span\u00ed. \u0160us\u0165a se n\u00e1s stran\u00ed a stele si stranou od n\u00e1s. Uleh\u00e1me, jen\u017ee ve spac\u00e1ku je teplo, bez n\u011bj zase chladno. Trochu si je\u0161t\u011b pov\u00edd\u00e1me, ale zachv\u00edli se i tak za\u010d\u00edn\u00e1 ozejvat chrrr. \u00dapln\u011b nejhor\u0161\u00ed zvuk noci je ale Cccc. V\u00a0tom mlask\u00e1n\u00ed se ned\u00e1 sp\u00e1t. R\u00e1no po rozedn\u011bn\u00ed za\u010dli \u0159v\u00e1t pt\u00e1ci jako kr\u00e1vy a v\u00a0\u0161et hodin p\u0159esn\u011b, hu\u010den\u00ed, jako by p\u0159ist\u00e1val vrtuln\u00edk. Ejhle! K\u016frovec p\u0159ijel posb\u00edrat na\u0159ezan\u00fd kl\u00e1dy. Tak teda vst\u00e1v\u00e1me, bal\u00edme si fidl\u00e1tka a jdeme k\u00a0prameni va\u0159it \u010daj na sn\u00eddani. U\u017e v\u00a0osum jsme na cest\u011b. P\u0159ich\u00e1z\u00edme k\u00a0hlavn\u00ed lesn\u00ed cest\u011b, kde se bou\u0159liv\u011b rad\u00edme, jak p\u016fjdeme. Nakonec schov\u00e1v\u00e1me b\u00e1gly do hou\u0161t\u00ed a jdeme k\u00a0hradi\u0161ti P\u0159\u00edkopy. Slunce sv\u00edt\u00ed jako o z\u00e1vod. Na\u0161t\u011bst\u00ed jdeme po severn\u00ed stran\u011b Krava\u0159e a tak je\u0161t\u011b nep\u00e1l\u00ed tolik. Hradi\u0161t\u011b P\u0159\u00edkopy prastar\u00e9 s\u00eddlo Drslavic\u016f zvan\u00fd taky Star\u00fd R\u00fdzmberk, zalo\u017een \u00fadajn\u011b r. 1040 po bitv\u011b \u010cech\u016f s Jind\u0159ichem III, u\u017e\u00edv\u00e1no do 13. stol. a opu\u0161t\u011bno po zalo\u017een\u00ed bl\u00edzk\u00e9ho R\u00fdzmberka. Zachov\u00e1ny jsou dva hlubok\u00e9 p\u0159\u00edkopy \u010d\u00e1ste\u010dn\u011b dopln\u011bn\u00e9 t\u0159et\u00edm. Fot\u00edme si valy a kv\u011btenu rostouc\u00ed v\u00a0are\u00e1lu. Potom odch\u00e1z\u00edme klesaj\u00edce do Podz\u00e1m\u010d\u00ed. Jen se vyloupneme z\u00a0lesa v Podz\u00e1m\u010d\u00ed, fl\u00e1kne n\u00e1s teplo po papuli. Hrad R\u00fdzmberk stoj\u00ed nevysoko nad vesnic\u00ed. Pam\u00e1tkov\u011b chr\u00e1n\u011bn\u00fd are\u00e1l s poz\u016fstatky ran\u011b gotick\u00e9ho <a href=\"http:\/\/www.slim2009.cz\/wordpress\/wp-content\/uploads\/2022\/07\/IMG_1050_panorama-scaled-2.jpg\" target=\"_blank\" rel=\"noopener\"><img loading=\"lazy\" decoding=\"async\" class=\"alignleft wp-image-5201 size-medium\" src=\"http:\/\/188.120.214.195\/wordpress\/wp-content\/uploads\/2022\/07\/IMG_1050_panorama-300x139.jpg\" alt=\"\" width=\"300\" height=\"139\" \/><\/a>pansk\u00e9ho s\u00eddla, kter\u00e9 bylo zbudov\u00e1no v druh\u00e9 polovin\u011b 13. stolet\u00ed. Hrad s dvojd\u00edlnou dispozic\u00ed pro\u0161el p\u0159edev\u0161\u00edm v 15. stolet\u00ed v\u00fdraznou \u00fapravou a roz\u0161\u00ed\u0159en\u00edm o \u010dtverhrann\u00e9 ba\u0161ty a d\u011blost\u0159eleck\u00e9 opevn\u011bn\u00ed. Z\u00e1nik hradu R\u00fdzmberk v roce 1655 je spjat s na\u0159\u00edzen\u00edm Ferdinanda III, kter\u00e9 rozhodlo o bo\u0159en\u00ed n\u011bkter\u00fdch hrad\u016f. Dodnes se dochovaly relikty hradn\u00edho opevn\u011bn\u00ed, torza budov v p\u0159edhrad\u00ed a dominantn\u00ed v\u011b\u017e. Rozhledna je zav\u0159en\u00e1 tak se rozhl\u00ed\u017e\u00edme z\u00a0hradeb. Rozhl\u00eddnut\u00fd jdeme ji\u017en\u00ed cestou kolem \u0160karmanu. Teplo je teda jako v\u00a0l\u00e9t\u011b. Po necel\u00fdm kilometru zji\u0161\u0165uju, \u017ee m\u00edsto abysme se k\u00a0b\u00e1gl\u016fm p\u0159ibli\u017eovali, jdeme kamsi jinam. N\u00e1prava je jednoduch\u00e1! Vzh\u016fru na \u0160karman, cestou necestou, skrz hou\u0161tinu naj\u00edt spr\u00e1vnou cestu J. Poda\u0159ilo se a za chv\u00edli jsme u k\u0159\u00ed\u017eku pod Krava\u0159em. K\u00a0b\u00e1gl\u016fm je to u\u017e jen kousek. Jsou p\u0159esn\u011b tam, kam jsme je r\u00e1no pohodili. Za sebou m\u00e1me prvn\u00edch sedum kil\u00e1k\u016f, je skoro poledne, tak se vrac\u00edme ke Kreslovu prameni, kde si va\u0159\u00edme ob\u011bd. Najeden\u00fd odch\u00e1z\u00edme na z\u0159\u00edceninu Nov\u00fd Her\u0161tejn. Pod hradem je parta d\u016fchodc\u016f a jen n\u011bkolik z\u00a0nich se vyd\u00e1v\u00e1 k\u00a0vrcholu. Z\u0159\u00edcenina hradu Nov\u00fd Her\u0161tejn je tvo\u0159ena pom\u011brn\u011b rozlehl\u00fdmi poz\u016fstatky poch\u00e1zej\u00edc\u00edmi pravd\u011bpodobn\u011b z 1. poloviny 14. stolet\u00ed. Zalo\u017een\u00ed hradu je nej\u010dast\u011bji p\u0159ipisov\u00e1no Bu\u0161kovi II. z Velhartic. V ter\u00e9nu se dochovalo zdivo spodn\u00ed \u010d\u00e1sti donjonu, n\u011bkter\u00e9 \u010d\u00e1sti hradeb, vn\u011bj\u0161\u00ed valy a p\u0159\u00edkopy. Obch\u00e1z\u00edme hrad kolem dokola po vn\u011bj\u0161\u00edm valu. Pod hradem si nasazujeme b\u00e1gly a m\u00ed\u0159\u00edme sm\u011brem k\u00a0Such\u00fd Ho\u0159e, kolem Dubovky do Star\u00fd Vsi na Velk\u00fd Kou\u0159\u00edm kde st\u00e1val Ruchomperk. Hrad, p\u016fvodn\u011b zvanej Rauchenberg, byl vybudovanej na vrcholu hory Velk\u00fd Kou\u0159\u00edm (641 m n. m.) patrn\u011b \u010cern\u00edny po\u010d\u00e1tkem 13. stol. Jeho kr\u00e1tk\u00e1 existence skon\u010dila je\u0161t\u011b ve 13. nebo nejpozd\u011bji ve 14. <a href=\"http:\/\/www.slim2009.cz\/wordpress\/wp-content\/uploads\/2022\/07\/IMG_1217-scaled-2.jpg\" target=\"_blank\" rel=\"noopener\"><img loading=\"lazy\" decoding=\"async\" class=\"alignleft wp-image-5202 size-medium\" src=\"http:\/\/188.120.214.195\/wordpress\/wp-content\/uploads\/2022\/07\/IMG_1217-300x200.jpg\" alt=\"\" width=\"300\" height=\"200\" \/><\/a>stol. Zachov\u00e1ny jsou jen ter\u00e9nn\u00ed stopy, valy a p\u0159\u00edkopy kolem pahorku. Odpo\u010d\u00edv\u00e1me ka\u017edou chv\u00edli, ten hic bere s\u00edly, triko m\u00e1m propocen\u00fd skrz naskrz. \u0160us\u0165a u\u017e do v\u010derej\u0161ka furt n\u011bco bl\u00e1bol\u00ed o Chudenic\u00edch a nem\u00e1 st\u00e1n\u00ed, cos ho poh\u00e1n\u00ed. Je to touha svla\u017eit vol\u00e1tko p\u00edvem, tak\u017ee n\u00e1s za Rauchenberkem do\u010dasn\u011b opou\u0161t\u00ed. My jsme po dal\u0161\u00edch t\u0159ech kilometrech v\u00a0Pu\u0161perku a v\u00a0noh\u00e1ch m\u00e1me u\u017e 21kil\u00e1k\u016f. Pe\u0165a hl\u00edd\u00e1 u kapli\u010dky b\u00e1gly, j\u00e1 s\u00a0Jurou stoup\u00e1me ke z\u0159\u00edcenin\u011b Pu\u0161perk. Pam\u00e1tkov\u011b chr\u00e1n\u011bn\u00fd are\u00e1l s poz\u016fstatky gotick\u00e9ho s\u00eddla zbudovan\u00e9ho v druh\u00e9 polovin\u011b 13. stolet\u00ed. Jednalo se o hrad s mohutn\u00fdm opevn\u011bn\u00edm a p\u0159\u00edkopem, kter\u00fd byl u\u017e od poloviny 15. stolet\u00ed opu\u0161t\u011bn. Cestou dol\u016f se ozejv\u00e1 prav\u00fd koleno. N\u00e9 \u017ee by p\u0159edt\u00edm nikdy nebolelo, ale te\u010f je to ostr\u00e1 \u0159ezav\u00e1 bolest. A\u017e do konce vandru se to nezlep\u0161\u00ed. Nand\u00e1v\u00e1me b\u00e1gly a z\u00a0kope\u010dka m\u00ed\u0159\u00edme do Polen\u011b, kde jak douf\u00e1me, bude ob\u010derstven\u00ed. Mejlka. Hospoda je na prodej, v\u0161ude mrtvo a Posezen\u00ed v\u00a0Z\u00e1\u0159e\u010d\u00ed je zav\u0159en\u00fd zrovna ve \u010dtvrtek. Odpo\u010dinek ve vyh\u0159\u00e1t\u00fd zast\u00e1vce neosv\u011b\u017e\u00ed a pr\u016fjezd traktoru s\u00a0hnojem to dorazil, tak rad\u0161i jdeme a jak jinak ne\u017e do kopce. Dva nekone\u010dn\u00fd kil\u00e1ky ne\u017e si propocen\u00fd sed\u00e1me vedle kapli\u010dky nad V\u011bckovicema. Jura jde pomalu, tak p\u0159ich\u00e1z\u00ed pozd\u011bji. Mezit\u00edm jdu hledat stud\u00e1nku a flek na p\u0159esp\u00e1n\u00ed. Plac na span\u00ed v\u00a0okol\u00ed nenach\u00e1z\u00edm a stud\u00e1nka je na boku kapli\u010dky, jen voda je hluboko nedosa\u017eiteln\u00e1. Pe\u0165a s\u00a0Jurou dou \u017eebrotou k\u00a0prvn\u00edmu domu, kde dost\u00e1vaj\u00ed vodu. P\u0159edpokl\u00e1d\u00e1me, \u017ee na dva kilometry vzd\u00e1len\u00fdm hradi\u0161ti, bude p\u0159\u00edhodn\u011bj\u0161\u00ed prost\u0159ed\u00ed k\u00a0p\u0159esp\u00e1n\u00ed. Jdeme teda a\u017e na hradi\u0161t\u011b \u0158akom. Moc se mi nechce, haksna bol\u00ed jako \u010dert, ale dva kil\u00e1ky je\u0161t\u011b d\u00e1m. Do soumraku, u\u017e nen\u00ed daleko, v\u00a0noh\u00e1ch m\u00e1me 28kil\u00e1k\u016f, jsme vy\u010derpan\u00fd, strhan\u00fd z tepla, ale za \u00bd hodiny jsme na \u0158akomu. Hradi\u0161t\u011b bylo os\u00eddleno v eneolitu p\u0159\u00edslu\u0161n\u00edky chamsk\u00e9 kultury. Jejich p\u0159\u00edtomnost dokl\u00e1daj\u00ed n\u00e1lezy man\u017eel\u016f Ba\u0161tov\u00fdch z roku 1986, kte\u0159\u00ed ve dvou sond\u00e1ch odkryli 50 centimetr\u016f mocnou kulturn\u00ed vrstvu s keramick\u00fdmi st\u0159epy a dv\u011bma p\u0159esleny chamsk\u00e9 kultury. Dal\u0161\u00ed prav\u011bk\u00e9 st\u0159epy byly nalezeny ve splachov\u00fdch vrstv\u00e1ch na svaz\u00edch. Zp\u016fsob opevn\u011bn\u00ed a vysok\u00e1 nadmo\u0159sk\u00e1 v\u00fd\u0161ka (680 metr\u016f) je pro chamskou kulturu neobvykl\u00e1, ale os\u00eddlen\u00ed z jin\u00fdch obdob\u00ed nebylo dolo\u017eeno. Stav\u00edme <a href=\"http:\/\/www.slim2009.cz\/wordpress\/wp-content\/uploads\/2022\/07\/IMG_1304-scaled-2.jpg\"><img loading=\"lazy\" decoding=\"async\" class=\"alignleft size-medium wp-image-5203\" src=\"http:\/\/188.120.214.195\/wordpress\/wp-content\/uploads\/2022\/07\/IMG_1304-300x200.jpg\" alt=\"\" width=\"300\" height=\"200\" \/><\/a>ledabyle p\u0159\u00edst\u0159e\u0161ek a to se n\u00e1m v\u00a0p\u0159\u00ed\u0161t\u00edch hodin\u00e1ch stane osudn\u00fd. Ozejv\u00e1 se \u0160us\u0165a jdouc\u00ed z\u00a0Chudenic, \u017ee je n\u011bkde pod hradi\u0161t\u011bm. Po nasm\u011brov\u00e1n\u00ed n\u00e1s nach\u00e1z\u00ed. Na lih\u00e1\u010di si va\u0159\u00edme \u010daj, ve\u010de\u0159\u00edme. S\u00a0Jurou vybalujeme le\u017een\u00ed pod p\u0159\u00edst\u0159e\u0161kem, Pe\u0165a a \u0160us\u0165a si jdou lehnou opod\u00e1l. Je takovej hic, \u017ee svle\u010den\u00fd le\u017e\u00edme na spac\u00e1ku. Nehne se ani l\u00edste\u010dek z\u00a0pod p\u0159\u00edst\u0159e\u0161ku pozorujeme osv\u011btlen\u00fd Klatovy, vzd\u00e1len\u00fd zhruba 7kilometr\u016f. Zpr\u00e1vy na internetov\u00fdch s\u00edt\u00edch \u0159\u00edkaj, \u017ee se z\u00a0n\u011bmec \u017eene cosi velk\u00fdho. Na obzoru se blejsk\u00e1, pomalu se to bl\u00ed\u017e\u00ed. Okolo p\u016flnoci u\u017e se blejsk\u00e1 v\u0161ude okolo n\u00e1s. Zved\u00e1 se teplej v\u00edtr a Klatovy jsou nepochybn\u011b v\u00a0de\u0161ti. I na n\u00e1s u\u017e za\u010d\u00edn\u00e1 pr\u0161et, v\u00edtr cloum\u00e1 plachtou. \u0160us\u0165a s\u00a0Pe\u0165ou se schov\u00e1vaj k\u00a0n\u00e1m pod p\u0159\u00edst\u0159e\u0161ek, ale proto\u017ee jsme ho postavili ledabyle, za\u010d\u00edn\u00e1 na n\u00e1s kapat voda a co v\u00edc, nad hlavou m\u00e1me vanu plnou vody. P\u0159i pokusu ji vylejt si ji \u010d\u00e1st lejeme na sebe. \u0160us\u0165a je zm\u00e1\u010denej celej. Zhruba za hodinu je pov\u0161em. Teplo z\u016fst\u00e1v\u00e1, sp\u00edm jen lehce p\u0159ikrytej spac\u00e1kem. Nesp\u00edm valn\u011b a p\u0159edpokl\u00e1d\u00e1m, \u017ee ostatn\u00ed taky tak. V\u00a0\u0161est r\u00e1no se bl\u00ed\u017e\u00ed rachot motoru. Zase k\u016frovec. Jede traktor je to Zetor. Zastavuje p\u00e1r des\u00edtek metr\u016f od n\u00e1s a vystoupiv\u0161\u00ed k\u016frovec se pou\u0161t\u00ed do d\u00edla. \u0158ev pily n\u00e1s vyh\u00e1n\u00ed z\u00a0hajan. Sn\u00edd\u00e1me, bal\u00edme. Je\u0161t\u011b se fot\u00edme na tr\u016fnu jako Ch\u00e1movodi a pak odch\u00e1z\u00edme do \u0158akomi, le\u017e\u00edc\u00ed nedaleko pod hradi\u0161t\u011bm. Tady si fot\u00edme podkov\u00e1rnu k\u0159\u00ed\u017eenou se zvoni\u010dkou. Po silnici se dost\u00e1v\u00e1me do Dolan 2,5km vzd\u00e1len\u00fdch. Kone\u010dn\u011b civilizace s\u00a0Restaurac\u00ed a obchodem. Restaurace je je\u0161t\u011b zav\u0159en\u00e1, ale u obchodu je \u010dil\u00fd ruch. Z\u00e1kazn\u00edk st\u0159\u00edd\u00e1 z\u00e1kazn\u00edka. Osv\u011b\u017eujeme se pivem, j\u00e1 nealkoholick\u00fdm, kol\u00e1\u010di a Ruskou zmrzlinou. Takhle osv\u011b\u017een\u00fd jdeme omrknou tvrz z konce 14. stolet\u00ed, jej\u00ed\u017e dne\u0161n\u00ed podoba je v\u00fdsledkem barokn\u00ed p\u0159estavby. Tvrz byla obehn\u00e1na kamennou hradbou a vodn\u00edm p\u0159\u00edkopem. Dnes je stavba v havarijn\u00edm stavu, \u010d\u00e1ste\u010dn\u011b vyu\u017e\u00edv\u00e1na k obytn\u00fdm \u00fa\u010del\u016fm. Z\u00a0Dolan jdeme na Komo\u0161\u00edn. Zbytky m\u00e1lo zn\u00e1m\u00e9ho hradu se nach\u00e1zej\u00ed na skalnat\u00e9m ostrohu nad \u0159ekou \u00dahlavou. Dochovaly se z n\u011bj ter\u00e9nn\u00ed relikty a zbytky zd\u00ed \u010d\u00e1ste\u010dn\u011b pohlcen\u00fdch mlad\u0161\u00ed z\u00e1stavbou. Odpo\u010d\u00edv\u00e1me a trochu i hn\u00edpeme, ne\u017e se zase vyd\u00e1me d\u00e1l. Jdeme kolem kon\u00edka v\u00a0ohrad\u011b a u Malechovsk\u00fd h\u016frky se znova zastavujeme. \u0160us\u0165a jde prozkoumat hradi\u0161t\u011b, my ostatn\u00ed si va\u0159\u00edme ob\u011bd, po kter\u00fdm si d\u00e1v\u00e1me dvacet a\u017e t\u0159icet. Pe\u0165u to p\u0159estalo bavit a tak jde ke \u0160vihovu nap\u0159ed, <a href=\"http:\/\/www.slim2009.cz\/wordpress\/wp-content\/uploads\/2022\/07\/IMG_1399-scaled-2.jpg\" target=\"_blank\" rel=\"noopener\"><img loading=\"lazy\" decoding=\"async\" class=\"alignleft wp-image-5204 size-medium\" src=\"http:\/\/188.120.214.195\/wordpress\/wp-content\/uploads\/2022\/07\/IMG_1399-300x200.jpg\" alt=\"\" width=\"300\" height=\"200\" \/><\/a>proto\u017ee v\u00a0Malechov\u011b si chce vyfotit pomn\u00edk padl\u00fdm v\u00a01.v\u00e1lce. O n\u011bco pozd\u011bji se zdvih\u00e1me i my a jdeme k\u00a0V\u00fdrovu. Ne\u017e k\u00a0n\u011bmu dojdeme, tak v\u00a0d\u00e1li za polem vid\u00edme Pe\u0165u jdouc\u00edho po silnici. Krajina je te\u010fka otev\u0159en\u00e1, \u017e\u00e1dnej st\u00edn, tak\u017ee hic se zd\u00e1 bejt je\u0161t\u011b v\u00edc nesnesitelnej. Na\u0161t\u011bst\u00ed odbo\u010dujeme z asfaltky pod \u0160v\u00e1b\u00ed na lesn\u00ed cestu, kde je snesiteln\u011bji. Pod z\u0159\u00edceninou Kok\u0161\u00edn na n\u00e1s \u010dek\u00e1 Pe\u0165a. Kok\u0161\u00ednsk\u00e1 tvrz byla sou\u010d\u00e1st\u00ed obrann\u00e9ho syst\u00e9mu hradu \u0160vihova a krom\u011b funkce p\u0159edsunut\u00e9 hl\u00e1sky st\u0159e\u017eila i stavidla, jimi\u017e bylo mo\u017en\u00e9 zatopit louky v okol\u00ed \u0160vihova a zt\u00ed\u017eit tak nep\u0159\u00e1tel\u016fm postup ke hradu. Kok\u0161\u00ednsk\u00e1 tvrz je ale star\u0161\u00ed ne\u017e hrad \u0160vihov, tak\u017ee p\u016fvodn\u011b musela m\u00edt vyu\u017eit\u00ed jin\u00fd ne\u017e vojensk\u00fd a k hradu byla p\u0159idru\u017eena a\u017e na konci 15. stolet\u00ed. Po prohl\u00eddce se vyd\u00e1v\u00e1me ke \u0160vihovu. Na louce p\u0159ed \u0160vihovem se Pe\u0165anovi porouchala bota. Trochu se mu utrhla podr\u00e1\u017eka, kterou p\u0159iv\u00e1zal tkani\u010dkou, aby neupadla \u00fapln\u011b. U\u017e u Kok\u0161\u00ednsk\u00fd tvrze jsme prob\u00edrali mo\u017enost ubytovat se v\u00a0\u0148\u00e1k\u00fdm penzi\u00f3nu a p\u0159edej\u00edt tak zmoknut\u00ed, p\u00e1\u010d z\u00a0n\u011bmec se prej zase n\u011bco \u0159\u00edt\u00ed. U n\u00e1dra\u017e\u00ed by se m\u011blo n\u011bco nach\u00e1zet. Majitel ale necht\u011bl na\u0161e pen\u00edze, tak z\u00a0toho se\u0161lo. Jdeme teda k\u00a0vodovodn\u00edmu hradu \u0160vihov. Je\u0161t\u011b kus cesty p\u0159ed hradem jdeme okolo d\u0159ev\u011bn\u00fdho p\u0159\u00edst\u0159e\u0161ku ve kter\u00fdm by \u0161lo p\u0159espat. Tak\u017ee m\u00e1me kam j\u00edt p\u0159espat. Kdy\u017e p\u0159ich\u00e1z\u00edme k\u00a0hradu, vid\u00edme, \u017ee je zal\u00edgrovanej a nep\u0159\u00edstupnej, tak\u017ee z\u00a0prohl\u00eddky se\u0161lo. Jdeme naj\u00edt restauraci, ve kter\u00fd se nech\u00e1me osv\u011b\u017eit. Nach\u00e1z\u00edme ji na n\u00e1m\u011bst\u00ed a jmenuje se p\u0159\u00edzna\u010dn\u011b \u201eU hradu\u201c. Objedn\u00e1v\u00e1me si pivo, odpo\u010d\u00edv\u00e1me po zdol\u00e1n\u00ed 16ti kilometr\u016f. Venku se pomalinku chyst\u00e1 n\u011bco velk\u00fdho. Zatahuje se, sem tam se blejskne, trochu fouk\u00e1, lehce chv\u00edli pr\u0161\u00ed a pak je po pt\u00e1k\u00e1ch. Na\u0161t\u011bst\u00ed. Hospoda se postupn\u011b pln\u00ed, za\u010d\u00edn\u00e1 hu\u010det. \u00da\u010dtenka se pln\u00ed \u010d\u00e1rkama. Okolo des\u00e1t\u00fd u\u017e m\u011b nebav\u00ed sezen\u00ed u kofol, tak si beru b\u00e1gl a jdu do vyhl\u00eddnut\u00fdho p\u0159\u00edst\u0159e\u0161ku. U\u017e m\u00e1lem skoro sp\u00edm, kdy\u017e sly\u0161\u00edm jak se bl\u00ed\u017e\u00ed spolu nocle\u017en\u00edci. Jura s\u00a0Pe\u0165anem si cht\u011bj\u00ed taky ustlat, ale ztratil se jim \u0160us\u0165a, tak se mu sna\u017e\u00ed dovolat, co\u017e nen\u00ed jen tak. Kdy\u017e se to povede, je rozmluva s\u00a0n\u00edm problematick\u00e1. V\u016fbec netu\u0161\u00ed kde je. M\u00edsto noclehu minul a je kdov\u00ed kde. Po \u0148\u00e1k\u00fd dob\u011b se p\u0159eci jen vyloupnul ze tmy a vybalil si span\u00ed. Kone\u010dn\u011b m\u016f\u017eeme sp\u00e1t. Ne\u017e znovu usnu bud\u00ed m\u011b poryvy siln\u00fdho v\u011btru. Zbytek noci byl klidnej. R\u00e1no se bud\u00edme o p\u016fl sedm\u00fd, bal\u00edme a jdeme na vlakov\u00fd n\u00e1dra\u017e\u00ed, kam to je zhruba p\u016fl kil\u00e1ku. V\u00a07:40 n\u00e1m p\u0159ij\u00ed\u017ed\u00ed vlak do Prahy. Kdy\u017e to p\u016fjde dob\u0159e, budeme doma do druh\u00fd. Ne\u0161lo. Na trati jsou opravy, tak\u017ee n\u00e1m na Wilso\u0148\u00e1ku uj\u00ed\u017ed\u011bj p\u0159\u00edpoje. M\u00e1me dv\u011b ho\u010fky a tak se jdeme pod\u00edvat ke koni, jestli nen\u00ed t\u0159eba revoluce. \u017d\u00e1dn\u00e1 zrovna nen\u00ed, tak se zase vrac\u00edme na n\u00e1dra\u017e\u00ed. Lou\u010d\u00edme se a nastupujeme do na\u0161ich vlak\u016f. Doma se vyspr\u0161it, odpo\u010dinout si p\u0159ed v\u0161edn\u00edma starostma.<\/p>\n<p>Odkaz na fotky <a href=\"http:\/\/www.slim2009.cz\/photo\/#\/shared_space\/folder\/610?_k=2gdhvp\" target=\"_blank\" rel=\"noopener\">tady.<\/a> \u00a0\u00a0\u00a0 \u00a0\u00a0\u00a0\u00a0\u00a0\u00a0\u00a0\u00a0\u00a0\u00a0\u00a0\u00a0\u00a0\u00a0\u00a0\u00a0Odkaz na <a href=\"http:\/\/www.slim2009.cz\/Prilohy\/Videa\/Hrady_2022.mp4\" target=\"_blank\" rel=\"noopener\">video tady.<\/a><\/p>\n<p>Itiner\u00e1\u0159 <a href=\"http:\/\/www.slim2009.cz\/Prilohy\/Itinerare\/vandry Po hradech 2022.pdf\" target=\"_blank\" rel=\"noopener\">zde.<\/a><\/p>\n<p>pozn. Aby se galerie zobrazila korektn\u011b je nutn\u00fd se p\u0159ihl\u00e1sit\u00a0\ud83d\ude42\u00a0.<br \/>\nU\u017eivatelsk\u00e9 jm\u00e9no : user<br \/>\nHeslo: (\u017e\u00e1dn\u00fd nen\u00ed)<\/p>\n","protected":false},"excerpt":{"rendered":"<p>\u017d\u00e1dnej nev\u00ed, co sou Doma\u017elice, \u017e\u00e1dnej nev\u00ed co je to Taus. Aby sme to zjistili, vyr\u00e1\u017e\u00edme ve st\u0159edu 18t\u00fdho kv\u011btna na jihoz\u00e1pad. Sraz m\u00e1me v\u00a0Praze na Wilso\u0148\u00e1ku, kam se dost\u00e1v\u00e1m z\u00a0Trutnova autobusem a z\u00a0\u010cer\u0148\u00e1ku krtkem. Jura, Pe\u0165a a \u0160us\u0165a jedou &hellip; <a href=\"https:\/\/www.slim2009.cz\/wordpress\/vandry-2\/po-hradech-a-hradistich-2022\/\">Cel\u00fd p\u0159\u00edsp\u011bvek <span class=\"meta-nav\">&rarr;<\/span><\/a><\/p>\n","protected":false},"author":1,"featured_media":0,"parent":776,"menu_order":28,"comment_status":"closed","ping_status":"closed","template":"","meta":{"footnotes":""},"class_list":["post-5197","page","type-page","status-publish","hentry"],"_links":{"self":[{"href":"https:\/\/www.slim2009.cz\/wordpress\/wp-json\/wp\/v2\/pages\/5197","targetHints":{"allow":["GET"]}}],"collection":[{"href":"https:\/\/www.slim2009.cz\/wordpress\/wp-json\/wp\/v2\/pages"}],"about":[{"href":"https:\/\/www.slim2009.cz\/wordpress\/wp-json\/wp\/v2\/types\/page"}],"author":[{"embeddable":true,"href":"https:\/\/www.slim2009.cz\/wordpress\/wp-json\/wp\/v2\/users\/1"}],"replies":[{"embeddable":true,"href":"https:\/\/www.slim2009.cz\/wordpress\/wp-json\/wp\/v2\/comments?post=5197"}],"version-history":[{"count":0,"href":"https:\/\/www.slim2009.cz\/wordpress\/wp-json\/wp\/v2\/pages\/5197\/revisions"}],"up":[{"embeddable":true,"href":"https:\/\/www.slim2009.cz\/wordpress\/wp-json\/wp\/v2\/pages\/776"}],"wp:attachment":[{"href":"https:\/\/www.slim2009.cz\/wordpress\/wp-json\/wp\/v2\/media?parent=5197"}],"curies":[{"name":"wp","href":"https:\/\/api.w.org\/{rel}","templated":true}]}}