{"id":512,"date":"2009-10-01T20:26:09","date_gmt":"2009-10-01T19:26:09","guid":{"rendered":"http:\/\/www.skip.cz\/milan\/?page_id=512"},"modified":"2009-10-01T20:26:09","modified_gmt":"2009-10-01T19:26:09","slug":"pochodove-cviceni-schneekoppe2009","status":"publish","type":"page","link":"https:\/\/www.slim2009.cz\/wordpress\/archivalie\/archiv-vylety\/pochodove-cviceni-schneekoppe2009\/","title":{"rendered":"Pochodov\u00e9 cvi\u010den\u00ed Schneekoppe2009"},"content":{"rendered":"<p>Na 28.9.2009 bylo svol\u00e1no pochodov\u00e9 cvi\u010den\u00ed vojensk\u00fdch z\u00e1loh a rodinn\u00fdch p\u0159\u00edslu\u0161n\u00edk\u016f, pod k\u00f3dov\u00fdm n\u00e1zvem\u00a0<a href=\"http:\/\/www.slim2009.cz\/wordpress\/wp-content\/uploads\/2009\/03\/Snezka2009_pozvanka.jpg\" target=\"_blank\" rel=\"noopener\">Schnnekoppe2009<\/a>. V\u00fdznam a dopad tohoto cvi\u010den\u00ed pochopilo jen n\u011bkolik uv\u011bdom\u011bl\u00fdch <a href=\"http:\/\/www.slim2009.cz\/wordpress\/wp-content\/uploads\/2009\/10\/IMG_4951.JPG\" target=\"_blank\" rel=\"noopener\"><img loading=\"lazy\" decoding=\"async\" class=\" wp-image-519 alignleft\" title=\"IMG_4951\" src=\"http:\/\/www.slim2009.cz\/wordpress\/wp-content\/uploads\/2009\/10\/IMG_4951.JPG\" alt=\"IMG_4951\" width=\"491\" height=\"203\" \/><\/a>spolubojovn\u00edk\u016f, av\u0161ak sv\u00fdm nasazen\u00edm a ob\u011btavost\u00ed splnili, ba i p\u0159ekro\u010dili c\u00edle na n\u011b kladen\u00e9. Ostatn\u00edm nelze ne\u017e vzk\u00e1zat:&#8220; \u0160kod\u00edte nejen sob\u011b, ale i v\u0161em, kte\u0159\u00ed poctiv\u011b pln\u00ed p\u0159\u00edkaz doby. A proto kup\u0159edu, zp\u00e1tky ni krok.&#8220; S t\u00edm to heslem se tedy vydala nepo\u010detn\u00e1 skupinka poctiv\u00fdch z\u00e1loh na vrchol z nejvy\u0161\u0161\u00edch.\u00a0Rozkaz zn\u011bl jasn\u011b.\u00a0Dostat se do v\u00fdchoz\u00edho postaven\u00ed. T\u00edm m\u00edstem, byl Sp\u00e1len\u00fd ml\u00fdn. Nebylo jednoduch\u00e9 splnit tento \u00fakol, nebo\u0165 n\u00e1m byly ihned od po\u010d\u00e1tku, h\u00e1zeny klacky pod nohy, podlou reakc\u00ed a nekal\u00fdmi \u017eivly. Nap\u0159. \u0158idi\u010d p\u0159epravn\u00ed spole\u010dnosti OSM\u00c1HO, podr\u00e1\u017ed\u011bn \u0161t\u011bkaj\u00edc\u00edmi z\u00e1kazn\u00edky, vyhl\u00e1sil stop ps\u016fm. To dop\u00e1lilo z\u00e1stupce velitele pro p\u0159emis\u0165ov\u00e1n\u00ed a do\u0161l\u00e1pla si na\u0148, na\u010de\u017e povolil n\u00e1stup na\u0161emu speci\u00e1ln\u00edmu komandu t\u0159\u00ed ps\u016f a jedn\u00e9 ko\u010dky. Za necelou hodinku\u00a0do\u0161lo k v\u00fdsadku. Zat\u00edm co v\u00fdsadk\u00e1\u0159i, kdy\u017e \u00a0jdou na to, tak jdou dol\u016f, tak my jsme \u0161li naopak, ale ne tak rychle. V\u0161echy ostatn\u00ed odd\u00edly vyrazily tradi\u010dn\u00ed cestou z pomezek. Na\u0161e skupina se<a href=\"http:\/\/www.slim2009.cz\/wordpress\/wp-content\/uploads\/2009\/10\/IMG_1756.JPG\" target=\"_blank\" rel=\"noopener\"><img loading=\"lazy\" decoding=\"async\" class=\"alignright wp-image-528\" title=\"IMG_1756\" src=\"http:\/\/www.slim2009.cz\/wordpress\/wp-content\/uploads\/2009\/10\/IMG_1756.JPG\" alt=\"IMG_1756\" width=\"166\" height=\"221\" \/><\/a>\u00a0 k vrcholu vydala\u00a0tzv.\u00a0Chodn\u00edkem Biskupa Doubravy. Ne\u017e jsme se ale dostali k za\u010d\u00e1tku chodn\u00edku, u\u0161la skipina dva kilometry pod\u00e9l Jelen\u00edho potoka a tam teprve chodn\u00edk za\u010d\u00ednal.\u00a0 Tento chodn\u00edk byl zalo\u017een hrab\u011bnkou\u00a0Aloisi\u00ed Czernin-Morzinovou v roce 1885 a slou\u017eil p\u016fvodn\u011b ke sv\u00e1\u017een\u00ed d\u0159eva, na san\u00edch roha\u010dk\u00e1ch z horn\u00ed \u010d\u00e1sti Lv\u00edho dolu, do Sp\u00e1len\u00e9ho Ml\u00fdna. A\u017e pozd\u011bji za\u010dal slou\u017eit i k n\u00e1v\u0161t\u011bv\u011b hor. P\u016fvodn\u00ed n\u00e1zev cesty byl P\u0159edn\u00ed Lv\u00ed cesta a Chodn\u00edk Biskupa Doubravy za\u010d\u00ednal a\u017e u loveck\u00e9 chaty Jana ale sou\u010dasn\u00ed lesn\u00edci tyhle dv\u011b cesty n\u00e1zvem spojili do jedn\u00e9. Chodn\u00edk t\u00e1hle stoup\u00e1 po \u00fabo\u010d\u00ed Lv\u00edho dolu\u00a0 z osmiset metr\u016f\u00a0a\u017e do v\u00fd\u0161ky tis\u00edcstopades\u00e1t. D\u00edky pr\u016fsek\u016fm, \u010di sp\u00ed\u0161e v\u00fdvrat\u016fm se otev\u00edraj\u00ed v\u00fdhledy sm\u011brem do horn\u00ed \u010d\u00e1sti Lv\u00edho dolu a na Sn\u011b\u017eku. Zhruba za hodinku voln\u00e9 ch\u016fze se skupina vydr\u00e1pala na prvn\u00ed postupn\u00fd vrchlov\u00fd bod Velk\u00fd Polom, kde chodn\u00edk protnul asfaltku a sedlem jsme se dostali pod\u00e9l II.z\u00f3ny nad loveckou chatu Jana. Tady se otev\u0159el\u00a0v\u00fdhled na Pomezn\u00ed boudy. Mezi odt\u011b\u017een\u00fdmi v\u00fdvraty se chodn\u00edk zm\u011bnil ve sv\u00e1\u017en\u00ed d\u00e1lnici a tak se dalo j\u00edt pohodln\u011b a\u017e k nepo\u0161kozen\u00e9mu lesu, kde na\u0161e skupina\u00a0t\u011bsn\u011b minula odbo\u010dku vedouc\u00ed zp\u011bt na biskup\u016fv chodn\u00edk a tak se stalo, \u017ee lehounlince po\u0161lapala chr\u00e1n\u011bnou krajinnou oblast Dobyt\u010d\u00ed potok. Stezka, kterou jsme myln\u011b pova\u017eovali za pokra\u010dov\u00e1n\u00ed chodn\u00edku se pozvolna ztr\u00e1cela v bujn\u00e9 vegetaci a ra\u0161elini\u0161ti, a\u017e se \u00fapln\u011b a do \u010dista zarostla. V\u011brni heslu zp\u00e1tky ni krok, bychom \u0161li d\u00e1l, jen\u017ee na\u0161e <a href=\"http:\/\/www.slim2009.cz\/wordpress\/wp-content\/uploads\/2009\/10\/IMG_4987.JPG\" target=\"_blank\" rel=\"noopener\"><img loading=\"lazy\" decoding=\"async\" class=\" wp-image-535 alignleft\" title=\"IMG_4987\" src=\"http:\/\/www.slim2009.cz\/wordpress\/wp-content\/uploads\/2009\/10\/IMG_4987.JPG\" alt=\"IMG_4987\" width=\"221\" height=\"147\" \/><\/a>tiskov\u00e1 hlu\u010d\u00edc\u00ed nem\u011bla pochopen\u00ed pro ter\u00e9nn\u00ed nerovnosti a tak n\u00e1s pr\u016fzkumn\u00edky oto\u010dila \u010delem vzad, pr\u00e1v\u011b t\u011bsn\u011b p\u0159ed p\u0159ekro\u010den\u00edm m\u00edsta &#8222;T\u0159i sout\u011bzky&#8220;. \u0160koda, mohli jsme k Jelence dorazit prvov\u00fdstupem od Dobyt\u010d\u00edho potoka, s flastrem od KRkNAPu ale se vzty\u010denou hlavou. Takhle jsme se vr\u00e1tili o sto metr\u016f zp\u00e1tky, poslechli GPeSku\u00a0i tiskovou hlu\u010d\u00edc\u00ed a nalezli Doubrav\u016fv chodn\u00edk, kde bylo p\u0159eci jenom trochu v\u00edc cesty. Pak u\u017e n\u00e1s nic neohro\u017eovalo a zbytek cesty k Jelence byl jenom rutinn\u00ed z\u00e1le\u017eitost\u00ed (lev\u00e1,prav\u00e1 seno,sl\u00e1ma). Na v\u00fdchozu z Doubravova chodn\u00edku se uk\u00e1zalo, \u017ee na\u0161e cesta byla dobrou volbou, proto\u017ee klasika od pomezek na sn\u011b\u017eku\u00a0byla V\u00e1clav\u00e1k hadr. Jelenka byla otev\u0159en\u00e1, venku vcelku teplo, tak jsme si u kysel\u00fd hospodsk\u00fd dali sladk\u00fdho Prim\u00e1tora, nato\u010den\u00fdho vcukuletu. Vyt\u00e1hli chleba z torny a poob\u011bdvali, nabrali poslen\u00edch sil a pak na zte\u010d. Ur\u00e1\u00e1\u00e1\u00e1\u00e1\u00e1\u00e1\u00e1 a u\u017e<a href=\"http:\/\/www.slim2009.cz\/wordpress\/wp-content\/uploads\/2009\/10\/IMG_5015b.jpg\" target=\"_blank\" rel=\"noopener\"><img loading=\"lazy\" decoding=\"async\" class=\" wp-image-540 alignright\" title=\"IMG_5015b\" src=\"http:\/\/www.slim2009.cz\/wordpress\/wp-content\/uploads\/2009\/10\/IMG_5015b.jpg\" alt=\"IMG_5015b\" width=\"138\" height=\"206\" \/><\/a> se nezadr\u017eiteln\u011b bl\u00ed\u017eilo vyvrcholen\u00ed. Lehce p\u0159eb\u011bhnout Svorovou horu a u\u017e jen docupkat do \u0161estn\u00e1ctisetdvou\u00a0nad rybn\u00edkem, kde na vrcholu st\u00e1la lanovka, po\u010dtovna, l\u00e9taj\u00edc\u00ed tal\u00ed\u0159e, d\u0159ev\u011bn\u00e1 kaple, \u0159ada hovad s b\u00e1glama a &#8230; viz.obr\u00e1zek v pravo. Ale je\u0161t\u011b ne\u017e se hlavn\u00ed s\u00edly dostaly a\u017e k vyvrcholen\u00ed, odd\u011blila se pod Svorovou horou p\u0159edsunut\u00e1 hl\u00eddka.\u00a0I bez vysokohorsk\u00e9ho, speci\u00e1ln\u011b vycvi\u010den\u00e9ho\u00a0zakrsl\u00e9ho vlkodava\u00a0 nejprve obkl\u00ed\u010dila a posl\u00e9ze obsadila hlavn\u00ed vrchol. Hlavn\u00ed s\u00edly se pak pohodln\u011b a beze ztr\u00e1t dostaly tak\u00e9 do t\u00fdlu nep\u0159\u00edtele. Tentokr\u00e1t se v\u0161ak neodehr\u00e1la trag\u00e9die z poloviny minul\u00e9ho stolet\u00ed a tak jsme pra\u017e\u00e1ky i pol\u00e1ky neodsunuli zp\u00e1tky do Evropy. Nechali jsme je, aby jim zlomila vaz proradn\u00e1 L\u00edsabu\u0148sk\u00e1 pomlouva. Nap\u0159\u00edklad &#8222;pakt Milotov-Koktejlov&#8220; nevydr\u017eel taky moc dlouho ( ale to sem nepat\u0159\u00ed ).\u00a0 Po kr\u00e1tk\u00e9 rekognoskaci ter\u00e9nu, hlavn\u00ed \u0161t\u00e1b a tiskov\u00e1 hlu\u010d\u00edc\u00ed, rozhodla o do\u010dasn\u00e9m rozd\u011blen\u00ed sil na dv\u011b <a href=\"http:\/\/www.slim2009.cz\/wordpress\/wp-content\/uploads\/2009\/10\/Save0008.JPG\" target=\"_blank\" rel=\"noopener\"><img loading=\"lazy\" decoding=\"async\" class=\"alignleft wp-image-608\" title=\"Save0008\" src=\"http:\/\/www.slim2009.cz\/wordpress\/wp-content\/uploads\/2009\/10\/Save0008.JPG\" alt=\"Save0008\" width=\"138\" height=\"200\" \/><\/a>stejn\u00e9 poloviny, kde prvn\u00ed sjede po \u0161edes\u00e1tilet\u00e9 babi\u010dce a druh\u00e1 polovina provede diverzn\u00ed akci &#8222;Vob\u0159\u00ed d\u016fl&#8220;. Tento dal\u0161\u00ed postupn\u00fd c\u00edl m\u00e1 zajistit prostor zmi\u0148ovan\u00e9ho vob\u0159\u00e1ku a vyt\u011bsnit nekal\u00e9 \u017eivly z jeho prostoru, nap\u0159\u00edklad jist\u00e9ho R\u00fdbrcoula. V takto vy\u010di\u0161t\u011bn\u00e9m m\u00edst\u011b zalo\u017eit skl\u00e1dku nebezpe\u010dn\u00e9ho odpadu. V budoucnu by se sem mohl p\u0159em\u00edstit nebezpe\u010dn\u00fd odpad ze Sn\u011bmovn\u00ed\u00a0176\/4\u00a0Mal\u00e9 Strany a po p\u0159id\u00e1n\u00ed velk\u00e9 strany by vnikl celkem slu\u0161n\u00fd humus, kter\u00fd by se mohl expedovat po cel\u00e9 eEU. C\u00edlem tedy bylo zjistit, jestli by to \u0161lo ( a j\u00e1 \u0159\u00edk\u00e1m, \u017ee jo ). Dosa\u017een\u00edm tohoto posledn\u00edho postupn\u00e9ho c\u00edle, rozhodl \u0161t\u00e1b o ukon\u010den\u00ed n\u00e1m\u011btov\u00e9ho cvi\u010den\u00ed z\u00e1loh a svolal v\u0161echny jednotky do prostoru chata M\u00e1ma, odkud se cel\u00fd \u0161ik vydal na shroma\u017edi\u0161t\u011b autobus\u016f. Tady se odehr\u00e1la posledn\u00ed trag\u00e9die cvi\u010den\u00ed. Podle vylepen\u00e9ho j\u00edzdn\u00edho ne\u0159\u00e1du, m\u011bla p\u0159eprava z\u00e1loh zapo\u010d\u00edt p\u0159esn\u011b v 17.30hod.<a href=\"http:\/\/www.slim2009.cz\/wordpress\/wp-content\/uploads\/2009\/10\/Save0009.JPG\" target=\"_blank\" rel=\"noopener\"><img loading=\"lazy\" decoding=\"async\" class=\"alignright wp-image-609\" title=\"Save0009\" src=\"http:\/\/www.slim2009.cz\/wordpress\/wp-content\/uploads\/2009\/10\/Save0009.JPG\" alt=\"Save0009\" width=\"230\" height=\"344\" \/><\/a> Pravda, p\u00e1r furwerk\u016f st\u00e1lo por\u016fznu poh\u00e1zeno na place ale na \u017e\u00e1dn\u00fdm nebylo z\u0159ejmo jestli jede p\u0159es Buky do TU a tak se stalo, \u017ee v 17.35 nastoupil jak\u00fdsi\u00a0ko\u010d\u00ed do sv\u00e9 krabice a ani\u017e se kohokoli z \u010dekaj\u00edc\u00edch zeptal kam jede,\u00a0 nastartoval a zcela pr\u00e1zdn\u00fd odfr\u010del. T\u00edm se stalo, \u017ee na\u0161e skupina z\u016fstala opu\u0161t\u011bna na pr\u00e1zdn\u00e9m place. Na\u0161t\u011bst\u00ed se \u0161t\u011bst\u00ed p\u0159iklonilo na na\u0161\u00ed stranu a ji\u017e za dvacet minut p\u0159ifr\u010del antabus do Vrchl\u00e1bu, kter\u00fd n\u00e1s svezl\u00a0do Svobody, kde sv\u011bte div se, byl p\u0159estup na dal\u0161\u00ed antab\u00e1\u010d do Hor\u0148\u00e1ku. Tady se vojska rozprchla do sv\u00fdch ubykac\u00ed. Cvi\u010den\u00ed je hodnoceno jako uspokojiv\u00e9. V\u00fdsledky p\u0159esv\u011bd\u010dily p\u0159\u00edtomn\u00e9, \u017ee p\u0159\u00ed\u0161t\u011b bude dosa\u017eeno c\u00edl\u016f mnohem rychleji, bude-li v\u011bt\u0161\u00edch skupin s v\u00edce \u010dleny.<\/p>\n<p>Hlavn\u00ed \u0161t\u00e1b z\u00e1loh voj. v z\u00e1l.\u00a0 Slim2009<\/p>\n<p>Foto album ze cvi\u010den\u00ed je <a href=\"http:\/\/www.slim2009.cz\/photo\/#\/shared_space\/folder\/52?_k=izfofg\" target=\"_blank\" rel=\"noopener\">zde<\/a>.<\/p>\n","protected":false},"excerpt":{"rendered":"<p>Na 28.9.2009 bylo svol\u00e1no pochodov\u00e9 cvi\u010den\u00ed vojensk\u00fdch z\u00e1loh a rodinn\u00fdch p\u0159\u00edslu\u0161n\u00edk\u016f, pod k\u00f3dov\u00fdm n\u00e1zvem\u00a0Schnnekoppe2009. V\u00fdznam a dopad tohoto cvi\u010den\u00ed pochopilo jen n\u011bkolik uv\u011bdom\u011bl\u00fdch spolubojovn\u00edk\u016f, av\u0161ak sv\u00fdm nasazen\u00edm a ob\u011btavost\u00ed splnili, ba i p\u0159ekro\u010dili c\u00edle na n\u011b kladen\u00e9. Ostatn\u00edm nelze ne\u017e &hellip; <a href=\"https:\/\/www.slim2009.cz\/wordpress\/archivalie\/archiv-vylety\/pochodove-cviceni-schneekoppe2009\/\">Cel\u00fd p\u0159\u00edsp\u011bvek <span class=\"meta-nav\">&rarr;<\/span><\/a><\/p>\n","protected":false},"author":1,"featured_media":0,"parent":5050,"menu_order":2,"comment_status":"closed","ping_status":"closed","template":"","meta":{"footnotes":""},"class_list":["post-512","page","type-page","status-publish","hentry"],"_links":{"self":[{"href":"https:\/\/www.slim2009.cz\/wordpress\/wp-json\/wp\/v2\/pages\/512","targetHints":{"allow":["GET"]}}],"collection":[{"href":"https:\/\/www.slim2009.cz\/wordpress\/wp-json\/wp\/v2\/pages"}],"about":[{"href":"https:\/\/www.slim2009.cz\/wordpress\/wp-json\/wp\/v2\/types\/page"}],"author":[{"embeddable":true,"href":"https:\/\/www.slim2009.cz\/wordpress\/wp-json\/wp\/v2\/users\/1"}],"replies":[{"embeddable":true,"href":"https:\/\/www.slim2009.cz\/wordpress\/wp-json\/wp\/v2\/comments?post=512"}],"version-history":[{"count":0,"href":"https:\/\/www.slim2009.cz\/wordpress\/wp-json\/wp\/v2\/pages\/512\/revisions"}],"up":[{"embeddable":true,"href":"https:\/\/www.slim2009.cz\/wordpress\/wp-json\/wp\/v2\/pages\/5050"}],"wp:attachment":[{"href":"https:\/\/www.slim2009.cz\/wordpress\/wp-json\/wp\/v2\/media?parent=512"}],"curies":[{"name":"wp","href":"https:\/\/api.w.org\/{rel}","templated":true}]}}