{"id":4925,"date":"2021-10-28T19:23:17","date_gmt":"2021-10-28T18:23:17","guid":{"rendered":"http:\/\/188.120.214.195\/?page_id=4925"},"modified":"2021-10-28T19:23:17","modified_gmt":"2021-10-28T18:23:17","slug":"jizerky-2021","status":"publish","type":"page","link":"https:\/\/www.slim2009.cz\/wordpress\/vandry-2\/jizerky-2021\/","title":{"rendered":"Jizerky 2021"},"content":{"rendered":"<p>Proto\u017ee Dr\u00e1ha nejn\u00ed \u017e\u00e1dnej holubn\u00edk, ale organizace \u0159\u00edd\u00edc\u00ed se rozvrhem pracovn\u00ed doby, na\u0161el pro n\u00e1s dr\u00e1ha\u0159 \u0160us\u0165a vhodnej datum pro<a href=\"http:\/\/slim2009.cz\/wordpress\/wp-content\/uploads\/2021\/10\/IMG_7591-scaled.jpg\" target=\"_blank\" rel=\"noopener\"><img loading=\"lazy\" decoding=\"async\" class=\"alignright wp-image-4927 size-medium\" src=\"http:\/\/slim2009.cz\/wordpress\/wp-content\/uploads\/2021\/10\/IMG_7591-300x200.jpg\" alt=\"\" width=\"300\" height=\"200\" \/><\/a> vandrov\u00e1n\u00ed hned, jak klad\u00edvkem o\u0165ukal posledn\u00ed kolo n\u00e1kladn\u00edho vag\u00f3nu. No a to v z\u00e1\u0159\u00ed teda nebylo. Ostatn\u011b kdo by cht\u011bl jet na vandr v\u00a0z\u00e1\u0159\u00ed, kdy\u017e sv\u00edt\u00ed ten zatracenej puchej\u0159 a je slu\u0161n\u011b. Drsn\u00fd z\u00e1les\u00e1ci jako my, jezd\u011bj z\u00e1sadn\u011b jen, kdy\u017e je drsn\u011b J. U\u017e v\u00a0\u00fater\u00fd p\u00e1t\u00fdho, se odv\u00e1\u017en\u011b rozpr\u0161elo nad cel\u00fdm \u00fazem\u00edm republiky. Teda krom Kru\u0161n\u00fdch hor, kde je kru\u0161no i bez tak, ale tam nejedeme. R\u00e1no ve st\u0159edu pr\u0161\u00ed jakbysmet. Proto\u017ee do Jizerek to m\u00e1m kousek, sta\u010d\u00ed mi vst\u00e1vat po \u0161est\u00fd, v\u00a0klidu posn\u00eddat a pak teprve vyrazit. Jura se \u0160us\u0165ou u\u017e n\u011bjakou tu dobu sed\u00ed ve vlaku k\u00a0Pardubic\u016fm. I na m\u011b do\u0161la \u0159ada, abych se de\u0161tiv\u00fdm r\u00e1nem p\u0159ibl\u00ed\u017eil k\u00a0m\u00edstu setk\u00e1n\u00ed ve Dvo\u0159e Kr\u00e1lov\u00e9. M\u00edstn\u00ed popravou na autobus\u00e1k a linkou TU-DK k\u00a0dvorsk\u00fdmu vlakov\u00fdmu n\u00e1dra\u017e\u00ed. Rychl\u00edk do \u017delezn\u00fdho Brodu p\u0159ij\u00ed\u017ed\u00ed s\u00a0malou sekerou, asi se ma\u0161in\u011b smekaly kola po glajzech. Ve dve\u0159\u00edch \u0161nelcuku m\u011b v\u00edt\u00e1 Jura a vede do odd\u00edlu pro cestuj\u00edc\u00ed za \u0160us\u0165ou. \u201eN\u011bmej Starosta\u201c op\u011bt nejede. Od p\u00e1tka jsou volby a von je komisa\u0159, \u010di co. Jako by si tu urnu nemoh vz\u00edt s\u00a0sebou J. Vlak rozr\u00e1\u017e\u00ed vzduch p\u0159ed sebou, ob\u010das ud\u011bl\u00e1 t\u00fa\u00fa\u00fa a vjede do tunelu. Dokonce i p\u0159est\u00e1v\u00e1 pr\u0161et, sem tam vykoukne zata\u017eeno. V\u00a0\u017delez\u0148\u00e1ku p\u0159esed\u00e1me do osob\u00e1ku nach Tanvald, se kter\u00fdm se pohodln\u011b dost\u00e1v\u00e1me s\u00a0n\u011bkolika minutama spo\u017ed\u011bn\u00ed a\u017e tam. M\u00e1me hodinu \u010das na p\u0159estup, tak vstupujeme do n\u00e1dra\u017en\u00ed hospody. Ceny j\u00eddel okolo stovky se jen tak n\u011bkde nevid\u00ed. Je \u010das ob\u011bda, tak si objedn\u00e1v\u00e1me. J\u00e1 si dal sekanou, brambor, \u010derven\u00fd z\u00e9l\u00ed. Porce i chu\u0165 lukcucn\u00ed. Navrch pivko, n\u011bkte\u0159\u00ed i v\u00edc. Hodinka uplynula a tak jdeme na per\u00f3n vyhl\u00ed\u017eet \u0160t\u00e1dlera, kter\u00fdm pojedeme do Ko\u0159enova. Motorov\u00fd vozy \u0159ady 840 Stadler RegioShuttle RS1, jsou certifikovan\u00fd adhezn\u00ed vozidla pro j\u00edzdu na sklonov\u011b n\u00e1ro\u010dn\u00fd trati do Ko\u0159enova. Tra\u0165 m\u00e1 na nejstrm\u011bj\u0161\u00edch \u00fasec\u00edch ozubnici syst\u00e9mu Abt s\u00a0dv\u011bma h\u0159ebeny. \u0160t\u00e1dler n\u00e1s pohodln\u011b vyvezl a\u017e do stanice Ko\u0159enov, kde vystupujeme. Stanice Ko\u0159enov se vlastn\u011b nach\u00e1z\u00ed v\u00a0katastru Horn\u00ed Polubn\u00fd slou\u010den\u00fdm s\u00a0Ko\u0159enovem. Nepr\u0161\u00ed furt nepr\u0161\u00ed, jen mlhy se v\u00e1l\u00ed v\u016fkol. Okukujeme d\u016fln\u00ed \u017eeleznici a taky naproti le\u017e\u00edc\u00ed v\u00fdtopnu. Nen\u00ed sez\u00f3na tak je v\u0161echno zav\u0159en\u00fd, ale nikdo n\u00e1m nebr\u00e1n\u00ed okouknout to\u010dnu, Hektora T 435.0 a kouknout oknem do top\u00edrny na ozubnicovou \u201eRaku\u0161anku\u201c T<a href=\"http:\/\/slim2009.cz\/wordpress\/wp-content\/uploads\/2021\/10\/IMG_7612-scaled.jpg\" target=\"_blank\" rel=\"noopener\"><img loading=\"lazy\" decoding=\"async\" class=\"alignright wp-image-4928 size-medium\" src=\"http:\/\/slim2009.cz\/wordpress\/wp-content\/uploads\/2021\/10\/IMG_7612-300x200.jpg\" alt=\"\" width=\"300\" height=\"200\" \/><\/a> 426.0 . Pak odch\u00e1z\u00edme skrz pilu pod\u00e9l trati k\u00a0tunelu, kter\u00fdm jsem p\u0159ed n\u011bkolika minutama p\u0159ijeli. P\u0159ed tunelem kon\u010d\u00ed ozubnice a taky je vid\u011bt jak se tra\u0165 skl\u00e1n\u00ed miz\u00edc do d\u00edry. Kdy\u017e se Jura a \u0160us\u0165a dostate\u010dn\u011b pohoupali na n\u00e1jezdu h\u0159ebenu zubatice, odch\u00e1z\u00edme. Stoup\u00e1me nad Polubn\u00fd, m\u00edj\u00edme \u0158OP\u00edky. Z\u00a0lesa vych\u00e1z\u00edme a\u017e na pastvin\u011b u obce Ko\u0159enov. Na vr\u0161\u00ed\u010dku nad obc\u00ed odpo\u010d\u00edv\u00e1me u Tesa\u0159ovy kaple, odkud je vid\u011bt i dal\u0161\u00ed z\u00a0n\u00e1\u0161 c\u00edl, rozhledna \u0160t\u011bp\u00e1nka. Sch\u00e1z\u00edme do Ko\u0159enova a v\u00a0kr\u00e1mku s\u00a0potravinama si kupujeme n\u011bkolik drobnost\u00ed. Zatahuje se, sp\u00ed\u0161 se jen p\u0159esunuly mraky a trochu kape i fun\u00ed v\u00edtr. Napojujeme se na modrou zna\u010dku, stoup\u00e1me cestou k\u00a0muzeu opevn\u011bn\u00ed Na Pomez\u00ed. Bl\u00ed\u017e\u00ed se \u010das smrknut\u00ed ale u \u0158OP\u00edku je zcela ne\u00fatulno. Pokra\u010dujeme teda skrz les k\u00a0zelen\u00fd zna\u010dce. Na rozcest\u00ed nech\u00e1v\u00e1me \u0160us\u0165u s\u00a0bagly a jdeme k\u00a0prameni nabrat vodu. Na zp\u00e1te\u010dn\u00ed cest\u011b si prohl\u00ed\u017e\u00edme \u0158OP\u00edk CH2\/57\/E ve svahu pod cestou, kterej m\u00e1 u vchodu perfektn\u011b dochovanou sp\u00e1rovanou z\u00eddku. S\u00a0vodou a spole\u010dn\u011b pak stoup\u00e1me. U skru\u017ee nech\u00e1v\u00e1me znova b\u00e1gly a jdeme omrknout CH2\/250\/C2, vykrejvac\u00ed objekt maj\u00edc\u00ed st\u0159echu z\u00a0vlnit\u00fdho plechu. Za\u010d\u00edn\u00e1 se opravdu stm\u00edvat a po\u0159\u00e1d nem\u00e1me flek na span\u00ed. U\u017e jsme na h\u0159ebeni u prameni\u0161t\u011b Tesa\u0159ovsk\u00fdho potoka, tak se rozhl\u00ed\u017e\u00edme. Za p\u0159\u00edhodnou hab\u0159inou rozkl\u00e1d\u00e1me p\u0159\u00edst\u0159e\u0161ek. \u0160us\u0165a blbne s\u00a0k\u016frou b\u0159\u00edzy a mokr\u00fdma haluzemi. Vy\u0161krtal francouzsk\u00fd sirky a nic. Nechali jsme ho vydov\u00e1d\u011bt a pak p\u0159i\u0161lo na \u0159adu 21.stolet\u00ed. Rozprost\u0159\u00edt vatu, nastrouhat ho\u0159\u010d\u00edk, pro sichr jedna kostka lihu a \u0161krt ocelov\u00fdm jisk\u0159i\u010dem. D\u00fdm, d\u00fdm trocha ohn\u011b a zase d\u00fdm. Ale ho\u0159\u00ed! Jura na\u0161t\u00edpal trochu star\u00fdch plan\u011bk, kter\u00fd jsou uvnit\u0159 p\u0159eci jenom su\u0161\u0161\u00ed ne\u017e zbytek lesa. \u0160pek\u00e1\u010dky auf, d\u0159\u00edv ne\u017e to zase chc\u00edpne. Najeden\u00fd a s\u00a0ubre\u010den\u00fdma o\u010dima je\u0161t\u011b chv\u00edli tvo\u0159\u00edme kou\u0159, ne\u017e si v\u00a0osum leh\u00e1me do spac\u00e1k\u016f, abysme zanedlouho chrupali, zat\u00edm co se okolo rozprost\u00edr\u00e1 mlha a sn\u00e1\u0161ej\u00ed de\u0161\u0165ov\u00fd kapky. Sp\u00edme s\u00a0p\u0159est\u00e1vkou skoro 10 hodin. Po rozedn\u011bn\u00ed vst\u00e1v\u00e1me, na lih\u00e1\u010di si va\u0159\u00edme \u010daj a sn\u00edd\u00e1me. Ohe\u0148 nem\u00e1 cenu zapalovat, v\u0161echno d\u0159\u00edv\u00ed je mokr\u00fd. Po sn\u00eddani bal\u00edme. Na konec vyklep\u00e1v\u00e1me vodu z\u00a0celt a odch\u00e1z\u00edme k\u00a0rozhledn\u011b. \u0160t\u011bp\u00e1nka se otev\u00edr\u00e1 v\u00a010hodin a je teprve dev\u011bt, tak jdeme ke k\u0159\u00ed\u017ei stoj\u00edc\u00edm na plo\u0161e<a href=\"http:\/\/slim2009.cz\/wordpress\/wp-content\/uploads\/2021\/10\/IMG_7638-scaled.jpg\" target=\"_blank\" rel=\"noopener\"><img loading=\"lazy\" decoding=\"async\" class=\"alignright wp-image-4929 size-medium\" src=\"http:\/\/slim2009.cz\/wordpress\/wp-content\/uploads\/2021\/10\/IMG_7638-300x200.jpg\" alt=\"\" width=\"300\" height=\"200\" \/><\/a> p\u0159ed rozhlednou, odkud je taky p\u011bknej rozhled. S\u00a0Jurou jdeme kouknout h\u0159bitov prase\u010d\u00edch oc\u00e1sk\u016f n\u011bkde u C2. Nic ale nenach\u00e1z\u00edme, proto se vrac\u00edme zp\u00e1tky. Rozhledna u\u017e je otev\u0159en\u00e1, tak si kupujeme vstupenky a stoup\u00e1me k\u00a0vrcholu rozhl\u00eddnout se. I z\u00a0vrcholu se zd\u00e1, \u017ee po\u010das\u00ed bude p\u011bkn\u00fd. Vid\u00edme i n\u00e1sleduj\u00edc\u00ed c\u00edl, Pivovar u \u010c\u00e1pa v P\u0159\u00edchovic\u00edch, kam se b\u011bhem 1\/2hodiny p\u0159esunujeme. Ochutn\u00e1v\u00e1me polotmavou 13tku a \u0160us\u0165a i n\u011bco s\u00a0pomeran\u010dem. Na terase v\u00a0z\u00e1v\u011bt\u0159\u00ed je teplo, ale mus\u00edme pokra\u010dovat ve vandrov\u00e1n\u00ed. Ani si nejdeme prohl\u00eddnout soused\u00edc\u00ed rozhledu Maj\u00e1k. Jdeme skrz poh\u00e1dkovou cestu ke \u017elut\u00fd zna\u010dce. Za kapli\u010dkou Sv.Gotharda jsou n\u011bj\u00e1k\u00fd sk\u00e1ly, za kterejma se zastavujeme, abysme si ud\u011blali n\u011bco k\u00a0ob\u011bdu. Rozd\u011bl\u00e1v\u00e1me ohe\u0148 a va\u0159\u00edme. Najeden\u00fd pokra\u010dujeme v\u00a0sestupn\u00fd trase p\u0159es J\u00edr\u016fv kopec, kde jsou rozm\u011brn\u00fd hromady kamen\u016f zvan\u00fd \u201ehrobky\u201c. Je\u0161t\u011b p\u0159ed \u0161edes\u00e1ti lety tu b\u00fdvala pole a hrobky jsou vysb\u00edran\u00fd kameny z\u00a0t\u011bhle pol\u00ed. Po kilometru p\u0159ich\u00e1z\u00edme na vyhl\u00eddku \u0160ul\u00edkova Sk\u00e1la, ze kter\u00fd vid\u00edme p\u0159es \u00fadol\u00ed na vyhl\u00eddku Terez\u00ednka, kam p\u016fjdeme a\u017e doraz\u00edme na dno \u00fadol\u00ed ve Velk\u00fdch Hamrech. V\u00a0domov\u011b d\u016fchodc\u016f Hamry si nech\u00e1v\u00e1me nato\u010dit do \u010dutor vodu, aby sme ji m\u011bli dostatek. Znova stoup\u00e1me a\u017e na \u0160ouf pod\u00a0vyhl\u00eddku Terez\u00ednka. Od severu p\u0159ich\u00e1z\u00ed \u010dernota, semtam padne i kapka. Zrovna kdy\u017e jsme na vyhl\u00edce za\u010d\u00edn\u00e1 mrholit. Nad Tanvaldem mo\u017en\u00e1 i leje. Jako z\u00e1zrakem se st\u011bna s\u00a0de\u0161t\u011bm ani nehne. Po vyhl\u00eddnut\u00ed bereme b\u00e1gly a pokra\u010dujeme ve stoup\u00e1n\u00ed. P\u0159ed Skaln\u00ed Br\u00e1nou hled\u00e1me flek na p\u0159esp\u00e1n\u00ed, ale jsme na \u010cernostudni\u010dn\u00edm h\u0159betu a proto tady nen\u00ed na v\u00fdb\u011br. Kluci nach\u00e1zej stranou za sk\u00e1lou pl\u00e1cek, kde stav\u00edme p\u0159\u00edst\u0159e\u0161ek a v\u00a0\u0161eru lesa si p\u0159ipravujeme le\u017een\u00ed. Ohe\u0148 dneska ned\u011bl\u00e1me, proto\u017ee z\u00a0jedny strany jsou Hamry a z\u00a0druh\u00fd Tanvald a nem\u00e1 cenu na sebe upozor\u0148ovat. Ve\u010de\u0159\u00edme u\u017e skoro za tmy. Uleh\u00e1me a n\u011bjakou chv\u00edli je\u0161t\u011b kl\u00e1bos\u00edme, ne\u017e se ozve chrrr. Ve \u010dty\u0159i se bud\u00edme a zase kl\u00e1bos\u00edme. Znova us\u00edn\u00e1me a\u017e do sedmi. R\u00e1no je trochu chladn\u011bjc, asi d\u00edky tomu, \u017ee se v\u00a0noci vyjasnilo. Rann\u00ed slunce n\u00e1s ale vytahuje ze spac\u00e1k\u016f. Beru fo\u0165\u00e1k a jdu to vych\u00e1zej\u00edc\u00ed r\u00e1no vyfotit. Je kou\u0159mo, i tak je vid\u011bt inverze n\u011bkde u \u017delezn\u00fdho Brodu. Na cestu odch\u00e1z\u00edme po sn\u00eddani. I kdy\u017e slunce sv\u00edt\u00ed je<a href=\"http:\/\/slim2009.cz\/wordpress\/wp-content\/uploads\/2021\/10\/IMG_8219-scaled.jpg\" target=\"_blank\" rel=\"noopener\"><img loading=\"lazy\" decoding=\"async\" class=\"alignright wp-image-4933 size-medium\" src=\"http:\/\/slim2009.cz\/wordpress\/wp-content\/uploads\/2021\/10\/IMG_8219-300x127.jpg\" alt=\"\" width=\"300\" height=\"127\" \/><\/a> chladno, ale stoup\u00e1n\u00ed ke Skaln\u00ed Br\u00e1n\u011b n\u00e1s rozeh\u0159eje. Za br\u00e1nou je st\u011bna s\u00a0p\u0159\u00edrodn\u011b rozpukanou sk\u00e1lou vypadaj\u00edc\u00ed stejn\u011b jako na Mak\u010du Pik\u010du, kde se s\u00a0tes\u00e1n\u00edm patlali Inkov\u00e9. No je\u0161t\u011b vystoupat 50metr\u016f a stoj\u00edme u vys\u00edla\u010de Muchov. Rozhled do krajiny ze sk\u00e1ly stoj\u00ed za to. Slunce sice sv\u00edt\u00ed, ale ledovej v\u00edtr zkracuje rozhl\u00ed\u017een\u00ed. Pokra\u010dujeme h\u0159ebenovkou p\u0159es Vrch\u016fru ke sk\u00e1le Buchta, n\u00e1m ale vr\u0161ek skalky p\u0159ipom\u00edn\u00e1 sp\u00ed\u0161 hlavu n\u011bj\u00e1k\u00fdho plaza. P\u0159es Pustinu, Berany, okolo Klad\u00edvka p\u0159ich\u00e1z\u00edme k\u00a0rozhledn\u011b \u010cern\u00e1 Studnice. Nech\u00e1v\u00e1me si na\u010depovat Svijany, kupujeme si vstupenky na rozhlednu, kam se po zavla\u017een\u00ed vol\u00e1tek vyd\u00e1v\u00e1me. Krkono\u0161e, Jizerky, Je\u0161t\u011bd i s h\u0159betem, \u010ceskej r\u00e1j i Trosky m\u00e1me na dohled. Jakmile sejdeme dolu vrac\u00edme kl\u00ed\u010de, nasazujeme b\u00e1gly a jdeme. Horn\u00ed \u010cern\u00e1 Studnice, Doln\u00ed \u010cern\u00e1 Studnice k\u00a0prameni \u017dernovn\u00edku, u kter\u00fdho si d\u011bl\u00e1me ob\u011bd. Naob\u011bdvan\u00fd a odpo\u010dinut\u00fd jdeme do Kr\u00e1sn\u00fd k\u00a0zrekonstruovan\u00fd d\u0159ev\u011bnce. Rouben\u00fd patrov\u00fd d\u016fm s mansardovou st\u0159echou nechal postavit l\u00e9ka\u0159 Johan Josef Eleazar Kittel po polovin\u011b 18. stolet\u00ed. U m\u00edstn\u00edho kostela Sv. Josefa, si bereme m\u00edrn\u011b radioaktivn\u00ed vodu ze stud\u00e1nky. Osv\u00edceni odch\u00e1z\u00edme, bohu\u017eel jin\u00fdm sm\u011brem ne\u017e bylo napl\u00e1nov\u00e1no. Ve chv\u00edli kdy zji\u0161\u0165uju st\u00fapido \u00f3mylo je na n\u00e1vrat pozd\u011b a tak navrhuju obch\u016fznou trasu p\u0159es \u010c\u00ed\u017ekovice po silnici \u010d.287 s\u00a0provozem. Na vr\u0161ku v\u00a0zat\u00e1\u010dce odbo\u010dujeme doleva na oby\u010dejnou hlin\u011bnou cestu vedouc\u00ed do Dale\u0161ic. V\u00a0Dale\u0161ic\u00edch se napojujeme na asfaltku vedouc\u00ed na Kopaninu. Provoz je silnej jen\u017ee lep\u0161\u00ed cestu nem\u00e1me. Za Kl\u00ed\u010dnovem odpo\u010d\u00edv\u00e1me. \u0160us\u0165a navrhuje j\u00edt poln\u00ed cestou ke Kopanin\u011b, ale j\u00e1 to zavrhuju, co\u017e byla moje blbost. S\u00a0Jurou se teda \u0161trap\u00e1cujeme asfaltkou proti aut\u016fm, abysme se pod rozhlednou se \u0160us\u0165ou zase se\u0161li. U rozhledny se dozv\u00edd\u00e1me, \u017ee kl\u00ed\u010de jsou k\u00a0vyzvednut\u00ed n\u011bkde u n\u011bkoho. Je 1\/2p\u00e1t\u00fd a brzo bude pot\u0159eba hledat m\u00edsto noclehu. Pokra\u010dujeme na Fr\u00fdd\u0161tejn, kam je to z\u00a0kopce. T\u011bsn\u011b p\u0159ed p\u00e1tou stoj\u00edme u br\u00e1ny, jenom\u017ee ta u\u017e je zav\u0159en\u00e1. Posledn\u00ed prohl\u00eddka je o 1\/2p\u00e1t\u00fd o to u\u017e bylo. Jura stoj\u00ed vytrvale u br\u00e1ny, odkud vych\u00e1z\u00ed baba z\u00a0kasy. Jura kle\u010d\u00edc ji u<a href=\"http:\/\/slim2009.cz\/wordpress\/wp-content\/uploads\/2021\/10\/IMG_7783-scaled.jpg\" target=\"_blank\" rel=\"noopener\"><img loading=\"lazy\" decoding=\"async\" class=\"alignright wp-image-4931 size-medium\" src=\"http:\/\/slim2009.cz\/wordpress\/wp-content\/uploads\/2021\/10\/IMG_7783-300x200.jpg\" alt=\"\" width=\"300\" height=\"200\" \/><\/a> nohou pros\u00ed o rychlou prohl\u00eddku. Jen\u017ee baba nem\u00e1 kdy n\u00e1s pustit. Jde toti\u017e volit! Ano volit a Babi\u0161! Teda te\u010dka. Nu co\u017e. Odch\u00e1z\u00edme po Vranovsk\u00fdm h\u0159ebenu k\u00a0Pantheonu. Pod skaln\u00ed v\u011b\u017e\u00ed Posel se rozhodujeme p\u0159espat. Jura nach\u00e1z\u00ed m\u00edrn\u011b naklon\u011bnou rovinu u pastviny s\u00a0hajtrama, kde stav\u00edme p\u0159\u00edst\u0159e\u0161ek. Se smrknut\u00edm uleh\u00e1me. Naklon\u011bn\u00e1 rovina vykon\u00e1v\u00e1 svoje. N\u011bkolikr\u00e1t za noc sj\u00ed\u017ed\u00edme o kus d\u00f3lu. D\u011bl\u00e1me si legraci, \u017ee po mokr\u00fd pastvin\u011b posvi\u0161t\u00edme a\u017e k\u00a0silnici. R\u00e1no vst\u00e1v\u00e1me brzo, mus\u00edme j\u00edt na vlak do Mal\u00fd Sk\u00e1ly. Je sakramentsk\u00e1 zima. Na prot\u011bj\u0161\u00ed str\u00e1ni je i b\u00edlo. Na\u0161t\u011bst\u00ed jsme spali nad \u010d\u00e1rou mrazu. V\u00a0\u00fadol\u00ed pod Pante\u00f3nem je v\u0161echno oj\u00edn\u011bno a ve st\u00ednu. Ale Panteon naho\u0159e a okoln\u00ed sk\u00e1ly se koupou ve slune\u010dn\u00ed z\u00e1\u0159i. Na most\u011b p\u0159es Jizeru se d\u00e1 klouzat, jak je namrzlo. Jura se \u0160us\u0165ou si jdou koupit n\u011bco k\u00a0j\u00eddlu do m\u00edstn\u00edho obchodu, j\u00e1 mezit\u00edm fot\u00edm f\u00f3gly na plot\u011b. K\u00a0n\u00e1dra\u017e\u00ed je to u\u017e jen n\u011bkolik krok\u016f. Fot\u00edme se u miniatury n\u00e1dra\u017e\u00ed za kolejema. Po chv\u00edli \u010dek\u00e1n\u00ed p\u0159ij\u00ed\u017ed\u00ed vlak na Turnov, kam odj\u00ed\u017ed\u00ed \u0160us\u0165a s\u00a0Jurou. M\u016fj p\u0159ij\u00ed\u017ed\u00ed za 20minut a jede na opa\u010dnou stranu do Paky a Dvora Kr\u00e1lov\u00e9, kde p\u0159estupuju do autobusu na Trutnov. T\u00edm skon\u010dil vandr do Jizerek.<\/p>\n<p>Odkaz na <a href=\"http:\/\/www.slim2009.cz\/photo\/#\/shared_space\/folder\/589?_k=xqqvuy\" target=\"_blank\" rel=\"noopener\">fotky tady.<\/a> \u00a0\u00a0\u00a0\u00a0\u00a0\u00a0\u00a0\u00a0\u00a0\u00a0\u00a0\u00a0\u00a0\u00a0\u00a0\u00a0\u00a0\u00a0\u00a0 Odkaz na <a href=\"http:\/\/www.slim2009.cz\/Prilohy\/Videa\/Jizerky2021.mp4\">video tady.<\/a><\/p>\n<p>Odkaz na fotky od<a href=\"https:\/\/uloz.to\/tamhle\/3mKNWIn42s4z\/name\/Nahrano-31-12-2021-v-9-52-30?view=gallery&amp;sort=exif_date#!ZGt0ZwR2ZGZlAwqwBTVjLzD3LmN1Lab0pmWJnT8hMaqLZmp5ZN==\" target=\"_blank\" rel=\"noopener\"> \u0160usti tady.<\/a><\/p>\n<p>Itiner\u00e1\u0159 <a href=\"http:\/\/www.slim2009.cz\/Prilohy\/Itinerare\/vandry%202021%20podzim.pdf\" target=\"_blank\" rel=\"noopener\">zde.<\/a><\/p>\n","protected":false},"excerpt":{"rendered":"<p>Proto\u017ee Dr\u00e1ha nejn\u00ed \u017e\u00e1dnej holubn\u00edk, ale organizace \u0159\u00edd\u00edc\u00ed se rozvrhem pracovn\u00ed doby, na\u0161el pro n\u00e1s dr\u00e1ha\u0159 \u0160us\u0165a vhodnej datum pro vandrov\u00e1n\u00ed hned, jak klad\u00edvkem o\u0165ukal posledn\u00ed kolo n\u00e1kladn\u00edho vag\u00f3nu. No a to v z\u00e1\u0159\u00ed teda nebylo. Ostatn\u011b kdo by cht\u011bl &hellip; <a href=\"https:\/\/www.slim2009.cz\/wordpress\/vandry-2\/jizerky-2021\/\">Cel\u00fd p\u0159\u00edsp\u011bvek <span class=\"meta-nav\">&rarr;<\/span><\/a><\/p>\n","protected":false},"author":1,"featured_media":0,"parent":776,"menu_order":27,"comment_status":"closed","ping_status":"closed","template":"","meta":{"footnotes":""},"class_list":["post-4925","page","type-page","status-publish","hentry"],"_links":{"self":[{"href":"https:\/\/www.slim2009.cz\/wordpress\/wp-json\/wp\/v2\/pages\/4925","targetHints":{"allow":["GET"]}}],"collection":[{"href":"https:\/\/www.slim2009.cz\/wordpress\/wp-json\/wp\/v2\/pages"}],"about":[{"href":"https:\/\/www.slim2009.cz\/wordpress\/wp-json\/wp\/v2\/types\/page"}],"author":[{"embeddable":true,"href":"https:\/\/www.slim2009.cz\/wordpress\/wp-json\/wp\/v2\/users\/1"}],"replies":[{"embeddable":true,"href":"https:\/\/www.slim2009.cz\/wordpress\/wp-json\/wp\/v2\/comments?post=4925"}],"version-history":[{"count":0,"href":"https:\/\/www.slim2009.cz\/wordpress\/wp-json\/wp\/v2\/pages\/4925\/revisions"}],"up":[{"embeddable":true,"href":"https:\/\/www.slim2009.cz\/wordpress\/wp-json\/wp\/v2\/pages\/776"}],"wp:attachment":[{"href":"https:\/\/www.slim2009.cz\/wordpress\/wp-json\/wp\/v2\/media?parent=4925"}],"curies":[{"name":"wp","href":"https:\/\/api.w.org\/{rel}","templated":true}]}}