{"id":4906,"date":"2021-10-28T18:56:47","date_gmt":"2021-10-28T17:56:47","guid":{"rendered":"http:\/\/188.120.214.195\/?page_id=4906"},"modified":"2025-10-28T09:33:40","modified_gmt":"2025-10-28T08:33:40","slug":"rychleby-2021","status":"publish","type":"page","link":"https:\/\/www.slim2009.cz\/wordpress\/archivalie\/archiv-crnci\/rychleby-2021\/","title":{"rendered":"Rychleby 2021"},"content":{"rendered":"<p>Rok pl\u00e1nov\u00e1n\u00ed a 16.-19.9.2021 jsme zp\u00e1tky! Teda alespo\u0148 n\u011bkte\u0159\u00ed. Luk\u00e1\u0161 zajistil \u201eApartm\u00e1ny Kov\u00e1rna\u201c s\u00a0p\u0159edstihem u\u017e v\u00a0listopadu 2020 a to<a href=\"http:\/\/www.slim2009.cz\/wordpress\/wp-content\/uploads\/2021\/10\/IMG-20210918-WA0004-2.jpg\" target=\"_blank\" rel=\"noopener\"><img loading=\"lazy\" decoding=\"async\" class=\"alignright wp-image-4908 size-medium\" src=\"http:\/\/slim2009.cz\/wordpress\/wp-content\/uploads\/2021\/10\/IMG-20210918-WA0004-300x225.jpg\" alt=\"\" width=\"300\" height=\"225\" \/><\/a> na z\u00e1klad\u011b p\u0159\u00edslibu devaten\u00e1cti Negr\u016f. I z\u00e1loha byla nezvykle rychle vybran\u00e1 a zaplacen\u00e1. Sta\u010dilo se jen deset m\u011bs\u00edc\u016f t\u011b\u0161it. Hlavn\u011b aby to kov\u00e1\u010d \u010d\u00edslo 19 nezhatil. Nezhatil? Ale jo, Vlastu skolily komplikace po prod\u011bl\u00e1n\u00ed nemoci, n\u011bkolik dal\u0161\u00edch Negr\u016f si n\u00e1v\u0161t\u011bvu RS rozmyslelo a v\u00fdb\u011br doplatku byla povedn\u00e1 ta\u0161ka\u0159ice. V\u00fdsledek -4 Neg\u0159i je fakt super J. S\u00a0Tomem jsme cht\u011bli jet p\u016fvodn\u011b u\u017e ve st\u0159edu, ale z\u00a0toho nakonec se\u0161lo. Odj\u00ed\u017ed\u00edme teda ve \u010dtvrtek r\u00e1no v\u00a0osum, \u00fadajn\u011b nejlevn\u011bj\u0161\u00edm SUV\u00e9\u010dkem Suzuki Ign\u00e1c 4&#215;4, napln\u011bn\u00fdm bajkovac\u00edm haramp\u00e1d\u00edm, j\u00eddlem a tak. Proto\u017ee m\u00e1m obavu z\u00a0Polsk\u00fd karant\u00e9ny, jedeme vnitrozem\u00edm. Je to sice d\u00e1l, ale o to je to\u00a0v\u00edc zat\u00e1\u010dek. I tak jsme Na Kov\u00e1rn\u011b prvn\u00ed, teda v\u00edt\u011bz bere f\u0161e. Nech\u00e1v\u00e1me si vzd\u00e1len\u011b otev\u0159\u00edt ubytko, zab\u00edr\u00e1me nejv\u00fdhodn\u011bj\u0161\u00ed postele a o\u010dek\u00e1v\u00e1me p\u0159\u00edjezd dal\u0161\u00edch, i kdy\u017e n\u00e9 v\u0161ichni doraz\u00ed ve \u010dtvrtek. Kdy\u017e je n\u00e1s osum obl\u00edk\u00e1me dr\u00e9zy, sedl\u00e1me bajky a vyr\u00e1\u017e\u00edme na \u010cern\u00fd potok. Tempo je vra\u017eedn\u00fd u\u017e na za\u010d\u00e1tku. M\u00e1m pocit jako by mi to nejelo ani z\u00a0kopce. Ov\u0161em \u0160v\u00e1bik pocit prom\u011bnil i v\u00a0n\u011bkolik \u0161r\u00e1m\u016f. Hned jak n\u00e1s dojel, vypr\u00e1v\u011bl n\u00e1m, jak visel zaseklej v\u00a0bajku hlavou d\u00f3lu. Zast\u00e1vku v\u00a0pijon\u00fdrsk\u00fdm t\u00e1bo\u0159e mus\u00edme o\u017eelet, maj zav\u0159eno. P\u0159es protivenstv\u00ed t\u011bla, ducha i t\u00e1borit\u016f p\u0159ij\u00ed\u017ed\u00edme k\u00a0Vidnav\u011b. Je \u010das na ob\u011bd u Jannise. Ejhle! \u0158ek m\u00e1 zav\u0159\u00edno. Kdosi z\u00a0m\u00edstn\u00edch n\u00e1s sm\u011b\u0159uje do Hospody Modr\u00fd Jelen. Vede to tady jakejsi Piskacis a kdo by to byl \u0159ek, je to \u0158ek! O n\u011bco pozd\u011bji p\u0159ij\u00ed\u017ed\u00ed i \u0160v\u00e1bik, aby n\u00e1s po ob\u011bd\u011b zase opustil. Nav\u00e1d\u00edm kluky k\u00a0port\u00e1lu tunelu \u00fazkorozchodn\u00fd dr\u00e1hy bejval\u00fd kaol\u00ednky, kde d\u011bl\u00e1me spole\u010dn\u00fd foto. Pak pokra\u010dujeme na Vidnavsk\u00fd okruh. Kdysi to byl m\u016fj obl\u00edbenej trail, jen\u017ee te\u010fka mi to nejde a to ani p\u0159i druh\u00fdm okruhu. Nastal \u010das n\u00e1vratu a je se zast\u00e1vkou v\u00a0hosp\u016fdce u Sysla. Zast\u00e1vka se prot\u00e1hla v\u00a0d\u016fsledku poruchy po\u010das\u00ed, jen\u017e se pon\u011bkud pozvracelo, teda pode\u0161tilo. O n\u011bkolik pivous\u016f\u00a0 a \u00a0neplavci s\u00a0chlebem pozd\u011bji, p\u0159eci jenom vyr\u00e1\u017e\u00edme k\u00a0z\u00e1kladn\u011b Kov\u00e1rna. Jedeme trailem les\u016f \u010cR a kone\u010dn\u011b mi to jede rychlejc a rychlejc, a\u017e se skoro doh\u00e1n\u00edm. Na z\u00e1kladn\u011b o\u010dista do \u010dista a z\u00e1bava. Sud je p\u0159ipojenej, bili\u00e1r vybalenej, dorazili i dal\u0161\u00ed Neg\u0159i. S\u00a0ve\u010derem je \u010das na ve\u010de\u0159i. Onehd\u00e1 jsem sl\u00edbil bu\u0159ty na \u010dern\u00fdm p\u00edvu a te\u010f nastal jejich \u010das. Tom mi sekunduje, pom\u00e1h\u00e1 loupat a kr\u00e1jet cibul, papriku i bu\u0159ty. V\u0161echno to d\u00e1v\u00e1me do pek\u00e1\u010de, kde na to sypu ko\u0159en\u00ed na n\u011bkolik hektar\u016f a zalejv\u00e1m to \u010den\u00fdm p\u00edvem. Spou\u0161t\u00edm oh\u0159ev a dokud nen\u00ed zelenina vym\u011bkl\u00e1 a<a href=\"http:\/\/www.slim2009.cz\/wordpress\/wp-content\/uploads\/2021\/10\/IMG-20210918-WA0042-2.jpg\" target=\"_blank\" rel=\"noopener\"><img loading=\"lazy\" decoding=\"async\" class=\"alignright wp-image-4909 size-medium\" src=\"http:\/\/slim2009.cz\/wordpress\/wp-content\/uploads\/2021\/10\/IMG-20210918-WA0042-169x300.jpg\" alt=\"\" width=\"169\" height=\"300\" \/><\/a> p\u00edvo zredukovan\u00fd do supr \u0161\u0165\u00e1vi\u010dky nep\u0159est\u00e1v\u00e1m topit. Pak nut\u00edm osazenstvo, aby ochutnali. V\u0161echno to zmizelo jako prd. Dokonce i zn\u00e1mej vego\u0161 Janko Tla\u010di\u010d tla\u010d\u00ed zeleninu s\u00a0v\u00fdpekem z\u00a0bu\u0159t\u016f. Za p\u00e1r hodin v\u00a010:43, je Janko Tla\u010di\u010d v\u00a0rau\u0161i. T\u011b\u017eko \u0159\u00edct, jestli je to z\u00a0n\u00e1poj\u016f, nebo ho uspala ta s\u00edla v\u00fdpeku. Netrv\u00e1 dlouho a n\u00e1sledujeme jeho p\u0159\u00edkladu. Odpad\u00e1me jeden po druh\u00fdm do hajan. R\u00e1no jsme brzo vzh\u016fru dva. J\u00e1 a \u0160v\u00e1bik. Venku je pon\u011bkud mokro po no\u010dn\u00edm de\u0161ti, ale u\u017e to osych\u00e1. Po sn\u00eddani se p\u0159ipravuju k\u00a0odjezdu na Superflow. Je\u0161t\u011b ne\u017e odj\u00ed\u017ed\u00edm, za\u010d\u00ednaj se kaloni hem\u017eit. Jedu ve \u00bc na dev\u011bt. U Z\u00e1kladny RS je zat\u00edm klid a chladno. V\u016fbec mi to nejede a to jsem teprve u Kalten\u0161tejnu. Jedu, jedu a ani trochu mi to nechutn\u00e1. Snad se to zlep\u0161\u00ed. Stoup\u00e1n\u00ed od Mari\u00e1nsk\u00fdho potoka k\u00a0asfaltce sice zvl\u00e1d\u00e1m, ale odpo\u010dinkovej asfalt mi nepom\u00e1h\u00e1. Pod stoup\u00e1kem u Svazarmovsk\u00fd chaty zastavuju. K\u00a0brodu fun\u00edm. U brodu stoj\u00edm, sotva popadaj\u00edc dech. N\u011bkolik minut v\u00e1h\u00e1m ne\u017e p\u0159ej\u00ed\u017ed\u00edm brod, ale v\u00a0prvn\u00ed z\u00e1krut\u011b se zasek\u00e1v\u00e1m o balvan. Prd\u00edm na to! Proto\u017ee nikoho nezdr\u017euju tla\u010d\u00edm a tla\u010d\u00edm a\u017e k\u00a0Wiessnerovu kameni, kde fot\u00edm vodypad\u00e1n\u00ed a mochom\u016frky. P\u0159edj\u00ed\u017ed\u00ed m\u011b trojka ve slo\u017een\u00ed FMF. Naho\u0159e na cest\u011b je zase p\u0159edj\u00ed\u017ed\u00edm j\u00e1. A\u017e k\u00a0Flou\u010dku jedu v\u00a0poklidn\u00fdm tempu. P\u016fvodn\u011b jsem cht\u011bl po\u010dkat, a\u017e n\u011bkdo z\u00a0kalo\u0148\u016f p\u0159ijede. Je ale zima, fun\u00ed studenej v\u00edtr, tak jedu. Prvn\u00ed sekce je pohodov\u00e1. P\u0159ejezd ke druh\u00fd je nuda. Na druh\u00fd sekci Flou\u010dka ud\u011blali stavitel\u00e9 n\u011bj\u00e1k\u00fd zm\u011bny a docela m\u011b p\u0159ekvapily dva drop\u00edky bl\u00edzko za sebou. Prvn\u00ed m\u011b rozhodil a druhej\u00a0 shodil haksny ze \u0161lapek, tak\u017ee jsem visel za \u0159\u00edd\u00edtka s\u00a0b\u0159ichem na sedle a zadn\u00ed pneu\u0161kou v\u00a0prdel\u00ed\u00ed\u00ed\u00ed. Na flou\u010dku bych n\u011bco takov\u00fdho, jako drop ne\u010dekal a jsou tam i lavice, kter\u00fd p\u0159ed dv\u011bma lety nebyly. Trp\u00edm i na n\u00e1sleduj\u00edc\u00edch sekc\u00edch. Je\u0161t\u011b n\u011bkolikr\u00e1t m\u00e1m na m\u00e1le. Tr\u00e1p\u00edm se. Kone\u010dn\u011b jsem dole u z\u00e1kladny RS. Kupuju si pol\u00edvku a malinovku. Po\u010das\u00ed se stabilizovalo, ale teplo moc nen\u00ed, teda aspo\u0148 m\u011b. Po j\u00eddle se rozhoduju k\u00a0n\u00e1vratu do Kov\u00e1rny. Koupu se a pak zalejz\u00e1m do pelechu. Us\u00edn\u00e1m, je mi zima. Zhruba za dv\u011b hodiny m\u011b bud\u00ed telefon. Hrnec se pt\u00e1, kde jako sem. \u0158\u00edk\u00e1m, \u017ee le\u017e\u00edm a \u017ee na Venu\u0161iny kuli\u010dky nem\u00e1m n\u00e1ladu. Misky sem \u0159\u00edkal! Ani na Misky, jsem \u017eenatej a za zenitem. Zav\u011b\u0161uju a sp\u00edm d\u00e1l. Vst\u00e1v\u00e1m, kdy\u017e se vrac\u00ed Kaloni z\u00a0vyj\u00ed\u017e\u010fky. Po o\u010dist\u011b nast\u00e1v\u00e1 slavnej okam\u017eik. Rozd\u011bl\u00e1n\u00ed spe\u0161l konzervy Surstr\u00f6mming. \u0160v\u00e9dsk\u00e1 \u0161pecialita ze sled\u011b &#8211; ryb\u00ed j\u00eddlo, kter\u00fd se vyr\u00e1b\u00ed zkva\u0161en\u00edm ryb\u00edho masa. Vyzna\u010duje se mimo\u0159\u00e1dn\u011b intenzivn\u00edm smradem. Konzervu otev\u00edr\u00e1 Tom. V\u00edtr jde sm\u011brem k\u00a0bar\u00e1ku, tak\u017ee dost\u00e1v\u00e1m d\u00e1vku toho smradu. K\u00a0\u010demu to p\u0159irovnat? Asi takhle: Sta\u010d\u00ed vz\u00edt kontejner na odpadky, hodit do n\u011bj ku\u0159e a zah\u0159\u00e1t. Po\u010dkat n\u011bkolik dn\u00ed a na konec sko\u010dit dovnit\u0159. Tak asi tak. N\u011bkolik odv\u00e1\u017elivc\u016f ochutn\u00e1v\u00e1. Tom ani nemrkne, \u0160v\u00e1bik nabere \u017edibec a u\u017e svi\u0161t\u00ed k\u00a0z\u00e1bradl\u00ed. Sna\u017e\u00edm se nep\u0159ibli\u017eovat a hlavn\u011b nebejt po v\u011btru. Jen \u0161koda, \u017ee nemohla p\u0159ijet Ka\u010dka Winsle\u010f a Televize Gebls. To by byla sle\u010fovanost! Dal\u0161\u00ed Neg\u0159i p\u0159ij\u00ed\u017ed\u011bj\u00ed ve skrytu a po ubytov\u00e1n\u00ed jdou do Trailhauzu, kam se stahujou i dal\u0161\u00ed. Sled\u011b si berou sebou. Z\u016fst\u00e1v\u00e1m na bar\u00e1ku. R\u00e1no se pomalinku prob\u00edr\u00e1me. Sn\u00edd\u00e1me, prov\u00e1d\u00edme o\u010distu a i jin\u00fd ritu\u00e1ly. Po dev\u00e1t\u00fd hodin\u011b vyr\u00e1\u017e\u00edme k\u00a0\u017eidl\u00edm. Po\u010das\u00ed nen\u00ed nic moc, je zata\u017eeno a mokro. P\u0159esto n\u00e1s jede n\u011bco kolem 12cti. Prvn\u00ed zast\u00e1vka je v\u00a0lomu Na Ramp\u011b. Odtud jedeme po bejval\u00fd vle\u010dce do \u017dulov\u00fd. Stoup\u00e1me do Doln\u00ed Skoro\u0161ice a pak mezi polema rovinkou pod L\u00e1nsk\u00fd Vrch km10. Naho\u0159e jsou slibovan\u00fd \u017eidle a st\u016fl pro obry. Od \u017eidl\u00ed jedeme dobr\u00fdch 16kil\u00e1k\u016f z\u00a0kope\u010dka. Nejd\u0159\u00edv Sedml\u00e1n\u016f, d\u00e1l kolem Rohatce do Bukov\u00fd a Bernartic. Za Bernarticema se st\u00e1\u010d\u00edme z\u00e1padn\u00edm sm\u011brem. Krajina se k\u00a0Javorn\u00edku otev\u00edr\u00e1, fouk\u00e1 lehkej protiv\u00edtr. Peloton se poprv\u00e9 za\u010d\u00edn\u00e1 trhat vlivem nevyrovnan\u00fdch v\u00fdkon\u016f. I kdy\u017e se sna\u017e\u00edm jet jak drak, \u010delo pelotonu se pomalu vzdaluje, ale z\u00e1rove\u0148 se vzdaluju i prdeli pelotonu. Kdy\u017e spolu s\u00a0Hrncem vj\u00ed\u017ed\u00edme do Javorn\u00edku<a href=\"http:\/\/www.slim2009.cz\/wordpress\/wp-content\/uploads\/2021\/10\/IMG_20210918_115824-2.jpg\" target=\"_blank\" rel=\"noopener\"><img loading=\"lazy\" decoding=\"async\" class=\"alignright wp-image-4907 size-medium\" src=\"http:\/\/slim2009.cz\/wordpress\/wp-content\/uploads\/2021\/10\/IMG_20210918_115824-300x270.jpg\" alt=\"\" width=\"300\" height=\"270\" \/><\/a> km20, jsou \u201e\u010delolisti\u201c kdesi. Nach\u00e1z\u00edme je v\u00a0Tavern\u011b na verand\u011b. Po \u0148\u00e1k\u00fd chvilce p\u0159ij\u00ed\u017ed\u00ed i zbytek Negr\u016f. Objedn\u00e1v\u00e1me si pit\u00ed a j\u00eddlo. Odn\u011bkud se p\u0159ikradl ko\u010di\u010d\u00e1k a na v\u00fdzvu se uvelebuje na m\u00fdm kl\u00edn\u011b, kde pod\u0159imuje. \u010cesne\u010dka mu nejede, ale kus studen\u00fdho sma\u017e\u00e1ku zba\u0161til. Na z\u00e1v\u011br sladk\u00e1 te\u010dka Sachr se \u0161leha\u010dkou, kde 1\/2lku \u0161leha\u010dky si dal ko\u010di\u010d\u00e1k. Plot\u00edme zlotem, nased\u00e1me a jedem. Jedeme kolem z\u00e1mku, skrz park do rychlebsk\u00fdch kopc\u016f a hnedle je to zhurta. V\u00a0parku u vodojemu 370mnm \u010dek\u00e1me, a\u017e budeme v\u0161ichni a teprve pak raz\u00edme k\u00a0prvn\u00edmu z\u00a0vrchol\u016f pod Dubov\u00fdm vrchem 525mnm, km35. To u\u017e je peloton nasekanej na \u010d\u00e1sti. Dr\u017e\u00edm se v\u00a0prvn\u00ed skupin\u011b. H\u0159eben 620mnm a kr\u00e1tkej kilometrovej sjezd do sedla H\u0159ebenovky 560mnm. N\u00e1sleduj\u00edc\u00ed stoup\u00e1n\u00ed pod Rove\u0148 725mnm, s krati\u010dkou zast\u00e1vkou u odpr\u00e1sk\u00e1v\u00e1rny, ze kter\u00fd n\u00e1s fot\u00ed Kubajz .\u00a0 \u00a0U vany nad Nov\u00fdma Vil\u00e9movicema op\u011bt zastavujeme . Za vrcholem stoup\u00e1n\u00ed pod Rov\u011b\u0148, rychl\u00fd kilometrov\u00fd kles\u00e1n\u00ed na Hrani\u010dky 680mnm. Te\u010f u\u017e jen posledn\u00ed v\u00fdznamn\u00fd stoup\u00e1n\u00ed okolo Bor\u016fvkov\u00fdho vrchu do 780mnm, km45. Za\u010d\u00edn\u00e1m toho m\u00edt dost, tak ve stoup\u00e1n\u00ed okolo Borvk\u00e1\u010de na chv\u00edli zastavuju. Krom Dejva mi v\u0161ichni miz\u00ed. Ostatn\u00ed z Negr\u016f jsou n\u011bkde za n\u00e1mi a od sedac\u00ed vany jedou i jin\u00fdm sm\u011brem. Ztr\u00e1tu rychle doh\u00e1n\u00edm proto\u017ee u\u017e po necel\u00fdm kilometru se cesta zprudka vrh\u00e1 z\u00a0kopce do Petrovic. N\u011bkolik bajker\u016f p\u0159edj\u00ed\u017ed\u00edm. V\u00a0Petrovic\u00edch na sebe \u010dek\u00e1me. Pak u\u017e Skoro\u0161ice, \u017dulov\u00e1 km55, kde naviguju do lomu Transgranit. Potk\u00e1v\u00e1me kn\u00edrat\u00fdho t\u00fdpka s\u00a0Nik\u00f3nem. Ten n\u00e1m d\u011bl\u00e1 skupinovou fotku u vody v lomu. Pak nekompromisn\u011b dom\u016f potrati, teda bejval\u00fd. U Rampy za\u010d\u00edn\u00e1 cedit, ale ne\u017e se dostaneme do Kov\u00e1rny km62, je po v\u0161em. Koupa\u010dka a pak leno\u0161en\u00ed. Bohu\u017eel do\u0161lo p\u00edvo. Voln\u00e1 z\u00e1bava a pak jako obvykle sp\u00e1t. R\u00e1no jede v\u011bt\u0161ina Negr\u016f dom\u016f, jen n\u011bkolik jich jede u\u017e\u00edt si naposledy traily. Jedeme vyzkou\u0161et Jest\u0159\u00e1b. Vynech\u00e1v\u00e1me stoupac\u00ed trail, jedinej kdo ho prost\u011b chce je Dejf. My ostatn\u00ed Janko, Hrnec, Tom, Palec a J\u00e1 tentokr\u00e1t stoup\u00e1me pod Sokol\u00ed Vrch p\u0159es Novou \u010cervenou Vodu. Je to sice d\u00e1l, jen je to z\u00a0Vody po asfaltu a pohodln\u011b. Po\u010das\u00ed n\u00e1m p\u0159eje, proto\u017ee ani nek\u00e1pne a a\u017e na drobnou mlhu je chladno, a\u017e zima. To \u0159\u00edkal Dejf kdy\u017e na n\u00e1s 20minut \u010dekal nad Wiessnerem. Spole\u010dn\u011b jedeme k\u00a0\u010dern\u00fdmu trailu\u00a0Nau\u010dn\u00e1 stezka. Ani nev\u00edm pro\u010d jsem podlehnul tomu n\u00e1zvu \u201eNau\u010dn\u00e1\u201c. Asi proto: \u201eNau\u010dn\u00e9 stezky jsou zpravidla vyzna\u010dkovan\u00e9 v\u00fdchovn\u011b vzd\u011bl\u00e1vac\u00ed trasy veden\u00e9 p\u0159\u00edrodn\u011b nebo kulturn\u011b pozoruhodn\u00fdmi prostory, na nich\u017e jsou vybr\u00e1ny n\u011bkter\u00e9 v\u00fdznamn\u00e9 jevy a objekty, kter\u00e9 jsou zvl\u00e1\u0161t\u011b vysv\u011btleny.\u201c A tady jsou objekty a jevy i bez vysv\u011btlen\u00ed, o kult\u016f\u0159e ni slovo. Hopsando grando a jsme u Biskupsk\u00fdho. Nejd\u0159\u00edv ale \u0161up na Velrybu. Posledn\u011b do\u0161lo na Velryb\u011b ke koulen\u00ed bajker\u016f, ale te\u010f to bylo bez chyb. Od Velryby nastoup\u00e1me p\u00e1r metr\u016f a d\u00e1v\u00e1me Obelixe, co\u017e je soustava r\u016fzn\u011b velk\u00fdch balvan\u016f. Znova vzh\u016fru a Biskupsk\u00fdm stoup\u00e1\u010dkem na Proklet\u00fd. N\u00e1dhera, kameny dr\u017eej, dropy dropaj. Najednou je tady zm\u011bna! Kdysi trail kon\u010dil u cesty a najednou stoupac\u00ed serpent\u00fdna. V\u00fdjezd na planinu mezi skalku a jsou tady zk\u0159\u00ed\u017een\u00fd hn\u00e1ty. Zastavujeme, abysme to prozkoumali. Zat\u00edm co zkoum\u00e1me, jin\u00ed bajke\u0159i \u0161up a mizej pod<a href=\"http:\/\/www.slim2009.cz\/wordpress\/wp-content\/uploads\/2021\/10\/IMG-20210919-WA0023-2.jpg\" target=\"_blank\" rel=\"noopener\"><img loading=\"lazy\" decoding=\"async\" class=\"alignright wp-image-4911 size-medium\" src=\"http:\/\/slim2009.cz\/wordpress\/wp-content\/uploads\/2021\/10\/IMG-20210919-WA0023-300x225.jpg\" alt=\"\" width=\"300\" height=\"225\" \/><\/a> n\u00e1ma. Pro jistotu sn\u00e1\u0161\u00edme bajky o kousek n\u00ed\u017e. Pak do sedel a k\u00a0cest\u011b. Za cestou dal\u0161\u00ed sekce Proklet\u00fdho. Hlavn\u00ed c\u00edl dne je p\u0159ed n\u00e1ma. Za\u010d\u00e1tek Jest\u0159\u00e1ba! Po odpo\u010dinku jedeme. N\u011bkolikr\u00e1t se zap\u00edchnu p\u0159edn\u00edm kolem mezi \u0161utry do d\u00edry. Tak, tak, \u017ee nelet\u00edm. V\u0161echny lavice ozna\u010den\u00fd sk\u0159\u00ed\u017eenejma hn\u00e1tama obj\u00ed\u017ed\u00edm, ale ani tak to moc nejede. Docela \u010dasto tla\u010d\u00edm. Za \u010cerven\u00fdm potokem je konec tr\u00e1pen\u00ed. Je\u0161t\u011b posledn\u00ed sekce Superflow, zastavit se na j\u00eddlo, koupit d\u00e1rky na Z\u00e1kladn\u011b RS a potom se na Kov\u00e1rn\u011b vykoupat, hodit kola do dr\u017e\u00e1k\u016f a odjezd. Jedeme skrz Polsko, kde n\u00e1s nikdo nestav\u00ed, tak\u017ee No Problem.<\/p>\n<p>Fotky a video <a href=\"http:\/\/www.slim2009.cz\/photo\/#\/shared_space\/folder\/587?_k=s94z5q\" target=\"_blank\" rel=\"noopener\">je tady.<\/a><\/p>\n","protected":false},"excerpt":{"rendered":"<p>Rok pl\u00e1nov\u00e1n\u00ed a 16.-19.9.2021 jsme zp\u00e1tky! Teda alespo\u0148 n\u011bkte\u0159\u00ed. Luk\u00e1\u0161 zajistil \u201eApartm\u00e1ny Kov\u00e1rna\u201c s\u00a0p\u0159edstihem u\u017e v\u00a0listopadu 2020 a to na z\u00e1klad\u011b p\u0159\u00edslibu devaten\u00e1cti Negr\u016f. I z\u00e1loha byla nezvykle rychle vybran\u00e1 a zaplacen\u00e1. Sta\u010dilo se jen deset m\u011bs\u00edc\u016f t\u011b\u0161it. Hlavn\u011b aby &hellip; <a href=\"https:\/\/www.slim2009.cz\/wordpress\/archivalie\/archiv-crnci\/rychleby-2021\/\">Cel\u00fd p\u0159\u00edsp\u011bvek <span class=\"meta-nav\">&rarr;<\/span><\/a><\/p>\n","protected":false},"author":1,"featured_media":0,"parent":5066,"menu_order":14,"comment_status":"closed","ping_status":"closed","template":"","meta":{"footnotes":""},"class_list":["post-4906","page","type-page","status-publish","hentry"],"_links":{"self":[{"href":"https:\/\/www.slim2009.cz\/wordpress\/wp-json\/wp\/v2\/pages\/4906","targetHints":{"allow":["GET"]}}],"collection":[{"href":"https:\/\/www.slim2009.cz\/wordpress\/wp-json\/wp\/v2\/pages"}],"about":[{"href":"https:\/\/www.slim2009.cz\/wordpress\/wp-json\/wp\/v2\/types\/page"}],"author":[{"embeddable":true,"href":"https:\/\/www.slim2009.cz\/wordpress\/wp-json\/wp\/v2\/users\/1"}],"replies":[{"embeddable":true,"href":"https:\/\/www.slim2009.cz\/wordpress\/wp-json\/wp\/v2\/comments?post=4906"}],"version-history":[{"count":1,"href":"https:\/\/www.slim2009.cz\/wordpress\/wp-json\/wp\/v2\/pages\/4906\/revisions"}],"predecessor-version":[{"id":6352,"href":"https:\/\/www.slim2009.cz\/wordpress\/wp-json\/wp\/v2\/pages\/4906\/revisions\/6352"}],"up":[{"embeddable":true,"href":"https:\/\/www.slim2009.cz\/wordpress\/wp-json\/wp\/v2\/pages\/5066"}],"wp:attachment":[{"href":"https:\/\/www.slim2009.cz\/wordpress\/wp-json\/wp\/v2\/media?parent=4906"}],"curies":[{"name":"wp","href":"https:\/\/api.w.org\/{rel}","templated":true}]}}