{"id":4592,"date":"2020-10-31T17:15:20","date_gmt":"2020-10-31T16:15:20","guid":{"rendered":"http:\/\/188.120.214.195\/?page_id=4592"},"modified":"2020-10-31T17:15:20","modified_gmt":"2020-10-31T16:15:20","slug":"do-ticha-hvozdu","status":"publish","type":"page","link":"https:\/\/www.slim2009.cz\/wordpress\/vandry-2\/do-ticha-hvozdu\/","title":{"rendered":"Do ticha hvozd\u016f 2020"},"content":{"rendered":"<p>Do ticha \u0161umavsk\u00fdch hvozd\u016f 30.9. \u2013 3.10.2020<a href=\"http:\/\/www.slim2009.cz\/wordpress\/wp-content\/uploads\/2020\/10\/IMG_6739-scaled.jpg\" target=\"_blank\" rel=\"noopener noreferrer\"><img loading=\"lazy\" decoding=\"async\" class=\"alignright wp-image-4595\" src=\"http:\/\/www.slim2009.cz\/wordpress\/wp-content\/uploads\/2020\/10\/IMG_6739-scaled.jpg\" alt=\"\" width=\"310\" height=\"207\" \/><\/a><\/p>\n<p>P\u0159edpov\u011b\u010f po\u010das\u00ed, ani koronavirov\u00e1 situace nebyla nijak p\u0159\u00edzniv\u00e1 a ob\u011b hrozby mohly zhatit celej podzimn\u00ed vandr. To se na\u0161t\u011bst\u00ed nakonec nestalo, ale j\u00edzda vlakem v\u00a0rou\u0161ce nen\u00ed prost\u011b nic moc. Po\u010das\u00ed celej p\u0159edchoz\u00ed tejden prov\u00e1d\u011blo ps\u00ed kusy, jako je pr\u0161en\u00ed, ochlazov\u00e1n\u00ed a na \u0160umav\u011b i sn\u011b\u017een\u00ed. Nic n\u00e1s neodradilo a ve st\u0159edu posledn\u00ed z\u00e1\u0159ijovej den se sj\u00ed\u017ed\u00edme v\u00a0Praze, odkud jedeme do \u017delezn\u00fd Rudy, n\u00e1stupn\u00edho m\u00edsta vandru. Jedeme t\u0159i, Jura, \u0160us\u0165a a j\u00e1. V\u00a0rychl\u00edku \u201eBerounka\u201c dr\u017e\u00edm kluk\u016fm m\u00edsto u\u017e z\u00a0Wilso\u0148\u00e1ku. Vlastn\u011b to nen\u00ed ani nutn\u00fd, proto\u017ee vlaky jsou poslen\u00edch 6m\u011bs\u00edc\u016f pr\u00e1zdn\u00fd. Cesta p\u0159es Beroun a Plze\u0148 ub\u00edhala bez probl\u00e9m\u016f, p\u0159estup v\u00a0Klatovech do osob\u00e1ku taky a tak okolo druh\u00fd vystupujeme v\u00a0\u017delezn\u00fd Rud\u011b centrum. Pl\u00e1n A je, \u017ee odsud p\u016fjdeme p\u011b\u0161ky, pl\u00e1n B, \u017ee popojedeme do Nov\u00fd H\u016frky autobusem. Vyhr\u00e1la varianta B, tak m\u00e1me \u010das na n\u00e1kup n\u011bj\u00e1k\u00fdch drobnost\u00ed v\u00a0m\u00edstn\u00edm COOpu jako je chleba, klob\u00e1sky a hlavn\u011b voda. Taky m\u00e1me \u010das na n\u00e1v\u0161t\u011bvu buf\u00e1\u010de, kde se posil\u0148ujeme \u0159\u00edzkem nebo sv\u00ed\u010dkovou. Po n\u00e1kupu a posiln\u011bn\u00ed, dostali \u0160us\u0165a s Jurou chu\u0165 na chmelomok. Na autobusov\u00fd zast\u00e1vce zanech\u00e1vaj\u00ed spolu s\u00a0b\u00e1gly i m\u011b, potom odch\u00e1zej\u00ed naproti do Hotelu Ostr\u00fd. J\u00e1 mezit\u00edm korzuju tam i zp\u011bt, vy\u010dk\u00e1v\u00e1m jejich n\u00e1vrat a p\u0159\u00edjezd autobusu. U\u017e od p\u0159\u00edjezdu do Rudy, pozoruju na Bavorsk\u00fd stran\u011b hranice zbytky sn\u011bhu le\u017e\u00edc\u00edm na kopci Velk\u00fd javor. Na\u0161t\u011bst\u00ed je to jedinej sn\u00edh, kterej vid\u00edm. Po 1\/2\u010dtvrt\u00fd nastupujeme do autobusu a odj\u00ed\u017ed\u00edme do Nov\u00fd H\u016frky. Za n\u011bkolik minut vystupujeme a odch\u00e1z\u00edme kolem apartm\u00e1n\u016f Abele do H\u016frky. Cesta vede pod\u00e9l Drozd\u00edho potoka, tak\u017ee st\u00e1le stoup\u00e1. Nov\u00e1 H\u016frka je 900m n\/m a bejval\u00e1 vesnice H\u016frka v\u00a0tis\u00edci metrech, tak to nen\u00ed na dva a 1\/2kilometrech \u017e\u00e1dn\u00fd extra stoup\u00e1n\u00ed. Necelej kilometr od k\u0159i\u017eovatky le\u017e\u00ed zbytky h\u016freck\u00fd jedle star\u00fd 300let.<a href=\"http:\/\/www.slim2009.cz\/wordpress\/wp-content\/uploads\/2020\/10\/IMG_6790-scaled.jpg\" target=\"_blank\" rel=\"noopener noreferrer\"><img loading=\"lazy\" decoding=\"async\" class=\"alignright wp-image-4596\" src=\"http:\/\/www.slim2009.cz\/wordpress\/wp-content\/uploads\/2020\/10\/IMG_6790-scaled.jpg\" alt=\"\" width=\"311\" height=\"207\" \/><\/a> Skl\u00e1rna, brus\u00edrna, pila ani jin\u00fd zbytky os\u00eddlen\u00ed se u\u017e kolem nenach\u00e1z\u00ed. V\u00a0poklidu p\u0159ich\u00e1z\u00edme ke k\u0159i\u017eovatce cest pod H\u016frkou a odpo\u010d\u00edv\u00e1me. A\u017e po chv\u00edli si v\u0161\u00edm\u00e1me, \u017ee ke kapli Sv.K\u0159\u00ed\u017ee je to jen p\u00e1r metr\u016f. Tak se p\u0159esunujeme tam. Skl\u00e1rna na H\u016frce vyr\u00e1b\u011bla a\u017e do roku 1904 tabulov\u00e9 sklo pro ben\u00e1tsk\u00e1 zrcadla. H\u016frka byla kr\u00e1snou vesnic\u00ed. Vsi dominoval barokn\u00ed kostel sv. Vincence z roku 1789, kter\u00fd\u017eto nechal postavit majitel skl\u00e1ren Ign\u00e1c Hafenbr\u00e4del. Kostel sv. Vincence zdobila barokn\u00ed cibulovit\u00e1 b\u00e1\u0148 z jedn\u00e9 strany kryt\u00e1 \u0161indelem, v\u011b\u017e nechal p\u0159istav\u011bt v roce 1819 majitel huti Ji\u0159\u00ed Kry\u0161tof Abele. Vedle kostel\u00edka u h\u0159bitova byla postavena v roce 1820 velk\u00e1 kaple sv. K\u0159\u00ed\u017ee coby rodinn\u00e1 hrobka skl\u00e1\u0159sk\u00fdch rod\u016f. V kapli byli v prosklen\u00fdch rakv\u00edch pochov\u00e1ni \u010dlenov\u00e9 rodin Hafenbr\u00e4dl\u016f a Abel\u016f, coby majitel\u016f h\u016freck\u00fdch skl\u00e1ren. D\u00e1le na H\u016frce st\u00e1val z\u00e1me\u010dek a hotel U jezera Laka v roce 1938 je zde uv\u00e1d\u011bno 26 pokoj\u016f, hostinec, po\u0161ta, \u0161kola, fara, dva ml\u00fdny a lesovna. Pokoje jsou minulost\u00ed, dneska se nach\u00e1z\u00ed v\u00a0horn\u00ed \u010d\u00e1sti bejval\u00fd obce do\u010dasn\u00fd nocovi\u0161t\u011b, kter\u00fd pou\u017eijeme vzhledem pokro\u010dil\u00fdmu odpoledni. Nesm\u00ed se tady krom p\u0159esp\u00e1n\u00ed nic zakl\u00e1dat, ale je tu rovinka a lavi\u010dky se stolem. K\u00a0hrazen\u00ed a lavi\u010dce p\u0159id\u011bl\u00e1v\u00e1me plachty, vybalujeme. D\u011bl\u00e1me si n\u011bco k\u00a0ve\u010de\u0159i, pomalu se stroj\u00edme, proto\u017ee slunce zmizelo za kopcem Polom vysok\u00fdm 1295m a citeln\u011b se ochlazuje. Bude jasn\u00e1 noc t\u011bsn\u011b p\u0159ed \u00fapl\u0148kem. Nad pastvinou se tvo\u0159\u00ed ml\u017enej opar. Ohe\u0148 d\u011blat nem\u016f\u017eeme, tak po smrknut\u00ed zalejz\u00e1me do spac\u00e1k\u016f. N\u011bkdy po druh\u00fd r\u00e1no, m\u011b jasn\u011b sv\u00edt\u00edc\u00ed m\u011bs\u00edc vytahuje ven ze spac\u00e1ku. P\u0159i t\u00fd p\u0159\u00edle\u017eitosti d\u011bl\u00e1m n\u011bkolik sn\u00edmk\u016f no\u010dn\u00ed \u0161umavy. V\u0161ude je siln\u00e1 rosa, dokonce i na spodn\u00ed stran\u011b p\u0159\u00edst\u0159e\u0161ku a na spac\u00e1ku. R\u00e1no m\u00e1me v\u0161echno provlhl\u00fd, je syrovo. Zd\u00e1 se, \u017ee tr\u00e1va m\u00e1 i omrzliny. Ale po\u010das\u00ed n\u00e1m p\u0159eje, jen co se slunce p\u0159ehoupne p\u0159es vr\u0161ky strom\u016f, za\u010d\u00edn\u00e1 vysu\u0161ovat provlhl\u00fd v\u011bci. Po sn\u00eddani, vysu\u0161en\u00ed a zabalen\u00ed se vyd\u00e1v\u00e1me vandrovat k\u00a0jezeru Laka. Odch\u00e1z\u00edme arm\u00e1dn\u00ed cestou. U Rudsk\u00fd k\u0159i\u017eovatky sledujeme d\u00e1l \u017elutou zna\u010dku. V\u00a0levo od <a href=\"http:\/\/www.slim2009.cz\/wordpress\/wp-content\/uploads\/2020\/10\/IMG_6806b-scaled.jpg\" target=\"_blank\" rel=\"noopener noreferrer\"><img loading=\"lazy\" decoding=\"async\" class=\"alignright wp-image-4597\" src=\"http:\/\/www.slim2009.cz\/wordpress\/wp-content\/uploads\/2020\/10\/IMG_6806b-scaled.jpg\" alt=\"\" width=\"311\" height=\"175\" \/><\/a>cesty jsou zbytky vodn\u00edho kan\u00e1lu, kterej slou\u017eil k\u00a0plaven\u00ed d\u0159eva a jako p\u0159\u00edvod vody k\u00a0pohonu stroj\u016f ve skl\u00e1rn\u00e1ch. Po dvaap\u016fl kilometrech stoj\u00edme u jezera. Jezero Laka taky zvan\u00e9 Mlaka nebo Pleso je nejmen\u0161\u00ed a nejv\u00fd\u0161e polo\u017een\u00fd (1096 m n. m.) jezero ledovcov\u00e9ho p\u016fvodu na \u010desk\u00e9 stran\u011b \u0160umavy. Nach\u00e1z\u00ed se na svahu hory Plesn\u00e1 (Debrn\u00edk), rozloha \u010din\u00ed pouh\u00fdch 2,78 ha a nejv\u011bt\u0161\u00ed nam\u011b\u0159en\u00e1 hloubka jen 3,9 m. Zat\u00edmco ostatn\u00ed \u0161umavsk\u00e1 ledovcov\u00e1 jezera maj\u00ed kamenit\u00e1 dna v\u00edce \u010di m\u00e9n\u011b zanesen\u00e1 kalem z okoln\u00edch les\u016f, na dn\u011b jezera Laka nen\u00ed \u017e\u00e1dn\u00e1 zn\u00e1mka po souvisl\u00e9m kamenn\u00e9m povrchu. M\u00edsto toho je zde vrstva ra\u0161eliny. Od jezera Laka zprudka stoup\u00e1me ke zlat\u00fdmu stole\u010dku. Zlat\u00fd stole\u010dek (1 196 m n. m.) na jihoz\u00e1padn\u00edm svahu \u017dd\u00e1nidel 1308 m n. m. (sed\u00fdlko mezi Plesnou a \u017dd\u00e1nidly) je m\u00edsto, kde si m\u011bnili \u010de\u0161t\u00ed a bavor\u0161t\u00ed pa\u0161er\u00e1ci zbo\u017e\u00ed. \u00dadajn\u011b jim k tomu slou\u017eil k\u00e1men &#8211; \u010dty\u0159bok\u00e1 kamenn\u00e1 pyramida, kter\u00e1 navrch obr\u00e1cenou rovnou plochou skute\u010dn\u011b tvo\u0159ila cosi na zp\u016fsob stolu. A pod n\u00edm podle pov\u011bsti byl zakopanej i zlatej poklad\u2026 Po odpo\u010dinku jdeme d\u00e1l. Kles\u00e1me k\u00a0bejval\u00fd osad\u011b Horn\u00ed \u017dd\u00e1nidla. V\u00a0p\u0159\u00edst\u0159e\u0161ku nad osadou ob\u011bdv\u00e1me, ne\u017e se vyd\u00e1v\u00e1me k rovn\u011b\u017e bejval\u00fd osad\u011b Gsenget. A\u017e k\u00a0Frantovu mostu po\u0159\u00e1d kles\u00e1me. Je\u0161t\u011b ne\u017e klesneme a\u017e k\u00a0pr\u00e1\u0161ilsk\u00fdmu potoku 950 m n.m., vid\u00edme na prot\u011bj\u0161\u00edm kopci Poledn\u00edk rozhlednu, kam se za n\u011bkolik hodin vy\u0161kr\u00e1beme. Za Frantov\u00fdm neboli spr\u00e1vn\u011b Frisch\u016fv mostem, zase stoup\u00e1me. Jak jinak ne\u017e zprudka. Nech\u00e1v\u00e1m Juru i \u0160us\u0165u vzadu za sebou. Po dvou kilometrech zastavuju na k\u0159i\u017eovatce \u201eU bejval\u00fd roty\u201c, kde \u010dek\u00e1m, a\u017e p\u0159ijdou kluci. Za rotou u cesty je stud\u00e1nka, kde nab\u00edr\u00e1me vodu. N\u00e1hodou je to i polovina cesty vzh\u016fru na <a href=\"http:\/\/www.slim2009.cz\/wordpress\/wp-content\/uploads\/2020\/10\/IMG_6984e-scaled.jpg\" target=\"_blank\" rel=\"noopener noreferrer\"><img loading=\"lazy\" decoding=\"async\" class=\"alignright wp-image-4598\" src=\"http:\/\/www.slim2009.cz\/wordpress\/wp-content\/uploads\/2020\/10\/IMG_6984e-scaled.jpg\" alt=\"\" width=\"311\" height=\"175\" \/><\/a>Poledn\u00edk. Op\u011bt se vzdaluju, jdu nap\u0159ed a stoup\u00e1m k\u00a0vrcholu s\u00e1m. Ve \u010dty\u0159i hodiny jsem naho\u0159e. Rozhledna na Poledn\u00edku je uzav\u0159en\u00e1 z\u00a0d\u016fvodu havarijn\u00edho stavu, na\u0161t\u011bst\u00ed p\u0159\u00edst\u0159e\u0161ek s krbem je bez omezen\u00ed. Kdy\u017e se ocit\u00e1me v\u0161ichni t\u0159i naho\u0159e, je n\u00e1m jasn\u00fd, \u017ee d\u00e1l u\u017e dneska nep\u016fjdeme. Svoje jm\u00e9no hora dostala patrn\u011b od pr\u00e1\u0161ilsk\u00fdch d\u0159evorubc\u016f, kte\u0159\u00ed tvrdili, \u017ee jakmile slunce vystoup\u00ed nad temeno t\u00e9to hory, je poledne a tedy \u010das k ob\u011bdu. Vrchol Poledn\u00ed hory byl p\u016fvodn\u011b zalesn\u011bnej, snad i proto nevyb\u00edzel k vyhl\u00eddk\u00e1m. Z\u00e1sadn\u00ed zlom p\u0159i\u0161el se studenou v\u00e1lkou &#8211; ta ud\u011blala z hory, s v\u00fdhodnou polohou a nadmo\u0159skou v\u00fd\u0161kou, vojensk\u00e9 stanovi\u0161t\u011b elektronick\u00e9 ostrahy st\u00e1tn\u00ed hranice. \u0160koda, \u017ee u krbu nen\u00ed trocha toho d\u0159eva. Obch\u00e1z\u00edme vrcholek Poledn\u00edku a na jeho severn\u00ed \u010d\u00e1sti sb\u00edr\u00e1me vy\u0161isovan\u00fd klacky. Ostatn\u011b jin\u00fd d\u0159\u00edv\u00ed tady nen\u00ed. Dal\u0161\u00ed d\u0159\u00edv\u00ed p\u0159in\u00e1\u0161\u00ed \u0160us\u0165a z\u00a0okol\u00ed pod p\u0159\u00edst\u0159e\u0161kem. Zapalujeme ohe\u0148 v\u00a0krbu. Va\u0159\u00edme si \u010daj, ba\u0161t\u00edme z\u00e1soby. P\u0159ich\u00e1zej\u00ed a zase odch\u00e1zej\u00ed v\u00fdletn\u00edci. Dva co p\u0159i\u0161li fotit v\u00fdchod m\u011bs\u00edce a taky jeden co jde od r\u00e1na p\u0159es Osser \u2013 Ostr\u00fd a je\u0161t\u011b pot\u0159ebuje doj\u00edt n\u011bkam ke Kvild\u011b, tak\u017ee bude m\u00edt v\u00a0noh\u00e1ch asi tak 70kil\u00e1k\u016f. To je na\u0161ich 14n\u00e1ct kil\u00e1k\u016f \u00fapln\u00fd prd. Ne\u017e se setm\u00ed, objev\u00ed se je\u0161t\u011b p\u00e1re\u010dek z\u00a0n\u011bmec. D\u00edky \u0160us\u0165ovi, jen\u017e opra\u0161uje jazykoznalosti se dozv\u00edd\u00e1me, \u017ee na \u010deskou stranu hranice m\u016f\u017eou na dva dny, ale kdyby z\u016fstali d\u00fdl, mus\u00ed do karant\u00e9ny. Na ohni si va\u0159\u00ed \u0148\u00e1k\u00fd j\u00e1hly, po peci se t\u00e1hly. U\u017e je tma jak v\u00a0pytly a voni furt sed\u011bj a sed\u011bj. Vzhledem k\u00a0tomu, \u017ee chceme sp\u00e1t na lavic\u00edch p\u0159ira\u017een\u00fdch k\u00a0sob\u011b, tak n\u00e1m trochu hat\u011bj pl\u00e1n. Na\u0161t\u011bst\u00ed se p\u0159eci jen zvedaj\u00ed, odch\u00e1z\u00ed do stanu a my si d\u011bl\u00e1me pelech na lavi\u010dk\u00e1ch pod p\u0159\u00edst\u0159e\u0161kem, tak\u017ee n\u00e1m rosa dneska nehroz\u00ed. Je <a href=\"http:\/\/www.slim2009.cz\/wordpress\/wp-content\/uploads\/2020\/10\/IMG_7053-scaled.jpg\" target=\"_blank\" rel=\"noopener noreferrer\"><img loading=\"lazy\" decoding=\"async\" class=\"alignright wp-image-4599\" src=\"http:\/\/www.slim2009.cz\/wordpress\/wp-content\/uploads\/2020\/10\/IMG_7053-scaled.jpg\" alt=\"\" width=\"311\" height=\"207\" \/><\/a>\u00fapln\u011bk, m\u011bs\u00edc sv\u00edt\u00ed jak pominutej, a\u017e to vypad\u00e1 jako by napadnul popra\u0161ek sn\u011bhu. R\u00e1no se po nebi hon\u00ed mraky, to se asi bude kazit po\u010das\u00ed. Spalujeme posledn\u00ed d\u0159\u00edv\u00ed, va\u0159\u00edme si \u010daj, sn\u00edd\u00e1me. Po zabalen\u00ed, uv\u00e1d\u00edme p\u0159\u00edst\u0159e\u0161ek do p\u016fvodn\u00edho stavu a vyr\u00e1\u017e\u00edme sm\u011br Modrava. Ve\u010der n\u00e1s vandrovn\u00ed upozornil, \u017ee v\u00a0okol\u00ed slat\u00ed to ochran\u00e1\u0159i docela hl\u00eddaj, ale hlavn\u011b m\u00e1me zpo\u017ed\u011bn\u00ed, tak\u017ee bysme nemuseli stihnout zejt\u0159ej\u0161\u00ed rann\u00ed spojen\u00ed dom\u016f. Ud\u011bl\u00e1me to teda jinak. P\u016fjdeme rovnou do Modravy. Spolu s \u010dervenou zna\u010dkou kles\u00e1me. Za Javo\u0159\u00ed slat\u00ed u bejval\u00fd roty vedle kamenn\u00fd st\u00e9ly \u201eNeprojdou\u201c odpo\u010d\u00edv\u00e1me. Znova zva\u017eujeme, jestli proj\u00edt Roklanskou sla\u0165 k\u00a0B\u0159ezn\u00edku. Nejde to! M\u00e1me fakt m\u00e1lo \u010dasu. Pokra\u010dujeme k\u00a0Javo\u0159\u00ed pile, soutoku Roklansk\u00fdho a Javo\u0159\u00edho potoku, kde bylo Mezolitick\u00e9 s\u00eddli\u0161t\u011b. U Ryb\u00e1rny pak ob\u011bdv\u00e1me, nebo\u0165 tu\u0161\u00edme, \u017ee Modrava bude drah\u00e1 jako Aspen. To se ostatn\u011b po dvou kilometrech potvrzuje. Vstupujeme do tov\u00e1rny na prachy jm\u00e9nem \u201ePivovar Lyer\u201c. U vedlej\u0161\u00edho stolu zrovna plat\u00ed za ob\u011bd i s\u00a0p\u0159\u00edslu\u0161enstv\u00edm 2tis\u00edce. Pro dvou\u010dlennou rodinu l\u00e1ce J. My se spokoj\u00edme s\u00a0pivkem. Jak konstatujeme po odchodu, n\u011bco mezi G\u00e9\u010dkem a Kru\u0161ovicema, nic zvl\u00e1\u0161tn\u00edho za ty prachy. Jdeme na zast\u00e1vku autobusu. P\u0159esuneme se co nejbl\u00ed\u017e \u017delezn\u00fdmu Rudovi, odkud n\u00e1m zejtra pojede rychl\u00edk do Prahy. P\u0159esuneme se do Rej\u0161tejna, odkud p\u016fjdeme n\u011bj\u00e1k\u00fdch 8kilometr\u016f do Hartmanic. Autobus p\u0159ij\u00ed\u017ed\u00ed na \u010das. Nastupujeme a nech\u00e1v\u00e1me se odv\u00e9zt do Rej\u0161tejna n\u00e1m\u011bst\u00ed. P\u0159ed 3\/4t\u011b na \u010dty\u0159i znova vyr\u00e1\u017e\u00edme na trasu. Za Rej\u0161tejnem cesta stoup\u00e1 zprudka nad Kl\u00e1sterskej mlejn, a\u017e ke kapli\u010dce. Zase jsem nap\u0159ed a tak u kapli\u010dky \u010dek\u00e1m, a\u017e se objev\u00ed \u0160us\u0165a s\u00a0Jurou. V\u00a0d\u00e1lce na obzoru jsou z\u0159ejm\u011b vid\u011bt Hartmanice a v\u00a0pravo rozhledna Svatobor nad Su\u0161ic\u00ed. Ve Velk\u00fdm Radkov\u011b se jdeme pod\u00edvat na zdej\u0161\u00ed raritu, smolnou pec. Traduje se, \u017ee pec nechal vystav\u011bt holi\u010d z V\u00eddn\u011b, jen\u017e se do kraje p\u0159i\u017eenil, av\u0161ak nev\u00ed se, zda si pl\u00e1ny na stavbu a v\u00fdrobu kosmetiky ji\u017e s sebou p\u0159ivezl \u010di <a href=\"http:\/\/www.slim2009.cz\/wordpress\/wp-content\/uploads\/2020\/10\/IMG_7070-scaled.jpg\" target=\"_blank\" rel=\"noopener noreferrer\"><img loading=\"lazy\" decoding=\"async\" class=\"alignright wp-image-4600\" src=\"http:\/\/www.slim2009.cz\/wordpress\/wp-content\/uploads\/2020\/10\/IMG_7070-scaled.jpg\" alt=\"\" width=\"311\" height=\"207\" \/><\/a>zda je z\u00edskal pozd\u011bji. Je mo\u017en\u00e9, \u017ee m\u011bl obchodn\u00ed vazby na podnikatele z V\u00eddn\u011b, kter\u00fd mu p\u0159edal pouze pl\u00e1ny stavebn\u00ed, ne v\u0161ak v\u00fdrobn\u00ed, a mohlo se tak jednat o podvodn\u00edka. V jin\u00e9 domn\u011bl\u00e9 verzi o vzniku pece se m\u00e1 za to, \u017ee obchod p\u0159eru\u0161ily ud\u00e1losti prvn\u00ed sv\u011btov\u00e9 v\u00e1lky, kde\u017eto dal\u0161\u00ed o\u010dek\u00e1v\u00e1, \u017ee stavba byla po technick\u00e9 str\u00e1nce prov\u00e1d\u011bna chybn\u011b, pro\u010de\u017e se od dokon\u010den\u00ed stavby upustilo. Jako nejpravd\u011bpodobn\u011bj\u0161\u00ed se p\u0159ipou\u0161t\u00ed, \u017ee do\u0161lo ke stavebn\u00edm chyb\u00e1m z d\u016fvodu nepochopen\u00ed pl\u00e1nu; mo\u017en\u00e9 je t\u00e9\u017e, \u017ee samotn\u00e9 pl\u00e1ny obsahovaly chyby. V ka\u017ed\u00e9m p\u0159\u00edpad\u011b nejsou d\u016fkazy o tom, \u017ee by pec n\u011bkdy byla v provozu. Po kilometru v\u00a0Mal\u00fdm Radkov\u011b u jednoho statku maj\u00ed d\u0159ev\u011bnou krasavici, kterou hl\u00edd\u00e1 \u201est\u00e1do\u201c hus\u00ed, kter\u00fd jak n\u00e1s zmer\u010d\u00ed, hnedka kejhaj a kdyby mohly, hnaly by n\u00e1s. P\u00e1r metr\u016f za staven\u00edm je pramen s\u00a0hrn\u00ed\u010dky. Dob\u00edr\u00e1me vodu a pokra\u010dujeme d\u00e1l k\u00a0Hartmanic\u016fm. U\u017e te\u010f je jasn\u00fd, \u017ee tenhle p\u0159ibli\u017eovac\u00ed pl\u00e1n je to nejlep\u0161\u00ed co n\u00e1s potkalo. V\u00a0Okol\u00ed bydl\u00ed \u0161pr\u00fdma\u0159i a v\u011bd\u00ed jak pocestn\u00fdm zp\u0159\u00edjemnit vandr. Cedule na sloupu s\u00a0n\u00e1pisem \u201eKurva Grande\u201c sm\u011b\u0159uj\u00edc\u00ed k\u00a0d\u0159ev\u011bn\u00fd krasavici, je toho jedn\u00edm z\u00a0d\u016fkaz\u016f. Kdy\u017e p\u0159ich\u00e1z\u00edme do Zalu\u017eic v\u00edt\u00e1 n\u00e1s obrovsk\u00e1 cedule: V\u00edtejte v\u00a0na\u0161em pohostinn\u00e9m m\u011bst\u011b. V\u00a0p\u0159\u00edpad\u011b, \u017ee nechcete pou\u017e\u00edt na\u0161\u00ed proslul\u00e9 pohostinnosti, je\u010fte rad\u011bji oklikou, nap\u0159\u00edklad p\u0159es Ann\u00edn. Informace o m\u011bst\u011b: Zalo\u017eeno mezi roky 1128 \u2013 1914 v\u00a0\u010dervnu. Nyn\u011bj\u0161\u00ed po\u010det st\u00e1l\u00fdch obyvatel: 0. Partnersk\u00e9 m\u011bsto: HUSTON, TEXAS. Kdy\u017e vych\u00e1z\u00edme ze Z\u00e1lu\u017eic na obzoru se objevuje hrad Ka\u0161perk, ale za zat\u00e1\u010dkou se zase skryl za kopec. V\u00a0Kundratic\u00edch je pam\u00e1tek je\u0161t\u011b v\u00edc. U rybn\u00edka stoj\u00ed menhir ve spole\u010dnosti \u017eelezn\u00fdho \u0161rotu, kusu migu a vodn\u00edka. Nad rybn\u00edkem stoj\u00ed z\u00e1mek, jeho\u017e majitel\u00e9 jsou sdru\u017een\u00ed v\u00a0Asociaci majitel\u016f hrad\u016f a z\u00e1mk\u016f. Taky je tady hospoda s\u00a0ko\u010di\u010di\u010d\u00e1kem. Toho hlad\u00edme, ale putyku m\u00edj\u00edme ve prosp\u011bch jin\u00fd v\u00a0Hartmanic\u00edch. Bl\u00ed\u017e\u00ed se tma, a u bl\u00edzk\u00fd sjezdovky okukujeme mo\u017enost span\u00ed, ale je to nanicovat\u00fd. Na za\u010d\u00e1tku Hartmanic se zjevuje opravdov\u00e1 4\u0159ka do kter\u00fd n\u00e1s to vcuclo. Jedin\u00fd co va\u0159ej je p\u00edvo a<a href=\"http:\/\/www.slim2009.cz\/wordpress\/wp-content\/uploads\/2020\/10\/IMG_7101a-scaled.jpg\" target=\"_blank\" rel=\"noopener noreferrer\"><img loading=\"lazy\" decoding=\"async\" class=\"alignright wp-image-4601\" src=\"http:\/\/www.slim2009.cz\/wordpress\/wp-content\/uploads\/2020\/10\/IMG_7101a-scaled.jpg\" alt=\"\" width=\"311\" height=\"175\" \/><\/a> utopenec. M\u00edstn\u00ed honorace h\u00e1z\u00ed \u0161ipky a leje. Venku se d\u011bje tma a kdov\u00ed kam si lehneme. Jeden pl\u00e1n \u0159\u00edk\u00e1, \u017ee na h\u0159i\u0161t\u011b. Druhou variantu nab\u00edz\u00ed jeden z\u00a0m\u00edstn\u00edch a pos\u00edl\u00e1 n\u00e1s hned za hospodou do kopce, \u017ee prej je tam d\u011btskej koutek, ohni\u0161t\u011b, pramen vody a plac na span\u00ed. Kdy\u017e u\u017e m\u00e1me dopito, jdeme tam, kam n\u00e1s poslal. Opravdu za posledn\u00edm bar\u00e1kem je plac. Ve chv\u00edli, kdy si leh\u00e1me, odkud si z\u00a0lesa p\u0159ij\u00ed\u017ed\u00ed 4&#215;4, zastavuje u pramene a os\u00e1dka prov\u00e1d\u00ed opravu chlazen\u00ed. Pak se se sv\u00fdm bour\u00e1kem zase no\u0159\u00ed do tmy. Kone\u010dn\u011b m\u016f\u017eeme sp\u00e1t. R\u00e1no vst\u00e1v\u00e1me brzo, abysme stihli autobus do \u017delezn\u00fd Rudy. Sta\u010d\u00edme i lehce posn\u00eddat a taky ud\u011blat p\u00e1r sn\u00edmk\u016f inverze pod n\u00e1ma. Pak sch\u00e1z\u00edme dolu do civilizace k\u00a0Z\u00e1kl.\u0160kole k\u00a0zast\u00e1vce. K\u00a0na\u0161emu \u00fadivu nen\u00ed \u017e\u00e1dnej autobus v\u00a08:02 psanej. Pt\u00e1me se okolo jdouc\u00ed volebn\u00ed komise a odpov\u011b\u010f p\u0159ich\u00e1z\u00ed s\u00a0p\u0159\u00edjezdem autobusu. Odj\u00ed\u017ed\u00edme do Rudy. V\u00a0Rud\u011b jdeme na zast\u00e1vku vlaku. Bohu\u017eel vlak z\u00a0Prahy m\u00e1 spo\u017ed\u011bn\u00ed, to znamen\u00e1, \u017ee bude m\u00edt spo\u017ed\u011bn\u00ed i do Prahy. Nen\u00ed pot\u0159eba \u010dekat, a\u017e p\u0159ijede vlak z\u00a0Al\u017eb\u011bt\u00edna, m\u016f\u017eeme se na p\u0159ep\u0159ah\u00e1n\u00ed i pod\u00edvat a t\u00edm p\u00e1dem vyr\u00e1\u017e\u00edme z\u00a0kone\u010dn\u00fd na kone\u010dnou. Vlak je op\u011bt polopr\u00e1znej a\u017e do Prahy, kde se lou\u010d\u00edme. Jura jede do Ti\u0161nova, \u0160us\u0165a do Brna a j\u00e1 Krakono\u0161em do Trutnova. Kup\u00e9 m\u00e1m s\u00e1m pro sebe a to se fakt dlouho nestalo. U barmana si kupuju m\u00e1tovej \u010daj a sladkej kol\u00e1\u010dek. Cesta tak ub\u011bhla jako nic. Tak zase v\u00a0kv\u011btnu, jestli to n\u00e1kaza nezhat\u00ed.<\/p>\n<p>Fotky <a href=\"http:\/\/www.slim2009.cz\/photo\/#\/shared_space\/folder\/382?_k=cfe7iw\" target=\"_blank\" rel=\"noopener noreferrer\">tady.<\/a>\u00a0\u00a0\u00a0\u00a0\u00a0\u00a0\u00a0\u00a0\u00a0\u00a0\u00a0\u00a0\u00a0\u00a0\u00a0\u00a0\u00a0\u00a0\u00a0\u00a0\u00a0\u00a0\u00a0 Itiner\u00e1\u0159 <a href=\"http:\/\/www.slim2009.cz\/Prilohy\/KralovskymHvozdem2020\/vandr2020podzim.pdf\" target=\"_blank\" rel=\"noopener noreferrer\">zde.<\/a><\/p>\n<p>Video v <a href=\"http:\/\/www.slim2009.cz\/Prilohy\/Videa\/DoTicha2020.mp4\" target=\"_blank\" rel=\"noopener noreferrer\">HD kvalit\u011b tady.<\/a><\/p>\n","protected":false},"excerpt":{"rendered":"<p>Do ticha \u0161umavsk\u00fdch hvozd\u016f 30.9. \u2013 3.10.2020 P\u0159edpov\u011b\u010f po\u010das\u00ed, ani koronavirov\u00e1 situace nebyla nijak p\u0159\u00edzniv\u00e1 a ob\u011b hrozby mohly zhatit celej podzimn\u00ed vandr. To se na\u0161t\u011bst\u00ed nakonec nestalo, ale j\u00edzda vlakem v\u00a0rou\u0161ce nen\u00ed prost\u011b nic moc. Po\u010das\u00ed celej p\u0159edchoz\u00ed tejden &hellip; <a href=\"https:\/\/www.slim2009.cz\/wordpress\/vandry-2\/do-ticha-hvozdu\/\">Cel\u00fd p\u0159\u00edsp\u011bvek <span class=\"meta-nav\">&rarr;<\/span><\/a><\/p>\n","protected":false},"author":1,"featured_media":0,"parent":776,"menu_order":25,"comment_status":"closed","ping_status":"closed","template":"","meta":{"footnotes":""},"class_list":["post-4592","page","type-page","status-publish","hentry"],"_links":{"self":[{"href":"https:\/\/www.slim2009.cz\/wordpress\/wp-json\/wp\/v2\/pages\/4592","targetHints":{"allow":["GET"]}}],"collection":[{"href":"https:\/\/www.slim2009.cz\/wordpress\/wp-json\/wp\/v2\/pages"}],"about":[{"href":"https:\/\/www.slim2009.cz\/wordpress\/wp-json\/wp\/v2\/types\/page"}],"author":[{"embeddable":true,"href":"https:\/\/www.slim2009.cz\/wordpress\/wp-json\/wp\/v2\/users\/1"}],"replies":[{"embeddable":true,"href":"https:\/\/www.slim2009.cz\/wordpress\/wp-json\/wp\/v2\/comments?post=4592"}],"version-history":[{"count":0,"href":"https:\/\/www.slim2009.cz\/wordpress\/wp-json\/wp\/v2\/pages\/4592\/revisions"}],"up":[{"embeddable":true,"href":"https:\/\/www.slim2009.cz\/wordpress\/wp-json\/wp\/v2\/pages\/776"}],"wp:attachment":[{"href":"https:\/\/www.slim2009.cz\/wordpress\/wp-json\/wp\/v2\/media?parent=4592"}],"curies":[{"name":"wp","href":"https:\/\/api.w.org\/{rel}","templated":true}]}}