{"id":454,"date":"2009-05-11T21:03:03","date_gmt":"2009-05-11T20:03:03","guid":{"rendered":"http:\/\/www.skip.cz\/milan\/?page_id=454"},"modified":"2009-05-11T21:03:03","modified_gmt":"2009-05-11T20:03:03","slug":"tur-kde-fis","status":"publish","type":"page","link":"https:\/\/www.slim2009.cz\/wordpress\/archivalie\/archiv-vylety\/tur-kde-fis\/","title":{"rendered":"T\u016fr kde fi\u0161"},"content":{"rendered":"<p>V\u00fdlet za rybou, byl m\u00e1lem zma\u0159en. Nejprve m\u00e1jov\u00fdm de\u0161t\u011bm ve 13.38 a\u017e 14.05 a potom po dofouknut\u00ed pneu\u0161ek\u00a0 zji\u0161t\u011bn\u00edm, \u017ee pan T pro\u0161oupal pl\u00e1\u0161\u0165 a\u017e skrz. Proto se pan T vyd\u011blil z na\u0161eho st\u0159edu a jel p\u0159ezout ze sliku na mokr\u00fd dez\u00e9n. Hlavn\u00ed skupina odjela spo\u017ed\u011bna za rybou po pl\u00e1novan\u00e9 trase.<\/p>\n<p>Detaily z trasy <a href=\"http:\/\/www.slim2009.cz\/Prilohy\/Pilnikov.pdf\" target=\"_blank\" rel=\"noopener\">zde<\/a>\u00a0\u00a0\u00a0\u00a0\u00a0\u00a0\u00a0\u00a0\u00a0\u00a0\u00a0\u00a0\u00a0\u00a0\u00a0\u00a0\u00a0\u00a0\u00a0 Mapa trasy <a href=\"http:\/\/www.slim2009.cz\/wordpress\/wp-content\/uploads\/2009\/05\/pilnikov.jpg\" target=\"_blank\" rel=\"noopener\">zde<\/a>\u00a0\u00a0\u00a0\u00a0\u00a0\u00a0\u00a0\u00a0\u00a0\u00a0\u00a0\u00a0\u00a0\u00a0\u00a0\u00a0\u00a0\u00a0\u00a0\u00a0\u00a0\u00a0\u00a0\u00a0\u00a0\u00a0\u00a0Fotky z v\u00fdjezdu <a href=\"http:\/\/www.slim2009.cz\/photo\/#\/shared_space\/folder\/339?_k=i6lime\" target=\"_blank\" rel=\"noopener\">zde.<\/a><\/p>\n<p><a href=\"http:\/\/www.slim2009.cz\/wordpress\/wp-content\/uploads\/2009\/03\/ryba.jpg\" target=\"_blank\" rel=\"noopener\"><img loading=\"lazy\" decoding=\"async\" class=\" wp-image-444 alignleft\" title=\"ryba\" src=\"http:\/\/www.slim2009.cz\/wordpress\/wp-content\/uploads\/2009\/03\/ryba-219x300.jpg\" alt=\"ryba\" width=\"131\" height=\"180\" \/><\/a><a href=\"http:\/\/www.slim2009.cz\/wordpress\/wp-content\/uploads\/2009\/05\/pilnikov.jpg\" target=\"_blank\" rel=\"noopener\"><img loading=\"lazy\" decoding=\"async\" class=\"wp-image-455 alignleft\" title=\"pilnikov\" src=\"http:\/\/www.slim2009.cz\/wordpress\/wp-content\/uploads\/2009\/05\/pilnikov.jpg\" alt=\"pilnikov\" width=\"230\" height=\"173\" \/><\/a><a href=\"http:\/\/www.slim2009.cz\/wordpress\/wp-content\/uploads\/2009\/05\/img_2490.jpg\" target=\"_blank\" rel=\"noopener\"><img loading=\"lazy\" decoding=\"async\" class=\"alignleft wp-image-462\" title=\"img_2490\" src=\"http:\/\/www.slim2009.cz\/wordpress\/wp-content\/uploads\/2009\/05\/img_2490-300x200.jpg\" alt=\"img_2490\" width=\"180\" height=\"120\" \/><\/a><\/p>\n<p>&nbsp;<\/p>\n<p>&nbsp;<\/p>\n<p>&nbsp;<\/p>\n<p>&nbsp;<\/p>\n<p>&nbsp;<\/p>\n<p>&nbsp;<\/p>\n<p>&nbsp;<\/p>\n<p>&nbsp;<\/p>\n","protected":false},"excerpt":{"rendered":"<p>V\u00fdlet za rybou, byl m\u00e1lem zma\u0159en. Nejprve m\u00e1jov\u00fdm de\u0161t\u011bm ve 13.38 a\u017e 14.05 a potom po dofouknut\u00ed pneu\u0161ek\u00a0 zji\u0161t\u011bn\u00edm, \u017ee pan T pro\u0161oupal pl\u00e1\u0161\u0165 a\u017e skrz. Proto se pan T vyd\u011blil z na\u0161eho st\u0159edu a jel p\u0159ezout ze sliku na &hellip; <a href=\"https:\/\/www.slim2009.cz\/wordpress\/archivalie\/archiv-vylety\/tur-kde-fis\/\">Cel\u00fd p\u0159\u00edsp\u011bvek <span class=\"meta-nav\">&rarr;<\/span><\/a><\/p>\n","protected":false},"author":1,"featured_media":0,"parent":5050,"menu_order":1,"comment_status":"closed","ping_status":"closed","template":"","meta":{"footnotes":""},"class_list":["post-454","page","type-page","status-publish","hentry"],"_links":{"self":[{"href":"https:\/\/www.slim2009.cz\/wordpress\/wp-json\/wp\/v2\/pages\/454","targetHints":{"allow":["GET"]}}],"collection":[{"href":"https:\/\/www.slim2009.cz\/wordpress\/wp-json\/wp\/v2\/pages"}],"about":[{"href":"https:\/\/www.slim2009.cz\/wordpress\/wp-json\/wp\/v2\/types\/page"}],"author":[{"embeddable":true,"href":"https:\/\/www.slim2009.cz\/wordpress\/wp-json\/wp\/v2\/users\/1"}],"replies":[{"embeddable":true,"href":"https:\/\/www.slim2009.cz\/wordpress\/wp-json\/wp\/v2\/comments?post=454"}],"version-history":[{"count":0,"href":"https:\/\/www.slim2009.cz\/wordpress\/wp-json\/wp\/v2\/pages\/454\/revisions"}],"up":[{"embeddable":true,"href":"https:\/\/www.slim2009.cz\/wordpress\/wp-json\/wp\/v2\/pages\/5050"}],"wp:attachment":[{"href":"https:\/\/www.slim2009.cz\/wordpress\/wp-json\/wp\/v2\/media?parent=454"}],"curies":[{"name":"wp","href":"https:\/\/api.w.org\/{rel}","templated":true}]}}