{"id":4525,"date":"2020-06-21T19:41:22","date_gmt":"2020-06-21T18:41:22","guid":{"rendered":"http:\/\/188.120.214.195\/?page_id=4525"},"modified":"2020-06-21T19:41:22","modified_gmt":"2020-06-21T18:41:22","slug":"klinovec-2020","status":"publish","type":"page","link":"https:\/\/www.slim2009.cz\/wordpress\/archivalie\/archiv-crnci\/klinovec-2020\/","title":{"rendered":"Kl\u00ednovec 2020"},"content":{"rendered":"<p><a href=\"http:\/\/www.slim2009.cz\/wordpress\/wp-content\/uploads\/2020\/06\/IMG-20200603-WA0001-2.jpg\" target=\"_blank\" rel=\"noopener noreferrer\"><img loading=\"lazy\" decoding=\"async\" class=\"alignright wp-image-4528\" src=\"http:\/\/www.slim2009.cz\/wordpress\/wp-content\/uploads\/2020\/06\/IMG-20200603-WA0001-2.jpg\" alt=\"\" width=\"211\" height=\"281\" \/><\/a>Jako obvykle nejprve padne n\u00e1vrh, pak se obecn\u011b komunikuje, aby v\u00fdsledkem bylo v\u0161eobecn\u00fd hlasov\u00e1n\u00ed o term\u00ednu, kterej stejn\u011b nevyhovuje v\u0161em a proto ozn\u00e1m\u00edm kdy to bude a basta. Bude to 4 a\u017e 7.6.2020 a pojedeme na Kl\u00ednovec.<br \/>\nOd ledna se postupn\u011b hl\u00e1sili Ne\u0159i z\u00a0cel\u00fdho okol\u00ed a j\u00e1 objednal ubytov\u00e1n\u00ed na\u00a0Chat\u011b Barborka v\u00a0Lou\u010dn\u00fd pod Kl\u00ednovcem. Dlouhou dobu to vypadalo, \u017ee n\u00e1s bude v\u00a0chat\u011b maxim\u00e1ln\u011b 10. Ale zas\u00e1hla proz\u0159etelnost a s\u00a0n\u00ed \u201epand\u00e9mie\u201c Covid-19, hroz\u00edc\u00ed \u00fapln\u00fdm zru\u0161en\u00edm cel\u00fdho podniku. Na\u0161t\u011bst\u00ed se na konci dubna za\u010dalo tzv. rozvol\u0148ov\u00e1n\u00ed, kter\u00fd na konci kv\u011btna bylo skoro rozvoln\u011bn\u00fd. Shroma\u017e\u010fov\u00e1n\u00ed i cestov\u00e1n\u00ed bylo zase mo\u017en\u00fd a co v\u00edc, p\u0159ihl\u00e1\u0161enejch bylo u\u017e 19 negr\u016f a na z\u00e1loh\u00e1ch vybr\u00e1no po 7 stovk\u00e1ch od ka\u017ed\u00fdho. V\u00a0zajednan\u00fdm term\u00ednu v\u0161ichni vyr\u00e1\u017e\u00edme, a\u010dkoliv hl\u00e1\u0161en\u00ed po\u010das\u00ed nen\u00ed kdov\u00ed jak p\u0159\u00edzniv\u00fd. Ve \u010dtvrtek r\u00e1no nab\u00edr\u00e1m Tom\u00e1\u0161e a vyr\u00e1\u017e\u00edme v \u00fastrety uzav\u00edrk\u00e1m. Cesta prob\u00edhala celkem klidn\u011b, a\u017e na jedno ned\u00e1n\u00ed p\u0159ednosti v\u00a0j\u00edzd\u011b vozidlu Tatra 815, jedouc\u00ed po kruh\u00e1\u010di v\u00a0Pace. P\u0159ed Lounama se kone\u010dn\u011b dost\u00e1v\u00e1me do kolony, kde dobrou 1\/2hodinu poskakujeme v\u00a0kolon\u011b u \u201edrive-in\u201c Slan\u00fd Lotou\u0161, nakonec se p\u0159eci jen fronta aut pohnula a pokra\u010dujeme v\u00a0cest\u011b. Z\u00a0Postoloprt si Ford\u00edk pr\u010f\u00e1nkoval 130tkou po D\u00e9 sedmi\u010dce a\u017e za Chomutov.\u00a0 Pak u\u017e jen n\u011bkolik zato\u010den\u00ed volantem p\u0159es K\u0159\u00edmov, V\u00fdslun\u00ed, Kov\u00e1\u0159sk\u00e1 a jsme v\u00a0H\u00e1ji. Na m\u00edst\u011b u\u017e jsou hordy negersk\u00fdch bajker\u016f, chystaj\u00edc\u00edch se, nebo vyjet\u00fdch na Kl\u00ednovec. Po p\u0159iv\u00edt\u00e1n\u00ed okam\u017eit\u011b odhazujeme bag\u00e1\u017e na pokoj, p\u0159evl\u00edk\u00e1me se a vyr\u00e1\u017e\u00edme do ml\u017en\u00fdho oparu. Asfalt mlask\u00e1 pod koly, pot se \u0159ine z\u00a0pod helmy, stoup\u00e1n\u00ed od z\u00e1kladny U Barborky kon\u010d\u00ed a\u017e na vrcholu Kl\u00ednovce 1244metr\u016f nad baltickou \u00dapou. Tady se potk\u00e1v\u00e1me s\u00a0dal\u0161\u00edma Kalo\u0148grama te\u010dkovan\u00fdma, veden\u00fdch Luk\u00e1\u0161em maj\u00edc\u00ed za sebou n\u011bkolik trail\u016f. Mrholen\u00ed ust\u00e1v\u00e1, ledovej v\u00edtr fun\u00ed d\u00e1l. Ne\u010dek\u00e1me a\u017e p\u0159\u00edjde a\u017e\u00faro k\u00a0n\u00e1m, ale spou\u0161t\u00edme se Azurem sami. Lehce vlhkej Flow Azur na za\u010d\u00e1tek, je pohodovej. Po deseti kil\u00e1k\u00e1ch pohodov\u00fdho trailovan\u00ed stoj\u00edme u spodn\u00ed stanice lanovky, kde si v\u011bt\u0161ina kupuje 100bod\u016f za 1120ka\u010dek, co\u017e vysta\u010d\u00ed na z\u00e1vratn\u00fdch 10 j\u00edzd. Na nic ne\u010dek\u00e1me a nech\u00e1v\u00e1me se vyt\u00e1hnout zase k\u00a0vrcholu. Jako druhou j\u00edzdu jedeme Rub\u00edn. Tady si do sedla moc nesedneme, ale nen\u00ed to zase tak t\u011b\u017ek\u00fd. Ob\u010das mus\u00edme sko\u010dit lou\u017ei\u010dku a bah\u00ednko, ale nic velk\u00fdho. 8kilometr\u016f kr\u00e1sn\u00fdho pumpov\u00e1n\u00ed, klopen\u00ed a lehk\u00fdho drnc\u00e1n\u00ed s\u00a0jedn\u00edm p\u0159\u00edjemn\u00fdm dropikem. Do t\u0159etice d\u00e1v\u00e1me znova Rub\u00edn. U doln\u00ed stanice lanovky za\u010d\u00edn\u00e1 kapat. Ne\u017e n\u00e1s lanovka vyvezla na vrchol, kape je\u0161t\u011b v\u00edc. Naho\u0159e si bereme v\u011btrovky, ale ne\u017e bys \u0159ekl \u0161vec, leje, jako kdy\u017e t\u011b do vody hod\u00ed. Na nic ne\u010dek\u00e1me a stejk\u00e1me spolu s\u00a0vodou pod kopec k z\u00e1kladn\u011b. Voda p\u0159ede mnou, voda za mnou, voda v\u0161ude, ano i tam. Lij\u00e1k nep\u0159est\u00e1v\u00e1, dokud nestoj\u00edme zp\u00e1tky u Barborky. Bajky d\u00e1v\u00e1me do vedlej\u0161\u00edho bar\u00e1ku a \u010dvachty, \u010dvacht se mast\u00edme svl\u00edknout, vykoupat a usu\u0161it. Mokr\u00fd hadry rozv\u011b\u0161ujeme na v\u0161echny dostupn\u00fd radi\u00e1tory. Soust\u0159ed\u00edme se ve spole\u010densk\u00fd m\u00edstnosti soused\u00edc\u00ed s\u00a0kuchy\u0148kou, do kter\u00fd Hrnec um\u00edstil v\u00fd\u010dep s\u00a0Kr\u00e1korou. St\u00e1le p\u0159ij\u00ed\u017ed\u011bj nov\u00ed \u00fa\u010dastn\u00edci a po setm\u011bn\u00ed dor\u00e1\u017e\u00ed posledn\u00ed 19t\u00fd Kalo\u0148. Z\u0159ejm\u011b je to rekordn\u00ed \u00fa\u010dast. Z\u00e1bava se pomalu rozj\u00ed\u017ed\u00ed. Nejprve gratulace a d\u00e1rek Hrncovi k\u00a0nadch\u00e1zej\u00edc\u00edm \u201e18tin\u00e1m\u201c, pak pozv\u00e1n\u00ed k\u00a0oslav\u011b m\u00fdch posledn\u00edch 50tin (po kolik\u00e1t\u00fd u\u017e). Jeden Jameson pro X kalo\u0148\u016f je jako nic.<a href=\"http:\/\/www.slim2009.cz\/wordpress\/wp-content\/uploads\/2020\/06\/IMG-20200604-WA0007-2.jpg\" target=\"_blank\" rel=\"noopener noreferrer\"><img loading=\"lazy\" decoding=\"async\" class=\"alignright wp-image-4529\" src=\"http:\/\/www.slim2009.cz\/wordpress\/wp-content\/uploads\/2020\/06\/IMG-20200604-WA0007-2.jpg\" alt=\"\" width=\"306\" height=\"230\" \/><\/a> Abysme byli r\u00e1no \u010dil\u00ed, jdeme sp\u00e1t pom\u011brn\u011b brzy. Progn\u00f3za po\u010das\u00ed je p\u011bkn\u011b na leva\u010dku. Venku u\u017e kone\u010dn\u011b neleje, ale jen pr\u0161\u00ed. R\u00e1no moud\u0159ej\u0161\u00ed ve\u010dera. Probouz\u00edm se n\u011bkolikr\u00e1t, ale definit\u00edvn\u011b v\u00a0\u0161est. Vylejz\u00e1m a jdu si do kuchyn\u011b ud\u011blat sn\u00eddani. O n\u011bco pozd\u011bji p\u0159ich\u00e1z\u00ed Schwab, \u0161uk\u00e1 po seknici, aby v\u00a0z\u00e1p\u011bt\u00ed objevil repr\u00e1k a pustil v\u0161em co je\u0161t\u011b bucaj p\u0159\u00edjemnou hudbu do ou\u0161ka. Preu\u00dfens Gloria, Norimberk\u00fd projev AH a r\u016fzn\u00fd p\u0159\u00ed\u0161ernosti z Ein Kessel Buntes. N\u011bkolik negr\u016f ho proklelo do des\u00e1t\u00fdho kolene, ale kop\u0159ivu mr\u00e1z nesp\u00e1l\u00ed, naopak ho to vyprovokovalo k\u00a0nach\u00e1zen\u00ed dal\u0161\u00edch biz\u00e1r\u016f n\u011bmeck\u00fd prdkult\u016fry. V\u00fdsledek na sebe nenechal dlouho \u010dekat. Kdo mohl, provedl sn\u00eddani, uva\u0159il rann\u00ed hygienu a hned jak oschly o\u010di, p\u00e1\u010d silnice z\u016fstala vlhk\u00e1, tak o \u00bd des\u00e1t\u00fd vyr\u00e1\u017e\u00edme op\u011bt na Kl\u00ednovec. Znova 8kil\u00e1k\u016f do kopce, aby se rozt\u00e1hly hrudn\u00ed ko\u0161\u00ed\u010dky a na zah\u0159\u00e1t\u00ed Azur. Pak se trh\u00e1me a r\u016fzn\u00fd skupinky si jedou to sv\u00fd. Druhou j\u00edzdu d\u00e1v\u00e1m Rub\u00edn. Dneska jsou trat\u011b o pozn\u00e1n\u00ed v\u00edc such\u00fd, a\u010d do r\u00e1na 6ti pr\u0161elo. V\u00edtr ve vrcholov\u00fd partii je vysu\u0161il, tak\u017ee i \u010das je lep\u0161\u00ed. U spodn\u00ed stanice lanovky si d\u00e1v\u00e1me brambora\u010dku (sp\u00ed\u0161 teda pep\u0159ola\u010dku), hembrgry, lango\u0161e a pivka. Prov\u00e1d\u00edme focen\u00ed s\u00a04&#215;4 Vitarou. Znova se nech\u00e1me vyt\u00e1hnout na vrchol, kde m\u011b tak \u0148\u00e1k ukecali, abych s\u00a0n\u00edma jel \u010dern\u00fdho Barona, \u017ee prej je to naprosto b\u00f3\u017e\u00ed! Spou\u0161t\u00edm se ze startovn\u00ed lavice a je takovej protivichr, \u017ee mus\u00edm \u0161lapat i z\u00a0kopce. Karel Gott mit uns! Do pr.., himl, hrkhrk, pro\u010d si sakra ubli\u017euju. Jedna lavice st\u0159\u00edd\u00e1 druhou, klopky dr\u017eej, ale rockgarden je na m\u016fj RockMachine moc. Sv\u011bt i \u017eivot se mi m\u00edh\u00e1 p\u0159ed o\u010dima. Utrpen\u00ed st\u0159\u00edd\u00e1 paniku a ta se v\u00a0dob\u011b v\u00e1lky zakazuje.! V\u00a0doln\u00ed \u010d\u00e1sti \u010dern\u00fd lajny u\u017e d\u011bl\u00e1m samovoln\u011b backflip, leftflip a taky delf\u00edn Filip o d\u00fdlce a vej\u0161ce skok\u016f nemluv\u011b \u2026&#8212;\u2026\/\u2026&#8212;\u2026\/\u2026&#8212;\u2026\/. To si zaslou\u017e\u00ed dal\u0161\u00ed pol\u00edvku tentokr\u00e1te pro zm\u011bnu pep\u0159ovo-zelnou. Kucha\u0159 je z\u0159ejm\u011b fanda do piperinu a kuli\u010dkama ne\u0161et\u0159il. Na jednu pol\u00edvku jich odhadem pou\u017eil 50s\u00e1t. Silnej pep\u0159ovej odvar n\u00e1m dodal s\u00edlu a po zdol\u00e1n\u00ed cesty lanovkou nahoru se n\u011bkte\u0159\u00ed \u00fapln\u011b zbl\u00e1znili a jmenovit\u011b Hrnec, Tom\u00e1\u0161, David \u0159e\u010den\u00fd Sand\u00e1l, Vlasta, Zdenda a mo\u017en\u00e1 je\u0161t\u011b \u0148\u00e1kej magor se vydali na Downhill. Ot\u0159esen p\u0159edchoz\u00edm flipov\u00e1n\u00edm, jedu 2x za sebou Azur. Po \u201e\u010cern\u00fd Vdov\u011b\u201c mi p\u0159\u00edjde, \u017ee ten modrej trejl v\u016fbec nejede, tak ani nebrzd\u00edm a kdy\u017e, tak abych vyzkou\u0161el, \u017ee jsou brzdy p\u0159\u00edtomny. Posledn\u00ed dv\u011b j\u00edzdy d\u00e1v\u00e1m Rub\u00edn. Ten u\u017e p\u011bkn\u011b oschl, tak\u017ee ve svi\u017en\u00fdm tempu dolu, a\u0165 to l\u00edt\u00e1, jedu jeden rekord za druh\u00fdm. 70Bod\u016f je pry\u010d. Kdy\u017e stoj\u00edme na vrcholu Kl\u00ednovce, za\u010d\u00edn\u00e1 zase kapat, a\u017e pr\u0161et. H\u00e1z\u00edme permice do automatu, obl\u00edk\u00e1me \u0161ustky a sjezdovkou se spou\u0161t\u00edme na opa\u010dnou stranu k\u00a0z\u00e1kladn\u011b. Vydatn\u011b pr\u0161\u00ed a na sjezdovce n\u00e1m hroz\u00ed dr\u017ekop\u00e1d, ale nikdo sebou nefl\u00e1knul. N\u011bkde uprost\u0159ed sjezdovky naj\u00ed\u017ed\u00edme na cyklostezku \u201eTraverz\u201c a traverzujeme p\u0159es Pytl\u00e1ckou rokli,<a href=\"http:\/\/www.slim2009.cz\/wordpress\/wp-content\/uploads\/2020\/06\/IMG-20200605-WA0007-2.jpg\" target=\"_blank\" rel=\"noopener noreferrer\"><img loading=\"lazy\" decoding=\"async\" class=\"alignright wp-image-4531\" src=\"http:\/\/www.slim2009.cz\/wordpress\/wp-content\/uploads\/2020\/06\/IMG-20200605-WA0007-2.jpg\" alt=\"\" width=\"256\" height=\"455\" \/><\/a> kolem Meluz\u00edny k\u00a0H\u00e1ji, kde po 90ti kil\u00e1k\u00e1ch sesed\u00e1me. Na z\u00e1kladn\u011b prov\u00e1d\u00edme o\u010distu a jdeme si ud\u011blat ve\u010de\u0159i. Tu\u0161\u00edm, \u017ee Jirkov\u00e9 maj kurz va\u0159e\u0159en\u00ed v\u00a0poln\u00edch podm\u00ednk\u00e1ch, teda minim\u00e1ln\u011b dva z\u00a0celkov\u011b \u010dty\u0159 z\u00fa\u010dasn\u011bn\u00fdch, konkr\u00e9tn\u011b Palec a P\u00f3\u0148a. Jeden vytvo\u0159il \u00fa\u017easn\u00fd brambory na cibulce, slanin\u011b s\u00a0\u017eampi\u00f3ny a druhej, \u00fadajn\u011b neodolateln\u00fd knedl\u00edky s\u00a0vaj\u00ed\u010dkem. Oupln\u00fd lukulsk\u00fd hody. Po v\u00e9\u010de se op\u011bt rozj\u00ed\u017ed\u00ed z\u00e1bava, pln\u00e1 \u0161ach\u016f a pokeru o zlat\u00fdho Bov\u00fdska, co\u017e je BIO jable\u010dnej mo\u0161t, kterej dovezl Hrnec v\u00a0neb\u00fdval\u00fdm mno\u017estv\u00ed. V\u00a0mezidob\u00ed her a hovor\u016f o v\u0161em mo\u017en\u00fdm d\u00e1v\u00e1me koks\u00e1ky, an\u00fdb\u017e rum s\u00a0rozkousan\u00fdm kafem a cukrem. U\u017e bez moj\u00ed \u00fa\u010dasti doch\u00e1z\u00ed oba rumy a v\u0161echny Bov\u00fdsky vyhr\u00e1v\u00e1 Hrnec k\u00a0\u010demu\u017e mu dodate\u010dn\u011b gratuluju, stejn\u011b jako k\u00a0jeho \u00e1tin\u00e1m. V\u00edtr fun\u00ed potemn\u011blou krajinou, nar\u00e1\u017e\u00ed do oken spolu s\u00a0de\u0161t\u011bm. R\u00e1no vst\u00e1v\u00e1m neobvykle pozd\u011b, a\u017e v\u00a06:45. Kdy\u017e p\u0159ich\u00e1z\u00edm do spole\u010denky, Schw\u00e1bik u\u017e ud\u011bl\u00e1 speci\u00e1ln\u00ed o\u010distu m\u00edstnosti po ve\u010dern\u00edch hr\u00e1ch. Sn\u00eddan\u011b, v\u00a0jej\u00edm\u017e pr\u016fb\u011bhu nach\u00e1z\u00ed Schw\u00e1b repr\u00e1k a znova v\u0161echny sere pou\u0161t\u011bn\u00edm prusk\u00fdho pochodu v\u00edt\u011bzstv\u00ed a emotivn\u00edm projevem \u00c1dy z\u00a0FridrichStadpalastu. Venku je o pozn\u00e1n\u00ed stejn\u011b, jako ka\u017ed\u00fd r\u00e1no. Mrhol\u00ed a Kl\u00ednovec je ve \u0161leha\u010dce ze sra\u010dek. Po v\u0161ech mo\u017en\u00fdch o\u010dist\u00e1ch a sn\u00eddan\u00edch se d\u011bl\u00edme na ty, co jedou bajkovat a ty, co jedou gumokoly na vejlet, p\u0159\u00edpadn\u011b dom\u016f bez rozlou\u010den\u00ed. Vlasta s\u00a0kapit\u00e1nem \u201eSand\u00e1lem\u201c Davidem jedou do J\u00e1chymova, nav\u0161t\u00edvit muzea. Dal\u0161\u00ed jedou do P\u0159ebuze a p\u011b\u0161ky na Rolavu k opu\u0161t\u011bn\u00fdmu v\u00e1le\u010dn\u00fdmu c\u00ednov\u00fdmu dolu Sauersack. My, tvrd\u00fd j\u00e1dro Negr\u016f, nased\u00e1me na bajky a vyr\u00e1\u017e\u00edme za Je\u017e\u00ed\u0161kem. Mrholen\u00ed se v\u00a0tis\u00edci metrech u sjezdovky Lou\u010dn\u00e1 m\u011bn\u00ed na \u0161leha\u010dku a ve vrcholov\u00fdm\u00a0kl\u00ednoveck\u00fdm sedle se p\u0159id\u00e1v\u00e1 lijavec, doprov\u00e1zej\u00edc\u00ed n\u00e1s a\u017e do B\u00f3\u017e\u00edho Daru. Zastavujeme u Pivovar \u010cerven\u00fd vlk. Op\u00edr\u00e1me bajky o z\u00e1bradl\u00ed a vcuc\u00e1v\u00e1me se dovnit\u0159. Mezi h\u00f3gof\u00f3go klientama se vyj\u00edm\u00e1me. Od vrchn\u00edho dost\u00e1v\u00e1me plag\u00e1ty s\u00a0postupem v\u00fdroby p\u00edva a cen\u00edk v\u00fdtvor\u016f, v\u010detn\u011b j\u00eddel\u00e1ku. Nab\u00eddka piv obsahuje: \u010cerven\u00fd vlk 13tka, Bo\u017e\u00eddarsk\u00fd jelen 12tka, B\u00edl\u00fd hranostaj 11tka, Nachmelen\u00fd jezevec 14tka a Lehk\u00fd st\u0159\u00edzl\u00edk 9tka. Proto\u017ee je kolem poledne. D\u00e1v\u00e1me si i ob\u011bd. Venku se \u010das\u00ed, tak se po n\u011bkolika pivk\u00e1ch a z\u00e1v\u011bre\u010dn\u00fdch vdolk\u00e1ch pakujeme. Od vrchn\u00edho dost\u00e1v\u00e1me tip na okruh okolo zdej\u0161\u00edch \u201edar\u016f\u201c. Ponejprv nav\u0161t\u011bvujeme \u201eJ\u00e9\u017e\u00ed\u0161k\u016fv Postamt\u201c, odkud otcov\u00e9 pos\u00edlaj\u00ed dom\u016f d\u011btem pozdravy a t\u00edm je utvrdily ve l\u017ei, \u017ee d\u00e1rky nos\u00ed Je\u017e\u00ed\u0161ek, a\u010dkoliv by to m\u011blo bejt obr\u00e1cen\u011b a d\u011bti by m\u011bli nosit d\u00e1rky Je\u017e\u00ed\u0161kovi! Ale to sem nepat\u0159\u00ed. Po spln\u011bn\u00ed pochybn\u00fd povinnosti, odj\u00ed\u017ed\u00edme po je\u017e\u00ed\u0161kov\u011b cest\u011b k\u00a0Ry\u017eovn\u011b dal\u0161\u00edmu pivovaru. Cestou potk\u00e1v\u00e1me uprost\u0159ed lesa Ob\u010derstven\u00ed Krmelec, kde si d\u00e1vaj milovn\u00edci klob\u00e1s z\u00a0DDR Kozl\u00edka. Po ob\u010derstven\u00ed jedeme oklikou na Myslivny, kde za\u010d\u00edn\u00e1 u\u017e po n\u011bkolik\u00e1t\u00fd kapat, aby p\u0159ed Ry\u017eovnou znova lilo jako z\u00a0konve. Zanech\u00e1v\u00e1me \u0161em\u00edky na bidlech p\u0159ed budovou a lezeme do patra, kde je hospoda. Je tu plno, ale nach\u00e1z\u00edme pr\u00e1znej st\u016fl i \u017eidle. Umis\u0165ujeme st\u016fl do voln\u00fdho prostoru, sed\u00e1me si a objedn\u00e1v\u00e1me pivka. Va\u0159\u00ed: \u201e12tku Bo\u017e\u00ed Dar, 13tku Rapl a 8mi\u010dku \u0160kol\u00e1k. M\u00e1me tro\u0161ku hlad, tak si objedn\u00e1v\u00e1me i mal\u00fd ob\u010derstven\u00ed. N\u011bkte\u0159\u00ed pol\u00edvku, jin\u00ed trhan\u00fd vep\u0159ov\u00fd s\u00a0hranoly a jeden dokonce k\u0159enovku s\u00a0knedlem. Zd\u00e1 se, \u017ee je to tady tak trochu \u010dek\u00e1rna, ale to je mejlka, maj tady jen bludnej ko\u0159en zapomn\u011bn\u00ed. Stalo se, \u017ee ti co p\u0159i\u0161li dlouho po n\u00e1s, dostali na\u0161i objedn\u00e1vku. Po urgaci obj, n\u011bkter\u00fdm p\u0159eci jenom n\u011bco donesli, ale na n\u011bkter\u00fd se nedostalo. Jedna pol\u00edvka a taky k\u0159enov\u00e1 m\u00e1\u010dka do\u0161la. N\u011bkolik hlasit\u00fdch ur\u00e1\u017eek na adresu podniku to sice nezpravilo, av\u0161ak usp\u00ed\u0161ilo n\u00e1\u0161 odjezd. Venku n\u00e1s znova polejv\u00e1 de\u0161t\u00edk. Jedeme kolem Bludn\u00fd, odbo\u010dujeme Pod B\u00e9rem, kde se zni\u010deho\u017enic zjevuje u \u010cerven\u00fd j\u00e1my \u201eHobit\u00ed\u201c ob\u010derstvovna. Tady se hladem umo\u0159en\u00ed neg\u0159i mohli zadostiu\u010dinit poz\u0159en\u00edm p\u00e1rku v\u00a0rohl\u00edku. Pohybujeme se po\u0159\u00e1d v\u00a0kilometrov\u00fd vej\u0161ce, tak\u017ee \u017e\u00e1dn\u00fd extra stoup\u00e1ky a\u017e na v\u00fdjezd k\u00a0bejval\u00fdm dol\u016fm na kopci U Maur\u00edcia. P\u0159estalo de\u0161tit, ukl\u00edz\u00edm bundu a za\u010d\u00edn\u00e1me se vracet p\u0159es Slatiny a Bo\u017e\u00eddarskej \u0160pi\u010d\u00e1k na Bo\u017e\u00ed Dar, kde se potk\u00e1v\u00e1me s\u00a0Luk\u00e1\u0161em poku\u0159uj\u00edc\u00edm p\u0159ed jednou z\u00a0hospod. My op\u011bt zalejz\u00e1me k\u00a0\u010cerven\u00fdmu Vlkovi na jedno. P\u0159ipozd\u00edv\u00e1 se a tak nased\u00e1me a jedeme k\u00a0z\u00e1kladn\u011b. Na kruh\u00e1\u010di m\u00ed\u0159\u00edme sm\u011br K\u00e1rlMarx\u0160tadt. M\u00edj\u00edme opu\u0161t\u011bnou celnici a pou\u0161t\u00edme se z\u00a0kopce do Oberw\u00edzent\u00e1lu. Proj\u00ed\u017ed\u00edme centrem a v\u00a0nejni\u017e\u0161\u00edm m\u00edst\u011b p\u0159ej\u00ed\u017ed\u00edme hranici do Lou\u010dn\u00fd. Dva kil\u00e1ky do kopce a posledn\u00ed dva na z\u00e1kladnu. Sprcha, ve\u010de\u0159e, voln\u00e1 z\u00e1bava. Sud je najednou pr\u00e1znej, tak\u017ee piva\u0159i berou \u00fatokem basu lahv\u00e1\u010d\u016f. Sed\u00edm u \u010daje, pozoruju cvrkot a gembl\u00edc\u00edho Luk\u00e1\u0161e. N\u011bkte\u0159\u00ed rozj\u00ed\u017ed\u00ed pa\u0159bu sn\u016f. Nezvl\u00e1d\u00e1m sv\u00fd o\u010di, tak jdu sp\u00e1t. Uprost\u0159ed noci n\u011bkdy v\u00a01\/2druh\u00fd m\u011b bud\u00ed hlu\u010d\u00edc\u00ed dav \u010dty\u0159 negr\u016f. Jdu je vypnout a kupodivu jedin\u00fdm stla\u010den\u00edm vyp\u00edna\u010de sv\u011btla je us\u00edn\u00e1m. R\u00e1no je kaln\u00fd ale Luk\u00e1\u0161 na\u0161t\u011bst\u00ed schov\u00e1v\u00e1 repr\u00e1k, tak\u017ee jej \u0160w\u00e1bik nem\u016f\u017ee spustit. Kolem dev\u00e1t\u00fd u\u017e je balen\u00ed v\u00a0pln\u00fdm proudu. Vylejzaj posledn\u00ed sedmisp\u00e1\u010di, ale na <a href=\"http:\/\/www.slim2009.cz\/wordpress\/wp-content\/uploads\/2020\/06\/IMG-20200606-WA0013-2.jpg\" target=\"_blank\" rel=\"noopener noreferrer\"><img loading=\"lazy\" decoding=\"async\" class=\"alignright wp-image-4534\" src=\"http:\/\/www.slim2009.cz\/wordpress\/wp-content\/uploads\/2020\/06\/IMG-20200606-WA0013-2.jpg\" alt=\"\" width=\"302\" height=\"170\" \/><\/a>jejich obli\u010dej\u00edch jsou poma\u010dkan\u00fd polozelen\u00fd gzichty. Nen\u00ed jim to nic platn\u00fd, musej se taky pakovat. Po zaplacen\u00ed elektriky odj\u00ed\u017ed\u00edme Tom\u00e1\u0161em dom\u016f. U benz\u00ednky v\u00a0M\u011bln\u00edce zji\u0161\u0165uju, \u017ee mi nesv\u00edt\u00ed prav\u00fd sv\u011btlo a tak m\u011bn\u00edme H4\u0159ku, aby n\u00e1s n\u00e1hodou \u010derti nevyhm\u00e1tli. Zbytek cesty u\u017e by v\u00a0pohod\u011b. Tak zas v\u00a0z\u00e1\u0159\u00ed na jin\u00fdch trejlech.<\/p>\n<p>Fotky uloupen\u00fd na <a href=\"http:\/\/www.slim2009.cz\/photo\/#\/shared_space\/folder\/218?_k=ribgmn\" target=\"_blank\" rel=\"noopener noreferrer\">vodsapu + \u0148\u00e1k\u00fd moje tady<\/a>.<\/p>\n<p>Stejn\u00fd bajkov\u00e1n\u00ed <a href=\"http:\/\/www.negri.cz\/2020\/06\/klinovec-2020.html\" target=\"_blank\" rel=\"noopener noreferrer\">pohledem Hrnce<\/a>.<\/p>\n","protected":false},"excerpt":{"rendered":"<p>Jako obvykle nejprve padne n\u00e1vrh, pak se obecn\u011b komunikuje, aby v\u00fdsledkem bylo v\u0161eobecn\u00fd hlasov\u00e1n\u00ed o term\u00ednu, kterej stejn\u011b nevyhovuje v\u0161em a proto ozn\u00e1m\u00edm kdy to bude a basta. Bude to 4 a\u017e 7.6.2020 a pojedeme na Kl\u00ednovec. Od ledna se &hellip; <a href=\"https:\/\/www.slim2009.cz\/wordpress\/archivalie\/archiv-crnci\/klinovec-2020\/\">Cel\u00fd p\u0159\u00edsp\u011bvek <span class=\"meta-nav\">&rarr;<\/span><\/a><\/p>\n","protected":false},"author":1,"featured_media":0,"parent":5066,"menu_order":12,"comment_status":"closed","ping_status":"closed","template":"","meta":{"footnotes":""},"class_list":["post-4525","page","type-page","status-publish","hentry"],"_links":{"self":[{"href":"https:\/\/www.slim2009.cz\/wordpress\/wp-json\/wp\/v2\/pages\/4525","targetHints":{"allow":["GET"]}}],"collection":[{"href":"https:\/\/www.slim2009.cz\/wordpress\/wp-json\/wp\/v2\/pages"}],"about":[{"href":"https:\/\/www.slim2009.cz\/wordpress\/wp-json\/wp\/v2\/types\/page"}],"author":[{"embeddable":true,"href":"https:\/\/www.slim2009.cz\/wordpress\/wp-json\/wp\/v2\/users\/1"}],"replies":[{"embeddable":true,"href":"https:\/\/www.slim2009.cz\/wordpress\/wp-json\/wp\/v2\/comments?post=4525"}],"version-history":[{"count":0,"href":"https:\/\/www.slim2009.cz\/wordpress\/wp-json\/wp\/v2\/pages\/4525\/revisions"}],"up":[{"embeddable":true,"href":"https:\/\/www.slim2009.cz\/wordpress\/wp-json\/wp\/v2\/pages\/5066"}],"wp:attachment":[{"href":"https:\/\/www.slim2009.cz\/wordpress\/wp-json\/wp\/v2\/media?parent=4525"}],"curies":[{"name":"wp","href":"https:\/\/api.w.org\/{rel}","templated":true}]}}