{"id":4500,"date":"2020-06-14T15:42:46","date_gmt":"2020-06-14T14:42:46","guid":{"rendered":"http:\/\/188.120.214.195\/?page_id=4500"},"modified":"2020-06-14T15:42:46","modified_gmt":"2020-06-14T14:42:46","slug":"kralovskym-hvozdem-2020","status":"publish","type":"page","link":"https:\/\/www.slim2009.cz\/wordpress\/vandry-2\/kralovskym-hvozdem-2020\/","title":{"rendered":"Kr\u00e1lovsk\u00fdm Hvozdem 2020"},"content":{"rendered":"<p>Na ja\u0159e roku 2020 se z \u010c\u00edny do sv\u011bta vydal Koronavirus s n\u00e1zvem COVID-19. N\u00e1kaza m\u00e1lem ohrozila n\u00e1\u0161 pl\u00e1n vydat<a href=\"http:\/\/www.slim2009.cz\/wordpress\/wp-content\/uploads\/2020\/06\/IMG_5697-2.jpg\" target=\"_blank\" rel=\"noopener noreferrer\"><img loading=\"lazy\" decoding=\"async\" class=\"alignright wp-image-4503\" src=\"http:\/\/www.slim2009.cz\/wordpress\/wp-content\/uploads\/2020\/06\/IMG_5697-2.jpg\" alt=\"\" width=\"308\" height=\"205\" \/><\/a>se 27.5. a\u017e 30.5.2020 do Kr\u00e1lovsk\u00fdho hvozdu. Pandemie na\u0161t\u011bst\u00ed v dubnu za\u010dala sl\u00e1bnout a t\u00edm p\u00e1dem do\u0161lo na rozvol\u0148ov\u00e1n\u00ed opat\u0159en\u00ed, tak\u017ee na konci kv\u011btna u\u017e bylo mo\u017en\u00fd cestovat i kdy\u017e v rou\u0161k\u00e1ch. V Praze na n\u00e1dra\u017e\u00ed Sm\u00edchov, se n\u00e1s se\u0161lo n\u011bkolik los \u010dundros. Jura, Pe\u0165a, j\u00e1 a po n\u011bkolika letech dorazil \u0160us\u0165a. N\u011bmej bohu\u017eel nedorazil, a\u010d se rozmej\u0161lel. Zl\u00ed jazykov\u00e9 tvrd\u00ed, \u017ee ho nepustila sami\u010dka, p\u00e1\u010d by p\u0159ijel dom\u016f \u0161pinavej. Ale to je ur\u010dit\u011b jen pomlouva\u010dn\u00e1 kampa\u0148, na kter\u00fd nejni zbla. V 10:21 odj\u00ed\u017ed\u00edme rychl\u00edkem R770 Berounka, sm\u011br N\u00fdrsko. Za Plzn\u00ed je v\u00fdluka a z Dob\u0159any do Klatov jedeme autobusem. Posledn\u00ed kousek do N\u00fdrska pak osob\u00e1kem. Je\u0161t\u011b ne\u017e vyraz\u00edme skrze m\u011bsto do zdej\u0161\u00edch hvozd\u016f, vstupujeme do marketu COOP, kde bereme reg\u00e1ly \u00fatokem. Rohl\u00edky, chleba, \u0161pek\u00e1\u010dky, ho\u0159\u010dice a hlavn\u011b voda do \u010dutor. Po n\u00e1kupu jdeme skrze m\u011bsto ke kostelu sv. Tom\u00e1\u0161e. N\u00fdrsko stoj\u00ed na b\u0159ez\u00edch \u00dahlavy a vzniklo n\u011bkdy ve 12t\u00fdm stolet\u00ed. Dneska se po b\u0159ez\u00edch \u00dahlavy proh\u00e1n\u00ed divok\u00fd kachny a nutrie, \u017eebraj\u00edc\u00ed o mrkev a taky se tady vyskytuj\u00ed m\u00edstn\u00ed domorodci s d\u011btmi a psy. Za kostelem se h\u0159bitovem, se st\u00e1\u010d\u00edme k hradu Pajrek, znovu p\u0159ekra\u010dujeme \u00dahlavu a mezi domy hled\u00e1me cestu vzh\u016fru, jen\u017ee se ocit\u00e1me v are\u00e1lu bejval\u00fdch kas\u00e1ren Pohrani\u010dn\u00ed Str\u00e1\u017ee. Na\u0161t\u011bst\u00ed z nich moc nezbejv\u00e1 a plot u\u017e taky n\u00e9, d\u00edky tomu se na spr\u00e1vnou cestu nemus\u00edme vracet, sta\u010d\u00ed proj\u00edt skrz na skrz are\u00e1lem, k \u010demu\u017e n\u00e1m pohaj\u00ed telefony s mapou i navigace. Vytrvale stoup\u00e1me k hradu. Hrad Pajrek st\u00e1val na vysok\u00e9m kopci ji\u017en\u011b od N\u00fdrska. Sv\u00fdm rozsahem a podobou se Pajrek bl\u00ed\u017eil zemansk\u00e9 tvrzi. Jeho hlavn\u00edm a naprosto dominantn\u00edm objektem byl obrovsk\u00fd (16 \u00d7 16 m) donjon. U paty don\u017eonu odpo\u010d\u00edv\u00e1me a vy\u010dk\u00e1v\u00e1me p\u0159\u00edchodu \u0160usti, kterej se vydal naj\u00edt \u017eidovskej h\u0159bitov. P\u0159i\u0161el zanedlouho a jak vysv\u011btlil svou h\u0159bitovn\u00ed touhu uspokojil n\u00e1v\u0161t\u011bvou toho u sv.Tom\u00e1\u0161e. Po prohl\u00eddce Pajreku, spole\u010dn\u011b odch\u00e1z\u00edme kolem televizn\u00edho dokr\u00fdva\u010de k modr\u00fd zna\u010dce vedouc\u00ed n\u00e1s p\u0159es Such\u00fd k\u00e1men pod vrcholem Hrani\u010d\u00e1\u0159. Za Such\u00fdm kamenem by m\u011bla bejt stud\u00e1nka, nach\u00e1z\u00edme zast\u0159e\u0161enej, ale zcela \u00fapln\u011b pr\u00e1znej rezervo\u00e1r, ze kter\u00fdho rozhodn\u011b nedopln\u00edme ani kapku. Pokra\u010dujeme do bejval\u00fd vesnice Zadn\u00ed Chalupy, kde jsou v map\u011b zna\u010den\u00fd mok\u0159ady a prameni\u0161t\u011b Svinsk\u00fdho potoka, tud\u00ed\u017e by tam, voda bejt mohla, ale nikde <a href=\"http:\/\/www.slim2009.cz\/wordpress\/wp-content\/uploads\/2020\/06\/IMG_5802a-2.jpg\"><img loading=\"lazy\" decoding=\"async\" class=\"alignright wp-image-4504\" src=\"http:\/\/www.slim2009.cz\/wordpress\/wp-content\/uploads\/2020\/06\/IMG_5802a-2.jpg\" alt=\"\" width=\"237\" height=\"356\" \/><\/a>nen\u00ed ani kapka neb je sucho. U\u017e je pozdn\u00ed odpoledne mus\u00edme si naj\u00edt m\u00edsto pro p\u0159esp\u00e1n\u00ed. \u0160us\u0165a vyr\u00e1\u017e\u00ed naj\u00edt p\u0159\u00edhodnej flek a za p\u00e1r chvil se vrac\u00ed s dobrou zpr\u00e1vou, \u017ee kousek d\u00e1l vid\u011bl stranou od cesty velkej p\u0159\u00edst\u0159e\u0161ek, ke kter\u00fdmu se spole\u010dn\u011b vyd\u00e1v\u00e1me. Kdy\u017e k n\u011bmu p\u0159ich\u00e1z\u00edme, p\u0159ekvapen\u00fd z\u00edr\u00e1me, \u017ee se jedn\u00e1 o p\u0159\u00edst\u0159e\u0161ek zakrejvaj\u00edc\u00ed docela hlubokou studnu, ve kter\u00fd nen\u00ed ani kapka vody a p\u0159espat se tu rozhodn\u011b taky ned\u00e1. Rad\u00edme se, co ud\u011bl\u00e1me. \u0160us\u0165a brouzd\u00e1 kolem, jestli nenajde flek na p\u0159esp\u00e1n\u00ed, ale v\u0161ude okolo je vysok\u00e1 tr\u00e1va opl\u00fdvaj\u00edc\u00ed kl\u00ed\u0161\u0165aty a ruinama vesnice. Pe\u0165a lustruje mapu v telef\u00f3nu a navrhuje j\u00edt kousek d\u00e1l, odbo\u010dit vpravo do lesa a tam ve smr\u010din\u011b naj\u00edt n\u011bco bez tr\u00e1vy. V m\u00edst\u011b odbo\u010den\u00ed se nach\u00e1z\u00ed v\u010delnice, kterou proch\u00e1z\u00edme skrz. Na dal\u0161\u00ed odbo\u010dce nach\u00e1z\u00edme co pot\u0159ebujeme. Mezi smrky je plac pro n\u00e1\u0161 nocleh. Zji\u0161\u0165ujeme, \u017ee je to dneska zarost\u00e1 bejval\u00e1 lajna sign\u00e1lky. Mezi smrky natahujeme plachtu, vybalujeme fidl\u00e1tka a na oklovedouc\u00ed cest\u011b, \u0160us\u0165a rozd\u011bl\u00e1v\u00e1 ohe\u0148. Va\u0159\u00edme si ve\u010de\u0159i. J\u00e1 si d\u011bl\u00e1m dom\u00e1c\u00ed le\u010do s bu\u0159tama a ostatn\u00ed si bu\u0159ty sma\u017e\u00ed nad plameny. Ve\u010de\u0159i zap\u00edj\u00edme \u010dajem, doufaje, \u017ee r\u00e1no n\u011bjakou vodu ve stud\u00e1nce nebo potoce najdeme. Smrk\u00e1v\u00e1 se, tak zalejz\u00e1me do spac\u00e1k\u016f a postupn\u011b us\u00edn\u00e1me. Nad r\u00e1nem se zatahuje a n\u011bkdy kolem \u0161est\u00fd za\u010d\u00edn\u00e1 drobn\u011b pr\u0161et, aby se o hodinu pozd\u011bjc mohlo kone\u010dn\u011b po\u0159\u00e1dn\u011b rozlejt. Vyu\u017e\u00edv\u00e1me toho a vodu z plachty chyt\u00e1me do e\u0161\u00e1lk\u016f. Jura se \u0160us\u0165ou tak z\u00edsk\u00e1vaj po litru vody, kter\u00e1 se bude sec sakra hodit. 10t\u00e1 rozhodla a v jeden\u00e1ct po zabalen\u00ed se vyd\u00e1v\u00e1me na cestu. Zkratkou jdeme p\u0159\u00edmo k cest\u011b. Stoup\u00e1me a stoup\u00e1me od Zadn\u00edch chalup ve vej\u0161ce 750mnm k bejval\u00fd P\u00edse\u010dn\u00fd Huti 925mnm, sem tam je\u0161t\u011b zapr\u0161\u00ed, ale jinak u\u017e se \u010das\u00ed. Pod cestou jsou zbytky z\u00e1klad\u016f hospody, star\u00e1 hru\u0161e\u0148, v\u00fakol stoletej les, jinak nic. P\u00e1r stovek metr\u016f za Hut\u00ed je p\u0159\u00edst\u0159e\u0161ek ve kter\u00fdm si d\u011bl\u00e1me ob\u011bd. Po ob\u011bd\u011b zase stoup\u00e1me asfaltkou vej\u0161 a vej\u0161. V tis\u00edci metrech pod Love\u010dnou, \u00a0by m\u011bla pramenit Lomnice, ale nic nikde nezur\u010d\u00ed, tak\u017ee jsme d\u00e1l bez vody. V p\u0159\u00edst\u0159e\u0161ku v sedle pod Love\u010dnou odpo\u010d\u00edv\u00e1me p\u0159ed stoup\u00e1n\u00edm na Osser, nebo-li Ostr\u00fd. Opou\u0161t\u00edme asfaltku vedouc\u00ed k \u010cern\u00fdmu jezeru a nedod\u011blanou zelenou zna\u010dkou stoup\u00e1me z 950mnm k vrcholu Ostr\u00fd, le\u017e\u00edc\u00edmu na hranici s N\u011bmeckem. Ost\u0159e stoup\u00e1me a nab\u00edr\u00e1me vej\u0161ku. P\u0159ed Kamennou br\u00e1nou jsou v\u00fdvraty, kter\u00fd bu\u010f obch\u00e1z\u00edme nebo p\u0159elejz\u00e1me. Za kamennou br\u00e1nou se objevuje voda v p\u011b\u0161in\u011b, jenom\u017ee j\u00ed je m\u00e1lo pro nabr\u00e1n\u00ed. U hranice je cesti\u010dka je\u0161t\u011b strm\u011bj\u0161\u00ed, u\u017e jsme 1100metrech a po\u0159\u00e1d stoup\u00e1me. V 1179 metrech jsme u nepojmenovan\u00fd hrani\u010dn\u00ed sk\u00e1ly. V sedle pod Ostr\u00fdm se p\u0159ipojuje turistick\u00e1 modr\u00e1 a z\u00e1v\u011bre\u010dn\u00fd stoup\u00e1n\u00ed je dopln\u011bn\u00fd z\u00e1bradl\u00edm z lana. Je \u00bd p\u00e1t\u00fd a stoj\u00edme na vrcholu Osser, 1293metr\u016f nad mo\u0159em. Na na\u0161\u00ed stran\u011b je strm\u00e1 sk\u00e1la Ostr\u00fd a na N\u011bmeck\u00fd sk\u00e1le Osser stoj\u00ed hospoda s terasou a nad n\u00ed k\u0159\u00ed\u017e. Dal\u0161\u00ed k\u0159\u00ed\u017e je p\u00e1r set metr\u016f ve vnitrozem\u00ed na Mal\u00fdm Ostr\u00fdm \u2013 Klainer Osser. I na N\u011bmeck\u00fd stran\u011b \u0159\u00e1dil Covid a tak k hospod\u011b ani nejdeme. Mo\u017en\u00e1 m\u00e1 zav\u0159eno a stejn\u011b nem\u00e1me marky :-). Po rozhl\u00eddnut\u00ed odch\u00e1z\u00edme po \u010d\u00e1\u0159e k Mal\u00fdmu Kokrh\u00e1\u010di. Za sk\u00e1lama pod Ostr\u00fdm fouk\u00e1 nep\u0159\u00edjemnej studenej v\u00edtr. P\u0159edh\u00e1n\u00ed n\u00e1s dva n\u011bme\u010dt\u00ed t\u016fristi a jejich hunde. \u00a0Hrani\u010dni\u010dn\u00ed cesta od Ostr\u00fdho kles\u00e1 a pak zase ke kokrh\u00e1\u010di stoup\u00e1. Na planin\u011b za Mal\u00fdm Kokrh\u00e1\u010dem vid\u00edme, \u017ee od N\u00fdrska se \u017eene tmav\u00e1 st\u011bna. V\u00edtr s\u00edl\u00ed, sem tam padne kapka. Je \u0161est odpoledne a \u017eene se na n\u00e1s n\u011bj\u00e1k\u00e1 slota. Mus\u00edme okam\u017eit\u011b pry\u010d a hlavn\u011b naj\u00edt rovnej flek na span\u00ed a postaven\u00ed p\u0159\u00edst\u0159e\u0161ku. Sch\u00e1z\u00edme od hranice pod Velkej Kokrh\u00e1\u010d. Jako z ud\u011bl\u00e1n\u00ed nach\u00e1z\u00edme i m\u00edsto, n\u00e9 sice ide\u00e1ln\u011b rovn\u00fd, ale nen\u00ed \u010das hledat jin\u00fd. Okam\u017eit\u011b stav\u00edme p\u0159\u00edst\u0159e\u0161ek, v\u011bci d\u00e1v\u00e1me dovnit\u0159 a \u010dek\u00e1me lij\u00e1k, kterej nep\u0159ich\u00e1z\u00ed. P\u00e1r kapek pad\u00e1, ale nen\u00ed to nic stra\u0161n\u00fdho. Fouk\u00e1 jenom silnej ledovej v\u00edtr. Promrzl\u00ed si va\u0159\u00edme ve\u010de\u0159i a \u010dek\u00e1me, jestli neza\u010dne p\u0159eci jenom lejt. Ta kosa je stra\u0161n\u00e1, holt jsme skoro v 1200metrech. Po j\u00eddle si v\u0161ichni zalejz\u00e1me do spac\u00e1k\u016f, aby sme se zah\u0159\u00e1li. Je zhruba 20hodin smr\u00e1k\u00e1 se a do t\u00fd zimy<a href=\"http:\/\/www.slim2009.cz\/wordpress\/wp-content\/uploads\/2020\/06\/IMG_5928a-2.jpg\" target=\"_blank\" rel=\"noopener noreferrer\"><img loading=\"lazy\" decoding=\"async\" class=\"alignright wp-image-4508 size-full\" src=\"http:\/\/www.slim2009.cz\/wordpress\/wp-content\/uploads\/2020\/06\/IMG_5928a-2.jpg\" alt=\"\" width=\"1024\" height=\"292\" \/><\/a> by psa nevyhnal. Kdo m\u00e1 nos venku, tomu mrzne. Sp\u00edme a\u017e do r\u00e1na a a\u017e na p\u00e1r kapek, d\u00e9\u0161\u0165 nep\u0159i\u0161el. R\u00e1no je mlha. Vylejz\u00e1m, u\u017e nen\u00ed takov\u00e1 kosa jako ve\u010der, ale chladno je po\u0159\u00e1d. Nos\u00edm jemn\u00fd d\u0159\u00edv\u00ed na rozd\u011bl\u00e1n\u00ed ohn\u011b a hned na prvn\u00ed pokus se da\u0159\u00ed vyrobit dal\u0161\u00ed kus mlhy z mokr\u00fdch haluz\u00ed. Za n\u011bjakou chv\u00edli se objevujou plameny a za\u010dinaj vytahovat sp\u00e1\u010de z kanaf\u00e1su aby si uva\u0159ili sn\u00eddani. Z posledn\u00ed vody od Pe\u0165i si d\u011bl\u00e1me \u010daj. Po sn\u00eddani bal\u00edme a odch\u00e1z\u00edme. Mus\u00edme zm\u011bnit pl\u00e1n a m\u00edsto abysme pokra\u010dovali p\u0159es Velk\u00fd Kokrh\u00e1\u010d na Svaroh, jdeme dol\u016f k vodop\u00e1du B\u00edl\u00e1 St\u017e, kde ta voda ur\u010dit\u011b bude a taky si zkr\u00e1t\u00edme cestu, abysme stihli doj\u00edt v\u010das do civilizace. Tak jak jsme v\u010dera lezli po\u0159\u00e1d do kopce, tak te\u010f slejz\u00e1me dolu z bezm\u00e1la 1200metr\u016f do 950 u vodop\u00e1du. Z\u00e1v\u011bre\u010dn\u00fd metry k asfaltce se prod\u00edr\u00e1me hustou zm\u011bt\u00ed mlad\u00fdch stromk\u016f. Cesta k vod\u011b taky nebyla jen tak. Mus\u00edme p\u0159esko\u010dit z\u00e1bradl\u00ed, dostat se a\u017e na dno a teprve pak si m\u016f\u017eeme nabrat dostatek vody. Po vy\u0161plh\u00e1n\u00ed zp\u00e1tky k p\u0159\u00edst\u0159e\u0161ku si va\u0159\u00edme \u010daj a sva\u010d\u00edme. Za\u010d\u00ednaj se kolem pohybovat turisti na kol\u00e1ch i p\u011b\u0161ky. N\u00e1sledujeme jejich p\u0159\u00edkladu a vyd\u00e1v\u00e1me se k \u010cern\u00fdmu jezeru vzd\u00e1len\u00fdmu 4km. Asfaltka zase stoup\u00e1 a\u017e k jezeru. \u010cern\u00fd jezero je rozlohou nejv\u011bt\u0161\u00ed na \u0160umav\u011b. Plocha hladiny je 18,43 ha, max. hloubka 40,6 m (nejv\u011bt\u0161\u00ed hloubka jezera na na\u0161\u00ed stran\u011b \u0160umavy), pr\u016fm\u011brn\u00e1 hloubka 15,6 m a le\u017e\u00ed ve v\u00fd\u0161ce 1008 m n. m. (nejn\u00ed\u017ee le\u017e\u00edc\u00ed z na\u0161ich p\u011bti jezer). Obvod vodn\u00ed hladiny je 1 809 m, objem vody 2 878 000 m krychlov\u00fdch. Vzd\u00e1lenost od hr\u00e1ze k Jezern\u00ed st\u011bn\u011b je 800 m. Sv\u00e9 jm\u00e9no dostalo od zd\u00e1nliv\u011b \u010dern\u00e9 barvy vody jezera, vznikaj\u00edc\u00ed odrazem okoln\u00edch hust\u00fdch les\u016f. Dominantu nad jezerem tvo\u0159\u00ed 335 m vysok\u00e1 karov\u00e1 st\u011bna Jezern\u00ed hory (1 343 m n. m.). U jezera je lid\u00ed jako much. Zatahuje se a spou\u0161t\u00ed se lij\u00e1k, kterej p\u0159e\u010dk\u00e1v\u00e1me schovan\u00fd pod de\u0161tn\u00edkama a buky. Lidi p\u0159ich\u00e1zej a odch\u00e1zej, tak i my odch\u00e1z\u00edme k \u010certovu jezeru. Cesta strm\u011b stoup\u00e1 okolo Mal\u00fdho a Velk\u00fdho \u0160pi\u010d\u00e1ku 150metr\u016f nad \u010cern\u00fd Jezero, kde prob\u00edh\u00e1 \u010d\u00e1ra rozvod\u00ed. V rozvodsk\u00fdm p\u0159\u00edst\u0159e\u0161ku si d\u011bl\u00e1me ob\u011bd, a\u010d je u\u017e 1\/2t\u0159et\u00ed. Po j\u00eddle a odpo\u010dinku sch\u00e1z\u00edme dolu k \u010certovu Jezeru. Jezero le\u017e\u00ed na ji\u017en\u00edm svahu Jezern\u00ed hory ve v\u00fd\u0161ce 1030 m n. m., jeho plocha \u010din\u00ed 10,33 ha a maxim\u00e1ln\u00ed hloubka je 36,7 m. Je nap\u00e1jeno dv\u011bma mal\u00fdmi potoky a vyt\u00e9k\u00e1 z n\u011bj Jezern\u00ed potok, kter\u00fd pat\u0159\u00ed do povod\u00ed \u0159eky \u0158ezn\u00e9 v Bavorsku a t\u00edm pat\u0159\u00ed k \u010dernomo\u0159sk\u00e9mu \u00famo\u0159\u00ed, mezi jezery prob\u00edh\u00e1 hlavn\u00ed<a href=\"http:\/\/www.slim2009.cz\/wordpress\/wp-content\/uploads\/2020\/06\/IMG_5888-2.jpg\" target=\"_blank\" rel=\"noopener noreferrer\"><img loading=\"lazy\" decoding=\"async\" class=\"alignright wp-image-4507\" src=\"http:\/\/www.slim2009.cz\/wordpress\/wp-content\/uploads\/2020\/06\/IMG_5888-2.jpg\" alt=\"\" width=\"253\" height=\"380\" \/><\/a> evropsk\u00e9 rozvod\u00ed \u010cern\u00e9ho a Severn\u00edho mo\u0159e. Od jezer jdeme sm\u011br \u0160pi\u010d\u00e1ck\u00e9 sedlo. Proch\u00e1z\u00edme ski a bajk parkem. M\u00edj\u00edme rozpadlou vilu Karla a sou\u010dasn\u00fd are\u00e1l Hotelu Karl. Znovu z \u010dasov\u00fdch d\u016fvod\u016f m\u011bn\u00edme trasu a nejdeme na Panc\u00ed\u0159, ale kles\u00e1me k Br\u010d\u00e1ln\u00edku 2,5km vzd\u00e1len\u00fdmu. Proch\u00e1z\u00edme kolem prvorepublikov\u00fdch kas\u00e1ren, dnes apartm\u00e1ny Sruby po Poh\u00e1dkov\u00fd stezce, sch\u00e1z\u00edme p\u0159es Louku nadlesn\u00edho Julia Kom\u00e1rka. Dole u k\u0159\u00ed\u017eku a mostu p\u0159es \u00dahlavu n\u00e1s p\u0159edj\u00ed\u017ed\u011bj\u00ed \u0161varn\u00e9 bajkerky. Do c\u00edle na\u0161eho vandru, to m\u00e1me u\u017e jen n\u011bco p\u0159es kil\u00e1k. V Br\u010d\u00e1ln\u00edku, by sme si cht\u011bli pohr\u00e1t na p\u011bkn\u011b vype\u010den\u00fdm d\u011btsk\u00fdm h\u0159i\u0161ti, ale nen\u00ed n\u00e1m d\u00e1no, tak\u017ee, co se d\u00e1 d\u011blat, d\u00e1v\u00e1me se v \u0161anc Hosp\u016fdce v poh\u00e1dce. Jen n\u00e1s vcucla, u\u017e n\u00e1s nepustila. Vevnit\u0159 bylo teplo, venku se po z\u00e1padu ud\u011blalo chladno. Hospodskej byl vykuk a tak n\u00e1m \u00fa\u010dtoval jako autobusov\u00fdmu z\u00e1jezdu, pacholek jeden. O\u017eebra\u010den\u00fd se odeb\u00edr\u00e1me na vlakovou zast\u00e1vku p\u0159espat. Budka je velik\u00e1 akor\u00e1t pro n\u00e1s \u010dty\u0159i. R\u00e1no se bal\u00edme, sta\u010d\u00edme je\u0161t\u011b uva\u0159it \u010daj, ale s posledn\u00edm dou\u0161kem je tu vlak. Nastupujeme, uvelebujeme se a kupujeme l\u00edstky od zmaten\u00fd kondukt\u00e9rky, kter\u00e1 nedok\u00e1zala pochopit, \u017ee pot\u0159ebujeme 3l\u00edstky do Prahy a 2 z Prahy do Ti\u0161nova. V Klatovech zase nastupujeme do autobusu a v Dob\u0159anech do rychl\u00edku na Prahu. M\u00e1me jen mal\u00fd zpo\u017ed\u011bn\u00ed, ale i tak Jurovi s Pe\u0165ou uj\u00ed\u017ed\u00ed p\u0159\u00edpoj do Ti\u0161nova. \u0160us\u0165a jede d\u00e1l p\u0159es Pardubice do Brna. Lou\u010d\u00edm se, lezu do krtka a jedu na \u010cer\u0148\u00e1k, kde nastupuju do autobusu m\u00ed\u0159\u00edc\u00edm do Trutnova. Vandr Kr\u00e1lovsk\u00fdm Hvozdem tak skon\u010dil.<\/p>\n<p>Odkaz na <a href=\"http:\/\/www.slim2009.cz\/photo\/#\/shared_space\/folder\/383?_k=ge2x5j\" target=\"_blank\" rel=\"noopener noreferrer\">fotky tady.<\/a> \u00a0\u00a0\u00a0\u00a0\u00a0\u00a0\u00a0\u00a0\u00a0\u00a0\u00a0\u00a0\u00a0\u00a0\u00a0\u00a0\u00a0\u00a0\u00a0 Odkaz na <a href=\"http:\/\/www.slim2009.cz\/Prilohy\/Videa\/Osser2020.mp4\" target=\"_blank\" rel=\"noopener noreferrer\">video tady.<\/a><br \/>\nFotky od <a href=\"https:\/\/uloz.to\/tamhle\/vaK96AbUrJvQ\/name\/Nahrano-11-8-2020-v-21-57-19?view=gallery\" target=\"_blank\" rel=\"noopener noreferrer\">\u0160usti tady.<\/a><\/p>\n<p>Itiner\u00e1\u0159 <a href=\"http:\/\/www.slim2009.cz\/Prilohy\/KralovskymHvozdem2020\/vandry 2020 - jaro.pdf\" target=\"_blank\" rel=\"noopener noreferrer\">zde.<\/a><\/p>\n","protected":false},"excerpt":{"rendered":"<p>Na ja\u0159e roku 2020 se z \u010c\u00edny do sv\u011bta vydal Koronavirus s n\u00e1zvem COVID-19. N\u00e1kaza m\u00e1lem ohrozila n\u00e1\u0161 pl\u00e1n vydatse 27.5. a\u017e 30.5.2020 do Kr\u00e1lovsk\u00fdho hvozdu. Pandemie na\u0161t\u011bst\u00ed v dubnu za\u010dala sl\u00e1bnout a t\u00edm p\u00e1dem do\u0161lo na rozvol\u0148ov\u00e1n\u00ed opat\u0159en\u00ed, tak\u017ee &hellip; <a href=\"https:\/\/www.slim2009.cz\/wordpress\/vandry-2\/kralovskym-hvozdem-2020\/\">Cel\u00fd p\u0159\u00edsp\u011bvek <span class=\"meta-nav\">&rarr;<\/span><\/a><\/p>\n","protected":false},"author":1,"featured_media":0,"parent":776,"menu_order":24,"comment_status":"closed","ping_status":"closed","template":"","meta":{"footnotes":""},"class_list":["post-4500","page","type-page","status-publish","hentry"],"_links":{"self":[{"href":"https:\/\/www.slim2009.cz\/wordpress\/wp-json\/wp\/v2\/pages\/4500","targetHints":{"allow":["GET"]}}],"collection":[{"href":"https:\/\/www.slim2009.cz\/wordpress\/wp-json\/wp\/v2\/pages"}],"about":[{"href":"https:\/\/www.slim2009.cz\/wordpress\/wp-json\/wp\/v2\/types\/page"}],"author":[{"embeddable":true,"href":"https:\/\/www.slim2009.cz\/wordpress\/wp-json\/wp\/v2\/users\/1"}],"replies":[{"embeddable":true,"href":"https:\/\/www.slim2009.cz\/wordpress\/wp-json\/wp\/v2\/comments?post=4500"}],"version-history":[{"count":0,"href":"https:\/\/www.slim2009.cz\/wordpress\/wp-json\/wp\/v2\/pages\/4500\/revisions"}],"up":[{"embeddable":true,"href":"https:\/\/www.slim2009.cz\/wordpress\/wp-json\/wp\/v2\/pages\/776"}],"wp:attachment":[{"href":"https:\/\/www.slim2009.cz\/wordpress\/wp-json\/wp\/v2\/media?parent=4500"}],"curies":[{"name":"wp","href":"https:\/\/api.w.org\/{rel}","templated":true}]}}