{"id":4471,"date":"2020-05-10T13:19:18","date_gmt":"2020-05-10T12:19:18","guid":{"rendered":"http:\/\/188.120.214.195\/?page_id=4471"},"modified":"2020-05-10T13:19:18","modified_gmt":"2020-05-10T12:19:18","slug":"k-bufetu-na-rozcesti-2020","status":"publish","type":"page","link":"https:\/\/www.slim2009.cz\/wordpress\/archivalie\/archiv-crnci\/k-bufetu-na-rozcesti-2020\/","title":{"rendered":"K Bufetu na rozcest\u00ed 2020"},"content":{"rendered":"<p>Tom\u00e1\u0161 si sv\u00e9pomoc\u00ed zkompletoval z\u00a0vy\u0159azen\u00fdho, l\u00e9ty za\u0161l\u00fdho malocip\u00e9du, veloci\u0161lap zn. Favorit. Ojet\u00fd d\u00edly nahradil <a href=\"http:\/\/www.slim2009.cz\/wordpress\/wp-content\/uploads\/2020\/05\/14-2.jpg\" target=\"_blank\" rel=\"noopener noreferrer\"><img loading=\"lazy\" decoding=\"async\" class=\"alignright wp-image-4473\" src=\"http:\/\/www.slim2009.cz\/wordpress\/wp-content\/uploads\/2020\/05\/14-2.jpg\" alt=\"\" width=\"260\" height=\"347\" \/><\/a>nov\u00fdmi a zvolal: \u201eJE TO PECKA!\u201c Nebo tak n\u011bj\u00e1k. Jakmile najel s Favou\u0161em dotate\u010dnej po\u010det ov\u011b\u0159ovac\u00edch kil\u00e1k\u016f, tu\u0161\u00edm \u017ee 36, napl\u00e1noval \u201eride to the Buffet.\u201c Ani jsem netu\u0161il, \u017ee mezi Negry jsou \u201eunderground razors\u201c, \u010dili utajen\u00ed \u017eiletk\u00e1\u0159i. N\u00e1vrhy na takovou j\u00edzdu m\u011b nechali chladn\u00fdm. P\u0159i p\u0159edstav\u011b jak pl\u00e1pol\u00e1m n\u011bkde kilometry vzadu, sotva popadaj\u00edc dech a je\u0161t\u011b k tomu f\u016fra kil\u00e1k\u016f do kopce, to nen\u00ed nic pro m\u011b. Jen\u017ee jakejsi \u010derv za\u010dal hlodat, hlodavec jeden. Ve \u010dtvrtek, po ukon\u010den\u00ed rachoty v Kolbence vyr\u00e1\u017e\u00edm p\u0159es v\u010del\u00edn, kolem Jansk\u00fdho vrchu, skrz Bernartice, Lampertice, \u017dacl k R\u00fdchorsk\u00fdmu k\u0159\u00ed\u017ei. U B\u00edl\u00fdho k\u0159\u00ed\u017ee, p\u0159i jedn\u00fd z mnoha zast\u00e1vek, zji\u0161\u0165uju vakl u vahadla bajku. Tak u\u017e se to zase po dvou letech se.. . To by mohlo bejt nejen po pt\u00e1k\u00e1ch, ale i po Kl\u00ednovci v \u010dervnu! Snad nebude tak zle?! U R\u00fdchrsk\u00fdho k\u0159\u00ed\u017ee m\u00e1m 25km, to k Bufetu to bude 40. Zapom\u011b\u0148 na to! A hlodavec hlod\u00e1 a zadn\u00ed stavba se kvikl\u00e1! Doma po sjet\u00ed z Horn\u00edch Albe\u0159ic a celkem 40ti kil\u00e1k\u00e1ch, objedn\u00e1v\u00e1m sadu n\u00e1hradn\u00edch futer a \u010dep. Hlodavec vodn\u00ed, \u010dili \u017eelva, hlod\u00e1 a hlod\u00e1! V p\u00e1tek d\u011bl\u00e1m odd\u011blky, chyt\u00e1m roj v\u010del a hlodavec hlod\u00e1. Ve\u010der po usazen\u00ed roje je dohlod\u00e1no. Hor\u0161\u00ed to bejt nem\u016f\u017ee, jednu vyj\u00ed\u017e\u010fku to je\u0161t\u011b vydr\u017e\u00ed a v\u00fdkonov\u011b-rychlostn\u00ed hendikep p\u0159ekon\u00e1m tak, \u017ee vyraz\u00edm u\u017e v 8:00 a n\u00e9 a\u017e 9:45 s hlavn\u00ed skupinou. N\u011bkde v L\u00e1nov\u011b budu m\u00edt hodinu a p\u016fl k nabr\u00e1n\u00ed sil pro stoup\u00e1n\u00ed k vrcholu, zat\u00edm co ostatn\u00ed pojedou bez zast\u00e1vky a budou na\u010dnut\u00fd. Cesta do Rudn\u00edku ub\u00edh\u00e1 neb je z kopce. Do Fo\u0159tu to stoup\u00e1 zvolna a je i \u010das se kochat, t\u0159eba sb\u00edrkou emerickejch k\u00e1r, pod \u0161ir\u00fdm nebem, nebo n\u00e1kladn\u00ed lanovkou. \u00a0V 9:30 sed\u00edm na zast\u00e1vce v Horn\u00edm L\u00e1nov\u011b a pos\u00edl\u00e1m zpr\u00e1vu Tomovi, \u017ee taky jedu a \u017ee u\u017e na n\u011b \u010dek\u00e1m. V 11:00 jsou u m\u011b i s grupou ode Dvora. Spole\u010dn\u00fd foto a jedeme. Ani to netrvalo dlouho a sou fprfrrrr. Pl\u00e1pol\u00e1m. Oni snad \u017eerou loveckej sal\u00e1m na \u0161torc! Kde berou tu s\u00edlu v haksn\u00e1ch? \u0160t\u011bst\u00ed, \u017ee zastavujou tu pro vodu, tu u lomu pod H\u0159\u00edb\u011bc\u00edma boudama. Za H\u0159\u00edb\u011bc\u00edma se mi ztr\u00e1c\u00ed v\u0161ichni v d\u00e1li. Kru\u010den\u00ed v b\u0159i\u0161e, prdel na hadry, nohy net\u00e1hnou, leje zem\u011b z vola. Sesed\u00e1m, vytahuju su\u0161enku, nab\u00edr\u00e1m s\u00edlu k dal\u0161\u00edmu stoup\u00e1n\u00ed. Kolem proj\u00ed\u017ed\u00ed n\u011bkolik bajkersk\u00fdch zoufalc\u016f, kter\u00fd vypadaj stejn\u011b zoufale jako j\u00e1. Naskakuju na bajk a dr\u017e\u00edm se jich jako kl\u00ed\u0161t\u011b, ale rad\u0161i z v povzd\u00e1l\u00ed. Nakonec n\u011bkam odbo\u010dujou, tak z\u016fst\u00e1v\u00e1m zase s\u00e1m a m\u016f\u017eu je\u0161t\u011b p\u00e1rkr\u00e1t zastavit, ne\u017e se vy\u0161kr\u00e1bu a\u017e k Bufetu. Kdy\u017e se tam kone\u010dn\u011b dost\u00e1v\u00e1m, maj\u00ed ostatn\u00ed dojedeno a pop\u00edjej pivko. Upad\u00e1m vedle nich, vytahuju chleba, \u010dor\u00edzo a termosku s \u010dajem. S d\u00edky odm\u00edt\u00e1m nab\u00edzen\u00fd pivo. U\u017e tak mi nohy net\u00e1hnou a po p\u00edvu by byl \u00faplnej konec. Je tady \u017eivo. Od V\u00fdrovky proud\u011bj davy a utv\u00e1\u0159ej u ok\u00fdnka buf\u00e1\u010de nekone\u010dnou frontu. Je\u0161t\u011b \u017ee m\u00e1m vlatn\u00ed proviant, tak\u017ee se nemus\u00edm tla\u010dit v tla\u010denici. N\u011bkdy kolem druh\u00fd jedeme za divem Krkono\u0161. Za opravdov\u00fdm sn\u011bhem ze sn\u011bhu a ledu. Jak jinak ne\u017e zase do kopce. Sn\u00edh se uk\u00e1zal d\u0159\u00edv ne\u017e by bylo zdr\u00e1vo. Hned za Buf\u00e1\u010dem a kle\u010d\u00ed se nahromadil b\u00edl\u00fd, mokr\u00fd a ledov\u00fd sajrajt na cest\u011b. \u017diletk\u00e1\u0159i berou trubky na rameno a frfekaj se vp\u0159ed. Tla\u010d\u00edm a klopejt\u00e1m taky. Ten sajrajt je mokrej, lep\u00ed se jako bl\u00e1to a leze do bot. A\u017e t\u011bsn\u011b u V\u00fdrovky to nad\u011blen\u00ed kon\u010d\u00ed. Kone\u010dn\u011b! Zase kopec! Pomalu se suneme vzh\u016fru k z\u00e1v\u011bji, kde d\u011bl\u00e1me spole\u010dn\u00fd foto a pak je\u0161t\u011b kousek vzh\u016fru, a\u017e ke kapli\u010dce <a href=\"http:\/\/www.slim2009.cz\/wordpress\/wp-content\/uploads\/2020\/05\/36-2.jpg\" target=\"_blank\" rel=\"noopener noreferrer\"><img loading=\"lazy\" decoding=\"async\" class=\"alignright wp-image-4475\" src=\"http:\/\/www.slim2009.cz\/wordpress\/wp-content\/uploads\/2020\/05\/36-2.jpg\" alt=\"\" width=\"260\" height=\"347\" \/><\/a>pod Lu\u010dn\u00ed horou. D\u00e1l ni krok! Po rozhl\u00eddnut\u00ed se ot\u00e1\u010d\u00edme a jedeme zp\u00e1tky k\u00a0V\u00fdrovce, kde si d\u00e1v\u00e1me pivka. Pak u\u017e nekompromisn\u011b a rychle z\u00a0kopce do Pece. Nahoru to bylo n\u011bkolik hodin, ale d\u00f3lu to byl fi\u010d\u00e1k. Kone\u010dn\u011b jedu prvn\u00ed, av\u0161ak dole v\u00a0Peci se \u0159ad\u00edm znova na chvost pelotonu, aby u\u017e mi zase po p\u00e1r tempech zmizeli v\u00a0d\u00e1li. A\u0165 kmit\u00e1m haksnama jak chci, nest\u00edh\u00e1m. Zastavujeme a\u017e u Hostince na kope\u010dku. Na tabuli maj psanou gul\u00e1\u0161ovku tak si ji skoro v\u0161ichni d\u00e1v\u00e1me a n\u011bkte\u0159\u00ed i pivko. Po zaplacen\u00ed nased\u00e1me a \u017ee prej jedeme do Buk\u016f na zmrzku. Netrv\u00e1 to ani chv\u00edli a zase mi mizej z\u00a0dohledu. U st\u00e1nku se zmrzlinou je ru\u0161no, stejn\u011b jako naho\u0159e u V\u00fdrovky. J\u00e1 si nic ned\u00e1v\u00e1m a tak pozoruju ostatn\u00ed, jak to maj vyl\u00edzan\u00fd a vysrknut\u00fd. Pro m\u011b je to dom\u016f u\u017e jen 4kil\u00e1ky, to kluci z\u00a0DK maj p\u0159ed sebou je\u0161t\u011b dobrejch 20 a n\u011bco kil\u00e1k\u016f. Zbytek se do Trutnova n\u011bj\u00e1k dokodrc\u00e1. Lou\u010d\u00edme se v\u00a0Hor\u0148\u00e1ku u kostela. Je\u0161t\u011b jedu zalejt zeleninu na zahr\u00e1dku, ale pak u\u017e dom\u016f pol\u00edbit man\u017eelku slanou hubou, svl\u00ednout se, sko\u010dit do vany, pove\u010de\u0159et a ud\u011blat Vla\u0161skej sal\u00e1t na zejt\u0159ej\u0161\u00ed ob\u011bd. To sme si zase u\u017eili kola\u0159en\u00ed. Tak a to je f\u0161echno.<\/p>\n<p>Fotky od v\u0161ech \u00fa\u010dastn\u00edk\u016f <a href=\"http:\/\/www.slim2009.cz\/photo\/#\/shared_space\/folder\/214?_k=knr8bm\" target=\"_blank\" rel=\"noopener noreferrer\">jsou tady.<\/a><\/p>\n<p>Pohled na stejnou v\u011bc od jinud <a href=\"http:\/\/www.negri.cz\/2020\/05\/na-ziletkach-skoro-az-na-lucni.html\" target=\"_blank\" rel=\"noopener noreferrer\">Tadyhle<\/a><\/p>\n<p>&nbsp;<\/p>\n<p><strong><span style=\"color: #ff0000;\">Inzer\u00e1t:<\/span><\/strong> Koup\u00edm haksny a pl\u00edce zn.: M\u00e1lo jet\u00fd<\/p>\n","protected":false},"excerpt":{"rendered":"<p>Tom\u00e1\u0161 si sv\u00e9pomoc\u00ed zkompletoval z\u00a0vy\u0159azen\u00fdho, l\u00e9ty za\u0161l\u00fdho malocip\u00e9du, veloci\u0161lap zn. Favorit. Ojet\u00fd d\u00edly nahradil nov\u00fdmi a zvolal: \u201eJE TO PECKA!\u201c Nebo tak n\u011bj\u00e1k. Jakmile najel s Favou\u0161em dotate\u010dnej po\u010det ov\u011b\u0159ovac\u00edch kil\u00e1k\u016f, tu\u0161\u00edm \u017ee 36, napl\u00e1noval \u201eride to the Buffet.\u201c Ani &hellip; <a href=\"https:\/\/www.slim2009.cz\/wordpress\/archivalie\/archiv-crnci\/k-bufetu-na-rozcesti-2020\/\">Cel\u00fd p\u0159\u00edsp\u011bvek <span class=\"meta-nav\">&rarr;<\/span><\/a><\/p>\n","protected":false},"author":1,"featured_media":0,"parent":5066,"menu_order":11,"comment_status":"closed","ping_status":"closed","template":"","meta":{"footnotes":""},"class_list":["post-4471","page","type-page","status-publish","hentry"],"_links":{"self":[{"href":"https:\/\/www.slim2009.cz\/wordpress\/wp-json\/wp\/v2\/pages\/4471","targetHints":{"allow":["GET"]}}],"collection":[{"href":"https:\/\/www.slim2009.cz\/wordpress\/wp-json\/wp\/v2\/pages"}],"about":[{"href":"https:\/\/www.slim2009.cz\/wordpress\/wp-json\/wp\/v2\/types\/page"}],"author":[{"embeddable":true,"href":"https:\/\/www.slim2009.cz\/wordpress\/wp-json\/wp\/v2\/users\/1"}],"replies":[{"embeddable":true,"href":"https:\/\/www.slim2009.cz\/wordpress\/wp-json\/wp\/v2\/comments?post=4471"}],"version-history":[{"count":0,"href":"https:\/\/www.slim2009.cz\/wordpress\/wp-json\/wp\/v2\/pages\/4471\/revisions"}],"up":[{"embeddable":true,"href":"https:\/\/www.slim2009.cz\/wordpress\/wp-json\/wp\/v2\/pages\/5066"}],"wp:attachment":[{"href":"https:\/\/www.slim2009.cz\/wordpress\/wp-json\/wp\/v2\/media?parent=4471"}],"curies":[{"name":"wp","href":"https:\/\/api.w.org\/{rel}","templated":true}]}}