{"id":4454,"date":"2020-04-19T19:07:00","date_gmt":"2020-04-19T18:07:00","guid":{"rendered":"http:\/\/188.120.214.195\/?page_id=4454"},"modified":"2020-04-19T19:07:00","modified_gmt":"2020-04-19T18:07:00","slug":"bajkcovid-20","status":"publish","type":"page","link":"https:\/\/www.slim2009.cz\/wordpress\/archivalie\/archiv-crnci\/bajkcovid-20\/","title":{"rendered":"BajkCovid-20"},"content":{"rendered":"<p>Velikonoce bez koledy, uvrhly crn\u010d\u00ed bajkery v trudomyslnost. Hnedle odpoledne na Velikono\u010dn\u00ed pond\u011bl\u00ed se usnesli, \u017ee kdy\u017e si o n\u011bco koledovat, tak jedin\u011b na bajku v sobotu 18t\u00fdho dubna. P\u0159edpov\u011b\u010f po\u010das\u00ed se postupn\u011b vyjasnila, po\u010det <a href=\"http:\/\/www.slim2009.cz\/wordpress\/wp-content\/uploads\/2020\/04\/02-2.jpg\" target=\"_blank\" rel=\"noopener noreferrer\"><img loading=\"lazy\" decoding=\"async\" class=\"alignright wp-image-4456\" src=\"http:\/\/www.slim2009.cz\/wordpress\/wp-content\/uploads\/2020\/04\/02-2.jpg\" alt=\"\" width=\"212\" height=\"283\" \/><\/a>z\u016f\u010dastn\u00edv\u0161\u00edch Negr\u016f vystoupal a\u017e k \u010d\u00edslu 7. Bajkov\u00e1n\u00ed na taj\u0148a\u010dku prost\u011b t\u00e1hne. Trasa neobydlenou krajinou okolo Trutnova vyvolala vlnu nad\u0161en\u00ed, obvzvl\u00e1\u0161t\u011b u pl\u00e1nova\u010de tras. Aby n\u00e1hodou nedo\u0161lo na setk\u00e1n\u00ed s hl\u00eddkou VB, bylo zvoleno i tajn\u00e9 m\u00edsto startu. R\u00e1no se z HK, DK a T\u0159eme\u0161n\u00fd vyd\u00e1vaj Palec, Hrnec, Lukas, Zdenec. Po vlastn\u00ed ose z DK dorazil Dejf. Z Rokasu p\u0159ijel Tom a j\u00e1 to vzal z Hor\u0148\u00e1ku od lesa, abych byl na startu prvn\u00ed. Prvn\u00ed p\u0159ekv\u00e1pko se konalo na hr\u00e1zi odkali\u0161t\u011b, kde se poflakovali r\u016fzn\u00fd bajke\u0159i u aut a v\u016fbec kolem dokola. Na m\u00edst\u011b startu \u010dek\u00e1m do \u010dasu T+1, ale nikde nikdo. M\u00edsto startu, je tak tajn\u00fd \u017ee se k n\u011bmu dostal jenom pl\u00e1nova\u010d a Tom. Telefon\u00e1t od Hrnce je v\u0161e \u0159\u00edkaj\u00edc\u00ed:\u201c Sme n\u011bkde p\u0159ed tebou!\u201c Hmm dobr\u00fd ale gde? Po\u0161lu Ti sou\u0159adnice. Hmm sou\u0159adnice \u2013 \u017ee prej vid\u011bj vys\u00edla\u010d a vrtule, tak to jsou n\u011bkde u zadnice. Pos\u00edl\u00e1m je k lesu, a\u010d by bylo lep\u0161\u00ed poslat je k \u0161\u00edpku. P\u0159\u00ed\u0161t\u011b \u017e\u00e1dn\u00fd tajn\u00fd m\u00edsta startu, kdy\u017e nemaj p\u00e1ru o pr\u00e1ci s mapou! Ne\u017e si zabal\u00edm mobil, od lesa p\u0159ij\u00ed\u017ed\u00ed Tom. Spole\u010dn\u011b jedeme k chrli\u010di, kde jak douf\u00e1me se kone\u010dn\u011b potk\u00e1me. Ne\u017e dojedeme k rop\u00e1k\u016fm, vrn\u00ed mi dvakr\u00e1t mobil v b\u00e1glu. U chrli\u010de svinstva z elektr\u00e1rny, stoj\u00ed Lukas s Dejvem. Zdenec s Hrncem a Palcem jede k b\u016fhv\u00ed jak\u00fdmu lesu. Na spr\u00e1vnou cestu je jede vyzvednout Tom. Kone\u010dn\u011b jsme v\u0161ichni. Vysv\u011btlujeme si pojem vys\u00edla\u010d a p\u0159evad\u011b\u010d, ale nikam to nevedlo, tak vyr\u00e1\u017e\u00edme. Asfaltkou stoup\u00e1me na jej\u00ed konec, kde se no\u0159\u00edme do lesa, abysme se vylouply na Bo\u010dkov\u00fdch louk\u00e1ch a p\u0159ijeli na sjezdovku v Pet\u0159\u00edkovic\u00edch. Prvn\u00ed zast\u00e1vka, osv\u011b\u017een\u00ed a zase do sedla. St\u00e1le stoup\u00e1me a\u017e pod J\u00e1nsk\u00fd vrch. Tady se d\u011bl\u00edme. Dejf s Lukasem jedou rovnou ke stud\u00e1nce, zbytek m\u00ed\u0159\u00ed na vrchol J\u00e1nsk\u00fd vrch 697m\/n.m. Po spole\u010dn\u00fd vrcholov\u00fd fotce, jedeme hadrcore sjezd, k\u00e1men nek\u00e1men, d\u00f3l\u016f ke stud\u00e1nce. Jedeme tak rychle, \u017ee n\u00e1s p\u0159edb\u011bhl n\u011bj\u00e1kej b\u011bh\u00e1k. Zkou\u0161\u00edme 10ti metrov\u00fd skoky, ale po 5ti metrech to vzd\u00e1v\u00e1me u\u017e proto, \u017ee jsme nad stud\u00e1nkou. List\u00edm a prachem sj\u00ed\u017ed\u00edme k alt\u00e1nu u stud\u00e1nky, kde odpo\u010d\u00edvaj\u00ed Dejf s Lukasem. B\u011bh\u00e1k si p\u00e1dil d\u00e1l pod\u00e9l st\u00e1tn\u00ed hranice. Vydejch\u00e1v\u00e1me ty skoky, pijeme z\u00e1zra\u010dnou vodu. Osv\u011b\u017een\u00fd nased\u00e1me a prudkose\u0161upem se spou\u0161t\u00edme okolo ohrady d\u00f3lu k posledn\u00edm bar\u00e1k\u016fm Pet\u0159\u00edkovic. Op\u011bt \u0161lapeme do kopce. Po silnici jedeme a\u017e za \u017eelezni\u010dn\u00ed p\u0159ejezd, kde odbo\u010dujeme na lesn\u00ed cestu. Chvilku stoup\u00e1me zprudka, pak u\u017e m\u00edrn\u011bjc, ale vytrvale a\u017e k odbo\u010dce na zelenou zna\u010dku. Po t\u00e1hl\u00fdm m\u00edrn\u00fdm kles\u00e1n\u00ed odbo\u010dujeme ke Chvale\u010dsk\u00fdmu vodop\u00e1du. Vodopad\u00e1n\u00ed je minim\u00e1ln\u00ed, nen\u00ed voda. Odj\u00ed\u017ed\u00edme d\u00e1l k m\u00edstu zvan\u00fdmu Hamry. P\u0159ed ruinou vod\u00e1rny odbo\u010dujeme doprava a nepou\u017e\u00edvanou cestou a\u017e cesti\u010dkou stoup\u00e1me na rozcest\u00ed u Slav\u011bt\u00edna. Dost\u00e1v\u00e1me se na fungln\u00e1gl novou asfaltku. Tu pou\u017eijeme a\u017e do Slav\u011bt\u00edna, kde odbo\u010dujeme na makadamovou zkratku Slav\u011bt\u00edn-Bezd\u011bkov-Lhota-Trutnov. Stoup\u00e1me k p\u011bchotn\u00edmu srubu T-S-43 \u201ePod lesem\u201c. Je\u0161t\u011b ne\u017e se k n\u011bmu vy\u0161kr\u00e1beme, dost\u00e1v\u00e1 Tom i j\u00e1 hlad. Celkem snadno dost\u00e1v\u00e1 hlad i zbytek Negr\u016f. Parkujeme bajky u ohrady, sund\u00e1v\u00e1me b\u00e1gly, vynd\u00e1v\u00e1me svoje klob\u00e1sy, n\u011bkte\u0159\u00ed bu\u0159ty, r\u016fzn\u00fdch velikost\u00ed a tvar\u016f. Vytahuju trumf v <a href=\"http:\/\/www.slim2009.cz\/wordpress\/wp-content\/uploads\/2020\/04\/28-2.jpg\" target=\"_blank\" rel=\"noopener noreferrer\"><img loading=\"lazy\" decoding=\"async\" class=\"alignright wp-image-4458\" src=\"http:\/\/www.slim2009.cz\/wordpress\/wp-content\/uploads\/2020\/04\/28-2.jpg\" alt=\"\" width=\"313\" height=\"176\" \/><\/a>podob\u011b l\u00e1vov\u00fdho grilu. Pomoc\u00ed p\u0159ilo\u017een\u00fdho n\u00e1vodu a s pomoc\u00ed radil\u016f sestavuju ekogril. Podpaluju brikety a opravdu u\u017e za 5minut to jede, tak jak to sliboval n\u00e1vod. Bu\u0159ty a klob\u00e1sky se ro\u017enej, n\u011bkte\u0159\u00ed si prohl\u00ed\u017eej bukr zevnit\u0159. My ostatn\u00ed vedeme velezr\u00e1dn\u00fd \u0159e\u010di, kde ur\u00e1\u017eka majest\u00e1tu je \u00fapln\u00e1 prdla\u010dka. Ani to dlouho netrv\u00e1, m\u00e1me uro\u017en\u00edno a zba\u0161t\u00edno. Ti co maj p\u00edvo ho pou\u017eijou na spl\u00e1chnut\u00ed mastnoty. J\u00e1 to sv\u00fd zapom\u011bl doma. Gril furt h\u0159eje, tak ho podpalujeme a kon\u00e1me ekologick\u00fd dobro. Spalujeme n\u011bkolik odpadk\u016f z okol\u00ed, a aby nedo\u0161lo k po\u017e\u00e1ru spou\u0161t\u00edme \u201ezlatej d\u00e9\u0161\u0165\u201c. Jen\u017ee poma\u010dkan\u00fd prostaty toho pust\u011bj v\u00edc do gat\u00ed ne\u017e ven. Po po\u017e\u00e1rn\u00edm cvi\u010den\u00ed odj\u00ed\u017ed\u00edme k \u0158eha\u010dce, neboli Jest\u0159eb\u00ed boud\u011b. Samoz\u0159ejm\u011b je to do kopce, ale u\u017e jenom malounko. Po h\u0159eben\u00ed a po louce u Paseky p\u0159ij\u00ed\u017ed\u00edme k \u0158eha\u010dce. I kdy\u017e nen\u00ed otev\u0159eno z d\u016fvodu pand\u00e9mie, jsou u vchodu basy s p\u00edvem a miska na pen\u00edze. Bereme si pivka, do misky d\u00e1v\u00e1me pen\u00edze a jdeme si sednout do tr\u00e1vy p\u0159ed boudou. Vedeme hovor o tom, jestli jsou Jest\u0159eb\u00ed hory vej\u0161, ne\u017e je Lukasova chalupa na Zvi\u010din\u011b. Lukas \u0159\u00edk\u00e1, \u017ee se pod\u00edv\u00e1 po vrstevnici, Zden\u00e1nek mu odpov\u00edd\u00e1, \u017ee lep\u0161\u00ed ne\u017e vrstevnice je \u0148\u00e1k\u00e1 mlad\u0161\u00ed. Touhle pozn\u00e1mkou uv\u00e1d\u00ed p\u0159ised\u00edc\u00ed do stavu \u0159ehotu. No, ostatn\u011b jsme u \u0158eha\u010dky. Po n\u011bkolika nepublikovateln\u00fdch hl\u00e1\u0161k\u00e1ch, n\u011bkolika vtipech, kter\u00fd n\u00e1m serv\u00edruje Palec a dvou pivech se bal\u00edme, nased\u00e1me a p\u0159es vrchol h\u0159ebenu jedeme \u00fazkou stezkou o zlom vaz dolu na N\u011bmeck\u00fd louky k Markou\u0161ovic\u00edm. Kolem H\u016fry p\u0159ij\u00ed\u017ed\u00edme k TT\u010dk\u016fm, konkr\u00e9tn\u011b k druh\u00fd sekci Koz\u00edho trailu. Bez zastaven\u00ed d\u00e1v\u00e1me druhou a t\u0159et\u00ed sekci kozy. P\u0159es Sedmidom\u00ed jedeme na Kon\u010diny a za kolejema k Suchovr\u0161ic\u00edm. Kostkovou cestou sj\u00ed\u017ed\u00edme do \u00fadol\u00ed a po kryt\u00fdm most\u011b, p\u0159ej\u00ed\u017ed\u00edme na druhej b\u0159eh \u00dapy. Tady Tom navrhuje jet jinou cestou kolem st\u0159\u00edbrn\u00fdch dol\u016f. Na odbo\u010dce, ne\u017e Tom na\u0161el jestli u\u017e odbo\u010dujeme, si hafan za plotem za\u010dal hr\u00e1t se <a href=\"http:\/\/www.slim2009.cz\/wordpress\/wp-content\/uploads\/2020\/04\/31-2.jpg\"><img loading=\"lazy\" decoding=\"async\" class=\" wp-image-4459 alignright\" src=\"http:\/\/www.slim2009.cz\/wordpress\/wp-content\/uploads\/2020\/04\/31-2.jpg\" alt=\"\" width=\"302\" height=\"226\" \/><\/a>Zden\u00e1nkem bal\u00f3nkovanou. Prostr\u010dil tenis\u00e1k pod br\u00e1nou, Zdenda mu ho hodil a tak furt dokola, a\u017e do doby, ne\u017e jsme odjeli. Za odbo\u010dkou se cesta zvedla k nebes\u016fm. Po p\u00e1r mertech slejz\u00e1m a spole\u010dn\u011b to d\u011bl\u00e1 Lukas i Dejf. Ostatn\u00ed state\u010dn\u011b \u0161lapou a\u017e k vrcholu. Kdy\u017e se to narovnalo, ostatn\u00ed na n\u00e1s \u010dekaj. Spole\u010dn\u011b jedeme d\u00e1l nad Rub\u00ednovice. P\u0159es P\u00eds\u010diny sj\u00ed\u017ed\u00edme do Rub\u00ednovic k silnici. Po n\u00ed jedeme p\u0159es Strarej Rokytn\u00edk k Trutnovu. Tom je doma ale Hrnec, Palec a Zdenec jsou vp\u0159edu, tak\u017ee se s n\u00edm nemohli rozlou\u010dit. U Housky se odpojuje Dejf, Hrnec a Palec. Jedou p\u0159es Dolce a Dub\u00e1k do Dvora. Posledn\u00ed t\u0159i kusy Lukas, Zdenec a j\u00e1 jedeme kolem Vl\u010dky, Nemocnice k Baz\u00e9nu. Tady se lou\u010d\u00edm se Zden\u00e1nkem, kterej jede k autu na parkovi\u0161t\u011b TT\u010dek u Lhoty a s Lukasem parkuj\u00edc\u00edm tady u baz\u00e9nu. S\u00e1m m\u00ed\u0159\u00edm do Hor\u0148\u00e1ku, rovnou na zahr\u00e1dku zalejt sal\u00e1t a \u0159edkvi\u010dky. Zji\u0161\u0165uju, \u017ee mi chyb\u00ed kil\u00e1k do 50s\u00e1tky, tak obj\u00ed\u017ed\u00edm zahr\u00e1dky, abych to zakulatil. Kluci dali o n\u011bkolik kil\u00e1k\u016f v\u00edc. Dejf 108,70km, Hrnec 73,92km, Palec 66,79km, Lukas 40,79km, Zdenda 40,85km, Tomas 43,60km. No hold dobrej odd\u00edl. Tak zas p\u0159\u00ed\u0161t\u011b.<\/p>\n<p>Fotky z <a href=\"http:\/\/www.slim2009.cz\/photo\/#\/shared_space\/folder\/216?_k=2k9lck\" target=\"_blank\" rel=\"noopener noreferrer\">Covidbajku jsou tady.<\/a><\/p>\n","protected":false},"excerpt":{"rendered":"<p>Velikonoce bez koledy, uvrhly crn\u010d\u00ed bajkery v trudomyslnost. Hnedle odpoledne na Velikono\u010dn\u00ed pond\u011bl\u00ed se usnesli, \u017ee kdy\u017e si o n\u011bco koledovat, tak jedin\u011b na bajku v sobotu 18t\u00fdho dubna. P\u0159edpov\u011b\u010f po\u010das\u00ed se postupn\u011b vyjasnila, po\u010det z\u016f\u010dastn\u00edv\u0161\u00edch Negr\u016f vystoupal a\u017e k &hellip; <a href=\"https:\/\/www.slim2009.cz\/wordpress\/archivalie\/archiv-crnci\/bajkcovid-20\/\">Cel\u00fd p\u0159\u00edsp\u011bvek <span class=\"meta-nav\">&rarr;<\/span><\/a><\/p>\n","protected":false},"author":1,"featured_media":0,"parent":5066,"menu_order":10,"comment_status":"closed","ping_status":"closed","template":"","meta":{"footnotes":""},"class_list":["post-4454","page","type-page","status-publish","hentry"],"_links":{"self":[{"href":"https:\/\/www.slim2009.cz\/wordpress\/wp-json\/wp\/v2\/pages\/4454","targetHints":{"allow":["GET"]}}],"collection":[{"href":"https:\/\/www.slim2009.cz\/wordpress\/wp-json\/wp\/v2\/pages"}],"about":[{"href":"https:\/\/www.slim2009.cz\/wordpress\/wp-json\/wp\/v2\/types\/page"}],"author":[{"embeddable":true,"href":"https:\/\/www.slim2009.cz\/wordpress\/wp-json\/wp\/v2\/users\/1"}],"replies":[{"embeddable":true,"href":"https:\/\/www.slim2009.cz\/wordpress\/wp-json\/wp\/v2\/comments?post=4454"}],"version-history":[{"count":0,"href":"https:\/\/www.slim2009.cz\/wordpress\/wp-json\/wp\/v2\/pages\/4454\/revisions"}],"up":[{"embeddable":true,"href":"https:\/\/www.slim2009.cz\/wordpress\/wp-json\/wp\/v2\/pages\/5066"}],"wp:attachment":[{"href":"https:\/\/www.slim2009.cz\/wordpress\/wp-json\/wp\/v2\/media?parent=4454"}],"curies":[{"name":"wp","href":"https:\/\/api.w.org\/{rel}","templated":true}]}}