{"id":4426,"date":"2019-12-06T21:40:15","date_gmt":"2019-12-06T20:40:15","guid":{"rendered":"http:\/\/188.120.214.195\/?page_id=4426"},"modified":"2019-12-06T21:40:15","modified_gmt":"2019-12-06T20:40:15","slug":"eromu","status":"publish","type":"page","link":"https:\/\/www.slim2009.cz\/wordpress\/povidky-a-jine-blaboly\/eromu\/","title":{"rendered":"Er\u0151m\u0171"},"content":{"rendered":"<p>U\u017e n\u011bkolik let \u0159e\u0161\u00edm jak na v\u010del\u00edn\u011b sv\u00edtit a poka\u017ed\u00fd s\u00a0sebou netahat nabitou baterku. M\u00edt tak vlasn\u00ed ELEKTR\u00c1RNU!<img loading=\"lazy\" decoding=\"async\" class=\"alignright wp-image-4428\" src=\"http:\/\/www.slim2009.cz\/wordpress\/wp-content\/uploads\/2019\/12\/IMG_20191122_122806-2.jpg\" alt=\"\" width=\"381\" height=\"214\" \/> No jo, ale jakej typ zvolit? \u017de by tepelnou!? A kdo bude topit a kdo tahat uhl\u00ed? Ne, ne, ne! Mus\u00ed to bejt bezobslu\u017en\u00e1 elektr\u00e1rna a eko-logick\u00e1! Co takhle jadern\u00e1? To by \u0161lo, ale kolik jader je nadkritick\u00fd mno\u017estv\u00ed? Jakej druh j\u00e1dra zvolit? A pak je\u0161t\u011b ten probl\u00e9m s\u00a0jadern\u00fdm odpadem! \u010c\u00edm v\u00edc jader rozbije\u0161, t\u00edm v\u00edc jadern\u00fdho odpadu vznik\u00e1!?!?&#8230; A ta cena za jadernou energii. Do pr\u010dic, v\u017edy\u0165 ty l\u00edsk\u00e1\u010de jsou drah\u00fd a mandle taky, p\u016fl kila je za 140 a\u017e 150Ka\u010dek. To by bylo drah\u00fd sv\u00edcen\u00ed. Kdepak, bude to cht\u00edt n\u011bco bez odpadov\u00fdho, nap\u0159\u00edklad vyu\u017e\u00edt slunce! No jist\u011b, fotovoltaika bude ta spr\u00e1vn\u00e1 cesta. Zcela n\u00e1hodou se mi dostal do ruky jeden opu\u0161t\u011bnej panel a darem regul\u00e1tor. Sta\u010dilo u\u017e jen po\u0159\u00eddit baterku, vyrobit na n\u00ed \u0161katuli s\u00a0izolac\u00ed, po\u0159\u00eddit kabel, po\u0159\u00eddit zemn\u00ed vruty a 4 metry st\u0159e\u0161n\u00ed lat\u011b. No a te\u010f to v\u0161echno smontovat. P\u00e1r dn\u00ed s\u00a0rej\u010dem, \u0161roubov\u00e1kem, sk\u0159\u00edpa\u010dkama a p\u00e1je\u010dkou a proudi u\u017e proud\u011bj. Kone\u010dn\u011b \u017e\u00e1dn\u00fd p\u0159en\u00e1\u0161en\u00ed baterky.<\/p>\n<p>Speci\u00e1ln\u00ed pod\u011bkov\u00e1n\u00ed nejmenovan\u00fdm d\u00e1rc\u016fm nejd\u016fle\u017eit\u011bj\u0161\u00edch \u010d\u00e1st\u00ed er\u0151m\u0171.<\/p>\n<p><a href=\"http:\/\/www.slim2009.cz\/photo\/#\/shared_space\/folder\/175?_k=hurc6e\" target=\"_blank\" rel=\"noopener noreferrer\">Fotky z\u00a0instalace er\u0151m\u0171 zde.<\/a><\/p>\n","protected":false},"excerpt":{"rendered":"<p>U\u017e n\u011bkolik let \u0159e\u0161\u00edm jak na v\u010del\u00edn\u011b sv\u00edtit a poka\u017ed\u00fd s\u00a0sebou netahat nabitou baterku. M\u00edt tak vlasn\u00ed ELEKTR\u00c1RNU! No jo, ale jakej typ zvolit? \u017de by tepelnou!? A kdo bude topit a kdo tahat uhl\u00ed? Ne, ne, ne! Mus\u00ed to &hellip; <a href=\"https:\/\/www.slim2009.cz\/wordpress\/povidky-a-jine-blaboly\/eromu\/\">Cel\u00fd p\u0159\u00edsp\u011bvek <span class=\"meta-nav\">&rarr;<\/span><\/a><\/p>\n","protected":false},"author":1,"featured_media":0,"parent":1033,"menu_order":9,"comment_status":"closed","ping_status":"closed","template":"","meta":{"footnotes":""},"class_list":["post-4426","page","type-page","status-publish","hentry"],"_links":{"self":[{"href":"https:\/\/www.slim2009.cz\/wordpress\/wp-json\/wp\/v2\/pages\/4426","targetHints":{"allow":["GET"]}}],"collection":[{"href":"https:\/\/www.slim2009.cz\/wordpress\/wp-json\/wp\/v2\/pages"}],"about":[{"href":"https:\/\/www.slim2009.cz\/wordpress\/wp-json\/wp\/v2\/types\/page"}],"author":[{"embeddable":true,"href":"https:\/\/www.slim2009.cz\/wordpress\/wp-json\/wp\/v2\/users\/1"}],"replies":[{"embeddable":true,"href":"https:\/\/www.slim2009.cz\/wordpress\/wp-json\/wp\/v2\/comments?post=4426"}],"version-history":[{"count":0,"href":"https:\/\/www.slim2009.cz\/wordpress\/wp-json\/wp\/v2\/pages\/4426\/revisions"}],"up":[{"embeddable":true,"href":"https:\/\/www.slim2009.cz\/wordpress\/wp-json\/wp\/v2\/pages\/1033"}],"wp:attachment":[{"href":"https:\/\/www.slim2009.cz\/wordpress\/wp-json\/wp\/v2\/media?parent=4426"}],"curies":[{"name":"wp","href":"https:\/\/api.w.org\/{rel}","templated":true}]}}