{"id":4414,"date":"2019-11-30T19:01:23","date_gmt":"2019-11-30T18:01:23","guid":{"rendered":"http:\/\/188.120.214.195\/?page_id=4414"},"modified":"2019-11-30T19:01:23","modified_gmt":"2019-11-30T18:01:23","slug":"bajkovani-11-2019","status":"publish","type":"page","link":"https:\/\/www.slim2009.cz\/wordpress\/archivalie\/archiv-crnci\/bajkovani-11-2019\/","title":{"rendered":"Bajkov\u00e1n\u00ed 11\/2019"},"content":{"rendered":"<p><strong><span style=\"color: #ff0000;\">Vyj\u00ed\u017e\u010fka 15.11.2019<\/span><\/strong><a href=\"http:\/\/www.slim2009.cz\/wordpress\/wp-content\/uploads\/2019\/11\/IMG_20191115_102327-2.jpg\" target=\"_blank\" rel=\"noopener noreferrer\"><img loading=\"lazy\" decoding=\"async\" class=\"alignright wp-image-4415\" src=\"http:\/\/www.slim2009.cz\/wordpress\/wp-content\/uploads\/2019\/11\/IMG_20191115_102327-2.jpg\" alt=\"\" width=\"250\" height=\"186\" \/><\/a><br \/>\nP\u00e1te\u010dn\u00ed volno p\u0159\u00edmo vyz\u00fdvalo k bajkov\u00e1n\u00ed. Jedna z posledn\u00edch mo\u017enost\u00ed vyrazit k R\u00fdchorsk\u00fd boud\u011b, ne\u017e p\u0159ijde opravdov\u00e1 zima. Situace jsem vyu\u017eil k dohled\u00e1n\u00ed zbytku \u017elut\u00fd zna\u010dky pod Sov\u00ed horou. Odbo\u010dka za lesn\u00ed loukou je t\u00edm potvrzena. Hled\u00e1n\u00ed mi trochu zkomplikovali les\u00e1ci a roz\u010dochn\u011bn\u00fd cesty. Nicm\u00e9n\u011b trasa bejval\u00fd \u017elut\u00fd zna\u010dky kolem Sov\u00ed hory je komplet. Zbytek bajkov\u00e1n\u00ed byl trochu o bolav\u00fdm zadku. Zkr\u00e1tka 2a1\/2 m\u011bs\u00edce klemp\u00edrov\u00e1n\u00ed je zn\u00e1t a zast\u00e1vky po 5km byly nutnost\u00ed. Od Pa\u0161ovky byla souvisl\u00e1 vrstva rozb\u0159edl\u00fdho sn\u011bhu. Sjezd od R\u00fdchorky a\u017e nad Mar\u0161ov byla v panensk\u00fdm sn\u011bhu. P\u0159edposr&#8230;. z mo\u017en\u00fdho p\u00e1du mi nedovolila to rozjet, tak\u017ee pomalinku a furt brzda a\u017e na asfaltku. Jinak p\u011bkn\u00e1 zimn\u00ed bajkova\u010dka.<\/p>\n<p><strong><span style=\"color: #ff0000;\">Negersko-Kalon\u00ed bajkova\u010dka 23.11.2019<\/span><\/strong><br \/>\nJsem zp\u00e1tky? Ano! Jsem zp\u011bt! A s je\u0161t\u011b lep\u0161\u00ed formou! Nejenom, \u017ee jsem poji\u0161t\u011bn a t\u00edm p\u00e1dem se mi &#8222;prej&#8220; u\u017e nikdy nic nestane\u00a0<span class=\"_5mfr\"><span class=\"_6qdm\">\ud83d\ude02<\/span><\/span>, ale m\u016f\u017eu \u0159\u00edct, u\u017e m\u011b nebol\u00ed snad jen vlasy. Dne\u0161n\u00ed bajkova\u010dka s hrstkou Negr\u016f-Kalo\u0148\u016f se vyvedla na jedni\u010dku. Tom\u00e1\u0161 se utrhnul na kr\u00e1tkou vyj\u00ed\u017e\u010fku, aby n\u00e1s podpo\u0159il nejenom mor\u00e1ln\u011b ale i rumov\u011b. S Pavlem a J\u00ed\u0159ou, jsme pak vyrazili do Ho\u0159i\u010dek, p\u0159es Brzice a Vyhn\u00e1nov na V\u00fd\u0161inku. V Kohoutov\u011b se J\u00ed\u0159\u00ed odklonil k domovu. Na V\u00fd\u0161inku dor\u00e1\u017e\u00edme s Pavlem okolo j<span class=\"text_exposed_show\">eden\u00e1ct\u00fd, tedy v \u010dase ob\u011bda a proto si d\u00e1v\u00e1me va\u0159en\u00fdho kozla, hov\u011bz\u00ed v\u00fdvar jako p\u0159edkrm a Hawai s hranolkama jako hlavn\u00ed chod. Pak odchod a z\u00e1v\u011bre\u010dn\u00e1 j\u00edzda dom\u016f. Na Dubov\u00fdm dvo\u0159e se s <a href=\"http:\/\/www.slim2009.cz\/wordpress\/wp-content\/uploads\/2019\/11\/IMG_20191123_085830-2.jpg\" target=\"_blank\" rel=\"noopener noreferrer\"><img loading=\"lazy\" decoding=\"async\" class=\"alignright wp-image-4416\" src=\"http:\/\/www.slim2009.cz\/wordpress\/wp-content\/uploads\/2019\/11\/IMG_20191123_085830-2.jpg\" alt=\"\" width=\"250\" height=\"186\" \/><\/a>Pavlem lou\u010d\u00edme. Pavel odbo\u010duje do Dvora Kr., j\u00e1 jedu p\u0159es Kolkovnu, Piln\u00edkov, Vl\u010dice a Peklo. V gar\u00e1\u017ei je\u0161t\u011b vyh\u0159ebelcovat kon\u011b, pol\u00edbit \u017eenu a pak rovnou do vany. A d\u00e1l &#8230;&#8230;&#8230;.. mrtvola.<\/span><\/p>\n<p><strong><span style=\"color: #ff0000;\">Kaloni na Zvi\u010din\u011b 29.11.2019<\/span><\/strong><br \/>\nSe n\u00e1m to bajkov\u00e1n\u00ed zase vyvedlo. Tentokr\u00e1t n\u00e1s vyvezl Hrnec na m\u00fd v\u00fdslovn\u00fd p\u0159\u00e1n\u00ed, a\u017e 671metr\u016f vysoko. C\u00edlem byla Zvi\u010dina, kde jsem byl naposledy n\u011bkdy, asi p\u0159ed dvaadvaceti l\u00e9ty. Z DK to vzal p\u0159es \u010certovy hrady, bahniskem pod Z\u00e1lesk\u00fdm vrcherm, okolo bezejmen\u00fdho rybn\u00edka nad Z\u00e1tluky, kde se Hrnec s Palcem m\u00e1lem utopili v t\u016fni. Na\u0161t\u011bt\u00ed se odrazily ode dna a tak p\u0159e\u017eili, le\u010d s omrzlinama nohou. Je\u0161t\u011b jednou n\u00e1s cht\u011bl Hrnec utopit u bejval\u00fd tvrze Z\u00e1tluky, nyn\u00ed rybn\u00ed\u010dek s p\u0159\u00edst\u0159e\u0161<span class=\"text_exposed_show\">kem. Pak u\u017e jsme se pouze sm\u00fdkali bahnem pod Dehtovou horou a\u017e k rozcest\u00ed pod Pokladem. Sj\u00ed\u017ed\u00edme do T\u0159eme\u0161n\u00fd, kde chceme Zden\u00e1nkovi pomo\u010dit a pografititovat bar\u00e1k\u00a0<span class=\"_5mfr\"><span class=\"_6qdm\">\ud83e\udd29<\/span><\/span>. Rad\u0161i teda jedeme kolem L\u00e1zn\u00ed pod Zvi\u010dinou a postupn\u011b stoup\u00e1me k vrcholu Zvi\u010diny. Celou cestou n\u00e1m slune\u010dn\u00ed paprsky lehce kapou do gzichtu, ale u Raisovy chaty se je\u0161t\u011b v\u00edc rozml\u017e\u00edly, a\u017e nebylo nic vid\u011bt. Opa\u010dnou stranou po rozm\u00e1\u010den\u00fd louce se spou\u0161t\u00edme zp\u00e1tky do obce Zvi\u010dina. Lesem i loukama se spou\u0161t\u00edme do Horn\u00ed Brusnice a po silnici na Mostka do restaurace Za mostem, kde si d\u00e1v\u00e1me s Palcem men\u00ed\u010dko Dr\u017e\u0165kovou, Srbsk\u00fd riziko, kofeinu, kafe p\u0159\u00edpadn\u011b \u010daj. Hrnec se spokojil s n\u011bkolika va\u0159enejma, Abysme v\u016fbec mohli dovnit\u0159, vybavil n\u00e1s majitel fro\u0165\u00e1kama pod p\u00e9rdel. I tak po n\u00e1s z\u016fstaly \u0161pinav\u00fd lou\u017ee na podlaze. Najeden\u00fd pokra\u010dujeme lesama do Debrn\u00fdho a druhou stranou Labe pod\u00e9l n\u00e1dr\u017ee Les Kr\u00e1lovstv\u00ed na hr\u00e1z. D\u00e1l Brujovou cestou nahoru ke \u017elut\u00fd zna\u010dce. Tu<a href=\"http:\/\/www.slim2009.cz\/wordpress\/wp-content\/uploads\/2019\/11\/IMG_20191129_111853-2.jpg\" target=\"_blank\" rel=\"noopener noreferrer\"><img loading=\"lazy\" decoding=\"async\" class=\"alignright wp-image-4417\" src=\"http:\/\/www.slim2009.cz\/wordpress\/wp-content\/uploads\/2019\/11\/IMG_20191129_111853-2.jpg\" alt=\"\" width=\"250\" height=\"186\" \/><\/a> opou\u0161t\u00edme, neb na n\u00ed nen\u00ed dostatek bahna. Oznamuju, \u017ee u\u017e toho m\u00e1m dost a je\u0161t\u011b k tomu m\u011b za\u010d\u00edn\u00e1 bolet bolav\u00e1 pazoura. Le\u010d Hrnec nedb\u00e1 a p\u0159itvrzuje. Protahuje n\u00e1s hou\u0161tinama, obj\u00ed\u017ed\u00ed bahnem bahnit\u00fd pole, a\u017e kone\u010dn\u011b vyj\u00ed\u017ed\u00edme v Hunt\u00ed\u0159ov\u011b. Kone\u010dn\u011b i Hrnce bol\u00ed bolav\u00e1 pazoura a st\u00e1\u010d\u00ed n\u00e1s do Dvora. Sj\u00ed\u017ed\u00edme pod\u00e9l Hartsk\u00fdho potoka, kolem nemocnice, mezi bar\u00e1<\/span><span class=\"text_exposed_show\">kama kolem Vorlechu a\u017e k Labi. P\u0159es Palach\u016fv most se vrac\u00edme do \u0161koly Str\u017e, kde mejeme bajky, lou\u010d\u00edme se a jedeme dom\u016f. Jedinej kdo z\u016fst\u00e1v\u00e1 je \u0161koln\u00edk Hrnec. Jo a od ob\u011bda na Mostk\u00e1ch sv\u00edtilo opravdov\u00fd slunce.<\/span><\/p>\n<p>Fotky z listopadov\u00fdch <a href=\"http:\/\/www.slim2009.cz\/photo\/#\/shared_space\/folder\/13?_k=9ii6jj\" target=\"_blank\" rel=\"noopener noreferrer\">bajkova\u010dek ZDE.<\/a><\/p>\n","protected":false},"excerpt":{"rendered":"<p>Vyj\u00ed\u017e\u010fka 15.11.2019 P\u00e1te\u010dn\u00ed volno p\u0159\u00edmo vyz\u00fdvalo k bajkov\u00e1n\u00ed. Jedna z posledn\u00edch mo\u017enost\u00ed vyrazit k R\u00fdchorsk\u00fd boud\u011b, ne\u017e p\u0159ijde opravdov\u00e1 zima. Situace jsem vyu\u017eil k dohled\u00e1n\u00ed zbytku \u017elut\u00fd zna\u010dky pod Sov\u00ed horou. Odbo\u010dka za lesn\u00ed loukou je t\u00edm potvrzena. Hled\u00e1n\u00ed mi &hellip; <a href=\"https:\/\/www.slim2009.cz\/wordpress\/archivalie\/archiv-crnci\/bajkovani-11-2019\/\">Cel\u00fd p\u0159\u00edsp\u011bvek <span class=\"meta-nav\">&rarr;<\/span><\/a><\/p>\n","protected":false},"author":1,"featured_media":0,"parent":5066,"menu_order":9,"comment_status":"closed","ping_status":"closed","template":"","meta":{"footnotes":""},"class_list":["post-4414","page","type-page","status-publish","hentry"],"_links":{"self":[{"href":"https:\/\/www.slim2009.cz\/wordpress\/wp-json\/wp\/v2\/pages\/4414","targetHints":{"allow":["GET"]}}],"collection":[{"href":"https:\/\/www.slim2009.cz\/wordpress\/wp-json\/wp\/v2\/pages"}],"about":[{"href":"https:\/\/www.slim2009.cz\/wordpress\/wp-json\/wp\/v2\/types\/page"}],"author":[{"embeddable":true,"href":"https:\/\/www.slim2009.cz\/wordpress\/wp-json\/wp\/v2\/users\/1"}],"replies":[{"embeddable":true,"href":"https:\/\/www.slim2009.cz\/wordpress\/wp-json\/wp\/v2\/comments?post=4414"}],"version-history":[{"count":0,"href":"https:\/\/www.slim2009.cz\/wordpress\/wp-json\/wp\/v2\/pages\/4414\/revisions"}],"up":[{"embeddable":true,"href":"https:\/\/www.slim2009.cz\/wordpress\/wp-json\/wp\/v2\/pages\/5066"}],"wp:attachment":[{"href":"https:\/\/www.slim2009.cz\/wordpress\/wp-json\/wp\/v2\/media?parent=4414"}],"curies":[{"name":"wp","href":"https:\/\/api.w.org\/{rel}","templated":true}]}}