{"id":4381,"date":"2019-10-16T10:17:24","date_gmt":"2019-10-16T09:17:24","guid":{"rendered":"http:\/\/188.120.214.195\/?page_id=4381"},"modified":"2019-10-16T10:17:24","modified_gmt":"2019-10-16T09:17:24","slug":"prehravani-videa","status":"publish","type":"page","link":"https:\/\/www.slim2009.cz\/wordpress\/videa\/prehravani-videa\/","title":{"rendered":"P\u0159ehr\u00e1v\u00e1n\u00ed videa"},"content":{"rendered":"<p>P\u0159ehr\u00e1n\u00ed vybran\u00e9ho videa online.\u00a0 \u00a0 \u00a0 \u00a0 \u00a0 <a href=\"http:\/\/www.slim2009.cz\/?page_id=3856\">Zp\u011bt<\/a><\/p>\n<p><img loading=\"lazy\" decoding=\"async\" class=\"alignleft wp-image-4380\" src=\"http:\/\/www.slim2009.cz\/wordpress\/wp-content\/uploads\/2019\/10\/IE11-2.jpg\" alt=\"\" width=\"32\" height=\"32\" \/>P\u0159i pou\u017eit\u00ed IE11 a volby &#8222;Otev\u0159\u00edt&#8220; bude video nejprve sta\u017eeno a teprve pak se spust\u00ed p\u0159ehr\u00e1v\u00e1n\u00ed. Pro sta\u017een\u00ed videa, pou\u017eij volbu &#8222;Ulo\u017eit&#8220;.<\/p>\n<p>&nbsp;<\/p>\n<p>&nbsp;<\/p>\n<p><img loading=\"lazy\" decoding=\"async\" class=\"alignleft wp-image-4378\" src=\"http:\/\/www.slim2009.cz\/wordpress\/wp-content\/uploads\/2019\/10\/Edge-2.jpg\" alt=\"\" width=\"34\" height=\"31\" \/>P\u0159i pou\u017eit\u00ed Edge, dojde ke spu\u0161t\u011bn\u00ed videa a jeho p\u0159ehr\u00e1n\u00ed. Pro sta\u017een\u00ed videa klikni prav\u00fdm tla\u010d\u00edtkem my\u0161i na videu a vyber &#8222;ulo\u017eit video jako&#8220;.<\/p>\n<p>&nbsp;<\/p>\n<p>&nbsp;<\/p>\n<p><img loading=\"lazy\" decoding=\"async\" class=\"alignleft wp-image-4379\" src=\"http:\/\/www.slim2009.cz\/wordpress\/wp-content\/uploads\/2019\/10\/Chrome-2.jpg\" alt=\"\" width=\"34\" height=\"32\" \/>P\u0159i pou\u017eit\u00ed Chrome, dojde ke spu\u0161t\u011bn\u00ed videa a jeho p\u0159ehr\u00e1n\u00ed. Pro sta\u017een\u00ed videa klikni dole na symbol t\u0159\u00ed te\u010dek nad sebou a vyber &#8222;st\u00e1hnout&#8220;.<\/p>\n<p>&nbsp;<\/p>\n<p>&nbsp;<\/p>\n<p><img loading=\"lazy\" decoding=\"async\" class=\"alignleft wp-image-4383\" src=\"http:\/\/www.slim2009.cz\/wordpress\/wp-content\/uploads\/2019\/10\/android-2.jpg\" alt=\"\" width=\"32\" height=\"29\" \/>V mobiln\u00edch telefonech Android dojde p\u0159i vybr\u00e1n\u00ed videa k p\u0159ehr\u00e1n\u00ed videa. Pro sta\u017een\u00ed je vpravo dole symbol \u0161ipky (m\u016f\u017ee se li\u0161it podle verze Android, MIUI, p\u0159\u00edpadn\u011b prohl\u00ed\u017ee\u010de).<\/p>\n","protected":false},"excerpt":{"rendered":"<p>P\u0159ehr\u00e1n\u00ed vybran\u00e9ho videa online.\u00a0 \u00a0 \u00a0 \u00a0 \u00a0 Zp\u011bt P\u0159i pou\u017eit\u00ed IE11 a volby &#8222;Otev\u0159\u00edt&#8220; bude video nejprve sta\u017eeno a teprve pak se spust\u00ed p\u0159ehr\u00e1v\u00e1n\u00ed. Pro sta\u017een\u00ed videa, pou\u017eij volbu &#8222;Ulo\u017eit&#8220;. &nbsp; &nbsp; P\u0159i pou\u017eit\u00ed Edge, dojde ke spu\u0161t\u011bn\u00ed videa &hellip; <a href=\"https:\/\/www.slim2009.cz\/wordpress\/videa\/prehravani-videa\/\">Cel\u00fd p\u0159\u00edsp\u011bvek <span class=\"meta-nav\">&rarr;<\/span><\/a><\/p>\n","protected":false},"author":1,"featured_media":0,"parent":3856,"menu_order":10,"comment_status":"closed","ping_status":"closed","template":"","meta":{"footnotes":""},"class_list":["post-4381","page","type-page","status-publish","hentry"],"_links":{"self":[{"href":"https:\/\/www.slim2009.cz\/wordpress\/wp-json\/wp\/v2\/pages\/4381","targetHints":{"allow":["GET"]}}],"collection":[{"href":"https:\/\/www.slim2009.cz\/wordpress\/wp-json\/wp\/v2\/pages"}],"about":[{"href":"https:\/\/www.slim2009.cz\/wordpress\/wp-json\/wp\/v2\/types\/page"}],"author":[{"embeddable":true,"href":"https:\/\/www.slim2009.cz\/wordpress\/wp-json\/wp\/v2\/users\/1"}],"replies":[{"embeddable":true,"href":"https:\/\/www.slim2009.cz\/wordpress\/wp-json\/wp\/v2\/comments?post=4381"}],"version-history":[{"count":0,"href":"https:\/\/www.slim2009.cz\/wordpress\/wp-json\/wp\/v2\/pages\/4381\/revisions"}],"up":[{"embeddable":true,"href":"https:\/\/www.slim2009.cz\/wordpress\/wp-json\/wp\/v2\/pages\/3856"}],"wp:attachment":[{"href":"https:\/\/www.slim2009.cz\/wordpress\/wp-json\/wp\/v2\/media?parent=4381"}],"curies":[{"name":"wp","href":"https:\/\/api.w.org\/{rel}","templated":true}]}}