{"id":4361,"date":"2019-09-18T13:51:23","date_gmt":"2019-09-18T12:51:23","guid":{"rendered":"http:\/\/188.120.214.195\/?page_id=4361"},"modified":"2025-08-19T21:16:10","modified_gmt":"2025-08-19T19:16:10","slug":"zluta-na-rychory-2019","status":"publish","type":"page","link":"https:\/\/www.slim2009.cz\/wordpress\/vandry\/zluta-na-rychory-2019\/","title":{"rendered":"\u017dlut\u00e1 na R\u00fdchory 2019"},"content":{"rendered":"<p>Psal se nejsp\u00ed\u0161e rok 1974, kdy\u017e se n\u011bkolik \u010derstv\u00fdch d\u016fchodc\u016f rozhodlo vydat na t\u016fru k\u00a0vrcholu Kutn\u00e1, na R\u00fdchory.<a href=\"http:\/\/www.slim2009.cz\/wordpress\/wp-content\/uploads\/2019\/09\/IMG_Z02-2.jpg\" target=\"_blank\" rel=\"noopener noreferrer\"><img loading=\"lazy\" decoding=\"async\" class=\"alignright wp-image-4366\" src=\"http:\/\/www.slim2009.cz\/wordpress\/wp-content\/uploads\/2019\/09\/IMG_Z02-2.jpg\" alt=\"\" width=\"181\" height=\"130\" \/><\/a> Mezi n\u00edma i m\u016fj d\u011bda Jaroslav, narozenej 17.ledna 1912. Jak jsem se j\u00e1 do party d\u016fchodc\u016f dostal u\u017e nev\u00edm, ale je mo\u017en\u00fd, \u017ee m\u011b rodi\u010dov\u00e9 do n\u00ed p\u0159id\u011blili, abych sn\u00ed\u017eil v\u011bkovej pr\u016fm\u011br. Sraz v\u0161ech byl za \u017eelezni\u010dn\u00edm p\u0159ejezdem na \u017dacl v\u00a0Kaln\u00fd Vod\u011b u turistick\u00fd mapy s\u00a0rozcestn\u00edkem, co tam tehdy st\u00e1ly. Z\u00a0t\u00fd \u0161trap\u00e1ce si pamatuju jenom p\u00e1r v\u011bc\u00ed:\u00a0 jednak sraz d\u011bdk\u016f v\u00a0bal\u00f3\u0148\u00e1k\u00e1ch se \u0161pac\u00edrkama a babky v\u00a0\u0161\u00e1tk\u00e1ch. Pak n\u00e1dhernej v\u00fdhled na Hor\u0148\u00e1k ze skaln\u00edho ostrohu pod Sov\u00ed horou a ze st\u0159edn\u00ed \u010d\u00e1sti vej\u0161lapu si pamatuju \u0161irokou vy\u0161lapanou d\u00e1lnici pod\u00e9l pastvin Sklen\u00e1\u0159ovick\u00fdho vrchu, kter\u00e1 byla hlavn\u00edm d\u016fvodem ochran\u00e1\u0159\u016f ke zru\u0161en\u00ed \u017elut\u00fd zna\u010dky z\u00a0HSM na Kutnou. Zbyl\u00e1 \u010d\u00e1st \u017elut\u00fd trasy z\u00a0Kutn\u00fd na Modrokamennou boudu je v\u00a0provozu dodnes. Podle jednoho pam\u011btn\u00edka do\u0161lo ke zru\u0161en\u00ed \u017elut\u00fd zna\u010dky n\u011bkdy kolem roku 1970, tak\u017ee v\u00a0dob\u011b vej\u0161lapu u\u017e nebyla ofici\u00e1ln\u011b pr\u016fchoz\u00ed. Z\u0159ejm\u011b si z\u00a0toho tenkr\u00e1t nikdo v\u00a0KRNAPu hlavu ned\u011blal.<br \/>\nRoky ub\u00edhaly, puberta, u\u010d\u0148\u00e1k, vojna a tak podobn\u011b. Jen\u017ee j\u00e1 si cht\u011bl znova tu trasu proj\u00edt. K\u00a0dispozici nebyla \u017e\u00e1dn\u00e1 mapa a pam\u011b\u0165 mi nepom\u00e1hala, jak trasu naj\u00edt. N\u011bkdy v\u00a0roce 1990 se vyd\u00e1v\u00e1me s\u00a0osadou Sov\u00ed hn\u00edzdo na R\u00fdchory <a href=\"http:\/\/www.slim2009.cz\/wordpress\/wp-content\/uploads\/2019\/09\/IMG_Z06-2.jpg\" target=\"_blank\" rel=\"noopener noreferrer\"><img loading=\"lazy\" decoding=\"async\" class=\"alignleft wp-image-4367\" src=\"http:\/\/www.slim2009.cz\/wordpress\/wp-content\/uploads\/2019\/09\/IMG_Z06-2.jpg\" alt=\"\" width=\"170\" height=\"159\" \/><\/a>trasu znovuobjevit. U\u017e z\u00a0d\u0159\u00edv\u011bj\u0161ka v\u00edme, \u017ee \u010derven\u00e1 zna\u010dka vedouc\u00ed p\u0159es Dvorsk\u00fd les se u k\u00f3ty zni\u010dehonic lom\u00ed v\u00a0prav\u00fdm \u00fahlu do leva a nav\u00edc je v\u00a0tom m\u00edst\u011b rozcestn\u00edk, ale pouze s\u00a0\u010deven\u00fdma ukazatelema, p\u0159i\u010dem\u017e rovn\u011b je viditeln\u011b vy\u0161lapan\u00e1 stezka! To je po dobr\u00fdch 20ti letech od zru\u0161en\u00ed \u017elut\u00fd zna\u010dky dost zaj\u00edmav\u00fd?! A je\u0161t\u011b v\u00edc zaj\u00edmav\u00fd bylo, \u017ee po n\u011bkolika metrech se na stromech objevilo zna\u010den\u00ed, tak\u017ee a\u017e k\u00a0R\u00fdchorsk\u00fdmu dvoru se nedalo ztratit. Proto\u017ee bylo celkem kr\u00e1tce od revoluce, tak p\u0159i opou\u0161t\u011bn\u00ed 1.zony st\u00e1l uprost\u0159ed lesa sloupek se socialistick\u00fdm znakem \u010cSSR a KRNAP, spolu s\u00a0agr\u00e1rn\u00edma hromadama to bylo trochu bizarn\u00ed, ale \u0159\u00edkalo to, \u017ee pastviny byly kdysi a\u017e sem. Za R\u00fdchorsk\u00fdm dvorem, respektive za slo\u017ei\u0161t\u011bm d\u0159eva, u\u017e se zna\u010den\u00ed objevuje sporadicky, na\u0161t\u011bst\u00ed cesta vedouc\u00ed prudce v\u00a0pravo byla \u0161t\u011brkov\u00e1 a vedla a\u017e na Sklen\u00e1\u0159ovick\u00fd vrch. Odtud sm\u011brem dolu bylo po\u0159\u00e1d zn\u00e1t, \u017ee to bejvala p\u011b\u0161\u00ed d\u00e1lnice pod\u00e9l pastvin. U Bedn\u00e1\u0159ovy cesty u\u017e zna\u010dky d\u00e1vno nenach\u00e1z\u00edme, tak jsme \u0161li p\u0159es Bist\u0159ici dom\u016f.<br \/>\nJe\u0161t\u011b n\u011bkolikr\u00e1t se b\u011bhem 90s\u00e1tek sna\u017e\u00edm proj\u00edt celou \u017elutou trasu z\u00a0R\u00fdchor do Hor\u0148\u00e1ku, jen\u017ee spodn\u00ed \u010d\u00e1st pod Bedn\u00e1\u0159kou odol\u00e1vala d\u00edky \u00faprav\u00e1m lesn\u00edch cest a k\u00e1cen\u00ed pr\u00e1v\u011b v\u00a0\u00faseku nad i pod Bedn\u00e1\u0159ovou cestou. Pokusy j\u00edt od Hor\u0148\u00e1ku taky selhaly. Dneska v\u00edm, \u017ee to bylo d\u00edky nepozornosti.<br \/>\n10.10.2003 se mi dost\u00e1v\u00e1 do ruky star\u00e1 mapa Krkono\u0161 z\u00a0roku 1964. Po\u0159izuju si scan inkriminovan\u00fd \u017elut\u00fd trasy HSM-Dvorsk\u00fd les. Bohu\u017eel socialistick\u00fd mapy jsou v\u00a0m\u011b\u0159\u00edtku 1:100.000tis\u00edc\u016fm a tak m\u016f\u017eete na detaily zapomenout.<a href=\"http:\/\/www.slim2009.cz\/wordpress\/wp-content\/uploads\/2019\/09\/IMG_20190915_152713-2.jpg\" target=\"_blank\" rel=\"noopener noreferrer\"><img loading=\"lazy\" decoding=\"async\" class=\"alignright wp-image-4365 \" src=\"http:\/\/www.slim2009.cz\/wordpress\/wp-content\/uploads\/2019\/09\/IMG_20190915_152713-2.jpg\" alt=\"\" width=\"334\" height=\"188\" \/><\/a> Nap\u0159\u00edklad, samotn\u00e1 \u0161\u00ed\u0159ka \u010d\u00e1ry zna\u010dky zab\u00edr\u00e1 cca 200krok\u016f co\u017e je asi 150metr\u016f a to je h\u00f3\u00f3\u00f3dn\u011b nep\u0159esn\u00fd. Jak podle toho mohl n\u011bkdo n\u011bkam doj\u00edt je mi furt z\u00e1hadou. Shodou okolnost\u00ed jsme se s\u00a0kolegou chystali na fotov\u00fdpravu.<br \/>\n18.10.2003 jsem se vydal s\u00a0kolegou ze SKIPu na foto v\u00fdpravu z\u00a0Mar\u0161ova do Hor\u0148\u00e1ku p\u0159es Dvorsk\u00fd les. Rozcestn\u00edk ve Dvorsk\u00fdm lese byl po\u0159\u00e1d na sv\u00fdm m\u00edst\u011b, jenom ze stezky, u\u017e byla neznateln\u00e1 cesti\u010dka, kter\u00e1 byla viditeln\u011b um\u011ble zatarasena v\u011btvema ze smr\u010diny. \u010c\u00edm jsme byli d\u00e1l, t\u00edm v\u00edc byla stezka zarostl\u00e1. Stromy se zna\u010dkama byly pok\u00e1cen\u00fd, ale le\u017eely na m\u00edst\u011b. Pak se ztratila cesti\u010dka i zna\u010dky. Kv\u016fli focen\u00ed jsme se vyd\u00e1vali i jin\u00e1m, tak\u017ee na zna\u010dku jsme narazili a\u017e za hranic\u00ed 1.z\u00f3ny u agr\u00e1rn\u00edch hromad a t\u011b\u017ear\u016f. \u017dlut\u00e1 zna\u010dka na placat\u00fdm kameni, ale vypadala jako by ji tam ud\u011blali v\u010dera. Od slo\u017ei\u0161t\u011b u R\u00fdchorsk\u00fdho dvora na Sklen\u00e1\u0159ovickej vrch se zna\u010dky po\u0159\u00e1d objevovaly. D\u00f3lu k\u00a0Bedn\u00e1\u0159ov\u011b cest\u011b u\u017e \u017e\u00e1dn\u00fd nebyly, mo\u017en\u00e1 i proto, \u017ee p\u016fvodn\u00ed \u017elut\u00e1 trasa byla pon\u011bkud stranou v\u00a0pravo od dne\u0161n\u00ed cesty ze Sklen\u00e1\u0159ovick\u00fdho vrchu. Od Bedn\u00e1\u0159ovy cesty jsme \u0161li na zda\u0159b\u016fh a m\u00edsto abysme do\u0161li k\u00a0Sov\u00ed ho\u0159e, vych\u00e1z\u00edme na silnici u posledn\u00edho bar\u00e1ku v Bab\u00ed. (<a href=\"http:\/\/www.slim2009.cz\/Prilohy\/Videa\/Rychory18.10.2003.zip\">Video odkaz<\/a>). Navigace byla v\u00a0t\u00fd dob\u011b dost drahej \u0161p\u00e1s, chytr\u00fd telef\u00f3ny je\u0161t\u011b +3roky a skute\u010dn\u011b pou\u017eitelnej telefon s offline mapy.cz +12let.<br \/>\nLeto\u0161n\u00ed nenad\u00e1l\u00fd ukon\u010den\u00ed bajkersk\u00fd sez\u00f3ny 2019 (<a href=\"http:\/\/www.slim2009.cz\/?page_id=4333\" target=\"_blank\" rel=\"noopener noreferrer\">viz. odkaz<\/a>), ale sp\u00ed\u0161 n\u00e1sledn\u00e1 rekonvalescence, umo\u017enila nav\u00e1zat na d\u0159\u00edv\u011bj\u0161\u00ed pokusy naj\u00edt \u017elutou cestu z\u00a0Hor\u0148\u00e1ku na Kutnou. V\u00a0ned\u011bli 15.9.2019, jakmile mi za\u010dala vych\u00e1zka, vyd\u00e1v\u00e1m se v\u00a015:00hod sm\u011brem k\u00a0\u017eelezni\u010dn\u00edmu p\u0159ejezdu u Kaln\u00fd Vody. Proch\u00e1z\u00edm okolo z\u00e1vory a rovnou stoup\u00e1m k\u00a0Sov\u00ed ho\u0159e. Zprvu si \u0159\u00edk\u00e1m, jestli \u017elut\u00e1 zna\u010dka nevedla na vyhl\u00eddku a nem\u00e1m se vydat tam, ale najednou objevuju sotva <a href=\"http:\/\/www.slim2009.cz\/wordpress\/wp-content\/uploads\/2019\/09\/IMG_02-2.gif\" target=\"_blank\" rel=\"noopener noreferrer\"><img loading=\"lazy\" decoding=\"async\" class=\"alignleft wp-image-4364\" src=\"http:\/\/www.slim2009.cz\/wordpress\/wp-content\/uploads\/2019\/09\/IMG_02-2.gif\" alt=\"\" width=\"414\" height=\"352\" \/><\/a>viditelnou prvn\u00ed \u017elutou zna\u010dku na kmeni jasanu. Uv\u011bdomuju si, \u017ee pod\u00e9l cesty jich je stromo\u0159ad\u00ed. To nebude n\u00e1hoda. A nen\u00ed! Na jednom kilometru nach\u00e1z\u00edm 3zna\u010dky a v\u0161echny jsou na Jasanu! Na vrcholu stoup\u00e1n\u00ed v\u00a0sedle pod Sov\u00ed horou jsou na t\u0159ech jasanech dv\u011b protism\u011brn\u00fd \u0161ipky a stranou zp\u00e1tky na vrcholov\u00fd cest\u011b pr\u016fb\u011b\u017en\u00e1 zna\u010dka. Ned\u00e1v\u00e1 to smysl, leda\u017ee by trasa na n\u011bjakou malou \u010d\u00e1st odbo\u010dila z\u00a0hlavn\u00ed cesty a pak by se znovu vr\u00e1tila. Na map\u011b z\u00a0roku 64 jsou dv\u011b takov\u00fd kli\u010dky, jen\u017ee se ned\u00e1 p\u0159esn\u011b ur\u010dit kde. N\u011bkdy p\u016fjdu tohle m\u00edsto znova okouknout. Rozhodn\u011b jsem z\u00a0trasy nezabloudil. To p\u0159\u00edjde a\u017e d\u00e1l. Ze sedla 559m v\u00a0jeho\u017e nadhlavn\u00edku vedlo VN veden\u00ed, lehce kles\u00e1m pod vrchol Sov\u00ed hory 599m, kde p\u0159ich\u00e1z\u00edm k\u00a0rozcest\u00ed. \u00dapln\u011b na rozcest\u00ed nedojdu, proto\u017ee na jednom ze strom\u016f p\u0159\u00edmo vp\u0159edu je vid\u011bt za\u0161l\u00e1 velik\u00e1 zna\u010dka a jakmile ale p\u0159\u00edjdu bl\u00ed\u017e, je vid\u011bt zarostlej\u0161\u00ed m\u00e1lo pou\u017e\u00edvan\u00e1 sva\u017euj\u00edc\u00ed se cesta. Po 20ti kroc\u00edch se ot\u00e1\u010d\u00edm, abych se ujistil, \u017ee jdu spr\u00e1vn\u011b a na jednom ze smrk\u016f je zna\u010dka v\u00a0opa\u010dn\u00fdm sm\u011bru, taky p\u011bkn\u011b zvet\u0161en\u00e1 50ti let\u00fdm r\u016fstem. Cesta je m\u00e1lo pou\u017e\u00edvan\u00e1, proto\u017ee soub\u011b\u017en\u011b ve vzd\u00e1lenosti asi 15ti metr\u016f vede asfaltka n\u011bkdy z\u00a0roku 1988. Po 3sta metrech se v\u00a0zat\u00e1\u010dce za Sov\u00ed horou potk\u00e1vaj\u00ed. Je\u0161t\u011b kus p\u0159ed setk\u00e1n\u00edm je p\u0159edposledn\u00ed zna\u010dka. Asfaltka zahejb\u00e1 v\u00a0pravo, ale nikde nenach\u00e1z\u00edm \u0161ipku, kam bych m\u011bl j\u00edt. Z\u0159ejm\u011b p\u0159i budov\u00e1n\u00ed asfaltky do\u0161lo ke sk\u00e1cen\u00ed stromu se \u0161ipkou.<br \/>\nMapy.cz mi odhad bejval\u00fd trasy neusnad\u0148ujou. Jdu teda tak jak mapy.cz ukazujou \u010derchovanou \u010d\u00e1rou lesn\u00ed cesty. Prvn\u00ed odbo\u010dnou vlevo m\u00edj\u00edm, m\u011bla by se po 1\/2kilometru a n\u011bj\u00e1k\u00fdm zakroucen\u00ed vr\u00e1tit k zam\u00fd\u0161len\u00fd trase. Jdu asfaltkou a\u017e k Sov\u00edmu potoku, odbo\u010duju prudce vlevo. Pozn\u00e1v\u00e1m to tady. Tudy jsme s Luk\u00e1\u0161em \u0161li v roce 2003, t\u00edm p\u00e1dem tudy \u017elut\u00e1 nevedla. Mo\u017en\u00e1 to byla ta prvn\u00ed odbo\u010dn\u00e1, jen\u017ee na \u017e\u00e1dn\u00fdm bli\u017e\u0161\u00edm strom\u011b jsem \u017elutou zna\u010dku nevid\u011bl, tak jsem \u0161el d\u00e1l. Prudk\u00fdm stoup\u00e1n\u00edm lezu vzh\u016fru. Najednou vpravo zapraskal les a mezi stromy majest\u00e1tn\u011b vyb\u011bhl jelen n\u011bkolika n\u00e1cter\u00e1k, aby se vylekanej zase zano\u0159il do hou\u0161tin. V prostoru u jeskyn\u011b pozn\u00e1v\u00e1m m\u00edsto kde jsme m\u011bli onehd\u00e1 s Lukym odbo\u010dit v pravo. Dneska je to z opa\u010dn\u00fd strany vlevo. Po 1\/2kil\u00e1ku p\u0159ich\u00e1z\u00edm na p\u011bticest\u00ed, kter\u00fd v map\u00e1ch.cz nen\u00ed, zato je na jednom z v\u00fdchozu \u017elut\u00e1 zna\u010dka. Tak kterej sm\u011br z p\u011bti je p\u0159\u00edchoz\u00ed. Prov\u00e1d\u00edm rekognoskaci a hned na druhej pokus zji\u0161\u0165uju, \u017ee spr\u00e1vn\u00e1 cesta byla ta prvn\u00ed odbo\u010dn\u00e1. Nevad\u00ed, m\u00edsto 150ti metr\u016f to byl kil\u00e1k nav\u00edc. Od posledn\u00ed zna\u010dky se vyd\u00e1v\u00e1m rovnou neje\u017ed\u011bnou cestou. Na pravo je tak 20tilet\u00e1 bukovina, vlevo 50ti let\u00fd les. P\u0159ed 50ti lety byla v levo pastvina a v pravo vzrostl\u00fd les. Po necel\u00fdch 2st\u011b metrech cesta kon\u010d\u00ed hou\u0161tinou, za kterou je Bedn\u00e1\u0159ova cesta. Objevn\u00e1 cesta kon\u010d\u00ed. Dal\u0161\u00edch 7kil\u00e1k\u016f bejval\u00fd \u017elut\u00fd trasy je znovuobjeven\u00fdch. N\u011bkdy p\u0159\u00ed\u0161t\u00ed rok by se mohla uskute\u010dnit velk\u00e1 v\u00fdprava za pozn\u00e1n\u00edm cel\u00fd trasy a\u017e na Kutnou a R\u00fdchory.<\/p>\n<p><strong><span style=\"color: #0000ff;\">Aktualizace srpen 2025.<\/span><\/strong><br \/>\nPrvn\u00edch cca 1,5km od \u017eelezni\u010dn\u00edho p\u0159ejezdu u Kaln\u00fd Vody jsou zna\u010dky po\u0159\u00e1d sem tam vid\u011bt. Na konci louky cca 900m od \u017e. p\u0159ejezdu vedla zna\u010dka vzh\u016fru pod\u00e9l louky. Po 100metrech za loukou odbo\u010dit v pravo. Pak u\u017e je trasa h\u016f\u0159 \u010diteln\u00e1 proto\u017ee za posledn\u00edch 5 rok\u016f do\u0161lo ke k\u00e1cen\u00ed a zna\u010dky tak vzaly za sv\u00fd. Ale a\u017e k Bedn\u00e1\u0159ov\u011b cest\u011b je to OK viz fotky.<a href=\"https:\/\/www.slim2009.cz\/wordpress\/wp-content\/uploads\/2025\/08\/Snimek-obrazovky-2025-08-19-194330.jpg\" target=\"_blank\" rel=\"noopener\"><img loading=\"lazy\" decoding=\"async\" class=\"alignright wp-image-6269 size-medium\" src=\"https:\/\/www.slim2009.cz\/wordpress\/wp-content\/uploads\/2025\/08\/Snimek-obrazovky-2025-08-19-194330-300x201.jpg\" alt=\"\" width=\"300\" height=\"201\" srcset=\"https:\/\/www.slim2009.cz\/wordpress\/wp-content\/uploads\/2025\/08\/Snimek-obrazovky-2025-08-19-194330-300x201.jpg 300w, https:\/\/www.slim2009.cz\/wordpress\/wp-content\/uploads\/2025\/08\/Snimek-obrazovky-2025-08-19-194330-1024x686.jpg 1024w, https:\/\/www.slim2009.cz\/wordpress\/wp-content\/uploads\/2025\/08\/Snimek-obrazovky-2025-08-19-194330-768x514.jpg 768w, https:\/\/www.slim2009.cz\/wordpress\/wp-content\/uploads\/2025\/08\/Snimek-obrazovky-2025-08-19-194330.jpg 1457w\" sizes=\"auto, (max-width: 300px) 100vw, 300px\" \/><\/a> Pod Sklen\u00e1\u0159ovickej vrch nic nen\u00ed, nebo to vedlo jinudy. Cesta bejval\u00fdmu dvoru ob\u010das zna\u010dky po\u0159\u00e1d jsou. Ale k vrcholu Kutn\u00fd, ozna\u010dkovan\u00fd stromy Krnap u\u017e p\u0159ed 20 lety schv\u00e1ln\u011b vyk\u00e1cel.<\/p>\n<p><a href=\"http:\/\/www.slim2009.cz\/photo\/#\/shared_space\/folder\/336?_k=qucwiq\" target=\"_blank\" rel=\"noopener noreferrer\">Fotky z\u00a0v\u00fdpravy zde.<\/a><\/p>\n<p>Na konci za\u00a0fotkama z\u00a0v\u00fdpravy, jsou v\u00fd\u0159ezy map od r. 1958 do 2019, kde je patrn\u00fd, \u017ee se cesty i zna\u010dky v\u00a0oblasti Kutn\u00fd a Sov\u00ed hory st\u011bhovaly, p\u0159\u00edpadn\u011b m\u011bnily sm\u011br nebo polo\u017een\u00ed. Taky to mohl bejt z\u00e1m\u011br, pro zmaten\u00ed nep\u0159\u00edtele.<\/p>\n<p>MapyCom s bejvalou <a href=\"https:\/\/mapy.com\/s\/gamogalule\" target=\"_blank\" rel=\"noopener\">trasou zde.<\/a><\/p>\n","protected":false},"excerpt":{"rendered":"<p>Psal se nejsp\u00ed\u0161e rok 1974, kdy\u017e se n\u011bkolik \u010derstv\u00fdch d\u016fchodc\u016f rozhodlo vydat na t\u016fru k\u00a0vrcholu Kutn\u00e1, na R\u00fdchory. Mezi n\u00edma i m\u016fj d\u011bda Jaroslav, narozenej 17.ledna 1912. Jak jsem se j\u00e1 do party d\u016fchodc\u016f dostal u\u017e nev\u00edm, ale je mo\u017en\u00fd, &hellip; <a href=\"https:\/\/www.slim2009.cz\/wordpress\/vandry\/zluta-na-rychory-2019\/\">Cel\u00fd p\u0159\u00edsp\u011bvek <span class=\"meta-nav\">&rarr;<\/span><\/a><\/p>\n","protected":false},"author":1,"featured_media":0,"parent":715,"menu_order":21,"comment_status":"closed","ping_status":"closed","template":"","meta":{"footnotes":""},"class_list":["post-4361","page","type-page","status-publish","hentry"],"_links":{"self":[{"href":"https:\/\/www.slim2009.cz\/wordpress\/wp-json\/wp\/v2\/pages\/4361","targetHints":{"allow":["GET"]}}],"collection":[{"href":"https:\/\/www.slim2009.cz\/wordpress\/wp-json\/wp\/v2\/pages"}],"about":[{"href":"https:\/\/www.slim2009.cz\/wordpress\/wp-json\/wp\/v2\/types\/page"}],"author":[{"embeddable":true,"href":"https:\/\/www.slim2009.cz\/wordpress\/wp-json\/wp\/v2\/users\/1"}],"replies":[{"embeddable":true,"href":"https:\/\/www.slim2009.cz\/wordpress\/wp-json\/wp\/v2\/comments?post=4361"}],"version-history":[{"count":4,"href":"https:\/\/www.slim2009.cz\/wordpress\/wp-json\/wp\/v2\/pages\/4361\/revisions"}],"predecessor-version":[{"id":6268,"href":"https:\/\/www.slim2009.cz\/wordpress\/wp-json\/wp\/v2\/pages\/4361\/revisions\/6268"}],"up":[{"embeddable":true,"href":"https:\/\/www.slim2009.cz\/wordpress\/wp-json\/wp\/v2\/pages\/715"}],"wp:attachment":[{"href":"https:\/\/www.slim2009.cz\/wordpress\/wp-json\/wp\/v2\/media?parent=4361"}],"curies":[{"name":"wp","href":"https:\/\/api.w.org\/{rel}","templated":true}]}}