{"id":4333,"date":"2019-08-28T19:51:47","date_gmt":"2019-08-28T18:51:47","guid":{"rendered":"http:\/\/188.120.214.195\/?page_id=4333"},"modified":"2019-08-28T19:51:47","modified_gmt":"2019-08-28T18:51:47","slug":"serlich-2019","status":"publish","type":"page","link":"https:\/\/www.slim2009.cz\/wordpress\/archivalie\/archiv-crnci\/serlich-2019\/","title":{"rendered":"\u0160erlich 2019"},"content":{"rendered":"<p>aneb nevstoup\u00ed\u0161 dvakr\u00e1t do t\u00e9\u017ee \u0159eky. Tejden po Bi\u0161\u00edku se uskute\u010dnila bajkova\u010dka ze \u0160erlichu do Dvora Kr\u00e1lov\u00e9. Na tuhle akci m\u011b sice David p\u0159\u00edmo nepozval, mysle si, \u017ee toho nen\u00ed \u017e\u00e1dnej Trutnovan hoden. Av\u0161ak tajn\u00e1 dvorsk\u00e1 <a href=\"http:\/\/www.slim2009.cz\/wordpress\/wp-content\/uploads\/2019\/08\/IMG_20190817_093942-2.jpg\" target=\"_blank\" rel=\"noopener noreferrer\"><img loading=\"lazy\" decoding=\"async\" class=\"alignright wp-image-4335\" src=\"http:\/\/www.slim2009.cz\/wordpress\/wp-content\/uploads\/2019\/08\/IMG_20190817_093942-2.jpg\" alt=\"\" width=\"375\" height=\"211\" \/><\/a>akci\u010dka se d\u00edky m\u00e9mu zv\u011bdovi v \u0159ad\u00e1ch dvorsk\u00fdch profl\u00e1kla, tak\u017ee jsem svou \u00fa\u010dast na FB potvrdil. Slet Kalo\u0148\u016f se uskute\u010dnil u cyklobusu v are\u00e1lu bejval\u00fdho \u010cSAD u Bastionu \u010d.35 v Josefov\u011b. Dvor\u00e1ci p\u0159ifr\u010deli po ose, j\u00e1 si najmul dro\u010dku i s bratrem. \u00daderem 7:20 za\u010d\u00edn\u00e1 nakl\u00e1d\u00e1n\u00ed bajk\u016f do vozejku. Kolist\u016f a z\u00e1jemc\u016f o \u0160erlich je tu dost, ov\u0161em Negr\u016f celkem p\u011bt. Cena i s kolem na \u0160erlich je pouh\u00fd kil\u010do, tak to by jako \u0161lo. Usazujeme se na seda\u010dk\u00e1ch a hodinku a \u00bd relaxujeme. Ve Skalici a Nov\u00e1\u010di p\u0159istupujou dal\u0161\u00ed cyklisti, a\u017e do vy\u010derp\u00e1n\u00ed m\u00edst. Cyklobus vyfun\u011bl na ot\u00e1\u010dku pod \u0160erlichem, vyplivl n\u00e1s do l\u016fna p\u0159\u00edrody pln\u00fd n\u00e1strah a poku\u0161en\u00ed. Prvn\u00edm poku\u0161n\u00edm je Chata K\u010cT a jej\u00ed otev\u0159enost. Od ot\u00e1\u010dky to nen\u00ed k Masarykov\u011b chat\u011b nijak daleko, ani vysoko. Parkujeme bajky a zahajujeme pivn\u00ed re\u017eim, p\u00e1\u010d v jak\u00fdkoliv nadmo\u0159k\u00fd vej\u0161ce m\u016f\u017ee snadno doj\u00edt k decervezadraci, co\u017e je nep\u0159\u00edjemn\u00e1 situace podobn\u00e1 ztr\u00e1t\u011b vody na pou\u0161ti, ov\u0161em s opa\u010dn\u00fdmi p\u0159\u00edznaky, jako je:\u201c ztr\u00e1ta jistoty, p\u0159i skoc\u00edch, bu\u0161en\u00ed ve sp\u00e1nc\u00edch a nenad\u00e1l\u00e1 ztr\u00e1ta orientace.\u201c Konzumac\u00ed voln\u011b rozpustn\u00fdch vhodn\u00fdch iont\u016f, t\u011bmhle stav\u016fm p\u0159edch\u00e1z\u00edme. Vyl\u00e9\u010den\u00ed z neduh\u016f used\u00e1me za \u0159\u00edd\u00edtka a pod vlivem iont\u016f m\u00ed\u0159\u00edme k c\u00edli. Sj\u00ed\u017ed\u00edme k \u0160erlichsk\u00fdmu mlejnu, abychom \u0160erli\u0161sk\u00fdm \u00fadol\u00edm vystoupali na \u0160edlo\u0148ovsk\u00fd vrch, vy\u0161\u0161\u00edm o p\u00e1r metr\u016f ne\u017e samotnej \u0160erlich. Po modr\u00fd zna\u010dce jedeme bunkrovkou vlo\u017eku s drop\u00edky k Polomu. Nad Polomem m\u011bn\u00edme modrou zna\u010dku za \u017elutou a st\u00e1l\u00fdm kles\u00e1n\u00edm se dost\u00e1v\u00e1me o celkem 300metr\u016f n\u00ed\u017e na okraj Sedlo\u0148ova, kterej ale m\u00edj\u00edme. Jedeme rovnou k d\u011blost\u0159eleck\u00fd tvrzi Skutina, dal\u0161\u00ed iontov\u00fd zast\u00e1vce na trati \u0160-DK(TU).\u00a0V\u00edt\u00e1 n\u00e1s mohutn\u00e1 v\u00edce\u0159ad\u00e1 obvodov\u00e1 p\u0159ek\u00e1\u017eka tvrze, sest\u00e1vaj\u00edc\u00ed z \u0159ad betonov\u00fdch je\u017ek\u016f a tzv. prase\u010d\u00edch oc\u00e1sk\u016f pro uchycen\u00ed ostnat\u00fdho dr\u00e1tu. P\u0159ek\u00e1\u017eky obj\u00ed\u017ed\u00edme a\u017e k tvrzov\u00fdmu srubu N-S-48 \u201eU Stodol\u201c, kde odkl\u00e1d\u00e1me bajky do tr\u00e1vy a \u00fap\u011bnliv\u011b vrh\u00e1me o\u010di na st\u00e1nek. Pr\u016fvodce n\u00e1s marn\u011b l\u00e1k\u00e1 k prohl\u00eddce, ch\u0159est\u00edc kl\u00ed\u010di od zbroj\u00e1ku. M\u00e1me jin\u00e9 svody. Nab\u00edj\u00edme ostrou munici typu Kr\u00e112 a pln\u00edme vol\u00e1tka. Po kr\u00e1tk\u00fdm odpo\u010dinku odj\u00ed\u017ed\u00edme kolem k\u00f3ty st\u00e1l\u00fdm kles\u00e1n\u00edm do Sn\u011b\u017en\u00fdho. Proj\u00ed\u017ed\u00edme Sn\u011b\u017en\u00e9 a\u017e na k\u0159i\u017eovatku Tis \u2013 Sn\u011b\u017en\u00e9. Odbo\u010dujeme vlevo a spolu s Ole\u0161enkou zur\u010d\u00edme z vrchu d\u00f3lu. V ostr\u00fd vrace\u010dce m\u00e1lem kufrujeme, ale pak se vrac\u00edme do spr\u00e1vn\u00fdho kurzu k Ole\u0161ence. Vysoko nad n\u00e1mi se objevuje z\u0159\u00edcenina hradu Frymburk a pod\u00e9l Ole\u0161enky fabriky v Dole. Za posledn\u00ed fabrikou kon\u010d\u00ed asfalt, \u00fadol\u00ed se zav\u00edr\u00e1 a za\u010d\u00edn\u00e1 tmav\u00e1 \u00fadoln\u00ed cesta, kryt\u00e1 vysok\u00fdm lesem. Najednou sly\u0161\u00edm ostr\u00fd zlov\u011bstn\u00fd sssss. Zpomaluju a sssss miz\u00ed. Asi bludy, \u010di co. Rozj\u00ed\u017ed\u00edm se, ale znova se oz\u00fdv\u00e1 sssss. Za mnou jedouc\u00ed Martin mi potvrzuje, \u017ee z pneu\u0161ky unik\u00e1 ml\u00edko. Zastavujeme a hnedle objevujeme \u00fanik. Z b\u00e1glu vytahuju sadu na opravu bezdu\u0161\u00e1k\u016f, do vidli\u010dky vkl\u00e1d\u00e1m knot a zapichuju d\u00edru. \u00dasp\u011bch, luft u\u017e neunik\u00e1. Spole\u010dn\u00fdma silama hust\u00edme a doh\u00e1n\u00edme peloton. Ti u\u017e ale v Pekle sosaj Prim\u00e1tor Weizen, tak se k nim p\u0159id\u00e1v\u00e1me. Do Nov\u00e1\u010de k Brou\u010dkovi na ob\u011bd, to m\u00e1me p\u00e1r kil\u00e1sk\u016f, tak <a href=\"http:\/\/www.slim2009.cz\/wordpress\/wp-content\/uploads\/2019\/08\/IMG_20190817_164041-2.jpg\" target=\"_blank\" rel=\"noopener noreferrer\"><img loading=\"lazy\" decoding=\"async\" class=\"alignright wp-image-4338\" src=\"http:\/\/www.slim2009.cz\/wordpress\/wp-content\/uploads\/2019\/08\/IMG_20190817_164041-2.jpg\" alt=\"\" width=\"375\" height=\"211\" \/><\/a>nased\u00e1me a odj\u00ed\u017ed\u00edme. Jet po silnici by byla nuda, jedem teda turistickou pod\u00e9l Metuje. Od dob m\u00fdho voj\u00e1kov\u00e1n\u00ed je stezka zanedban\u00e1. Padl\u00fd kmen, bl\u00e1t\u00ed\u010dko, n\u00e1letov\u00fd k\u0159oviny, nic z toho n\u00e1s nem\u016f\u017ee zastavit. Celkem svi\u017en\u011b uh\u00e1n\u00edme pod\u00e9l b\u0159ehu. V p\u0159edu David, v z\u00e1v\u011bsu J\u00e1. O tom, co se d\u011bje vzadu, nem\u00e1m p\u0159ehled. Dopr\u2026. Sakr\u2026 tma! Automaticky a samovoln\u011b d\u011bl\u00e1m bu\u010f parakotoul, ale asi to by pytlokotoul a blblblblllll.!!!! Voda?!!!!! Vyno\u0159uju se, chci se postavit na v\u0161echny \u010dty\u0159i! Prav\u00e1 p\u0159edn\u00ed je citliv\u00e1 na pohyb! Stoj\u00edm na vratk\u00fdch kamenech, po gzicht\u011b mi stejk\u00e1 voda. Se\u0161 v cajku, ozejv\u00e1 se nade mnou. Ani n\u00e9\u00e9. Hele kolo mu plave pry\u010d! N\u011bkdo kolem m\u011b leze do vln a lov\u00ed bajk. Ze zhora se natahuje \u010d\u00edsi ruka a vytahuje m\u011b na b\u0159eh. Kur\u2026 j\u00e1 tu v\u011btev vid\u011bl na posledn\u00ed chv\u00edli. Hele te\u010de ti krev, j\u00e1 v\u00edm a odplivuju kousek jazyka. P\u0159epo\u010d\u00edt\u00e1v\u00e1m si zuby. Jsou v\u0161echny. Uff! N\u00e9\u00e9 z huby, krev ti te\u010de z ruky! Kouk\u00e1m, nic nevid\u00edm, akor\u00e1t jak se barv\u00ed prav\u00e1 strana kra\u0165as a rukavice. M\u00e1\u0161 n\u011bco na z\u00e1v\u00e1z\u00e1n\u00ed? Jo v s\u00ed\u0165ce je \u010distej hard, \u00fapln\u011b zapom\u00edn\u00e1m, \u017ee uvnit\u0159 b\u00e1glu m\u00e1m lek\u00e1rnu. P\u0159ich\u00e1z\u00edm k sob\u011b je mi lehce mdlo. Volejte br\u00e1chu, mohl by bejt pobl\u00ed\u017e v N\u00e1chod\u011b. Navrhuju j\u00edt do Nov\u00e1\u010de na N\u00e1m\u011bst\u00ed k Brou\u010dkovi s t\u00edm, \u017ee si d\u00e1me ob\u011bd a mezi t\u00edm p\u0159ijede m\u016fj odvoz. Uv\u011bdomuju si, \u017ee v Metuji u\u017e jsem se jednou r\u00e1chal. Bylo to roku 1985 v p\u0159ij\u00edma\u010di na vojn\u011b. To n\u00e1s V\u00e9D\u00e9\u010dka prohnali skrz tok v r\u00e1mci v\u00fdcviku. A pak, \u017ee nevstoup\u00ed\u0161 dvakr\u00e1t do t\u00e9\u017ee \u0159eky :-). Mar\u0165as vede moje kolo, j\u00e1 se dr\u017e\u00edm za obv\u00e1zanou pazouru. Pr\u016fvod s polomrtvolou se dokodrcal kolem hotelu Metuje na n\u00e1m\u011bst\u00ed k Hotelu u Brou\u010dka stoj\u00edc\u00edm v sousedstv\u00ed z\u00e1mku. V\u0161ichni, krom m\u011b si objedn\u00e1vaj ob\u011bd a pit\u00ed. Ve stejnou chv\u00edli, kdy se pln\u00ed stoly, m\u011b p\u0159ij\u00ed\u017ed\u00ed odvoz. Lou\u010d\u00edm se a jedeme do nemocnice sm\u011br TU. Verdikt zn\u00ed: Otev\u0159en\u00e1 zlomenina okovce, doba l\u00e9\u010dby 2-3m\u011bs\u00edce.<\/p>\n<p>Fotky: Martin+Slim <a href=\"http:\/\/www.slim2009.cz\/photo\/#\/shared_space\/folder\/10?_k=7m0a28\" target=\"_blank\" rel=\"noopener noreferrer\">ZDE.<\/a><\/p>\n","protected":false},"excerpt":{"rendered":"<p>aneb nevstoup\u00ed\u0161 dvakr\u00e1t do t\u00e9\u017ee \u0159eky. Tejden po Bi\u0161\u00edku se uskute\u010dnila bajkova\u010dka ze \u0160erlichu do Dvora Kr\u00e1lov\u00e9. Na tuhle akci m\u011b sice David p\u0159\u00edmo nepozval, mysle si, \u017ee toho nen\u00ed \u017e\u00e1dnej Trutnovan hoden. Av\u0161ak tajn\u00e1 dvorsk\u00e1 akci\u010dka se d\u00edky m\u00e9mu &hellip; <a href=\"https:\/\/www.slim2009.cz\/wordpress\/archivalie\/archiv-crnci\/serlich-2019\/\">Cel\u00fd p\u0159\u00edsp\u011bvek <span class=\"meta-nav\">&rarr;<\/span><\/a><\/p>\n","protected":false},"author":1,"featured_media":0,"parent":5066,"menu_order":8,"comment_status":"closed","ping_status":"closed","template":"","meta":{"footnotes":""},"class_list":["post-4333","page","type-page","status-publish","hentry"],"_links":{"self":[{"href":"https:\/\/www.slim2009.cz\/wordpress\/wp-json\/wp\/v2\/pages\/4333","targetHints":{"allow":["GET"]}}],"collection":[{"href":"https:\/\/www.slim2009.cz\/wordpress\/wp-json\/wp\/v2\/pages"}],"about":[{"href":"https:\/\/www.slim2009.cz\/wordpress\/wp-json\/wp\/v2\/types\/page"}],"author":[{"embeddable":true,"href":"https:\/\/www.slim2009.cz\/wordpress\/wp-json\/wp\/v2\/users\/1"}],"replies":[{"embeddable":true,"href":"https:\/\/www.slim2009.cz\/wordpress\/wp-json\/wp\/v2\/comments?post=4333"}],"version-history":[{"count":0,"href":"https:\/\/www.slim2009.cz\/wordpress\/wp-json\/wp\/v2\/pages\/4333\/revisions"}],"up":[{"embeddable":true,"href":"https:\/\/www.slim2009.cz\/wordpress\/wp-json\/wp\/v2\/pages\/5066"}],"wp:attachment":[{"href":"https:\/\/www.slim2009.cz\/wordpress\/wp-json\/wp\/v2\/media?parent=4333"}],"curies":[{"name":"wp","href":"https:\/\/api.w.org\/{rel}","templated":true}]}}