{"id":4326,"date":"2019-08-28T19:36:36","date_gmt":"2019-08-28T18:36:36","guid":{"rendered":"http:\/\/188.120.214.195\/?page_id=4326"},"modified":"2019-08-28T19:36:36","modified_gmt":"2019-08-28T18:36:36","slug":"bisik-2019","status":"publish","type":"page","link":"https:\/\/www.slim2009.cz\/wordpress\/vandry\/bisik-2019\/","title":{"rendered":"Bi\u0161\u00edk 2019"},"content":{"rendered":"<p>Tejden po V\u011btrn\u00edku a Prdn\u00edku, uspo\u0159\u00e1dal \u201elatentn\u00ed Negr\u201c vyj\u00ed\u017e\u010fku na Bi\u0161\u00edk. Honza a jeho z\u00e1konit\u00e1 squaf Petra, jsou z\u00a0\u00dapice, co\u017e trochu komplikovalo odjezd z domova. Vyu\u017eil jsem omladinu a nalo\u017eil se i bajkem do jejich z\u00e1novn\u00edho BMW a nechal se odv\u00edzt nad Lhotu, \u010d\u00edm\u017e jsem u\u0161et\u0159il kil\u00e1ky a s\u00edly. Za Bezd\u011bkovem u z\u00e1vory nased\u00e1m a nejv\u011bt\u0161\u00edm <a href=\"http:\/\/www.slim2009.cz\/wordpress\/wp-content\/uploads\/2019\/08\/IMG_20190811_114633-2.jpg\" target=\"_blank\" rel=\"noopener noreferrer\"><img loading=\"lazy\" decoding=\"async\" class=\"alignright wp-image-4330\" src=\"http:\/\/www.slim2009.cz\/wordpress\/wp-content\/uploads\/2019\/08\/IMG_20190811_114633-2.jpg\" alt=\"\" width=\"375\" height=\"278\" \/><\/a>stoup\u00e1kem jedu k\u00a0Pasek\u00e1m na Jest\u0159ebk\u00e1ch. Jedu co mi s\u00edly sta\u010dej, abych byl u d\u011bla v\u00a0Odolov\u011b v\u010das. Zrovna kdy\u017e vj\u00ed\u017ed\u00edm na pastviny u Pasek vol\u00e1 H, kde jsem, \u017ee u\u017e jsou ve Rtyni u n\u00e1dra\u017e\u00ed. M\u00e1m co d\u011blat abych byl na m\u00edst\u011b v\u010das. Neuv\u011bdomuju si, \u017ee elektrokolisti vyjedou krp\u00e1l jako nic. Kdy\u017e m\u00edj\u00edm vrchol \u017daltmanu, novej hovor, \u017ee u\u017e jsou u d\u011bla, ale \u017ee se sejdem na rozcest\u00ed Pod Kol\u010darkou a pojedeme zkratkou. Tak super, k\u00a0rozcest\u00ed to m\u00e1m jenom kousek. \u010cek\u00e1n\u00ed mi p\u0159ijde dlouh\u00fd, ale zrovna kdy\u017e si \u0159\u00edk\u00e1m, \u017ee jim vzali prodlu\u017eova\u010dky, objevuj\u00ed se v\u00a0zat\u00e1\u010dce. Po uv\u00edt\u00e1n\u00ed se rovnou spou\u0161t\u00edme ke Kuprovce. Mokr\u00fd ko\u0159eny h\u00e1zej p\u011bkn\u011b bajkem. Petra n\u00e1m sp\u00edl\u00e1, ale jede. Po trochu drsn\u00fdm sjezdu, p\u0159ej\u00ed\u017ed\u00edme asfalt vedouc\u00ed do Radvanic. Za cestou je\u0161t\u011b trochu krosu po ko\u0159enech a jsme u rybn\u00edk\u016f \u201eNa Kuprovce\u201c, kter\u00fd vznikly jako z\u00e1sob\u00e1rna vody pro tzv. pr\u00e1dlo na \u010di\u0161t\u011bn\u00ed m\u011bd\u011bn\u00fdch rud, nedalek\u00fdho, dneska u\u017e zru\u0161en\u00fdho m\u011bd\u011bn\u00fdho dolu Bohum\u00edr. P\u0159ej\u00ed\u017ed\u00edme hr\u00e1z, stoup\u00e1me les\u00edkem na pastviny a\u017e skoro k\u00a0br\u00e1n\u011b z\u00e1vodu \u201eKonstrukce J\u00edvka\u201c. Rychlou pol\u0148a\u010dkou sj\u00ed\u017ed\u00edme do Vern\u00e9\u0159ovic a u kostela M\u00e1\u0159\u00ed Magdal\u00e9ny odbo\u010dujeme na Studnici. \u0160\u00edlen\u00fdm pr\u010f\u00e1kem se ze 450metr\u016f dost\u00e1v\u00e1me do bezm\u00e1la 6tiset na\u00a0 necel\u00fdm kilometru. Lehkej sjezd do Studnice a \u0161ups nahoru na Bi\u0161\u00edk. C\u00edl je nadohled. Petra hnan\u00e1 elektrikou n\u00e1m z\u00a0Bi\u0161\u00edku vyslala naproti Pavla Volka. Ten n\u00e1m pror\u00e1\u017eel na posledn\u00edch metrech cestu, skrz davy a ve st\u00e1j\u00edch umo\u017enil schovat kon\u011b. Jdeme do restaurace, objedn\u00e1v\u00e1me si ob\u011bd a pit\u00ed. Vynikaj\u00edc\u00ed kr\u016ft\u00ed rolka na bylink\u00e1ch a bezov\u00e1 lim\u010da. Honza s\u00a0Petrou si d\u00e1vaj\u00ed po \u00d3 kaf\u00ed\u010dko a na slun\u00ed\u010dku p\u0159ed z\u00e1me\u010dkem n\u011bkolik minut kl\u00e1bos\u00edme s\u00a0Pavlem, ne\u017e ho povinnosti odv\u00e1ly na plac.\u00a0 Shodou okolnost\u00ed se potk\u00e1v\u00e1m s\u00a0malou Bou\u0161kou, jsouc\u00edm na d\u011btsk\u00fdm t\u00e1bo\u0159e. Nech\u00e1v\u00e1 pozdravovat svoji m\u00e1\u0148u, maj\u00edc v\u00a0jedn\u00fd ruce hotdog a v\u00a0druh\u00fd pit\u00ed\u010dko. Odpo\u010dinut\u00fd se vyd\u00e1v\u00e1me na zp\u00e1te\u010dn\u00ed cestu. Jedeme pod \u010c\u00e1pem k\u00a0Janovick\u00fdm h\u0159bet\u016fm, kde sj\u00ed\u017ed\u00edme po \u010derven\u00fd do Janovic. Kolem n\u00e1dra\u017e\u00ed furt po \u010derven\u00fd a za posledn\u00edm bar\u00e1kem stoup\u00e1kem k\u00a0Temn\u00fdmu lesu. Poslen\u00edch 20metr\u016f u\u017e ned\u00e1vaj ani Hajbajky, na\u0161t\u011bst\u00ed je u vys\u00edla\u010de vrchol. Skrz Temnej Les sj\u00ed\u017ed\u00edme do Radvanic. U kostel\u00edku Sv. Jan K\u0159titel nab\u00edr\u00e1me s\u00edly k\u00a0z\u00e1v\u011bre\u010dn\u00fdmu stoup\u00e1n\u00ed na Paseky k\u00a0\u0158eha\u010dce. Kopec na \u0158eha\u010dku se zd\u00e1 bejt nekone\u010dnej, ale pak se p\u0159eci jen objevujou paseck\u00fd bar\u00e1ky i s\u00a0otev\u0159enou \u0158eha\u010dkou. Objedn\u00e1v\u00e1m si rovnou dv\u011b Kofeiny. Spole\u010dn\u00e1 cesta kon\u010d\u00ed Petra s\u00a0Honzou jedou dom\u016f do \u00dapice, j\u00e1 se vyd\u00e1v\u00e1m k\u00a0Markou\u0161ovic\u00edm a p\u0159es N\u00fdvlt\u016fv \u017elab k\u00a0Trutnov Trails. Sj\u00ed\u017ed\u00edm druhou a t\u0159et\u00ed sekci Kozy, sva\u010d\u00edm bor\u016fvky, ale pak u\u017e nekompromisn\u011b svi\u0161t\u00edm skrz Lhotu k\u00a0domovu.<\/p>\n<p>Fotky:<a href=\"http:\/\/www.slim2009.cz\/photo\/#\/shared_space\/folder\/11?_k=45rwi4\" target=\"_blank\" rel=\"noopener noreferrer\"> TADY<\/a><\/p>\n","protected":false},"excerpt":{"rendered":"<p>Tejden po V\u011btrn\u00edku a Prdn\u00edku, uspo\u0159\u00e1dal \u201elatentn\u00ed Negr\u201c vyj\u00ed\u017e\u010fku na Bi\u0161\u00edk. Honza a jeho z\u00e1konit\u00e1 squaf Petra, jsou z\u00a0\u00dapice, co\u017e trochu komplikovalo odjezd z domova. Vyu\u017eil jsem omladinu a nalo\u017eil se i bajkem do jejich z\u00e1novn\u00edho BMW a nechal se &hellip; <a href=\"https:\/\/www.slim2009.cz\/wordpress\/vandry\/bisik-2019\/\">Cel\u00fd p\u0159\u00edsp\u011bvek <span class=\"meta-nav\">&rarr;<\/span><\/a><\/p>\n","protected":false},"author":1,"featured_media":0,"parent":715,"menu_order":19,"comment_status":"closed","ping_status":"closed","template":"","meta":{"footnotes":""},"class_list":["post-4326","page","type-page","status-publish","hentry"],"_links":{"self":[{"href":"https:\/\/www.slim2009.cz\/wordpress\/wp-json\/wp\/v2\/pages\/4326","targetHints":{"allow":["GET"]}}],"collection":[{"href":"https:\/\/www.slim2009.cz\/wordpress\/wp-json\/wp\/v2\/pages"}],"about":[{"href":"https:\/\/www.slim2009.cz\/wordpress\/wp-json\/wp\/v2\/types\/page"}],"author":[{"embeddable":true,"href":"https:\/\/www.slim2009.cz\/wordpress\/wp-json\/wp\/v2\/users\/1"}],"replies":[{"embeddable":true,"href":"https:\/\/www.slim2009.cz\/wordpress\/wp-json\/wp\/v2\/comments?post=4326"}],"version-history":[{"count":0,"href":"https:\/\/www.slim2009.cz\/wordpress\/wp-json\/wp\/v2\/pages\/4326\/revisions"}],"up":[{"embeddable":true,"href":"https:\/\/www.slim2009.cz\/wordpress\/wp-json\/wp\/v2\/pages\/715"}],"wp:attachment":[{"href":"https:\/\/www.slim2009.cz\/wordpress\/wp-json\/wp\/v2\/media?parent=4326"}],"curies":[{"name":"wp","href":"https:\/\/api.w.org\/{rel}","templated":true}]}}