{"id":4320,"date":"2019-08-28T19:23:43","date_gmt":"2019-08-28T18:23:43","guid":{"rendered":"http:\/\/188.120.214.195\/?page_id=4320"},"modified":"2019-08-28T19:23:43","modified_gmt":"2019-08-28T18:23:43","slug":"kralovecky-spicak-2019","status":"publish","type":"page","link":"https:\/\/www.slim2009.cz\/wordpress\/crnci\/kralovecky-spicak-2019\/","title":{"rendered":"Kr\u00e1loveck\u00fd \u0160pi\u010d\u00e1k 2019"},"content":{"rendered":"<p>V\u00fdprava se m\u011bla uskute\u010dnit t\u0159et\u00edho srpna, ale posunula se o jeden den na ned\u011bli. D\u00edky tomu se mohl p\u0159ipojit Tom a hnedle n\u00e1s bylo t\u0159i. \u0160t\u011bp\u00e1n, Tom\u00e1\u0161 a J\u00e1. V\u00a09:00 d\u011bl\u00e1me spole\u010dn\u00fd foto u BikeToweru a vyr\u00e1\u017e\u00edme. Jedeme okolo d\u00edlen \u010cD, lokomotivn\u00edho depa, podj\u00ed\u017ed\u00edme \u017eelezni\u010dn\u00ed mosty. U br\u00e1ny bejval\u00fdho skladu Technomatu, hned za mostama, <a href=\"http:\/\/www.slim2009.cz\/wordpress\/wp-content\/uploads\/2019\/08\/Bajk082019-2.jpg\" target=\"_blank\" rel=\"noopener noreferrer\"><img loading=\"lazy\" decoding=\"async\" class=\"alignright wp-image-4322\" src=\"http:\/\/www.slim2009.cz\/wordpress\/wp-content\/uploads\/2019\/08\/Bajk082019-2.jpg\" alt=\"\" width=\"406\" height=\"295\" \/><\/a>\u0161irok\u00e1 cesta kon\u010d\u00ed. D\u00e1l vede zarostl\u00e1 cesti\u010dka, kde z\u00a0prav\u00fd strany je plot skladi\u0161t\u011b a nalevo je \u00dapa, asi 3 a\u017e 4metry hluboko pod b\u0159ehem. B\u0159eh je v\u00a0jednom m\u00edst\u011b dost odplavenej, tak\u017ee p\u00e1d s bajkem do \u00dapy by nebylo nic p\u0159\u00edjemn\u00fdho. P\u0159imyk\u00e1me se k\u00a0plotu a po p\u00e1r metrech m\u00e1me sesuv i plot za sebou. Vj\u00ed\u017ed\u00edme na pozvolna stoupaj\u00edc\u00ed stezku v\u00a0\u00fabo\u010d\u00ed \u010cerve\u0148\u00e1ku. D\u00edky stezce p\u0159ekon\u00e1v\u00e1me p\u0159ed\u011bl NeuHoffu kolem Dvora\u010dky, abysme se dostali na Po\u0159\u00ed\u010dskou stranu. Po silnici za n\u00e1dra\u017e\u00edm st\u0159ed a kolem Voletin m\u00ed\u0159\u00edme k\u00a0mrtv\u00fdmu jezeru. Chrli\u010d pop\u00edlkov\u00fdho bl\u00e1ta je dneska bez chrlen\u00ed, co\u017e Toma zl\u00e1kalo vyzkou\u0161et \u00fanosnost m\u011bs\u00ed\u010dn\u00edho povrchu. M\u011bstsk\u00fdm lesem stoup\u00e1me asfaltkou k\u00a0pastvin\u00e1m Nad Z\u00e1lesk\u00fdm, podj\u00ed\u017ed\u00edme horn\u00ed stanici pet\u0159\u00edkovick\u00fdho vleku a pod J\u00e1nsk\u00fdm vrchem u \u201ev\u011btrn\u00edk\u016f\u201c atakujeme 600mnm, abysme vz\u00e1p\u011bt\u00ed sjeli do Rybn\u00ed\u010dku, na\u010de\u017e znova za\u010dali stoupat kolem b\u00fdval\u00fdho dolu Nov\u00e1tor z\u00a050s\u00e1t\u00fdch let, ze kter\u00fdho zbylo p\u00e1r ruin budov pobl\u00ed\u017e \u0161estibok\u00fd kapli\u010dky. Na Mraven\u010d\u00edm vrchu jsou vid\u011bt n\u011bj\u00e1k\u00fd nov\u00fd cesty, tak je jedeme omrknout. Kdy\u017e jsme k\u00a0nim nastoupali, bohu\u017eel se uk\u00e1zalo, \u017ee jsou strm\u00fd a pln\u00fd su\u0165ov\u00fdho kamen\u00ed. Vrac\u00edme se zp\u00e1tky na traverz a jedeme tradi\u010dn\u00ed cestou k\u00a0vrcholu \u201epr\u010f\u00e1ku\u201c vedouc\u00edm na Kr\u00e1loveck\u00fd \u0160pi\u010d\u00e1k. Na traverzu prob\u00edh\u00e1 t\u011b\u017eba, tak chvilku \u010dek\u00e1me, ne\u017e n\u00e1s harvestor pustil d\u00e1l ke stoup\u00e1ku. Stoup\u00e1k je po de\u0161t\u00edch trochu v\u00edc rozrytej a spl\u00e1chnutej do naplavenin. Ale i tak Tom\u00e1\u0161 se \u0160t\u011bp\u00e1nem vrchol zdol\u00e1vaj v\u00a0sedle. J\u00e1 kon\u010d\u00edm za obo\u010dkou. Su\u0165ovi\u0161t\u011b je nad moje s\u00edly. Posledn\u00edch cca 150m k\u00a0vrcholu ale znova nased\u00e1m. Ten v\u00fdhled za tu n\u00e1mahu st\u00e1l. Dole v\u00a0Bernartic\u00edch zn\u011bj\u00ed oslavn\u00fd kosteln\u00ed zvony. To m\u00e1me p\u0159esn\u011b poledne. Odpo\u010dinut\u00ed mast\u00edme dolu k\u00a0odbo\u010dce. \u0160irok\u00fdm pr\u010f\u00e1kem uh\u00e1n\u00edme kolem lomu do Kr\u00e1lovce na ob\u011bd. V restauraci Kraloveck\u00fd Kohout si d\u00e1v\u00e1me sma\u017e\u00e1ka a pivko. Pro \u0160t\u011bp\u00e1na je to pro dne\u0161ek posledn\u00ed spole\u010dn\u00fd dobrodru\u017estv\u00ed. Za \u017eelezni\u010dn\u00edm p\u0159ejezdem se s\u00a0n\u00e1ma lou\u010d\u00ed, p\u00e1\u010d jede na rodinnou oslavu. Cestou k\u00a0autu v\u00a0TU, ho \u010dek\u00e1 je\u0161t\u011b d\u00e9\u0161\u0165. J\u00e1 s\u00a0Tomem jedeme skrz \u010cernou Vodu na R\u016f\u017eovej palou\u010dek, kudy Jan \u00c1mos opustil \u00fazem\u00ed \u010cech. Je odsud v\u00fdhled na \u017dacl\u00e9\u0159, ale taky na mrak s\u00a0de\u0161t\u011bm padaj\u00edc\u00edm na \u0160t\u011bp\u00e1na. Po prozkoum\u00e1n\u00ed labirintu sv\u011bta se pou\u0161t\u00edme Polskou hrani\u010dn\u00ed zelenou stezkou k\u00a0Bobru. Stezka je m\u00e1lo pou\u017e\u00edvan\u00e1 a\u017e zanedban\u00e1. Zni\u010deho\u0161 nic miz\u00ed a objevuje se na druh\u00fd stran\u011b potoka. L\u00e1vka nikde. Na\u0161t\u011bst\u00ed je sucho, tak\u017ee ladn\u011b p\u0159en\u00e1\u0161\u00edme skrz kop\u0159ivy na druhou stranu. R\u00e1di bysme do<a href=\"http:\/\/www.slim2009.cz\/wordpress\/wp-content\/uploads\/2019\/08\/IMG_20190804_120045b-2.jpg\" target=\"_blank\" rel=\"noopener noreferrer\"><img loading=\"lazy\" decoding=\"async\" class=\"alignright wp-image-4324\" src=\"http:\/\/www.slim2009.cz\/wordpress\/wp-content\/uploads\/2019\/08\/IMG_20190804_120045b-2.jpg\" alt=\"\" width=\"405\" height=\"228\" \/><\/a> \u010cR na posekanou pastvinu, jen\u017ee hlubokej zarostlej p\u0159\u00edkop to nedovoluje. N\u011bjakou chv\u00edli se proj\u00ed\u017ed\u00edme vysok\u00fdm kakamrd\u00edm, ne\u017e se objevuje vjezd na posekanou pastvinu. Vysvobozen\u00ed v\u0161ak p\u0159ich\u00e1z\u00ed a\u017e na asfaltce do Bobru. V\u00a0\u017daclu u kerami\u010dky odbo\u010dujeme na \u017dacl\u00e9\u0159sk\u00fd h\u0159bet. Za\u010d\u00edn\u00e1 posledn\u00ed stoup\u00e1n\u00ed dne k\u00a0R\u00fdchorsk\u00fd boud\u011b. Pru\u010f\u00e1k d\u00e1v\u00e1m do 1\/5. Tom do dobr\u00fd 1\/2ky, kde kousek tla\u010d\u00ed, pak zas nased\u00e1 a jede. Tla\u010d\u00edm skoro k\u00a0Had\u00ed cest\u011b. D\u00e1l u\u017e jde zase jet. \u00a0U Hubertky chv\u00edli nab\u00edr\u00e1me s\u00edly k\u00a0z\u00e1v\u011bre\u010dn\u00fd zte\u010di. Pomal\u00fdm tempem se \u0161kr\u00e1bu k\u00a0R\u00fdchorsk\u00fdmu k\u0159\u00ed\u017ei, okud to je zhruba je\u0161t\u011b 300metr\u016f k vrcholu 1001m vysoko. \u00a0Odtud je to k\u00a0R\u00fdchorsk\u00fd boud\u011b po rovin\u011b. Je 15:30 a za 1\/2hodiny buf\u00e1\u010d zav\u00edr\u00e1. Tom\u00e1\u0161 si objedn\u00e1v\u00e1 vrcholovou klob\u00e1su, m\u011b sta\u010d\u00ed jable\u010dnej d\u017eus s\u00a0perlivkou. Odkud-si se objevil \u010dernej mrak a zahrozil kapkama. Je na \u010dase svi\u0161t\u011bt dom\u016f. Vol\u00edme R\u016f\u017eeninu cestu. Lesem kolem stud\u00e1nky sj\u00ed\u017ed\u00edme dol\u016f k\u00a0asfaltce, popoh\u00e1n\u011bn\u00ed slab\u00fdm de\u0161t\u00edkem. Asfaltka je mokr\u00e1 a\u017e na Slune\u010dnou str\u00e1\u0148. Odbo\u010dujeme a trailem kolem Medv\u011bd\u00ed jeskyn\u011b sj\u00ed\u017ed\u00edme do Svobody. Po hlavn\u00ed silnici do Buk\u016f, p\u0159es Kalnou Vodu do Hor\u0148\u00e1ku, kde se s\u00a0Tomem lou\u010d\u00edme. J\u00e1 jsem doma. Tom\u00e1\u0161 se je\u0161t\u011b do Rokytn\u00edka p\u00e1r kil\u00e1k\u016f projede.<\/p>\n<p>Fotky: Tom+Slim <a href=\"http:\/\/www.slim2009.cz\/photo\/#\/shared_space\/folder\/15?_k=lworqm\" target=\"_blank\" rel=\"noopener noreferrer\">ZDE.<\/a><\/p>\n","protected":false},"excerpt":{"rendered":"<p>V\u00fdprava se m\u011bla uskute\u010dnit t\u0159et\u00edho srpna, ale posunula se o jeden den na ned\u011bli. D\u00edky tomu se mohl p\u0159ipojit Tom a hnedle n\u00e1s bylo t\u0159i. \u0160t\u011bp\u00e1n, Tom\u00e1\u0161 a J\u00e1. V\u00a09:00 d\u011bl\u00e1me spole\u010dn\u00fd foto u BikeToweru a vyr\u00e1\u017e\u00edme. Jedeme okolo d\u00edlen &hellip; <a href=\"https:\/\/www.slim2009.cz\/wordpress\/crnci\/kralovecky-spicak-2019\/\">Cel\u00fd p\u0159\u00edsp\u011bvek <span class=\"meta-nav\">&rarr;<\/span><\/a><\/p>\n","protected":false},"author":1,"featured_media":0,"parent":4493,"menu_order":6,"comment_status":"closed","ping_status":"closed","template":"","meta":{"footnotes":""},"class_list":["post-4320","page","type-page","status-publish","hentry"],"_links":{"self":[{"href":"https:\/\/www.slim2009.cz\/wordpress\/wp-json\/wp\/v2\/pages\/4320","targetHints":{"allow":["GET"]}}],"collection":[{"href":"https:\/\/www.slim2009.cz\/wordpress\/wp-json\/wp\/v2\/pages"}],"about":[{"href":"https:\/\/www.slim2009.cz\/wordpress\/wp-json\/wp\/v2\/types\/page"}],"author":[{"embeddable":true,"href":"https:\/\/www.slim2009.cz\/wordpress\/wp-json\/wp\/v2\/users\/1"}],"replies":[{"embeddable":true,"href":"https:\/\/www.slim2009.cz\/wordpress\/wp-json\/wp\/v2\/comments?post=4320"}],"version-history":[{"count":0,"href":"https:\/\/www.slim2009.cz\/wordpress\/wp-json\/wp\/v2\/pages\/4320\/revisions"}],"up":[{"embeddable":true,"href":"https:\/\/www.slim2009.cz\/wordpress\/wp-json\/wp\/v2\/pages\/4493"}],"wp:attachment":[{"href":"https:\/\/www.slim2009.cz\/wordpress\/wp-json\/wp\/v2\/media?parent=4320"}],"curies":[{"name":"wp","href":"https:\/\/api.w.org\/{rel}","templated":true}]}}