{"id":4292,"date":"2019-07-09T19:51:47","date_gmt":"2019-07-09T18:51:47","guid":{"rendered":"http:\/\/188.120.214.195\/?page_id=4292"},"modified":"2025-10-28T09:33:06","modified_gmt":"2025-10-28T08:33:06","slug":"jedovnice-2019","status":"publish","type":"page","link":"https:\/\/www.slim2009.cz\/wordpress\/archivalie\/archiv-crnci\/jedovnice-2019\/","title":{"rendered":"Jedovnice 2019"},"content":{"rendered":"<p>P\u016fl roku pl\u00e1nov\u00e1n\u00ed, vymej\u0161len\u00ed, mejlov\u00e1n\u00ed, do toho nenad\u00e1l\u00e1 v\u00fdm\u011bna chalupy, v\u00fdb\u011br z\u00e1loh 500k\u00e1 a n\u011bkolik negr\u016f <a href=\"http:\/\/www.slim2009.cz\/wordpress\/wp-content\/uploads\/2019\/07\/0018-2.jpg\" target=\"_blank\" rel=\"noopener noreferrer\"><img loading=\"lazy\" decoding=\"async\" class=\"alignright wp-image-4294\" src=\"http:\/\/www.slim2009.cz\/wordpress\/wp-content\/uploads\/2019\/07\/0018-2.jpg\" alt=\"\" width=\"349\" height=\"262\" \/><\/a>m\u016f\u017ee pojezdit traily v\u00a0Jedovnic\u00edch. Negerskej m\u00f3dn\u00ed dizajn\u00e9r Tom navrhnul a objednal nov\u00fd dr\u00e9zy, tak aby do odjezdu byly hotov\u00fd. Datum kon\u00e1n\u00ed bylo v\u011bdecky stanoveno na 6t\u00fdho a\u017e 9t\u00fdho \u010dervna, jenom\u017ee do t\u00fd doby si n\u011bkolik kalo\u0148\u016f rozmyslelo svoj\u00ed \u00fa\u010dast a tak n\u00e1s z\u016fstalo pouh\u00fdch 11 a 1\/2. Na\u0161t\u011bst\u00ed mezi odpadl\u00edky byli i boh\u00e1\u010di, kter\u00fdm na n\u011bj\u00e1ky t\u00fd korun\u011b nez\u00e1le\u017e\u00ed. Vox popul\u00ed rozhodlo po pr\u00e1vu, \u017ee z\u00e1loha propad\u00e1 ve prosp\u011bch \u00fa\u010dastn\u00edk\u016f. D\u00edky nenad\u00e1l\u00fdmu daru, si z\u00e1jezd mohli dovolit i ti m\u00e9n\u011b majetn\u00ed, nap\u0159\u00edklad: \u010dty\u0159i Ji\u0159\u00ed (z\u00a0toho dva Kub\u00ed\u010dci), jeden Jan, Milan, Zden\u011bk, Tom\u00e1\u0161, David, Vlasta a dva Pavlov\u00e9. Jeden Ji\u0159\u00ed nepobyl dlouho a v\u00a0sobotu ho nahradil Jan.<br \/>\nVe \u010dtvrtek r\u00e1no v\u00a08:05 m\u011b p\u0159ed bar\u00e1kem vyzved\u00e1v\u00e1 Tom\u00e1\u0161. Nakl\u00e1d\u00e1me bajk a v\u011bci do vozidla, dost\u00e1v\u00e1m pytl\u00edk s\u00a0nov\u00fdm d\u0159ezem. Tom\u00e1\u0161 nastavuje navigaci a potom vyr\u00e1\u017e\u00edme. Obdobn\u011b to maj\u00ed ur\u010dit\u011b i ostatn\u00ed \u00fa\u010dastn\u00edci nap\u0159\u00edklad z DK. V\u00a0Jarom\u011b\u0159i zastavujeme a kontrolujeme Pen\u00edk zevnit\u0159. Kupujeme n\u011bkolik nezbytnost\u00ed, jako Loveckej sal\u00e1m, buchty a k\u00a0pit\u00ed vodovku. Zbytek cesty do Jedovnice prob\u00edhal bez probl\u00e9m\u016f. Na m\u00edsto k\u00a0chalup\u011b dor\u00e1\u017e\u00edme prvn\u00ed, ani n\u00e9 za chv\u00edli p\u0159ij\u00ed\u017ed\u00ed dal\u0161\u00ed a dal\u0161\u00ed kaloni. Kl\u00ed\u010de od boudy zat\u00edm nem\u00e1me, ale dojedeme si pro n\u011b do Surfbaru na bajc\u00edch. Obl\u00edk\u00e1me vyfasovan\u00fd dresy, jedeme k Surfbaru le\u017e\u00edho na b\u0159ehu Ol\u0161ovce. Jejda, je zav\u0159\u00edno! P\u0159eci jsme si m\u011bli kl\u00ed\u010de vyzvednout tady?! Tom\u00e1\u0161 vyt\u00e1\u010d\u00ed \u010d\u00edsla. Na t\u0159et\u00edm \u010d\u00edsle se oz\u00fdvaj majitel\u00e9. Prej se vr\u00e1t\u011bj o trochu d\u00fdl, tak se zat\u00edm jedeme naj\u00edst do restaurace Barachov. Tradi\u010dn\u00ed j\u00eddlo kalo\u0148\u016f je sma\u017e\u00e1k a znova se to potvrdilo! Po ob\u011bd\u011b se jedeme vybalit a ubytovat. Kl\u00ed\u010de u\u017e n\u00e1m majitel\u00e9 dovezli na bar\u00e1k. Vybalen\u00fd se \u0161ikujeme k odjezdu, a\u017e na ty co p\u0159ijedou pozd\u011bjc. Obj\u00ed\u017ed\u00edme rybn\u00edk zprava a rovnou na stoupac\u00ed trail. Po p\u00e1r des\u00edtk\u00e1ch metr\u016f \u0161l\u00e1p\u00e1n\u00ed mimo asfalt stoj\u00edme. N\u011bj\u00e1kej \u201ek\u016frovec-lesoplundr\u201c, pok\u00e1cel strom na trail. Sesed\u00e1me a v\u0161\u00ed silou odtahujeme km\u00ednek z\u00a0cesty. Trocha s\u00edly, n\u011bkolik peprnejch slov vypu\u0161t\u011bnejch do lesa a zase se klikat\u00edme stoup\u00e1n\u00edm. \u017d\u00e1dnej Wiessner to nen\u00ed, tak jsme celkem brzo na rozcest\u00ed. Jako prvn\u00ed d\u00e1v\u00e1me dvojku. Na webu <a href=\"https:\/\/singlekras.cz\/jedovnicke-stezky\" target=\"_blank\" rel=\"noopener noreferrer\">https:\/\/singlekras.cz\/jedovnicke-stezky<\/a> p\u00ed\u0161ou: Okruh 2 &#8211; 9,5 km trail, 3km zpevn\u011bn\u00e9 cesty. Tak vypad\u00e1 Okruh 2. Sta\u010d\u00ed se na rozcest\u00ed po zpevn\u011bn\u00e9 cest\u011b vydat na \u00fasek Rakoveck\u00fd, kter\u00fd si u\u017eij\u00ed milovn\u00edci velk\u00fdch rychlost\u00ed, skok\u016f a <a href=\"http:\/\/www.slim2009.cz\/wordpress\/wp-content\/uploads\/2019\/07\/0029-2.jpg\" target=\"_blank\" rel=\"noopener noreferrer\"><img loading=\"lazy\" decoding=\"async\" class=\"alignright wp-image-4296\" src=\"http:\/\/www.slim2009.cz\/wordpress\/wp-content\/uploads\/2019\/07\/0029-2.jpg\" alt=\"\" width=\"350\" height=\"197\" \/><\/a>klopen\u00fdch zat\u00e1\u010dek. Snadno ho ale zvl\u00e1dnou i za\u010d\u00e1te\u010dn\u00edci. Sta\u010d\u00ed jet pomaleji. D\u00e9lka trasy: 11,5 km. Trasa: Z\u00e1kladna Jedovnice &#8211; Stoupac\u00ed &#8211; Jedlovice &#8211; Rakoveck\u00fd &#8211; Z\u00e1kladna Jedovnice. N\u00e1ro\u010dnost: modr\u00e1\/\u010derven\u00e1. Vhodn\u00e9 pro d\u011bti: ano. Sl\u00e1va to d\u00e1me. M\u00e1me to i p\u00edsemn\u011b. Pohodovej trejl\u00edk zakon\u010dujeme na trejlov\u00fd z\u00e1kladn\u011b. Po ob\u010derstven\u00ed jedeme na dal\u0161\u00ed kolo. Stoupac\u00edm na rozcest\u00ed a tentokr\u00e1t d\u00e1v\u00e1me jedni\u010dku. Okruh 1 &#8211; U\u017eijte si j\u00edzdu kompletn\u011b po trailov\u00fdch stezk\u00e1ch. \u010cekaj\u00ed v\u00e1s klidov\u00e9 \u00faseky vinouc\u00ed se mezi stromy i klopen\u00e9 zat\u00e1\u010dky. Va\u0161i fyzi\u010dku m\u00edrn\u011b potr\u00e1p\u00ed tak\u00e9 trojn\u00e1sobn\u00e9 stoup\u00e1n\u00ed do kopce. Pokro\u010dilej\u0161\u00ed jezdci si ur\u010dit\u011b u\u017eij\u00ed t\u0159i kles\u00e1n\u00ed s mno\u017estv\u00edm skok\u016f i klopen\u00fdch zat\u00e1\u010dek. D\u00e9lka trasy: 10,5 km. Trasa: Z\u00e1kladna Jedovnice &#8211; Stoupac\u00ed &#8211; Jedlovice &#8211; Duchoslav &#8211; Tipe\u010dek &#8211; Z\u00e1kladna Jedovnice. N\u00e1ro\u010dnost: modr\u00e1\/\u010derven\u00e1. Vhodn\u00e9 pro d\u011bti: ano. Zase n\u011bco pro Davida a jeho 3\/4\u010dn\u00ed bajk. Dost sn\u011bn\u00ed a \u0161ups do t\u0159et\u00edho trailu, rovnou bez zastaven\u00ed. Okruh 3 &#8211; Milovn\u00edci adrenalinu, Okruh 3 je p\u0159esn\u011b pro v\u00e1s! Vystoup\u00e1te do nejvy\u0161\u0161\u00edho bodu na\u0161ich stezek a pot\u00e9 v\u00e1s \u010dekaj\u00ed klopen\u00e9 zat\u00e1\u010dky a skoky. P\u0159i j\u00edzd\u011b v \u00faseku Paseky si budete p\u0159ipadat jako na horsk\u00e9 dr\u00e1ze. A pokud se na adrenalinov\u00fd z\u00e1\u017eitek nec\u00edt\u00edte, jednodu\u0161e zpomal\u00edte. D\u00e9lka trasy: 6,5 km. Trasa: Z\u00e1kladna Jedovnice &#8211; Stoupac\u00ed &#8211; Jedlovice &#8211; Paseky &#8211; Z\u00e1kladna Jedovnice. N\u00e1ro\u010dnost: modr\u00e1\/\u010derven\u00e1\/\u010dern\u00e1. Vhodn\u00e9 pro d\u011bti: pouze pro zdatn\u011bj\u0161\u00ed. Kone\u010dn\u011b n\u011bco pro m\u011b! David mi d\u00e1v\u00e1 na prdel a je n\u011bkde vep\u0159edu. M\u00fdmu poloz\u00e1vo\u010f\u00e1ku doch\u00e1z\u00ed dech. V\u00edc trail\u016f u\u017e nen\u00ed, tak m\u00ed\u0159\u00edme po 32km do Surfbaru na jedno. Ne\u017e se smrkne, jedeme se osprchnout, p\u0159evl\u00edknou do gala, aby mohl vypuknout \u0161ampion\u00e1t v\u00a0Klasku a pop\u00edjen\u00ed plechovek, \u010di fla\u0161kov\u00fdho. Unaveni sportov\u00e1n\u00edm se postupn\u011b odeb\u00edr\u00e1me do hajan. Ve dv\u011b v\u00a0noci uhodila bou\u0159ka v\u0161\u00ed silou. N\u011bkolikr\u00e1t majzlo zlov\u011bstn\u011b bl\u00edzko. Pr\u016ftr\u017e mra\u010den, v\u0161echno p\u011bkn\u011b prolila.<br \/>\nR\u00e1no se postupn\u011b bud\u00edme. Prov\u00e1d\u00edme r\u016fzn\u00e9 o\u010distn\u00e9 ritu\u00e1ly. Nepamatuju se p\u0159esn\u011b, ale p\u00e1r \u0161\u00edlenc\u016f chce snad i plavat v\u00a0Ol\u0161ovci, nebo nakupovat ve Vietnamshopu . A\u0165 to bylo, jak bylo, po sn\u00eddani obl\u00edk\u00e1me dresy a jedeme omrknout d\u00edru v\u00a0zemi. Po no\u010dn\u00edm \u0159\u00e1d\u011bn\u00ed \u017eivl\u016f, zbylo lehce mokro na silnici, sem tam se val\u00ed voda z\u00a0okoln\u00edch str\u00e1n\u00ed. Jedeme skrze Jedovnici, asfaltov\u00fdm stoup\u00e1n\u00edm na Vil\u00e9movice. Kr\u00e1tkej se\u0161up Pod Vintoky a serpent\u00fdnama nahoru na horn\u00ed vyhl\u00eddku do Macochy. V\u0161ichni kouk\u00e1me do t\u00fd d\u00edry, a\u017e na Ji\u0159\u00edho, kter\u00fdmu n\u011bco kouslo do pneu\u0161ky. Aby mu nebylo p\u0159i nasazov\u00e1n\u00ed\u00a0gumy smutno, d\u011bl\u00e1me kolem n\u011bho kruh a povzbuzujeme ho. Hrnec d\u011bl\u00e1 mexickou vlnu. Vlna se neujala tak si jde koupit pivko, aby si ukr\u00e1ti \u010dek\u00e1n\u00ed. Oprava se zda\u0159ila, m\u016f\u017eeme odjet po \u017elut\u00fd k vyhl\u00eddce Ko\u0148sk\u00fd sp\u00e1d.<a href=\"http:\/\/www.slim2009.cz\/wordpress\/wp-content\/uploads\/2019\/07\/0048-2.jpg\" target=\"_blank\" rel=\"noopener noreferrer\"><img loading=\"lazy\" decoding=\"async\" class=\"alignright wp-image-4297\" src=\"http:\/\/www.slim2009.cz\/wordpress\/wp-content\/uploads\/2019\/07\/0048-2.jpg\" alt=\"\" width=\"349\" height=\"262\" \/><\/a> K\u00a0doln\u00edmu m\u016fstku vedou schody, kter\u00fd n\u011bkte\u0159\u00ed sj\u00ed\u017ed\u011bj, ale v\u011bt\u0161ina je sch\u00e1z\u00ed. Na vyhl\u00eddce Ko\u0148sk\u00fd sp\u00e1d d\u011bl\u00e1me spole\u010dn\u00fd foto a po n\u011bm pokra\u010dujeme rozmo\u010denou stezkou na Sloup. U z\u00e1vrtu Dolina zna\u010dka prudce m\u011bn\u00ed sm\u011br do leva. V\u011bt\u0161ina z\u00a0n\u00e1s to nepost\u0159ehla a zastavujeme a\u017e u silnice. Ti pomalej\u0161\u00ed jedou spr\u00e1vn\u011b. My rychl\u00ed ur\u010dujeme novej sm\u011br Sloup a jedem. Znova se sj\u00ed\u017ed\u00edme u vchodu do Sloupsko-\u0160o\u0161\u016fvsk\u00e9 jeskyn\u011b, kde ukazuju bajker\u016fm ponor Sloupsk\u00fdho potoka. Bohu\u017eel po p\u0159edchoz\u00edch de\u0161t\u00edch se d\u00e1 kouknout jenom z\u00a0d\u00e1lky. Bohu\u017eel voda miz\u00ed n\u011bkde za ohb\u00edm u sk\u00e1ly, kam se ned\u00e1 j\u00edt. Po mrknut\u00ed na ponor, obsazujeme m\u00edsta u buf\u00e1\u010de a sva\u010d\u00edme zakoupen\u00fd lango\u0161e, sejrov\u00fd Burgry, p\u0159\u00edpadn\u011b jin\u00fd j\u00eddl\u00edtka s\u00a0pit\u00edm. Dost\u00e1v\u00e1me zpr\u00e1vu, \u017ee n\u00e1s nah\u00e1n\u00ed doraziv\u0161\u00ed Ponki\u010d. U\u017e je bl\u00edzko, tak \u010dek\u00e1me. Spole\u010dn\u011b se vyd\u00e1v\u00e1me do Hol\u0161tejna. Je\u0161t\u011b ve Sloupu za\u010d\u00edn\u00e1 krutop\u0159\u00edsn\u00fd stoup\u00e1n\u00ed do \u0160o\u0161\u016fvky. N\u011bkolik jedinc\u016f prokl\u00edn\u00e1 pl\u00e1nova\u010de, ale jejich klet\u00ed p\u0159eru\u0161uje elektrobajker, kter\u00fdmu vad\u00edme ve v\u00fdjezdu. Jeho slova zn\u011bly:\u201cChcete, aby V\u00e1s srazil v\u00a0zat\u00e1\u010dce kamij\u00f3n?! Tak se tady motejte!!\u201c a hnanej elekt\u0159inou, zmizel za zat\u00e1\u010dkou. V\u00a0\u0160o\u0161\u016fvce na vr\u0161ku se \u0161ikujeme. Tak \u0148\u00e1k si nem\u016f\u017eu vzpomenout kudy, ale Tom\u00e1\u0161 za pomoci MapyCZ ur\u010duje sm\u011br Hol\u0161tejn. Mezi bar\u00e1kama vede \u010deven\u00e1 a po n\u00ed se vezeme mezi loukama sva\u017euj\u00edc\u00ed se k\u00a0lesejku nad Hol\u0161tejnem. Po sjezdu starou \u0161t\u011btovanou cestou do \u00fadol\u00ed, jedem omrknout jeskyni Hladomorna, kterou se vydalo n\u011bkolik odv\u00e1\u017elivc\u016f prozkoumat. Dal\u0161\u00ed sm\u011br ur\u010duje Tom\u00e1\u0161. Vede n\u00e1s silnicej kolem ponoru B\u00edl\u00fdho potoka \u2013 Nov\u00e1 Rasovna a Wankelova z\u00e1vrtu k\u00a0V\u00e1pence Velk\u00e1 dohoda. V\u00a0Lipovci se jedeme ob\u010derstvit do m\u00edstn\u00edho pohostinstv\u00ed, kter\u00fd n\u011bkolik jedinc\u016f odm\u00edtlo pou\u017e\u00edt, nebo\u0165 se jim trochu ekloval. Ono to bylo stejn\u011b jedno, p\u00e1\u010d hostinskej byl mrzut, \u017ee mu p\u0159i\u0161li hosti a cht\u011bli utratit n\u011bkolik minc\u00ed. Svoj\u00ed laxnost\u00ed odradil zbylou polovinu negr\u016f. Nakonec p\u0159eci utr\u017eil za dv\u011b p\u00edva. Z\u00a0Lipovce \u0161lapeme lesem Koj\u00e1l rostouc\u00edho nedaleko stejnojmen\u00fdho vys\u00edla\u010de. Do Senet\u00e1\u0159ova sj\u00ed\u017ed\u00edme asfaltkou, ale hnedka za\u00a0n\u00e1vs\u00ed u\u017e zase \u0161lapem do kopce. Na vr\u0161ku odbo\u010dujeme z\u00a0hlavn\u00ed, \u0161trejchneme Kotvrdovice a p\u0159es les St\u00e1dliska se vrac\u00edme k Jedovnici. Vyj\u00ed\u017ed\u00edme u rybn\u00edka Budkovan, ale obj\u00ed\u017ed\u00edme ho do trailcentra u Ol\u0161ovce. Tady si d\u00e1v\u00e1me gul\u00e1\u0161ovku vypadaj\u00edc\u00ed jako bu\u0159tgul\u00e1\u0161, ke kter\u00fdmu je v\u00a0cen\u011b Radegast 10s\u00edtka. Vyj\u00ed\u017e\u010fku tak ukon\u010dujeme po 38km a jedn\u00fd pol\u00edvce. Individu\u00e1ln\u011b se jedeme na z\u00e1kladnu vyspr\u0161it a p\u0159ipravit na ve\u010der. Cestou k\u00a0Surfbaru, pozorujeme na lan\u011b vl\u00e1\u010den\u00fdho wakeboardiera od jednoho b\u0159ehu rybn\u00edka ke druh\u00fdmu.<a href=\"http:\/\/www.slim2009.cz\/wordpress\/wp-content\/uploads\/2019\/07\/0064-2.jpg\" target=\"_blank\" rel=\"noopener noreferrer\"><img loading=\"lazy\" decoding=\"async\" class=\"alignright wp-image-4298\" src=\"http:\/\/www.slim2009.cz\/wordpress\/wp-content\/uploads\/2019\/07\/0064-2.jpg\" alt=\"\" width=\"350\" height=\"197\" \/><\/a> Ve\u010der tr\u00e1v\u00edme dru\u017enou z\u00e1bavou v\u00a0Surfbaru u piva a v\u00edna. Po zav\u00edra\u010dce se odeb\u00edr\u00e1me do spole\u010densk\u00fd m\u00edstnosti na\u0161\u00ed ubytovny, kde se dor\u00e1\u017e\u00edme hrou Klask a Republikou. N\u011bkte\u0159\u00ed v\u00a0tom bujar\u00e9m ve\u010deru i tan\u010d\u00ed. Hrome, tancuju \u0161\u00edlen\u011b, kousla m\u011b snad tarantule nebo co. Odzemek neum\u00edm, ale tanec zvan\u00fd \u201eZnak\u201c ano. V\u00a0rytmu tance upad\u00e1m do sp\u00e1nku, tak\u017ee ani netu\u0161\u00edm, jak dopadl turnaj v\u00a0Klasku.<br \/>\nV sobotu r\u00e1no se p\u00e1r odv\u00e1\u017elivc\u016f, Tom\u00e1\u0161, Pavel a Ji\u0159\u00ed jdou prob\u011bhnout okolo rybn\u00edku. P\u011bt kil\u00e1k\u016f a jsou p\u0159ipraveni na dne\u0161n\u00ed vyj\u00ed\u017e\u010fku. My tane\u010dn\u00edci a ostatn\u00ed kaloni se rozcvi\u010dovat nemus\u00edme. Sta\u010d\u00ed n\u00e1m del\u0161\u00ed sp\u00e1nek, plus vydatn\u00e1 sn\u00eddan\u011b a jsme rozcvi\u010den\u00ed. Dneska jedeme na traily do Mari\u00e1nsk\u00fdho \u00fadol\u00ed vedle Brna. Po nezbytn\u00fdch \u00fakonech nased\u00e1me na bajky, p\u0159ej\u00ed\u017ed\u00edme hr\u00e1z rybn\u00edku Budkovan. Skrz trailcentrum nav\u00e1d\u00edm kalon\u011b na trasu p\u0159ejezdu sm\u011brem k\u00a0Brnu. Proklestem stoup\u00e1me na Blatiny, dvakr\u00e1t se pro zichr uji\u0161\u0165uju, \u017ee jedeme spr\u00e1vn\u011b k\u00a0Bukovin\u011b. Z\u00a0Bukoviny po asfaltu se\u0161upem do serpent\u00fdny. Ji\u0159\u00ed senior si nehodl\u00e1 pot\u0159\u00edsnit bajk bl\u00e1tem, proto pokra\u010duje po asfaltu. My jedeme do kopce zkratkou skrze les Vojt\u00ed\u0161ky, proti n\u00e1m te\u010de voda z\u00a0no\u010dn\u00edho de\u0161\u0165ov\u00e1n\u00ed. Na rozcest\u00ed u Lhotky, kde se zase shled\u00e1v\u00e1me. Po modr\u00fd jedem do Nov\u00fdho Dvora, tady odbo\u010dujeme na fungl novou asfaltku, kterou kles\u00e1me dobr\u00fd 4kil\u00e1ky do H\u00e1dku. Z\u00a0H\u00e1dku zase \u0161lapem nahoru do serpent\u00fdn. Na vrcholu odbo\u010dujeme v\u00a0pravo do lesa. Brut\u00e1ln\u00edm vlhk\u00fdm se\u0161upem sj\u00ed\u017ed\u00edme na rozcest\u00ed Host\u011bnick\u00e9 propad\u00e1n\u00ed a posledn\u00ed 1,5kilometrov\u00fd stoup\u00e1n\u00ed k\u00a0Mokersk\u00fd myslivn\u011b. Po dvaceti kil\u00e1k\u00e1ch stoj\u00edme u trailu \u010d\u00edslo 2. Respektive v\u00a0jeho polovin\u011b. Tak jedem! Okruh 2 &#8211; &#8222;Family&#8220; trail pro celou rodinu s vln\u00edc\u00edm se ter\u00e9nem. Snadn\u00fdm asfaltov\u00fdm stoup\u00e1n\u00edm vyjedete k Hor\u00e1kovsk\u00e9 myslivn\u011b, abyste se mohli pono\u0159it do nekon\u010d\u00edc\u00ed symfonie trailov\u00e9ho \u201eflow\u201c. Jedna zat\u00e1\u010dka st\u0159\u00edd\u00e1 druhou, ter\u00e9nn\u00ed vlny, klopen\u00e9 zat\u00e1\u010dky a nekone\u010dn\u00e1 z\u00e1bava. Trail je extr\u00e9mn\u011b dlouh\u00fd a po jeho d\u00e9lce postupn\u011b naraz\u00edte na n\u011bkolik stoup\u00e1n\u00ed i krat\u0161\u00edch sjezd\u016f.\u00a0<strong>D\u00e9lka trasy:<\/strong>\u00a014km. <strong>Trasa:<\/strong>\u00a0Z\u00e1kladna Mari\u00e1nsk\u00e9 \u00fadol\u00ed \u2013 Stoupac\u00ed cesta \u2013 V\u00e1penky \u2013 Mezi h\u00e1jenkami \u2013 B\u0159ezov\u00fd \u2013 U Chlape\u010dka \u2013 Pala\u0161ka \u2013\u00a0Z\u00e1kladna Mari\u00e1nsk\u00e9 \u00fadol\u00ed <strong>N\u00e1ro\u010dnost:<\/strong>\u00a0modr\u00e1\/\u010derven\u00e1 <strong>Vhodn\u00e9 pro d\u011bti:<\/strong>\u00a0ano. M\u00edj\u00edme brblaj\u00edc\u00ed \u201eLesoplundry-k\u016frovce\u201c nahlas tvrd\u00edc\u00ed, \u017ee by tyhle cyklisty v\u00a0lese zak\u00e1zali, a\u010d sami ka\u017edej jeden p\u0159ijel autem 4&#215;4 doprost\u0159ed lesa. Posledn\u00ed t\u0159etina trailu byla tak z\u00e1bavn\u00e1, a\u017e se Hrnec neve\u0161el do jednoho oblouku. Jirka Palec p\u0159itahovanej magnetismem ho n\u00e1sledoval. Zvedaj\u00edc\u00ed se zadn\u00ed kolo, u\u017eu\u017e hrozilo spustit hromadnej p\u00e1d. Jen tak tak m\u00edj\u00edm hrozbu. N\u011bkde za mnou Palec p\u0159edv\u00e1d\u00ed odpout\u00e1n\u00ed od bajku. N\u00e1\u0161lapy povolujou a par\u00e1dn\u00edm dr\u017ekotoulem miz\u00ed Ji\u0159\u00ed v\u00a0list\u00ed pod trailem. D\u00edky m\u011bk\u00fdmu p\u0159ist\u00e1n\u00ed se nikomu nic nestalo a d\u00f3le se shled\u00e1v\u00e1me cel\u00fd. Je \u010das ob\u011bda, tak\u017ee m\u00ed\u0159\u00edme do Kadlcova mlejna. Copak zav\u0159eno? Himl je tady svatba. No co se d\u00e1 d\u011blat. Naproti u bobovky, stoj\u00ed st\u00e1nek s\u00a0rychlou klob\u00e1skou, plechovkama p\u00edva a kofolou, j\u00edme teda tady. Vlasta vylep\u0161uje j\u00eddeln\u00ed\u010dek o zmrzku. Po<a href=\"http:\/\/www.slim2009.cz\/wordpress\/wp-content\/uploads\/2019\/07\/0100-2.jpg\" target=\"_blank\" rel=\"noopener noreferrer\"><img loading=\"lazy\" decoding=\"async\" class=\"alignright wp-image-4299\" src=\"http:\/\/www.slim2009.cz\/wordpress\/wp-content\/uploads\/2019\/07\/0100-2.jpg\" alt=\"\" width=\"350\" height=\"197\" \/><\/a> vydatn\u00fdm pojeden\u00ed a popit\u00ed odpo\u010d\u00edv\u00e1me p\u0159ed trailem \u010d.1. Okruh 1 &#8211; Prvn\u00ed \u010d\u00e1st vede do kopce a zpest\u0159\u00ed ji n\u011bkolik d\u0159ev\u011bn\u00fdch l\u00e1vek. Z kopce stezka nab\u00edr\u00e1 skv\u011blou &#8222;flow&#8220; mno\u017estv\u00edm klopen\u00fdch zat\u00e1\u010dek, kompresn\u00edch p\u0159ejezd\u016f erozn\u00edch r\u00fdh a men\u0161\u00edch skok\u016f. Jako v\u017edy na Singlekrasu ale plat\u00ed, \u017ee j\u00edzdu si u\u017eije ka\u017ed\u00fd od juniora po zku\u0161en\u00e9ho bikera. <strong>D\u00e9lka trasy:<\/strong>\u00a06 km <strong>Trasa:<\/strong>\u00a0Z\u00e1kladna Mari\u00e1nsk\u00e9 \u00fadol\u00ed \u2013 L\u00e1vky \u2013 U jezevce \u2013 Pod kapli\u010dkou \u2013 Z\u00e1kladna Mari\u00e1nsk\u00e9 \u00fadol\u00ed <strong>N\u00e1ro\u010dnost:<\/strong>\u00a0\u010derven\u00e1 <strong>Vhodn\u00e9 pro d\u011bti:<\/strong>\u00a0ano. Na za\u010d\u00e1tku u stoupac\u00edho trailu je cedule, \u017ee je od ledna do\u010dasn\u011b uzav\u0159en kv\u016fli k\u00e1cen\u00ed. P\u0159esto jedeme. Na n\u011bkolika m\u00edstech, obvykle v\u00a0klopence, je tra\u0165 zatarasen\u00e1 pok\u00e1cen\u00fdma stromama. Evidentn\u011b je to \u00famysl. Po sjet\u00ed 1n\u00ed\u010dky, je \u010das myslet na n\u00e1vrat, proto jedeme 1,5km dlouhou stoupac\u00ed asfaltkou k\u00a0za\u010d\u00e1tku trailu \u010d.2. U cedule se d\u011bl\u00edme na ty, co m\u016f\u017eou a ty co cht\u011bj\u00ed. Ti co cht\u011bj\u00ed, jedou na posledn\u00ed trail. Okruh 3 &#8211; Nejdynami\u010dt\u011bj\u0161\u00ed a z\u00e1rove\u0148 nejkrat\u0161\u00ed trasa v Mari\u00e1nsk\u00e9m \u00fadol\u00ed. Stejn\u00fdm stoup\u00e1kem jako na okruhu \u010d. 2 vyjedete k Hor\u00e1kovsk\u00e9 h\u00e1jence, kde za\u010d\u00edn\u00e1 p\u0159ev\u00e1\u017en\u011b klesaj\u00edc\u00ed stezka pln\u00e1 skok\u016f a zat\u00e1\u010dek. Pokud se ale na divokou j\u00edzdu nec\u00edt\u00edte, sta\u010d\u00ed zpomalit a trasu snadno zdol\u00e1te. <strong>D\u00e9lka trasy:<\/strong>\u00a06,5 km <strong>Trasa:<\/strong>\u00a0Z\u00e1kladna Mari\u00e1nsk\u00e9 \u00fadol\u00ed \u2013 Stoupac\u00ed cesta \u2013 Kas\u00e1rna \u2013 Nad Rakem <strong>N\u00e1ro\u010dnost:<\/strong>\u00a0\u010derven\u00e1\/\u010dern\u00e1 <strong>Vhodn\u00e9 pro d\u011bti:<\/strong>\u00a0pouze pro zdatn\u011bj\u0161\u00ed. Hrnec, Palec, Tom a Jirka jedou tu \u010dernou \u0161treku. N\u011bkde na jedn\u00fd lavici Ji\u0159\u00ed sk\u00e1\u010de a pad\u00e1. My co m\u016f\u017eeme, mezit\u00edm m\u00ed\u0159\u00edme po dvojce k\u00a0Mokersk\u00fd h\u00e1jovn\u011b. U z\u00e1vory \u010dek\u00e1me, a\u017e se chlapci vydov\u00e1d\u00ed ve trojce. Spole\u010dn\u011b obj\u00ed\u017ed\u00edme Mokerskou plo\u0161inu a kles\u00e1n\u00edm jedeme kolem Host\u011bnick\u00e9ho propad\u00e1n\u00ed do Host\u011bnic. Tady se pr\u00e1v\u011b kon\u00e1 n\u011bj\u00e1kej hudebn\u00ed minifes\u0165\u00e1k. Na vystoupen\u00ed se p\u0159ipravuje Kala\u0161nikov nebo Ratata, \u010di jak se kapela jmenuje. D\u00e1v\u00e1me si posiluj\u00edc\u00ed pivka, lim\u010du n\u011bkdo i gul\u00e1\u0161ek. Kapela za\u010d\u00edna d\u011blat zvukovou zkou\u0161ku, tak se bal\u00edme a jedem. Na kopci jedem zkratkou po \u010derven\u00fd kolem kaple svat\u00fd Anny. Za n\u00ed to bylo o zlom vaz k\u00a0serpent\u00fdn\u00e1m. N\u011bkolik odv\u00e1\u017elivc\u016f pokra\u010duje po \u010derven\u00fd dal\u0161\u00ed zkratkou do \u00fadol\u00ed do H\u00e1dku. Ostatn\u00ed jedeme serpent\u00fdnou dol\u016f. Z\u00a0H\u00e1dku n\u00e1s \u010dek\u00e1 4kil\u00e1ky stoup\u00e1n\u00ed Novodvorsk\u00fdm \u00fadol\u00edm. Z\u00a0Nov\u00fdho Dvora tentokr\u00e1t po zelen\u00fd pokra\u010dujeme rovn\u011b do B\u0159eziny. Na Bukovinu n\u00e1s do kopce \u017eene lehk\u00fd v\u00e1nek. Na n\u00e1vsi se d\u011bl\u00edme. N\u011bkolik se n\u00e1s vrac\u00ed tudy, kudy jsme jeli tam. Zbytek jede druhou stranou Proklestu a hup rovnou na \u010dernej trail. J\u00e1 se zdr\u017euju v\u00a0Blatin\u00e1ch poj\u00edd\u00e1n\u00edm v\u00fd\u017eivn\u00fd ty\u010dky, dlouh\u00fdm odpo\u010dinkem, pak teprve naj\u00ed\u017ed\u00edm do trailu Duchoslav. Beznad\u011bjn\u011b posledn\u00ed p\u0159ij\u00ed\u017ed\u00edm do trailcentra. M\u00e1me za sebou n\u011bj\u00e1k\u00fdch 60kil\u00e1k\u016f, p\u0159ed sebou sprchu, pozd\u011bjc n\u00e1v\u0161t\u011bvu Sufrbaru. Jak \u0159ekli, tak ud\u011blali. Vyspr\u0161en\u00fd, odch\u00e1z\u00edme vyplenit bar. Je tady hodn\u011b \u017eivo, mus\u00edme si teda posedat, kam se d\u00e1. Objedn\u00e1v\u00e1me si, co hrdlo r\u00e1\u010d\u00ed, p\u00edvo, v\u00edno, j\u00eddlo. Z\u00e1bava jede na pln\u00fd pecky, a\u017e do zav\u00edra\u010dky pozd\u011b ve\u010der. P\u0159i placen\u00ed n\u011bj\u00e1kej hladovec okousal kaktus i s\u00a0trnama, ale<a href=\"http:\/\/www.slim2009.cz\/wordpress\/wp-content\/uploads\/2019\/07\/0123-2.jpg\" target=\"_blank\" rel=\"noopener noreferrer\"><img loading=\"lazy\" decoding=\"async\" class=\"alignright wp-image-4301\" src=\"http:\/\/www.slim2009.cz\/wordpress\/wp-content\/uploads\/2019\/07\/0123-2.jpg\" alt=\"\" width=\"350\" height=\"197\" \/><\/a> jinak se nestalo nic v\u00e1\u017en\u00fdho. Jako \u0161l\u00e1ftru\u0148k d\u00e1v\u00e1me koks\u00e1k. Individueln\u011b si d\u00e1v\u00e1me je\u0161t\u011b n\u011bco. J\u00e1 si dal Australskej RUM. Ten rum kousal, jako kdy\u017e klokan kopne. Pokousanej a okopanej se n\u011bj\u00e1k dost\u00e1v\u00e1m na bar\u00e1k. Ve spole\u010dence z\u00e1bava pokra\u010duje do omrzen\u00ed. Upad\u00e1m do k\u00f3matu.<br \/>\nR\u00e1no je pon\u011bkud\u2026 Jedinci se za\u010d\u00ednaj balit, nebo se p\u0159ipravujou na posledn\u00ed vyj\u00ed\u017e\u010fku. N\u011bkte\u0159\u00ed zase pob\u00edhaj okolo rybn\u00edka. Z\u00a0t\u011b\u017ek\u00fdm srdcem a \u017ealudkem bal\u00edm, trochu sn\u00edd\u00e1m no a pak \u0161up do auta. Honza, kterej p\u0159ijel jako posledn\u00ed, si jede u\u017e\u00edt trail\u016f a s\u00a0n\u00edm jedou je\u0161t\u011b dal\u0161\u00ed neg\u0159i. J\u00edzda autem mi n\u011bj\u00e1k ned\u011bl\u00e1 dob\u0159e. Asi mi nesedla sn\u00eddan\u011b. Po t\u0159ech hodin\u00e1ch jsme doma u man\u017eelek a ob\u011bda.<br \/>\nByl to zase vyda\u0159enej vejlet, retro ubytov\u00e1n\u00ed bylo trochu v\u00edc retro, ne\u017e by bylo zdr\u00e1vo, ale na p\u0159esp\u00e1n\u00ed to sta\u010dilo. Voda tekla, va\u0159i\u010de a ledni\u010dka fugovaly co v\u00edc si p\u0159\u00e1t. Snad jen del\u0161\u00ed pobyt. \u010cus zase p\u0159\u00ed\u0161t\u011b.<\/p>\n<p>Fotky jsou <a href=\"http:\/\/www.slim2009.cz\/photo\/#\/shared_space\/folder\/8?_k=0ept5u\" target=\"_blank\" rel=\"noopener noreferrer\">tady.<\/a><br \/>\n( fotky jsou ob\u010das moje a zbytek je sta\u017eenej z WhatsApp od u\u017eivatel\u016f, kter\u00fd to tam dali )<\/p>\n","protected":false},"excerpt":{"rendered":"<p>P\u016fl roku pl\u00e1nov\u00e1n\u00ed, vymej\u0161len\u00ed, mejlov\u00e1n\u00ed, do toho nenad\u00e1l\u00e1 v\u00fdm\u011bna chalupy, v\u00fdb\u011br z\u00e1loh 500k\u00e1 a n\u011bkolik negr\u016f m\u016f\u017ee pojezdit traily v\u00a0Jedovnic\u00edch. Negerskej m\u00f3dn\u00ed dizajn\u00e9r Tom navrhnul a objednal nov\u00fd dr\u00e9zy, tak aby do odjezdu byly hotov\u00fd. Datum kon\u00e1n\u00ed bylo v\u011bdecky stanoveno &hellip; <a href=\"https:\/\/www.slim2009.cz\/wordpress\/archivalie\/archiv-crnci\/jedovnice-2019\/\">Cel\u00fd p\u0159\u00edsp\u011bvek <span class=\"meta-nav\">&rarr;<\/span><\/a><\/p>\n","protected":false},"author":1,"featured_media":0,"parent":5066,"menu_order":7,"comment_status":"closed","ping_status":"closed","template":"","meta":{"footnotes":""},"class_list":["post-4292","page","type-page","status-publish","hentry"],"_links":{"self":[{"href":"https:\/\/www.slim2009.cz\/wordpress\/wp-json\/wp\/v2\/pages\/4292","targetHints":{"allow":["GET"]}}],"collection":[{"href":"https:\/\/www.slim2009.cz\/wordpress\/wp-json\/wp\/v2\/pages"}],"about":[{"href":"https:\/\/www.slim2009.cz\/wordpress\/wp-json\/wp\/v2\/types\/page"}],"author":[{"embeddable":true,"href":"https:\/\/www.slim2009.cz\/wordpress\/wp-json\/wp\/v2\/users\/1"}],"replies":[{"embeddable":true,"href":"https:\/\/www.slim2009.cz\/wordpress\/wp-json\/wp\/v2\/comments?post=4292"}],"version-history":[{"count":1,"href":"https:\/\/www.slim2009.cz\/wordpress\/wp-json\/wp\/v2\/pages\/4292\/revisions"}],"predecessor-version":[{"id":6351,"href":"https:\/\/www.slim2009.cz\/wordpress\/wp-json\/wp\/v2\/pages\/4292\/revisions\/6351"}],"up":[{"embeddable":true,"href":"https:\/\/www.slim2009.cz\/wordpress\/wp-json\/wp\/v2\/pages\/5066"}],"wp:attachment":[{"href":"https:\/\/www.slim2009.cz\/wordpress\/wp-json\/wp\/v2\/media?parent=4292"}],"curies":[{"name":"wp","href":"https:\/\/api.w.org\/{rel}","templated":true}]}}