{"id":4267,"date":"2019-07-08T14:46:03","date_gmt":"2019-07-08T13:46:03","guid":{"rendered":"http:\/\/188.120.214.195\/?page_id=4267"},"modified":"2019-07-08T14:46:03","modified_gmt":"2019-07-08T13:46:03","slug":"ceskym-waldem-2019","status":"publish","type":"page","link":"https:\/\/www.slim2009.cz\/wordpress\/vandry-2\/ceskym-waldem-2019\/","title":{"rendered":"\u010cesk\u00fdm Waldem 2019"},"content":{"rendered":"<p>Vandr byl kv\u016fli kv\u011btnov\u00fdmu de\u0161tiv\u00fdmu po\u010das\u00ed odlo\u017een o 14dn\u00ed. M\u00edsto\u00a015t\u00fdho vyr\u00e1\u017e\u00edme 29.5.2019. I tak nen\u00ed p\u0159edpov\u011b\u010f p\u0159\u00edzniv\u00e1. St\u0159ede\u010dn\u00ed r\u00e1no nevypad\u00e1 zle. P\u0159i odjezdu autobusu z\u00a0Trutnova je sice zata\u017eeno, ale prozat\u00edm<a href=\"http:\/\/www.slim2009.cz\/wordpress\/wp-content\/uploads\/2019\/07\/IMG_3803-1-2.jpg\" target=\"_blank\" rel=\"noopener noreferrer\"><img loading=\"lazy\" decoding=\"async\" class=\"alignright wp-image-4274\" src=\"http:\/\/www.slim2009.cz\/wordpress\/wp-content\/uploads\/2019\/07\/IMG_3803-1-2.jpg\" alt=\"\" width=\"309\" height=\"206\" \/><\/a> nepr\u0161\u00ed. N\u011bkde u Pod\u011bbrad a p\u0159ed Prahou trochu sprchlo. Na \u010cern\u00fdm most\u011b p\u0159esed\u00e1m do \u201ekrtka\u201c a p\u0159ej\u00ed\u017ed\u00edm na Sm\u00edchovsk\u00fd n\u00e1dra\u017e\u00ed, kde se setk\u00e1v\u00e1m s\u00a0klanem V\u00e1lkov\u00fdch. Na n\u00e1stupi\u0161ti u\u017e \u010dekaj Jura s Jurou a\u00a0Pe\u0165ou. Petr s\u00a0n\u00e1mi jede na vandr zhruba po 20ti l\u00e9tech. Z\u00e1padn\u00ed Expres p\u0159ij\u00ed\u017ed\u00ed, my nastupujeme a obsazujeme \u010dty\u0159ku vlevo dole. Cesta k\u00a0Doma\u017elic\u00edm ub\u00edh\u00e1, dotoho semo tamo pr\u0161\u00e1nkuje, ale na\u0161t\u011bst\u00ed jen malinko a kr\u00e1tce. V\u00a0Doma\u017elic\u00edch p\u0159esed\u00e1me do \u0161ukaf\u00f3nu m\u00edstn\u00ed dr\u00e1hy a po p\u00e1r minut\u00e1ch vystupujeme v\u00a0Havlovic\u00edch. Jdeme ke zdej\u0161\u00ed\u00a0rarit\u011b, akvaduktu p\u0159es \u017eeleznici. U stavidla stoj\u00ed p\u0159\u00edst\u0159e\u0161ek s\u00a0de\u0161t\u011bm uvnit\u0159. A a\u010dkoliv venku nepr\u0161\u00ed, uvnit\u0159 je mokro a odkudsi n\u00e1m kape na karbid. Zast\u00e1vku vyu\u017e\u00edv\u00e1me k\u00a0poob\u011bdv\u00e1n\u00ed a k\u00a0oprav\u011b r\u00e1mu u N\u011bm\u00fdho b\u00e1glu. Oprava se zda\u0159ila, a\u017e na naprasklou jednu rouru, tak\u017ee i tak m\u016f\u017eeme za\u010d\u00edt polykat kil\u00e1ky. Jdeme pod\u00e9l n\u00e1honu Tepl\u00e9 Byst\u0159ice do Babyl\u00f3nu. Z\u00a0opa\u010dn\u00fd strany jedou cyklisti v\u00a0pl\u00e1\u0161t\u011bnk\u00e1ch, zdrav\u00edc\u00ed n\u00e1s \u010dus. Na sb\u011brn\u00fdm m\u00edst\u011b sb\u00edr\u00e1me s\u00edly, zat\u00edm co Petr si jde vyfotit pomn\u00edk z\u00a01. v\u00e1lky. Na to, odch\u00e1z\u00edme k\u00a0viklanu \u010cert\u016fv k\u00e1men. Ru\u010dn\u011b pohnout \u0161utr\u00e1kem moc ne\u0161lo, ale kdy\u017e si Petr vzal na pomoc <a href=\"http:\/\/www.slim2009.cz\/wordpress\/wp-content\/uploads\/2019\/07\/IMG_3790b-1-2.jpg\" target=\"_blank\" rel=\"noopener noreferrer\"><img loading=\"lazy\" decoding=\"async\" class=\"alignleft wp-image-4273\" src=\"http:\/\/www.slim2009.cz\/wordpress\/wp-content\/uploads\/2019\/07\/IMG_3790b-1-2.jpg\" alt=\"\" width=\"182\" height=\"324\" \/><\/a>Sama a posk\u00e1kali ho, p\u0159eci jenom se zaviklal. N\u00e1hon Byst\u0159ice celkem 7x podch\u00e1z\u00ed \u017eelezni\u010dn\u00ed tra\u0165, ale u dal\u0161\u00edch stavidel n\u00e1hon opou\u0161t\u00edme. Po dal\u0161\u00edch n\u011bkolika stech kroc\u00edch, zastavujeme k\u00a0odpo\u010dinku na slo\u017ei\u0161ti d\u0159eva. Pozorujeme jak ma\u0161inist obsluhuje podava\u010d kl\u00e1d, Petr po\u010d\u00edt\u00e1 letokruhy bukov\u00fd kl\u00e1dy, j\u00e1 fot\u00edm fl\u00f3ru. Po pokl\u00e1bosen\u00ed s\u00a0obsluhou stroje, miz\u00edme do \u010cesk\u00fd Kubice. Prvn\u00ed bar\u00e1k, kolem kter\u00fdho jdeme, je \u201ebordel\u00e1k\u201c u vlakov\u00fdho n\u00e1dra\u017e\u00ed. Proch\u00e1z\u00edme kolem do st\u0159edu obce. Obchod m\u00e1 zav\u0159eno, hospoda naopak. D\u00e1v\u00e1me limo, pivo a k\u00a0j\u00eddlu si d\u00e1v\u00e1me \u010devab\u010di\u010d\u00ed s\u00a0bramborem a ho\u0159ticej. Cv\u00edbl nedali. Najeden\u00ed odch\u00e1z\u00edme do \u010cesk\u00fdho lesa. Nejd\u0159\u00edv z\u00a0kopce pod Kubici, kde sp\u011b\u0161n\u011b p\u0159ech\u00e1z\u00edme frekventovanou silnici \u010d.26, potom stoup\u00e1me kolem Jubilejn\u00edho h\u00e1jku a dne\u0161n\u00ed pochod zakon\u010dujeme u boudy Zelen\u00e1 ch\u00fd\u0161e. Bouda na tomhle m\u00edst\u011b stoj\u00ed zhruba 100let. Na jednu noc si stav\u00edme p\u0159\u00edst\u0159e\u0161ek vedle mezi stromy. U boudy je narovnan\u00fd such\u00fd d\u0159\u00edv\u00ed, tak si zapalujeme ohe\u0148. Ti co maj\u00ed \u0161pek\u00e1\u010dky, si je opalujou nad ohn\u011bm. Va\u0159\u00edme \u010daj o 20c\u00e1t\u00e9. Po sesmrknut\u00ed zalejz\u00e1me do spac\u00e1k\u016f. Spole\u010dnejma silama \u0159e\u017eeme a\u017e do r\u00e1na.<br \/>\nVst\u00e1v\u00e1m n\u011bkdy p\u0159ed sedmou, zji\u0161\u0165uju, \u017ee v\u00a0noci padla rosa jako prase. Pouh\u00fdm pohledem a s trochou t\u0159\u00edsek obnovuju ho\u0159en\u00ed ohn\u011b, na kter\u00fdm si pozd\u011bjc d\u011bl\u00e1me sn\u00eddani. Ne\u017e si zabal\u00edme, slunce se prodalo skrze stromy, za\u010dalo vysu\u0161ovat namo\u010den\u00fd celty, a\u017e se ze strom\u016f kou\u0159ilo. Po vysu\u0161en\u00ed celt, odch\u00e1z\u00edme po \u017elut\u00fd k\u00a0\u010cesk\u00fd stud\u00e1nce. Ch\u00fd\u0161e je 650m\/n.mo\u0159em, Stud\u00e1nka 720m. Tady bysme si mohli zasp\u00edvat podle not, jenom\u017ee \u017e\u00e1dnej z\u00a0n\u00e1s ned\u00e1 z listu ani t\u00f3n. Bubl\u00e1me teda v\u00a0rytmu vody a mast\u00edme na vrchol \u010cerchov, neb to bude je\u0161t\u011b h\u00f3dn\u011b nah\u00f3ru. Ne\u017e vylezeme do 1024m\/n.m. potk\u00e1v\u00e1me n\u011bmeck\u00fd e-bajkery, jedouc\u00ed dolu. Na vrcholu stoj\u00ed zav\u0159en\u00e1 <a href=\"http:\/\/www.slim2009.cz\/wordpress\/wp-content\/uploads\/2019\/07\/IMG_3971-1-2.jpg\" target=\"_blank\" rel=\"noopener noreferrer\"><img loading=\"lazy\" decoding=\"async\" class=\"alignright wp-image-4275\" src=\"http:\/\/www.slim2009.cz\/wordpress\/wp-content\/uploads\/2019\/07\/IMG_3971-1-2.jpg\" alt=\"\" width=\"300\" height=\"200\" \/><\/a>rozhledna K\u010cT a budovy po voj\u00e1c\u00edch. V\u00a0jedn\u00fd z\u00a0nich je funk\u010dn\u00ed buf\u00e1\u010d. Vys\u00edlen\u00ed stoup\u00e1n\u00edm si d\u00e1v\u00e1me pol\u00edvku, lim\u010du a pivko. N\u011bmeck\u00fdch turist\u016f p\u0159ibejv\u00e1, zat\u00edm co n\u00e1s je tady hrstka. Plat\u00edme a jdeme to tady vomrknout. Vid\u011bt je akor\u00e1t do n\u011bmec, na na\u0161\u00ed stran\u011b jsou lesy. Na strom\u011b u vrcholov\u00fd triangulace, objevuje Sam motlitebn\u00ed praporky. P\u0159ivazuje Lungtu na triangula\u010dn\u00ed \u0161tangli, pron\u00e1\u0161\u00ed mantry, my jen douf\u00e1me, \u017ee jsou to dobr\u00fd mantry. Mantry, nemantry odch\u00e1z\u00edme po panelce dolu do Capartic. V\u00a0Capartic\u00edch, kousek od star\u00fd hospody se Petr odd\u011blil a jde hledat z\u0159\u00edcen\u00fd letadlo n\u011bkde na Bu\u010din\u011b. My ostatn\u00ed jdeme po \u010derven\u00fd Baarov\u011b cest\u011b k\u00a0S\u00e1dku. Za Caparticema sva\u010d\u00edme, abysme mohli plni sil vyl\u00e9zt na s\u00e1deckou vyhl\u00eddku. Bohu\u017eel je zarostl\u00e1, tak zase slejz\u00e1me ze skal pod sk\u00e1ly. Pod Haltravou se znova shled\u00e1v\u00e1me s\u00a0Petrem. Letadlo nikde nena\u0161el, dost mo\u017en\u00e1 spadlo na opa\u010dn\u00fd stran\u011b kopce. \u0160\u0165asn\u011b <a href=\"http:\/\/www.slim2009.cz\/wordpress\/wp-content\/uploads\/2019\/07\/IMG_4017c-1-2.gif\" target=\"_blank\" rel=\"noopener noreferrer\"><img loading=\"lazy\" decoding=\"async\" class=\"alignleft wp-image-4278\" src=\"http:\/\/www.slim2009.cz\/wordpress\/wp-content\/uploads\/2019\/07\/IMG_4017c-1-2.gif\" alt=\"\" width=\"302\" height=\"196\" \/><\/a>shledan\u00fd pokra\u010dujeme p\u0159es pralesovitou Haltravu a\u017e na \u0160karmanku. Dneska budeme sp\u00e1t ve vej\u0161ce 888m\/n.m. Sam nach\u00e1z\u00ed skryt\u00fd m\u00edsto mezi stromkama, kde stav\u00edme p\u0159\u00edst\u0159e\u0161ek. Vydatn\u011b ve\u010de\u0159\u00edme, zap\u00edj\u00edme to \u010dajem a je\u0161t\u011b za \u0161era le\u017e\u00edme ve spac\u00e1k\u00e1ch. Netrv\u00e1 dlouho a vyd\u00e1v\u00e1me sp\u00edc\u00ed zvuky.<br \/>\nR\u00e1no sn\u00edd\u00e1me, na lih\u00e1\u010d\u00edch va\u0159\u00edme \u010daj. Petr tah\u00e1 placatku a se Samem vypalujou \u010derva. J\u00e1 na tyhle vypalova\u010dky nejsem, rad\u0161i \u010daj \u010distej. Bal\u00edme si, sb\u00edr\u00e1me odpadky a odch\u00e1z\u00edme. Odpadky odkl\u00e1d\u00e1me k\u00a0televizi, kterou tady zanechali sov\u011bt\u0161t\u00ed rozv\u011bd\u010d\u00edci. Pod \u0160karmankou je vyhl\u00eddkov\u00fd m\u00edsto Velk\u00e1 sk\u00e1la, odkud je vid\u011bt a\u017e do Nemanic. Doch\u00e1z\u00ed n\u00e1m voda, tak si pro ni jdeme do bejval\u00fd vsi Nuzarov. Aort\u016fv pramen n\u00e1m poslou\u017eil hned dvakr\u00e1t. Nab\u00edr\u00e1me vodu na pit\u00ed a prov\u00e1d\u00edme o\u010distu zub\u016f, n\u011bkte\u0159\u00ed i t\u011bla. O\u010di\u0161t\u011bni jdem ke z\u0159\u00edcenin\u011b Star\u00fd Her\u0161tejn. N\u011bmej je v\u00a0r\u00e1\u017ei a v\u0161em n\u00e1m znovu nad\u011bluje minuty. Pod Her\u0161tejnem s\u00a0N\u011bm\u00fdm \u010dek\u00e1me na Sama s\u00a0Pe\u0165ou. M\u00edsto nich se p\u0159i\u0159\u00edt\u00ed pes a val\u00ed o\u010di na chleba, co ho zrovna N\u011bmej tl\u00e1sk\u00e1. P\u0159ichodiv\u0161\u00ed p\u00e1n\u00ed\u010dek, si p\u0159ivol\u00e1v\u00e1 \u0164apinu k\u00a0sob\u011b, ta neochotn\u011b odch\u00e1z\u00ed i s\u00a0I.P.Pavlovem. Rovn\u011b\u017e neochotn\u011b p\u0159ich\u00e1zej<a href=\"http:\/\/www.slim2009.cz\/wordpress\/wp-content\/uploads\/2019\/07\/IMG_4118-1-2.jpg\" target=\"_blank\" rel=\"noopener noreferrer\"><img loading=\"lazy\" decoding=\"async\" class=\"alignright wp-image-4281\" src=\"http:\/\/www.slim2009.cz\/wordpress\/wp-content\/uploads\/2019\/07\/IMG_4118-1-2.jpg\" alt=\"\" width=\"297\" height=\"198\" \/><\/a> V\u00e1lci. Spole\u010dn\u011b pak stoup\u00e1me ke hradu. Prohl\u00ed\u017e\u00edme si ruiny, ze kter\u00fdch je vid\u011bt a\u017e na Velk\u00fd zvon. N\u011bkde z\u00a0oblak se line hu\u010den\u00ed. Skrz mraky se zjevujou vojensk\u00fd vrtuln\u00edky m\u00ed\u0159\u00edc\u00ed do n\u011bmec. Krejeme se pod stromy a miz\u00edme pry\u010d z hradu. Sch\u00e1z\u00edme do bejval\u00fdch Her\u0161tejnsk\u00fdch chalup. Agr\u00e1rn\u00ed hromady signalizujou, \u017ee tady n\u011bkde st\u00e1ly. U cesty jsou i zbytky zd\u00ed a u Li\u0161\u010d\u00edch domk\u016f propadl\u00fd sklepy. Na k\u0159i\u017eovatce stoj\u00ed p\u0159\u00edst\u0159e\u0161ek, kde rozb\u00edj\u00edme pochodovej t\u00e1bor. Va\u0159\u00edme si tepl\u00fd j\u00eddlo k\u00a0ob\u011bdu. Pon\u011bkud se zatahuje, no a z\u00a0nebe vypadlo n\u011bkolik k\u00fdbl\u016f vody. Jsme po ob\u011bd\u011b je \u010das vyrazit do Pivon\u011b. P\u016fvodn\u00ed trasu p\u0159es Lysou horu opou\u0161t\u00edme. Rad\u0161i obejdeme vrchol pohodln\u011bj\u0161\u00ed cestou okolo. Ne\u017e se dost\u00e1v\u00e1me k\u00a0Pivoni, zase pr\u0161\u00ed a N\u011bmej je n\u011bkde v\u00a0d\u00e1li p\u0159ed n\u00e1ma. Pr\u0161et p\u0159est\u00e1v\u00e1 jen vylezeme z\u00a0lesa. U m\u00edstn\u00edho h\u0159bitova odkl\u00e1d\u00e1me b\u00e1gly. Sam a Pe\u0165a okukujou n\u00e1hrobky, N\u011bmej je n\u011bkde vp\u0159edu, asi. Od h\u0159bitova na dohled je Augustini\u00e1nskej kl\u00e1\u0161ter s\u00a0Kostelem Zv\u011bstov\u00e1n\u00ed Panny Marie. Kolem r. 1260 zde vybudovali augustini\u00e1ni kl\u00e1\u0161ter. R. 1420 \u010di 1421 byl zpusto\u0161en husity, r. 1595 obnoven, na\u010de\u017e byl v letech 1641 a 1648 vyplen\u011bn \u0160v\u00e9dy. V r. 1773 byl v dob\u011b josef\u00ednsk\u00fdch reforem zru\u0161en. Pot\u00e9 byl p\u0159estav\u011bn na z\u00e1mek a z chr\u00e1mu se stal farn\u00ed kostel. Tolik Seznam.cz Do kl\u00e1\u0161tera se d\u00e1 sice vl\u00edzt, ale propadl\u00fd shnil\u00fd podlahy znemo\u017e\u0148ujou <a href=\"http:\/\/www.slim2009.cz\/wordpress\/wp-content\/uploads\/2019\/07\/IMG_4172-1-2.jpg\" target=\"_blank\" rel=\"noopener noreferrer\"><img loading=\"lazy\" decoding=\"async\" class=\"alignleft wp-image-4283\" src=\"http:\/\/www.slim2009.cz\/wordpress\/wp-content\/uploads\/2019\/07\/IMG_4172-1-2.jpg\" alt=\"\" width=\"300\" height=\"200\" \/><\/a>prohl\u00eddku. Za zat\u00e1\u010dkou u rozcestn\u00edku na n\u00e1s \u010dek\u00e1 N\u011bmej. Spole\u010dn\u011b pokra\u010dujeme po zelen\u00fd zna\u010dce k\u00a0Post\u0159ekovu p\u0159es bejvalou obec Skl\u00e1\u0159e. Les\u00e1kama rozrajtovanou n\u00e1ves proch\u00e1z\u00edme v\u00a0kolej\u00edch po traktoru. N\u011bmej zase nab\u00edra 1. kosmickou. Ne\u017e se dostaneme na louku nad Skl\u00e1\u0159ema, je zase v\u00a0prachu. Zkratkou \u0161el p\u0159\u00edmo k\u00a0rozcest\u00ed Valt\u00ed\u0159ov. My jako star\u00fd voli jdeme po zna\u010dce okolo louky. Pe\u0165a chytil na louce ml\u00e1d\u011b Varana komodk\u00fdho a p\u0159in\u00e1\u0161\u00ed ho bl\u00ed\u017e k fo\u0165\u00e1ku. Hrozivej plaz p\u00f3zuje, ale hned jak se dofot\u00ed, bere \u010d\u00e1ru a schov\u00e1v\u00e1 se v\u00a0tr\u00e1v\u011b. Je\u0161t\u011b okukujeme noru v\u00a0bejval\u00fd p\u00edskovn\u011b. Pak jdeme za N\u011bm\u00fdm k\u00a0rozcestn\u00edku. Do dne\u0161n\u00edho c\u00edle to m\u00e1me u\u017e jenom 2,5kil\u00e1ku, p\u0159es Osl\u00ed ml\u00fdne\u010dek. Dne\u0161n\u00ed noc str\u00e1v\u00edme na osad\u011b Chosp\u00edl. Je tady d\u0159evo, voda, n\u00e1dob\u00ed a klid. Rozd\u011bl\u00e1v\u00e1me ohe\u0148, u p\u0159\u00edst\u0159e\u0161ku stav\u00edme p\u0159\u00edst\u0159e\u0161ek. Pe\u0165a dostal chu\u0165 na jedno, tak odch\u00e1z\u00ed na n\u011bkolik a pro informace do hospody U Hadam\u016f. Va\u0159\u00edme si j\u00eddlo, \u010daj a j\u00e1 vodu na koup\u00e1n\u00ed. P\u0159ed ulo\u017een\u00edm se do hajan prov\u00e1d\u00edm o\u010distnou sprch\u00e1\u017e v 1,5litru tepl\u00fd vody. Pe\u0165a se vrac\u00ed s\u00a0informac\u00ed, \u017ee osadn\u00edci jsou na n\u011bj\u00e1k\u00fdm koncert\u011b, tud\u00ed\u017e budeme na noc sami. Jdeme sp\u00e1t, r\u00e1no vst\u00e1v\u00e1me brzo.<br \/>\nPo probuzen\u00ed rychle bal\u00edme. \u00a0N\u011bco slupnout ke sn\u00eddani a hybaj na vlakov\u00fd n\u00e1dra\u017e\u00ed do Post\u0159ekova. Slunce sv\u00edt\u00ed, pt\u00e1ci kv\u00edlej. V\u00a0Post\u0159ekov\u011b je klid, v\u0161ichni vysp\u00e1vaj sobotn\u00ed r\u00e1no. I p\u0159ij\u00ed\u017ed\u011bj\u00edc\u00ed vlak jede ti\u0161e, aby sp\u00e1\u010de neprobudil.<a href=\"http:\/\/www.slim2009.cz\/wordpress\/wp-content\/uploads\/2019\/07\/IMG_4233-1-2.jpg\" target=\"_blank\" rel=\"noopener noreferrer\"><img loading=\"lazy\" decoding=\"async\" class=\"alignright wp-image-4285\" src=\"http:\/\/www.slim2009.cz\/wordpress\/wp-content\/uploads\/2019\/07\/IMG_4233-1-2.jpg\" alt=\"\" width=\"300\" height=\"200\" \/><\/a> Nastupujeme, pr\u016fvod\u010d\u00ed n\u00e1m prod\u00e1v\u00e1 j\u00edzdenky do Pr\u00e1glu. Z\u00a0ok\u00fdnka kouk\u00e1me na \u010cerchov mizej\u00edc\u00ed v\u00a0d\u00e1li. V\u00a0Doma\u017elic\u00edch p\u0159estupujeme do Expresu na Prahu. Obsazujeme m\u00edsta ve v\u00e1g\u00f3nu s\u00a0n\u011bmeckou pivn\u00ed v\u00fdpravou. Pr\u016fvod\u010d\u00ed n\u00e1s informuje, \u017ee na\u0161e m\u00edsta budou z\u00a0Plzn\u011b zadan\u00fd. Doj\u010dmajst\u0159i hul\u00e1kaj, a\u017e drn\u010dej okna, spolucestuj\u00edc\u00ed si st\u011b\u017eujou, pr\u016fvod\u010d\u00ed n\u011bkam vol\u00e1. V\u00a0Plzni je jasn\u00fd kam to bylo. V\u00e1g\u00f3n obestoupili MiB s\u00a0vl\u010d\u00e1kem. B\u011bhem chv\u00edle jsou opilci venku, p\u0159esto m\u00e1me 10minut sekeru. Zbytek cesty tr\u00e1v\u00edme na chodbi\u010dce s\u00a0kolama a dal\u0161\u00edma bezm\u00edstenkovcema. Na Sm\u00edchov\u011b se sp\u011b\u0161n\u011b lou\u010d\u00edm s\u00a0kmenem V\u00e1lk\u016f a krtkem se \u0159\u00edt\u00edm na \u010cer\u0148\u00e1k k\u00a0autobusu. St\u00edh\u00e1m ho, jen\u017ee fronta u jeho dve\u0159\u00ed d\u00e1v\u00e1 tu\u0161it, \u017ee bude fakt narv\u00e1no. Deset m\u00edst p\u0159ede mnou, \u0159idi\u010d vystrkuje hlavu ze dve\u0159\u00ed a oznamuje: \u201eU\u017e jen dva pasanti a m\u00e1m plno\u201c. Na dal\u0161\u00ed slova ne\u010dek\u00e1m, ot\u00e1\u010d\u00edm se a krtkem jedu na Wilzo\u0148\u00e1k stihnout vlak. V\u00a0kase si kupuju l\u00edstek i s\u00a0m\u00edstenkou, p\u00e1\u010d nehodl\u00e1m sed\u011bt celou cestu vedle hajzl\u00edku. Vyplatilo se! Vlak je taky nat\u0159\u00edsknutej, jen\u017ee j\u00e1 sed\u00edm. Radostn\u011b to sd\u011bluju do Vlaku na Brno. Odpov\u011b\u010f se ned\u00e1 publikovat a zn\u011bla n\u011bj\u00e1k takhle: \u201eSuper! Si to u\u017eij! My se furt st\u011bhujeme, korn\u016fto duo! Konec konverzace.\u201c Te\u010f vyrdr\u017eet a\u017e dom\u016f. Tak se skon\u010dil leto\u0161n\u00ed kv\u011btnovej vandr.<\/p>\n<p>Fotky jsou <a href=\"http:\/\/www.slim2009.cz\/photo\/#\/shared_space\/folder\/384?_k=jtmut1\" target=\"_blank\" rel=\"noopener noreferrer\">tady.<\/a> \u00a0\u00a0\u00a0\u00a0\u00a0\u00a0\u00a0\u00a0\u00a0\u00a0\u00a0\u00a0\u00a0\u00a0\u00a0\u00a0\u00a0\u00a0\u00a0\u00a0\u00a0\u00a0\u00a0\u00a0\u00a0\u00a0\u00a0\u00a0\u00a0\u00a0\u00a0\u00a0\u00a0\u00a0\u00a0\u00a0\u00a0 Itiner\u00e1\u0159 <a href=\"http:\/\/www.slim2009.cz\/Prilohy\/CeskymWaldem2019\/CeskymWaldem2019.pdf\" target=\"_blank\" rel=\"noopener noreferrer\">tady.<\/a><\/p>\n<p>Video <a href=\"http:\/\/www.slim2009.cz\/Prilohy\/Videa\/Waldem2019.mp4\" target=\"_blank\" rel=\"noopener noreferrer\">je zde.<\/a><\/p>\n","protected":false},"excerpt":{"rendered":"<p>Vandr byl kv\u016fli kv\u011btnov\u00fdmu de\u0161tiv\u00fdmu po\u010das\u00ed odlo\u017een o 14dn\u00ed. M\u00edsto\u00a015t\u00fdho vyr\u00e1\u017e\u00edme 29.5.2019. I tak nen\u00ed p\u0159edpov\u011b\u010f p\u0159\u00edzniv\u00e1. St\u0159ede\u010dn\u00ed r\u00e1no nevypad\u00e1 zle. P\u0159i odjezdu autobusu z\u00a0Trutnova je sice zata\u017eeno, ale prozat\u00edm nepr\u0161\u00ed. N\u011bkde u Pod\u011bbrad a p\u0159ed Prahou trochu sprchlo. Na &hellip; <a href=\"https:\/\/www.slim2009.cz\/wordpress\/vandry-2\/ceskym-waldem-2019\/\">Cel\u00fd p\u0159\u00edsp\u011bvek <span class=\"meta-nav\">&rarr;<\/span><\/a><\/p>\n","protected":false},"author":1,"featured_media":0,"parent":776,"menu_order":23,"comment_status":"closed","ping_status":"closed","template":"","meta":{"footnotes":""},"class_list":["post-4267","page","type-page","status-publish","hentry"],"_links":{"self":[{"href":"https:\/\/www.slim2009.cz\/wordpress\/wp-json\/wp\/v2\/pages\/4267","targetHints":{"allow":["GET"]}}],"collection":[{"href":"https:\/\/www.slim2009.cz\/wordpress\/wp-json\/wp\/v2\/pages"}],"about":[{"href":"https:\/\/www.slim2009.cz\/wordpress\/wp-json\/wp\/v2\/types\/page"}],"author":[{"embeddable":true,"href":"https:\/\/www.slim2009.cz\/wordpress\/wp-json\/wp\/v2\/users\/1"}],"replies":[{"embeddable":true,"href":"https:\/\/www.slim2009.cz\/wordpress\/wp-json\/wp\/v2\/comments?post=4267"}],"version-history":[{"count":0,"href":"https:\/\/www.slim2009.cz\/wordpress\/wp-json\/wp\/v2\/pages\/4267\/revisions"}],"up":[{"embeddable":true,"href":"https:\/\/www.slim2009.cz\/wordpress\/wp-json\/wp\/v2\/pages\/776"}],"wp:attachment":[{"href":"https:\/\/www.slim2009.cz\/wordpress\/wp-json\/wp\/v2\/media?parent=4267"}],"curies":[{"name":"wp","href":"https:\/\/api.w.org\/{rel}","templated":true}]}}