{"id":4172,"date":"2018-10-30T21:00:36","date_gmt":"2018-10-30T20:00:36","guid":{"rendered":"http:\/\/188.120.214.195\/?page_id=4172"},"modified":"2018-10-30T21:00:36","modified_gmt":"2018-10-30T20:00:36","slug":"dovolena-2018","status":"publish","type":"page","link":"https:\/\/www.slim2009.cz\/wordpress\/bulvar\/dovolena-2018\/","title":{"rendered":"Dovolen\u00e1 2018"},"content":{"rendered":"<p>Dovolen\u00e1 je v\u017edycky kr\u00e1tk\u00e1. Letos byla nejen krat\u0161\u00ed, ale odehr\u00e1la se v\u00a0pekeln\u00fdm horku. Egypt, Chorvatsko, \u0158ecko? \u00d3 nikoliv\u011bk! Sta\u010d\u00ed zajet do Medlova a grilova\u010dka i o p\u016flnoci m\u016f\u017ee za\u010d\u00edt. N\u00e1m za\u010dala v\u00a0ned\u011bli 19t\u00fdho srpna t\u00edm, \u017ee na m\u00edsto zadn\u00edch seda\u010dek se uvelebil m\u016fj rozlo\u017eenej bajk. Ostatn\u00ed blbiny, v\u010detn\u011b d\u00e1rku pro Tom\u00e1\u0161e se ve\u0161ly do kufru. Vyj\u00ed\u017ed\u00edme do rozp\u00e1len\u00fdho dne, tak\u017ee se klimo\u0161ka auta nezastavila, a\u017e do \u017d\u010f\u00e1ru, kde si d\u00e1v\u00e1me u pumpy bagetu. Po osv\u011b\u017een\u00ed chlazenou bagetou, pokra\u010dujeme na m\u00edsto ur\u010den\u00ed, Medlov \u201eHmyz\u00ed dome\u010dek.\u201c U nov\u00fdch vr\u00e1tek, n\u00e1s v\u00edtaj\u00ed<a href=\"http:\/\/www.slim2009.cz\/wordpress\/wp-content\/uploads\/2018\/10\/IMG_2710-2.jpg\" target=\"_blank\" rel=\"noopener\"><img loading=\"lazy\" decoding=\"async\" class=\"alignright wp-image-4174\" src=\"http:\/\/www.slim2009.cz\/wordpress\/wp-content\/uploads\/2018\/10\/IMG_2710-2.jpg\" alt=\"\" width=\"288\" height=\"192\" \/><\/a> Ver\u010da, Tom\u00e1\u0161 a d\u016fry Lara s\u00a0Ba\u0159enou. Zat\u00edm co v\u00a0Trutnov\u011b byl hic, v\u00a0Medlov\u011b je peklo. Po vybalen\u00ed se, jdeme obhl\u00eddnout okol\u00ed a vykoupat \u0161t\u011bkny v\u00a0m\u00edstn\u00edm veletoku Jihlava. Vykoupan\u00fd psiska m\u016f\u017eou mezi lidi, tak si n\u00e1s odv\u00e1d\u011bj do m\u00edstn\u00ed hospody. Od severu se sice zatahuje, ale hic nepolevuje. Used\u00e1me pod pergolu, d\u00e1v\u00e1me si pivko, objedn\u00e1v\u00e1me pizzu. Z\u00a0\u010dern\u00fdho mraku se spou\u0161t\u00ed letn\u00ed de\u0161t\u00ed\u010dek. Sice dopad\u00e1 na dla\u017ebu, jenom\u017ee se rovnou zase odpa\u0159uje. Od vedlej\u0161\u00edho stolu se ozejv\u00e1 hlahol a radost z\u00a0nenad\u00e1l\u00fdho de\u0161t\u00edku: \u201e Na Medlov pr\u0161\u00ed! To mus\u00edme zap\u00edt, hur\u00e1\u00e1\u00e1\u00e1.\u201c De\u0161t\u00edk netrval dlouho, stejn\u011b jako na\u0161e n\u00e1v\u0161t\u011bva hospody. Vrac\u00edme se na zahradu. Ve\u010der lehounce fouk\u00e1 hicung m\u00edrn\u011b polevuje. U\u017e nen\u00ed 34\u00b0C, ale jen 29. Jdeme sp\u00e1t, abysme nabrali s\u00edlu na zejt\u0159ek. Z\u00e1hy m\u011b probouz\u00ed hic. Je okolo jedn\u00fd. Jdu ven a leh\u00e1m si do leh\u00e1tka. \u010cum\u00edm do jasn\u00fdho nebe, ochlazuju se my\u0161lenkou na Antarktidu, Severn\u00ed ledovej oce\u00e1n nebo Nanuk. V\u016fbec to nepom\u00e1h\u00e1. Chladnu zhruba 1,5hodiny. Sem tam si bucnu. Ochlazenej odch\u00e1z\u00edm zp\u00e1tky do lo\u017enice, kde sp\u00edm do \u0161esti. Ren\u010da a v\u0161ecka d\u011bcka sp\u00ed, <a href=\"http:\/\/www.slim2009.cz\/wordpress\/wp-content\/uploads\/2018\/10\/IMG_2757-2.jpg\" target=\"_blank\" rel=\"noopener\"><img loading=\"lazy\" decoding=\"async\" class=\"alignleft wp-image-4175\" src=\"http:\/\/www.slim2009.cz\/wordpress\/wp-content\/uploads\/2018\/10\/IMG_2757-2.jpg\" alt=\"\" width=\"288\" height=\"192\" \/><\/a>jako kdy\u017e je do vody hod\u00ed celou noc. Jsem vstatej, venku to je\u0161t\u011b nepe\u010de, tak se stroj\u00edm do dr\u00e9zu a vyr\u00e1\u017e\u00edm na proj\u00ed\u017e\u010fku. Jedu proti proudu Jihlavy, do Doln\u00edch Kounic. Zastavuju se v\u00a0u kl\u00e1\u0161tera Rosa Coeli a potom vyj\u00ed\u017ed\u00edm strmou stezkou nad m\u011bsto ke kapli Sv. Anton\u00edna. Zp\u00e1tky se vrac\u00edm p\u0159es Veselou horu, Pad\u011blky, V\u00fdhon. M\u00edj\u00edm N\u011bm\u010di\u010dky a pol\u0148a\u010dkou se bl\u00ed\u017e\u00edm k\u00a0Medlovu. Za ho\u010fku jsem zase doma. V\u00a0dome\u010dku u\u017e se n\u011bco pomali\u010dku d\u011bje. Po sn\u00eddani se rozhodujeme, kam se vyd\u00e1me. Je pond\u011bl\u00ed, v\u011bt\u0161ina pam\u00e1tek m\u00e1 zav\u0159eno a proto jedeme do \u0160tatlu. V\u00a0Brn\u011b jdeme p\u0159es Va\u0148kovku, skrz hlav\u00e1k do Denisov\u00fdch sad\u016f a pokra\u010dujeme na \u0160pilberk a p\u0159es centrum m\u011bsta zp\u00e1tky k\u00a0n\u00e1dra\u017e\u00ed, kde si d\u00e1v\u00e1me ob\u011bd. Po ob\u011bd\u011b se s\u00a0Ren\u010dou vezeme \u201eP\u00e1ternosterem\u201c do prvn\u00edho patra Hlavn\u00ed posty a zase zp\u00e1tky do p\u0159\u00edzem\u00ed. Za n\u00e1dra\u017e\u00edm si d\u00e1v\u00e1me p\u011bkn\u011b hnusnou jogurtovou zmrzku a skrz Va\u0148kovku m\u00ed\u0159\u00edme k\u00a0autu, aby sme jeli zp\u00e1tky do Medlovsk\u00fdho pekla. Ve\u010der odj\u00ed\u017ed\u011bj\u00ed Ver\u010da s\u00a0Tomem k\u00a0m\u00f3\u0159i na jednodenn\u00ed koup\u00e1n\u00ed. Nech\u00e1vaj\u00ed n\u00e1s na pospas d\u016fr\u00e1m a hicu. Sp\u00e1t z\u016fst\u00e1v\u00e1m v\u00a0ob\u00fdv\u00e1ku. Pe\u0159inu si neberu, le\u017e\u00edm jen tak no\u010dn\u00ed ko\u0161ili. Stejn\u011b odch\u00e1z\u00edm ven na leh\u00e1tko vychladnout. Po p\u016flnoci se vrac\u00edm dovnit\u0159, abych se na otomanu dosma\u017eil do r\u016f\u017eova. Probouz\u00edm se \u010dasn\u011b. Lehce sn\u00edd\u00e1m a ne\u017e vyleze slunec vysoko, stroj\u00edm se do dresu. Ren\u010da m\u011b<a href=\"http:\/\/www.slim2009.cz\/wordpress\/wp-content\/uploads\/2018\/10\/IMG_2794-2.jpg\" target=\"_blank\" rel=\"noopener\"><img loading=\"lazy\" decoding=\"async\" class=\"alignright wp-image-4176\" src=\"http:\/\/www.slim2009.cz\/wordpress\/wp-content\/uploads\/2018\/10\/IMG_2794-2.jpg\" alt=\"\" width=\"288\" height=\"378\" \/><\/a> sp\u011b\u0161n\u011b vyprov\u00e1z\u00ed, jen\u017ee se j\u00ed do dosp\u00e1n\u00ed stav\u00ed bal\u00f3n, vis\u00edc\u00ed na nebi. Jakmile se ztratil za obzorem, lou\u010d\u00edme se. J\u00e1 vyj\u00ed\u017ed\u00edm a Ren\u010da se jde dospat, p\u0159ed opalovac\u00ed procedurou. Jedu p\u0159es Hru\u0161ovany do \u017didlochovic. Nad \u017didlochovicema se rozhl\u00ed\u017e\u00edm z\u00a0Ak\u00e1tov\u00fd rozhledny. Pod rozhlednou \u0159\u00e1dili z\u0159ejm\u011b uf\u00f3ni. Stopy jejich voz\u00edtka tomu nasv\u011bd\u010duj\u00ed. P\u00e1r metr\u016f jdou soub\u011b\u017en\u011b a najednou jsou rozjet\u00fd od sebe. Odj\u00ed\u017ed\u00edm d\u00e1l. Teplota je\u0161t\u011b ujde, asi to ale dlouho nevydr\u017e\u00ed. V\u00a0les\u00edku pod V\u00fdhonem prob\u00edh\u00e1 t\u011b\u017eba, mus\u00edm jet n\u011bkudy mimo modrou zna\u010dku. Mezi vinicema a sadama se dost\u00e1v\u00e1m na Svatojakubskou cestu. Skrze Nosislav proj\u00ed\u017ed\u00edm k\u00a0D2 kde nadj\u00ed\u017ed\u00edm d\u00e1lnici u Zele\u0148\u00e1ku. K\u0159epice obj\u00ed\u017ed\u00edm a prudk\u00fdm stoup\u00e1n\u00edm vyj\u00ed\u017ed\u00edm na Li\u0161\u010d\u00ed vrch, kde si d\u00e1v\u00e1m pauzi\u010dku a sva\u010dinku, ne\u017e se spust\u00edm ze \u017derot\u00ednsk\u00fdho kopce. Ve sjezdu p\u0159ehl\u00ed\u017e\u00edm odbo\u010dku na \u010dervenou zna\u010dku a po silnici se \u0159\u00edt\u00edm a\u017e do Kurd\u011bjova, tak\u017ee se mus\u00edm vyhrabat na kopec k\u00a0mandlo\u0148ov\u00fd stezce jinudy. U\u017e to p\u011bkn\u011b hicuje a u rozhledny jsem propocenej. Kolem rozhledny jsou mandlon\u011b, zrovna postupn\u011b dozr\u00e1vaj. P\u00e1r jich pod stromy sb\u00edr\u00e1m, pak se vylejz\u00e1m zchladit a rozhl\u00eddnout na rozhlednu. P\u0159\u00edjemn\u011b to fouk\u00e1, ale hlad m\u011b \u017eene do Hustope\u010d\u00ed pod kopcem, kde jak douf\u00e1m bude restaurace se zahr\u00e1dkou. Podj\u00ed\u017ed\u00edm D\u00e9-dvojku, za chv\u00edli jsem na n\u00e1m\u011bst\u00ed, ale tady se \u017e\u00e1dn\u00e1 hospoda nenach\u00e1z\u00ed. Bloud\u00edm ulicema, pt\u00e1m se domorodc\u016f na restauraci se zahr\u00e1dkou. Nic, a\u017e jeden, m\u011b pos\u00edl\u00e1 za n\u00e1m\u011bst\u00ed. Opravdu n\u011bco se r\u00fdsuje. Je to Pizzerie Esperienza. Lep\u0161\u00ed ne\u017e um\u0159\u00edt hlady. Po celkem dobr\u00fd placce, se vyd\u00e1v\u00e1m d\u00e1l. Vy\u0161lap\u00e1v\u00e1m na \u017debr\u00e1k, abych se za n\u00edm spustil vinicema do Popic. P\u00e1lava je na dohled za jezerem. J\u00e1 ot\u00e1\u010d\u00edm na Vranovice k\u00a0domovu. Je odpoledn\u00ed hic, co chv\u00edli zastavuju a odpo\u010d\u00edv\u00e1m. Nejd\u0159\u00edv ve Vranovic\u00edch u n\u00e1dra\u017e\u00ed, <a href=\"http:\/\/www.slim2009.cz\/wordpress\/wp-content\/uploads\/2018\/10\/IMG_20180821_110617-2.jpg\" target=\"_blank\" rel=\"noopener\"><img loading=\"lazy\" decoding=\"async\" class=\"alignleft wp-image-4182\" src=\"http:\/\/www.slim2009.cz\/wordpress\/wp-content\/uploads\/2018\/10\/IMG_20180821_110617-2.jpg\" alt=\"\" width=\"288\" height=\"162\" \/><\/a>kde se stala historicky prvn\u00ed vlakov\u00e1 sr\u00e1\u017eka ve st\u0159edn\u00ed europ\u011b. Z\u00a0Vranovic jedu skrz P\u0159ibice do pol\u00ed, kde znova ve st\u00ednu lesa odpo\u010d\u00edv\u00e1m. Poln\u00edma cestama se dost\u00e1v\u00e1m do Smol\u00edna a ikdy\u017e je to, u\u017e jen kousek od Medlova, zase odpo\u010d\u00edv\u00e1m. Na bar\u00e1k p\u0159ij\u00ed\u017ed\u00edm po skoro 63kil\u00e1k\u00e1ch vysu\u0161enej. Sprcha a odpo\u010dinek. V\u00a0noci sp\u00edm d\u00edky velk\u00fdmu teplu zase nevaln\u011b. O p\u016fl \u0161est\u00fd n\u00e1s bud\u00ed motor a po\u0161t\u011bk\u00e1vaj\u00edc\u00ed d\u016fry. P\u00e1n\u00ed\u010dkov\u00e9 se vrac\u00ed od m\u00f3\u0159e. Jdou si lehnou, zat\u00edm co j\u00e1, se o p\u00e1r p\u016flhodin d\u00fdl, jedu projet. Na 14ti kilometrovej rann\u00ed okruh jedu ke Smol\u00ednu. P\u0159ed n\u00edm odbo\u010duju a poln\u00edma cestama mezi kuku\u0159ic\u00ed, jedu k\u00a0Odrovic\u00edm, kolem Male\u0161ovic ke Krupa\u0159ovic\u00edm a pod\u00e9l Jihlavy zp\u00e1tky na bar\u00e1k. V\u00a0poledne jsou \u00fa\u010dastn\u00edci z\u00e1jezdu i Ren\u010da vyhajan\u00fd. Jedeme na vejlet do Rosic, kde nav\u0161t\u011bvujeme m\u00edstn\u00ed z\u00e1mek. Kupujeme si vstupenky a vy\u010dk\u00e1v\u00e1me na p\u0159\u00edchod pr\u016fvodkyn\u011b. P\u0159ich\u00e1z\u00ed bodr\u00e1, korpulentn\u00ed d\u00e1ma, kter\u00e1 n\u00e1m sd\u011bluje, \u017ee u\u017e toho m\u00e1 za celej den dost a d\u00e1 si \u010douda. Poku\u0159uj\u00edc c\u00edgo, n\u00e1m celkem snadno vnut\u00ed prohl\u00eddku dal\u0161\u00edho okruhu \u201ebunkru CO z\u00a0roku 65\u201c. Hodinu n\u00e1s prov\u00e1z\u00ed podzemn\u00edm labyrintem, vykl\u00e1d\u00e1 o smyslu stavby. V\u00a0jedn\u00fd m\u00edstnosti se Ren\u010da zamilovala (ov\u0161em jen platonicky) do uniformovan\u00fdho st\u00e1\u017eisty. Po\u017e\u00e1dala ho o spole\u010dnou fotku a bylo j\u00ed<a href=\"http:\/\/www.slim2009.cz\/wordpress\/wp-content\/uploads\/2018\/10\/IMG_2840-2.jpg\" target=\"_blank\" rel=\"noopener\"><img loading=\"lazy\" decoding=\"async\" class=\"alignright wp-image-4179\" src=\"http:\/\/www.slim2009.cz\/wordpress\/wp-content\/uploads\/2018\/10\/IMG_2840-2.jpg\" alt=\"\" width=\"288\" height=\"192\" \/><\/a> vyhov\u011bno. Uniforma prost\u011b furt t\u00e1hne J. Z\u00a0podzem\u00ed, n\u00e1s pr\u016fvodkyn\u011b vyvedla do z\u00e1meck\u00fdch komnat. Maj\u00ed jich tady celkem 21. Odpoledne ub\u011bhlo jako voda. Kousek od z\u00e1mku si d\u00e1v\u00e1me v\u00a0Restaurantu u Radnice pozdn\u00ed ob\u011bd. V\u00a0cukr\u00e1rn\u011b sladkou te\u010dku v\u00a0podob\u011b zmrzliny. Je\u0161t\u011b n\u011bco nakupujeme v\u00a0Lidlu a pak se vrac\u00edme dom\u016f znovu odpo\u010d\u00edvat. R\u00e1no po sn\u00eddani nakl\u00e1d\u00e1m kolo do auta. Chyst\u00e1me se nav\u0161t\u00edvit Mari\u00e1nsk\u00e9 \u00dadol\u00ed v\u00a0Brn\u011b. Je\u0161t\u011b ne\u017e vyj\u00ed\u017ed\u00edme, zap\u00edn\u00e1m si telefon, jenom\u017ee ne\u017e nab\u011bhne, strk\u00e1m si ho do kapsy. N\u011bj\u00e1k se stalo, \u017ee se samovoln\u011b napsal PIN 3x za sebou a SIMka se zablokovala. Bez odblokov\u00e1n\u00ed se nedalo nikam volat ani fotit. Odblokovac\u00ed PUK je n\u011bkde v\u00a0Trau\u010di, tak\u017ee z\u00a0tohohle dne nen\u00ed jedin\u00e1 fotka. Parkujeme na centr\u00e1ln\u00edm parkovi\u0161ti. Sestavuju bajk, lou\u010d\u00edm se a vyr\u00e1\u017e\u00edm v\u00a0pekeln\u00fdm vedru na traily. Jeden m\u00e1 14kil\u00e1k\u016f druhej cirka 5. Je v\u0161edn\u00ed den, hic, tak potk\u00e1v\u00e1m pouze jednoho ciklistu, kterej ale m\u00ed\u0159\u00ed n\u011bkam jinam. Jako prvn\u00ed jedu 14kil\u00e1kovej trail \u010d.2. Co chv\u00edli zastavuju. Trail nen\u00ed n\u00e1ro\u010dnej, ale to horko je stra\u0161n\u00fd. Druhej trasa je techni\u010dt\u011bj\u0161\u00ed a z\u00e1bavn\u011bj\u0161\u00ed, nebejt hicu, dal bych si ji je\u0161t\u011b jednou. Vejletn\u00edky nach\u00e1z\u00edm v\u00a0ob\u010derstven\u00ed Chata u borovic. Dop\u00edjej lim\u010du a p\u0159esunujeme se do Kadlcova mlejna na ob\u011bd. Jenom u\u017e nev\u00edm, jestli jsme si sjeli bobovou dr\u00e1hu p\u0159ed, a nebo po ob\u011bd\u011b. Po absolvov\u00e1n\u00ed atrakc\u00ed <a href=\"http:\/\/www.slim2009.cz\/wordpress\/wp-content\/uploads\/2018\/10\/IMG_2824o-2.jpg\" target=\"_blank\" rel=\"noopener\"><img loading=\"lazy\" decoding=\"async\" class=\"alignleft wp-image-4178\" src=\"http:\/\/www.slim2009.cz\/wordpress\/wp-content\/uploads\/2018\/10\/IMG_2824o-2.jpg\" alt=\"\" width=\"288\" height=\"89\" \/><\/a>jedeme koupit novou SIMku a pak dom\u016f odpo\u010d\u00edvat. S\u00a0novou SIMkou se dost\u00e1v\u00e1m do telefonu v\u00a0p\u0159\u00edpad\u011b nouze m\u016f\u017eu i telefonovat. Ve\u010der si grilujeme klob\u00e1sky, k\u00a0tomu pop\u00edj\u00edme Kr\u00e1koru a kl\u00e1bos\u00edme a\u017e do v\u00fdchodu m\u011bs\u00edce. Rozsv\u00edtila se hv\u011bzda \u201eNo\u010derka\u201c, tak se jdeme postupn\u011b odmastit do koupelny a sp\u00e1t. Zejtra je taky den. R\u00e1no sice vst\u00e1v\u00e1m \u010dasn\u011b, ale na kolo tentokr\u00e1t prd\u00edm. Pou\u0161t\u00edm debiliz\u00e1tor, sn\u00edd\u00e1m a z\u00edz\u00edm. I ostatn\u00ed vst\u00e1vaj d\u0159\u00edv, ne\u017e jindy. Ver\u010da s\u00a0Tomem, z\u016fstavaj dneska doma, aby p\u0159ipravili trachtraci, j\u00e1 s\u00a0Ren\u010dou miz\u00edme, ne\u017e dostaneme n\u011bj\u00e1kej \u00fakol, ale hlavn\u011b abysme nep\u0159ek\u00e1\u017eeli. Jedeme na hrad Veve\u0159\u00ed. Cestou se zastavujeme na Rozhledn\u011b Vlad\u00edm\u00edra Men\u0161\u00edka. Rozhl\u00ed\u017e\u00edme se do kola spole\u010dn\u011b s\u00a0ostatn\u00edma n\u00e1v\u0161t\u011bvn\u00edkama a vid\u00edme, krom jin\u00fdho, \u017ee nad elektr\u00e1rnou Dukovany je zata\u017eeno a pr\u0161\u00ed. Ve chv\u00edli, kdy\u017e u\u017e jsme zase d\u00f3le, se blejsklo a zahromovalo. V\u00a0tu chv\u00edli n\u011bkolik opozdilc\u016f vyjeklo a v\u00a0moment\u011b jsou z\u00a0v\u011b\u017ee u sv\u00fdch aut. Nased\u00e1me a odj\u00ed\u017ed\u00edme na Veve\u0159\u00ed. Spadlo p\u00e1r kapek, ale de\u0161ti uj\u00ed\u017ed\u00edme. I kdy\u017e cestu k hradu zn\u00e1m, p\u0159esto se n\u011bj\u00e1k stalo, \u017ee m\u00edj\u00edm odbo\u010dku a sm\u011ble pokra\u010duju na Brno. Nevad\u00ed na dal\u0161\u00ed odbo\u010dce to naprav\u00edm. Dal\u0161\u00ed odbo\u010dka byla a\u017e Veselka a p\u0159ece se nebudu ot\u00e1\u010det, vezmu to kolem okruhu GradPrix a pak se navedu rovnou k\u00a0hradu<a href=\"http:\/\/www.slim2009.cz\/wordpress\/wp-content\/uploads\/2018\/10\/IMG_2864_panorama-2.jpg\" target=\"_blank\" rel=\"noopener\"><img loading=\"lazy\" decoding=\"async\" class=\"aligncenter wp-image-4180\" src=\"http:\/\/www.slim2009.cz\/wordpress\/wp-content\/uploads\/2018\/10\/IMG_2864_panorama-2.jpg\" alt=\"\" width=\"774\" height=\"151\" \/><\/a> n\u00e9. Jejda! Znova \u0161patn\u011b odbo\u010duju. Ale co v\u0161echny cesty vedou na hrad, \u0159ekl by klasik. D\u00e9\u0161\u0165 n\u00e1s dohnal a opl\u00e1chl vydatn\u011b auto. \u0160t\u011bst\u00ed, \u017ee m\u00e1me auto se st\u0159echou. K\u00a0hradu se na konec dost\u00e1v\u00e1me. U vstupu n\u00e1m prod\u00e1vaj vtupenku ur\u010denou ke vstupu na n\u00e1dvo\u0159\u00ed. Tam je b\u00f3\u017e\u00ed dopu\u0161t\u011bn\u00ed. V\u0161ude jsou MPB a duchny, tak\u017ee zapad\u00e1me. M\u011bstsk\u00e1 Policie Brno, po\u0159\u00e1d\u00e1 pro d\u016fchodce kurz obrany p\u0159ed \u0161mejdama a tak se to tady duchnama jenom hem\u017e\u00ed. Stav\u00edme se do fronty na gul\u00e1\u0161, ale eMP\u010dka maj d\u016fchodce ozna\u010den\u00fd, tak\u017ee n\u00e1s vykazujou stranou. Te\u010f si v\u0161\u00edm\u00e1me, \u017ee ka\u017edej d\u016fchodce m\u00e1 p\u0159ip\u00edchnutou placku s\u00a0n\u00e1pisem: \u201eChce\u0161 do dr\u017eky? Zeptej se m\u011b jak!\u201c nebo n\u011bco podobn\u00fdho. Duchny jsou rychl\u00fd, tak se to blb\u011b \u010dte J. Hladov\u00fd si prolejz\u00e1me n\u00e1dvo\u0159\u00ed a cimbu\u0159\u00ed. Pak si jdeme koupi vtupenku do komnat hradu. Na\u0161e prohl\u00eddka bude a\u017e skoro za hodinu, tak si jdeme koupit n\u011bco zahn\u00e1n\u00ed hladu a \u017e\u00edzn\u011b. U st\u00e1nku si <a href=\"http:\/\/www.slim2009.cz\/wordpress\/wp-content\/uploads\/2018\/10\/IMG_2824l-2.jpg\" target=\"_blank\" rel=\"noopener\"><img loading=\"lazy\" decoding=\"async\" class=\"alignleft wp-image-4177\" src=\"http:\/\/www.slim2009.cz\/wordpress\/wp-content\/uploads\/2018\/10\/IMG_2824l-2.jpg\" alt=\"\" width=\"288\" height=\"171\" \/><\/a>kupujeme lango\u0161, brambor\u00e1k a kol\u010du. Brr ani jedno nen\u00ed moc dobr\u00fd. Nastal n\u00e1\u0161 \u010das prohl\u00eddky. Pr\u016fvodce n\u00e1m vykl\u00e1d\u00e1 o historii. Nap\u0159\u00edklad hrad nav\u0161t\u00edvil na pozv\u00e1n\u00ed majitele barona\u00a0<a href=\"https:\/\/cs.wikipedia.org\/wiki\/Mo%C5%99ic_Arnold_de_Forest\" target=\"_blank\" rel=\"noopener\">Mo\u0159ice Arnolda De Forest-Bischoffsheim<\/a>\u00a0t\u0159ikr\u00e1t tehdej\u0161\u00ed britsk\u00fd ministr obchodu\u00a0<a href=\"https:\/\/cs.wikipedia.org\/wiki\/Winston_Churchill\" target=\"_blank\" rel=\"noopener\">Winston Churchill<\/a>. On a\u00a0jeho man\u017eelka Clementine zde str\u00e1vili tak\u00e9 \u010d\u00e1st sv\u00e9 svatebn\u00ed cesty po Evrop\u011b v\u00a0roce\u00a01908. Taky vysv\u011btluje pro\u010d je hrad st\u00e1le \u010d\u00e1ste\u010dn\u011b zanedbanej. Je to z\u00a0d\u016fvodu toho, \u017ee vr\u00e1cenej St\u00e1tn\u00edmu Pam\u00e1tkov\u00fdmu \u00dastavu Brno, byl a\u017e po roce 1990. Do t\u00fd doby to byla od 50s\u00e1t\u00fdch let, dvace let lesnick\u00e1 \u0161kola a d\u00edky tomu se toho moc nedochovalo. V\u00a0sedmdes\u00e1t\u00fdch letech byl hrad ve spr\u00e1v\u011b VUT Brno. Tak\u017ee opravy za\u010daly a\u017e po roce 1999. Opraven\u00fd pokoje a s\u00e1ly, tak nejsou ani replikou, n\u00fdbr\u017e napodobeninou p\u016fvodn\u00edho stavu. Z\u00a0vybaven\u00ed se toho taky moc nedochovalo. Pot\u011b\u0161uj\u00edc\u00ed je, \u017ee klav\u00edr p\u016fvodn\u00ed je, a po n\u011bkolika desetilet\u00edch ho vr\u00e1tili d\u011bdicov\u00e9 majitel\u016f, kte\u0159\u00ed jej zakoupili po v\u00e1lce, kdy\u017e byl majetek rozprod\u00e1v\u00e1n. S\u00a0opravama hradu, budou m\u00edt pam\u00e1tk\u00e1\u0159i co d\u011blat je\u0161t\u011b f\u016fru rok\u016f. Po prohl\u00eddce interi\u00e9r\u016f si prohl\u00ed\u017e\u00edme v\u00fdstavu v\u011bnovanou Lucemburk\u016fm, zejm\u00e9na Karlu IV. Proch\u00e1z\u00edme si zbytek n\u00e1dvo\u0159\u00ed. V\u00a0zadu je je\u0161t\u011b expozice s\u00a0up\u00edrama, pro ty co se cht\u011bj b\u00e1t. Na hlavn\u00edm n\u00e1dvo\u0159\u00ed u\u017e ne\u0159\u00e1dej\u00ed d\u016fchodci a v\u00a0hradn\u00ed restauraci se uvolnilo. D\u00e1v\u00e1me si ob\u011bd, ve vinot\u00e9ce ochutn\u00e1v\u00e1me r\u016f\u017eov\u00fd v\u00edno. Ren\u010da si kupuje bur\u010d\u00e1k. Odj\u00ed\u017ed\u00edme do Medlova, kde vrchol\u00ed p\u0159ipravy na Tom\u00e1\u0161ovy narozeniny. P\u0159ij\u00ed\u017ed\u00ed rodina, bratr s\u00a0rodinou a rodi\u010de. P\u0159ich\u00e1z\u00ed i dlouho o\u010dek\u00e1vanej d\u00e9\u0161\u0165. Tom\u00e1\u0161 dost\u00e1v\u00e1 d\u00e1rky, kter\u00fd si okam\u017eit\u011b rozbaluje. Pak u\u017e hodujeme a spole\u010dn\u011b se vesel\u00edme. Jeliko\u017e v\u0161echno jednou kon\u010d\u00ed, tak kon\u010d\u00ed i na\u0161e dovolen\u00e1. V\u00a0sobotu se bal\u00edme a jedeme zp\u00e1tky dom\u016f do Trutnova. To si mlad\u00fd oddechli, \u017ee nez\u016fst\u00e1v\u00e1me na trvalo :-).<\/p>\n<p>Fotky jsou <a href=\"http:\/\/www.slim2009.cz\/photo\/#\/shared_space\/folder\/331?_k=1483gq\" target=\"_blank\" rel=\"noopener\">tady.<\/a><\/p>\n","protected":false},"excerpt":{"rendered":"<p>Dovolen\u00e1 je v\u017edycky kr\u00e1tk\u00e1. Letos byla nejen krat\u0161\u00ed, ale odehr\u00e1la se v\u00a0pekeln\u00fdm horku. Egypt, Chorvatsko, \u0158ecko? \u00d3 nikoliv\u011bk! Sta\u010d\u00ed zajet do Medlova a grilova\u010dka i o p\u016flnoci m\u016f\u017ee za\u010d\u00edt. N\u00e1m za\u010dala v\u00a0ned\u011bli 19t\u00fdho srpna t\u00edm, \u017ee na m\u00edsto zadn\u00edch seda\u010dek &hellip; <a href=\"https:\/\/www.slim2009.cz\/wordpress\/bulvar\/dovolena-2018\/\">Cel\u00fd p\u0159\u00edsp\u011bvek <span class=\"meta-nav\">&rarr;<\/span><\/a><\/p>\n","protected":false},"author":1,"featured_media":0,"parent":2168,"menu_order":15,"comment_status":"closed","ping_status":"closed","template":"","meta":{"footnotes":""},"class_list":["post-4172","page","type-page","status-publish","hentry"],"_links":{"self":[{"href":"https:\/\/www.slim2009.cz\/wordpress\/wp-json\/wp\/v2\/pages\/4172","targetHints":{"allow":["GET"]}}],"collection":[{"href":"https:\/\/www.slim2009.cz\/wordpress\/wp-json\/wp\/v2\/pages"}],"about":[{"href":"https:\/\/www.slim2009.cz\/wordpress\/wp-json\/wp\/v2\/types\/page"}],"author":[{"embeddable":true,"href":"https:\/\/www.slim2009.cz\/wordpress\/wp-json\/wp\/v2\/users\/1"}],"replies":[{"embeddable":true,"href":"https:\/\/www.slim2009.cz\/wordpress\/wp-json\/wp\/v2\/comments?post=4172"}],"version-history":[{"count":0,"href":"https:\/\/www.slim2009.cz\/wordpress\/wp-json\/wp\/v2\/pages\/4172\/revisions"}],"up":[{"embeddable":true,"href":"https:\/\/www.slim2009.cz\/wordpress\/wp-json\/wp\/v2\/pages\/2168"}],"wp:attachment":[{"href":"https:\/\/www.slim2009.cz\/wordpress\/wp-json\/wp\/v2\/media?parent=4172"}],"curies":[{"name":"wp","href":"https:\/\/api.w.org\/{rel}","templated":true}]}}