{"id":4138,"date":"2018-10-15T20:49:21","date_gmt":"2018-10-15T19:49:21","guid":{"rendered":"http:\/\/188.120.214.195\/?page_id=4138"},"modified":"2018-10-15T20:49:21","modified_gmt":"2018-10-15T19:49:21","slug":"rychleby-2018","status":"publish","type":"page","link":"https:\/\/www.slim2009.cz\/wordpress\/crnci\/rychleby-2018\/","title":{"rendered":"Rychleby 2018"},"content":{"rendered":"<p>Letn\u00ed sez\u00f3na bajkov\u00e1n\u00ed skon\u010dila a na jej\u00ed z\u00e1v\u011br se Negerstvo vydalo sjet Rychlebsk\u00fd Stezky. Martin vyvolal hlasova\u010dku<a href=\"http:\/\/www.slim2009.cz\/wordpress\/wp-content\/uploads\/2018\/10\/IMG_20180920_204000-2.jpg\" target=\"_blank\" rel=\"noopener noreferrer\"><img loading=\"lazy\" decoding=\"async\" class=\"alignright wp-image-4141\" src=\"http:\/\/www.slim2009.cz\/wordpress\/wp-content\/uploads\/2018\/10\/IMG_20180920_204000-2.jpg\" alt=\"\" width=\"308\" height=\"173\" \/><\/a> o term\u00ednu a na z\u00e1klad\u011b v\u00fdsledk\u016f, objednal od \u010dtvrtka 20.9. , do ned\u011ble 23.9., obl\u00edben\u00fd bydlen\u00ed v apartm\u00e1nu Kov\u00e1rna. P\u0159ihl\u00e1\u0161en\u00fdch bylo nakonec cel\u00fdch 11n\u00e1ct Negr\u016f. Jmenovit\u011b: Martin, Petr, Zdenda, Tom\u00e1\u0161, David0, David1, Pavel, Jirka, Jirka Jr., Luk\u00e1\u0161 a J\u00e1. A\u017e na Zden\u00e1nka, jsme se do \u010cern\u00fd Vody nakvart\u00fdrovali u\u017e ve \u010dtvrtek 20t\u00fdho z\u00e1\u0159\u00ed. Skupina ze Dvora Kr\u00e1lov\u00e9 a okol\u00ed p\u0159ijela natolik v\u010das, \u017ee dala \u010cernej potok a Vidnavu. Trutnovsk\u00e1 skupina odjezd pozdr\u017eela, tak\u017ee jsme dorazili a\u017e po nara\u017een\u00ed Kr\u00e1kory, za tot\u00e1ln\u00edho soumraku. Majitel\u00e9 bar\u00e1ku neust\u00e1le bydlen\u00ed vylep\u0161ujou. Horn\u00ed patro m\u00e1 ud\u011blanou terasu a na zahrad\u011b p\u0159ibyl osv\u011btlenej aquapark. Hrnec a Dejf n\u00e1m tak na uv\u00edtanou, ukazujou b\u00edlou velrybu. Po uv\u00edt\u00e1n\u00ed, vybalen\u00ed a ubytov\u00e1n\u00ed, si \u010depujeme pivsona. Martin je v tr\u00e9ninku, tak vyb\u00edh\u00e1 ulovit p\u00e1r kil\u00e1k\u016f. Jirkov\u00e9 smontovali gril, na jeho\u017e kou\u0159\u00edc\u00edm uhl\u00ed vykon\u00e1v\u00e1me ob\u0159ad se \u0161pekul\u00e1\u010dkama a klob\u00e1skama. Proto\u017ee u\u017e zase oslavuju narozeniny a tentokr\u00e1t 4c\u00e1tiny, vytahuju 12tilet\u00fdho Napoli\u00f3na, kter\u00fdho nech\u00e1v\u00e1m kolovat. Tentokr\u00e1t n\u00e1s nen\u00ed tolik, jako onehd\u00e1, proto je p\u0159\u00edzem\u00ed obsazeno Polskou v\u00fdpravou. David0 e\u0160 se\u0161el z nebesk\u00fdch v\u00fd\u0161in a polskou v\u00fdpravu p\u0159ivedl na pokec. Anglicko \u2013 \u010cesko \u2013 Polsk\u00e1 konverzace se rozeb\u011bhla, Napoli\u00f3n i pivo teklo proudem a\u017e do chv\u00edle, ne\u017e n\u00e1hle Pol\u00e1ci odpadli sp\u00e1t a my je kolem jedn\u00fd n\u00e1sledovali. R\u00e1no vst\u00e1v\u00e1m \u010dasn\u011b, n\u011bkolik osob s v\u00fdrazem kalon\u011b,<a href=\"http:\/\/www.slim2009.cz\/wordpress\/wp-content\/uploads\/2018\/10\/IMG_20180921_175222a-2.jpg\" target=\"_blank\" rel=\"noopener noreferrer\"><img loading=\"lazy\" decoding=\"async\" class=\"alignright wp-image-4142\" src=\"http:\/\/www.slim2009.cz\/wordpress\/wp-content\/uploads\/2018\/10\/IMG_20180921_175222a-2.jpg\" alt=\"\" width=\"206\" height=\"367\" \/><\/a> m\u011b kolem sedm\u00fd n\u00e1sleduje, na\u010de\u017e jdeme vyplenit obchody se sn\u00eddan\u00ed. Pek\u00e1rna a COOP nab\u00eddnul co mohl, jako jsou kol\u00e1\u010de, kef\u00edr, kafe, \u010daj i jin\u00fd cos\u00edtka. Najeden\u00fd, umyt\u00fd, vyzuben\u00fd, vys\u2026. vyr\u00e1\u017e\u00edme na stezky. Po skupink\u00e1ch stoup\u00e1me Wiessnerem pod Sokol\u00ed k Superflow. Po sjet\u00ed Flou\u010dka se setk\u00e1v\u00e1me na RS z\u00e1kladn\u011b. Dopl\u0148ujeme tekutiny, n\u011bkte\u0159\u00ed lehce sva\u010d\u00edme. N\u011bkolik Negr\u016f jede na trejl \u010cern\u00fd potok a Vidnavu. Ve Vidnav\u011b si Ji\u0159\u00ed z dlouh\u00fd chv\u00edle, prolejz\u00e1 vyrabovanou fabriku a taky vlakov\u00fd n\u00e1dra\u017e\u00ed, m\u011bn\u00edc\u00ed se na jakousi galerii. Tvrd\u00fd Negersk\u00fd j\u00e1dro se znova \u0161plh\u00e1 Wiessnerem pod Sokol\u00ed. Navzdory m\u00fdm proklamac\u00edm, ani letos Wiessnera nedok\u00e1\u017eu vyjet a tak tla\u010d\u00edm. Aspo\u0148 si mohli sp\u011bchavci odpo\u010dinout. V druh\u00fdm kole jedeme Biskupa, za kter\u00fdm je \u010derstv\u00e1 \u010den\u00e1 novinka Obelix. Jsou to p\u011bkn\u011b vymazlen\u00fd balvany, srovnan\u00fd do drs\u0148\u00e1ck\u00fd stezky. Martin s Tom\u00e1\u0161em se nerozpakujou a jedou. To\u017e kdy\u017e oni, tak j\u00e1 taky. Hopl\u00e1, \u0161upl\u00e1, dopr\u2026!??x@%, sakra, stoj\u00edm na vrcholu balvanu, \u010dum\u00edm do 2m hlubok\u00fd propasti a \u0148\u00e1k se nem\u016f\u017eu odhodlat to sjet. Slejz\u00e1m z bajku i z balvanu. Prd\u00edm v\u00e1m na to! Sem vyhr\u00e1l zdrav\u00ed v lot\u00e9rii?!! Potupn\u011b se lifruju zp\u00e1tky na cestu. S ostatn\u00edma vy\u010dk\u00e1v\u00e1m p\u0159\u00edjezdu M+T, pak se vrac\u00edme na trasu stezky Velryba. P\u0159ede mnou jedou kluci na hardech, kte\u0159\u00ed zastavujou na prudk\u00fdch kamen\u00fdch sjezdech. Jakmile zastav\u00ed, tak u\u017e se ani j\u00e1, na t\u011bch pru\u010f\u00e1k\u00e1ch nerozjedu, tak\u017ee konec Velryby je \u00fapln\u011b pas\u00e9. Ten, krom M+T ned\u00e1v\u00e1me, a\u017e na Hrnce, kterej n\u00e1m dneska ukazuje druhej kolokotoul, zakon\u010denej telemarkem s jahodovou polevou. R\u00e1no ud\u011blal p\u0159i v\u00fdjezdu Wiessnera prvn\u00ed a tady na sjezdu druhej. Sl\u00e1va! Jsme na cest\u011b, ale vyhr\u00e1no nem\u00e1me. Za cestou je zkratka na Tajemn\u00fd, kterou n\u00e1s n\u011bkolik taky sch\u00e1z\u00ed po sv\u00fdch. Kone\u010dn\u011b nased\u00e1me a jedeme. Tajemnej je p\u011bkn\u011b drsnej, \u0159ekl bych, \u017ee v\u00edc ne\u017e v roce 2012, kdy jsem ho jel poprv\u00e9 je\u0161t\u011b na hardtailu. V\u016fbec to kluk\u016fm na t\u011bch kostit\u0159asech nez\u00e1vid\u00edm. Na konci Tajemn\u00fdho, plynule navazuje Mramorovej a pak nov\u00e1 \u010d\u00e1st nazvan\u00e1 HupCuk, zakon\u010den\u00e1 cikcak polo\u017een\u00fdma kv\u00e1drama \u017euly. Sjezdy si pamatuju jako p\u0159\u00edjemnej rychlej sjezd k <a href=\"http:\/\/www.slim2009.cz\/wordpress\/wp-content\/uploads\/2018\/10\/IMG_20180922_105259-2.jpg\" target=\"_blank\" rel=\"noopener noreferrer\"><img loading=\"lazy\" decoding=\"async\" class=\"alignright wp-image-4143\" src=\"http:\/\/www.slim2009.cz\/wordpress\/wp-content\/uploads\/2018\/10\/IMG_20180922_105259-2.jpg\" alt=\"\" width=\"310\" height=\"174\" \/><\/a>Hradisku, ale te\u010f je to hardcore rozfl\u00e1kan\u00e1 stezka. Nev\u00edm jak ostatn\u00edm, ale m\u011b se obnovilo zran\u011bn\u00ed nazvan\u00fd \u201etenisov\u00fd loket\u201c. V m\u00fdm p\u0159\u00edpad\u011b je to \u201ebajkerk\u00fd loket\u201c. Je \u010das ob\u011bda, jedeme teda ke Ka\u0161t\u00e1nku. P\u0159ed vchodem je \u00e1\u010dko s pozv\u00e1n\u00edm do \u00fapln\u011b jin\u00fd restaurace. Mus\u00edme do Restaurantu \u010cern\u00e1 Voda p\u00e1\u010d z Ka\u0161t\u00e1nku je jen n\u00e1levna. Holt jedeme tam. Ka\u017edej si d\u00e1v\u00e1me co libo. N\u011bkdo jen pol\u00edvku, j\u00e1 si d\u00e1v\u00e1m pol\u00edvku a pln\u011bnou papriku s t\u011bstovinama. Po ob\u011bd\u011b jedou kluci \u010cernou Vodu. Jsem n\u011bj\u00e1kej padlej, tak se koupu a zalejz\u00e1m si bucnout na pokoj. Lukas pl\u00e1nuje no\u010dn\u00ed j\u00edzdu kolem potoka a nab\u00edj\u00ed baterku. Kdy\u017e se vyhrab\u00e1v\u00e1m z pelechu, jsou u\u017e kluci zp\u00e1tky. Ti prov\u00e1d\u011bj\u00ed hygienu, p\u0159\u00edpadn\u011b se r\u00e1chaj\u00ed v baz\u00e9nu, potom odch\u00e1z\u00edme do Rychlebsk\u00fd Ba\u0161ty. \u010cepujou tady Huh\u0148\u00e1ka a va\u0159ej r\u016fzn\u00fd ba\u0161ty, jako dan\u010d\u00ed gul\u00e1\u0161ek, ku\u0159ec\u00ed sm\u011bs s brambor\u00e1\u010dkama a tak podobn\u011b. U\u017e za malou chv\u00edli huh\u0148\u00e1me blahem. V 17:15 n\u00e1m apka WhatsApp sd\u011bluje, \u017ee posledn\u00ed Negr p\u0159ijel a pr\u00e1v\u011b jede Wales. O \u00bd hodiny pozd\u011bjc, Zdenda pos\u00edl\u00e1 dal\u0161\u00ed foto, kterak se hrabe pod pl\u00e1\u0161t\u011bm v du\u0161i a opravuje. Mezi t\u00edm furt Huh\u0148\u00e1me. Lukas k sob\u011b nikoho dal\u0161\u00edho nesehnal, p\u016fj\u010duje si druhou lucernu, nasazuje sluch\u00e1tka a po soumraku vyj\u00ed\u017ed\u00ed. My jeho po\u010d\u00edn\u00e1n\u00ed sledujeme pomoc\u00ed apky Endomondo a v klidku Ba\u0161ty si <a href=\"http:\/\/www.slim2009.cz\/wordpress\/wp-content\/uploads\/2018\/10\/IMG_20180922_153423-2.jpg\" target=\"_blank\" rel=\"noopener noreferrer\"><img loading=\"lazy\" decoding=\"async\" class=\"alignright wp-image-4144\" src=\"http:\/\/www.slim2009.cz\/wordpress\/wp-content\/uploads\/2018\/10\/IMG_20180922_153423-2.jpg\" alt=\"\" width=\"308\" height=\"231\" \/><\/a>Huh\u0148\u00e1me. Vrac\u00edme se na bar\u00e1k, kde u\u017e to zase jede. Gril je rozp\u00e1lenej, stejn\u011b jako David0 e\u0160, jen\u017e vytahuje Tullamorku a nech\u00e1v\u00e1 ji kolovat. Zdenda se vybaluje a zapojuje do kolektivn\u00edho d\u011bn\u00ed. Odn\u011bkud vyvstala pot\u0159eba vy\u0159e\u0161it Kalon\u00ed ot\u00e1zku, zab\u0159ed\u00e1v\u00e1me do t\u011b\u017ek\u00fdch teori\u00ed a paradigmat, ze kter\u00fdch se u\u017e nevyl\u00ed\u017eeme do konce turnusu. Do\u0161lo i na takov\u00fd finesy, jako kalo\u0148 v hudb\u011b. Intelektu\u00e1ln\u00ed debata spolu s al-koholem zp\u016fsobila, \u017ee prvn\u00ed jedinec 0 odpad\u00e1 u\u017e v osum. Lukas se vrac\u00ed z vyj\u00ed\u017e\u010fky a jeho p\u0159\u00edjezd ohla\u0161uje dun\u011bn\u00ed nad Kladskem, spolu s v\u011btry a sv\u011bteln\u00fdmi efekty, jako kdy\u017e p\u0159ist\u00e1v\u00e1 UFO. Z\u00e1bava znovu graduje, p\u0159esunujeme se dovnit\u0159 v o\u010dek\u00e1v\u00e1n\u00ed p\u0159ich\u00e1zej\u00edc\u00ed bou\u0159ky. Ta, se nakonec nedostavuje. Dal\u0161\u00ed kusy n\u00e1s postupn\u011b odpad\u00e1vaj\u00ed do postel\u00ed, ale sp\u00e1nkem hlahol nep\u0159ehlu\u0161\u00ed\u0161. Posledn\u00ed negr po p\u016flnoci odpadl, kde byl. Z\u00e1stupce vzd\u011blanosti usnul uprost\u0159ed slova a m\u00edstnosti. V\u016fkol se rozhostilo ticho, jenom d\u00e9\u0161\u0165 bubnoval do parapet\u016f. Kdyby jenom furt n\u011bkdo nep\u0159eru\u0161oval na\u0161e chr\u00e1p\u00e1n\u00ed, hlasit\u00fdm ccccc. V takov\u00fdm prost\u0159ed\u00ed se fakt ned\u00e1 sp\u00e1t. Brzo r\u00e1no za sv\u00edt\u00e1n\u00ed vst\u00e1v\u00e1m. Bloum\u00e1m po m\u00edstnostech, hled\u00e1m p\u016flitr. Hle tu je polopln\u00fd!. Va\u0159\u00edm si \u010daj do nalezen\u00fdho p\u016flitru, sn\u00edd\u00e1m. Sem tam vyleze n\u011bj\u00e1kej negr, aby zase zalezl. Kolem sedm\u00fd u\u017e je n\u00e1s vzh\u016fru v\u00edc. D\u011bl\u00e1me hygienyck\u00fd opat\u0159en\u00ed, mejeme si gezichty, zuby i jin\u00fd opot\u0159ebovan\u00fd \u010d\u00e1sti t\u011bla. Hem\u017een\u00ed je v pln\u00fdm proudu. Proto\u017ee jsem p\u0159ipravenej, vyr\u00e1\u017e\u00edm do Lipov\u00fd jako prvn\u00ed. Jedu vystoupat Wiessnerem pod Sokol\u00ed a po vrstevnici m\u00ed\u0159\u00edm k \u017dulov\u00fdmu vrchu. Pod Sokol\u00edm <a href=\"http:\/\/www.slim2009.cz\/wordpress\/wp-content\/uploads\/2018\/10\/IMG_20180922_161744-2.jpg\" target=\"_blank\" rel=\"noopener noreferrer\"><img loading=\"lazy\" decoding=\"async\" class=\"alignright wp-image-4145\" src=\"http:\/\/www.slim2009.cz\/wordpress\/wp-content\/uploads\/2018\/10\/IMG_20180922_161744-2.jpg\" alt=\"\" width=\"308\" height=\"173\" \/><\/a>vytahuju triko s dlouh\u00fdm ruk\u00e1vem, proto\u017ee no\u010dn\u00ed fronta p\u0159inesla d\u011bsn\u00fd ochlazen\u00ed. Ve st\u00ednu je asi tak 7\u00b0 a na slunci maxim\u00e1ln\u011b 13. Druh\u00e1 skupina Ji\u0159\u00ed, Ji\u0159\u00ed Jr. a David0 e\u0160, jedou po silnici P\u0159es \u017dulovou a V\u00e1pennou. Ostatn\u00ed jedou o n\u011bco pozd\u011bjc rovn\u011b\u017e Wiessnerem p\u0159es \u017dulovej vrch. Nikdo m\u011b nesjel, tak pokra\u010duju s\u00e1m k Pod Medv\u011bd\u00edm kamenem. Fot\u00edm poho\u0159\u00ed Prad\u011bdu a nemoha se nikoho do\u010dkat, spou\u0161t\u00edm se kolem Arno\u0161tova krmelce nad Pomezn\u00ed jesky\u0148. V d\u00e1lce vid\u00edm bajkera p\u0159ij\u00ed\u017ed\u011bj\u00edc\u00edho od V\u00e1penn\u00fd. Z bl\u00edzka je to Dejf, b\u011bduj\u00edc\u00ed nad negersk\u00fdm \u00fad\u011blem. Sm\u011bruju ho kolem fabriky na v\u00e1penec, kde \u00fap\u00ed nad dal\u0161\u00edm stoup\u00e1n\u00edm. Uklid\u0148uju ho, \u017ee v\u00edc u\u017e do kopce nepojede. Za fabrikou se cesta sva\u017euje a nep\u0159estane a\u017e do Lipov\u00fd. V Lipov\u00fd se spojujeme s Ji\u0159\u00edma a jedeme spole\u010dn\u011b ke Kanci, kam used\u00e1me na zahr\u00e1dce do sesl\u00ed, objedn\u00e1v\u00e1me si dr\u017ekovou pol\u00edvku a pit\u00ed. Po osv\u011b\u017een\u00ed z\u016fst\u00e1v\u00e1 Dejf sed\u011bt, nech\u00e1v\u00e1 si naTo\u010dit dal\u0161\u00ed tru\u0148k a my jedeme na To\u010d. Zbytek negerstva se mezit\u00edm proj\u00ed\u017ed\u00ed po lipovsk\u00fdch stezk\u00e1ch a osv\u011b\u017een\u00ed nech\u00e1v\u00e1j na potom. Obkrou\u017eil jsem t\u0159ikr\u00e1t To\u010d a jak se zd\u00e1, najednou jsem s\u00e1m. N\u011bkolik dlouh\u00fdch minut \u010dek\u00e1m u vjezdu na stezky, jestli n\u011bkdo nep\u0159ijede, ale nikdo se neukazuje. Sj\u00ed\u017ed\u00edm zp\u00e1tky ke Kanci a zji\u0161\u0165uju, \u017ee bajky jsou nap\u00e1skovan\u00fd na kulatin\u011b p\u0159i\u010dem\u017e negerstvo sed\u00ed uvnit\u0159. Used\u00e1m ke kolektivu na \u017eidli, <a href=\"http:\/\/www.slim2009.cz\/wordpress\/wp-content\/uploads\/2018\/10\/IMG-20180924-WA0002-2.jpg\" target=\"_blank\" rel=\"noopener noreferrer\"><img loading=\"lazy\" decoding=\"async\" class=\"alignright wp-image-4146\" src=\"http:\/\/www.slim2009.cz\/wordpress\/wp-content\/uploads\/2018\/10\/IMG-20180924-WA0002-2.jpg\" alt=\"\" width=\"308\" height=\"173\" \/><\/a>objedn\u00e1v\u00e1m si ob\u011bd. Kdy\u017e jsme v\u0161ichni najeden\u00fd, p\u0159in\u00e1\u0161\u00ed obsluha plnej t\u00e1cek s pan\u00e1kama zelen\u00fd. Digestiv zab\u00edr\u00e1. \u0160up a je tu dal\u0161\u00ed. Po t\u0159et\u00edm pan\u00e1ku vyr\u00e1\u017e\u00edme zp\u00e1tky do \u010cern\u00fd Vody. Ji\u0159\u00ed a Ji\u0159\u00ed junior jsou u\u017e d\u00e1vno pry\u010d, jeli se projet p\u0159es Jesen\u00edk, P\u00edse\u010dnou, Velk\u00e9 Kun\u011btice, Starou \u010cervenou Vodu a\u017e na z\u00e1kladnu v \u010cern\u00fd Vod\u011b. I my jedeme. Stoup\u00e1me kolem v\u00e1penky na Pomez\u00ed. Tady se odpojuje David0. Jede zp\u00e1tky p\u0159es V\u00e1penou a \u017dulovou. On jede vlevo z kopce, my vpravo do kopce kolem Arno\u0161tova krmelce k Jesen\u00edku. Na Ji\u017en\u00edch svaz\u00edch nad Jesen\u00edkem po\u0159izujeme spole\u010dn\u00fd foto p\u0159ed m\u00edstn\u00edm Stonehenge. Potom odj\u00ed\u017ed\u00edme ke Krajn\u00edku, kolem Lesn\u00edho domu a kolem potoku Lubina stoup\u00e1me pod Klen. P\u0159ij\u00ed\u017ed\u00edme tak k Superflow z druh\u00fd strany. Po focen\u00ed a odpo\u010dinku se spou\u0161t\u00edme flow\u010dkem dol\u016f. Prvn\u00ed sekci sj\u00ed\u017ed\u00edme spole\u010dn\u011b. Ov\u0161em od druh\u00fd se pole trh\u00e1. Do druh\u00fd sekce odj\u00ed\u017ed\u00edm posledn\u00ed. Postupn\u011b se propracov\u00e1v\u00e1m dop\u0159edu. P\u0159edj\u00ed\u017ed\u00edm a m\u00edj\u00edm odpo\u010d\u00edvaj\u00edc\u00ed bajkery. Nezastavuju, ale mezi dal\u0161\u00edma sekcema vyklep\u00e1v\u00e1m pazoury a furt mast\u00edm d\u00e1l. Je to par\u00e1da, klopenky, men\u0161\u00ed dropy sk\u00e1\u010du jako nic. Na konci p\u0159edposledn\u00ed sekce p\u0159edj\u00ed\u017ed\u00edm Hrnce. U Nov\u00fd \u010cerven\u00fd Vody na m\u011b hv\u00edzdnul, tak zvol\u0148uju a spole\u010dn\u011b jedeme posledn\u00ed sekci k Z\u00e1kladn\u011b RS. Podle Hrnce se sejdeme s Martinem a Tom\u00e1\u0161em v Ba\u0161t\u011b. Jedeme tam, ale nikde tady nejsou. Tom\u00e1\u0161 po\u0159izuje d\u011btem Rychlebsk\u00fd bajky na Z\u00e1kladn\u011b RS, tak se jdeme nejprve vyspr\u0161it a teprve potom se vrac\u00edme do Ba\u0161ty na ba\u0161tu a Huh\u0148\u00e1ky. Postupn\u011b p\u0159ich\u00e1zej\u00ed ostatn\u00ed neg\u0159i. David0 e\u0160 si se zelenou nedal pokoj ani tady. Je zima jako v ps\u00edrn\u011b, dlouho se nazdr\u017eujeme a jdeme na spole\u010denskou m\u00edstnost, sledovat TrailHuntera. Je\u0161t\u011b si pou\u0161t\u00edme Izera a Kalone z Indie. Pobaveni se jdeme ulo\u017eit ke sp\u00e1nku. Zejtra jedeme dom\u016f. R\u00e1no se v\u0161ichni bal\u00edme a rozj\u00ed\u017ed\u00edme k domov\u016fm. V\u0161ichni jsme cel\u00ed, tak to by n\u00e1s mohly man\u017eelky p\u0159\u00ed\u0161t\u011b zase n\u011bkam pustit. V p\u0159\u00ed\u0161t\u00edm roce se z\u0159ejm\u011b pod\u00edv\u00e1me na dal\u0161\u00ed traily. Nap\u0159\u00edklad v Mari\u00e1nsk\u00e9m \u00fadol\u00ed u Brna a v Jedovnici.<\/p>\n<p>Fotky jsou <a href=\"http:\/\/www.slim2009.cz\/photo\/#\/shared_space\/folder\/227?_k=unamql\" target=\"_blank\" rel=\"noopener noreferrer\">zde ( v\u010detn\u011b v\u0161ech negr\u016f )<\/a><\/p>\n","protected":false},"excerpt":{"rendered":"<p>Letn\u00ed sez\u00f3na bajkov\u00e1n\u00ed skon\u010dila a na jej\u00ed z\u00e1v\u011br se Negerstvo vydalo sjet Rychlebsk\u00fd Stezky. Martin vyvolal hlasova\u010dku o term\u00ednu a na z\u00e1klad\u011b v\u00fdsledk\u016f, objednal od \u010dtvrtka 20.9. , do ned\u011ble 23.9., obl\u00edben\u00fd bydlen\u00ed v apartm\u00e1nu Kov\u00e1rna. P\u0159ihl\u00e1\u0161en\u00fdch bylo nakonec cel\u00fdch &hellip; <a href=\"https:\/\/www.slim2009.cz\/wordpress\/crnci\/rychleby-2018\/\">Cel\u00fd p\u0159\u00edsp\u011bvek <span class=\"meta-nav\">&rarr;<\/span><\/a><\/p>\n","protected":false},"author":1,"featured_media":0,"parent":4493,"menu_order":5,"comment_status":"closed","ping_status":"closed","template":"","meta":{"footnotes":""},"class_list":["post-4138","page","type-page","status-publish","hentry"],"_links":{"self":[{"href":"https:\/\/www.slim2009.cz\/wordpress\/wp-json\/wp\/v2\/pages\/4138","targetHints":{"allow":["GET"]}}],"collection":[{"href":"https:\/\/www.slim2009.cz\/wordpress\/wp-json\/wp\/v2\/pages"}],"about":[{"href":"https:\/\/www.slim2009.cz\/wordpress\/wp-json\/wp\/v2\/types\/page"}],"author":[{"embeddable":true,"href":"https:\/\/www.slim2009.cz\/wordpress\/wp-json\/wp\/v2\/users\/1"}],"replies":[{"embeddable":true,"href":"https:\/\/www.slim2009.cz\/wordpress\/wp-json\/wp\/v2\/comments?post=4138"}],"version-history":[{"count":0,"href":"https:\/\/www.slim2009.cz\/wordpress\/wp-json\/wp\/v2\/pages\/4138\/revisions"}],"up":[{"embeddable":true,"href":"https:\/\/www.slim2009.cz\/wordpress\/wp-json\/wp\/v2\/pages\/4493"}],"wp:attachment":[{"href":"https:\/\/www.slim2009.cz\/wordpress\/wp-json\/wp\/v2\/media?parent=4138"}],"curies":[{"name":"wp","href":"https:\/\/api.w.org\/{rel}","templated":true}]}}