{"id":41,"date":"2009-03-12T11:25:15","date_gmt":"2009-03-12T10:25:15","guid":{"rendered":"http:\/\/www.skip.cz\/milan\/?page_id=41"},"modified":"2009-03-12T11:25:15","modified_gmt":"2009-03-12T10:25:15","slug":"rady-fotografum","status":"publish","type":"page","link":"https:\/\/www.slim2009.cz\/wordpress\/fotogalerie-4\/rady-fotografum\/","title":{"rendered":"Rady fotograf\u016fm"},"content":{"rendered":"<p><span style=\"color: #ff0000;\"><strong>1, Rychl\u00e9 p\u0159edm\u011bty, fo\u0165te rychle, nebo v\u00e1m zmiz\u00ed v nedohlednu!<\/strong><\/span><\/p>\n<p><span style=\"color: #ff0000;\"><strong>2, Nejl\u00edp se fot\u00ed n\u00e1dra\u017e\u00ed! Nehejb\u00e1 se a nemus\u00edte mu \u0159\u00edkat, aby se tv\u00e1\u0159ilo p\u0159\u00edjemn\u011b.<\/strong><\/span><\/p>\n<p><span style=\"color: #ff0000;\"><strong>3, Jestli\u017ee m\u00e1te hled\u00e1\u010dek, necvi\u010dte spartaki\u00e1du.<\/strong><\/span><\/p>\n<p><span style=\"color: #ff0000;\"><strong>4, Kdy\u017e u\u017e p\u0159edpa\u017eujete, bu\u010fte v\u017edy v \u010derven\u00fdch tren\u00fdrk\u00e1ch.<\/strong><\/span><\/p>\n<p><span style=\"color: #ff0000;\"><strong>5, Nestrkejte pazoury do objektivu. Pokaz\u00edte si zka\u017een\u00fd z\u00e1b\u011br.<\/strong><\/span><\/p>\n<p><span style=\"color: #ff0000;\"><strong>6, Majitel\u00e9 st\u0159eln\u00fdch zbran\u00ed a fotoapar\u00e1t\u016f, nesple\u0165te si spou\u0161t!<\/strong><\/span><\/p>\n<p><span style=\"color: #ff0000;\"><strong>7, Ne v\u0161echno se vejde do objektivu. Kladivo ANO. Buldoz\u00e9r Ne.<\/strong><\/span><\/p>\n<p><span style=\"color: #ff0000;\"><strong>\u00a0<\/strong><\/span><\/p>\n<p><span style=\"color: #ff0000;\"><strong>\u00a0<\/strong><\/span><\/p>\n<p><span style=\"color: #ff0000;\"><strong>\u00a0<\/strong><\/span><\/p>\n<p><span style=\"color: #ff0000;\"><strong>\u00a0<\/strong><\/span><\/p>\n<p><span style=\"color: #ff0000;\"><strong>\u00a0<\/strong><\/span><\/p>\n<p><span style=\"color: #ff0000;\"><strong>\u00a0<\/strong><\/span><\/p>\n<p><span style=\"color: #ff0000;\"><strong>\u00a0<\/strong><\/span><\/p>\n<p><span style=\"color: #ff0000;\"><strong>\u00a0<\/strong><\/span><\/p>\n<p><span style=\"color: #ff0000;\"><strong>\u00a0<\/strong><\/span><\/p>\n<p><span style=\"color: #ff0000;\"><strong>\u00a0<\/strong><\/span><\/p>\n<p><span style=\"color: #ff0000;\"><strong>\u00a0<\/strong><\/span><\/p>\n<p><span style=\"color: #ff0000;\"><strong>\u00a0<\/strong><\/span><\/p>\n<p>.<\/p>\n<p><span style=\"color: #ff0000;\"><strong>\u00a0<\/strong><\/span><\/p>\n<p><span style=\"color: #ff0000;\"><strong>\u00a0<\/strong><\/span><\/p>\n<p><span style=\"color: #ff0000;\"><strong>\u00a0<\/strong><\/span><\/p>\n<p><span style=\"color: #ff0000;\"><strong>\u00a0<\/strong><\/span><\/p>\n<p><span style=\"color: #ff0000;\"><strong>\u00a0<\/strong><\/span><\/p>\n<p><span style=\"color: #ff0000;\"><strong>\u00a0<\/strong><\/span><\/p>\n<p><span style=\"color: #ff0000;\"><strong>\u00a0<\/strong><\/span><\/p>\n<p><span style=\"color: #ff0000;\"><strong>\u00a0<\/strong><\/span><\/p>\n<p><span style=\"color: #ff0000;\"><strong>\u00a0<\/strong><\/span><\/p>\n<p><span style=\"color: #ff0000;\"><strong>\u00a0<\/strong><\/span><\/p>\n<p><span style=\"color: #ff0000;\"><strong>\u00a0<\/strong><\/span><\/p>\n<p><span style=\"color: #ff0000;\"><strong>\u00a0<\/strong><\/span><\/p>\n<p><span style=\"color: #ff0000;\"><strong>\u00a0<\/strong><\/span><\/p>\n","protected":false},"excerpt":{"rendered":"<p>1, Rychl\u00e9 p\u0159edm\u011bty, fo\u0165te rychle, nebo v\u00e1m zmiz\u00ed v nedohlednu! 2, Nejl\u00edp se fot\u00ed n\u00e1dra\u017e\u00ed! Nehejb\u00e1 se a nemus\u00edte mu \u0159\u00edkat, aby se tv\u00e1\u0159ilo p\u0159\u00edjemn\u011b. 3, Jestli\u017ee m\u00e1te hled\u00e1\u010dek, necvi\u010dte spartaki\u00e1du. 4, Kdy\u017e u\u017e p\u0159edpa\u017eujete, bu\u010fte v\u017edy v \u010derven\u00fdch tren\u00fdrk\u00e1ch. &hellip; <a href=\"https:\/\/www.slim2009.cz\/wordpress\/fotogalerie-4\/rady-fotografum\/\">Cel\u00fd p\u0159\u00edsp\u011bvek <span class=\"meta-nav\">&rarr;<\/span><\/a><\/p>\n","protected":false},"author":1,"featured_media":0,"parent":730,"menu_order":0,"comment_status":"closed","ping_status":"closed","template":"","meta":{"footnotes":""},"class_list":["post-41","page","type-page","status-publish","hentry"],"_links":{"self":[{"href":"https:\/\/www.slim2009.cz\/wordpress\/wp-json\/wp\/v2\/pages\/41","targetHints":{"allow":["GET"]}}],"collection":[{"href":"https:\/\/www.slim2009.cz\/wordpress\/wp-json\/wp\/v2\/pages"}],"about":[{"href":"https:\/\/www.slim2009.cz\/wordpress\/wp-json\/wp\/v2\/types\/page"}],"author":[{"embeddable":true,"href":"https:\/\/www.slim2009.cz\/wordpress\/wp-json\/wp\/v2\/users\/1"}],"replies":[{"embeddable":true,"href":"https:\/\/www.slim2009.cz\/wordpress\/wp-json\/wp\/v2\/comments?post=41"}],"version-history":[{"count":0,"href":"https:\/\/www.slim2009.cz\/wordpress\/wp-json\/wp\/v2\/pages\/41\/revisions"}],"up":[{"embeddable":true,"href":"https:\/\/www.slim2009.cz\/wordpress\/wp-json\/wp\/v2\/pages\/730"}],"wp:attachment":[{"href":"https:\/\/www.slim2009.cz\/wordpress\/wp-json\/wp\/v2\/media?parent=41"}],"curies":[{"name":"wp","href":"https:\/\/api.w.org\/{rel}","templated":true}]}}