{"id":4017,"date":"2018-03-29T21:16:56","date_gmt":"2018-03-29T20:16:56","guid":{"rendered":"http:\/\/188.120.214.195\/?page_id=4017"},"modified":"2018-03-29T21:16:56","modified_gmt":"2018-03-29T20:16:56","slug":"strasidelna-pohadka","status":"publish","type":"page","link":"https:\/\/www.slim2009.cz\/wordpress\/povidky-a-jine-blaboly\/strasidelna-pohadka\/","title":{"rendered":"Stra\u0161ideln\u00e1 poh\u00e1dka"},"content":{"rendered":"<p><a href=\"http:\/\/www.slim2009.cz\/wordpress\/wp-content\/uploads\/2018\/03\/hamr-3.jpg\" target=\"_blank\" rel=\"noopener\"><img loading=\"lazy\" decoding=\"async\" class=\"alignright wp-image-4018\" src=\"http:\/\/www.slim2009.cz\/wordpress\/wp-content\/uploads\/2018\/03\/hamr-3.jpg\" alt=\"\" width=\"385\" height=\"289\" \/><\/a>\u017dil byl, kdysi jeden kraj\u00e1nek. Toulal se sv\u011btem, sem tam, pro n\u011bkoho n\u011bco ud\u011blal, aby po n\u011bkolika dnech, \u0161el zase o kus d\u00e1l. Jednoho kr\u00e1sn\u00fdho podve\u010d\u00edra, vraceje se z\u00a0Pasova dom\u016f, zrovna kdy\u017e se schylovalo ke krupobit\u00ed, si kraj\u00e1nek\u00a0pov\u00edd\u00e1:\u201c To by cht\u011blo n\u011bj\u00e1k\u00fd dobr\u00fd ubytov\u00e1n\u00ed. Ne\u017e si sta\u010dil pomyslet, objevil se pod lesem Hamersk\u00fd potok a u n\u011bj festovnej bar\u00e1k. Z\u00a0bl\u00edzka zjistil, \u017ee je to hamr, se dv\u011bma kov\u00e1\u0159sk\u00fdma hlavama. Na z\u00e1pra\u017e\u00ed sed\u011bl d\u011bdek s\u00a0babkou a odpo\u010d\u00edvali po dni pln\u00fd d\u0159iny. Kraj\u00e1nek do\u0161el a\u017e k\u00a0nim, slu\u0161n\u011b pozdravil:\u201c Dobrej podve\u010d\u00edr, pant\u00e1to hamern\u00edku, dobrej podve\u010d\u00edr i V\u00e1m pa\u0148m\u00e1mo hamern\u00edkov\u00e1.\u201c Jsem kraj\u00e1nek K\u00e1ja a m\u00e1m takovou \u017e\u00edze\u0148, \u017ee bych se najed a \u0161el sp\u00e1t. Gl\u00fcck auf! Pozdravil po hav\u00ed\u0159sku hamern\u00edk. Podle pozdravu a tv\u00fdho dialektu, to vypad\u00e1, \u017ee jse\u0161 z\u00a0Krkono\u0161 vi\u010f! A tam \u017eijou dob\u0159\u00ed lid\u00e9, tak si sedni a vypr\u00e1v\u011bj. Jak si pant\u00e1to poznal, \u017ee jsem z\u00a0Krkono\u0161? \u00c1le, povid\u00e1 hamern\u00edk. J\u00e1 jsem p\u016fvodem z\u00a0Markou\u0161ovic, kde jsem\u00a0 f\u00e1ral na \u0161acht\u011b Ign\u00e1c. A kdy\u017e m\u011b p\u0159estal bavit ten \u010dernej chleba, vydal jsem se, jako ty do sv\u011bta. Jednoho dne se potkal, tadyhle s\u00a0Ton\u010dou u hamru a u\u017e tady hamern\u00edkujeme spolu dobr\u00fdch 30let. Vypr\u00e1v\u011bl je\u0161t\u011b K\u00e1jovi, \u017ee kdysi, kdy\u017e byl mlad\u0161\u00ed, cht\u011bl vybudovat v\u00a0Plzn\u00ed velikou kov\u00e1rnu. \u0160koda werku, povzdechl si, te\u010f u\u017e to na star\u00fd kolena nestihnu. Hodnou chv\u00edli si vypr\u00e1v\u011bli, jen\u017ee d\u00e9\u0161\u0165 a kroupy je zahnaly do seknice. Zap\u00e1lili sv\u00ed\u010dky, p\u00e1\u010d elektrika ani petrolejky je\u0161t\u011b tehd\u00e1 nebyly vynalezen\u00fd. Pa\u0148m\u00e1ma ud\u011blala n\u011bco k\u00a0ve\u010de\u0159i. Po n\u00ed se mistr hamern\u00edk dohodnul s\u00a0K\u00e1jou, za ve\u010de\u0159i a p\u0159esp\u00e1n\u00ed zaplat\u00ed prac\u00ed. Pom\u016f\u017ee s\u00a0opravou n\u00e1stroj\u016f, jako jsou vidle, kosy, rej\u010de a lopaty. Venku u\u017e byla tma tmouc\u00ed a r\u00e1no se brzo vst\u00e1v\u00e1, hajdy na kut\u011b. Hamern\u00edkov\u00e1 ustlala K\u00e1jovi ve vedlej\u0161\u00ed m\u00edstnosti, a jen tak na dobrou noc se ho zeptala, jestli se jako neboj\u00ed. K\u00e1ja odpov\u011bd\u011bl, \u017ee m\u00e1 pro strach ud\u011bl\u00e1no a vo co de? Pro\u010d by se m\u011bl b\u00e1t. No v\u0161ak uvid\u00ed\u0161 a \u0161la si taky ustlat. K\u00e1ja sfouknul sv\u00ed\u010dku, zachumlal se pod duchnua usnul. Asi tak okolo 1\/2noci, ho vzbudilo podivn\u00fd rachocen\u00ed a hihot\u00e1n\u00ed. Jakmile se \u00fapln\u011b probral, sly\u0161\u00ed: \u201e Kv\u00ed\u00ed\u00ed\u00ed\u00ed\u00ed\u00ed\u00ed\u00ed\u00edk \u2013 buch Hihihihi. Kv\u00ed\u00ed\u00ed\u00ed\u00ed\u00ed\u00ed\u00ed\u00ed\u00edk \u2013 buch Hihihihi. Kv\u00ed\u00ed\u00ed\u00ed\u00ed\u00ed\u00ed\u00ed\u00ed\u00edk \u2013 buch Hihihihi. K\u00e1ja \u0161\u00e1hnul po k\u0159esadle, aby zap\u00e1lil sv\u00ed\u010dku. Ne\u017e se mu to poda\u0159ilo, bylo zase ticho. Prohl\u00eddnul celej pokoj, ale nic podez\u0159el\u00fdho nena\u0161el, tak \u0161el sp\u00e1t. R\u00e1no to \u0159\u00edk\u00e1 hamern\u00edkov\u016fm a ti, jen pokr\u010dili rameny. Takhle je to u\u017e f\u016fru rok\u016f. Proto tady dlouho nikdo nevydr\u017e\u00ed a my si u\u017e zvykli. Po sn\u00eddani K\u00e1ja pom\u00e1hal hamern\u00edkovi, se\u010d mu s\u00edly sta\u010dily, a\u017e do ve\u010d\u00edra. Po ve\u010de\u0159i \u0159ekl sv\u00fdm zam\u011bstnavatel\u016fm, \u017ee mus\u00ed p\u0159ij\u00edt na kloub tomu stra\u0161en\u00ed, tak\u017ee z\u016fstane. Jak chce\u0161, op\u00e1\u010dili hamern\u00edkovic. Ve\u010d\u00edr si lehnul<a href=\"http:\/\/www.slim2009.cz\/wordpress\/wp-content\/uploads\/2018\/03\/zouvak-3.jpg\" target=\"_blank\" rel=\"noopener\"><img loading=\"lazy\" decoding=\"async\" class=\"alignright wp-image-4019\" src=\"http:\/\/www.slim2009.cz\/wordpress\/wp-content\/uploads\/2018\/03\/zouvak-3.jpg\" alt=\"\" width=\"184\" height=\"184\" \/><\/a> a \u010dekal, kdy to p\u0159ijde. Stejn\u011b jako v\u010dera o 1\/2noci, to zas za\u010dalo. Kv\u00ed\u00ed\u00ed\u00ed\u00ed\u00ed\u00ed\u00ed\u00ed\u00edk \u2013 buch Hihihihi. Kv\u00ed\u00ed\u00ed\u00ed\u00ed\u00ed\u00ed\u00ed\u00ed\u00edk \u2013 buch Hihihihi. Kv\u00ed\u00ed\u00ed\u00ed\u00ed\u00ed\u00ed\u00ed\u00ed\u00edk \u2013 buch Hihihihi. Ne\u017e rozsv\u00edtil sv\u00ed\u010dku, bylo zase pov\u0161em. Dal\u0161\u00ed den zase pom\u00e1hal, ale u\u017e se t\u011b\u0161il na noc. Tentokr\u00e1t nechal sv\u00ed\u010dku ho\u0159et, lehnul si a \u010dekal. Stejn\u011b jako ob\u011b noci p\u0159edt\u00edm, o 1\/2noci za\u010dalo Kv\u00ed\u00ed\u00ed\u00ed\u00ed\u00ed\u00ed\u00ed\u00ed\u00edk \u2013 buch Hihihihi. Kv\u00ed\u00ed\u00ed\u00ed\u00ed\u00ed\u00ed\u00ed\u00ed\u00edk \u2013 buch Hihihihi. Kv\u00ed\u00ed\u00ed\u00ed\u00ed\u00ed\u00ed\u00ed\u00ed\u00edk \u2013 buch Hihihihi. K\u00e1ja se pomalu nahnul p\u0159es pelest. Pod postel\u00ed uvid\u011bl zouv\u00e1k na boty. Na n\u011bm dv\u011b blechy, kterak se houpaj, jako na houpa\u010dce. D\u0159ev\u011bnej zouv\u00e1k d\u011blal kv\u00ed\u00ed\u00ed\u00ed\u00ed\u00ed\u00ed\u00ed\u00edk a pak buch jak dopadnul na podlahu a hihihihi se chichotaly blechy. Hned jak se K\u00e1ja vyspal, pov\u011bd\u011bl to Hamern\u00edkov\u00fdm. Trochu jim je\u0161t\u011b pomohl, ale pak se rozlou\u010dil a \u0161el zas sv\u011btem d\u00e1l. A to jekonec z\u00e1hady pokoje. Dobrou noc.<\/p>\n<p><a href=\"http:\/\/www.slim2009.cz\/photo\/#\/shared_space\/folder\/22?_k=3bgh4e\" target=\"_blank\" rel=\"noopener\">Dal\u0161\u00ed poh\u00e1dky z diafilm\u016f zde.<\/a><\/p>\n","protected":false},"excerpt":{"rendered":"<p>\u017dil byl, kdysi jeden kraj\u00e1nek. Toulal se sv\u011btem, sem tam, pro n\u011bkoho n\u011bco ud\u011blal, aby po n\u011bkolika dnech, \u0161el zase o kus d\u00e1l. Jednoho kr\u00e1sn\u00fdho podve\u010d\u00edra, vraceje se z\u00a0Pasova dom\u016f, zrovna kdy\u017e se schylovalo ke krupobit\u00ed, si kraj\u00e1nek\u00a0pov\u00edd\u00e1:\u201c To by &hellip; <a href=\"https:\/\/www.slim2009.cz\/wordpress\/povidky-a-jine-blaboly\/strasidelna-pohadka\/\">Cel\u00fd p\u0159\u00edsp\u011bvek <span class=\"meta-nav\">&rarr;<\/span><\/a><\/p>\n","protected":false},"author":1,"featured_media":0,"parent":1033,"menu_order":8,"comment_status":"closed","ping_status":"closed","template":"","meta":{"footnotes":""},"class_list":["post-4017","page","type-page","status-publish","hentry"],"_links":{"self":[{"href":"https:\/\/www.slim2009.cz\/wordpress\/wp-json\/wp\/v2\/pages\/4017","targetHints":{"allow":["GET"]}}],"collection":[{"href":"https:\/\/www.slim2009.cz\/wordpress\/wp-json\/wp\/v2\/pages"}],"about":[{"href":"https:\/\/www.slim2009.cz\/wordpress\/wp-json\/wp\/v2\/types\/page"}],"author":[{"embeddable":true,"href":"https:\/\/www.slim2009.cz\/wordpress\/wp-json\/wp\/v2\/users\/1"}],"replies":[{"embeddable":true,"href":"https:\/\/www.slim2009.cz\/wordpress\/wp-json\/wp\/v2\/comments?post=4017"}],"version-history":[{"count":0,"href":"https:\/\/www.slim2009.cz\/wordpress\/wp-json\/wp\/v2\/pages\/4017\/revisions"}],"up":[{"embeddable":true,"href":"https:\/\/www.slim2009.cz\/wordpress\/wp-json\/wp\/v2\/pages\/1033"}],"wp:attachment":[{"href":"https:\/\/www.slim2009.cz\/wordpress\/wp-json\/wp\/v2\/media?parent=4017"}],"curies":[{"name":"wp","href":"https:\/\/api.w.org\/{rel}","templated":true}]}}