{"id":3860,"date":"2018-02-09T20:43:04","date_gmt":"2018-02-09T19:43:04","guid":{"rendered":"http:\/\/188.120.214.195\/?page_id=3860"},"modified":"2018-02-09T20:43:04","modified_gmt":"2018-02-09T19:43:04","slug":"dovca-videa","status":"publish","type":"page","link":"https:\/\/www.slim2009.cz\/wordpress\/videa\/dovca-videa\/","title":{"rendered":"Dov\u010da videa"},"content":{"rendered":"<p><span style=\"color: #ff0000;\"><strong>Videa k p\u0159ehr\u00e1n\u00ed a sta\u017een\u00ed<a href=\"http:\/\/www.slim2009.cz\/wordpress\/wp-content\/uploads\/2018\/02\/IMG_0622-3.jpg\" target=\"_blank\" rel=\"noopener noreferrer\"><img loading=\"lazy\" decoding=\"async\" class=\"alignright wp-image-3983\" src=\"http:\/\/www.slim2009.cz\/wordpress\/wp-content\/uploads\/2018\/02\/IMG_0622-3.jpg\" alt=\"\" width=\"272\" height=\"141\" \/><\/a><\/strong><\/span><a href=\"http:\/\/www.slim2009.cz\/wordpress\/wp-content\/uploads\/2018\/02\/IMG_2111-3.jpg\" target=\"_blank\" rel=\"noopener noreferrer\"><img loading=\"lazy\" decoding=\"async\" class=\"alignright wp-image-3985\" src=\"http:\/\/www.slim2009.cz\/wordpress\/wp-content\/uploads\/2018\/02\/IMG_2111-3.jpg\" alt=\"\" width=\"213\" height=\"142\" \/><\/a><\/p>\n<hr \/>\n<p><a href=\"http:\/\/www.slim2009.cz\/Prilohy\/Videa\/Vanoce2001-2011.mp4\" target=\"_blank\" rel=\"noopener noreferrer\">V\u00e1noce 2001 a\u017e 2011<\/a><a href=\"http:\/\/www.slim2009.cz\/Prilohy\/Videa\/Babicka80.zip\" target=\"_blank\" rel=\"noopener noreferrer\"><br \/>\n<\/a><a href=\"http:\/\/www.slim2009.cz\/Prilohy\/Videa\/Vanoce2003.mp4\" target=\"_blank\" rel=\"noopener noreferrer\">V\u00e1noce 2003<\/a><a href=\"http:\/\/www.slim2009.cz\/Prilohy\/Videa\/Babicka80.mp4\" target=\"_blank\" rel=\"noopener noreferrer\"><br \/>\nBabi\u010dka 80let<\/a><a href=\"http:\/\/www.slim2009.cz\/Prilohy\/Videa\/Dovolena2013.mp4\" target=\"_blank\" rel=\"noopener noreferrer\"><br \/>\n<\/a><a href=\"http:\/\/www.slim2009.cz\/Prilohy\/Videa\/ZOO_DK_2003.mp4\" target=\"_blank\" rel=\"noopener noreferrer\">ZOO Dv\u016fr Kr\u00e1lov\u00e9 2003<\/a><a href=\"http:\/\/www.slim2009.cz\/Prilohy\/Videa\/Dovolena2013.mp4\" target=\"_blank\" rel=\"noopener noreferrer\"><br \/>\n<\/a><a href=\"http:\/\/www.slim2009.cz\/Prilohy\/Videa\/Dovolena2003.mp4\" target=\"_blank\" rel=\"noopener noreferrer\">Dovolen\u00e1 2003<\/a><br \/>\n<a href=\"http:\/\/www.slim2009.cz\/Prilohy\/Videa\/Dovolena2004.mp4\" target=\"_blank\" rel=\"noopener noreferrer\">Dovolen\u00e1 2004<\/a><br \/>\n<a href=\"http:\/\/www.slim2009.cz\/Prilohy\/Videa\/Dovolena2005.mp4\" target=\"_blank\" rel=\"noopener noreferrer\">Dovolen\u00e1 2005<\/a><br \/>\n<a href=\"http:\/\/www.slim2009.cz\/Prilohy\/Videa\/Dovolena2006.mp4\" target=\"_blank\" rel=\"noopener noreferrer\">Dovolen\u00e1 2006<\/a><br \/>\n<a href=\"http:\/\/www.slim2009.cz\/Prilohy\/Videa\/Dovolena2008.mp4\" target=\"_blank\" rel=\"noopener noreferrer\">Dovolen\u00e1 2008<\/a><br \/>\n<a href=\"http:\/\/www.slim2009.cz\/Prilohy\/Videa\/Dovolena2010.mp4\" target=\"_blank\" rel=\"noopener noreferrer\">Dovolen\u00e1 2010<\/a><img loading=\"lazy\" decoding=\"async\" class=\"alignright wp-image-3988\" src=\"http:\/\/www.slim2009.cz\/wordpress\/wp-content\/uploads\/2018\/02\/IMG_5913-3.jpg\" alt=\"\" width=\"274\" height=\"154\" \/><a href=\"http:\/\/www.slim2009.cz\/wordpress\/wp-content\/uploads\/2018\/02\/P1000596-3.jpg\" target=\"_blank\" rel=\"noopener noreferrer\"><img loading=\"lazy\" decoding=\"async\" class=\"alignright wp-image-3994\" src=\"http:\/\/www.slim2009.cz\/wordpress\/wp-content\/uploads\/2018\/02\/P1000596-3.jpg\" alt=\"\" width=\"205\" height=\"154\" \/><\/a><br \/>\n<a href=\"http:\/\/www.slim2009.cz\/Prilohy\/Videa\/Dovolena2012.mp4\" target=\"_blank\" rel=\"noopener noreferrer\">Dovolen\u00e1 2012<\/a>\u00a0+ <a href=\"http:\/\/www.slim2009.cz\/Prilohy\/Videa\/AtelierSeidel.mp4\" target=\"_blank\" rel=\"noopener noreferrer\">Fotoatelier Seidel<\/a><a href=\"http:\/\/www.slim2009.cz\/Prilohy\/Videa\/Dovolena2013.mp4\" target=\"_blank\" rel=\"noopener noreferrer\"><br \/>\nDovolen\u00e1 2013<\/a><br \/>\n<a href=\"http:\/\/www.slim2009.cz\/Prilohy\/Videa\/Dovolena2014.mp4\" target=\"_blank\" rel=\"noopener noreferrer\">Dovolen\u00e1 2014<\/a><br \/>\n<a href=\"http:\/\/www.slim2009.cz\/Prilohy\/Videa\/Dovolena2015.mp4\" target=\"_blank\" rel=\"noopener noreferrer\">Dovolen\u00e1 2015<\/a><br \/>\n<a href=\"http:\/\/www.slim2009.cz\/Prilohy\/Videa\/Dovolena2016.mp4\" target=\"_blank\" rel=\"noopener noreferrer\">Dovolen\u00e1 2016<\/a><br \/>\n<a href=\"http:\/\/www.slim2009.cz\/Prilohy\/Videa\/HrubaSkala2016.mp4\" target=\"_blank\" rel=\"noopener noreferrer\">Trosky pod Troskama\u00a02016<\/a><br \/>\n<a href=\"http:\/\/www.slim2009.cz\/Prilohy\/Videa\/Let2016.mp4\" target=\"_blank\" rel=\"noopener noreferrer\">Narozeninov\u00fd let 2016<\/a><br \/>\n<a href=\"http:\/\/www.slim2009.cz\/Prilohy\/Videa\/PrachoSkaly2016.mp4\" target=\"_blank\" rel=\"noopener noreferrer\">Prachovsk\u00e9 sk\u00e1ly 2016<\/a><br \/>\n<a href=\"http:\/\/www.slim2009.cz\/Prilohy\/Videa\/MartiniceRokytnice2004.mp4\" target=\"_blank\" rel=\"noopener noreferrer\">Martinice-Rokytnice 105Let 2004<\/a><br \/>\n<a href=\"http:\/\/www.slim2009.cz\/Prilohy\/Videa\/Luzna2004.mp4\" target=\"_blank\" rel=\"noopener noreferrer\">Muzeum Lu\u017en\u00e1 2004<\/a><br \/>\n<a href=\"http:\/\/www.slim2009.cz\/Prilohy\/Videa\/Luzna-UdolskaPout2005.mp4\" target=\"_blank\" rel=\"noopener noreferrer\">Muzeum Lu\u017en\u00e1 + \u00dadolsk\u00e1 pou\u0165 2005<\/a><a href=\"http:\/\/www.slim2009.cz\/wordpress\/wp-content\/uploads\/2018\/02\/IMG_5670-3.jpg\" target=\"_blank\" rel=\"noopener noreferrer\"><img loading=\"lazy\" decoding=\"async\" class=\"alignright wp-image-3987\" src=\"http:\/\/www.slim2009.cz\/wordpress\/wp-content\/uploads\/2018\/02\/IMG_5670-3.jpg\" alt=\"\" width=\"502\" height=\"164\" \/><\/a><br \/>\n<a href=\"http:\/\/www.slim2009.cz\/Prilohy\/Videa\/Mitkov2005.mp4\" target=\"_blank\" rel=\"noopener noreferrer\">Vod\u00e1ck\u00e1 akce M\u00edtkov (Skip) 2005<\/a><br \/>\n<a href=\"http:\/\/www.slim2009.cz\/Prilohy\/Videa\/Pecka2006.mp4\" target=\"_blank\" rel=\"noopener noreferrer\">V\u00fdlet na Pecku 2006<\/a><a href=\"http:\/\/www.slim2009.cz\/Prilohy\/Videa\/Luzna2007.mp4\" target=\"_blank\" rel=\"noopener noreferrer\"><br \/>\nMuzeum Lu\u017en\u00e1 2007<\/a><br \/>\n<a href=\"http:\/\/www.slim2009.cz\/Prilohy\/Videa\/Rocenka_2008_2009no1.mp4\" target=\"_blank\" rel=\"noopener noreferrer\">Ro\u010denka 2008 &#8211; 2009 d\u00edl 1<\/a>.<br \/>\n<a href=\"http:\/\/www.slim2009.cz\/Prilohy\/Videa\/Rocenka_2008_2009no2.mp4\" target=\"_blank\" rel=\"noopener noreferrer\">Ro\u010denka 2008 &#8211; 2009 d\u00edl 2.<\/a><br \/>\n<a href=\"http:\/\/www.slim2009.cz\/Prilohy\/Videa\/Luzna2009.mp4\" target=\"_blank\" rel=\"noopener noreferrer\">Muzeum Lu\u017en\u00e1 2009<\/a><br \/>\n<a href=\"http:\/\/www.slim2009.cz\/Prilohy\/Videa\/Rohlikmoto.mp4\" target=\"_blank\" rel=\"noopener noreferrer\">Rohl\u00edkova motorka<br \/>\n<\/a><a href=\"http:\/\/www.slim2009.cz\/Prilohy\/Videa\/Vanocebajk2017_1.mp4\" target=\"_blank\" rel=\"noopener noreferrer\">V\u00e1no\u010dn\u00ed bajkov\u00e1n\u00ed\u00a0 25.12.2017<\/a><br \/>\n<a href=\"http:\/\/www.slim2009.cz\/Prilohy\/Videa\/Vanocebajk2017_2.mp4\" target=\"_blank\" rel=\"noopener noreferrer\">V\u00e1no\u010dn\u00ed bajkov\u00e1n\u00ed 26.12.2017<\/a><br \/>\n<a href=\"http:\/\/www.slim2009.cz\/Prilohy\/Videa\/FriedrichKneifel.mp4\" target=\"_blank\" rel=\"noopener noreferrer\">Friedrich Kneifel &#8211; Jakou \u0159e\u010d\u00ed mluv\u00ed p\u00e1nb\u016fh<\/a><br \/>\n<a href=\"http:\/\/www.slim2009.cz\/Prilohy\/Videa\/434-498.mp4\" target=\"_blank\" rel=\"noopener noreferrer\">Lokomotivy 434.2 + 498.1<\/a><br \/>\n.<\/p>\n<p>&nbsp;<\/p>\n<p><a href=\"http:\/\/www.slim2009.cz\/wordpress\/wp-content\/uploads\/2018\/02\/IMG_6598c-3.jpg\" target=\"_blank\" rel=\"noopener noreferrer\"><img loading=\"lazy\" decoding=\"async\" class=\"alignright wp-image-3991\" src=\"http:\/\/www.slim2009.cz\/wordpress\/wp-content\/uploads\/2018\/02\/IMG_6598c-3.jpg\" alt=\"\" width=\"218\" height=\"145\" \/><\/a><a href=\"http:\/\/www.slim2009.cz\/wordpress\/wp-content\/uploads\/2018\/02\/IMG_7063-3.jpg\" target=\"_blank\" rel=\"noopener noreferrer\"><img loading=\"lazy\" decoding=\"async\" class=\"alignright wp-image-3992\" src=\"http:\/\/www.slim2009.cz\/wordpress\/wp-content\/uploads\/2018\/02\/IMG_7063-3.jpg\" alt=\"\" width=\"218\" height=\"145\" \/><\/a><a href=\"http:\/\/www.slim2009.cz\/wordpress\/wp-content\/uploads\/2018\/02\/IMG_3431-3.jpg\" target=\"_blank\" rel=\"noopener noreferrer\"><img loading=\"lazy\" decoding=\"async\" class=\"alignright wp-image-3986\" src=\"http:\/\/www.slim2009.cz\/wordpress\/wp-content\/uploads\/2018\/02\/IMG_3431-3.jpg\" alt=\"\" width=\"221\" height=\"147\" \/><\/a><\/p>\n","protected":false},"excerpt":{"rendered":"<p>Videa k p\u0159ehr\u00e1n\u00ed a sta\u017een\u00ed V\u00e1noce 2001 a\u017e 2011 V\u00e1noce 2003 Babi\u010dka 80let ZOO Dv\u016fr Kr\u00e1lov\u00e9 2003 Dovolen\u00e1 2003 Dovolen\u00e1 2004 Dovolen\u00e1 2005 Dovolen\u00e1 2006 Dovolen\u00e1 2008 Dovolen\u00e1 2010 Dovolen\u00e1 2012\u00a0+ Fotoatelier Seidel Dovolen\u00e1 2013 Dovolen\u00e1 2014 Dovolen\u00e1 2015 Dovolen\u00e1 &hellip; <a href=\"https:\/\/www.slim2009.cz\/wordpress\/videa\/dovca-videa\/\">Cel\u00fd p\u0159\u00edsp\u011bvek <span class=\"meta-nav\">&rarr;<\/span><\/a><\/p>\n","protected":false},"author":1,"featured_media":0,"parent":3856,"menu_order":1,"comment_status":"closed","ping_status":"closed","template":"","meta":{"footnotes":""},"class_list":["post-3860","page","type-page","status-publish","hentry"],"_links":{"self":[{"href":"https:\/\/www.slim2009.cz\/wordpress\/wp-json\/wp\/v2\/pages\/3860","targetHints":{"allow":["GET"]}}],"collection":[{"href":"https:\/\/www.slim2009.cz\/wordpress\/wp-json\/wp\/v2\/pages"}],"about":[{"href":"https:\/\/www.slim2009.cz\/wordpress\/wp-json\/wp\/v2\/types\/page"}],"author":[{"embeddable":true,"href":"https:\/\/www.slim2009.cz\/wordpress\/wp-json\/wp\/v2\/users\/1"}],"replies":[{"embeddable":true,"href":"https:\/\/www.slim2009.cz\/wordpress\/wp-json\/wp\/v2\/comments?post=3860"}],"version-history":[{"count":0,"href":"https:\/\/www.slim2009.cz\/wordpress\/wp-json\/wp\/v2\/pages\/3860\/revisions"}],"up":[{"embeddable":true,"href":"https:\/\/www.slim2009.cz\/wordpress\/wp-json\/wp\/v2\/pages\/3856"}],"wp:attachment":[{"href":"https:\/\/www.slim2009.cz\/wordpress\/wp-json\/wp\/v2\/media?parent=3860"}],"curies":[{"name":"wp","href":"https:\/\/api.w.org\/{rel}","templated":true}]}}