{"id":3858,"date":"2018-02-09T20:42:21","date_gmt":"2018-02-09T19:42:21","guid":{"rendered":"http:\/\/188.120.214.195\/?page_id=3858"},"modified":"2018-02-09T20:42:21","modified_gmt":"2018-02-09T19:42:21","slug":"vandrovni-videa","status":"publish","type":"page","link":"https:\/\/www.slim2009.cz\/wordpress\/videa\/vandrovni-videa\/","title":{"rendered":"Vandrovn\u00ed videa"},"content":{"rendered":"<p><span style=\"color: #ff0000;\"><strong>Videa z vandr\u016f k p\u0159ehr\u00e1n\u00ed a ke sta\u017een\u00ed.<\/strong><a href=\"http:\/\/www.slim2009.cz\/wordpress\/wp-content\/uploads\/2018\/02\/24-4.jpg\" target=\"_blank\" rel=\"noopener noreferrer\"><img loading=\"lazy\" decoding=\"async\" class=\"alignright wp-image-3889\" src=\"http:\/\/www.slim2009.cz\/wordpress\/wp-content\/uploads\/2018\/02\/24-4.jpg\" alt=\"\" width=\"150\" height=\"101\" \/><\/a><a href=\"http:\/\/www.slim2009.cz\/wordpress\/wp-content\/uploads\/2018\/02\/21-4.jpg\" target=\"_blank\" rel=\"noopener noreferrer\"><img loading=\"lazy\" decoding=\"async\" class=\"alignright wp-image-3888\" src=\"http:\/\/www.slim2009.cz\/wordpress\/wp-content\/uploads\/2018\/02\/21-4.jpg\" alt=\"\" width=\"152\" height=\"100\" \/><\/a><a href=\"http:\/\/www.slim2009.cz\/wordpress\/wp-content\/uploads\/2018\/02\/P1000295-1-3.jpg\" target=\"_blank\" rel=\"noopener noreferrer\"><img loading=\"lazy\" decoding=\"async\" class=\"alignright wp-image-3923\" src=\"http:\/\/www.slim2009.cz\/wordpress\/wp-content\/uploads\/2018\/02\/P1000295-1-3.jpg\" alt=\"\" width=\"134\" height=\"101\" \/><\/a><br \/>\n<\/span><\/p>\n<hr \/>\n<p><a href=\"http:\/\/www.slim2009.cz\/Prilohy\/Videa\/OpevneniOpava1996.mp4\" target=\"_blank\" rel=\"noopener noreferrer\">1996 Opevn\u011bn\u00ed Opava<\/a><a href=\"http:\/\/www.slim2009.cz\/Prilohy\/Videa\/Opevneni_KS34-NS45_1997.mp4\" target=\"_blank\" rel=\"noopener noreferrer\"><br \/>\n1997 Od K-S-34 po N-S-45<\/a><a href=\"http:\/\/www.slim2009.cz\/Prilohy\/Videa\/Jordan_Cihelna1998.zip\" target=\"_blank\" rel=\"noopener noreferrer\"><br \/>\n<\/a><a href=\"http:\/\/www.slim2009.cz\/Prilohy\/Videa\/Opevneni_NS46-85_1997.mp4\" target=\"_blank\" rel=\"noopener noreferrer\">1997 Od N-S-46 po N-S-85<\/a><a href=\"http:\/\/www.slim2009.cz\/Prilohy\/Videa\/Jordan_Cihelna1998.zip\" target=\"_blank\" rel=\"noopener noreferrer\"><br \/>\n<\/a><a href=\"http:\/\/www.slim2009.cz\/Prilohy\/Videa\/OpevneniZSVBabi1998.mp4\" target=\"_blank\" rel=\"noopener noreferrer\">1998 Opevn\u011bn\u00ed \u017dSV Bab\u00ed<\/a><a href=\"http:\/\/www.slim2009.cz\/Prilohy\/Videa\/Jordan_Cihelna1998.zip\" target=\"_blank\" rel=\"noopener noreferrer\"><br \/>\n<\/a><a href=\"http:\/\/www.slim2009.cz\/Prilohy\/Videa\/Jordan_Cihelna1998.mp4\" target=\"_blank\" rel=\"noopener noreferrer\">1998 Jord\u00e1n + Cihelna<br \/>\n<\/a><a href=\"http:\/\/www.slim2009.cz\/Prilohy\/Videa\/MaleKarpaty2003.mp4\" target=\"_blank\" rel=\"noopener noreferrer\">2003 Mal\u00e9 Karpaty<br \/>\n<\/a><a href=\"http:\/\/www.slim2009.cz\/wordpress\/wp-content\/uploads\/2018\/02\/P1060721-1-3.jpg\" target=\"_blank\" rel=\"noopener noreferrer\"><img loading=\"lazy\" decoding=\"async\" class=\"alignright wp-image-3926\" src=\"http:\/\/www.slim2009.cz\/wordpress\/wp-content\/uploads\/2018\/02\/P1060721-1-3.jpg\" alt=\"\" width=\"150\" height=\"112\" \/><\/a><a href=\"http:\/\/www.slim2009.cz\/wordpress\/wp-content\/uploads\/2018\/02\/IMG_0070-1-3.jpg\" target=\"_blank\" rel=\"noopener noreferrer\"><img loading=\"lazy\" decoding=\"async\" class=\"alignright wp-image-3911\" src=\"http:\/\/www.slim2009.cz\/wordpress\/wp-content\/uploads\/2018\/02\/IMG_0070-1-3.jpg\" alt=\"\" width=\"169\" height=\"112\" \/><\/a><a href=\"http:\/\/www.slim2009.cz\/wordpress\/wp-content\/uploads\/2018\/02\/P1030605-1-3.jpg\" target=\"_blank\" rel=\"noopener noreferrer\"><img loading=\"lazy\" decoding=\"async\" class=\"alignright wp-image-3924\" src=\"http:\/\/www.slim2009.cz\/wordpress\/wp-content\/uploads\/2018\/02\/P1030605-1-3.jpg\" alt=\"\" width=\"151\" height=\"113\" \/><\/a><a href=\"http:\/\/www.slim2009.cz\/Prilohy\/Videa\/CeskyKras2003.mp4\" target=\"_blank\" rel=\"noopener noreferrer\">2003 \u010cesk\u00fd Kras<br \/>\n<\/a><a href=\"http:\/\/www.slim2009.cz\/Prilohy\/Videa\/Rychory_2003.mp4\" target=\"_blank\" rel=\"noopener noreferrer\">2003 FotoExpedice R\u00fdchory<\/a><a href=\"http:\/\/www.slim2009.cz\/Prilohy\/Videa\/Balda50Brdy2003.zip\" target=\"_blank\" rel=\"noopener noreferrer\"><br \/>\n<\/a><a href=\"http:\/\/www.slim2009.cz\/Prilohy\/Videa\/Balda50Brdy2003.mp4\" target=\"_blank\" rel=\"noopener noreferrer\">2003 50tka Balda ThreeBoys<br \/>\n<\/a><a href=\"http:\/\/www.slim2009.cz\/Prilohy\/Videa\/CaveMan2004.mp4\" target=\"_blank\" rel=\"noopener noreferrer\">2004 CaveMan<\/a><a href=\"http:\/\/www.slim2009.cz\/Prilohy\/Videa\/20LetOhio2004.zip\" target=\"_blank\" rel=\"noopener noreferrer\"><br \/>\n<\/a><a href=\"http:\/\/www.slim2009.cz\/Prilohy\/Videa\/20LetOhio2004.mp4\" target=\"_blank\" rel=\"noopener noreferrer\">2004 20let osady Ohio<br \/>\n<\/a><a href=\"http:\/\/www.slim2009.cz\/Prilohy\/Videa\/Sumava2004.mp4\" target=\"_blank\" rel=\"noopener noreferrer\">2004 \u0160umava<\/a><a href=\"http:\/\/www.slim2009.cz\/Prilohy\/Videa\/20LetOhio2004.zip\" target=\"_blank\" rel=\"noopener noreferrer\"><br \/>\n<\/a><a href=\"http:\/\/www.slim2009.cz\/Prilohy\/Videa\/DrahotuseHelfstejn2004.mp4\" target=\"_blank\" rel=\"noopener noreferrer\">2004 Drahotu\u0161e-Helf\u0161tejn<\/a><a href=\"http:\/\/www.slim2009.cz\/Prilohy\/Videa\/20LetOhio2004.zip\" target=\"_blank\" rel=\"noopener noreferrer\"><br \/>\n<\/a><a href=\"http:\/\/www.slim2009.cz\/Prilohy\/Videa\/Chriby2005.mp4\" target=\"_blank\" rel=\"noopener noreferrer\">2005 Ch\u0159iby<br \/>\n<\/a><a href=\"http:\/\/www.slim2009.cz\/Prilohy\/Videa\/LuzickeHory2005.mp4\" target=\"_blank\" rel=\"noopener noreferrer\">2005 Lu\u017eick\u00e9 Hory<br \/>\n<\/a><a href=\"http:\/\/www.slim2009.cz\/Prilohy\/Videa\/Diana2006.mp4\" target=\"_blank\" rel=\"noopener noreferrer\">2006 Tov\u00e1rna Diana<br \/>\n<\/a><a href=\"http:\/\/www.slim2009.cz\/Prilohy\/Videa\/JestedskeHory2006.mp4\" target=\"_blank\" rel=\"noopener noreferrer\">2006 Je\u0161t\u011bdsk\u00e9 hory<\/a><a href=\"http:\/\/www.slim2009.cz\/Prilohy\/Videa\/20LetOhio2004.zip\" target=\"_blank\" rel=\"noopener noreferrer\"><br \/>\n<\/a><a href=\"http:\/\/www.slim2009.cz\/Prilohy\/Videa\/Zarovice_Kokorinsko2007.mp4\" target=\"_blank\" rel=\"noopener noreferrer\">2007 \u017d\u00e1rovice + Koko\u0159\u00ednsko<\/a><a href=\"http:\/\/www.slim2009.cz\/wordpress\/wp-content\/uploads\/2018\/02\/P1080622-1-3.jpg\" target=\"_blank\" rel=\"noopener noreferrer\"><img loading=\"lazy\" decoding=\"async\" class=\"alignright wp-image-3927\" src=\"http:\/\/www.slim2009.cz\/wordpress\/wp-content\/uploads\/2018\/02\/P1080622-1-3.jpg\" alt=\"\" width=\"148\" height=\"197\" \/><\/a><a href=\"http:\/\/www.slim2009.cz\/Prilohy\/Videa\/20LetOhio2004.zip\" target=\"_blank\" rel=\"noopener noreferrer\"><br \/>\n<\/a><a href=\"http:\/\/www.slim2009.cz\/Prilohy\/Videa\/Brdy2007.mp4\" target=\"_blank\" rel=\"noopener noreferrer\">2007 Brdy 13.9-16.9.<br \/>\n<\/a><a href=\"http:\/\/www.slim2009.cz\/wordpress\/wp-content\/uploads\/2018\/02\/DSC08701-1-3.jpg\" target=\"_blank\" rel=\"noopener noreferrer\"><img loading=\"lazy\" decoding=\"async\" class=\"alignright wp-image-3910\" src=\"http:\/\/www.slim2009.cz\/wordpress\/wp-content\/uploads\/2018\/02\/DSC08701-1-3.jpg\" alt=\"\" width=\"176\" height=\"132\" \/><\/a><a href=\"http:\/\/www.slim2009.cz\/Prilohy\/Videa\/Dalnice_Konezprezka2008.mp4\" target=\"_blank\" rel=\"noopener noreferrer\">2008 D\u00e1lnice Ch\u0159iby + Kon\u011bzp\u0159e\u017eka<br \/>\n<\/a><a href=\"http:\/\/www.slim2009.cz\/Prilohy\/Videa\/Zelivka_Chlum2009.mp4\" target=\"_blank\" rel=\"noopener noreferrer\">2009 \u017delivka + Chlum1866<\/a><a href=\"http:\/\/www.slim2009.cz\/Prilohy\/Videa\/Vandry2010.zip\" target=\"_blank\" rel=\"noopener noreferrer\"><br \/>\n<\/a><a href=\"http:\/\/www.slim2009.cz\/Prilohy\/Videa\/Vandry2010.mp4\" target=\"_blank\" rel=\"noopener noreferrer\">2010 Na Moravsk\u00e9 Blan\u00edk + \u010cesk\u00e9 St\u0159edoho\u0159\u00ed + do \u00dater\u00fd<\/a><a href=\"http:\/\/www.slim2009.cz\/Prilohy\/Videa\/Dalnice_Konezprezka2008.zip\" target=\"_blank\" rel=\"noopener noreferrer\"><br \/>\n<\/a><a href=\"http:\/\/www.slim2009.cz\/Prilohy\/Videa\/SvatojanskeProudy2011.mp4\" target=\"_blank\" rel=\"noopener noreferrer\">2011 Svatoj\u00e1nsk\u00fd proudy 8.4.-10.4.<\/a><a href=\"http:\/\/www.slim2009.cz\/Prilohy\/Videa\/Dalnice_Konezprezka2008.zip\" target=\"_blank\" rel=\"noopener noreferrer\"><br \/>\n<\/a><a href=\"http:\/\/www.slim2009.cz\/Prilohy\/Videa\/Erzgebirge2011.mp4\" target=\"_blank\" rel=\"noopener noreferrer\">2011 Erzgebirge Kru\u0161n\u00e9 Hory 17.5.-22.5.<\/a><a href=\"http:\/\/www.slim2009.cz\/Prilohy\/Videa\/Erzgebirge2011.zip\" target=\"_blank\" rel=\"noopener noreferrer\"><br \/>\n<\/a><a href=\"http:\/\/www.slim2009.cz\/Prilohy\/Videa\/Festunky2011.mp4\" target=\"_blank\" rel=\"noopener noreferrer\">2011 Na festu\u0148ky 14.9.-18.9.<\/a><a href=\"http:\/\/www.slim2009.cz\/Prilohy\/Videa\/20LetOhio2004.zip\" target=\"_blank\" rel=\"noopener noreferrer\"><br \/>\n<\/a><a href=\"http:\/\/www.slim2009.cz\/Prilohy\/Videa\/A88_duben2012.mp4\" target=\"_blank\" rel=\"noopener noreferrer\">2012 Hrady a hr\u00e1dky v okol\u00ed A88<\/a><a href=\"http:\/\/www.slim2009.cz\/Prilohy\/Videa\/20LetOhio2004.zip\" target=\"_blank\" rel=\"noopener noreferrer\"><br \/>\n<\/a><a href=\"http:\/\/www.slim2009.cz\/Prilohy\/Videa\/Rychleby_kveten2012.mp4\" target=\"_blank\" rel=\"noopener noreferrer\">2012 Na Sn\u011b\u017en\u00edk a Rychlebsk\u00e9 hory<\/a><a href=\"http:\/\/www.slim2009.cz\/Prilohy\/Bor2013\/Bor2013video.zip\" target=\"_blank\" rel=\"noopener noreferrer\"><br \/>\n<\/a><a href=\"http:\/\/www.slim2009.cz\/Prilohy\/Videa\/Rychleby_zari2012.mp4\" target=\"_blank\" rel=\"noopener noreferrer\">2012 Rychleby podzim<\/a><a href=\"http:\/\/www.slim2009.cz\/Prilohy\/Videa\/Bor2013.mp4\" target=\"_blank\" rel=\"noopener noreferrer\"><br \/>\n2013 V\u00fdstup na Bor<\/a><a href=\"http:\/\/www.slim2009.cz\/Prilohy\/Videa\/20LetOhio2004.zip\" target=\"_blank\" rel=\"noopener noreferrer\"><br \/>\n<\/a><a href=\"http:\/\/www.slim2009.cz\/Prilohy\/Videa\/ZlateHory2013.mp4\" target=\"_blank\" rel=\"noopener noreferrer\">2013 Zlat\u00e9 Hory<\/a><a href=\"http:\/\/www.slim2009.cz\/Prilohy\/Videa\/20LetOhio2004.zip\" target=\"_blank\" rel=\"noopener noreferrer\"><br \/>\n<\/a><a href=\"http:\/\/www.slim2009.cz\/Prilohy\/NaPriserak2013\/NaPriserak2013.mp4\" target=\"_blank\" rel=\"noopener noreferrer\">2013 Na P\u0159\u00ed\u0161er\u00e1k<\/a><a href=\"http:\/\/www.slim2009.cz\/Prilohy\/Kerkonoskem2015\/Podkerkonosskem2015.zip\" target=\"_blank\" rel=\"noopener noreferrer\"><br \/>\n<\/a><a href=\"http:\/\/www.slim2009.cz\/Prilohy\/ZaSchiefery2014\/Schiefery2014.mp4\" target=\"_blank\" rel=\"noopener noreferrer\">2014 Za Schiefery<\/a><a href=\"http:\/\/www.slim2009.cz\/Prilohy\/Kerkonoskem2015\/Podkerkonosskem2015.zip\" target=\"_blank\" rel=\"noopener noreferrer\"><br \/>\n<\/a><a href=\"http:\/\/www.slim2009.cz\/wordpress\/wp-content\/uploads\/2018\/02\/IMG_7743-1-3.jpg\" target=\"_blank\" rel=\"noopener noreferrer\"><img loading=\"lazy\" decoding=\"async\" class=\"alignright wp-image-3919\" src=\"http:\/\/www.slim2009.cz\/wordpress\/wp-content\/uploads\/2018\/02\/IMG_7743-1-3.jpg\" alt=\"\" width=\"150\" height=\"100\" \/><\/a><a href=\"http:\/\/www.slim2009.cz\/wordpress\/wp-content\/uploads\/2018\/02\/IMG_9521-1-3.jpg\" target=\"_blank\" rel=\"noopener noreferrer\"><img loading=\"lazy\" decoding=\"async\" class=\"alignright wp-image-3922\" src=\"http:\/\/www.slim2009.cz\/wordpress\/wp-content\/uploads\/2018\/02\/IMG_9521-1-3.jpg\" alt=\"\" width=\"150\" height=\"100\" \/><\/a><a href=\"http:\/\/www.slim2009.cz\/wordpress\/wp-content\/uploads\/2018\/02\/P1030793-1-3.jpg\" target=\"_blank\" rel=\"noopener noreferrer\"><img loading=\"lazy\" decoding=\"async\" class=\"alignright wp-image-3925\" src=\"http:\/\/www.slim2009.cz\/wordpress\/wp-content\/uploads\/2018\/02\/P1030793-1-3.jpg\" alt=\"\" width=\"134\" height=\"100\" \/><\/a><a href=\"http:\/\/www.slim2009.cz\/Prilohy\/Videa\/Podkerkonosskem2015.mp4\" target=\"_blank\" rel=\"noopener noreferrer\">2015 Podk\u00e9rkono\u0161skem<\/a><a href=\"http:\/\/www.slim2009.cz\/Prilohy\/Videa\/Novohradky2015.mp4\" target=\"_blank\" rel=\"noopener noreferrer\"><br \/>\n2015 Novohradsk\u00e9 hory<br \/>\n<\/a><a href=\"http:\/\/www.slim2009.cz\/Prilohy\/Videa\/Krkonose2015.mp4\" target=\"_blank\" rel=\"noopener noreferrer\">2015 Krkono\u0161e<br \/>\n<\/a><a href=\"http:\/\/www.slim2009.cz\/Prilohy\/Videa\/BrdskyKempy2016.mp4\" target=\"_blank\" rel=\"noopener noreferrer\">2016 Brdsk\u00fd kempy<br \/>\n<\/a><a href=\"http:\/\/www.slim2009.cz\/Prilohy\/Videa\/Strela2016.mp4\" target=\"_blank\" rel=\"noopener noreferrer\">2016 St\u0159ela<\/a><a href=\"http:\/\/www.slim2009.cz\/Prilohy\/Videa\/20LetOhio2004.zip\" target=\"_blank\" rel=\"noopener noreferrer\"><br \/>\n<\/a><a href=\"http:\/\/www.slim2009.cz\/Prilohy\/Videa\/Strela2017.mp4\" target=\"_blank\" rel=\"noopener noreferrer\">2017 St\u0159ela<br \/>\n<\/a><a href=\"http:\/\/www.slim2009.cz\/Prilohy\/Videa\/Waldem2017.mp4\" target=\"_blank\" rel=\"noopener noreferrer\">2017 \u010cesk\u00fdm Waldem<br \/>\n<\/a><a href=\"http:\/\/www.slim2009.cz\/Prilohy\/Videa\/Waldem2018.mp4\" target=\"_blank\" rel=\"noopener\">2018 \u010cesk\u00fdm Waldem<\/a><br \/>\n<a href=\"http:\/\/www.slim2009.cz\/Prilohy\/Videa\/Brdy2018.mp4\" target=\"_blank\" rel=\"noopener\">2018 Brdem vojensk\u00fdm<\/a><br \/>\n<a href=\"http:\/\/www.slim2009.cz\/Prilohy\/Videa\/Waldem2019.mp4\" target=\"_blank\" rel=\"noopener noreferrer\">2019 \u010cesk\u00fdm Waldem<img loading=\"lazy\" decoding=\"async\" class=\"alignright wp-image-3920\" src=\"http:\/\/www.slim2009.cz\/wordpress\/wp-content\/uploads\/2018\/02\/IMG_7918-1-3.jpg\" alt=\"\" width=\"149\" height=\"99\" \/><img loading=\"lazy\" decoding=\"async\" class=\"alignright wp-image-3913\" src=\"http:\/\/www.slim2009.cz\/wordpress\/wp-content\/uploads\/2018\/02\/IMG_1330a-1-3.jpg\" alt=\"\" width=\"132\" height=\"99\" \/><\/a><a style=\"color: #ffffff;\" href=\"http:\/\/www.slim2009.cz\/wordpress\/wp-content\/uploads\/2018\/02\/IMG_1102-1-3.jpg\" target=\"_blank\" rel=\"noopener noreferrer\"><img loading=\"lazy\" decoding=\"async\" class=\"alignright wp-image-3912\" src=\"http:\/\/www.slim2009.cz\/wordpress\/wp-content\/uploads\/2018\/02\/IMG_1102-1-3.jpg\" alt=\"\" width=\"147\" height=\"98\" \/><\/a><br \/>\n<span style=\"color: #ffffff;\"><span style=\"color: #333333;\"><a href=\"http:\/\/www.slim2009.cz\/Prilohy\/Videa\/Osser2020.mp4\" target=\"_blank\" rel=\"noopener noreferrer\">2020 Kr\u00e1lovsk\u00fdm hvozdem<\/a><br \/>\n<a href=\"http:\/\/www.slim2009.cz\/Prilohy\/Videa\/DoTicha2020.mp4\" target=\"_blank\" rel=\"noopener noreferrer\">2020 Do ticha hvozd\u016f<\/a><br \/>\n<a href=\"http:\/\/www.slim2009.cz\/Prilohy\/Videa\/Kvilda2021.mp4\" target=\"_blank\" rel=\"noopener\">2021 P\u0159es Kvildsk\u00e9 pl\u00e1n\u011b<\/a><br \/>\n<a href=\"http:\/\/www.slim2009.cz\/Prilohy\/Videa\/Jizerky2021.mp4\" target=\"_blank\" rel=\"noopener\">2021 Jizerky<\/a><br \/>\n<a href=\"http:\/\/www.slim2009.cz\/Prilohy\/Videa\/Hrady_2022.mp4\" target=\"_blank\" rel=\"noopener\">2022 Po hradech a hradi\u0161t\u00edch<\/a><br \/>\n<a href=\"http:\/\/www.slim2009.cz\/Prilohy\/Videa\/Radec2022.mp4\" target=\"_blank\" rel=\"noopener\">2022 Brdy-Prdy-Rade\u010d<\/a><br \/>\n<a href=\"http:\/\/www.slim2009.cz\/Prilohy\/Videa\/TisicBrodu2023.mp4\" target=\"_blank\" rel=\"noopener\">2023 Tis\u00edc brod\u016f <\/a><br \/>\n<a href=\"http:\/\/www.slim2009.cz\/Prilohy\/Videa\/Kanada2023.mp4\" target=\"_blank\" rel=\"noopener\">2023 \u010ceskou Kanadou<\/a><br \/>\n<\/span><\/span><span style=\"color: #ffffff;\">.<br \/>\n.<br \/>\n.<br \/>\n.<a style=\"color: #ffffff;\" href=\"http:\/\/www.slim2009.cz\/wordpress\/wp-content\/uploads\/2018\/02\/IMG_2457-1-3.jpg\" target=\"_blank\" rel=\"noopener noreferrer\"><img loading=\"lazy\" decoding=\"async\" class=\"alignright wp-image-3915\" src=\"http:\/\/www.slim2009.cz\/wordpress\/wp-content\/uploads\/2018\/02\/IMG_2457-1-3.jpg\" alt=\"\" width=\"150\" height=\"100\" \/><\/a><a style=\"color: #ffffff;\" href=\"http:\/\/www.slim2009.cz\/wordpress\/wp-content\/uploads\/2018\/02\/IMG_1330a-1-3.jpg\" target=\"_blank\" rel=\"noopener noreferrer\"><img loading=\"lazy\" decoding=\"async\" class=\"alignright wp-image-3917\" src=\"http:\/\/www.slim2009.cz\/wordpress\/wp-content\/uploads\/2018\/02\/IMG_4099-1-3.jpg\" alt=\"\" width=\"144\" height=\"96\" \/><\/a><a style=\"color: #ffffff;\" href=\"http:\/\/www.slim2009.cz\/wordpress\/wp-content\/uploads\/2018\/02\/IMG_5986-1-3.jpg\" target=\"_blank\" rel=\"noopener noreferrer\"><img loading=\"lazy\" decoding=\"async\" class=\"alignright wp-image-3918\" src=\"http:\/\/www.slim2009.cz\/wordpress\/wp-content\/uploads\/2018\/02\/IMG_5986-1-3.jpg\" alt=\"\" width=\"149\" height=\"99\" \/><\/a><a style=\"color: #ffffff;\" href=\"http:\/\/www.slim2009.cz\/wordpress\/wp-content\/uploads\/2018\/02\/IMG_1330a-1-3.jpg\" target=\"_blank\" rel=\"noopener noreferrer\"><br \/>\n..<br \/>\n.<br \/>\n.<\/a><\/span><br \/>\n<span style=\"color: #ffffff;\">.<\/span><\/p>\n","protected":false},"excerpt":{"rendered":"<p>Videa z vandr\u016f k p\u0159ehr\u00e1n\u00ed a ke sta\u017een\u00ed. 1996 Opevn\u011bn\u00ed Opava 1997 Od K-S-34 po N-S-45 1997 Od N-S-46 po N-S-85 1998 Opevn\u011bn\u00ed \u017dSV Bab\u00ed 1998 Jord\u00e1n + Cihelna 2003 Mal\u00e9 Karpaty 2003 \u010cesk\u00fd Kras 2003 FotoExpedice R\u00fdchory 2003 50tka &hellip; <a href=\"https:\/\/www.slim2009.cz\/wordpress\/videa\/vandrovni-videa\/\">Cel\u00fd p\u0159\u00edsp\u011bvek <span class=\"meta-nav\">&rarr;<\/span><\/a><\/p>\n","protected":false},"author":1,"featured_media":0,"parent":3856,"menu_order":0,"comment_status":"closed","ping_status":"closed","template":"","meta":{"footnotes":""},"class_list":["post-3858","page","type-page","status-publish","hentry"],"_links":{"self":[{"href":"https:\/\/www.slim2009.cz\/wordpress\/wp-json\/wp\/v2\/pages\/3858","targetHints":{"allow":["GET"]}}],"collection":[{"href":"https:\/\/www.slim2009.cz\/wordpress\/wp-json\/wp\/v2\/pages"}],"about":[{"href":"https:\/\/www.slim2009.cz\/wordpress\/wp-json\/wp\/v2\/types\/page"}],"author":[{"embeddable":true,"href":"https:\/\/www.slim2009.cz\/wordpress\/wp-json\/wp\/v2\/users\/1"}],"replies":[{"embeddable":true,"href":"https:\/\/www.slim2009.cz\/wordpress\/wp-json\/wp\/v2\/comments?post=3858"}],"version-history":[{"count":0,"href":"https:\/\/www.slim2009.cz\/wordpress\/wp-json\/wp\/v2\/pages\/3858\/revisions"}],"up":[{"embeddable":true,"href":"https:\/\/www.slim2009.cz\/wordpress\/wp-json\/wp\/v2\/pages\/3856"}],"wp:attachment":[{"href":"https:\/\/www.slim2009.cz\/wordpress\/wp-json\/wp\/v2\/media?parent=3858"}],"curies":[{"name":"wp","href":"https:\/\/api.w.org\/{rel}","templated":true}]}}