{"id":3856,"date":"2018-02-09T20:37:46","date_gmt":"2018-02-09T19:37:46","guid":{"rendered":"http:\/\/188.120.214.195\/?page_id=3856"},"modified":"2018-02-09T20:37:46","modified_gmt":"2018-02-09T19:37:46","slug":"videa","status":"publish","type":"page","link":"https:\/\/www.slim2009.cz\/wordpress\/videa\/","title":{"rendered":"Videa"},"content":{"rendered":"<p style=\"text-align: center;\"><span style=\"color: #ff0000;\"><a style=\"color: #ff0000;\" href=\"http:\/\/www.slim2009.cz\/?page_id=4381\" rel=\"noopener noreferrer\"><strong>N\u00e1vod pro p\u0159ehr\u00e1n\u00ed online vide\u00ed a jejich sta\u017een\u00ed.<\/strong><\/a><\/span><\/p>\n<hr \/>\n<p style=\"text-align: center;\"><a href=\"http:\/\/www.slim2009.cz\/?page_id=3858\"><img loading=\"lazy\" decoding=\"async\" src=\"http:\/\/www.slim2009.cz\/wordpress\/wp-content\/uploads\/2018\/02\/P1030793-1-3.jpg\" alt=\"\" width=\"320\" height=\"240\" \/><\/a><\/p>\n<h2 style=\"text-align: center;\"><span style=\"color: #ff0000;\"><a style=\"color: #ff0000;\" href=\"http:\/\/www.slim2009.cz\/?page_id=3858\">Videa z vandr\u016f online<br \/>\n<\/a><\/span><\/h2>\n<hr \/>\n<h2 style=\"text-align: center;\"><a href=\"http:\/\/www.slim2009.cz\/?page_id=3860\" target=\"_blank\" rel=\"noopener noreferrer\">Videa z v\u00fdlet\u016f a dovolen\u00fd online<\/a><\/h2>\n<hr \/>\n<h2 style=\"text-align: center;\"><a href=\"http:\/\/www.slim2009.cz\/?page_id=3860\"><img loading=\"lazy\" decoding=\"async\" class=\"aligncenter wp-image-3992\" src=\"http:\/\/www.slim2009.cz\/wordpress\/wp-content\/uploads\/2018\/02\/IMG_7063-3.jpg\" alt=\"\" width=\"323\" height=\"215\" \/><\/a><\/h2>\n<hr \/>\n<h2 style=\"text-align: center;\"><a href=\"http:\/\/www.slim2009.cz\/wordpress\/?page_id=5735\"><span style=\"color: #0000ff;\">Videa z bajkov\u00e1n\u00ed<\/span><\/a><\/h2>\n<p><a href=\"http:\/\/www.slim2009.cz\/wordpress\/?page_id=5735\"><img loading=\"lazy\" decoding=\"async\" class=\"aligncenter wp-image-5707\" src=\"http:\/\/www.slim2009.cz\/wordpress\/wp-content\/uploads\/2025\/01\/BikeFiction2025-300x176.jpg\" alt=\"\" width=\"336\" height=\"197\" \/><\/a><\/p>\n","protected":false},"excerpt":{"rendered":"<p>N\u00e1vod pro p\u0159ehr\u00e1n\u00ed online vide\u00ed a jejich sta\u017een\u00ed. Videa z vandr\u016f online Videa z v\u00fdlet\u016f a dovolen\u00fd online Videa z bajkov\u00e1n\u00ed<\/p>\n","protected":false},"author":1,"featured_media":0,"parent":0,"menu_order":10,"comment_status":"closed","ping_status":"closed","template":"","meta":{"footnotes":""},"class_list":["post-3856","page","type-page","status-publish","hentry"],"_links":{"self":[{"href":"https:\/\/www.slim2009.cz\/wordpress\/wp-json\/wp\/v2\/pages\/3856","targetHints":{"allow":["GET"]}}],"collection":[{"href":"https:\/\/www.slim2009.cz\/wordpress\/wp-json\/wp\/v2\/pages"}],"about":[{"href":"https:\/\/www.slim2009.cz\/wordpress\/wp-json\/wp\/v2\/types\/page"}],"author":[{"embeddable":true,"href":"https:\/\/www.slim2009.cz\/wordpress\/wp-json\/wp\/v2\/users\/1"}],"replies":[{"embeddable":true,"href":"https:\/\/www.slim2009.cz\/wordpress\/wp-json\/wp\/v2\/comments?post=3856"}],"version-history":[{"count":0,"href":"https:\/\/www.slim2009.cz\/wordpress\/wp-json\/wp\/v2\/pages\/3856\/revisions"}],"wp:attachment":[{"href":"https:\/\/www.slim2009.cz\/wordpress\/wp-json\/wp\/v2\/media?parent=3856"}],"curies":[{"name":"wp","href":"https:\/\/api.w.org\/{rel}","templated":true}]}}