{"id":3788,"date":"2018-01-16T18:15:36","date_gmt":"2018-01-16T17:15:36","guid":{"rendered":"http:\/\/188.120.214.195\/?page_id=3788"},"modified":"2018-01-16T18:15:36","modified_gmt":"2018-01-16T17:15:36","slug":"zeleznice","status":"publish","type":"page","link":"https:\/\/www.slim2009.cz\/wordpress\/fotogalerie-4\/zeleznice\/","title":{"rendered":"\u017deleznice"},"content":{"rendered":"<p style=\"text-align: center;\"><a href=\"http:\/\/www.slim2009.cz\/photo\/#\/shared_space\/folder\/19?_k=6n4j5l\" target=\"_blank\" rel=\"noopener\">P\u0159\u00edstup do alba \u017deleznice.<\/a><br \/>\n<a href=\"http:\/\/www.slim2009.cz\/photo\/#\/shared_space\/folder\/19?_k=6n4j5l\" target=\"_blank\" rel=\"noopener\"><img loading=\"lazy\" decoding=\"async\" class=\"aligncenter wp-image-3430\" src=\"http:\/\/www.slim2009.cz\/wordpress\/wp-content\/uploads\/2017\/05\/IMG_8260-3.jpg\" alt=\"\" width=\"528\" height=\"352\" \/><\/a><\/p>\n","protected":false},"excerpt":{"rendered":"<p>P\u0159\u00edstup do alba \u017deleznice.<\/p>\n","protected":false},"author":1,"featured_media":0,"parent":730,"menu_order":8,"comment_status":"closed","ping_status":"closed","template":"","meta":{"footnotes":""},"class_list":["post-3788","page","type-page","status-publish","hentry"],"_links":{"self":[{"href":"https:\/\/www.slim2009.cz\/wordpress\/wp-json\/wp\/v2\/pages\/3788","targetHints":{"allow":["GET"]}}],"collection":[{"href":"https:\/\/www.slim2009.cz\/wordpress\/wp-json\/wp\/v2\/pages"}],"about":[{"href":"https:\/\/www.slim2009.cz\/wordpress\/wp-json\/wp\/v2\/types\/page"}],"author":[{"embeddable":true,"href":"https:\/\/www.slim2009.cz\/wordpress\/wp-json\/wp\/v2\/users\/1"}],"replies":[{"embeddable":true,"href":"https:\/\/www.slim2009.cz\/wordpress\/wp-json\/wp\/v2\/comments?post=3788"}],"version-history":[{"count":0,"href":"https:\/\/www.slim2009.cz\/wordpress\/wp-json\/wp\/v2\/pages\/3788\/revisions"}],"up":[{"embeddable":true,"href":"https:\/\/www.slim2009.cz\/wordpress\/wp-json\/wp\/v2\/pages\/730"}],"wp:attachment":[{"href":"https:\/\/www.slim2009.cz\/wordpress\/wp-json\/wp\/v2\/media?parent=3788"}],"curies":[{"name":"wp","href":"https:\/\/api.w.org\/{rel}","templated":true}]}}