{"id":3783,"date":"2018-01-16T18:05:00","date_gmt":"2018-01-16T17:05:00","guid":{"rendered":"http:\/\/188.120.214.195\/?page_id=3783"},"modified":"2018-01-16T18:05:00","modified_gmt":"2018-01-16T17:05:00","slug":"vcely","status":"publish","type":"page","link":"https:\/\/www.slim2009.cz\/wordpress\/fotogalerie-4\/vcely\/","title":{"rendered":"V\u010dely"},"content":{"rendered":"<p style=\"text-align: center;\"><a href=\"http:\/\/www.slim2009.cz\/photo\/#\/shared_space\/folder\/26?_k=pdqklx\" target=\"_blank\" rel=\"noopener\">P\u0159\u00edstup do alba V\u010dely.<\/a><br \/>\n<a href=\"http:\/\/www.slim2009.cz\/photo\/#\/shared_space\/folder\/26?_k=pdqklx\" target=\"_blank\" rel=\"noopener\"><img loading=\"lazy\" decoding=\"async\" class=\"aligncenter wp-image-2553\" src=\"http:\/\/www.slim2009.cz\/wordpress\/wp-content\/uploads\/2013\/06\/IMG_8291-3.jpg\" alt=\"\" width=\"493\" height=\"329\" \/><\/a><\/p>\n","protected":false},"excerpt":{"rendered":"<p>P\u0159\u00edstup do alba V\u010dely.<\/p>\n","protected":false},"author":1,"featured_media":0,"parent":730,"menu_order":7,"comment_status":"closed","ping_status":"closed","template":"","meta":{"footnotes":""},"class_list":["post-3783","page","type-page","status-publish","hentry"],"_links":{"self":[{"href":"https:\/\/www.slim2009.cz\/wordpress\/wp-json\/wp\/v2\/pages\/3783","targetHints":{"allow":["GET"]}}],"collection":[{"href":"https:\/\/www.slim2009.cz\/wordpress\/wp-json\/wp\/v2\/pages"}],"about":[{"href":"https:\/\/www.slim2009.cz\/wordpress\/wp-json\/wp\/v2\/types\/page"}],"author":[{"embeddable":true,"href":"https:\/\/www.slim2009.cz\/wordpress\/wp-json\/wp\/v2\/users\/1"}],"replies":[{"embeddable":true,"href":"https:\/\/www.slim2009.cz\/wordpress\/wp-json\/wp\/v2\/comments?post=3783"}],"version-history":[{"count":0,"href":"https:\/\/www.slim2009.cz\/wordpress\/wp-json\/wp\/v2\/pages\/3783\/revisions"}],"up":[{"embeddable":true,"href":"https:\/\/www.slim2009.cz\/wordpress\/wp-json\/wp\/v2\/pages\/730"}],"wp:attachment":[{"href":"https:\/\/www.slim2009.cz\/wordpress\/wp-json\/wp\/v2\/media?parent=3783"}],"curies":[{"name":"wp","href":"https:\/\/api.w.org\/{rel}","templated":true}]}}