{"id":3780,"date":"2018-01-16T18:00:13","date_gmt":"2018-01-16T17:00:13","guid":{"rendered":"http:\/\/188.120.214.195\/?page_id=3780"},"modified":"2018-01-16T18:00:13","modified_gmt":"2018-01-16T17:00:13","slug":"vylety","status":"publish","type":"page","link":"https:\/\/www.slim2009.cz\/wordpress\/fotogalerie-4\/vylety\/","title":{"rendered":"V\u00fdlety"},"content":{"rendered":"<p style=\"text-align: center;\"><a href=\"http:\/\/www.slim2009.cz\/photo\/#\/shared_space\/folder\/16?_k=jqpo6a\" target=\"_blank\" rel=\"noopener\">P\u0159\u00edstup do alba V\u00fdlety.<\/a><br \/>\n<a href=\"http:\/\/www.slim2009.cz\/photo\/#\/shared_space\/folder\/16?_k=jqpo6a\" target=\"_blank\" rel=\"noopener\"><img loading=\"lazy\" decoding=\"async\" class=\"aligncenter wp-image-3173\" src=\"http:\/\/www.slim2009.cz\/wordpress\/wp-content\/uploads\/2016\/08\/IMG_6569-3.jpg\" alt=\"\" width=\"453\" height=\"302\" \/><\/a><\/p>\n","protected":false},"excerpt":{"rendered":"<p>P\u0159\u00edstup do alba V\u00fdlety.<\/p>\n","protected":false},"author":1,"featured_media":0,"parent":730,"menu_order":6,"comment_status":"closed","ping_status":"closed","template":"","meta":{"footnotes":""},"class_list":["post-3780","page","type-page","status-publish","hentry"],"_links":{"self":[{"href":"https:\/\/www.slim2009.cz\/wordpress\/wp-json\/wp\/v2\/pages\/3780","targetHints":{"allow":["GET"]}}],"collection":[{"href":"https:\/\/www.slim2009.cz\/wordpress\/wp-json\/wp\/v2\/pages"}],"about":[{"href":"https:\/\/www.slim2009.cz\/wordpress\/wp-json\/wp\/v2\/types\/page"}],"author":[{"embeddable":true,"href":"https:\/\/www.slim2009.cz\/wordpress\/wp-json\/wp\/v2\/users\/1"}],"replies":[{"embeddable":true,"href":"https:\/\/www.slim2009.cz\/wordpress\/wp-json\/wp\/v2\/comments?post=3780"}],"version-history":[{"count":0,"href":"https:\/\/www.slim2009.cz\/wordpress\/wp-json\/wp\/v2\/pages\/3780\/revisions"}],"up":[{"embeddable":true,"href":"https:\/\/www.slim2009.cz\/wordpress\/wp-json\/wp\/v2\/pages\/730"}],"wp:attachment":[{"href":"https:\/\/www.slim2009.cz\/wordpress\/wp-json\/wp\/v2\/media?parent=3780"}],"curies":[{"name":"wp","href":"https:\/\/api.w.org\/{rel}","templated":true}]}}