{"id":3767,"date":"2018-01-16T17:30:58","date_gmt":"2018-01-16T16:30:58","guid":{"rendered":"http:\/\/188.120.214.195\/?page_id=3767"},"modified":"2018-01-16T17:30:58","modified_gmt":"2018-01-16T16:30:58","slug":"ostatni","status":"publish","type":"page","link":"https:\/\/www.slim2009.cz\/wordpress\/fotogalerie-4\/ostatni\/","title":{"rendered":"Ostatn\u00ed"},"content":{"rendered":"<p style=\"text-align: center;\"><a href=\"http:\/\/www.slim2009.cz\/photo\/#\/shared_space\/folder\/3?_k=a1d9rv\" target=\"_blank\" rel=\"noopener\">P\u0159\u00edstup do alba Ostatn\u00ed.<\/a><br \/>\n<a href=\"http:\/\/www.slim2009.cz\/photo\/#\/shared_space\/folder\/3?_k=a1d9rv\" target=\"_blank\" rel=\"noopener\"><img loading=\"lazy\" decoding=\"async\" class=\"aligncenter wp-image-3510\" src=\"http:\/\/www.slim2009.cz\/wordpress\/wp-content\/uploads\/2017\/10\/IMG_9893-3.jpg\" alt=\"\" width=\"361\" height=\"466\" \/><\/a><\/p>\n","protected":false},"excerpt":{"rendered":"<p>P\u0159\u00edstup do alba Ostatn\u00ed.<\/p>\n","protected":false},"author":1,"featured_media":0,"parent":730,"menu_order":3,"comment_status":"closed","ping_status":"closed","template":"","meta":{"footnotes":""},"class_list":["post-3767","page","type-page","status-publish","hentry"],"_links":{"self":[{"href":"https:\/\/www.slim2009.cz\/wordpress\/wp-json\/wp\/v2\/pages\/3767","targetHints":{"allow":["GET"]}}],"collection":[{"href":"https:\/\/www.slim2009.cz\/wordpress\/wp-json\/wp\/v2\/pages"}],"about":[{"href":"https:\/\/www.slim2009.cz\/wordpress\/wp-json\/wp\/v2\/types\/page"}],"author":[{"embeddable":true,"href":"https:\/\/www.slim2009.cz\/wordpress\/wp-json\/wp\/v2\/users\/1"}],"replies":[{"embeddable":true,"href":"https:\/\/www.slim2009.cz\/wordpress\/wp-json\/wp\/v2\/comments?post=3767"}],"version-history":[{"count":0,"href":"https:\/\/www.slim2009.cz\/wordpress\/wp-json\/wp\/v2\/pages\/3767\/revisions"}],"up":[{"embeddable":true,"href":"https:\/\/www.slim2009.cz\/wordpress\/wp-json\/wp\/v2\/pages\/730"}],"wp:attachment":[{"href":"https:\/\/www.slim2009.cz\/wordpress\/wp-json\/wp\/v2\/media?parent=3767"}],"curies":[{"name":"wp","href":"https:\/\/api.w.org\/{rel}","templated":true}]}}