{"id":3737,"date":"2018-01-15T21:15:59","date_gmt":"2018-01-15T20:15:59","guid":{"rendered":"http:\/\/188.120.214.195\/?page_id=3737"},"modified":"2018-01-15T21:15:59","modified_gmt":"2018-01-15T20:15:59","slug":"akce-adamek","status":"publish","type":"page","link":"https:\/\/www.slim2009.cz\/wordpress\/archivalie\/archiv-vylety\/akce-adamek\/","title":{"rendered":"Akce Ad\u00e1mek"},"content":{"rendered":"<h2 class=\"art-postheader\"><a title=\"NASA odzkou\u0161ela BEST!\" href=\"http:\/\/188.120.214.195\/?p=907\" rel=\"bookmark\">NASA odzkou\u0161ela BEST!<\/a><\/h2>\n<div class=\"art-postcontent\">\n<p>Ano skute\u010dn\u011b je to mo\u017en\u00e9! I zde v \u010cesku m\u016f\u017eete vid\u011bt\u00a0<span style=\"color: #ff0000;\"><strong>NASA<\/strong><\/span>\u00a0a jeho\u00a0<span style=\"color: #ff0000;\"><strong>BEST<\/strong><\/span>! O tomto v\u00edkendu prob\u011bhla dlouho o\u010dek\u00e1van\u00e1 zkou\u0161ka. Slune\u010dn\u00e9 po\u010das\u00ed dovolilo\u00a0 vypustit\u00a0<span style=\"color: #ff0000;\"><strong>N<\/strong><\/span>ov\u00fd\u00a0<span style=\"color: #ff0000;\"><strong>A<\/strong><\/span>d\u00e1mk\u016fv\u00a0<span style=\"color: #ff0000;\"><strong>S<\/strong><\/span>vi\u0161t\u00edc\u00ed\u00a0<span style=\"color: #ff0000;\"><strong>A<\/strong><\/span>par\u00e1t spolu s v\u00fdkonou jednotkou\u00a0<span style=\"color: #ff0000;\"><strong>B<\/strong><\/span>ou\u0161eho\u00a0<span style=\"color: #ff0000;\"><strong>E<\/strong><\/span>limin\u00e1toru\u00a0<span style=\"color: #ff0000;\"><strong>S<\/strong><\/span>ilov\u00e9ho\u00a0<span style=\"color: #ff0000;\"><strong>T<\/strong><\/span>ahu. Jak je patrn\u00e9 z tv\u00e1\u0159e inici\u00e1tora a zku\u0161ebn\u00edho komisa\u0159e z\u00e1rove\u0148, v\u0161echno dopadlo nad o\u010dek\u00e1v\u00e1n\u00ed. Start i p\u0159ist\u00e1n\u00ed na jedni\u010dku. Mouchy by se je\u0161t\u011b vychytat daly.\u00a0Cht\u011blo by to hust\u0161\u00ed s\u00ed\u0165ku\u00a0v p\u0159edn\u00ed \u010d\u00e1sti tepeln\u00e9ho \u0161t\u00edtu ale ostatn\u00ed \u010d\u00e1sti NASA\u00a0v n\u00e1ro\u010dn\u00e9 zkou\u0161ce obst\u00e1ly. BEST t\u00e1hnul se\u010d mu s\u00edly sta\u010dily av\u0161ak Elimin\u00e1tor Tahu\u00a0velice dob\u0159e korigoval maxim\u00e1ln\u00ed v\u00fdchylku, zvl\u00e1\u0161t\u011b do stoup\u00e1n\u00ed.<\/p>\n<p><strong>Zkou\u0161ky v datech<\/strong>:\u00a0Start, 5.6.2010 14:00hod \u2013\u00a0Cap SixHouse\u2019s; Mezp\u0159ist\u00e1n\u00ed:\u00a0Mare Tranquillitatis \u2013 \u201e<em>Mo\u0159e Klidu<\/em>\u201c (Pod pralesem); C\u00edl: Stejn\u00fd jako start, av\u0161ak po jednom obletu +5hod.<\/p>\n<p>Fotodokumentace se nach\u00e1z\u00ed<a href=\"http:\/\/www.slim2009.cz\/photo\/#\/shared_space\/folder\/21?_k=5lkoun\" target=\"_blank\" rel=\"noopener\">\u00a0zde<\/a>.<\/p>\n<p><a href=\"http:\/\/www.slim2009.cz\/wordpress\/wp-content\/uploads\/2018\/01\/IMG_7651-3.jpg\" target=\"_blank\" rel=\"noopener\"><img loading=\"lazy\" decoding=\"async\" class=\"alignleft wp-image-3738\" src=\"http:\/\/www.slim2009.cz\/wordpress\/wp-content\/uploads\/2018\/01\/IMG_7651-3.jpg\" alt=\"\" width=\"668\" height=\"445\" \/><\/a><\/p>\n<\/div>\n","protected":false},"excerpt":{"rendered":"<p>NASA odzkou\u0161ela BEST! Ano skute\u010dn\u011b je to mo\u017en\u00e9! I zde v \u010cesku m\u016f\u017eete vid\u011bt\u00a0NASA\u00a0a jeho\u00a0BEST! O tomto v\u00edkendu prob\u011bhla dlouho o\u010dek\u00e1van\u00e1 zkou\u0161ka. Slune\u010dn\u00e9 po\u010das\u00ed dovolilo\u00a0 vypustit\u00a0Nov\u00fd\u00a0Ad\u00e1mk\u016fv\u00a0Svi\u0161t\u00edc\u00ed\u00a0Apar\u00e1t spolu s v\u00fdkonou jednotkou\u00a0Bou\u0161eho\u00a0Elimin\u00e1toru\u00a0Silov\u00e9ho\u00a0Tahu. Jak je patrn\u00e9 z tv\u00e1\u0159e inici\u00e1tora a zku\u0161ebn\u00edho komisa\u0159e z\u00e1rove\u0148, &hellip; <a href=\"https:\/\/www.slim2009.cz\/wordpress\/archivalie\/archiv-vylety\/akce-adamek\/\">Cel\u00fd p\u0159\u00edsp\u011bvek <span class=\"meta-nav\">&rarr;<\/span><\/a><\/p>\n","protected":false},"author":1,"featured_media":0,"parent":5050,"menu_order":5,"comment_status":"closed","ping_status":"closed","template":"","meta":{"footnotes":""},"class_list":["post-3737","page","type-page","status-publish","hentry"],"_links":{"self":[{"href":"https:\/\/www.slim2009.cz\/wordpress\/wp-json\/wp\/v2\/pages\/3737","targetHints":{"allow":["GET"]}}],"collection":[{"href":"https:\/\/www.slim2009.cz\/wordpress\/wp-json\/wp\/v2\/pages"}],"about":[{"href":"https:\/\/www.slim2009.cz\/wordpress\/wp-json\/wp\/v2\/types\/page"}],"author":[{"embeddable":true,"href":"https:\/\/www.slim2009.cz\/wordpress\/wp-json\/wp\/v2\/users\/1"}],"replies":[{"embeddable":true,"href":"https:\/\/www.slim2009.cz\/wordpress\/wp-json\/wp\/v2\/comments?post=3737"}],"version-history":[{"count":0,"href":"https:\/\/www.slim2009.cz\/wordpress\/wp-json\/wp\/v2\/pages\/3737\/revisions"}],"up":[{"embeddable":true,"href":"https:\/\/www.slim2009.cz\/wordpress\/wp-json\/wp\/v2\/pages\/5050"}],"wp:attachment":[{"href":"https:\/\/www.slim2009.cz\/wordpress\/wp-json\/wp\/v2\/media?parent=3737"}],"curies":[{"name":"wp","href":"https:\/\/api.w.org\/{rel}","templated":true}]}}