{"id":3667,"date":"2018-01-15T20:26:01","date_gmt":"2018-01-15T19:26:01","guid":{"rendered":"http:\/\/188.120.214.195\/?page_id=3667"},"modified":"2018-01-15T20:26:01","modified_gmt":"2018-01-15T19:26:01","slug":"vanoce-2009","status":"publish","type":"page","link":"https:\/\/www.slim2009.cz\/wordpress\/archivalie\/archiv-bulvar\/vanoce-2009\/","title":{"rendered":"V\u00e1noce 2009"},"content":{"rendered":"<p><a href=\"http:\/\/www.slim2009.cz\/wordpress\/wp-content\/uploads\/2018\/01\/IMG_6302-3.jpg\" target=\"_blank\" rel=\"noopener\"><img loading=\"lazy\" decoding=\"async\" class=\"alignleft wp-image-3669\" src=\"http:\/\/www.slim2009.cz\/wordpress\/wp-content\/uploads\/2018\/01\/IMG_6302-3.jpg\" alt=\"\" width=\"420\" height=\"280\" \/><\/a>V\u00e1noce a obzvl\u00e1\u0161t\u011b \u0160t\u011bdr\u00fd ve\u010der je siln\u011b stresov\u00e1 z\u00e1le\u017eitost, kde man\u017eelky ba i chlupat\u00ed mil\u00e1\u010dci se nemohou do\u010dkat nad\u011blen\u00ed. Je\u017e\u00ed\u0161ek to m\u00e1 t\u011b\u017ek\u00fd. Dokonce t\u011b\u017e\u0161\u00ed ne\u017e po\u010d\u0165\u00e1k, proto\u017ee ten je pokous\u00e1n z radosti, \u017ee n\u011bkdo p\u0159i\u0161el a chce si hr\u00e1t (ps\u00ed my\u0161lenkov\u00fd pochod)\u00a0na kousanou. O v\u00e1noc\u00edch to ale nen\u00ed \u017e\u00e1dn\u00e1\u00a0hra, je to l\u00edt\u00fd\u00a0boj o d\u00e1rky a nevad\u00ed, \u017ee jsou ur\u010den\u00fd pro n\u011bkoho jin\u00fdho. Na fotce vlevo je jasn\u011b vid\u011bt stresovan\u00e9ho chlupatce, kter\u00fd se nenechal odl\u00e1kat ani loveck\u00fdm sal\u00e1mem a ten\u00a0kdo si d\u00e1rek rozbaloval, byl p\u0159ekvapen, \u017ee pap\u00edr je vlhk\u00fd.<\/p>\n<p><a href=\"http:\/\/www.slim2009.cz\/photo\/#\/shared_space\/folder\/92?_k=b22bly\" target=\"_blank\" rel=\"noopener\">Fotky z v\u00e1noc zde.<\/a><\/p>\n","protected":false},"excerpt":{"rendered":"<p>V\u00e1noce a obzvl\u00e1\u0161t\u011b \u0160t\u011bdr\u00fd ve\u010der je siln\u011b stresov\u00e1 z\u00e1le\u017eitost, kde man\u017eelky ba i chlupat\u00ed mil\u00e1\u010dci se nemohou do\u010dkat nad\u011blen\u00ed. Je\u017e\u00ed\u0161ek to m\u00e1 t\u011b\u017ek\u00fd. Dokonce t\u011b\u017e\u0161\u00ed ne\u017e po\u010d\u0165\u00e1k, proto\u017ee ten je pokous\u00e1n z radosti, \u017ee n\u011bkdo p\u0159i\u0161el a chce si hr\u00e1t &hellip; <a href=\"https:\/\/www.slim2009.cz\/wordpress\/archivalie\/archiv-bulvar\/vanoce-2009\/\">Cel\u00fd p\u0159\u00edsp\u011bvek <span class=\"meta-nav\">&rarr;<\/span><\/a><\/p>\n","protected":false},"author":1,"featured_media":0,"parent":5086,"menu_order":2,"comment_status":"closed","ping_status":"closed","template":"","meta":{"footnotes":""},"class_list":["post-3667","page","type-page","status-publish","hentry"],"_links":{"self":[{"href":"https:\/\/www.slim2009.cz\/wordpress\/wp-json\/wp\/v2\/pages\/3667","targetHints":{"allow":["GET"]}}],"collection":[{"href":"https:\/\/www.slim2009.cz\/wordpress\/wp-json\/wp\/v2\/pages"}],"about":[{"href":"https:\/\/www.slim2009.cz\/wordpress\/wp-json\/wp\/v2\/types\/page"}],"author":[{"embeddable":true,"href":"https:\/\/www.slim2009.cz\/wordpress\/wp-json\/wp\/v2\/users\/1"}],"replies":[{"embeddable":true,"href":"https:\/\/www.slim2009.cz\/wordpress\/wp-json\/wp\/v2\/comments?post=3667"}],"version-history":[{"count":0,"href":"https:\/\/www.slim2009.cz\/wordpress\/wp-json\/wp\/v2\/pages\/3667\/revisions"}],"up":[{"embeddable":true,"href":"https:\/\/www.slim2009.cz\/wordpress\/wp-json\/wp\/v2\/pages\/5086"}],"wp:attachment":[{"href":"https:\/\/www.slim2009.cz\/wordpress\/wp-json\/wp\/v2\/media?parent=3667"}],"curies":[{"name":"wp","href":"https:\/\/api.w.org\/{rel}","templated":true}]}}