{"id":3522,"date":"2017-10-09T20:40:15","date_gmt":"2017-10-09T19:40:15","guid":{"rendered":"http:\/\/188.120.214.195\/?page_id=3522"},"modified":"2017-10-09T20:40:15","modified_gmt":"2017-10-09T19:40:15","slug":"cesta-kolem-sveta","status":"publish","type":"page","link":"https:\/\/www.slim2009.cz\/wordpress\/crnci\/cesta-kolem-sveta\/","title":{"rendered":"Cesta kolem sv\u011bta"},"content":{"rendered":"<p>Zakon\u010den\u00ed bajkersk\u00fd sez\u00f3ny, se slu\u0161\u00ed a pat\u0159\u00ed. Tak se i stalo. Sta\u010dilo vybrat den a po\u010das\u00ed. Nejvhodn\u011bj\u0161\u00edm dnem se jevila sobota 30.9. a ned\u011ble 1.10. Po\u010das\u00ed &#8211; slune\u010dno a v\u011btrno. V\u00fdzva na GezichtBuchu, byla v\u010das p\u0159ip\u00edchnut\u00e1, n\u00e1vrhy trasy taky a tak, se mohli Neg\u0159i hl\u00e1sit. V sobotu se dostavilo celkem sedum Negr\u016f i s bajky. Spole\u010dn\u011b odj\u00ed\u017ed\u00edme od Dvora\u010dky sm\u011brem k R\u00fdchor\u00e1m. Hned od za\u010d\u00e1tku n\u00e1m cesta stoup\u00e1 a a\u017e na mal\u00fd vyj\u00edmky, nep\u0159estane, ne\u017e vy\u0161l\u00e1pneme na Pomezn\u00ed Boudy. Prozat\u00edm si p\u0159ed V\u00e9brovkou a p\u0159es Z\u00e1meckej vrch, d\u00e1v\u00e1me ter\u00e9nn\u00ed vlo\u017eku a hnedle m\u00e1me nastoup\u00e1no prvn\u00edch 190 metr\u016f. P\u0159edn\u00e1mi je Baba a Stachelberg. Babu obj\u00ed\u017ed\u00edme, jedeme<a href=\"http:\/\/www.slim2009.cz\/wordpress\/wp-content\/uploads\/2017\/10\/12-3.jpg\" target=\"_blank\" rel=\"noopener noreferrer\"><img loading=\"lazy\" decoding=\"async\" class=\"alignright wp-image-3523\" src=\"http:\/\/www.slim2009.cz\/wordpress\/wp-content\/uploads\/2017\/10\/12-3.jpg\" alt=\"12\" width=\"288\" height=\"162\" \/><\/a> rovnou k rozhledn\u011b Eli\u0161ka. Dneska jsou rozhledy lehce zaml\u017een\u00fd a fu\u010d\u00e1 ledov\u011b. Vofouknut\u00fd se z H\u0159eb\u00ednku, hrabeme kolem Vrchy ke Sn\u011bzn\u00fdm domk\u016fm. Nad sjezdovkou Prke\u0148\u00e1k, je nejprud\u0161\u00ed stoup\u00e1n\u00ed. N\u011bkte\u0159\u00ed nap\u0159\u00edklad j\u00e1, s klidem, bez dechu vedu kolo. Pod pralesem znovu nased\u00e1m a spole\u010dn\u011b pokra\u010dujeme, a\u017e ke Sn\u011b\u017en\u00fdm domk\u016fm. T\u011bm, co do\u0161la voda, se naskytla mo\u017enost dotankovat u Amortova pramene. K R\u00fdchorsk\u00fdmu k\u0159\u00ed\u017ei je to kousek d\u00f3lu, ale u Mravene\u010dn\u00edku atakujeme skoro 1000ovku. Se\u0161upem se sn\u00e1\u0161\u00edme p\u0159es \u010cepel 912, do sedla nad Horn\u00edma Albe\u0159icema, 850metr\u016f nad mo\u0159em. Hrani\u010dn\u00ed stezkou jedeme k Lyse\u010dinsk\u00fd boud\u011b. Na asfaltce odpo\u010d\u00edv\u00e1me, ale jen do chv\u00edle, ne\u017e se p\u0159i\u0159\u00edtila policie a rozehnala odpo\u010d\u00edvaj\u00edc\u00ed. Za Lyse\u010d\u00ednskou boudou u Cestn\u00edku, znova atakujeme 1000ovku, znova se cesta sva\u017euje a v Mal\u00fd \u00dap\u011b jsme 975metr\u016f nad mo\u0159em. Posledn\u00ed stoup\u00e1n\u00ed a za nedlouho stoj\u00edme u Trautenberka 1045m.n.m. a 30kil\u00e1ku je za n\u00e1ma. Hladov\u00fd vstupujeme do log\u00e1lu, obsazujeme lavice, vyb\u00edr\u00e1me j\u00eddlo a dopl\u0148ujeme vytam\u00edny. Ti odv\u00e1\u017en\u011bj\u0161\u00ed i 14n\u00e1ct. Ob\u011bdujeme, co sme si objednali, pak nased\u00e1me a spou\u0161t\u00edme se Polskou krajinou k v\u00fdznamn\u00fdmu bodu dne. Asfaltov\u00fd serempert\u00fdny, z\u00e1hy opou\u0161t\u00edme, jen kles\u00e1n\u00ed je st\u00e1l\u00fd. Co chv\u00edli kontroluju navigaci, abychom neminuli sjezd do Kowar. P\u0159esn\u011b na odbo\u010dce do\u0161lo k prvn\u00edmu defektu. Evidentn\u011b, se n\u00e1s n\u011bkdo pokou\u0161el zastavit. Du\u0161e, vypustila du\u0161i na dvou m\u00edstech a dv\u011b pumpi\u010dky vypov\u011bd\u011bly slu\u017ebu, <a href=\"http:\/\/www.slim2009.cz\/wordpress\/wp-content\/uploads\/2017\/10\/29-3.jpg\" target=\"_blank\" rel=\"noopener noreferrer\"><img loading=\"lazy\" decoding=\"async\" class=\"alignleft wp-image-3524\" src=\"http:\/\/www.slim2009.cz\/wordpress\/wp-content\/uploads\/2017\/10\/29-3.jpg\" alt=\"29\" width=\"138\" height=\"246\" \/><\/a>ani\u017e vydaly u\u010dinnej fuk. A\u017e t\u0159et\u00ed, odolala kouzlu a oprava se tak zda\u0159ila. Pokra\u010dujeme teda ve sjezdu, kolem Krowiniece. V Kowarech, jsme na \u00fapln\u00fdm dn\u011b 560metr\u016f nm. Jedeme hledat tunel, bejval\u00fd \u017eelezni\u010dn\u00ed trati Jelenka-Kamenka. Na kraji Podg\u00f3rze, odbo\u010dujeme a za zat\u00e1\u010dkou vid\u00edme pe\u0161unk trati. Vede k n\u011bmu cesta, p\u0159es \u00fadol\u00ed\u010dko. Nedb\u00e1me a pokra\u010dujeme po silnici vzh\u016fru, ale port\u00e1l tunelu je asi n\u011bkde za stromy. Po chv\u00edli usuzujeme, \u017ee jsme p\u0159\u00edli\u0161 vysoko. Na prvn\u00ed odbo\u010dce doleva odbo\u010dujeme, jenom\u017ee zarostl\u00e1 cesta kon\u010d\u00ed u bar\u00e1ku se zarostlou loukou. Rad\u00edme se, kudy se d\u00e1me. Na\u0161e rozj\u00edm\u00e1n\u00ed p\u0159eru\u0161uje osoba \u017eensk\u00fdho vzhledu. Martin okam\u017eit\u011b englicky vyzv\u00edd\u00e1, kde je ten tunel. \u017densk\u00e1 osoba, ho ut\u00edn\u00e1, a \u017ee prej m\u016f\u017ee \u0161prechtit \u010desky. Tunel je pod n\u00e1ma a port\u00e1l kosek d\u00f3lu. Cesta k n\u011bmu, vede za zarostlou loukou. Cesta n\u00e1s zavedla ke kolej\u00edm. P\u00e1r metr\u016f j\u00edzdy mezi kolejema a je tu dal\u0161\u00ed defekt. Rampelnik \u0161\u00ednowy, ten ty gumy prokusuje, to je jist\u00fd. Rampelnik \u0161\u00ednowy je k\u0159\u00ed\u017eenec Staropolsk\u00fdho a Sudeck\u00fdho \u0161kod\u00edlka, kterej nesn\u00e1\u0161\u00ed radfahrery. V\u00fdm\u011bna du\u0161e netrvala dlouho. Za zat\u00e1\u010dkou zmizely koleje a objevil se port\u00e1l. Z tunelu vyjel polskej bajker tunel\u00e1\u0159. P\u0159ijel z opa\u010dn\u00fd strany. Pokecali jsme, po\u017e\u00e1dali ho o vyfocen\u00ed a hur\u00e1 dovnit\u0159. Rozsv\u011bc\u00edme baterky, tma je fakt hust\u00e1. Uvnit\u0159 se koleje zase objevujou. Po kilometru a kousek se bl\u00ed\u017e\u00ed sv\u011btlo, na konci tunelu. V\u00fdjezd je pod vodou, tak hlavn\u011b nezastavov\u2026.\u00a0 Ssssss, blllll, sssss, bllll\u2026 Himl zase! Rampelnik mi prokousnul zadn\u00ed gumu. To je dneska t\u0159et\u00ed! Nezbejv\u00e1, ne\u017e d\u00edru zalepit. Zb\u011b\u017enou kontrolou pl\u00e1\u0161t\u011b, objevuju zap\u00edchnutej sklen\u011bnej st\u0159ep. Oprava se zda\u0159ila, tak odj\u00ed\u017ed\u00edme po kolej\u00edch, z\u00e1\u0159ezem do Ogorzelce. Opou\u0161t\u00edme pe\u0161unk, podj\u00ed\u017ed\u00edme mostek. Oho\u0159elec nech\u00e1v\u00e1me za z\u00e1dama. Modr\u00e1 zna\u010dka vede kolem lomu, loukama i lesem a p\u0159ed Paczynem kon\u010d\u00ed. D\u00e1l jedeme polema do Myszkowic. Kone\u010dn\u011b m\u016f\u017eeme zrychlit. Je pozdn\u00ed odpoledne, p\u016fl p\u00e1t\u00fd a do Teplic kus cesty. Zrychlen\u00ed trv\u00e1 jen k \u201eBaltu\u201c. Na pl\u00e1\u017ei fot\u00edme p\u0159\u00edliv. Bajke\u0159i ve vln\u00e1ch \u0159\u00e1d\u00ed, jako pominut\u00fd. Buk\u00f3wku dosahujeme sjezdem z hr\u00e1ze. Znova na asfaltu. V <a href=\"http:\/\/www.slim2009.cz\/wordpress\/wp-content\/uploads\/2017\/10\/55-3.jpg\" target=\"_blank\" rel=\"noopener noreferrer\"><img loading=\"lazy\" decoding=\"async\" class=\"alignright wp-image-3525\" src=\"http:\/\/www.slim2009.cz\/wordpress\/wp-content\/uploads\/2017\/10\/55-3.jpg\" alt=\"55\" width=\"288\" height=\"162\" \/><\/a>Buk\u00f3wce kufrujeme, vrac\u00edme se rad\u0161i na hlavn\u00ed a ma\u017eeme jako v\u00edtr, p\u0159es Lubawku do Chelmska. Z Chelmska cesta stoup\u00e1, a\u017e do Libn\u00fd. Smr\u00e1k\u00e1 se, je chladno, na\u0161t\u011bst\u00ed to m\u00e1me do kempu, jenom p\u00e1r kil\u00e1k\u016f. To \u017ee jedeme z kopce, zimu jenom zv\u011bt\u0161uje. Zdo\u0148ovem fr\u010d\u00edme s v\u011btrem o z\u00e1vod. Kone\u010dn\u011b jsme po celkem 77kilometrech v Bajkokempu Bu\u010dnice. Fasujeme prost\u011bradla, kl\u00ed\u010de a chatku s kosou. Vyt\u00e1p\u011bn\u00ed si mus\u00edme po\u0159\u00eddit v putyce. Zahazujeme bajky dovnit\u0159, hygienu odkl\u00e1d\u00e1me na neur\u010dito a opou\u0161t\u00edme Bajkonur. U vstupu do skal jsou t\u0159i restaurace, Orl\u00edk, Pod Ozv\u011bnou a Severka. Orl\u00edk i Ozv\u011bna zav\u0159en\u00e1, jdeme teda do Severky. Obsazujeme nejv\u011bt\u0161\u00ed st\u016fl. Objedn\u00e1v\u00e1me si pivko, pol\u00edvku a j\u00eddlo. J\u00eddlo nosej odn\u011bkud z venku, tak\u017ee tal\u00ed\u0159e i p\u0159\u00edbory jsou studen\u00fd. Nav\u00edc, nech\u00e1vaj imrv\u00e9re otev\u0159en\u00fd dve\u0159e ven. Po j\u00eddle chceme objednat dal\u0161\u00ed pivko, ale \u017ee prej do\u0161lo. To si d\u011blaj pr..el?!! Ned\u011blaj. U\u017e se skoro chyst\u00e1me jinam, kdy\u017e\u2026 rychl\u00e1 z\u00e1chrann\u00e1 p\u0159iv\u00e1\u017e\u00ed v\u00e1rku nov\u00fdho. Rozj\u00ed\u017ed\u00ed se znova z\u00e1bava. Je n\u00e1m zima, obsluha vyvrzala teplo. Shodou okolnost\u00ed <a href=\"http:\/\/www.slim2009.cz\/wordpress\/wp-content\/uploads\/2017\/10\/90-3.jpg\" target=\"_blank\" rel=\"noopener noreferrer\"><img loading=\"lazy\" decoding=\"async\" class=\"alignleft wp-image-3528\" src=\"http:\/\/www.slim2009.cz\/wordpress\/wp-content\/uploads\/2017\/10\/90-3.jpg\" alt=\"90\" width=\"288\" height=\"162\" \/><\/a>m\u00e1me vlastn\u00edho topi\u010de a ten rozt\u00e1p\u00ed znova krb. \u0160teluje vzduchovody, zau\u010duje obsluhu, kterak udr\u017eovati rodinn\u00fd krb. Serv\u00edrce slibuju uk\u00e1zat kouzlo. Objedn\u00e1v\u00e1m si t\u0159i zrnka kafe, cukr a RUM. Vkl\u00e1d\u00e1m zrnka do \u00fast, melu hubou, dokud nen\u00ed kafe umlet\u00fd, sypu k n\u011bmu cukr a za st\u00e1l\u00fdho mlet\u00ed, do sebe kopu RUM. Serv\u00edrka \u010dum\u00ed, jak um\u00ed. Koks\u00e1k je ve mn\u011b. Repete! Ostatn\u00ed, propadaj Koks\u00e1kom\u00e1nii, jen\u017ee ouha! RUM do\u0161el!?!!! Za n\u011bkolik dlouh\u00fdch minut se objevuje serv\u00edrka s novou fla\u0161kou. Prej ve skladu byla. No, mo\u017en\u00e1 obrala bezdomovce pod mostem :-). Bav\u00edme se n\u00e1ramn\u011b. N\u011bkdy mezi 18tou a 24tou plat\u00edme a jdeme klepat kosu. Le\u017e\u00edme, top\u00edme, kdy\u017e se najednou Martin zvednul. Pavel po\u017eadoval vysv\u011btlen\u00ed jeho kon\u00e1n\u00ed. Du dom\u016f, d\u011bl, r\u00e1no si v\u00e1s vyzvednu a zmizel ve tm\u011b. Na\u0161t\u011bst\u00ed se po chv\u00edli vr\u00e1til, hygienicky o\u0161et\u0159en a znova ulehnul. Probouz\u00edme se za sv\u011btla a v\u00e1hav\u011b opou\u0161t\u00edme teplou deku. Ti odv\u00e1\u017en\u011bj\u0161\u00ed, vykon\u00e1vaj rannnnn\u00ed\u00ed\u00ed\u00ed\u00ed hygo\u0161ku. My ostatn\u00ed se p\u0159ipravujeme. Po p\u0159ed\u00e1n\u00ed lo\u017en\u00edho pr\u00e1dla, nased\u00e1me na bajky a jedeme sn\u00eddat. Ouha! N\u011bco nen\u00ed jak m\u00e1 bejt. Prdele jsou osezen\u00fd. P\u0159\u00ed\u0161t\u011b mus\u00edme zkr\u00e1tit pobyt v restauraci, ty \u017eidle jsou dost tvrd\u00fd :-). Luk\u00e1\u0161 se za\u010dal sh\u00e1n\u011bt po vlakov\u00fdm n\u00e1dra\u017e\u00ed. Trudomyslnost! To n\u00e1m je\u0161t\u011b sch\u00e1zelo. Kdyby sme m\u011bli m\u00ed\u010d, pinkli bysme si a bylo by po n\u00ed. Po sn\u00eddani se to snad zlep\u0161\u00ed. V Teplic\u00edch na n\u00e1m\u011bst\u00ed <a href=\"http:\/\/www.slim2009.cz\/wordpress\/wp-content\/uploads\/2017\/10\/95-3.jpg\" target=\"_blank\" rel=\"noopener noreferrer\"><img loading=\"lazy\" decoding=\"async\" class=\"alignright wp-image-3529\" src=\"http:\/\/www.slim2009.cz\/wordpress\/wp-content\/uploads\/2017\/10\/95-3.jpg\" alt=\"95\" width=\"288\" height=\"162\" \/><\/a>vyhled\u00e1v\u00e1me bistro. Kucha\u0159 je prej na h\u0159i\u0161ti, tak n\u00e1s v\u011bt\u0161ina jede tam. V hosp\u016fdce na h\u0159i\u0161ti si d\u00e1v\u00e1me p\u00e1rky, nebo klob\u00e1sku a \u010daj. Posn\u00eddali sme, ale Luk\u00e1\u0161ova trudomyslnost nemiz\u00ed. Nezbejv\u00e1, ne\u017e ty jeho pindy ignorovat a cestu k n\u00e1dra\u017e\u00ed, mu prost\u011b neuk\u00e1\u017eeme. Jedeme k Bi\u0161\u00edku, snad ho 3kilometrovej stoupa\u010dek vyl\u00e9\u010d\u00ed. Po t\u0159ech kilometrech jsme naho\u0159e. D\u00e1l se vyd\u00e1v\u00e1me kolem \u010c\u00e1pu nad Janovice. Skrz pastviny s ko\u0148ma sj\u00ed\u017ed\u00edme do Janovic. Kolem n\u00e1dra\u017e\u00ed a kolej\u00ed odj\u00ed\u017ed\u00edme k lesu po \u010derven\u00fd zna\u010dce. Zna\u010dka se n\u00e1m n\u011bkam tajn\u011b uhnula a my byli ztraceni. Ale kr\u00e1sn\u011b ztracen\u00ed. U P\u0159edn\u00edho hradi\u0161t\u011b se spou\u0161t\u00edme na ni\u017e\u0161\u00ed et\u00e1\u017e a lesn\u00ed cestou jedeme k h\u00e1jovn\u011b. Kolem jsou poh\u00e1zen\u00fd obrovsk\u00fd kameny, pr\u016fsekama je vid\u011bt na Jest\u0159ebky. Sj\u00ed\u017ed\u00edme k h\u00e1jovn\u011b a do Chval\u010de. Po silnici p\u0159ekon\u00e1v\u00e1me poslen\u00ed kilometry do Trutnova. Na ob\u011bd se zastavujeme u Ku\u010der\u016f. Po ob\u011bd\u011b rozpou\u0161t\u00edme formaci. Tom\u00e1\u0161, J\u00e1 a Pavel jedeme pod\u00e9l \u00dapy. Pavel jede do Dvora po ose. Zbytek v\u00fdpravy jede s Martinem k n\u011bmu pro auta a taky dom\u016f. Tak se skon\u010dila po 113ti kilometrech leto\u0161n\u00ed cesta kolem sv\u011bta.<\/p>\n<p>Fotky a videa jsou <a href=\"http:\/\/www.slim2009.cz\/photo\/#\/shared_space\/folder\/12?_k=yctp4c\" target=\"_blank\" rel=\"noopener noreferrer\">tady.<\/a><\/p>\n","protected":false},"excerpt":{"rendered":"<p>Zakon\u010den\u00ed bajkersk\u00fd sez\u00f3ny, se slu\u0161\u00ed a pat\u0159\u00ed. Tak se i stalo. Sta\u010dilo vybrat den a po\u010das\u00ed. Nejvhodn\u011bj\u0161\u00edm dnem se jevila sobota 30.9. a ned\u011ble 1.10. Po\u010das\u00ed &#8211; slune\u010dno a v\u011btrno. V\u00fdzva na GezichtBuchu, byla v\u010das p\u0159ip\u00edchnut\u00e1, n\u00e1vrhy trasy taky a &hellip; <a href=\"https:\/\/www.slim2009.cz\/wordpress\/crnci\/cesta-kolem-sveta\/\">Cel\u00fd p\u0159\u00edsp\u011bvek <span class=\"meta-nav\">&rarr;<\/span><\/a><\/p>\n","protected":false},"author":1,"featured_media":0,"parent":4493,"menu_order":3,"comment_status":"closed","ping_status":"closed","template":"","meta":{"footnotes":""},"class_list":["post-3522","page","type-page","status-publish","hentry"],"_links":{"self":[{"href":"https:\/\/www.slim2009.cz\/wordpress\/wp-json\/wp\/v2\/pages\/3522","targetHints":{"allow":["GET"]}}],"collection":[{"href":"https:\/\/www.slim2009.cz\/wordpress\/wp-json\/wp\/v2\/pages"}],"about":[{"href":"https:\/\/www.slim2009.cz\/wordpress\/wp-json\/wp\/v2\/types\/page"}],"author":[{"embeddable":true,"href":"https:\/\/www.slim2009.cz\/wordpress\/wp-json\/wp\/v2\/users\/1"}],"replies":[{"embeddable":true,"href":"https:\/\/www.slim2009.cz\/wordpress\/wp-json\/wp\/v2\/comments?post=3522"}],"version-history":[{"count":0,"href":"https:\/\/www.slim2009.cz\/wordpress\/wp-json\/wp\/v2\/pages\/3522\/revisions"}],"up":[{"embeddable":true,"href":"https:\/\/www.slim2009.cz\/wordpress\/wp-json\/wp\/v2\/pages\/4493"}],"wp:attachment":[{"href":"https:\/\/www.slim2009.cz\/wordpress\/wp-json\/wp\/v2\/media?parent=3522"}],"curies":[{"name":"wp","href":"https:\/\/api.w.org\/{rel}","templated":true}]}}