{"id":3500,"date":"2017-10-06T18:50:01","date_gmt":"2017-10-06T17:50:01","guid":{"rendered":"http:\/\/188.120.214.195\/?page_id=3500"},"modified":"2025-10-28T09:32:38","modified_gmt":"2025-10-28T08:32:38","slug":"ceskym-waldem-2017","status":"publish","type":"page","link":"https:\/\/www.slim2009.cz\/wordpress\/archivalie\/archiv-vandry\/ceskym-waldem-2017\/","title":{"rendered":"\u010cesk\u00fdm Waldem 2017"},"content":{"rendered":"<p>.Z\u00e1\u0159ijovej vandr, vedl na\u0161e kroky na z\u00e1pad. Konkr\u00e9tn\u011b do prostoru od Chebu k\u00a0Tachovu. Na takovou d\u00e1lku je nutn\u00fd si p\u0159ivstat a vyrazit brzo. Sentick\u00e1 skupina, ve slo\u017een\u00ed Sam a Mluvka ( N\u011bmej je prej pro\u0148 h\u00f3gof\u00f3go a nel\u00edb\u00ed se mu ), vst\u00e1vala o t\u0159et\u00ed r\u00e1no, aby se vozidlem \u201e\u0161koda pen\u011bz\u201c \u0159\u00edzenou, maminou, dcerou, snachou, man\u017eelkou a nedej b\u00f3\u017ee babi\u010dkou, p\u0159ibl\u00ed\u017eili ke \u0160tatlu Hl.n., kde je pohltil \u201eHokajf\u00f3n Rx 874\u201c,\u00a0 ajznb\u00f3nama zvanej, RegioPanther. Skupina Trutnov si zat\u00edm je\u0161t\u011b hodinu pospala, ale ve \u010dty\u0159i, na\u0148 taky do\u0161lo. <a href=\"http:\/\/www.slim2009.cz\/wordpress\/wp-content\/uploads\/2017\/10\/IMG_9350d-3.jpg\" target=\"_blank\" rel=\"noopener\"><img loading=\"lazy\" decoding=\"async\" class=\"alignright wp-image-3502\" src=\"http:\/\/www.slim2009.cz\/wordpress\/wp-content\/uploads\/2017\/10\/IMG_9350d-3.jpg\" alt=\"IMG_9350d\" width=\"288\" height=\"162\" \/><\/a>Hromadnou popravou k\u00a0n\u00e1dra\u017e\u00ed a p\u0159esn\u011b v\u00a05:07, odjezd \u0160ukaf\u00f3nem do Jarom\u011b\u0159e. P\u0159eskok na rychlik do \u201ePern\u00edkova\u201c a p\u0159istoupit do Rx 874 Rudolf T\u011bsnohl\u00eddek, \u201eHokajf\u00f3n\u201c vy\u0161\u0161\u00ed kvality. Sme teda t\u0159i a mast\u00edme si to sm\u011br Praha Hl.n. k\u00a0Rx 764 Kyn\u017evart do Egeru. V\u0161echno klape, a\u017e na to, \u017ee pra\u017ece u\u017e ned\u011blej tad\u00e1, tad\u00e1,\u00a0\u00a0\u00a0 , tad\u00e1,tad\u00e1, an\u00fdbr\u017e sou glajzy sva\u0159ovan\u00fd a rovn\u00fd. N\u00e1\u0161 vlak, teda d\u011bl\u00e1 jenom \u0161\u0161\u0161\u0161\u0161\u0161\u0161 a \u0161vist\u00ed k\u00a0Egerlandu. \u0160varn\u00e1 posluhova\u010dka v\u00a0uniform\u011b \u010cD, s\u00a0vozej\u010dkem pln\u00fdm \u010daj\u016f, kafat a \u0161unkosejrov\u00fdch z\u00e1kusk\u016f, mi d\u011bl\u00e1 nemravn\u00fd n\u00e1vrhy a jsa oslabenej rann\u00edm vst\u00e1v\u00e1n\u00edm, j\u00ed podleh\u00e1m, p\u0159i\u010dm\u017e m\u011b zn\u00e1sil\u0148uje jedn\u00edm \u010dern\u00fdm \u010dajem se \u0161unkov\u00fdm \u0161tr\u016fdlem. Lehkomysln\u011b, ji za to d\u00e1m i zpropitn\u00fd. Ne\u017e jsme se nad\u00e1li, je tu o p\u016fl dvan\u00e1ct\u00fd Cheb. Ve v\u00fdpravn\u00ed budov\u011b si kupujeme j\u00edzdenku do Lipov\u00fd, rohl\u00edky, bagetu a jdeme naj\u00edt Os 7377 k\u00a0druh\u00fdmu n\u00e1stupi\u0161ti. Region\u00e1ln\u00ed \u017eralok (RegioShark), n\u00e1s slupnul, ale po dvou stanic\u00edch n\u00e1s na znamen\u00ed, vyplivnul v\u00a0Lipov\u00fd u Chebu. Putov\u00e1n\u00ed Egerlandem, m\u016f\u017ee za\u010d\u00edt. Ur\u010dujeme sm\u011br a po \u017elut\u00fd m\u00ed\u0159\u00edme z\u00a0Lindenhau do Taubrath, neboli Doubravy. Je to obec s ojedin\u011ble zachovan\u00fdma hr\u00e1zd\u011bn\u00fdma statkama tzv. Chebsk\u00fdho typu. Nejstar\u0161\u00ed je z\u00a0roku 1751. V\u00a0soukrom\u00fdm m\u016fzeu, fasujeme pap\u00edrov\u00fdho pr\u016fvodce a prohl\u00ed\u017e\u00edme si to. Na z\u00e1v\u011br prohl\u00eddky, jim pln\u00edm senkrovnu <a href=\"http:\/\/www.slim2009.cz\/wordpress\/wp-content\/uploads\/2017\/10\/IMG_9392-3.jpg\" target=\"_blank\" rel=\"noopener\"><img loading=\"lazy\" decoding=\"async\" class=\"alignleft wp-image-3503\" src=\"http:\/\/www.slim2009.cz\/wordpress\/wp-content\/uploads\/2017\/10\/IMG_9392-3.jpg\" alt=\"IMG_9392\" width=\"288\" height=\"192\" \/><\/a>datama a zvy\u0161ujeme jejich \u00fa\u010det, za vodn\u00fd, pln\u00edce \u010dutory vodou, na\u010de\u017e miz\u00edme do pol\u00ed, mimo civilizaci. Stebnickej potok p\u0159ekra\u010dujeme v\u00a0m\u00edst\u011b bejval\u00fdho Doubravsk\u00fdho mlejna a od krav zaminovanou loukou, se dost\u00e1v\u00e1me k sotva 600metr\u016f vzd\u00e1len\u00fdm zbytk\u016fm Pali\u010dsk\u00fdho mlejna, taky zlikvidovan\u00fdho po roce 45. Po n\u011bkolika stech metrech od Pali\u010de, si na lavi\u010dce u zast\u0159e\u0161en\u00fdho pramene, d\u00e1v\u00e1me sva\u010dinku. Fot\u00edm d\u0159evokazn\u00fd huby na pa\u0159ezu, netu\u0161\u00edc, \u017ee jen za n\u011bkolik minut, vypukne houba\u0159sk\u00e1 encyklopedie in natura. Po sva\u010dince, se \u0161inem proti proudu Stebnice, kdy\u017e tu najednou: \u201e?!\u201c. Houba jako hrom???! A Dal\u0161\u00ed, a dal\u0161\u00ed, a dal\u0161\u00ed \u2026\u2026\u2026. V\u0161ude kolem atlas hub. Po po\u010d\u00e1te\u010dn\u00edm nad\u0161en\u00ed a sb\u00edr\u00e1n\u00ed v\u0161eho, v\u0161echno krom kov\u00e1\u0159\u016f a prav\u00e1k\u016f, zahazujeme. Bereme si jen p\u00e1r kousk\u016f na ve\u010de\u0159i, ostatn\u00ed nech\u00e1v\u00e1me d\u00e1l r\u016fst. Mezi houba\u0159en\u00edm se zastavujeme u Kyseleck\u00fdho pramene, svini kaj\u00edc\u00ed kyselkou, vyv\u011braj\u00edc\u00ed ze zem\u011b. Je to prvn\u00ed kyselka, co se d\u00e1 p\u00edt. Nesmrd\u00ed a nejsou v\u00a0n\u00ed rozpu\u0161t\u011bn\u00fd h\u0159eb\u00edky. Za to, je v\u00a0n\u00ed lithium, tak\u017ee by se z\u00a0n\u00ed asi, daly vyr\u00e1b\u011bt baterky do aut i mobil\u016f :-). \u00dadajn\u011b, je dobr\u00e1 na l\u00e9\u010den\u00ed \u017ealude\u010dn\u00edch v\u0159ed\u016f. Nemaje v\u0159ed\u016f, dop\u00edj\u00edme a p\u00e1\u010d m\u00e1me dobito, jdeme stoup\u00e1n\u00edm kolem zbytk\u016f Bukov\u00fdho domu, koz\u00e1ka, kaprad\u00ed k\u00a0ruin\u00e1m dal\u0161\u00edho, tentokr\u00e1t Bukovinsk\u00fdho mlejna. N\u011bj\u00e1k se zamot\u00e1v\u00e1me do spleti PS\u00e1ckejch sign\u00e1lek a jdeme trochu, upln\u011b jinam. V\u00a0posledn\u00ed moment napravujeme chybu. Spojovac\u00ed poln\u00ed cestou, nach\u00e1z\u00edme spr\u00e1vnej sm\u011br do bejval\u00fd vsi Old\u0159ichov. V\u00a0t\u00fdhle oblasti, je v\u0161echno <a href=\"http:\/\/www.slim2009.cz\/wordpress\/wp-content\/uploads\/2017\/10\/IMG_9443b-3.jpg\" target=\"_blank\" rel=\"noopener\"><img loading=\"lazy\" decoding=\"async\" class=\"alignright wp-image-3504\" src=\"http:\/\/www.slim2009.cz\/wordpress\/wp-content\/uploads\/2017\/10\/IMG_9443b-3.jpg\" alt=\"IMG_9443b\" width=\"288\" height=\"162\" \/><\/a>tak n\u011bj\u00e1k bejval\u00fd. Kv\u016fli \u017eelezn\u00fd opon\u011b, byly vesnice pobl\u00ed\u017e hranice, srovnan\u00fd se zem\u00ed. D\u00e1vno, u\u017e zmizela i \u017eelezn\u00e1 opona. Asi ji bezdomovci dali do \u0161rotu :-). U Od\u0159ichovsk\u00fdho rybn\u00edka, shazujeme b\u00e1gly. V\u00a0tr\u00e1v\u011b se mihla je\u0161t\u011brka. Pron\u00e1sleduju ji objekt\u00edvem, jen\u017ee vona m\u00e1 na paparazzi p\u0159ipravenou fintu. \u0160ups do skr\u00fd\u0161e. Old\u0159ichov st\u00e1val na \u00fapat\u00ed kopce Dyle\u0148. Kontrolujeme mapu a vyd\u00e1v\u00e1me se k\u00a0Chat\u011b na Dyleni. Na jeden a p\u016fl kilometrech, vystoup\u00e1me o 180 metr\u016f vej\u0161. Z\u00a0chaty, kam p\u0159ed v\u00e1lkou chodily z\u00e1stupy turist\u016f, zbylo p\u00e1r rozvalin, kterejma profukuje silnej v\u00edtr. Na span\u00ed teda nevhodn\u00fd i proto, \u017ee kolem, je to sam\u00e1 naklon\u011bn\u00e1 rovina. V\u00a0posledn\u00ed vte\u0159in\u011b dne, nach\u00e1z\u00edme hotel krmelec. Na podlaze rozbalujeme span\u00ed, venku za krmelcem na ohni\u0161ti, klohn\u00edme ve\u010de\u0159i z\u00a0hub, le\u010da a \u0161pek\u00e1\u010dk\u016f. Vo p\u016fl vosm\u00fd, je tma. Zalejz\u00e1me do spac\u00e1k\u016f, ani moc ne\u017evan\u00edme a sp\u00edme. Prkna jedny blb\u00fd, tla\u010dej do zad, ikdy\u017e sou hoblovan\u00fd :-). Hlavn\u011b, \u017ee nefu\u010d\u00e1. Zhruba po deseti hodin\u00e1ch vst\u00e1v\u00e1me. Na voh\u00fdnku va\u0159\u00edme \u010daj, k\u00a0n\u011bmu p\u0159ikusujeme chleba se sal\u00e1mem a tatrankama. Najeden\u00fd a zabalen\u00fd, opou\u0161t\u00edme krmelec. Po \u010d\u00e1\u0159e m\u00ed\u0159\u00edme ke st\u0159edu evropy. Nejd\u0159\u00edv se zastavujeme u K\u00f6nigsteinu. V roce 1813 Napoleon II. \/syn Napoleona Bonaparta\/ nechal v souvislosti s v\u00fdstavbou silnic v Evrop\u011b hledat st\u0159ed Evropy a p\u0159i t\u00e9to ud\u00e1losti mu byl na k\u00e1men vytes\u00e1n letopo\u010det 18N13. Dal\u0161\u00ed na kameni vytesan\u00fd letopo\u010det 1844 p\u0159ipom\u00edn\u00e1 rok, kdy se ust\u00e1lila hranice mezi \u010cesk\u00fdm kr\u00e1lovstv\u00edm a Bavorskem. U \u010dern\u00e9ho hrani\u010dn\u00edho k\u0159\u00ed\u017eku vpravo je vytesan\u00e1 \u0161ipka, kter\u00e1 \u00fadajn\u011b ukazuje sm\u011br na spole\u010dnou <a href=\"http:\/\/www.slim2009.cz\/wordpress\/wp-content\/uploads\/2017\/10\/IMG_9549-3.jpg\" target=\"_blank\" rel=\"noopener\"><img loading=\"lazy\" decoding=\"async\" class=\"alignleft wp-image-3505\" src=\"http:\/\/www.slim2009.cz\/wordpress\/wp-content\/uploads\/2017\/10\/IMG_9549-3.jpg\" alt=\"IMG_9549\" width=\"164\" height=\"246\" \/><\/a>Hrani\u010dn\u00ed cestu, kterou prob\u00edh\u00e1 st\u00e1tn\u00ed hranice. Kousek d\u00e1l zhruba po kilometru je zmi\u0148ovanej st\u0159ed Evropy. \u017dulov\u00fd patn\u00edk s n\u00e1pisem Mittelpunkt Europas, kter\u00fd je replikou p\u016fvodn\u00edho trigonometrick\u00e9ho kamene, jej\u017e na vrcholku Dylen\u011b vzty\u010dili v roce 1865 rakou\u0161t\u00ed arm\u00e1dn\u00ed geomet\u0159i. Co se stalo s t\u00edm p\u016fvodn\u00edm kamenem, nen\u00ed \u00fapln\u011b jist\u00e9 (u\u017e v roce 1934 byl p\u0159i nov\u00fdch geografick\u00fdch m\u011b\u0159en\u00edch p\u0159ekryt \u010d\u00e1ste\u010dn\u011b zeminou), ten dne\u0161n\u00ed stoj\u00ed u\u017e v N\u011bmecku, necel\u00fdch dvacet metr\u016f od hranic, a byl sem um\u00edst\u011bn v roce 1985. Od st\u0159edu Evropy se vrac\u00edme k\u00a0zelen\u00fd zna\u010dce. Nasazujeme b\u00e1gly a rozv\u00e1\u017en\u011b stoup\u00e1me k\u00a0vrcholu kopce Dyle\u0148. U\u017e kr\u00e1tce po nasezen\u00ed b\u00e1gl\u016f, za\u010d\u00edn\u00e1 kapat. Vrchol kopce m\u00edj\u00edme v\u00a0docela slu\u0161n\u00fdm mrholen\u00ed. Na druh\u00fd stran\u011b kopce na rozcest\u00ed cest, stoj\u00ed docela nov\u00e1, ale zam\u010den\u00e1 odpr\u00e1sk\u00e1v\u00e1rna. Zalejz\u00e1me pod n\u00ed, ale od de\u0161t\u011b to nepom\u00e1h\u00e1, p\u00e1\u010d fouk\u00e1. Mezi stojinama, nach\u00e1z\u00edm kl\u00ed\u010dek. Beru ho a lezu i s\u00a0b\u00e1glem nahoru. Kl\u00ed\u010dek pasuje, tak\u017ee v\u0161ichni t\u0159i zalejz\u00e1me dovnit\u0159. Je tady jedna \u017eidle, molitany a p\u011bt plechovek plzn\u011b. Asi tak hodinu se kr\u010d\u00edme, p\u0159\u00edjemn\u011b si vyt\u00e1p\u00edme prostor 3x 100watty. Nakonec p\u0159est\u00e1v\u00e1 pr\u0161et. Slejz\u00e1me, kl\u00ed\u010dek vrac\u00edm na m\u00edsto a odch\u00e1z\u00edme sm\u011brem Slatina. A\u017e na pomn\u00edk ob\u011btem v\u00e1lek, tady nen\u00ed nic. Dokonce ani uranovej d\u016fl. Na louce stojej jen sloupy vysok\u00fdho, bez dr\u00e1t\u016f. U pramene dob\u00edr\u00e1me vodu a v\u00a0p\u0159\u00edst\u0159e\u0161ku ob\u011bdv\u00e1me. Pak se po sign\u00e1lce, lidupr\u00e1zdn\u00fdm p\u0159\u00edhrani\u010d\u00edm vyd\u00e1v\u00e1me d\u00e1l. Asfaltka m\u00edstama pomalu zar\u016fst\u00e1, stejn\u011b tak izol\u00e1tory, ze zbouran\u00fd opony. Ka\u017edou chv\u00edli m\u00edj\u00edme odpr\u00e1sk\u00e1v\u00e1rny lovc\u016f, ale jinak nic. Pozd\u011b odpoledne p\u0159ech\u00e1z\u00edme mezin\u00e1rodn\u00ed silnici \u010d\u00edslo 201 a jdeme k\u00a0V\u00fd\u0161in\u011b vz\u00e1len\u00fd zhruba 4kil\u00e1ky. Na V\u00fd\u0161in\u011b, nebo taky Jest\u0159\u00e1b\u00edm vrchu, st\u00e1la rota radiotechnick\u00fdho boje. Po voj\u00e1c\u00edch zbylo p\u00e1r, dneska zdevastovan\u00fdch budov. V\u00a0bejval\u00fdch gar\u00e1\u017e\u00edch, zbudov\u00e1v\u00e1me le\u017een\u00ed a to d\u011bl\u00e1me dob\u0159e. Oh\u00fdnek rozd\u011bl\u00e1v\u00e1me v\u00a0z\u00e1v\u011bt\u0159\u00ed za sloupem. Po ve\u010de\u0159i a setm\u011bn\u00ed uleh\u00e1me na chvoj\u00edm vystlan\u00fd postele. Spou\u0161t\u00ed se lij\u00e1k. Na\u0161t\u011bst\u00ed m\u00e1me nad sebou st\u0159echu. Nep\u0159est\u00e1v\u00e1 lejt a leje a leje. R\u00e1no furt pr\u0161\u00ed,<a href=\"http:\/\/www.slim2009.cz\/wordpress\/wp-content\/uploads\/2017\/10\/IMG_9666-3.jpg\" target=\"_blank\" rel=\"noopener\"><img loading=\"lazy\" decoding=\"async\" class=\"alignright wp-image-3506\" src=\"http:\/\/www.slim2009.cz\/wordpress\/wp-content\/uploads\/2017\/10\/IMG_9666-3.jpg\" alt=\"IMG_9666\" width=\"288\" height=\"192\" \/><\/a> a\u017e leje. Pomalu si bal\u00edme, na oh\u00fdnku va\u0159\u00edme \u010daj, sn\u00edd\u00e1me. Po sn\u00eddani, i p\u0159es d\u00e9\u0161\u0165, vyr\u00e1\u017e\u00edme na cestu. Jdeme zase po sign\u00e1lce. Cestu lemujou houby, izol\u00e1tory a t\u011b\u017ea\u0159i. P\u0159ech\u00e1z\u00edme M\u017ei a u\u017e m\u017e\u00ed o trochu m\u00ed\u0148. U krmelce, bez krmelce odpo\u010d\u00edv\u00e1me. Asfaltka pro n\u00e1s kon\u010d\u00ed. K\u00a0Hrani\u010dn\u00fd se pl\u00e1c\u00e1me bl\u00e1tem a tr\u00e1vou zarostlou cestou. U Hrani\u010dn\u00ed fouk\u00e1 z\u00a0Bavor studenej v\u00edtr. Chvilku si prohl\u00ed\u017e\u00edme zbytky zvl\u00e1\u0161tn\u00edho za\u0159\u00edzen\u00ed, pro ostrahu hranic z\u00a0roku 1938 a pomn\u00edk \u010detnick\u00fdho str\u00e1\u017emistra Ladislava Mr\u00e1ze. Lesem, pod\u00e9l louky jdeme k\u00a0V\u011btrovu. P\u0159\u00edzna\u010dnej n\u00e1zev. Dote\u010f mi v\u00a0tri\u010dku bylo jak\u0161, tak\u0161, ale te\u010f, u\u017e mi je kosa. Vytahuju bundu a schov\u00e1v\u00e1me se do p\u0159\u00edzemn\u00ed odpr\u00e1sk\u00e1v\u00e1rny. Je tak mal\u00e1 a n\u00edzk\u00e1, \u017ee to dlouho ve t\u0159ech nejde. Venku u\u017e nepr\u0161\u00ed, ale fouk\u00e1 nep\u0159\u00edjemnej v\u00edrt. Jdeme zase po rozpadaj\u00edc\u00ed se asfaltce, tentokr\u00e1t mezi pastvinama. Asi po kilometru, zjistil Sam, \u017ee nem\u00e1 mapy. Z\u016fstaly v\u00a0odpr\u00e1sk\u00e1v\u00e1rn\u011b. Odkl\u00e1d\u00e1 b\u00e1gl ke stromu a mast\u00ed to zp\u00e1tky, pro mapy. Po n\u00e1vratu pokra\u010dujeme d\u00e1l. P\u0159ed bejvalou obc\u00ed Pavl\u016fv Studenec, m\u00edj\u00edme h\u0159bitov a p\u0159ekra\u010dujeme silnici \u010d.199. P\u00e1r set metr\u016f za silnicej, vid\u00edme stopy bobra. Vlastn\u011b jeho otisky zub\u016f. Dokonce vid\u00edme i jeho hr\u00e1z. Za\u010d\u00edn\u00e1 zase pr\u0161et, tak se nezdr\u017eujeme. Zastavujeme se a\u017e u h\u00e1jovny N\u011bme\u010dek. Slu\u0161n\u011b leje, schov\u00e1v\u00e1me se pod buky, ale je to houby platn\u00fd. J\u00e1 va\u0159\u00edm \u010daj, Sam a N\u011bmej Mluvka, jdou k N\u011bme\u010dkovi pro vodu. Po rychl\u00fdm ob\u011bd\u011b, m\u00ed\u0159\u00edme k\u00a0Ostr\u016fvku. U Ostr\u016fvku u\u017e sice nepr\u0161\u00ed, ale Bejvalej z\u00e1me\u010dek, kterej se po revoluci zm\u011bnil <a href=\"http:\/\/www.slim2009.cz\/wordpress\/wp-content\/uploads\/2017\/10\/IMG_9804-3.jpg\" target=\"_blank\" rel=\"noopener\"><img loading=\"lazy\" decoding=\"async\" class=\"alignleft wp-image-3508\" src=\"http:\/\/www.slim2009.cz\/wordpress\/wp-content\/uploads\/2017\/10\/IMG_9804-3.jpg\" alt=\"IMG_9804\" width=\"288\" height=\"192\" \/><\/a>v\u00a0Restauraci, m\u00e1 zav\u0159eno. P\u0159i bli\u017e\u0161\u00ed prohl\u00eddce, je jasn\u00fd, \u017ee tady se sp\u00e1t nebude, proto\u017ee Ukrajinci vyv\u00e1\u017eej z\u00a0nitra su\u0165. V\u0161echno marn\u00fd, jdem teda k\u00a0\u0160elmberku, n\u011bco p\u0159es kilometr daleko. Obch\u00e1z\u00edme sk\u00e1ly a u jednoho p\u0159evisu si stav\u00edme p\u0159\u00edst\u0159e\u0161ek. Nos\u00edme mokr\u00fd d\u0159\u00edv\u00ed a po vy\u0161krt\u00e1n\u00ed 30ti sirek SOLO, se da\u0159\u00ed zap\u00e1lit tuhej l\u00edh, americkou pap\u00edrovou z\u00e1palkou. Va\u0159\u00edme si vydatnou ve\u010de\u0159i a \u010daj. Rad\u00edme se, co bude. Vzhledem k\u00a0nekon\u010d\u00edc\u00edmu de\u0161\u0165ov\u00e1n\u00ed, pojedeme zejtra dom\u016f. V\u00a0noci zase pr\u0161\u00ed a fu\u010d\u00ed v\u00edtr. Po nevaln\u00fdm span\u00ed se probouz\u00edme. Mlha se p\u0159evaluje sem a tam. Bal\u00edme mokr\u00fd celty, ostatn\u00ed je celkem such\u00fd. Va\u0159\u00edme si \u010daj, sn\u00edd\u00e1me. Odch\u00e1z\u00edme ke Star\u00fd Kn\u00ed\u017eec\u00ed Huti. V\u00a0p\u0159\u00edst\u0159e\u0161ku u rybn\u00edka odpo\u010d\u00edv\u00e1me. Kolem p\u016fldes\u00e1t\u00fd, stoj\u00edme na ot\u00e1\u010dce autobusu. Ale co to, podle \u0159\u00e1du nic nejede. V\u017edy\u0165 by m\u011blo?!!! No jo, vona nen\u00ed sobota!!! Pl\u00e1novali jsme odjezd v\u00a0sobotu a dneska je p\u00e1tek. Fakra fajrajt, co budeme d\u011blat. U bar\u00e1ku se bav\u00ed d\u0159eva\u0159i nad lahv\u00ed piva. Sam se pt\u00e1, co by, kdyby. Jeden d\u0159eva\u0159 se uvoluje a za bak\u0161i\u0161 200K\u010d, n\u00e1s sv\u00fdm ter\u00e9\u0148\u00e1kem odv\u00e1\u017e\u00ed do Lesn\u00fd, odkud jede vytou\u017eenej autobus. Tady, se u obchodu zdrav\u00ed s\u00a0dal\u0161\u00edm piva\u0159em. Ten zachv\u00edli nased\u00e1 do sv\u00fdho werku \u0160koda pen\u011bz, ukl\u00e1d\u00e1 poloplnou lahev za seda\u010dky a odj\u00ed\u017ed\u00ed. \u010cas \u010dek\u00e1n\u00ed, vypl\u0148ujeme n\u00e1kupem sva\u010dinky v\u00a0superminim\u00e1rketu u \u0165onga. V\u010das p\u0159ij\u00ed\u017ed\u00ed n\u00e1\u0161 autobus a odv\u00e1\u017e\u00ed n\u00e1s do civilizace, do Tachova. Na vlakov\u00fdm n\u00e1dra\u017e\u00ed, \u010dek\u00e1me na vlak do Plan\u00fd u Mari\u00e1nek, kde p\u0159estupujeme na rychl\u00edk do Prahy. Vzhledem ke zpo\u017ed\u011bn\u00ed, se lou\u010d\u00edme v\u00a0b\u011bhu a ut\u00edk\u00e1me k\u00a0na\u0161im spoj\u016fm, do Ti\u0161nova a Trutnova. Tak se skon\u010dil vandr \u010cesk\u00fdm Waldem, konan\u00fdm od 12t\u00fdho do 15t\u00fdho z\u00e1\u0159\u00ed.<\/p>\n<p>&nbsp;<\/p>\n<p>Fotky a videa <a href=\"http:\/\/www.slim2009.cz\/photo\/#\/shared_space\/folder\/387?_k=t7wdex\" target=\"_blank\" rel=\"noopener\">zde.<\/a><\/p>\n<p>Kilometr\u00e1\u017e a vej\u0161kov\u00fd profily.\u00a0\u00a0\u00a0\u00a0\u00a0\u00a0\u00a0 <a href=\"http:\/\/www.slim2009.cz\/Prilohy\/CeskymWaldem2017\/CeskymWaldem2017_all.pdf\" target=\"_blank\" rel=\"noopener\">Cel\u00fd vandr<\/a>\u00a0\u00a0\u00a0\u00a0\u00a0\u00a0\u00a0\u00a0 <a href=\"http:\/\/www.slim2009.cz\/Prilohy\/CeskymWaldem2017\/CeskymWaldem2017_01.pdf\" target=\"_blank\" rel=\"noopener\">Den 01<\/a>\u00a0\u00a0\u00a0\u00a0\u00a0\u00a0\u00a0\u00a0 <a href=\"http:\/\/www.slim2009.cz\/Prilohy\/CeskymWaldem2017\/CeskymWaldem2017_02.pdf\" target=\"_blank\" rel=\"noopener\">Den 02<\/a>\u00a0\u00a0\u00a0\u00a0\u00a0\u00a0\u00a0\u00a0\u00a0 <a href=\"http:\/\/www.slim2009.cz\/Prilohy\/CeskymWaldem2017\/CeskymWaldem2017_03.pdf\" target=\"_blank\" rel=\"noopener\">Den 03<\/a>\u00a0\u00a0\u00a0\u00a0\u00a0\u00a0\u00a0\u00a0 <a href=\"http:\/\/www.slim2009.cz\/Prilohy\/CeskymWaldem2017\/CeskymWaldem2017_04.pdf\" target=\"_blank\" rel=\"noopener\">Den 04<\/a><\/p>\n<p>Origin\u00e1ln\u00ed itiner\u00e1\u0159 <a href=\"http:\/\/www.slim2009.cz\/Prilohy\/CeskymWaldem2017\/CeskymWaldem2017.pdf\" target=\"_blank\" rel=\"noopener\">tuhle.<\/a><\/p>\n<p>Video FHD ke sta\u017een\u00ed <a href=\"http:\/\/www.slim2009.cz\/Prilohy\/Videa\/Waldem2017.mp4\" target=\"_blank\" rel=\"noopener\">tady.<\/a><\/p>\n","protected":false},"excerpt":{"rendered":"<p>.Z\u00e1\u0159ijovej vandr, vedl na\u0161e kroky na z\u00e1pad. Konkr\u00e9tn\u011b do prostoru od Chebu k\u00a0Tachovu. Na takovou d\u00e1lku je nutn\u00fd si p\u0159ivstat a vyrazit brzo. Sentick\u00e1 skupina, ve slo\u017een\u00ed Sam a Mluvka ( N\u011bmej je prej pro\u0148 h\u00f3gof\u00f3go a nel\u00edb\u00ed se mu &hellip; <a href=\"https:\/\/www.slim2009.cz\/wordpress\/archivalie\/archiv-vandry\/ceskym-waldem-2017\/\">Cel\u00fd p\u0159\u00edsp\u011bvek <span class=\"meta-nav\">&rarr;<\/span><\/a><\/p>\n","protected":false},"author":1,"featured_media":0,"parent":5048,"menu_order":21,"comment_status":"closed","ping_status":"closed","template":"","meta":{"footnotes":""},"class_list":["post-3500","page","type-page","status-publish","hentry"],"_links":{"self":[{"href":"https:\/\/www.slim2009.cz\/wordpress\/wp-json\/wp\/v2\/pages\/3500","targetHints":{"allow":["GET"]}}],"collection":[{"href":"https:\/\/www.slim2009.cz\/wordpress\/wp-json\/wp\/v2\/pages"}],"about":[{"href":"https:\/\/www.slim2009.cz\/wordpress\/wp-json\/wp\/v2\/types\/page"}],"author":[{"embeddable":true,"href":"https:\/\/www.slim2009.cz\/wordpress\/wp-json\/wp\/v2\/users\/1"}],"replies":[{"embeddable":true,"href":"https:\/\/www.slim2009.cz\/wordpress\/wp-json\/wp\/v2\/comments?post=3500"}],"version-history":[{"count":1,"href":"https:\/\/www.slim2009.cz\/wordpress\/wp-json\/wp\/v2\/pages\/3500\/revisions"}],"predecessor-version":[{"id":6350,"href":"https:\/\/www.slim2009.cz\/wordpress\/wp-json\/wp\/v2\/pages\/3500\/revisions\/6350"}],"up":[{"embeddable":true,"href":"https:\/\/www.slim2009.cz\/wordpress\/wp-json\/wp\/v2\/pages\/5048"}],"wp:attachment":[{"href":"https:\/\/www.slim2009.cz\/wordpress\/wp-json\/wp\/v2\/media?parent=3500"}],"curies":[{"name":"wp","href":"https:\/\/api.w.org\/{rel}","templated":true}]}}